{"id":37793,"date":"2022-04-11T15:09:50","date_gmt":"2022-04-11T15:09:50","guid":{"rendered":"https:\/\/business.roovi.com\/terms-conditions\/"},"modified":"2022-07-06T08:09:56","modified_gmt":"2022-07-06T08:09:56","slug":"allgemeine-geschaftsbedingungen","status":"publish","type":"page","link":"https:\/\/business.roovi.com\/de\/allgemeine-geschaftsbedingungen\/","title":{"rendered":"Allgemeine Gesch\u00e4ftsbedingungen"},"content":{"rendered":"\n<h2 class=\"wp-block-heading\">1. Umfang der Anwendung<\/h2>\n\n\n\n<p>(1) Diese Gesch\u00e4ftsbedingungen gelten f\u00fcr die zwischen Ihnen und uns, D-Toys S.A., Str Constructorilor 2, Sf Gheorghe, Rum\u00e4nien 520077, vertreten durch den Gesch\u00e4ftsf\u00fchrer Alex Bute, \u00fcber diesen Online-Shop geschlossenen Vertr\u00e4ge, soweit nicht ausdr\u00fccklich etwas anderes in einer schriftlichen Vereinbarung zwischen Ihnen und uns vereinbart wurde. Abweichende oder entgegenstehende Bedingungen werden von uns nicht anerkannt, es sei denn, wir haben ihnen ausdr\u00fccklich zugestimmt.<\/p>\n\n\n\n<p>(2) \u00c4nderungen dieser Bedingungen werden Ihnen schriftlich, per Post oder per E-Mail mitgeteilt. Wenn Sie einer \u00c4nderung nicht innerhalb von zwei Wochen nach Erhalt der Mitteilung widersprechen, gelten die \u00c4nderungen als von Ihnen angenommen. Auf das Widerspruchsrecht und die Rechtsfolgen des Schweigens im Falle einer \u00c4nderung der Bedingungen werden Sie gesondert hingewiesen.<\/p>\n\n\n\n<h2 class=\"wp-block-heading\">2. Registrierung als Nutzer<\/h2>\n\n\n\n<p>(1) Ihre Registrierung in unserem Bestellsystem ist kostenlos. Ein Anspruch auf Zulassung zu unserem Bestellsystem besteht nicht. Nur unbeschr\u00e4nkt gesch\u00e4ftsf\u00e4hige Personen sind zur Teilnahme berechtigt. Auf unsere Aufforderung hin m\u00fcssen Sie uns eine Kopie Ihres Personalausweises zusenden oder Ihre Umsatzsteuer-Identifikationsnummer angeben und Ihre Registrierung dokumentieren. Die f\u00fcr die Registrierung erforderlichen Daten m\u00fcssen von Ihnen vollst\u00e4ndig und wahrheitsgem\u00e4\u00df angegeben werden. Bei der Registrierung w\u00e4hlen Sie ein Passwort. Sie sind verpflichtet, das Passwort geheim zu halten und es unter keinen Umst\u00e4nden an Dritte weiterzugeben.<\/p>\n\n\n\n<p>(2) Abgesehen von der Erkl\u00e4rung, dass Sie mit der Geltung dieser Allgemeinen Gesch\u00e4ftsbedingungen einverstanden sind, ist Ihre Registrierung mit keinerlei Verpflichtungen verbunden. Sie k\u00f6nnen Ihren Eintrag jederzeit l\u00f6schen, indem Sie eine E-Mail an sales@roovi.com senden. Allein durch Ihre Registrierung bei uns sind Sie in keiner Weise verpflichtet, eine der von uns angebotenen Waren zu kaufen.<\/p>\n\n\n\n<p>(3) Wenn sich Ihre pers\u00f6nlichen Daten \u00e4ndern, sind Sie selbst f\u00fcr deren Aktualisierung verantwortlich. Alle \u00c4nderungen m\u00fcssen uns schriftlich per E-Mail oder Brief mitgeteilt werden.<\/p>\n\n\n\n<h2 class=\"wp-block-heading\">3. Hinweise zur Datenverarbeitung<\/h2>\n\n\n\n<p>(1) In \u00dcbereinstimmung mit Art. 6 Abs. 1 lit. b GDPR erheben und verarbeiten wir personenbezogene Daten f\u00fcr die Durchf\u00fchrung eines Vertrages und bei der Er\u00f6ffnung eines Kundenkontos. Welche Daten erhoben werden, ist aus den jeweiligen Eingabeformularen ersichtlich. Die L\u00f6schung des Kundenkontos ist jederzeit m\u00f6glich und kann durch eine Nachricht an uns erfolgen. Wir speichern und verwenden die angegebenen Daten zum Zwecke der Vertragsabwicklung. Nach vollst\u00e4ndiger Abwicklung des Vertrages oder L\u00f6schung des Kundenkontos werden die Daten mit R\u00fccksicht auf steuer- und handelsrechtliche Aufbewahrungsfristen gesperrt und nach Ablauf dieser Fristen gel\u00f6scht, sofern Sie nicht ausdr\u00fccklich in die weitere Nutzung der Daten eingewilligt haben oder wir uns eine gesetzlich zul\u00e4ssige weitere Nutzung der Daten vorbehalten haben.<\/p>\n\n\n\n<p>(2) Zur Abwicklung Ihrer Bestellung arbeiten wir mit Dienstleistern zusammen, die uns ganz oder teilweise bei der Durchf\u00fchrung der geschlossenen Vertr\u00e4ge unterst\u00fctzen. Bestimmte personenbezogene Daten werden nach Ma\u00dfgabe der folgenden Informationen an diese Dienstleister weitergegeben. So werden beispielsweise die von uns erhobenen personenbezogenen Daten im Rahmen der Vertragsabwicklung an das mit der Lieferung beauftragte Transportunternehmen weitergegeben, soweit dies f\u00fcr die Lieferung der Ware erforderlich ist. Ihre Zahlungsdaten geben wir im Rahmen der Zahlungsabwicklung an das beauftragte Kreditinstitut weiter, soweit dies zur Zahlungsabwicklung erforderlich ist. Die Rechtsgrundlage f\u00fcr die Weitergabe der Daten ist Art. 6 Abs. 1 lit. b GDPR.<\/p>\n\n\n\n<p>(3) Wenn Sie sich f\u00fcr unseren E-Mail-Newsletter anmelden, senden wir Ihnen regelm\u00e4\u00dfig Informationen \u00fcber unsere Angebote zu. Mit der Anmeldung geben Sie uns Ihre Einwilligung zur Nutzung Ihrer personenbezogenen Daten gem\u00e4\u00df Art. 6 Abs. 1 lit. a GDPR. Wenn Sie sich f\u00fcr den Newsletter anmelden, speichern wir Ihre von Ihrem Internet Service Provider (ISP) angegebene IP-Adresse sowie das Datum und die Uhrzeit der Anmeldung, um einen eventuellen Missbrauch Ihrer E-Mail-Adresse zu einem sp\u00e4teren Zeitpunkt nachvollziehen zu k\u00f6nnen. Die von uns bei der Anmeldung zum Newsletter erhobenen Daten werden ausschlie\u00dflich dazu verwendet, Sie werblich \u00fcber den Newsletter anzusprechen. Sie k\u00f6nnen den Newsletter jederzeit \u00fcber den daf\u00fcr vorgesehenen Link im Newsletter oder durch eine entsprechende Nachricht an die eingangs genannte verantwortliche Person abbestellen. Nach der Abmeldung wird Ihre E-Mail-Adresse unverz\u00fcglich aus unserem Newsletter-Verteiler gel\u00f6scht, es sei denn, Sie haben in die weitere Nutzung Ihrer Daten ausdr\u00fccklich eingewilligt oder wir behalten uns eine dar\u00fcber hinausgehende Nutzung Ihrer Daten vor, die gesetzlich zul\u00e4ssig ist und \u00fcber die wir Sie in dieser Erkl\u00e4rung informieren.<\/p>\n\n\n\n<p>(4) Wenn Sie uns beim Kauf von Waren Ihre E-Mail-Adresse mitgeteilt haben, behalten wir uns vor, Ihnen regelm\u00e4\u00dfig Angebote f\u00fcr \u00e4hnliche Waren oder Dienstleistungen wie die bereits gekauften aus unserem Sortiment per E-Mail zuzusenden. Gem\u00e4\u00df \u00a7 7 (3) des Gesetzes gegen den unlauteren Wettbewerb (UWG) m\u00fcssen wir hierf\u00fcr keine gesonderte Einwilligung von Ihnen einholen. Die Datenverarbeitung erfolgt insoweit ausschlie\u00dflich auf der Grundlage unseres berechtigten Interesses an personalisierter Direktwerbung gem\u00e4\u00df Art. 6 Abs. 1 lit. f GDPR. Sie sind berechtigt, der Nutzung Ihrer E-Mail-Adresse zu dem vorgenannten Werbezweck jederzeit mit Wirkung f\u00fcr die Zukunft durch Mitteilung an uns zu widersprechen.<\/p>\n\n\n\n<h2 class=\"wp-block-heading\">4. Vertragsschluss, Vertragssprache<\/h2>\n\n\n\n<p>(1) Die Pr\u00e4sentation der Waren in unserem Online-Shop stellt kein rechtlich bindendes Angebot, sondern eine Aufforderung zur Bestellung dar (invitatio ad offerendum).<\/p>\n\n\n\n<p>(2) Durch Anklicken des Buttons &#8222;Zahlungspflichtig bestellen&#8220; im letzten Schritt des Bestellprozesses geben Sie ein verbindliches Angebot zum Kauf oder zur Buchung der in der Bestell\u00fcbersicht angezeigten Waren ab. Unmittelbar nach dem Absenden der Bestellung erhalten Sie eine Auftragsbest\u00e4tigung, die jedoch noch keine Annahme Ihres Vertragsangebots darstellt. Ein Vertrag zwischen Ihnen und uns kommt zustande, sobald wir Ihre Bestellung und\/oder Buchung mit einer separaten E-Mail annehmen oder die Ware versenden. Bitte \u00fcberpr\u00fcfen Sie regelm\u00e4\u00dfig den SPAM-Ordner Ihres E-Mail-Posteingangs.<\/p>\n\n\n\n<p>(3) Sie k\u00f6nnen in unserem Online-Shop Waren zum Kauf ausw\u00e4hlen, indem Sie diese durch Anklicken der entsprechenden Schaltfl\u00e4che in einen Warenkorb legen. Wenn Sie die Bestellung abschlie\u00dfen m\u00f6chten, gehen Sie zum Warenkorb, wo Sie durch den weiteren Bestellvorgang gef\u00fchrt werden. Nachdem Sie die Artikel im Warenkorb ausgew\u00e4hlt und im folgenden Schritt alle erforderlichen Bestell- und Adressdaten eingegeben haben, \u00f6ffnet sich durch Anklicken der Schaltfl\u00e4che &#8222;Weiter&#8220; eine Seite, auf der die wesentlichen Artikeldetails einschlie\u00dflich der anfallenden Kosten noch einmal zusammengefasst sind. Bis zu diesem Zeitpunkt k\u00f6nnen Sie Ihre Eingaben korrigieren oder von der Erkl\u00e4rung des Vertrags absehen. Erst durch das anschlie\u00dfende Bet\u00e4tigen der Schaltfl\u00e4che &#8222;Zahlungspflichtig bestellen&#8220; wird ein verbindliches Angebot im Sinne von Absatz 2 abgegeben.<\/p>\n\n\n\n<p>(4) Die f\u00fcr den Vertragsschluss vorgesehene Sprache ist Englisch oder Deutsch. \u00dcbersetzungen in andere Sprachen dienen nur zu Ihrer Information. Im Falle von Widerspr\u00fcchen zwischen dem englischen Text und der \u00dcbersetzung hat der englische Text Vorrang.<\/p>\n\n\n\n<h2 class=\"wp-block-heading\">5. Hinweis zur Berichtigung<\/h2>\n\n\n\n<p>Im Rahmen des Bestellvorgangs legen Sie zun\u00e4chst die gew\u00fcnschten Waren in den Warenkorb. Dort k\u00f6nnen Sie jederzeit die gew\u00fcnschte Anzahl von Artikeln \u00e4ndern oder ausgew\u00e4hlte Waren oder Dienstleistungen ganz entfernen. Wenn Sie Waren oder Dienstleistungen in den Warenkorb gelegt haben, gelangen Sie durch Klicken auf die Schaltfl\u00e4chen &#8222;Weiter&#8220; auf eine Seite, auf der Sie Ihre Daten eingeben k\u00f6nnen. Schlie\u00dflich wird eine \u00dcbersichtsseite ge\u00f6ffnet, auf der Sie Ihre Eingaben \u00fcberpr\u00fcfen k\u00f6nnen. Sie k\u00f6nnen Ihre Eingabefehler (z.B. bez\u00fcglich der Daten oder der gew\u00fcnschten Anzahl der Artikel) korrigieren, indem Sie im jeweiligen Feld auf &#8222;Bearbeiten&#8220; klicken. Wenn Sie den Bestellvorgang komplett abbrechen m\u00f6chten, k\u00f6nnen Sie einfach Ihr Browserfenster schlie\u00dfen. Andernfalls wird Ihre Erkl\u00e4rung nach Anklicken der Best\u00e4tigungsschaltfl\u00e4che &#8222;Zahlungspflichtig bestellen&#8220; verbindlich im Sinne von Ziffer 4, Absatz 2 dieser Allgemeinen Gesch\u00e4ftsbedingungen.<\/p>\n\n\n\n<h2 class=\"wp-block-heading\">6. Speicherung des Vertragstextes<\/h2>\n\n\n\n<p>Die Vertragsbestimmungen mit den Einzelheiten der bestellten Waren einschlie\u00dflich dieser Allgemeinen Gesch\u00e4ftsbedingungen und der Widerrufsbelehrung werden Ihnen mit der Annahme des Vertragsangebots oder mit der Benachrichtigung dar\u00fcber per E-Mail zugesandt. Wir speichern die Vertragsbestimmungen nicht.<\/p>\n\n\n\n<h2 class=\"wp-block-heading\">7. Zahlungsbedingungen<\/h2>\n\n\n\n<p>Der Kaufpreis ist sofort mit der Bestellung f\u00e4llig. Es gelten die mit Ihnen individuell vereinbarten Zahlungsbedingungen. Die Bezahlung der Ware erfolgt per Bank\u00fcberweisung oder \u00fcber unsere Zahlungsdienstleister.&nbsp;<\/p>\n\n\n\n<p>Bei Zahlungen \u00fcber Dritte, insbesondere im Rahmen von Delkredere-Vereinbarungen, gilt die Ware erst dann als bezahlt, wenn die Zahlung bei uns selbst eingegangen ist. Sind mehrere Rechnungen offen, so werden f\u00e4llige Zinszahlungen auf die jeweils \u00e4ltere Rechnung verrechnet. Skontoabz\u00fcge sind unzul\u00e4ssig.<\/p>\n\n\n\n<p>Mangels anderer Vereinbarungen erfolgt die Lieferung in europ\u00e4ische L\u00e4nder per &#8222;Kasse gegen Dokumente&#8220;, ohne jeden Abzug (netto &#8211; netto), in \u00dcbersee &#8211; nur gegen Vorauszahlung oder Akkreditiv gem\u00e4\u00df Proforma-Rechnung ohne jeden Abzug (netto &#8211; netto).<\/p>\n\n\n\n<h2 class=\"wp-block-heading\">8. Eigentumsvorbehalt<\/h2>\n\n\n\n<p>(1) Die Ware bleibt bis zur vollst\u00e4ndigen Bezahlung unser Eigentum. Wenn Sie mit der Zahlung mehr als 10 Tage im R\u00fcckstand sind, haben wir das Recht, vom Vertrag zur\u00fcckzutreten und die Ware zur\u00fcckzufordern.<\/p>\n\n\n\n<p>(2) Sie sind berechtigt, die unter Eigentumsvorbehalt stehenden Waren im ordnungsgem\u00e4\u00dfen Gesch\u00e4ftsverkehr weiter zu ver\u00e4u\u00dfern. In diesem Fall treten Sie jedoch bereits jetzt alle Forderungen aus der Weiterver\u00e4u\u00dferung, unabh\u00e4ngig davon, ob die Weiterver\u00e4u\u00dferung vor oder nach einer etwaigen Verarbeitung der unter Eigentumsvorbehalt gelieferten Ware erfolgt, in H\u00f6he des Rechnungswertes unserer Forderung an uns ab. Ungeachtet unserer Befugnis, die Forderung selbst einzuziehen, bleiben Sie auch nach der Abtretung zur Einziehung der Forderung erm\u00e4chtigt. Wir nehmen diese Abtretung bereits jetzt an. In diesem Zusammenhang verpflichten wir uns, die Forderung nicht selbst einzuziehen, solange und soweit Sie Ihren Zahlungsverpflichtungen nachkommen, kein Antrag auf Er\u00f6ffnung eines Insolvenz- oder \u00e4hnlichen Verfahrens \u00fcber Ihr Verm\u00f6gen gestellt ist und keine Zahlungseinstellung vorliegt. Soweit die vorgenannten Sicherheiten die zu sichernden Forderungen um mehr als 10% \u00fcbersteigen, sind wir auf Ihr Verlangen zur Freigabe der Sicherheiten nach unserer Wahl verpflichtet. Der verl\u00e4ngerte Eigentumsvorbehalt gilt bis zur vollst\u00e4ndigen Bezahlung.<\/p>\n\n\n\n<h2 class=\"wp-block-heading\">9. Bedingungen f\u00fcr die Lieferung<\/h2>\n\n\n\n<p>(1) Wir liefern die Ware gem\u00e4\u00df den mit Ihnen getroffenen Vereinbarungen. Anfallende Versandkosten werden individuell vereinbart und von uns in der Rechnung gesondert ausgewiesen. Liefertermine und Lieferfristen sind nur verbindlich, wenn sie von uns schriftlich best\u00e4tigt worden sind.<\/p>\n\n\n\n<p>(2) Soweit wir die Ware nicht oder nicht vertragsgem\u00e4\u00df liefern, m\u00fcssen Sie uns zur Bewirkung der Leistung eine Nachfrist von 2 Wochen setzen. Andernfalls sind Sie nicht berechtigt, vom Vertrag zur\u00fcckzutreten.<\/p>\n\n\n\n<h2 class=\"wp-block-heading\">10. Gew\u00e4hrleistung beim Kauf von Waren<\/h2>\n\n\n\n<p>(1) Soweit ein Mangel der gelieferten Ware vorliegt, sind Sie im Rahmen der gesetzlichen Vorschriften berechtigt, Nacherf\u00fcllung in Form einer Mangelbeseitigung oder Lieferung einer mangelfreien Sache zu verlangen. Das Recht, die Art der Nacherf\u00fcllung zu w\u00e4hlen, steht uns zu. Schl\u00e4gt die Nacherf\u00fcllung fehl, sind Sie bei Vorliegen der gesetzlichen Voraussetzungen zur Minderung des Kaufpreises oder zum R\u00fccktritt vom Vertrag berechtigt. Voraussetzung f\u00fcr jegliche Gew\u00e4hrleistungsrechte ist, dass Sie Ihren nach \u00a7 377 HGB geschuldeten Untersuchungs- und R\u00fcgeobliegenheiten ordnungsgem\u00e4\u00df nachgekommen sind.<\/p>\n\n\n\n<p>(2) Die Verj\u00e4hrungsfrist f\u00fcr Gew\u00e4hrleistungsanspr\u00fcche f\u00fcr die gelieferte Ware betr\u00e4gt &#8211; au\u00dfer im Falle von Schadensersatzanspr\u00fcchen &#8211; vierzehn Tage ab Erhalt der Ware.<\/p>\n\n\n\n<h2 class=\"wp-block-heading\">11. Verj\u00e4hrung der Haftung<\/h2>\n\n\n\n<p>(1) Wir haften f\u00fcr Vorsatz und grobe Fahrl\u00e4ssigkeit. Ferner haften wir f\u00fcr die fahrl\u00e4ssige Verletzung von Pflichten, deren Erf\u00fcllung die ordnungsgem\u00e4\u00dfe Durchf\u00fchrung des Vertrages \u00fcberhaupt erst erm\u00f6glicht, deren Verletzung die Erreichung des Vertragszwecks gef\u00e4hrdet und auf deren Einhaltung Sie als Kunde regelm\u00e4\u00dfig vertrauen d\u00fcrfen. Im letzteren Fall haften wir jedoch nur f\u00fcr den vertragstypischen, vorhersehbaren Schaden. F\u00fcr die leicht fahrl\u00e4ssige Verletzung anderer als der in den vorstehenden S\u00e4tzen genannten Pflichten haften wir nicht.<\/p>\n\n\n\n<p>Die vorstehenden Haftungsausschl\u00fcsse gelten nicht bei der Verletzung von Leben, K\u00f6rper und Gesundheit. Die Haftung nach dem Produkthaftungsgesetz bleibt hiervon unber\u00fchrt.<\/p>\n\n\n\n<p>(2) Die Datenkommunikation \u00fcber das Internet kann nach dem derzeitigen Stand der Technik nicht fehlerfrei und\/oder jederzeit verf\u00fcgbar gew\u00e4hrleistet werden. Insoweit haften wir nicht f\u00fcr die st\u00e4ndige und ununterbrochene Verf\u00fcgbarkeit unseres Online-Bestellsystems.<\/p>\n\n\n\n<h2 class=\"wp-block-heading\">12. Schlussbestimmungen<\/h2>\n\n\n\n<p>(1) \u00c4nderungen oder Erg\u00e4nzungen dieser Allgemeinen Gesch\u00e4ftsbedingungen bed\u00fcrfen der Schriftform. Dies gilt auch f\u00fcr die Aufhebung dieses Schriftformerfordernisses.<\/p>\n\n\n\n<p>(2) Es gilt das Recht der Bundesrepublik Deutschland unter Ausschluss des UN-\u00dcbereinkommens \u00fcber Vertr\u00e4ge \u00fcber den internationalen Warenkauf.<\/p>\n\n\n\n<p>(3) Erf\u00fcllungsort ist Rum\u00e4nien. Ausschlie\u00dflicher Gerichtsstand f\u00fcr alle Streitigkeiten, die sich aus oder im Zusammenhang mit diesem Vertrag ergeben, ist Rum\u00e4nien.<\/p>\n\n\n\n<p>(4) Sollten einzelne Bestimmungen dieser Gesch\u00e4ftsbedingungen unwirksam sein, so ber\u00fchrt dies die Wirksamkeit der \u00fcbrigen Bestimmungen nicht. Die unwirksame Bestimmung ist von den Vertragsparteien einvernehmlich durch eine rechtswirksame Bestimmung zu ersetzen, die dem wirtschaftlichen Sinn und Zweck der unwirksamen Bestimmung am n\u00e4chsten kommt. Die vorstehende Regelung gilt im Falle von Regelungsl\u00fccken sinngem\u00e4\u00df.<\/p>\n\n\n\n<hr class=\"wp-block-separator has-css-opacity is-style-wide\"\/>\n","protected":false},"excerpt":{"rendered":"<p>1. Umfang der Anwendung (1) Diese Gesch\u00e4ftsbedingungen gelten f\u00fcr die zwischen Ihnen und uns, D-Toys S.A., Str Constructorilor 2, Sf<\/p>\n","protected":false},"author":1,"featured_media":0,"parent":0,"menu_order":0,"comment_status":"closed","ping_status":"closed","template":"","meta":{"footnotes":""},"class_list":["post-37793","page","type-page","status-publish","hentry"],"yoast_head":"<!-- This site is optimized with the Yoast SEO plugin v20.1 - https:\/\/yoast.com\/wordpress\/plugins\/seo\/ -->\n<title>Allgemeine Gesch\u00e4ftsbedingungen - Roovi B2B<\/title>\n<meta name=\"robots\" content=\"index, follow, max-snippet:-1, max-image-preview:large, max-video-preview:-1\" \/>\n<link rel=\"canonical\" href=\"https:\/\/business.roovi.com\/de\/allgemeine-geschaftsbedingungen\/\" \/>\n<meta property=\"og:locale\" content=\"de_DE\" \/>\n<meta property=\"og:type\" content=\"article\" \/>\n<meta property=\"og:title\" content=\"Allgemeine Gesch\u00e4ftsbedingungen - Roovi B2B\" \/>\n<meta property=\"og:description\" content=\"1. Umfang der Anwendung (1) Diese Gesch\u00e4ftsbedingungen gelten f\u00fcr die zwischen Ihnen und uns, D-Toys S.A., Str Constructorilor 2, Sf\" \/>\n<meta property=\"og:url\" content=\"https:\/\/business.roovi.com\/de\/allgemeine-geschaftsbedingungen\/\" \/>\n<meta property=\"og:site_name\" content=\"Roovi B2B\" \/>\n<meta property=\"article:publisher\" content=\"https:\/\/www.facebook.com\/wwwjucariero\" \/>\n<meta property=\"article:modified_time\" content=\"2022-07-06T08:09:56+00:00\" \/>\n<meta name=\"twitter:label1\" content=\"Gesch\u00e4tzte Lesezeit\" \/>\n\t<meta name=\"twitter:data1\" content=\"9\u00a0Minuten\" \/>\n<script type=\"application\/ld+json\" class=\"yoast-schema-graph\">{\"@context\":\"https:\/\/schema.org\",\"@graph\":[{\"@type\":\"WebPage\",\"@id\":\"https:\/\/business.roovi.com\/de\/allgemeine-geschaftsbedingungen\/\",\"url\":\"https:\/\/business.roovi.com\/de\/allgemeine-geschaftsbedingungen\/\",\"name\":\"Allgemeine Gesch\u00e4ftsbedingungen - Roovi B2B\",\"isPartOf\":{\"@id\":\"https:\/\/business.roovi.com\/de\/#website\"},\"datePublished\":\"2022-04-11T15:09:50+00:00\",\"dateModified\":\"2022-07-06T08:09:56+00:00\",\"breadcrumb\":{\"@id\":\"https:\/\/business.roovi.com\/de\/allgemeine-geschaftsbedingungen\/#breadcrumb\"},\"inLanguage\":\"de\",\"potentialAction\":[{\"@type\":\"ReadAction\",\"target\":[\"https:\/\/business.roovi.com\/de\/allgemeine-geschaftsbedingungen\/\"]}]},{\"@type\":\"BreadcrumbList\",\"@id\":\"https:\/\/business.roovi.com\/de\/allgemeine-geschaftsbedingungen\/#breadcrumb\",\"itemListElement\":[{\"@type\":\"ListItem\",\"position\":1,\"name\":\"Home\",\"item\":\"https:\/\/business.roovi.com\/de\/\"},{\"@type\":\"ListItem\",\"position\":2,\"name\":\"Allgemeine Gesch\u00e4ftsbedingungen\"}]},{\"@type\":\"WebSite\",\"@id\":\"https:\/\/business.roovi.com\/de\/#website\",\"url\":\"https:\/\/business.roovi.com\/de\/\",\"name\":\"Roovi B2B\",\"description\":\"Roovi Business Website\",\"potentialAction\":[{\"@type\":\"SearchAction\",\"target\":{\"@type\":\"EntryPoint\",\"urlTemplate\":\"https:\/\/business.roovi.com\/de\/?s={search_term_string}\"},\"query-input\":\"required name=search_term_string\"}],\"inLanguage\":\"de\"}]}<\/script>\n<!-- \/ Yoast SEO plugin. -->","yoast_head_json":{"title":"Allgemeine Gesch\u00e4ftsbedingungen - Roovi B2B","robots":{"index":"index","follow":"follow","max-snippet":"max-snippet:-1","max-image-preview":"max-image-preview:large","max-video-preview":"max-video-preview:-1"},"canonical":"https:\/\/business.roovi.com\/de\/allgemeine-geschaftsbedingungen\/","og_locale":"de_DE","og_type":"article","og_title":"Allgemeine Gesch\u00e4ftsbedingungen - Roovi B2B","og_description":"1. Umfang der Anwendung (1) Diese Gesch\u00e4ftsbedingungen gelten f\u00fcr die zwischen Ihnen und uns, D-Toys S.A., Str Constructorilor 2, Sf","og_url":"https:\/\/business.roovi.com\/de\/allgemeine-geschaftsbedingungen\/","og_site_name":"Roovi B2B","article_publisher":"https:\/\/www.facebook.com\/wwwjucariero","article_modified_time":"2022-07-06T08:09:56+00:00","twitter_misc":{"Gesch\u00e4tzte Lesezeit":"9\u00a0Minuten"},"schema":{"@context":"https:\/\/schema.org","@graph":[{"@type":"WebPage","@id":"https:\/\/business.roovi.com\/de\/allgemeine-geschaftsbedingungen\/","url":"https:\/\/business.roovi.com\/de\/allgemeine-geschaftsbedingungen\/","name":"Allgemeine Gesch\u00e4ftsbedingungen - Roovi B2B","isPartOf":{"@id":"https:\/\/business.roovi.com\/de\/#website"},"datePublished":"2022-04-11T15:09:50+00:00","dateModified":"2022-07-06T08:09:56+00:00","breadcrumb":{"@id":"https:\/\/business.roovi.com\/de\/allgemeine-geschaftsbedingungen\/#breadcrumb"},"inLanguage":"de","potentialAction":[{"@type":"ReadAction","target":["https:\/\/business.roovi.com\/de\/allgemeine-geschaftsbedingungen\/"]}]},{"@type":"BreadcrumbList","@id":"https:\/\/business.roovi.com\/de\/allgemeine-geschaftsbedingungen\/#breadcrumb","itemListElement":[{"@type":"ListItem","position":1,"name":"Home","item":"https:\/\/business.roovi.com\/de\/"},{"@type":"ListItem","position":2,"name":"Allgemeine Gesch\u00e4ftsbedingungen"}]},{"@type":"WebSite","@id":"https:\/\/business.roovi.com\/de\/#website","url":"https:\/\/business.roovi.com\/de\/","name":"Roovi B2B","description":"Roovi Business Website","potentialAction":[{"@type":"SearchAction","target":{"@type":"EntryPoint","urlTemplate":"https:\/\/business.roovi.com\/de\/?s={search_term_string}"},"query-input":"required name=search_term_string"}],"inLanguage":"de"}]}},"_links":{"self":[{"href":"https:\/\/business.roovi.com\/de\/wp-json\/wp\/v2\/pages\/37793","targetHints":{"allow":["GET"]}}],"collection":[{"href":"https:\/\/business.roovi.com\/de\/wp-json\/wp\/v2\/pages"}],"about":[{"href":"https:\/\/business.roovi.com\/de\/wp-json\/wp\/v2\/types\/page"}],"author":[{"embeddable":true,"href":"https:\/\/business.roovi.com\/de\/wp-json\/wp\/v2\/users\/1"}],"replies":[{"embeddable":true,"href":"https:\/\/business.roovi.com\/de\/wp-json\/wp\/v2\/comments?post=37793"}],"version-history":[{"count":0,"href":"https:\/\/business.roovi.com\/de\/wp-json\/wp\/v2\/pages\/37793\/revisions"}],"wp:attachment":[{"href":"https:\/\/business.roovi.com\/de\/wp-json\/wp\/v2\/media?parent=37793"}],"curies":[{"name":"wp","href":"https:\/\/api.w.org\/{rel}","templated":true}]}}