{"id":38820,"date":"2022-02-24T16:45:52","date_gmt":"2022-02-24T16:45:52","guid":{"rendered":"https:\/\/business.roovi.com\/politica-confidentialitate\/"},"modified":"2022-07-06T11:02:13","modified_gmt":"2022-07-06T11:02:13","slug":"datenschutzbestimmungen","status":"publish","type":"page","link":"https:\/\/business.roovi.com\/de\/datenschutzbestimmungen\/","title":{"rendered":"Datenschutzbestimmungen"},"content":{"rendered":"\n<p>In diesem Vertrag bezeichnet der Begriff &#8222;vertrauliche Informationen&#8220; alle Informationen, die die Parteien f\u00fcr die Erbringung der vertragsgegenst\u00e4ndlichen Dienstleistungen oder als Folge davon oder in Verbindung damit erhalten und\/oder entdeckt haben, einschlie\u00dflich, aber nicht beschr\u00e4nkt auf Marketingpl\u00e4ne, Produkt- und\/oder Dienstleistungseinf\u00fchrungen, Werbestrategien und andere derartige Informationen, die sich auf das Gesch\u00e4ft des Providers und\/oder des Empf\u00e4ngers und\/oder in Verbindung mit den Bedingungen dieses Vertrags beziehen und nicht \u00f6ffentlich sind.&nbsp;<\/p>\n\n\n\n<p>Jede Partei verpflichtet sich, keine vertraulichen Informationen zu verwenden, es sei denn, sie dienen der Erf\u00fcllung dieses Vertrages, und die Vertraulichkeit aller vertraulichen Informationen zu wahren und keine vertraulichen Informationen ganz oder teilweise an Dritte weiterzugeben, es sei denn, dies ist gem\u00e4\u00df diesem Vertrag zul\u00e4ssig. Alle Vertraulichkeitsbestimmungen gelten auch nach Beendigung dieses Vertrags und bleiben f\u00fcr einen Zeitraum von 5 Jahren nach Beendigung des Vertrags in vollem Umfang in Kraft und wirksam.&nbsp;<\/p>\n","protected":false},"excerpt":{"rendered":"<p>In diesem Vertrag bezeichnet der Begriff &#8222;vertrauliche Informationen&#8220; alle Informationen, die die Parteien f\u00fcr die Erbringung der vertragsgegenst\u00e4ndlichen Dienstleistungen oder<\/p>\n","protected":false},"author":1,"featured_media":0,"parent":0,"menu_order":0,"comment_status":"closed","ping_status":"closed","template":"","meta":{"footnotes":""},"class_list":["post-38820","page","type-page","status-publish","hentry"],"yoast_head":"<!-- This site is optimized with the Yoast SEO plugin v20.1 - https:\/\/yoast.com\/wordpress\/plugins\/seo\/ -->\n<title>Datenschutzbestimmungen - Roovi B2B<\/title>\n<meta name=\"robots\" content=\"index, follow, max-snippet:-1, max-image-preview:large, max-video-preview:-1\" \/>\n<link rel=\"canonical\" href=\"https:\/\/business.roovi.com\/de\/datenschutzbestimmungen\/\" \/>\n<meta property=\"og:locale\" content=\"de_DE\" \/>\n<meta property=\"og:type\" content=\"article\" \/>\n<meta property=\"og:title\" content=\"Datenschutzbestimmungen - Roovi B2B\" \/>\n<meta property=\"og:description\" content=\"In diesem Vertrag bezeichnet der Begriff &#8222;vertrauliche Informationen&#8220; alle Informationen, die die Parteien f\u00fcr die Erbringung der vertragsgegenst\u00e4ndlichen Dienstleistungen oder\" \/>\n<meta property=\"og:url\" content=\"https:\/\/business.roovi.com\/de\/datenschutzbestimmungen\/\" \/>\n<meta property=\"og:site_name\" content=\"Roovi B2B\" \/>\n<meta property=\"article:publisher\" content=\"https:\/\/www.facebook.com\/wwwjucariero\" \/>\n<meta property=\"article:modified_time\" content=\"2022-07-06T11:02:13+00:00\" \/>\n<meta name=\"twitter:label1\" content=\"Gesch\u00e4tzte Lesezeit\" \/>\n\t<meta name=\"twitter:data1\" content=\"1\u00a0Minute\" \/>\n<script type=\"application\/ld+json\" class=\"yoast-schema-graph\">{\"@context\":\"https:\/\/schema.org\",\"@graph\":[{\"@type\":\"WebPage\",\"@id\":\"https:\/\/business.roovi.com\/de\/datenschutzbestimmungen\/\",\"url\":\"https:\/\/business.roovi.com\/de\/datenschutzbestimmungen\/\",\"name\":\"Datenschutzbestimmungen - Roovi B2B\",\"isPartOf\":{\"@id\":\"https:\/\/business.roovi.com\/de\/#website\"},\"datePublished\":\"2022-02-24T16:45:52+00:00\",\"dateModified\":\"2022-07-06T11:02:13+00:00\",\"breadcrumb\":{\"@id\":\"https:\/\/business.roovi.com\/de\/datenschutzbestimmungen\/#breadcrumb\"},\"inLanguage\":\"de\",\"potentialAction\":[{\"@type\":\"ReadAction\",\"target\":[\"https:\/\/business.roovi.com\/de\/datenschutzbestimmungen\/\"]}]},{\"@type\":\"BreadcrumbList\",\"@id\":\"https:\/\/business.roovi.com\/de\/datenschutzbestimmungen\/#breadcrumb\",\"itemListElement\":[{\"@type\":\"ListItem\",\"position\":1,\"name\":\"Home\",\"item\":\"https:\/\/business.roovi.com\/de\/\"},{\"@type\":\"ListItem\",\"position\":2,\"name\":\"Datenschutzbestimmungen\"}]},{\"@type\":\"WebSite\",\"@id\":\"https:\/\/business.roovi.com\/de\/#website\",\"url\":\"https:\/\/business.roovi.com\/de\/\",\"name\":\"Roovi B2B\",\"description\":\"Roovi Business Website\",\"potentialAction\":[{\"@type\":\"SearchAction\",\"target\":{\"@type\":\"EntryPoint\",\"urlTemplate\":\"https:\/\/business.roovi.com\/de\/?s={search_term_string}\"},\"query-input\":\"required name=search_term_string\"}],\"inLanguage\":\"de\"}]}<\/script>\n<!-- \/ Yoast SEO plugin. -->","yoast_head_json":{"title":"Datenschutzbestimmungen - Roovi B2B","robots":{"index":"index","follow":"follow","max-snippet":"max-snippet:-1","max-image-preview":"max-image-preview:large","max-video-preview":"max-video-preview:-1"},"canonical":"https:\/\/business.roovi.com\/de\/datenschutzbestimmungen\/","og_locale":"de_DE","og_type":"article","og_title":"Datenschutzbestimmungen - Roovi B2B","og_description":"In diesem Vertrag bezeichnet der Begriff &#8222;vertrauliche Informationen&#8220; alle Informationen, die die Parteien f\u00fcr die Erbringung der vertragsgegenst\u00e4ndlichen Dienstleistungen oder","og_url":"https:\/\/business.roovi.com\/de\/datenschutzbestimmungen\/","og_site_name":"Roovi B2B","article_publisher":"https:\/\/www.facebook.com\/wwwjucariero","article_modified_time":"2022-07-06T11:02:13+00:00","twitter_misc":{"Gesch\u00e4tzte Lesezeit":"1\u00a0Minute"},"schema":{"@context":"https:\/\/schema.org","@graph":[{"@type":"WebPage","@id":"https:\/\/business.roovi.com\/de\/datenschutzbestimmungen\/","url":"https:\/\/business.roovi.com\/de\/datenschutzbestimmungen\/","name":"Datenschutzbestimmungen - Roovi B2B","isPartOf":{"@id":"https:\/\/business.roovi.com\/de\/#website"},"datePublished":"2022-02-24T16:45:52+00:00","dateModified":"2022-07-06T11:02:13+00:00","breadcrumb":{"@id":"https:\/\/business.roovi.com\/de\/datenschutzbestimmungen\/#breadcrumb"},"inLanguage":"de","potentialAction":[{"@type":"ReadAction","target":["https:\/\/business.roovi.com\/de\/datenschutzbestimmungen\/"]}]},{"@type":"BreadcrumbList","@id":"https:\/\/business.roovi.com\/de\/datenschutzbestimmungen\/#breadcrumb","itemListElement":[{"@type":"ListItem","position":1,"name":"Home","item":"https:\/\/business.roovi.com\/de\/"},{"@type":"ListItem","position":2,"name":"Datenschutzbestimmungen"}]},{"@type":"WebSite","@id":"https:\/\/business.roovi.com\/de\/#website","url":"https:\/\/business.roovi.com\/de\/","name":"Roovi B2B","description":"Roovi Business Website","potentialAction":[{"@type":"SearchAction","target":{"@type":"EntryPoint","urlTemplate":"https:\/\/business.roovi.com\/de\/?s={search_term_string}"},"query-input":"required name=search_term_string"}],"inLanguage":"de"}]}},"_links":{"self":[{"href":"https:\/\/business.roovi.com\/de\/wp-json\/wp\/v2\/pages\/38820","targetHints":{"allow":["GET"]}}],"collection":[{"href":"https:\/\/business.roovi.com\/de\/wp-json\/wp\/v2\/pages"}],"about":[{"href":"https:\/\/business.roovi.com\/de\/wp-json\/wp\/v2\/types\/page"}],"author":[{"embeddable":true,"href":"https:\/\/business.roovi.com\/de\/wp-json\/wp\/v2\/users\/1"}],"replies":[{"embeddable":true,"href":"https:\/\/business.roovi.com\/de\/wp-json\/wp\/v2\/comments?post=38820"}],"version-history":[{"count":0,"href":"https:\/\/business.roovi.com\/de\/wp-json\/wp\/v2\/pages\/38820\/revisions"}],"wp:attachment":[{"href":"https:\/\/business.roovi.com\/de\/wp-json\/wp\/v2\/media?parent=38820"}],"curies":[{"name":"wp","href":"https:\/\/api.w.org\/{rel}","templated":true}]}}