{"id":37924,"date":"2021-03-09T09:31:38","date_gmt":"2021-03-09T09:31:38","guid":{"rendered":"https:\/\/business.roovi.com\/puzzle-adulti-paul-ranson-apple-tree-with-red-fruit-1000-piese\/p\/"},"modified":"2022-07-06T10:34:18","modified_gmt":"2022-07-06T10:34:18","slug":"paul-ranson-puzzle-fur-erwachsene-apfelbaum-mit-roten-fruchten-1000-teile","status":"publish","type":"product","link":"https:\/\/business.roovi.com\/de\/paul-ranson-puzzle-fur-erwachsene-apfelbaum-mit-roten-fruchten-1000-teile\/p\/","title":{"rendered":"Paul Ranson Puzzle f\u00fcr Erwachsene &#8211; Apfelbaum mit roten Fr\u00fcchten -1000 Teile"},"content":{"rendered":"<p><span style=\"font-weight: 400;\">Rekonstruiere Bilder ber\u00fchmter Kunstwerke und entdecke die unerz\u00e4hlten Geschichten hinter ihrer Entstehung. W\u00e4hle deine Favoriten aus Hunderten von repr\u00e4sentativen Designs aus allen historischen Epochen, von der Renaissance bis zur Moderne <\/span><\/p>\n<p><span style=\"font-weight: 400;\">Das 1000 Teile Puzzle &#8211; Apfelbaum mit roten Fr\u00fcchten von Paul Ranson ist ein Puzzle f\u00fcr Erwachsene in leuchtenden Farben, das deine Augen erfreuen wird. Das Kunstwerk verk\u00f6rpert die Nabi-Prinzipien der von Paul Ranson gegr\u00fcndeten Gruppe Les Nabis, die ihre eigene \u00c4sthetik mit dem stilisierenden Effekt von flachen, kr\u00e4ftigen Farben und vereinfachtem Design entwickelte. Du bekommst ein einzigartiges Werk, das sich durch einen avantgardistischen Stil auszeichnet, voller Metaphern und Symbole.<\/span><\/p>\n<p><span style=\"font-weight: 400;\">Eigenschaften des Paul Ranson &#8211; Apfelbaum mit roten Fr\u00fcchten Kunstpuzzles:<\/span><\/p>\n<p><strong>Ma\u00dfe des rekonstruierten Bildes: 50 x 70 cm.<\/strong><span style=\"font-weight: 400;\"> F\u00fcr die Montage kannst du einen normalen Couchtisch verwenden.<\/span><\/p>\n<p><strong>Puzzle-Material <\/strong><\/p>\n<p><strong>hochwertiger blauer Karton<\/strong><\/p>\n<p><strong>nachhaltige, recycelbare Materialien<\/strong><\/p>\n<p><strong>halbgl\u00e4nzende Oberfl\u00e4che, leuchtende Farben<\/strong><\/p>\n<p><strong>Anzahl der Puzzleteile: 1000<\/strong><\/p>\n<p><strong>Empfohlenes Alter: 14+<\/strong><\/p>\n<p><strong>Setze Puzzles f\u00fcr Erwachsene zusammen und verbessere deine Stimmung!<\/strong><\/p>\n<p><span style=\"font-weight: 400;\">Wenn du die Teile eines 1000er Puzzles zusammensetzt, sch\u00fcttet dein Gehirn mehr Dopamin aus, einen Neurotransmitter, der Emotionen reguliert. Schon das richtige Zusammenkleben eines einzigen Puzzleteils erzeugt ein Gef\u00fchl der Zufriedenheit, das deine Stimmung deutlich verbessert. Ein erh\u00f6hter Dopaminspiegel, der dazu beitr\u00e4gt, dass du dich gl\u00fccklicher f\u00fchlst, regt das Verlangen an, Puzzlespiele zu spielen. Kein Wunder, dass es so schwer ist, aufzuh\u00f6ren, wenn du anf\u00e4ngst, 1000 Teile zusammenzusetzen!<\/span><\/p>\n<p><strong>Puzzlespiele helfen dir, konzentriert zu bleiben und deine Produktivit\u00e4t zu steigern<\/strong><\/p>\n<p><span style=\"font-weight: 400;\">Ein 1000-Teile-Puzzle entspannt dich und reduziert den Stress, den du jeden Tag empfindest. Wenn du entspannt bist, f\u00e4llt es dir leichter, dich zu konzentrieren, und das f\u00fchrt zu einer h\u00f6heren Produktivit\u00e4t. Wann immer du dich angespannt f\u00fchlst, mach eine Pause und leg ein Puzzlespiel zusammen. Dein Geist wird sich erholen, und wenn du wieder an die Arbeit gehst, wirst du dich besser konzentrieren und mehr leisten k\u00f6nnen <\/span><\/p>\n<p><strong>Wusstest du schon von Paul Ranson?&#8230;<\/strong><\/p>\n<p><span style=\"font-weight: 400;\">Er ist eines der f\u00fcnf Gr\u00fcndungsmitglieder von Les Nabis, einer Gruppe, die eine wichtige Rolle beim \u00dcbergang vom Impressionismus zu den verschiedenen Stilen der modernen Kunst spielte <\/span><\/p>\n<p><span style=\"font-weight: 400;\">&#8222;Les Nabis&#8220; kommt aus dem Hebr\u00e4ischen und bedeutet &#8222;Prophet&#8220;. Die Initiatoren der Gruppe hielten sich selbst f\u00fcr Initiatoren und Wegbereiter.<\/span><\/p>\n<p><span style=\"font-weight: 400;\">Er war ein leidenschaftlicher Puppenspieler und er\u00f6ffnete 1894 ein Puppentheater.<\/span><\/p>\n<p><span style=\"font-weight: 400;\">Er interessierte sich f\u00fcr Magie, Theosophie und Okkultismus, eine Leidenschaft, die ihn von den anderen Mitgliedern von Le Nabis unterschied.<\/span><\/p>\n<p><span style=\"font-weight: 400;\">Seine sp\u00e4teren Werke befassten sich mit mythologischen Themen, Hexerei und antiklerikalen Themen.<\/span><\/p>\n<p><strong>Puzzlespiele: komplette Gehirn\u00fcbungen<\/strong><\/p>\n<p><span style=\"font-weight: 400;\">Puzzlespiele trainieren beide Gehirnh\u00e4lften. Die linke Seite, die logische und methodische Seite, die linear arbeitet, koordiniert sich w\u00e4hrend des Zusammensetzens des 1000-teiligen Puzzles perfekt mit der rechten Gehirnh\u00e4lfte, die intuitiv und kreativ ist. Wenn sie zusammenarbeiten, ist das Gehirntraining vollst\u00e4ndig und verhindert einen kognitiven Abbau.<\/span><\/p>\n<p><span style=\"font-weight: 400;\">Du willst ein wirklich bemerkenswertes Deko-Objekt? Kaufe jetzt Paul Ranson 1000 Teile Puzzle &#8211; Apfelbaum mit roten Fr\u00fcchten aus der Kunstpuzzle-Kollektion, gestalte das Bild nach und bringe den innovativen und originellen Geist der Avantgarde in dein Zuhause. Dieses wundersch\u00f6ne Puzzleset ist ein tolles Geschenk f\u00fcr einen erwachsenen Puzzle- und Kunstliebhaber.<\/span><\/p>\n<p><\/p>\n","protected":false},"excerpt":{"rendered":"<p>Rekonstruiere Bilder ber\u00fchmter Kunstwerke und entdecke die unerz\u00e4hlten Geschichten hinter ihrer Entstehung. W\u00e4hle deine Favoriten aus Hunderten von repr\u00e4sentativen Designs<\/p>\n","protected":false},"featured_media":64286,"template":"","meta":[],"product_brand":[],"product_cat":[1875,1915,1916],"product_tag":[],"class_list":{"0":"post-37924","1":"product","2":"type-product","3":"status-publish","4":"has-post-thumbnail","6":"product_cat-puzzle-de","7":"product_cat-puzzlespiele-fur-erwachsene","8":"product_cat-1000-teile-puzzle","9":"pa_bax-10-de","10":"pa_brand-d_toys-de","11":"pa_country_of_manufacture-ro-de","12":"pa_filter_age-14-de","13":"pa_painter-johnwilliamwaterhouse-de","14":"pa_tip_ambalaj-kasten-a4-de","15":"pa_tip_puzzle-klassisch","17":"first","18":"instock","19":"taxable","20":"shipping-taxable","21":"product-type-simple"},"yoast_head":"<!-- This site is optimized with the Yoast SEO plugin v20.1 - https:\/\/yoast.com\/wordpress\/plugins\/seo\/ -->\n<title>Paul Ranson Puzzle f\u00fcr Erwachsene - Apfelbaum mit roten Fr\u00fcchten -1000 Teile<\/title>\n<meta name=\"description\" content=\"Paul Ranson Puzzle f\u00fcr Erwachsene - Apfelbaum mit roten Fr\u00fcchten -1000 Teile\" \/>\n<meta name=\"robots\" content=\"index, follow, max-snippet:-1, max-image-preview:large, max-video-preview:-1\" \/>\n<link rel=\"canonical\" href=\"https:\/\/business.roovi.com\/de\/paul-ranson-puzzle-fur-erwachsene-apfelbaum-mit-roten-fruchten-1000-teile\/p\/\" \/>\n<meta property=\"og:locale\" content=\"de_DE\" \/>\n<meta property=\"og:type\" content=\"article\" \/>\n<meta property=\"og:title\" content=\"Paul Ranson Puzzle f\u00fcr Erwachsene - Apfelbaum mit roten Fr\u00fcchten -1000 Teile\" \/>\n<meta property=\"og:description\" content=\"Paul Ranson Puzzle f\u00fcr Erwachsene - Apfelbaum mit roten Fr\u00fcchten -1000 Teile\" \/>\n<meta property=\"og:url\" content=\"https:\/\/business.roovi.com\/de\/paul-ranson-puzzle-fur-erwachsene-apfelbaum-mit-roten-fruchten-1000-teile\/p\/\" \/>\n<meta property=\"og:site_name\" content=\"Roovi B2B\" \/>\n<meta property=\"article:publisher\" content=\"https:\/\/www.facebook.com\/wwwjucariero\" \/>\n<meta property=\"article:modified_time\" content=\"2022-07-06T10:34:18+00:00\" \/>\n<meta property=\"og:image\" content=\"https:\/\/business.roovi.com\/wp-content\/uploads\/2021\/03\/77431-01_ansamblu_dimensiuni_cutie_cm-800x800.png\" \/>\n\t<meta property=\"og:image:width\" content=\"800\" \/>\n\t<meta property=\"og:image:height\" content=\"800\" \/>\n\t<meta property=\"og:image:type\" content=\"image\/png\" \/>\n<meta name=\"twitter:label1\" content=\"Gesch\u00e4tzte Lesezeit\" \/>\n\t<meta name=\"twitter:data1\" content=\"3\u00a0Minuten\" \/>\n<script type=\"application\/ld+json\" class=\"yoast-schema-graph\">{\"@context\":\"https:\/\/schema.org\",\"@graph\":[{\"@type\":\"WebPage\",\"@id\":\"https:\/\/business.roovi.com\/de\/paul-ranson-puzzle-fur-erwachsene-apfelbaum-mit-roten-fruchten-1000-teile\/p\/\",\"url\":\"https:\/\/business.roovi.com\/de\/paul-ranson-puzzle-fur-erwachsene-apfelbaum-mit-roten-fruchten-1000-teile\/p\/\",\"name\":\"Paul Ranson Puzzle f\u00fcr Erwachsene - Apfelbaum mit roten Fr\u00fcchten -1000 Teile\",\"isPartOf\":{\"@id\":\"https:\/\/business.roovi.com\/de\/#website\"},\"datePublished\":\"2021-03-09T09:31:38+00:00\",\"dateModified\":\"2022-07-06T10:34:18+00:00\",\"description\":\"Paul Ranson Puzzle f\u00fcr Erwachsene - Apfelbaum mit roten Fr\u00fcchten -1000 Teile\",\"breadcrumb\":{\"@id\":\"https:\/\/business.roovi.com\/de\/paul-ranson-puzzle-fur-erwachsene-apfelbaum-mit-roten-fruchten-1000-teile\/p\/#breadcrumb\"},\"inLanguage\":\"de\",\"potentialAction\":[{\"@type\":\"ReadAction\",\"target\":[\"https:\/\/business.roovi.com\/de\/paul-ranson-puzzle-fur-erwachsene-apfelbaum-mit-roten-fruchten-1000-teile\/p\/\"]}]},{\"@type\":\"BreadcrumbList\",\"@id\":\"https:\/\/business.roovi.com\/de\/paul-ranson-puzzle-fur-erwachsene-apfelbaum-mit-roten-fruchten-1000-teile\/p\/#breadcrumb\",\"itemListElement\":[{\"@type\":\"ListItem\",\"position\":1,\"name\":\"Home\",\"item\":\"https:\/\/business.roovi.com\/de\/\"},{\"@type\":\"ListItem\",\"position\":2,\"name\":\"Shop\",\"item\":\"https:\/\/business.roovi.com\/de\/shop\/\"},{\"@type\":\"ListItem\",\"position\":3,\"name\":\"Paul Ranson Puzzle f\u00fcr Erwachsene &#8211; Apfelbaum mit roten Fr\u00fcchten -1000 Teile\"}]},{\"@type\":\"WebSite\",\"@id\":\"https:\/\/business.roovi.com\/de\/#website\",\"url\":\"https:\/\/business.roovi.com\/de\/\",\"name\":\"Roovi B2B\",\"description\":\"Roovi Business Website\",\"potentialAction\":[{\"@type\":\"SearchAction\",\"target\":{\"@type\":\"EntryPoint\",\"urlTemplate\":\"https:\/\/business.roovi.com\/de\/?s={search_term_string}\"},\"query-input\":\"required name=search_term_string\"}],\"inLanguage\":\"de\"}]}<\/script>\n<!-- \/ Yoast SEO plugin. -->","yoast_head_json":{"title":"Paul Ranson Puzzle f\u00fcr Erwachsene - Apfelbaum mit roten Fr\u00fcchten -1000 Teile","description":"Paul Ranson Puzzle f\u00fcr Erwachsene - Apfelbaum mit roten Fr\u00fcchten -1000 Teile","robots":{"index":"index","follow":"follow","max-snippet":"max-snippet:-1","max-image-preview":"max-image-preview:large","max-video-preview":"max-video-preview:-1"},"canonical":"https:\/\/business.roovi.com\/de\/paul-ranson-puzzle-fur-erwachsene-apfelbaum-mit-roten-fruchten-1000-teile\/p\/","og_locale":"de_DE","og_type":"article","og_title":"Paul Ranson Puzzle f\u00fcr Erwachsene - Apfelbaum mit roten Fr\u00fcchten -1000 Teile","og_description":"Paul Ranson Puzzle f\u00fcr Erwachsene - Apfelbaum mit roten Fr\u00fcchten -1000 Teile","og_url":"https:\/\/business.roovi.com\/de\/paul-ranson-puzzle-fur-erwachsene-apfelbaum-mit-roten-fruchten-1000-teile\/p\/","og_site_name":"Roovi B2B","article_publisher":"https:\/\/www.facebook.com\/wwwjucariero","article_modified_time":"2022-07-06T10:34:18+00:00","og_image":[{"width":800,"height":800,"url":"https:\/\/business.roovi.com\/wp-content\/uploads\/2021\/03\/77431-01_ansamblu_dimensiuni_cutie_cm-800x800.png","type":"image\/png"}],"twitter_misc":{"Gesch\u00e4tzte Lesezeit":"3\u00a0Minuten"},"schema":{"@context":"https:\/\/schema.org","@graph":[{"@type":"WebPage","@id":"https:\/\/business.roovi.com\/de\/paul-ranson-puzzle-fur-erwachsene-apfelbaum-mit-roten-fruchten-1000-teile\/p\/","url":"https:\/\/business.roovi.com\/de\/paul-ranson-puzzle-fur-erwachsene-apfelbaum-mit-roten-fruchten-1000-teile\/p\/","name":"Paul Ranson Puzzle f\u00fcr Erwachsene - Apfelbaum mit roten Fr\u00fcchten -1000 Teile","isPartOf":{"@id":"https:\/\/business.roovi.com\/de\/#website"},"datePublished":"2021-03-09T09:31:38+00:00","dateModified":"2022-07-06T10:34:18+00:00","description":"Paul Ranson Puzzle f\u00fcr Erwachsene - Apfelbaum mit roten Fr\u00fcchten -1000 Teile","breadcrumb":{"@id":"https:\/\/business.roovi.com\/de\/paul-ranson-puzzle-fur-erwachsene-apfelbaum-mit-roten-fruchten-1000-teile\/p\/#breadcrumb"},"inLanguage":"de","potentialAction":[{"@type":"ReadAction","target":["https:\/\/business.roovi.com\/de\/paul-ranson-puzzle-fur-erwachsene-apfelbaum-mit-roten-fruchten-1000-teile\/p\/"]}]},{"@type":"BreadcrumbList","@id":"https:\/\/business.roovi.com\/de\/paul-ranson-puzzle-fur-erwachsene-apfelbaum-mit-roten-fruchten-1000-teile\/p\/#breadcrumb","itemListElement":[{"@type":"ListItem","position":1,"name":"Home","item":"https:\/\/business.roovi.com\/de\/"},{"@type":"ListItem","position":2,"name":"Shop","item":"https:\/\/business.roovi.com\/de\/shop\/"},{"@type":"ListItem","position":3,"name":"Paul Ranson Puzzle f\u00fcr Erwachsene &#8211; Apfelbaum mit roten Fr\u00fcchten -1000 Teile"}]},{"@type":"WebSite","@id":"https:\/\/business.roovi.com\/de\/#website","url":"https:\/\/business.roovi.com\/de\/","name":"Roovi B2B","description":"Roovi Business Website","potentialAction":[{"@type":"SearchAction","target":{"@type":"EntryPoint","urlTemplate":"https:\/\/business.roovi.com\/de\/?s={search_term_string}"},"query-input":"required name=search_term_string"}],"inLanguage":"de"}]}},"_links":{"self":[{"href":"https:\/\/business.roovi.com\/de\/wp-json\/wp\/v2\/product\/37924","targetHints":{"allow":["GET"]}}],"collection":[{"href":"https:\/\/business.roovi.com\/de\/wp-json\/wp\/v2\/product"}],"about":[{"href":"https:\/\/business.roovi.com\/de\/wp-json\/wp\/v2\/types\/product"}],"version-history":[{"count":0,"href":"https:\/\/business.roovi.com\/de\/wp-json\/wp\/v2\/product\/37924\/revisions"}],"wp:featuredmedia":[{"embeddable":true,"href":"https:\/\/business.roovi.com\/de\/wp-json\/wp\/v2\/media\/64286"}],"wp:attachment":[{"href":"https:\/\/business.roovi.com\/de\/wp-json\/wp\/v2\/media?parent=37924"}],"wp:term":[{"taxonomy":"product_brand","embeddable":true,"href":"https:\/\/business.roovi.com\/de\/wp-json\/wp\/v2\/product_brand?post=37924"},{"taxonomy":"product_cat","embeddable":true,"href":"https:\/\/business.roovi.com\/de\/wp-json\/wp\/v2\/product_cat?post=37924"},{"taxonomy":"product_tag","embeddable":true,"href":"https:\/\/business.roovi.com\/de\/wp-json\/wp\/v2\/product_tag?post=37924"}],"curies":[{"name":"wp","href":"https:\/\/api.w.org\/{rel}","templated":true}]}}