{"id":37927,"date":"2021-03-09T09:29:20","date_gmt":"2021-03-09T09:29:20","guid":{"rendered":"https:\/\/business.roovi.com\/puzzle-adulti-1000-piese-paul-klee-fish-magic-magia-pestilor\/p\/"},"modified":"2023-02-24T12:19:12","modified_gmt":"2023-02-24T12:19:12","slug":"1000-teile-puzzle-fur-erwachsene-paul-klee-fish-magic","status":"publish","type":"product","link":"https:\/\/business.roovi.com\/de\/1000-teile-puzzle-fur-erwachsene-paul-klee-fish-magic\/p\/","title":{"rendered":"1000-Teile-Puzzle f\u00fcr Erwachsene Paul Klee &#8211; Fish Magic"},"content":{"rendered":"<p><span style=\"font-weight: 400; line-height: 14px; font-size: 14px;\">Das D-Toys Sortiment an Kunstpuzzles bringt Farbe und Raffinesse in dein Zuhause. Kaufe jetzt die faszinierendsten 1000-teiligen Puzzles mit Bildern von ber\u00fchmten Gem\u00e4lden und erschaffe deine eigenen k\u00fcnstlerischen Meisterwerke aus einzigartigen und originellen Puzzlespielen <\/span><\/p>\n<p><span style=\"font-weight: 400; line-height: 14px; font-size: 14px;\">Paul Klee 1000 Teile Puzzle &#8211; Fish Magic f\u00fchrt dich in die surreale Atmosph\u00e4re der ber\u00fchmten Gem\u00e4lde ein. Fischmagie ist in der Tat eine Kombination aus aquatischen, himmlischen und irdischen Wesenheiten. Die bunten Figuren wirken vor dem dunklen, geheimnisvollen Hintergrund wie gekratzt. Entdecke die Magie der Vorstellungskraft in diesem Kunstwerk und baue das Meisterwerk aus 1000 Puzzleteilen nach.<\/span><\/p>\n<p><span style=\"font-weight: 400; line-height: 14px; font-size: 14px;\">Lies unten mehr \u00fcber Paul Klee &#8211; Fischmagie Kunstr\u00e4tsel:<\/span><\/p>\n<p><span style=\"line-height: 14px; font-size: 14px;\"><strong>Ma\u00dfe des rekonstruierten Bildes: 50 x 70 cm<\/strong><\/span><\/p>\n<p><span style=\"line-height: 14px; font-size: 14px;\"><strong>Puzzle-Material <\/strong><\/span><\/p>\n<p><span style=\"line-height: 14px; font-size: 14px;\"><strong>hochwertiger blauer Karton<\/strong><\/span><\/p>\n<p><span style=\"line-height: 14px; font-size: 14px;\"><strong>nachhaltige, recycelbare Materialien<\/strong><\/span><\/p>\n<p><span style=\"line-height: 14px; font-size: 14px;\"><strong>halbgl\u00e4nzende Oberfl\u00e4che, leuchtende Farben<\/strong><\/span><\/p>\n<p><span style=\"line-height: 14px; font-size: 14px;\"><strong>Anzahl der Puzzleteile: 1000<\/strong><\/span><\/p>\n<p><span style=\"line-height: 14px; font-size: 14px;\"><strong>Empfohlenes Alter: 14+<\/strong><\/span><\/p>\n<p><span style=\"line-height: 14px; font-size: 14px;\"><strong>Willst du gut in Logik werden? Setze jeden Tag 1000 Puzzlest\u00fccke zusammen!<\/strong><\/span><\/p>\n<p><span style=\"font-weight: 400; line-height: 14px; font-size: 14px;\">Puzzlespiele regen die Gehirnaktivit\u00e4t an und f\u00f6rdern systematisches, logisches Denken. Auch wenn die Hunderte von Teilen im 1000-Puzzle zun\u00e4chst wie ein Chaos erscheinen, wird das Spiel zu einem logischen Mechanismus, wenn du strategisch vorgehst, analysierst und die richtigen Teile findest. Je mehr 1000-Teile-Puzzles du machst, desto besser wirst du darin und desto besser funktioniert nat\u00fcrlich auch deine Logik <\/span><\/p>\n<p><span style=\"line-height: 14px; font-size: 14px;\"><strong>Wusstest du, dass das Gehirn beim Zusammenbau von Puzzlespielen mehr Dopamin aussch\u00fcttet?<\/strong><\/span><\/p>\n<p><span style=\"font-weight: 400; line-height: 14px; font-size: 14px;\">Dopamin ist ein Neurotransmitter, der daf\u00fcr verantwortlich ist, sich gut, gl\u00fccklich und zufrieden zu f\u00fchlen. Mit jedem 1000-teiligen Puzzle, das du \u00fcberarbeitest, steigt die Zufriedenheit \u00fcber eine erfolgreich abgeschlossene Arbeit und du willst so viele Erwachsenenpuzzles wie m\u00f6glich machen. Es ist normal, diesen Wunsch zu haben und jetzt wissenschaftlich erkl\u00e4rt. Verpasse also keine Gelegenheit, dich erf\u00fcllt zu f\u00fchlen und Tag f\u00fcr Tag 1000-teilige Puzzles zusammenzusetzen!<\/span><\/p>\n<p><span style=\"line-height: 14px; font-size: 14px;\"><strong>Wusstest du schon von Paul Klee?&#8230;<\/strong><\/span><\/p>\n<ul>\n<li><span style=\"font-weight: 400; line-height: 14px; font-size: 14px;\">Er war ein Schweizer Maler deutscher Nationalit\u00e4t und Vertreter der deutschen Avantgarde-Bewegung.<\/span><\/li>\n<li><span style=\"font-weight: 400; line-height: 14px; font-size: 14px;\">Er wechselte zwischen einer Karriere als Geiger und als Maler.<\/span><\/li>\n<li><span style=\"font-weight: 400; line-height: 14px; font-size: 14px;\">Seine Werke sind komplex und verbergen oft subtile Symbole. Die Titel seiner Gem\u00e4lde sind manchmal zum Nachdenken anregende Wortspiele.<\/span><\/li>\n<li><span style=\"line-height: 14px; font-size: 14px;\"><span style=\"font-weight: 400;\">Als das Hitler-Regime 1933 an die Macht kam, wurde der K\u00fcnstler von seinem Lehrauftrag an der Universit\u00e4t entlassen <\/span><span style=\"font-weight: 400;\">Kunstakademie in D\u00fcsseldorf und seine Werke wurden beschlagnahmt.<\/span><\/span><\/li>\n<li><span style=\"font-weight: 400; line-height: 14px; font-size: 14px;\">Er bewunderte Picassos Arbeit und \u00fcbernahm in einigen seiner Werke Picassos kubistischen Stil.<\/span><\/li>\n<\/ul>\n<p><span style=\"line-height: 14px; font-size: 14px;\"><strong> Weitere Vorteile von Kunstr\u00e4tseln<\/strong><\/span><\/p>\n<ul>\n<li><span style=\"font-weight: 400; line-height: 14px; font-size: 14px;\">Du wirst deinen \u00e4sthetischen Sinn kultivieren.<\/span><\/li>\n<li><span style=\"font-weight: 400; line-height: 14px; font-size: 14px;\">Erschaffe dein eigenes Kunstwerk aus einem 1000-Teile-Puzzle.<\/span><\/li>\n<li><span style=\"font-weight: 400; line-height: 14px; font-size: 14px;\">Du wirst dein Wissen \u00fcber Kunstwerke vertiefen.<\/span><\/li>\n<li><span style=\"font-weight: 400; line-height: 14px; font-size: 14px;\">Bis zu 30 Stunden Spa\u00df sind garantiert.<\/span><\/li>\n<li><span style=\"font-weight: 400; line-height: 14px; font-size: 14px;\">Du kannst eine ganze Kunstgalerie aus 1000-teiligen Puzzles erstellen.<\/span><\/li>\n<li><span style=\"font-weight: 400; line-height: 14px; font-size: 14px;\">Du wirst deine F\u00e4higkeiten beim Zusammensetzen von Puzzles verbessern.<\/span><\/li>\n<\/ul>\n<p><span style=\"font-weight: 400; line-height: 14px; font-size: 14px;\">Kaufe jetzt Paul Klee &#8211; Fish Magic 1000 piece puzzle und wage dich in die erstaunliche Welt der Kunstwerke. Du kannst das Bild in diesem Puzzlespiel mit Freunden oder deiner Familie zusammensetzen. Du wirst gemeinsam ein erstaunliches Kunstgem\u00e4lde genie\u00dfen. Mache einem puzzlebegeisterten Freund eine Freude, indem du ihm dieses wunderbare 1000-Teile-Puzzle aus unserer Kunstpuzzle-Kollektion schenkst.<\/span><\/p>\n","protected":false},"excerpt":{"rendered":"<p>Das D-Toys Sortiment an Kunstpuzzles bringt Farbe und Raffinesse in dein Zuhause. Kaufe jetzt die faszinierendsten 1000-teiligen Puzzles mit Bildern<\/p>\n","protected":false},"featured_media":64214,"template":"","meta":[],"product_brand":[],"product_cat":[1875,1915,1916],"product_tag":[],"class_list":{"0":"post-37927","1":"product","2":"type-product","3":"status-publish","4":"has-post-thumbnail","6":"product_cat-puzzle-de","7":"product_cat-puzzlespiele-fur-erwachsene","8":"product_cat-1000-teile-puzzle","9":"pa_bax-10-de","10":"pa_brand-d_toys-de","11":"pa_country_of_manufacture-ro-de","12":"pa_filter_age-14-de","13":"pa_painter-johnwilliamwaterhouse-de","14":"pa_tip_ambalaj-kasten-a4-de","15":"pa_tip_puzzle-klassisch","17":"first","18":"instock","19":"taxable","20":"shipping-taxable","21":"product-type-simple"},"yoast_head":"<!-- This site is optimized with the Yoast SEO plugin v20.1 - https:\/\/yoast.com\/wordpress\/plugins\/seo\/ -->\n<title>1000-Teile-Puzzle f\u00fcr Erwachsene Paul Klee - Fish Magic<\/title>\n<meta name=\"description\" content=\"1000-Teile-Puzzle f\u00fcr Erwachsene Paul Klee - Fish Magic\" \/>\n<meta name=\"robots\" content=\"index, follow, max-snippet:-1, max-image-preview:large, max-video-preview:-1\" \/>\n<link rel=\"canonical\" href=\"https:\/\/business.roovi.com\/de\/1000-teile-puzzle-fur-erwachsene-paul-klee-fish-magic\/p\/\" \/>\n<meta property=\"og:locale\" content=\"de_DE\" \/>\n<meta property=\"og:type\" content=\"article\" \/>\n<meta property=\"og:title\" content=\"1000-Teile-Puzzle f\u00fcr Erwachsene Paul Klee - Fish Magic\" \/>\n<meta property=\"og:description\" content=\"1000-Teile-Puzzle f\u00fcr Erwachsene Paul Klee - Fish Magic\" \/>\n<meta property=\"og:url\" content=\"https:\/\/business.roovi.com\/de\/1000-teile-puzzle-fur-erwachsene-paul-klee-fish-magic\/p\/\" \/>\n<meta property=\"og:site_name\" content=\"Roovi B2B\" \/>\n<meta property=\"article:publisher\" content=\"https:\/\/www.facebook.com\/wwwjucariero\" \/>\n<meta property=\"article:modified_time\" content=\"2023-02-24T12:19:12+00:00\" \/>\n<meta property=\"og:image\" content=\"https:\/\/business.roovi.com\/wp-content\/uploads\/2021\/03\/77424-KL-01-WEB.jpg\" \/>\n\t<meta property=\"og:image:width\" content=\"1200\" \/>\n\t<meta property=\"og:image:height\" content=\"1200\" \/>\n\t<meta property=\"og:image:type\" content=\"image\/jpeg\" \/>\n<meta name=\"twitter:label1\" content=\"Gesch\u00e4tzte Lesezeit\" \/>\n\t<meta name=\"twitter:data1\" content=\"3\u00a0Minuten\" \/>\n<script type=\"application\/ld+json\" class=\"yoast-schema-graph\">{\"@context\":\"https:\/\/schema.org\",\"@graph\":[{\"@type\":\"WebPage\",\"@id\":\"https:\/\/business.roovi.com\/de\/1000-teile-puzzle-fur-erwachsene-paul-klee-fish-magic\/p\/\",\"url\":\"https:\/\/business.roovi.com\/de\/1000-teile-puzzle-fur-erwachsene-paul-klee-fish-magic\/p\/\",\"name\":\"1000-Teile-Puzzle f\u00fcr Erwachsene Paul Klee - Fish Magic\",\"isPartOf\":{\"@id\":\"https:\/\/business.roovi.com\/de\/#website\"},\"datePublished\":\"2021-03-09T09:29:20+00:00\",\"dateModified\":\"2023-02-24T12:19:12+00:00\",\"description\":\"1000-Teile-Puzzle f\u00fcr Erwachsene Paul Klee - Fish Magic\",\"breadcrumb\":{\"@id\":\"https:\/\/business.roovi.com\/de\/1000-teile-puzzle-fur-erwachsene-paul-klee-fish-magic\/p\/#breadcrumb\"},\"inLanguage\":\"de\",\"potentialAction\":[{\"@type\":\"ReadAction\",\"target\":[\"https:\/\/business.roovi.com\/de\/1000-teile-puzzle-fur-erwachsene-paul-klee-fish-magic\/p\/\"]}]},{\"@type\":\"BreadcrumbList\",\"@id\":\"https:\/\/business.roovi.com\/de\/1000-teile-puzzle-fur-erwachsene-paul-klee-fish-magic\/p\/#breadcrumb\",\"itemListElement\":[{\"@type\":\"ListItem\",\"position\":1,\"name\":\"Home\",\"item\":\"https:\/\/business.roovi.com\/de\/\"},{\"@type\":\"ListItem\",\"position\":2,\"name\":\"Shop\",\"item\":\"https:\/\/business.roovi.com\/de\/shop\/\"},{\"@type\":\"ListItem\",\"position\":3,\"name\":\"1000-Teile-Puzzle f\u00fcr Erwachsene Paul Klee &#8211; Fish Magic\"}]},{\"@type\":\"WebSite\",\"@id\":\"https:\/\/business.roovi.com\/de\/#website\",\"url\":\"https:\/\/business.roovi.com\/de\/\",\"name\":\"Roovi B2B\",\"description\":\"Roovi Business Website\",\"potentialAction\":[{\"@type\":\"SearchAction\",\"target\":{\"@type\":\"EntryPoint\",\"urlTemplate\":\"https:\/\/business.roovi.com\/de\/?s={search_term_string}\"},\"query-input\":\"required name=search_term_string\"}],\"inLanguage\":\"de\"}]}<\/script>\n<!-- \/ Yoast SEO plugin. -->","yoast_head_json":{"title":"1000-Teile-Puzzle f\u00fcr Erwachsene Paul Klee - Fish Magic","description":"1000-Teile-Puzzle f\u00fcr Erwachsene Paul Klee - Fish Magic","robots":{"index":"index","follow":"follow","max-snippet":"max-snippet:-1","max-image-preview":"max-image-preview:large","max-video-preview":"max-video-preview:-1"},"canonical":"https:\/\/business.roovi.com\/de\/1000-teile-puzzle-fur-erwachsene-paul-klee-fish-magic\/p\/","og_locale":"de_DE","og_type":"article","og_title":"1000-Teile-Puzzle f\u00fcr Erwachsene Paul Klee - Fish Magic","og_description":"1000-Teile-Puzzle f\u00fcr Erwachsene Paul Klee - Fish Magic","og_url":"https:\/\/business.roovi.com\/de\/1000-teile-puzzle-fur-erwachsene-paul-klee-fish-magic\/p\/","og_site_name":"Roovi B2B","article_publisher":"https:\/\/www.facebook.com\/wwwjucariero","article_modified_time":"2023-02-24T12:19:12+00:00","og_image":[{"width":1200,"height":1200,"url":"https:\/\/business.roovi.com\/wp-content\/uploads\/2021\/03\/77424-KL-01-WEB.jpg","type":"image\/jpeg"}],"twitter_misc":{"Gesch\u00e4tzte Lesezeit":"3\u00a0Minuten"},"schema":{"@context":"https:\/\/schema.org","@graph":[{"@type":"WebPage","@id":"https:\/\/business.roovi.com\/de\/1000-teile-puzzle-fur-erwachsene-paul-klee-fish-magic\/p\/","url":"https:\/\/business.roovi.com\/de\/1000-teile-puzzle-fur-erwachsene-paul-klee-fish-magic\/p\/","name":"1000-Teile-Puzzle f\u00fcr Erwachsene Paul Klee - Fish Magic","isPartOf":{"@id":"https:\/\/business.roovi.com\/de\/#website"},"datePublished":"2021-03-09T09:29:20+00:00","dateModified":"2023-02-24T12:19:12+00:00","description":"1000-Teile-Puzzle f\u00fcr Erwachsene Paul Klee - Fish Magic","breadcrumb":{"@id":"https:\/\/business.roovi.com\/de\/1000-teile-puzzle-fur-erwachsene-paul-klee-fish-magic\/p\/#breadcrumb"},"inLanguage":"de","potentialAction":[{"@type":"ReadAction","target":["https:\/\/business.roovi.com\/de\/1000-teile-puzzle-fur-erwachsene-paul-klee-fish-magic\/p\/"]}]},{"@type":"BreadcrumbList","@id":"https:\/\/business.roovi.com\/de\/1000-teile-puzzle-fur-erwachsene-paul-klee-fish-magic\/p\/#breadcrumb","itemListElement":[{"@type":"ListItem","position":1,"name":"Home","item":"https:\/\/business.roovi.com\/de\/"},{"@type":"ListItem","position":2,"name":"Shop","item":"https:\/\/business.roovi.com\/de\/shop\/"},{"@type":"ListItem","position":3,"name":"1000-Teile-Puzzle f\u00fcr Erwachsene Paul Klee &#8211; Fish Magic"}]},{"@type":"WebSite","@id":"https:\/\/business.roovi.com\/de\/#website","url":"https:\/\/business.roovi.com\/de\/","name":"Roovi B2B","description":"Roovi Business Website","potentialAction":[{"@type":"SearchAction","target":{"@type":"EntryPoint","urlTemplate":"https:\/\/business.roovi.com\/de\/?s={search_term_string}"},"query-input":"required name=search_term_string"}],"inLanguage":"de"}]}},"_links":{"self":[{"href":"https:\/\/business.roovi.com\/de\/wp-json\/wp\/v2\/product\/37927","targetHints":{"allow":["GET"]}}],"collection":[{"href":"https:\/\/business.roovi.com\/de\/wp-json\/wp\/v2\/product"}],"about":[{"href":"https:\/\/business.roovi.com\/de\/wp-json\/wp\/v2\/types\/product"}],"version-history":[{"count":0,"href":"https:\/\/business.roovi.com\/de\/wp-json\/wp\/v2\/product\/37927\/revisions"}],"wp:featuredmedia":[{"embeddable":true,"href":"https:\/\/business.roovi.com\/de\/wp-json\/wp\/v2\/media\/64214"}],"wp:attachment":[{"href":"https:\/\/business.roovi.com\/de\/wp-json\/wp\/v2\/media?parent=37927"}],"wp:term":[{"taxonomy":"product_brand","embeddable":true,"href":"https:\/\/business.roovi.com\/de\/wp-json\/wp\/v2\/product_brand?post=37927"},{"taxonomy":"product_cat","embeddable":true,"href":"https:\/\/business.roovi.com\/de\/wp-json\/wp\/v2\/product_cat?post=37927"},{"taxonomy":"product_tag","embeddable":true,"href":"https:\/\/business.roovi.com\/de\/wp-json\/wp\/v2\/product_tag?post=37927"}],"curies":[{"name":"wp","href":"https:\/\/api.w.org\/{rel}","templated":true}]}}