{"id":37930,"date":"2021-03-09T09:26:09","date_gmt":"2021-03-09T09:26:09","guid":{"rendered":"https:\/\/business.roovi.com\/puzzle-adulti-mary-cassatt-little-girl-in-a-blue-armchair-1000-piese\/p\/"},"modified":"2022-07-06T10:34:24","modified_gmt":"2022-07-06T10:34:24","slug":"mary-cassatt-puzzle-fur-erwachsene-little-girl-in-a-blue-armchair-1000-teile","status":"publish","type":"product","link":"https:\/\/business.roovi.com\/de\/mary-cassatt-puzzle-fur-erwachsene-little-girl-in-a-blue-armchair-1000-teile\/p\/","title":{"rendered":"Mary Cassatt Puzzle f\u00fcr Erwachsene &#8211; Little Girl in a Blue Armchair &#8211; 1000 Teile"},"content":{"rendered":"<p><span style=\"font-weight: 400; font-size: 14px; line-height: 14px;\">Finde ber\u00fchmte Gem\u00e4lde, die lebendige Farben, Ausdruckskraft und Harmonie vermitteln, im gr\u00f6\u00dften Angebot an Kunstr\u00e4tseln in Rum\u00e4nien. Du kannst die Gem\u00e4lde von Leonardo da Vinci, Rembrandt, Van Gogh und anderen ber\u00fchmten K\u00fcnstlern in 1000-teiligen Puzzles bewundern <\/span><\/p>\n<p><span style=\"font-size: 14px; line-height: 14px;\"><strong>Mary Cassatt &#8211; Kleines M\u00e4dchen im blauen Sessel 1000 Teile Puzzle<\/strong><span style=\"font-weight: 400;\"> gibt das gleichnamige Meisterwerk in tiefem T\u00fcrkis wieder, das von einer K\u00fcnstlerin geschaffen wurde, die Frauen auf der ganzen Welt inspirierte und deren Werke einen enormen Einfluss auf die Kunstwelt hatten. Cassatt schuf ein Portr\u00e4t, das die Langeweile eines Kindes w\u00e4hrend einer Malstunde realistisch darstellt. Obwohl einige die Sesselposition als anst\u00f6\u00dfig empfanden, hat der K\u00fcnstler den nat\u00fcrlichen Zustand des Kindes meisterhaft eingefangen <\/span><\/span><\/p>\n<p><span style=\"font-size: 14px; line-height: 14px;\"><span style=\"font-weight: 400;\">Dieses Kunstpuzzle ist aus hochwertigen Materialien hergestellt, sodass die Teile jedes Mal perfekt zusammenpassen, wenn du das Bild nachstellen willst. Weitere Merkmale des 1000-teiligen Puzzles <\/span><span style=\"font-weight: 400;\">Mary Cassatt &#8211; Little Girl in a Blue Armchair:<\/span><\/span><\/p>\n<p><span style=\"font-size: 14px; line-height: 14px;\"><strong>Ma\u00dfe des rekonstruierten Bildes: 50 x 70 cm.<\/strong><span style=\"font-weight: 400;\"> F\u00fcr die Montage kannst du einen normalen Couchtisch verwenden.<\/span><\/span><\/p>\n<p><span style=\"font-size: 14px; line-height: 14px;\"><strong>Puzzle-Material <\/strong><\/span><\/p>\n<p><span style=\"font-size: 14px; line-height: 14px;\"><strong>hochwertiger blauer Karton<\/strong><\/span><\/p>\n<p><span style=\"font-size: 14px; line-height: 14px;\"><strong>nachhaltige, recycelbare Materialien<\/strong><\/span><\/p>\n<p><span style=\"font-size: 14px; line-height: 14px;\"><strong>halbgl\u00e4nzende Oberfl\u00e4che, leuchtende Farben<\/strong><\/span><\/p>\n<p><span style=\"font-size: 14px; line-height: 14px;\"><strong>Anzahl der Puzzleteile: 1000<\/strong><\/span><\/p>\n<p><span style=\"font-size: 14px; line-height: 14px;\"><strong>Empfohlenes Alter: 14+<\/strong><\/span><\/p>\n<p><span style=\"font-size: 14px; line-height: 14px;\"><strong>Puzzlespiele und gesundheitliche Vorteile<\/strong><\/span><\/p>\n<p><span style=\"font-weight: 400; font-size: 14px; line-height: 14px;\">Puzzles f\u00fcr Erwachsene trainieren dein Gehirn und helfen ihm, gesund zu bleiben. Dar\u00fcber hinaus gibt es noch weitere <strong>Vorteile<\/strong> f\u00fcr dich:<\/span><\/p>\n<p><span style=\"font-size: 14px; line-height: 14px;\"><strong>Den Blutdruck und die Herzfrequenz innerhalb normaler Grenzen halten<\/strong><span style=\"font-weight: 400;\"> &#8211; Das liegt daran, dass sich dein Geist und dein K\u00f6rper w\u00e4hrend des Zusammenbaus des Puzzlespiels entspannen. So erreicht der K\u00f6rper ein Gleichgewicht und alle Organe funktionieren richtig.<\/span><\/span><\/p>\n<p><span style=\"font-size: 14px; line-height: 14px;\"><strong>Verbessertes Ged\u00e4chtnis <\/strong><span style=\"font-weight: 400;\">Ein 1000-Teile-Puzzle trainiert dein Kurzzeitged\u00e4chtnis. Es fordert dich heraus, dich an Formen und Farben zu erinnern, aber auch neue Wege zu finden, sie zusammenzusetzen. Diese \u00dcbung hilft dir auch bei anderen Aktivit\u00e4ten, die mit Ged\u00e4chtnis und Konzentration zu tun haben.<\/span><\/span><\/p>\n<p><span style=\"font-size: 14px; line-height: 14px;\"><strong>L\u00f6se dich von den Alltagsproblemen <\/strong><span style=\"font-weight: 400;\">Wenn du jeden Tag ein Kunstpuzzle zusammenstellst, entkommst du in eine Welt des Friedens und der Farben, weit weg von den Alltagssorgen und Gedanken, die dir keine Ruhe lassen.  <\/span><\/span><\/p>\n<h4><span style=\"font-size: 14px; line-height: 14px;\"><strong>5 Dinge, die du nicht \u00fcber den K\u00fcnstler wusstest <\/strong><strong>Mary Cassatt<\/strong><\/span><\/h4>\n<p><span style=\"font-weight: 400; font-size: 14px; line-height: 14px;\">1. Sie war die einzige amerikanische K\u00fcnstlerin, die neben den Impressionisten in Paris ausstellte.<\/span><\/p>\n<p><span style=\"font-size: 14px; line-height: 14px;\"><span style=\"font-weight: 400;\">2. Sie unterst\u00fctzte sowohl moralisch als auch finanziell, <\/span><span style=\"font-weight: 400;\">die Frauenwahlrechtsbewegung<\/span><\/span><\/p>\n<p><span style=\"font-weight: 400; font-size: 14px; line-height: 14px;\">3. Obwohl sie aus einer Bankiersfamilie stammte, weigerte sich ihr Vater, f\u00fcr ihre Malmaterialien zu bezahlen. Die fehlende Unterst\u00fctzung durch ihre Familie machte sie ehrgeizig, um vom Malen finanziell unabh\u00e4ngig zu werden.<\/span><\/p>\n<p><span style=\"font-weight: 400; font-size: 14px; line-height: 14px;\">4. Als Frau war es ihr verboten, lebende Modelle zu verwenden, und sie durfte nur nach unbelebten Gegenst\u00e4nden zeichnen.<\/span><\/p>\n<p><span style=\"font-weight: 400; font-size: 14px; line-height: 14px;\">5. Sie studierte in Paris und war mit dem Maler Edgar Degas befreundet. Sie posierte f\u00fcr ihn und der K\u00fcnstler fertigte zwei Stiche von Cassatt im Louvre an. Keiner der beiden hat je geheiratet und es wurde spekuliert, dass sie mehr als nur eine sch\u00f6ne Freundschaft verband, aber es wurden nie Beweise f\u00fcr diese Spekulationen gefunden.<\/span><\/p>\n<p><span style=\"font-size: 14px; line-height: 14px;\"><strong>Puzzlespiele fordern dich heraus, neue Dinge zu lernen!<\/strong><\/span><\/p>\n<p><span style=\"font-weight: 400; font-size: 14px; line-height: 14px;\">Montagestrategien zu entwickeln, Probleme aus verschiedenen Blickwinkeln zu betrachten, mehr \u00fcber die Geschichte hinter dem Kunstwerk erfahren zu wollen. So viele Wissensherausforderungen bietet dir ein Puzzlespiel! <\/span><\/p>\n<p><span style=\"font-size: 14px; line-height: 14px;\"><span style=\"font-weight: 400;\">Die 1000-teiligen Puzzles der Kunstpuzzle-Kollektion machen Appetit auf Kunst und eine faszinierende Welt. 1000-teilige Puzzlespiele kaufen <\/span><span style=\"font-weight: 400;\">Mary Cassatt &#8211; Little Girl in a Blue Armchair und begib dich auf eine neue Reise des Wissens! Verschenke dieses wunderbare Puzzlespiel und bringe Freude in das Gesicht eines lieben Freundes, der 1000-teilige Puzzles liebt.<\/span><\/span><\/p><\/p>\n","protected":false},"excerpt":{"rendered":"<p>Finde ber\u00fchmte Gem\u00e4lde, die lebendige Farben, Ausdruckskraft und Harmonie vermitteln, im gr\u00f6\u00dften Angebot an Kunstr\u00e4tseln in Rum\u00e4nien. Du kannst die<\/p>\n","protected":false},"featured_media":64267,"template":"","meta":[],"product_brand":[],"product_cat":[1875,1915,1916],"product_tag":[],"class_list":{"0":"post-37930","1":"product","2":"type-product","3":"status-publish","4":"has-post-thumbnail","6":"product_cat-puzzle-de","7":"product_cat-puzzlespiele-fur-erwachsene","8":"product_cat-1000-teile-puzzle","9":"pa_bax-10-de","10":"pa_brand-d_toys-de","11":"pa_country_of_manufacture-ro-de","12":"pa_filter_age-14-de","13":"pa_painter-johnwilliamwaterhouse-de","14":"pa_tip_ambalaj-kasten-a4-de","15":"pa_tip_puzzle-klassisch","17":"first","18":"instock","19":"taxable","20":"shipping-taxable","21":"product-type-simple"},"yoast_head":"<!-- This site is optimized with the Yoast SEO plugin v20.1 - https:\/\/yoast.com\/wordpress\/plugins\/seo\/ -->\n<title>Mary Cassatt Puzzle f\u00fcr Erwachsene - Little Girl in a Blue Armchair - 1000 Teile<\/title>\n<meta name=\"description\" content=\"Mary Cassatt Puzzle f\u00fcr Erwachsene - Little Girl in a Blue Armchair - 1000 Teile\" \/>\n<meta name=\"robots\" content=\"index, follow, max-snippet:-1, max-image-preview:large, max-video-preview:-1\" \/>\n<link rel=\"canonical\" href=\"https:\/\/business.roovi.com\/de\/mary-cassatt-puzzle-fur-erwachsene-little-girl-in-a-blue-armchair-1000-teile\/p\/\" \/>\n<meta property=\"og:locale\" content=\"de_DE\" \/>\n<meta property=\"og:type\" content=\"article\" \/>\n<meta property=\"og:title\" content=\"Mary Cassatt Puzzle f\u00fcr Erwachsene - Little Girl in a Blue Armchair - 1000 Teile\" \/>\n<meta property=\"og:description\" content=\"Mary Cassatt Puzzle f\u00fcr Erwachsene - Little Girl in a Blue Armchair - 1000 Teile\" \/>\n<meta property=\"og:url\" content=\"https:\/\/business.roovi.com\/de\/mary-cassatt-puzzle-fur-erwachsene-little-girl-in-a-blue-armchair-1000-teile\/p\/\" \/>\n<meta property=\"og:site_name\" content=\"Roovi B2B\" \/>\n<meta property=\"article:publisher\" content=\"https:\/\/www.facebook.com\/wwwjucariero\" \/>\n<meta property=\"article:modified_time\" content=\"2022-07-06T10:34:24+00:00\" \/>\n<meta property=\"og:image\" content=\"https:\/\/business.roovi.com\/wp-content\/uploads\/2021\/03\/77387-01_ansamblu_dimensiuni_cutie_cmg-800x800.png\" \/>\n\t<meta property=\"og:image:width\" content=\"800\" \/>\n\t<meta property=\"og:image:height\" content=\"800\" \/>\n\t<meta property=\"og:image:type\" content=\"image\/png\" \/>\n<meta name=\"twitter:label1\" content=\"Gesch\u00e4tzte Lesezeit\" \/>\n\t<meta name=\"twitter:data1\" content=\"3\u00a0Minuten\" \/>\n<script type=\"application\/ld+json\" class=\"yoast-schema-graph\">{\"@context\":\"https:\/\/schema.org\",\"@graph\":[{\"@type\":\"WebPage\",\"@id\":\"https:\/\/business.roovi.com\/de\/mary-cassatt-puzzle-fur-erwachsene-little-girl-in-a-blue-armchair-1000-teile\/p\/\",\"url\":\"https:\/\/business.roovi.com\/de\/mary-cassatt-puzzle-fur-erwachsene-little-girl-in-a-blue-armchair-1000-teile\/p\/\",\"name\":\"Mary Cassatt Puzzle f\u00fcr Erwachsene - Little Girl in a Blue Armchair - 1000 Teile\",\"isPartOf\":{\"@id\":\"https:\/\/business.roovi.com\/de\/#website\"},\"datePublished\":\"2021-03-09T09:26:09+00:00\",\"dateModified\":\"2022-07-06T10:34:24+00:00\",\"description\":\"Mary Cassatt Puzzle f\u00fcr Erwachsene - Little Girl in a Blue Armchair - 1000 Teile\",\"breadcrumb\":{\"@id\":\"https:\/\/business.roovi.com\/de\/mary-cassatt-puzzle-fur-erwachsene-little-girl-in-a-blue-armchair-1000-teile\/p\/#breadcrumb\"},\"inLanguage\":\"de\",\"potentialAction\":[{\"@type\":\"ReadAction\",\"target\":[\"https:\/\/business.roovi.com\/de\/mary-cassatt-puzzle-fur-erwachsene-little-girl-in-a-blue-armchair-1000-teile\/p\/\"]}]},{\"@type\":\"BreadcrumbList\",\"@id\":\"https:\/\/business.roovi.com\/de\/mary-cassatt-puzzle-fur-erwachsene-little-girl-in-a-blue-armchair-1000-teile\/p\/#breadcrumb\",\"itemListElement\":[{\"@type\":\"ListItem\",\"position\":1,\"name\":\"Home\",\"item\":\"https:\/\/business.roovi.com\/de\/\"},{\"@type\":\"ListItem\",\"position\":2,\"name\":\"Shop\",\"item\":\"https:\/\/business.roovi.com\/de\/shop\/\"},{\"@type\":\"ListItem\",\"position\":3,\"name\":\"Mary Cassatt Puzzle f\u00fcr Erwachsene &#8211; Little Girl in a Blue Armchair &#8211; 1000 Teile\"}]},{\"@type\":\"WebSite\",\"@id\":\"https:\/\/business.roovi.com\/de\/#website\",\"url\":\"https:\/\/business.roovi.com\/de\/\",\"name\":\"Roovi B2B\",\"description\":\"Roovi Business Website\",\"potentialAction\":[{\"@type\":\"SearchAction\",\"target\":{\"@type\":\"EntryPoint\",\"urlTemplate\":\"https:\/\/business.roovi.com\/de\/?s={search_term_string}\"},\"query-input\":\"required name=search_term_string\"}],\"inLanguage\":\"de\"}]}<\/script>\n<!-- \/ Yoast SEO plugin. -->","yoast_head_json":{"title":"Mary Cassatt Puzzle f\u00fcr Erwachsene - Little Girl in a Blue Armchair - 1000 Teile","description":"Mary Cassatt Puzzle f\u00fcr Erwachsene - Little Girl in a Blue Armchair - 1000 Teile","robots":{"index":"index","follow":"follow","max-snippet":"max-snippet:-1","max-image-preview":"max-image-preview:large","max-video-preview":"max-video-preview:-1"},"canonical":"https:\/\/business.roovi.com\/de\/mary-cassatt-puzzle-fur-erwachsene-little-girl-in-a-blue-armchair-1000-teile\/p\/","og_locale":"de_DE","og_type":"article","og_title":"Mary Cassatt Puzzle f\u00fcr Erwachsene - Little Girl in a Blue Armchair - 1000 Teile","og_description":"Mary Cassatt Puzzle f\u00fcr Erwachsene - Little Girl in a Blue Armchair - 1000 Teile","og_url":"https:\/\/business.roovi.com\/de\/mary-cassatt-puzzle-fur-erwachsene-little-girl-in-a-blue-armchair-1000-teile\/p\/","og_site_name":"Roovi B2B","article_publisher":"https:\/\/www.facebook.com\/wwwjucariero","article_modified_time":"2022-07-06T10:34:24+00:00","og_image":[{"width":800,"height":800,"url":"https:\/\/business.roovi.com\/wp-content\/uploads\/2021\/03\/77387-01_ansamblu_dimensiuni_cutie_cmg-800x800.png","type":"image\/png"}],"twitter_misc":{"Gesch\u00e4tzte Lesezeit":"3\u00a0Minuten"},"schema":{"@context":"https:\/\/schema.org","@graph":[{"@type":"WebPage","@id":"https:\/\/business.roovi.com\/de\/mary-cassatt-puzzle-fur-erwachsene-little-girl-in-a-blue-armchair-1000-teile\/p\/","url":"https:\/\/business.roovi.com\/de\/mary-cassatt-puzzle-fur-erwachsene-little-girl-in-a-blue-armchair-1000-teile\/p\/","name":"Mary Cassatt Puzzle f\u00fcr Erwachsene - Little Girl in a Blue Armchair - 1000 Teile","isPartOf":{"@id":"https:\/\/business.roovi.com\/de\/#website"},"datePublished":"2021-03-09T09:26:09+00:00","dateModified":"2022-07-06T10:34:24+00:00","description":"Mary Cassatt Puzzle f\u00fcr Erwachsene - Little Girl in a Blue Armchair - 1000 Teile","breadcrumb":{"@id":"https:\/\/business.roovi.com\/de\/mary-cassatt-puzzle-fur-erwachsene-little-girl-in-a-blue-armchair-1000-teile\/p\/#breadcrumb"},"inLanguage":"de","potentialAction":[{"@type":"ReadAction","target":["https:\/\/business.roovi.com\/de\/mary-cassatt-puzzle-fur-erwachsene-little-girl-in-a-blue-armchair-1000-teile\/p\/"]}]},{"@type":"BreadcrumbList","@id":"https:\/\/business.roovi.com\/de\/mary-cassatt-puzzle-fur-erwachsene-little-girl-in-a-blue-armchair-1000-teile\/p\/#breadcrumb","itemListElement":[{"@type":"ListItem","position":1,"name":"Home","item":"https:\/\/business.roovi.com\/de\/"},{"@type":"ListItem","position":2,"name":"Shop","item":"https:\/\/business.roovi.com\/de\/shop\/"},{"@type":"ListItem","position":3,"name":"Mary Cassatt Puzzle f\u00fcr Erwachsene &#8211; Little Girl in a Blue Armchair &#8211; 1000 Teile"}]},{"@type":"WebSite","@id":"https:\/\/business.roovi.com\/de\/#website","url":"https:\/\/business.roovi.com\/de\/","name":"Roovi B2B","description":"Roovi Business Website","potentialAction":[{"@type":"SearchAction","target":{"@type":"EntryPoint","urlTemplate":"https:\/\/business.roovi.com\/de\/?s={search_term_string}"},"query-input":"required name=search_term_string"}],"inLanguage":"de"}]}},"_links":{"self":[{"href":"https:\/\/business.roovi.com\/de\/wp-json\/wp\/v2\/product\/37930","targetHints":{"allow":["GET"]}}],"collection":[{"href":"https:\/\/business.roovi.com\/de\/wp-json\/wp\/v2\/product"}],"about":[{"href":"https:\/\/business.roovi.com\/de\/wp-json\/wp\/v2\/types\/product"}],"version-history":[{"count":0,"href":"https:\/\/business.roovi.com\/de\/wp-json\/wp\/v2\/product\/37930\/revisions"}],"wp:featuredmedia":[{"embeddable":true,"href":"https:\/\/business.roovi.com\/de\/wp-json\/wp\/v2\/media\/64267"}],"wp:attachment":[{"href":"https:\/\/business.roovi.com\/de\/wp-json\/wp\/v2\/media?parent=37930"}],"wp:term":[{"taxonomy":"product_brand","embeddable":true,"href":"https:\/\/business.roovi.com\/de\/wp-json\/wp\/v2\/product_brand?post=37930"},{"taxonomy":"product_cat","embeddable":true,"href":"https:\/\/business.roovi.com\/de\/wp-json\/wp\/v2\/product_cat?post=37930"},{"taxonomy":"product_tag","embeddable":true,"href":"https:\/\/business.roovi.com\/de\/wp-json\/wp\/v2\/product_tag?post=37930"}],"curies":[{"name":"wp","href":"https:\/\/api.w.org\/{rel}","templated":true}]}}