{"id":37933,"date":"2021-03-09T09:17:23","date_gmt":"2021-03-09T09:17:23","guid":{"rendered":"https:\/\/business.roovi.com\/puzzle-adulti-cassius-marcellus-coolidge-poker-game-1000-piese\/p\/"},"modified":"2022-07-06T10:34:27","modified_gmt":"2022-07-06T10:34:27","slug":"cassius-marcellus-coolidge-puzzle-fur-erwachsene-pokerspiel-1000-teile","status":"publish","type":"product","link":"https:\/\/business.roovi.com\/de\/cassius-marcellus-coolidge-puzzle-fur-erwachsene-pokerspiel-1000-teile\/p\/","title":{"rendered":"Cassius Marcellus Coolidge Puzzle f\u00fcr Erwachsene &#8211; Pokerspiel &#8211; 1000 Teile"},"content":{"rendered":"<p><span style=\"font-weight: 400; font-size: 14px; line-height: 14px;\">In unserer Sammlung von Kunstr\u00e4tseln haben wir Bilder der ber\u00fchmtesten Gem\u00e4lde der Welt zusammengetragen, die durch Farbe und Raffinesse faszinieren. St\u00f6bere online und w\u00e4hle 1000-teilige Puzzles aus hochwertigen Materialien aus, um einzigartige Deko-Objekte zu erstellen.<\/span><\/p>\n<p><span style=\"font-weight: 400; font-size: 14px; line-height: 14px;\">Cassius Marcellus Coolidge &#8211; Poker Game 1000 pieces puzzle ist das Abbild des ber\u00fchmten Gem\u00e4ldes des K\u00fcnstlers, der mit seinem Werk, das pokerspielende Hunde darstellt, Geschichte schrieb. Es macht super viel Spa\u00df, ein Bild von vier verarmten Hunden zu malen, die pokern! Nimm die Herausforderung an und du wirst uns Recht geben!<\/span><\/p>\n<p><span style=\"font-weight: 400; font-size: 14px; line-height: 14px;\">Cassius Marcellus Coolidge &#8211; Poker Game Kunstpuzzle Eigenschaften:<\/span><\/p>\n<p><span style=\"font-size: 14px; line-height: 14px;\"><strong>Ma\u00dfe des rekonstruierten Bildes: 50 x 70 cm.<\/strong><span style=\"font-weight: 400;\"> F\u00fcr die Montage kannst du einen normalen Couchtisch verwenden.<\/span><\/span><\/p>\n<p><span style=\"font-size: 14px; line-height: 14px;\"><strong>Puzzle-Material <\/strong><\/span><\/p>\n<p><span style=\"font-size: 14px; line-height: 14px;\"><strong>hochwertiger blauer Karton<\/strong><\/span><\/p>\n<p><span style=\"font-size: 14px; line-height: 14px;\"><strong>nachhaltige, recycelbare Materialien<\/strong><\/span><\/p>\n<p><span style=\"font-size: 14px; line-height: 14px;\"><strong>halbgl\u00e4nzende Oberfl\u00e4che, leuchtende Farben<\/strong><\/span><\/p>\n<p><span style=\"font-size: 14px; line-height: 14px;\"><strong>Anzahl der Puzzleteile: 1000<\/strong><\/span><\/p>\n<p><span style=\"font-size: 14px; line-height: 14px;\"><strong>Empfohlenes Alter: 14+<\/strong><\/span><\/p>\n<p><span style=\"font-weight: 400; font-size: 14px; line-height: 14px;\">Puzzlespiele helfen dir, verschiedene F\u00e4higkeiten zu verbessern, wie zum Beispiel:<\/span><\/p>\n<p><span style=\"font-size: 14px; line-height: 14px;\"><strong>Probleml\u00f6sung<\/strong><span style=\"font-weight: 400;\">r &#8211; Beim Zusammensetzen eines Puzzles mit 1000 Teilen musst du ein Problem l\u00f6sen und dein kritisches Denken aktivieren. Das L\u00f6sen von Problemen ist eine t\u00e4gliche Aufgabe, und du kannst die F\u00e4higkeit, immer L\u00f6sungen zu finden, \u00fcben, indem du jeden Tag R\u00e4tselspiele absolvierst.<\/span><\/span><\/p>\n<p><span style=\"font-size: 14px; line-height: 14px;\"><strong>Visuelle und r\u00e4umliche F\u00e4higkeiten<\/strong><span style=\"font-weight: 400;\"> &#8211; Beim Zusammensetzen des 1000 Teile Puzzles musst du die einzelnen Teile und das Puzzlespiel als Ganzes betrachten. Damit die Teile des Puzzles 1000 zusammenpassen, setzt du deine visuellen und r\u00e4umlichen F\u00e4higkeiten ein. Wenn du \u00fcbst und immer mehr Puzzles f\u00fcr Erwachsene fertigstellst, werden diese F\u00e4higkeiten immer sch\u00e4rfer und die Montagezeit wird k\u00fcrzer, was dir ein fantastisches Gef\u00fchl der Zufriedenheit gibt.<\/span><\/span><\/p>\n<p><span style=\"font-size: 14px; line-height: 14px;\"><strong>Speicher<\/strong><span style=\"font-weight: 400;\"> &#8211; Puzzlespiele erhalten und st\u00e4rken deine neuronalen Verbindungen (Synapsen), was zur Erhaltung und Verbesserung des Ged\u00e4chtnisses beitr\u00e4gt. Wenn du ein 1000-Teile-Puzzle fertigstellst, stellst du dir vor deinem geistigen Auge vor, wie die Teile zusammenpassen, welche Formen sie haben oder welche Farben sie haben, und diese Aktivit\u00e4t ist gut f\u00fcr dein Ged\u00e4chtnis <\/span><\/span><\/p>\n<p><span style=\"font-size: 14px; line-height: 14px;\"><strong>Cassius Marcellus Coolidge &#8211; der ber\u00fchmteste amerikanische K\u00fcnstler, von dem niemand je geh\u00f6rt hat<\/strong><\/span><\/p>\n<p><span style=\"font-size: 14px; line-height: 14px;\"><span style=\"font-weight: 400;\">Obwohl seine Bilder in der Welt der Popkultur mittlerweile als Kult gelten, hat Coolidge nicht viel kritische Aufmerksamkeit erhalten. Vor allem, weil er keine Ausbildung auf diesem Gebiet hatte. Und zweitens, weil sie seine Gem\u00e4lde als <\/span><strong>Hunde beim Pokern<\/strong><span style=\"font-weight: 400;\"> &#8211; 16 an der Zahl &#8211; ein Scherz, keine Kunst <\/span><\/span><\/p>\n<p><span style=\"font-size: 14px; line-height: 14px;\"><span style=\"font-weight: 400;\">Das amerikanische Publikum des fr\u00fchen 20. Jahrhunderts war jedoch begeistert von dem Werk und diese einzigartige Sammlung war ein durchschlagender Erfolg. Bild <\/span><strong>Pokerspiel <\/strong><span style=\"font-weight: 400;\">war der Star von Kalendern, personalisierten Tassen, Wandteppichen und anderen Dekorationsartikeln. Im Jahr 2015 wurde Poker Game f\u00fcr einen sagenhaften <\/span><span style=\"font-weight: 400;\">658.000$ <\/span><\/span><\/p>\n<p><span style=\"font-size: 14px; line-height: 14px;\"><span style=\"font-weight: 400;\">Einige haben den K\u00fcnstler als <\/span><strong>&#8222;Der Michelangelo der Hundewelt&#8220;<\/strong><span style=\"font-weight: 400;\">zahlreiche Filme und Zeichentrickfilme haben auf seine Arbeit Bezug genommen, darunter Police Academy, Die Simpsons und Back in Action <\/span><\/span><\/p>\n<p><span style=\"font-weight: 400; font-size: 14px; line-height: 14px;\">Bist du neugierig, wie ein Pokerspiel auf vier Beinen aussieht? Kaufe das 1000-teilige Cassius Marcellus Coolidge &#8211; Poker Game Puzzle, lege das Bild nach und schon hast du eine beeindruckende Kopie des ber\u00fchmten Gem\u00e4ldes. Dieses Puzzlespiel ist ein tolles Geschenk f\u00fcr einen begeisterten 1000-Teile-Puzzle-Freund oder einen Sammler von Kunstbildern <\/span><\/p><\/p>\n","protected":false},"excerpt":{"rendered":"<p>In unserer Sammlung von Kunstr\u00e4tseln haben wir Bilder der ber\u00fchmtesten Gem\u00e4lde der Welt zusammengetragen, die durch Farbe und Raffinesse faszinieren.<\/p>\n","protected":false},"featured_media":64261,"template":"","meta":[],"product_brand":[],"product_cat":[1875,1915,1916],"product_tag":[],"class_list":{"0":"post-37933","1":"product","2":"type-product","3":"status-publish","4":"has-post-thumbnail","6":"product_cat-puzzle-de","7":"product_cat-puzzlespiele-fur-erwachsene","8":"product_cat-1000-teile-puzzle","9":"pa_bax-10-de","10":"pa_brand-d_toys-de","11":"pa_country_of_manufacture-ro-de","12":"pa_filter_age-14-de","13":"pa_tip_ambalaj-kasten-a4-de","14":"pa_tip_puzzle-klassisch","16":"first","17":"instock","18":"taxable","19":"shipping-taxable","20":"product-type-simple"},"yoast_head":"<!-- This site is optimized with the Yoast SEO plugin v20.1 - https:\/\/yoast.com\/wordpress\/plugins\/seo\/ -->\n<title>Cassius Marcellus Coolidge Puzzle f\u00fcr Erwachsene - Pokerspiel - 1000 Teile<\/title>\n<meta name=\"description\" content=\"Cassius Marcellus Coolidge Puzzle f\u00fcr Erwachsene - Pokerspiel - 1000 Teile\" \/>\n<meta name=\"robots\" content=\"index, follow, max-snippet:-1, max-image-preview:large, max-video-preview:-1\" \/>\n<link rel=\"canonical\" href=\"https:\/\/business.roovi.com\/de\/cassius-marcellus-coolidge-puzzle-fur-erwachsene-pokerspiel-1000-teile\/p\/\" \/>\n<meta property=\"og:locale\" content=\"de_DE\" \/>\n<meta property=\"og:type\" content=\"article\" \/>\n<meta property=\"og:title\" content=\"Cassius Marcellus Coolidge Puzzle f\u00fcr Erwachsene - Pokerspiel - 1000 Teile\" \/>\n<meta property=\"og:description\" content=\"Cassius Marcellus Coolidge Puzzle f\u00fcr Erwachsene - Pokerspiel - 1000 Teile\" \/>\n<meta property=\"og:url\" content=\"https:\/\/business.roovi.com\/de\/cassius-marcellus-coolidge-puzzle-fur-erwachsene-pokerspiel-1000-teile\/p\/\" \/>\n<meta property=\"og:site_name\" content=\"Roovi B2B\" \/>\n<meta property=\"article:publisher\" content=\"https:\/\/www.facebook.com\/wwwjucariero\" \/>\n<meta property=\"article:modified_time\" content=\"2022-07-06T10:34:27+00:00\" \/>\n<meta property=\"og:image\" content=\"https:\/\/business.roovi.com\/wp-content\/uploads\/2021\/03\/77394-01_ansamblu_dimensiuni_cutie_cm-800x800.png\" \/>\n\t<meta property=\"og:image:width\" content=\"800\" \/>\n\t<meta property=\"og:image:height\" content=\"800\" \/>\n\t<meta property=\"og:image:type\" content=\"image\/png\" \/>\n<meta name=\"twitter:label1\" content=\"Gesch\u00e4tzte Lesezeit\" \/>\n\t<meta name=\"twitter:data1\" content=\"3\u00a0Minuten\" \/>\n<script type=\"application\/ld+json\" class=\"yoast-schema-graph\">{\"@context\":\"https:\/\/schema.org\",\"@graph\":[{\"@type\":\"WebPage\",\"@id\":\"https:\/\/business.roovi.com\/de\/cassius-marcellus-coolidge-puzzle-fur-erwachsene-pokerspiel-1000-teile\/p\/\",\"url\":\"https:\/\/business.roovi.com\/de\/cassius-marcellus-coolidge-puzzle-fur-erwachsene-pokerspiel-1000-teile\/p\/\",\"name\":\"Cassius Marcellus Coolidge Puzzle f\u00fcr Erwachsene - Pokerspiel - 1000 Teile\",\"isPartOf\":{\"@id\":\"https:\/\/business.roovi.com\/de\/#website\"},\"datePublished\":\"2021-03-09T09:17:23+00:00\",\"dateModified\":\"2022-07-06T10:34:27+00:00\",\"description\":\"Cassius Marcellus Coolidge Puzzle f\u00fcr Erwachsene - Pokerspiel - 1000 Teile\",\"breadcrumb\":{\"@id\":\"https:\/\/business.roovi.com\/de\/cassius-marcellus-coolidge-puzzle-fur-erwachsene-pokerspiel-1000-teile\/p\/#breadcrumb\"},\"inLanguage\":\"de\",\"potentialAction\":[{\"@type\":\"ReadAction\",\"target\":[\"https:\/\/business.roovi.com\/de\/cassius-marcellus-coolidge-puzzle-fur-erwachsene-pokerspiel-1000-teile\/p\/\"]}]},{\"@type\":\"BreadcrumbList\",\"@id\":\"https:\/\/business.roovi.com\/de\/cassius-marcellus-coolidge-puzzle-fur-erwachsene-pokerspiel-1000-teile\/p\/#breadcrumb\",\"itemListElement\":[{\"@type\":\"ListItem\",\"position\":1,\"name\":\"Home\",\"item\":\"https:\/\/business.roovi.com\/de\/\"},{\"@type\":\"ListItem\",\"position\":2,\"name\":\"Shop\",\"item\":\"https:\/\/business.roovi.com\/de\/shop\/\"},{\"@type\":\"ListItem\",\"position\":3,\"name\":\"Cassius Marcellus Coolidge Puzzle f\u00fcr Erwachsene &#8211; Pokerspiel &#8211; 1000 Teile\"}]},{\"@type\":\"WebSite\",\"@id\":\"https:\/\/business.roovi.com\/de\/#website\",\"url\":\"https:\/\/business.roovi.com\/de\/\",\"name\":\"Roovi B2B\",\"description\":\"Roovi Business Website\",\"potentialAction\":[{\"@type\":\"SearchAction\",\"target\":{\"@type\":\"EntryPoint\",\"urlTemplate\":\"https:\/\/business.roovi.com\/de\/?s={search_term_string}\"},\"query-input\":\"required name=search_term_string\"}],\"inLanguage\":\"de\"}]}<\/script>\n<!-- \/ Yoast SEO plugin. -->","yoast_head_json":{"title":"Cassius Marcellus Coolidge Puzzle f\u00fcr Erwachsene - Pokerspiel - 1000 Teile","description":"Cassius Marcellus Coolidge Puzzle f\u00fcr Erwachsene - Pokerspiel - 1000 Teile","robots":{"index":"index","follow":"follow","max-snippet":"max-snippet:-1","max-image-preview":"max-image-preview:large","max-video-preview":"max-video-preview:-1"},"canonical":"https:\/\/business.roovi.com\/de\/cassius-marcellus-coolidge-puzzle-fur-erwachsene-pokerspiel-1000-teile\/p\/","og_locale":"de_DE","og_type":"article","og_title":"Cassius Marcellus Coolidge Puzzle f\u00fcr Erwachsene - Pokerspiel - 1000 Teile","og_description":"Cassius Marcellus Coolidge Puzzle f\u00fcr Erwachsene - Pokerspiel - 1000 Teile","og_url":"https:\/\/business.roovi.com\/de\/cassius-marcellus-coolidge-puzzle-fur-erwachsene-pokerspiel-1000-teile\/p\/","og_site_name":"Roovi B2B","article_publisher":"https:\/\/www.facebook.com\/wwwjucariero","article_modified_time":"2022-07-06T10:34:27+00:00","og_image":[{"width":800,"height":800,"url":"https:\/\/business.roovi.com\/wp-content\/uploads\/2021\/03\/77394-01_ansamblu_dimensiuni_cutie_cm-800x800.png","type":"image\/png"}],"twitter_misc":{"Gesch\u00e4tzte Lesezeit":"3\u00a0Minuten"},"schema":{"@context":"https:\/\/schema.org","@graph":[{"@type":"WebPage","@id":"https:\/\/business.roovi.com\/de\/cassius-marcellus-coolidge-puzzle-fur-erwachsene-pokerspiel-1000-teile\/p\/","url":"https:\/\/business.roovi.com\/de\/cassius-marcellus-coolidge-puzzle-fur-erwachsene-pokerspiel-1000-teile\/p\/","name":"Cassius Marcellus Coolidge Puzzle f\u00fcr Erwachsene - Pokerspiel - 1000 Teile","isPartOf":{"@id":"https:\/\/business.roovi.com\/de\/#website"},"datePublished":"2021-03-09T09:17:23+00:00","dateModified":"2022-07-06T10:34:27+00:00","description":"Cassius Marcellus Coolidge Puzzle f\u00fcr Erwachsene - Pokerspiel - 1000 Teile","breadcrumb":{"@id":"https:\/\/business.roovi.com\/de\/cassius-marcellus-coolidge-puzzle-fur-erwachsene-pokerspiel-1000-teile\/p\/#breadcrumb"},"inLanguage":"de","potentialAction":[{"@type":"ReadAction","target":["https:\/\/business.roovi.com\/de\/cassius-marcellus-coolidge-puzzle-fur-erwachsene-pokerspiel-1000-teile\/p\/"]}]},{"@type":"BreadcrumbList","@id":"https:\/\/business.roovi.com\/de\/cassius-marcellus-coolidge-puzzle-fur-erwachsene-pokerspiel-1000-teile\/p\/#breadcrumb","itemListElement":[{"@type":"ListItem","position":1,"name":"Home","item":"https:\/\/business.roovi.com\/de\/"},{"@type":"ListItem","position":2,"name":"Shop","item":"https:\/\/business.roovi.com\/de\/shop\/"},{"@type":"ListItem","position":3,"name":"Cassius Marcellus Coolidge Puzzle f\u00fcr Erwachsene &#8211; Pokerspiel &#8211; 1000 Teile"}]},{"@type":"WebSite","@id":"https:\/\/business.roovi.com\/de\/#website","url":"https:\/\/business.roovi.com\/de\/","name":"Roovi B2B","description":"Roovi Business Website","potentialAction":[{"@type":"SearchAction","target":{"@type":"EntryPoint","urlTemplate":"https:\/\/business.roovi.com\/de\/?s={search_term_string}"},"query-input":"required name=search_term_string"}],"inLanguage":"de"}]}},"_links":{"self":[{"href":"https:\/\/business.roovi.com\/de\/wp-json\/wp\/v2\/product\/37933","targetHints":{"allow":["GET"]}}],"collection":[{"href":"https:\/\/business.roovi.com\/de\/wp-json\/wp\/v2\/product"}],"about":[{"href":"https:\/\/business.roovi.com\/de\/wp-json\/wp\/v2\/types\/product"}],"version-history":[{"count":0,"href":"https:\/\/business.roovi.com\/de\/wp-json\/wp\/v2\/product\/37933\/revisions"}],"wp:featuredmedia":[{"embeddable":true,"href":"https:\/\/business.roovi.com\/de\/wp-json\/wp\/v2\/media\/64261"}],"wp:attachment":[{"href":"https:\/\/business.roovi.com\/de\/wp-json\/wp\/v2\/media?parent=37933"}],"wp:term":[{"taxonomy":"product_brand","embeddable":true,"href":"https:\/\/business.roovi.com\/de\/wp-json\/wp\/v2\/product_brand?post=37933"},{"taxonomy":"product_cat","embeddable":true,"href":"https:\/\/business.roovi.com\/de\/wp-json\/wp\/v2\/product_cat?post=37933"},{"taxonomy":"product_tag","embeddable":true,"href":"https:\/\/business.roovi.com\/de\/wp-json\/wp\/v2\/product_tag?post=37933"}],"curies":[{"name":"wp","href":"https:\/\/api.w.org\/{rel}","templated":true}]}}