{"id":37936,"date":"2021-03-09T09:14:25","date_gmt":"2021-03-09T09:14:25","guid":{"rendered":"https:\/\/business.roovi.com\/puzzle-adulti-carl-bloch-in-a-roman-osteriaintr-o-osterie-romana-1000-piese\/p\/"},"modified":"2022-07-06T10:34:31","modified_gmt":"2022-07-06T10:34:31","slug":"carl-bloch-puzzle-fur-erwachsene-in-einer-romischen-osteria-1000-teile","status":"publish","type":"product","link":"https:\/\/business.roovi.com\/de\/carl-bloch-puzzle-fur-erwachsene-in-einer-romischen-osteria-1000-teile\/p\/","title":{"rendered":"Carl Bloch Puzzle f\u00fcr Erwachsene &#8211; In einer r\u00f6mischen Osteria &#8211; 1000 Teile"},"content":{"rendered":"<p><span style=\"font-weight: 400;\">Wir haben Bilder von ber\u00fchmten Gem\u00e4lden aus allen Zeiten, von der Renaissance bis zur Gegenwart, f\u00fcr unsere 1000 Teile Puzzles ausgew\u00e4hlt. Mach einen virtuellen Rundgang durch unsere Kunstgalerie und w\u00e4hle 1000 Puzzles aus, um deine eigene Kunstsammlung aufzubauen.<\/span><\/p>\n<p><span style=\"font-weight: 400;\">Entdecke das faszinierende d\u00e4nische Gem\u00e4lde mit dem 1000-teiligen Puzzle Carl Bloch &#8211; In einer r\u00f6mischen Osteria, einem Puzzle, das das gleichnamige Werk perfekt abbildet <\/span><\/p>\n<p><span style=\"font-weight: 400;\">Zwei Frauen schauen sch\u00fcchtern aus dem Bild, ihr Begleiter dreht ihnen den R\u00fccken zu und wirft ihnen einen scharfen Blick zu. Es ist der Maler selbst, der Autor des Werks.  Dahinter, an einem anderen Tisch, unterhalten sich drei andere Herren. Einer von ihnen ist der Mann, der das Gem\u00e4lde in Auftrag gegeben hat.<\/span><em><span style=\"font-weight: 400;\">  In einer r\u00f6mischen Taverne<\/span><\/em><span style=\"font-weight: 400;\">  zeigt eine typische Bloch-Szene, in der der K\u00fcnstler seine erstaunliche F\u00e4higkeit zeigt, Gegenst\u00e4nde, Menschen und andere Details mit beeindruckendem Realismus darzustellen.<\/span><\/p>\n<p><span style=\"font-weight: 400;\">Erstelle dein eigenes Deko-Objekt aus diesem wunderbaren 1000-teiligen Carl Bloch &#8211; In einer r\u00f6mischen Osteria-Puzzle. Dein Bild ist 50 x 70 cm gro\u00df und du kannst es auf einem normalen Couchtisch nachstellen.<\/span><\/p>\n<p><span style=\"font-weight: 400;\">Weitere Merkmale des Kunstpuzzles:<\/span><\/p>\n<p><strong>Puzzle-Material <\/strong><\/p>\n<p><strong>hochwertiger blauer Karton<\/strong><\/p>\n<p><strong>nachhaltige, recycelbare Materialien<\/strong><\/p>\n<p><strong>halbgl\u00e4nzende Oberfl\u00e4che, leuchtende Farben<\/strong><\/p>\n<p><strong>Anzahl der Puzzleteile: 1000<\/strong><\/p>\n<p><strong>Empfohlenes Alter: 14+<\/strong><\/p>\n<p><strong>Entspanne deinen Geist und deinen K\u00f6rper, indem du jeden Tag ein 1000-Teile-Puzzle zusammensetzt!<\/strong><\/p>\n<p><span style=\"font-weight: 400;\">Wenn du dich auf Hunderte von 1000 Puzzleteilen konzentrierst, schaltet dein Verstand von den Alltagssorgen ab. Zusammen mit deinem Geist und K\u00f6rper entspannt sich dein K\u00f6rper und schafft ein Gleichgewicht zwischen deinem inneren und k\u00f6rperlichen Zustand. Dieser allgemeine Zustand des Wohlbefindens macht dich optimistischer und l\u00e4sst dich die Probleme des Alltags mit mehr Gelassenheit betrachten.<\/span><\/p>\n<p><strong>1000-Teile-Puzzle &#8211; ein guter pers\u00f6nlicher Gehirntrainer<\/strong><\/p>\n<p><span style=\"font-weight: 400;\">Nicht nur der K\u00f6rper muss trainiert werden, um gut zu funktionieren, sondern auch das Gehirn. Puzzlespiele sprechen sowohl die linke Gehirnh\u00e4lfte an, die f\u00fcr Logik und analytisches Denken zust\u00e4ndig ist, als auch die rechte Gehirnh\u00e4lfte, die f\u00fcr Kreativit\u00e4t und alles Fantasievolle zust\u00e4ndig ist. So wird das 1000-Teile-Puzzle zu einem echten Trainer, der dein Gehirn trainiert und es gesund h\u00e4lt.<\/span><\/p>\n<p><strong>Wer war Carl Bloch?<\/strong><\/p>\n<p><span style=\"font-weight: 400;\">Ein d\u00e4nischer Maler, der im 19. Jahrhundert lebte.<\/span><\/p>\n<p><span style=\"font-weight: 400;\">Seine fr\u00fchen Werke zeigen Szenen aus dem d\u00e4nischen Landleben, aber je weiter er sich als K\u00fcnstler entwickelte, desto vielf\u00e4ltiger und komplexer wurden seine Themen.<\/span><\/p>\n<p><span style=\"font-weight: 400;\">Er war ein Bewunderer von Rembrandt, und seine Leidenschaft f\u00fcr dessen Werk hatte einen gro\u00dfen Einfluss auf seine Entwicklung als K\u00fcnstler.<\/span><\/p>\n<p><span style=\"font-weight: 400;\">Seine Eltern wollten ihn auf eine milit\u00e4rische Laufbahn bei der Marine vorbereiten, aber seine Leidenschaft f\u00fcr die Kunst gewann die Oberhand.<\/span><\/p>\n<p><span style=\"font-weight: 400;\">Er wurde beauftragt, 23 Gem\u00e4lde f\u00fcr die Kapelle von Schloss Frederiksborg anzufertigen. Die Originale befinden sich noch im Palast.<\/span><\/p>\n<p><span style=\"font-weight: 400;\">Einige Kritiker halten Carl Bloch f\u00fcr den gr\u00f6\u00dften K\u00fcnstler, der jemals das Leben und den Tod von Christus dargestellt hat <\/span><\/p>\n<p><strong>3 weitere Vorteile von Puzzlespielen<\/strong><\/p>\n<p><strong>Puzzlespiele machen unglaublich viel Spa\u00df<\/strong><span style=\"font-weight: 400;\">besonders, wenn du die Bilder mit deinen Kindern oder Freunden nachstellst.<\/span><\/p>\n<p><strong>Hilft dir, dich von den Bildschirmen zu l\u00f6sen<\/strong><span style=\"font-weight: 400;\"> und l\u00e4dt deine Batterien mit positiver Energie wieder auf.<\/span><\/p>\n<p><strong>Es versetzt dich in die Lage eines echten Detektivs<\/strong><span style=\"font-weight: 400;\"> suche nach Hinweisen unter hunderten von 1000 Puzzleteilen und finde die L\u00f6sung eines komplizierten Falls in einem Puzzlespiel.<\/span><\/p>\n<p><span style=\"font-weight: 400;\">Jetzt, wo du die wunderbaren Vorteile von Puzzlespielen kennst, solltest du nicht mehr lange \u00fcberlegen! Kaufe Carl Bloch &#8211; In einer r\u00f6mischen Osteria Puzzle und mach dich an die Arbeit. Du wirst ein tolles Erlebnis und ein au\u00dfergew\u00f6hnliches Gem\u00e4lde genie\u00dfen!<\/span><\/p>\n<p><span style=\"font-weight: 400;\">Wenn du auf der Suche nach Geschenkideen bist,<\/span><strong> 1000 Teile Puzzle In einem r\u00f6mischen Gasthaus<\/strong><span style=\"font-weight: 400;\"> bietet dir die perfekte L\u00f6sung. Bestelle es jetzt! <\/span><\/p><\/p>\n","protected":false},"excerpt":{"rendered":"<p>Wir haben Bilder von ber\u00fchmten Gem\u00e4lden aus allen Zeiten, von der Renaissance bis zur Gegenwart, f\u00fcr unsere 1000 Teile Puzzles<\/p>\n","protected":false},"featured_media":64206,"template":"","meta":[],"product_brand":[],"product_cat":[1875,1915,1916],"product_tag":[],"class_list":{"0":"post-37936","1":"product","2":"type-product","3":"status-publish","4":"has-post-thumbnail","6":"product_cat-puzzle-de","7":"product_cat-puzzlespiele-fur-erwachsene","8":"product_cat-1000-teile-puzzle","9":"pa_bax-10-de","10":"pa_brand-d_toys-de","11":"pa_country_of_manufacture-ro-de","12":"pa_filter_age-14-de","13":"pa_painter-johnwilliamwaterhouse-de","14":"pa_tip_ambalaj-kasten-a4-de","15":"pa_tip_puzzle-klassisch","17":"first","18":"instock","19":"taxable","20":"shipping-taxable","21":"product-type-simple"},"yoast_head":"<!-- This site is optimized with the Yoast SEO plugin v20.1 - https:\/\/yoast.com\/wordpress\/plugins\/seo\/ -->\n<title>Carl Bloch Puzzle f\u00fcr Erwachsene - In einer r\u00f6mischen Osteria - 1000 Teile<\/title>\n<meta name=\"description\" content=\"Carl Bloch Puzzle f\u00fcr Erwachsene - In einer r\u00f6mischen Osteria - 1000 Teile\" \/>\n<meta name=\"robots\" content=\"index, follow, max-snippet:-1, max-image-preview:large, max-video-preview:-1\" \/>\n<link rel=\"canonical\" href=\"https:\/\/business.roovi.com\/de\/carl-bloch-puzzle-fur-erwachsene-in-einer-romischen-osteria-1000-teile\/p\/\" \/>\n<meta property=\"og:locale\" content=\"de_DE\" \/>\n<meta property=\"og:type\" content=\"article\" \/>\n<meta property=\"og:title\" content=\"Carl Bloch Puzzle f\u00fcr Erwachsene - In einer r\u00f6mischen Osteria - 1000 Teile\" \/>\n<meta property=\"og:description\" content=\"Carl Bloch Puzzle f\u00fcr Erwachsene - In einer r\u00f6mischen Osteria - 1000 Teile\" \/>\n<meta property=\"og:url\" content=\"https:\/\/business.roovi.com\/de\/carl-bloch-puzzle-fur-erwachsene-in-einer-romischen-osteria-1000-teile\/p\/\" \/>\n<meta property=\"og:site_name\" content=\"Roovi B2B\" \/>\n<meta property=\"article:publisher\" content=\"https:\/\/www.facebook.com\/wwwjucariero\" \/>\n<meta property=\"article:modified_time\" content=\"2022-07-06T10:34:31+00:00\" \/>\n<meta property=\"og:image\" content=\"https:\/\/business.roovi.com\/wp-content\/uploads\/2021\/03\/77363-01_ansamblu_dimensiuni_cutie_cm-800x800.png\" \/>\n\t<meta property=\"og:image:width\" content=\"800\" \/>\n\t<meta property=\"og:image:height\" content=\"800\" \/>\n\t<meta property=\"og:image:type\" content=\"image\/png\" \/>\n<meta name=\"twitter:label1\" content=\"Gesch\u00e4tzte Lesezeit\" \/>\n\t<meta name=\"twitter:data1\" content=\"3\u00a0Minuten\" \/>\n<script type=\"application\/ld+json\" class=\"yoast-schema-graph\">{\"@context\":\"https:\/\/schema.org\",\"@graph\":[{\"@type\":\"WebPage\",\"@id\":\"https:\/\/business.roovi.com\/de\/carl-bloch-puzzle-fur-erwachsene-in-einer-romischen-osteria-1000-teile\/p\/\",\"url\":\"https:\/\/business.roovi.com\/de\/carl-bloch-puzzle-fur-erwachsene-in-einer-romischen-osteria-1000-teile\/p\/\",\"name\":\"Carl Bloch Puzzle f\u00fcr Erwachsene - In einer r\u00f6mischen Osteria - 1000 Teile\",\"isPartOf\":{\"@id\":\"https:\/\/business.roovi.com\/de\/#website\"},\"datePublished\":\"2021-03-09T09:14:25+00:00\",\"dateModified\":\"2022-07-06T10:34:31+00:00\",\"description\":\"Carl Bloch Puzzle f\u00fcr Erwachsene - In einer r\u00f6mischen Osteria - 1000 Teile\",\"breadcrumb\":{\"@id\":\"https:\/\/business.roovi.com\/de\/carl-bloch-puzzle-fur-erwachsene-in-einer-romischen-osteria-1000-teile\/p\/#breadcrumb\"},\"inLanguage\":\"de\",\"potentialAction\":[{\"@type\":\"ReadAction\",\"target\":[\"https:\/\/business.roovi.com\/de\/carl-bloch-puzzle-fur-erwachsene-in-einer-romischen-osteria-1000-teile\/p\/\"]}]},{\"@type\":\"BreadcrumbList\",\"@id\":\"https:\/\/business.roovi.com\/de\/carl-bloch-puzzle-fur-erwachsene-in-einer-romischen-osteria-1000-teile\/p\/#breadcrumb\",\"itemListElement\":[{\"@type\":\"ListItem\",\"position\":1,\"name\":\"Home\",\"item\":\"https:\/\/business.roovi.com\/de\/\"},{\"@type\":\"ListItem\",\"position\":2,\"name\":\"Shop\",\"item\":\"https:\/\/business.roovi.com\/de\/shop\/\"},{\"@type\":\"ListItem\",\"position\":3,\"name\":\"Carl Bloch Puzzle f\u00fcr Erwachsene &#8211; In einer r\u00f6mischen Osteria &#8211; 1000 Teile\"}]},{\"@type\":\"WebSite\",\"@id\":\"https:\/\/business.roovi.com\/de\/#website\",\"url\":\"https:\/\/business.roovi.com\/de\/\",\"name\":\"Roovi B2B\",\"description\":\"Roovi Business Website\",\"potentialAction\":[{\"@type\":\"SearchAction\",\"target\":{\"@type\":\"EntryPoint\",\"urlTemplate\":\"https:\/\/business.roovi.com\/de\/?s={search_term_string}\"},\"query-input\":\"required name=search_term_string\"}],\"inLanguage\":\"de\"}]}<\/script>\n<!-- \/ Yoast SEO plugin. -->","yoast_head_json":{"title":"Carl Bloch Puzzle f\u00fcr Erwachsene - In einer r\u00f6mischen Osteria - 1000 Teile","description":"Carl Bloch Puzzle f\u00fcr Erwachsene - In einer r\u00f6mischen Osteria - 1000 Teile","robots":{"index":"index","follow":"follow","max-snippet":"max-snippet:-1","max-image-preview":"max-image-preview:large","max-video-preview":"max-video-preview:-1"},"canonical":"https:\/\/business.roovi.com\/de\/carl-bloch-puzzle-fur-erwachsene-in-einer-romischen-osteria-1000-teile\/p\/","og_locale":"de_DE","og_type":"article","og_title":"Carl Bloch Puzzle f\u00fcr Erwachsene - In einer r\u00f6mischen Osteria - 1000 Teile","og_description":"Carl Bloch Puzzle f\u00fcr Erwachsene - In einer r\u00f6mischen Osteria - 1000 Teile","og_url":"https:\/\/business.roovi.com\/de\/carl-bloch-puzzle-fur-erwachsene-in-einer-romischen-osteria-1000-teile\/p\/","og_site_name":"Roovi B2B","article_publisher":"https:\/\/www.facebook.com\/wwwjucariero","article_modified_time":"2022-07-06T10:34:31+00:00","og_image":[{"width":800,"height":800,"url":"https:\/\/business.roovi.com\/wp-content\/uploads\/2021\/03\/77363-01_ansamblu_dimensiuni_cutie_cm-800x800.png","type":"image\/png"}],"twitter_misc":{"Gesch\u00e4tzte Lesezeit":"3\u00a0Minuten"},"schema":{"@context":"https:\/\/schema.org","@graph":[{"@type":"WebPage","@id":"https:\/\/business.roovi.com\/de\/carl-bloch-puzzle-fur-erwachsene-in-einer-romischen-osteria-1000-teile\/p\/","url":"https:\/\/business.roovi.com\/de\/carl-bloch-puzzle-fur-erwachsene-in-einer-romischen-osteria-1000-teile\/p\/","name":"Carl Bloch Puzzle f\u00fcr Erwachsene - In einer r\u00f6mischen Osteria - 1000 Teile","isPartOf":{"@id":"https:\/\/business.roovi.com\/de\/#website"},"datePublished":"2021-03-09T09:14:25+00:00","dateModified":"2022-07-06T10:34:31+00:00","description":"Carl Bloch Puzzle f\u00fcr Erwachsene - In einer r\u00f6mischen Osteria - 1000 Teile","breadcrumb":{"@id":"https:\/\/business.roovi.com\/de\/carl-bloch-puzzle-fur-erwachsene-in-einer-romischen-osteria-1000-teile\/p\/#breadcrumb"},"inLanguage":"de","potentialAction":[{"@type":"ReadAction","target":["https:\/\/business.roovi.com\/de\/carl-bloch-puzzle-fur-erwachsene-in-einer-romischen-osteria-1000-teile\/p\/"]}]},{"@type":"BreadcrumbList","@id":"https:\/\/business.roovi.com\/de\/carl-bloch-puzzle-fur-erwachsene-in-einer-romischen-osteria-1000-teile\/p\/#breadcrumb","itemListElement":[{"@type":"ListItem","position":1,"name":"Home","item":"https:\/\/business.roovi.com\/de\/"},{"@type":"ListItem","position":2,"name":"Shop","item":"https:\/\/business.roovi.com\/de\/shop\/"},{"@type":"ListItem","position":3,"name":"Carl Bloch Puzzle f\u00fcr Erwachsene &#8211; In einer r\u00f6mischen Osteria &#8211; 1000 Teile"}]},{"@type":"WebSite","@id":"https:\/\/business.roovi.com\/de\/#website","url":"https:\/\/business.roovi.com\/de\/","name":"Roovi B2B","description":"Roovi Business Website","potentialAction":[{"@type":"SearchAction","target":{"@type":"EntryPoint","urlTemplate":"https:\/\/business.roovi.com\/de\/?s={search_term_string}"},"query-input":"required name=search_term_string"}],"inLanguage":"de"}]}},"_links":{"self":[{"href":"https:\/\/business.roovi.com\/de\/wp-json\/wp\/v2\/product\/37936","targetHints":{"allow":["GET"]}}],"collection":[{"href":"https:\/\/business.roovi.com\/de\/wp-json\/wp\/v2\/product"}],"about":[{"href":"https:\/\/business.roovi.com\/de\/wp-json\/wp\/v2\/types\/product"}],"version-history":[{"count":0,"href":"https:\/\/business.roovi.com\/de\/wp-json\/wp\/v2\/product\/37936\/revisions"}],"wp:featuredmedia":[{"embeddable":true,"href":"https:\/\/business.roovi.com\/de\/wp-json\/wp\/v2\/media\/64206"}],"wp:attachment":[{"href":"https:\/\/business.roovi.com\/de\/wp-json\/wp\/v2\/media?parent=37936"}],"wp:term":[{"taxonomy":"product_brand","embeddable":true,"href":"https:\/\/business.roovi.com\/de\/wp-json\/wp\/v2\/product_brand?post=37936"},{"taxonomy":"product_cat","embeddable":true,"href":"https:\/\/business.roovi.com\/de\/wp-json\/wp\/v2\/product_cat?post=37936"},{"taxonomy":"product_tag","embeddable":true,"href":"https:\/\/business.roovi.com\/de\/wp-json\/wp\/v2\/product_tag?post=37936"}],"curies":[{"name":"wp","href":"https:\/\/api.w.org\/{rel}","templated":true}]}}