{"id":37939,"date":"2021-03-09T09:05:55","date_gmt":"2021-03-09T09:05:55","guid":{"rendered":"https:\/\/business.roovi.com\/puzzle-adulti-pierre-auguste-renoir-in-brittany-1000-piese\/p\/"},"modified":"2022-07-06T10:34:34","modified_gmt":"2022-07-06T10:34:34","slug":"pierre-auguste-renoir-puzzle-fur-erwachsene-in-der-bretagne-1000-teile","status":"publish","type":"product","link":"https:\/\/business.roovi.com\/de\/pierre-auguste-renoir-puzzle-fur-erwachsene-in-der-bretagne-1000-teile\/p\/","title":{"rendered":"Pierre-Auguste Renoir Puzzle f\u00fcr Erwachsene &#8211; In der Bretagne &#8211; 1000 Teile"},"content":{"rendered":"<p><span style=\"font-weight: 400; font-size: 14px; line-height: 14px;\">Die 1000-teiligen Puzzles der Kunstpuzzle-Kollektion sind bunt, faszinierend und lebendig. Au\u00dferdem werden sie aus den hochwertigsten Materialien hergestellt, damit du nach der Fertigstellung des Bildes die feinsten Details der dargestellten Arbeit sehen kannst. Entdecke jetzt das komplette Angebot!<\/span><\/p>\n<p><span style=\"font-weight: 400; font-size: 14px; line-height: 14px;\">Das 1000-teilige Puzzle Pierre-Auguste Renoir &#8211; In der Bretagne bildet das Bild des gleichnamigen Gem\u00e4ldes im Stil des Impressionismus ab. Der K\u00fcnstler hat einen Moment im Urlaub in der Bretagne mit Aline Charigot und ihrem damals 18 Monate alten Sohn Pierre in einer lebendigen Szene festgehalten. Du kannst dieses lebendige, farbenfrohe Bild in deinem eigenen Wohnzimmer nachstellen, indem du einen gew\u00f6hnlichen Couchtisch als Kulisse benutzt. Das fertige Bild ist 50 x 70 cm gro\u00df <\/span><\/p>\n<p><span style=\"font-weight: 400; font-size: 14px; line-height: 14px;\">Weitere Merkmale des Pierre-Auguste Renoir &#8211; In der Bretagne Kunstpuzzles:<\/span><\/p>\n<p><span style=\"font-size: 14px; line-height: 14px;\"><strong>Puzzle-Material <\/strong><\/span><\/p>\n<p><span style=\"font-size: 14px; line-height: 14px;\"><strong>hochwertiger blauer Karton<\/strong><\/span><\/p>\n<p><span style=\"font-size: 14px; line-height: 14px;\"><strong>nachhaltige, recycelbare Materialien<\/strong><\/span><\/p>\n<p><span style=\"font-size: 14px; line-height: 14px;\"><strong>halbgl\u00e4nzende Oberfl\u00e4che, leuchtende Farben<\/strong><\/span><\/p>\n<p><span style=\"font-size: 14px; line-height: 14px;\"><strong>Anzahl der Puzzleteile: 1000<\/strong><\/span><\/p>\n<p><span style=\"font-size: 14px; line-height: 14px;\"><strong>Empfohlenes Alter: 14+<\/strong><\/span><\/p>\n<p><span style=\"font-size: 14px; line-height: 14px;\"><strong>Puzzlespiele &#8211; entspannender Spa\u00df f\u00fcr langweilige Tage<\/strong><\/span><\/p>\n<p><span style=\"font-weight: 400; font-size: 14px; line-height: 14px;\">Suchst du nach einer entspannenden M\u00f6glichkeit, deine Zeit zu verbringen? Egal, ob du alleine oder in Gesellschaft deiner Lieben bist, Puzzle-Spiele sind eine tolle M\u00f6glichkeit, die Monotonie von regnerischen oder kalten Tagen zu unterbrechen.<\/span><\/p>\n<p><span style=\"font-size: 14px; line-height: 14px;\"><strong>Puzzle-Spiele &#8211; helfen dir, deine Produktivit\u00e4t zu steigern<\/strong><\/span><\/p>\n<p><span style=\"font-weight: 400; font-size: 14px; line-height: 14px;\">Das Zusammensetzen von 1000-teiligen Puzzles entspannt dich und gibt dir ein Gef\u00fchl von Optimismus. Wenn du entspannt und gl\u00fccklich bist, kannst du dich leichter konzentrieren und deinen Fokus auf eine bestimmte Aufgabe richten. So kannst du deine t\u00e4glichen Aufgaben schneller und besser erledigen und deine Produktivit\u00e4t steigern.<\/span><\/p>\n<p><span style=\"font-size: 14px; line-height: 14px;\"><strong>Wusstest du schon von Renoir?<\/strong><\/span><\/p>\n<p><span style=\"font-weight: 400; font-size: 14px; line-height: 14px;\">Zusammen mit Claude Monet war er einer der Hauptbegr\u00fcnder des Impressionismus.<\/span><\/p>\n<p><span style=\"font-weight: 400; font-size: 14px; line-height: 14px;\">Er zeigte in seiner Kunst eine hedonistische Tendenz und war der Meinung, dass seine Werke eine angenehme Stimmung hervorrufen sollten.<\/span><\/p>\n<p><span style=\"font-weight: 400; font-size: 14px; line-height: 14px;\">Der K\u00fcnstler liebte es, Menschen zu malen, vor allem sch\u00f6ne franz\u00f6sische Frauen. Obwohl das Stillleben nicht das Hauptthema seiner Arbeit war, malte er es genauso sch\u00f6n und elegant wie die weiblichen Figuren.<\/span><\/p>\n<h3><span style=\"font-weight: 400; font-size: 14px; line-height: 14px;\">Renoir reiste in viele Teile der Welt, um die Werke anderer ber\u00fchmter K\u00fcnstler zu sehen. Er ging nach Madrid, um die Werke von Velazquez zu sehen und nach Florenz, um Tizian zu bewundern.<\/span><\/h3>\n<p><span style=\"font-size: 14px; line-height: 14px;\"><span style=\"font-weight: 400;\">Er ist der Vater des ber\u00fchmten Filmregisseurs <\/span><span style=\"font-weight: 400;\">Jean Renoir.<\/span><\/span><\/p>\n<p><span style=\"font-size: 14px; line-height: 14px;\"><strong>Mit dem 1000-Teile-Puzzle geht dein Gehirn auf eine echte Jagd!<\/strong><\/span><\/p>\n<p><span style=\"font-weight: 400; font-size: 14px; line-height: 14px;\">&#8230; was gut f\u00fcr ihn ist und ihn trainiert! Bei Puzzlespielen nutzt du deine Logik und entdeckst die Formen, Farben und Orte, an denen die Teile zusammenpassen. Du bist auf Spurensuche, genau wie ein echter Detektiv. Obwohl das Ende vorhersehbar ist, ist diese Aktivit\u00e4t besonders anregend f\u00fcr das Gehirn und gibt dir ein wunderbares Gef\u00fchl der Zufriedenheit <\/span><\/p>\n<p><span style=\"font-size: 14px; line-height: 14px;\"><span style=\"font-weight: 400;\">Lass dich mit dem Kunstpuzzle in dieses Abenteuer des Wissens hineinziehen <\/span><span style=\"font-weight: 400;\">Pierre-Auguste Renoir &#8211; In der Bretagne und genie\u00dfe ein einzigartiges Erlebnis! Kaufe dieses 1000-teilige Puzzle und gestalte das Bild mit deinen Liebsten nach. Du wirst garantiert bis zu 30 Stunden Spa\u00df mit einem au\u00dfergew\u00f6hnlichen Puzzlespiel haben.<\/span><\/span><\/p>\n<p><span style=\"font-size: 14px; line-height: 14px;\"><span style=\"font-weight: 400;\">1000 Teile Puzzle <\/span><span style=\"font-weight: 400;\">Pierre-Auguste Renoir &#8211; In der Bretagne ist ein gro\u00dfartiges Geschenk f\u00fcr Freunde, die Kunstpuzzles oder Puzzlespiele im Allgemeinen lieben.<\/span><span style=\"font-weight: 400;\"> <\/span><\/span><\/p><\/p>\n","protected":false},"excerpt":{"rendered":"<p>Die 1000-teiligen Puzzles der Kunstpuzzle-Kollektion sind bunt, faszinierend und lebendig. Au\u00dferdem werden sie aus den hochwertigsten Materialien hergestellt, damit du<\/p>\n","protected":false},"featured_media":62923,"template":"","meta":[],"product_brand":[],"product_cat":[1916,1875,1915],"product_tag":[],"class_list":{"0":"post-37939","1":"product","2":"type-product","3":"status-publish","4":"has-post-thumbnail","6":"product_cat-1000-teile-puzzle","7":"product_cat-puzzle-de","8":"product_cat-puzzlespiele-fur-erwachsene","9":"pa_bax-10-de","10":"pa_brand-d_toys-de","11":"pa_country_of_manufacture-ro-de","12":"pa_filter_age-14-de","13":"pa_painter-pierreaugusterenoir-de","14":"pa_tip_ambalaj-kasten-a4-de","15":"pa_tip_puzzle-klassisch","17":"first","18":"instock","19":"taxable","20":"shipping-taxable","21":"product-type-simple"},"yoast_head":"<!-- This site is optimized with the Yoast SEO plugin v20.1 - https:\/\/yoast.com\/wordpress\/plugins\/seo\/ -->\n<title>Pierre-Auguste Renoir Puzzle f\u00fcr Erwachsene - In der Bretagne - 1000 Teile<\/title>\n<meta name=\"description\" content=\"Pierre-Auguste Renoir Puzzle f\u00fcr Erwachsene - In der Bretagne - 1000 Teile\" \/>\n<meta name=\"robots\" content=\"index, follow, max-snippet:-1, max-image-preview:large, max-video-preview:-1\" \/>\n<link rel=\"canonical\" href=\"https:\/\/business.roovi.com\/de\/pierre-auguste-renoir-puzzle-fur-erwachsene-in-der-bretagne-1000-teile\/p\/\" \/>\n<meta property=\"og:locale\" content=\"de_DE\" \/>\n<meta property=\"og:type\" content=\"article\" \/>\n<meta property=\"og:title\" content=\"Pierre-Auguste Renoir Puzzle f\u00fcr Erwachsene - In der Bretagne - 1000 Teile\" \/>\n<meta property=\"og:description\" content=\"Pierre-Auguste Renoir Puzzle f\u00fcr Erwachsene - In der Bretagne - 1000 Teile\" \/>\n<meta property=\"og:url\" content=\"https:\/\/business.roovi.com\/de\/pierre-auguste-renoir-puzzle-fur-erwachsene-in-der-bretagne-1000-teile\/p\/\" \/>\n<meta property=\"og:site_name\" content=\"Roovi B2B\" \/>\n<meta property=\"article:publisher\" content=\"https:\/\/www.facebook.com\/wwwjucariero\" \/>\n<meta property=\"article:modified_time\" content=\"2022-07-06T10:34:34+00:00\" \/>\n<meta property=\"og:image\" content=\"https:\/\/business.roovi.com\/wp-content\/uploads\/2021\/03\/66909-12_ansamblu_dimensiuni_cutie_cm-800x800.png\" \/>\n\t<meta property=\"og:image:width\" content=\"800\" \/>\n\t<meta property=\"og:image:height\" content=\"800\" \/>\n\t<meta property=\"og:image:type\" content=\"image\/png\" \/>\n<meta name=\"twitter:label1\" content=\"Gesch\u00e4tzte Lesezeit\" \/>\n\t<meta name=\"twitter:data1\" content=\"3\u00a0Minuten\" \/>\n<script type=\"application\/ld+json\" class=\"yoast-schema-graph\">{\"@context\":\"https:\/\/schema.org\",\"@graph\":[{\"@type\":\"WebPage\",\"@id\":\"https:\/\/business.roovi.com\/de\/pierre-auguste-renoir-puzzle-fur-erwachsene-in-der-bretagne-1000-teile\/p\/\",\"url\":\"https:\/\/business.roovi.com\/de\/pierre-auguste-renoir-puzzle-fur-erwachsene-in-der-bretagne-1000-teile\/p\/\",\"name\":\"Pierre-Auguste Renoir Puzzle f\u00fcr Erwachsene - In der Bretagne - 1000 Teile\",\"isPartOf\":{\"@id\":\"https:\/\/business.roovi.com\/de\/#website\"},\"datePublished\":\"2021-03-09T09:05:55+00:00\",\"dateModified\":\"2022-07-06T10:34:34+00:00\",\"description\":\"Pierre-Auguste Renoir Puzzle f\u00fcr Erwachsene - In der Bretagne - 1000 Teile\",\"breadcrumb\":{\"@id\":\"https:\/\/business.roovi.com\/de\/pierre-auguste-renoir-puzzle-fur-erwachsene-in-der-bretagne-1000-teile\/p\/#breadcrumb\"},\"inLanguage\":\"de\",\"potentialAction\":[{\"@type\":\"ReadAction\",\"target\":[\"https:\/\/business.roovi.com\/de\/pierre-auguste-renoir-puzzle-fur-erwachsene-in-der-bretagne-1000-teile\/p\/\"]}]},{\"@type\":\"BreadcrumbList\",\"@id\":\"https:\/\/business.roovi.com\/de\/pierre-auguste-renoir-puzzle-fur-erwachsene-in-der-bretagne-1000-teile\/p\/#breadcrumb\",\"itemListElement\":[{\"@type\":\"ListItem\",\"position\":1,\"name\":\"Home\",\"item\":\"https:\/\/business.roovi.com\/de\/\"},{\"@type\":\"ListItem\",\"position\":2,\"name\":\"Shop\",\"item\":\"https:\/\/business.roovi.com\/de\/shop\/\"},{\"@type\":\"ListItem\",\"position\":3,\"name\":\"Pierre-Auguste Renoir Puzzle f\u00fcr Erwachsene &#8211; In der Bretagne &#8211; 1000 Teile\"}]},{\"@type\":\"WebSite\",\"@id\":\"https:\/\/business.roovi.com\/de\/#website\",\"url\":\"https:\/\/business.roovi.com\/de\/\",\"name\":\"Roovi B2B\",\"description\":\"Roovi Business Website\",\"potentialAction\":[{\"@type\":\"SearchAction\",\"target\":{\"@type\":\"EntryPoint\",\"urlTemplate\":\"https:\/\/business.roovi.com\/de\/?s={search_term_string}\"},\"query-input\":\"required name=search_term_string\"}],\"inLanguage\":\"de\"}]}<\/script>\n<!-- \/ Yoast SEO plugin. -->","yoast_head_json":{"title":"Pierre-Auguste Renoir Puzzle f\u00fcr Erwachsene - In der Bretagne - 1000 Teile","description":"Pierre-Auguste Renoir Puzzle f\u00fcr Erwachsene - In der Bretagne - 1000 Teile","robots":{"index":"index","follow":"follow","max-snippet":"max-snippet:-1","max-image-preview":"max-image-preview:large","max-video-preview":"max-video-preview:-1"},"canonical":"https:\/\/business.roovi.com\/de\/pierre-auguste-renoir-puzzle-fur-erwachsene-in-der-bretagne-1000-teile\/p\/","og_locale":"de_DE","og_type":"article","og_title":"Pierre-Auguste Renoir Puzzle f\u00fcr Erwachsene - In der Bretagne - 1000 Teile","og_description":"Pierre-Auguste Renoir Puzzle f\u00fcr Erwachsene - In der Bretagne - 1000 Teile","og_url":"https:\/\/business.roovi.com\/de\/pierre-auguste-renoir-puzzle-fur-erwachsene-in-der-bretagne-1000-teile\/p\/","og_site_name":"Roovi B2B","article_publisher":"https:\/\/www.facebook.com\/wwwjucariero","article_modified_time":"2022-07-06T10:34:34+00:00","og_image":[{"width":800,"height":800,"url":"https:\/\/business.roovi.com\/wp-content\/uploads\/2021\/03\/66909-12_ansamblu_dimensiuni_cutie_cm-800x800.png","type":"image\/png"}],"twitter_misc":{"Gesch\u00e4tzte Lesezeit":"3\u00a0Minuten"},"schema":{"@context":"https:\/\/schema.org","@graph":[{"@type":"WebPage","@id":"https:\/\/business.roovi.com\/de\/pierre-auguste-renoir-puzzle-fur-erwachsene-in-der-bretagne-1000-teile\/p\/","url":"https:\/\/business.roovi.com\/de\/pierre-auguste-renoir-puzzle-fur-erwachsene-in-der-bretagne-1000-teile\/p\/","name":"Pierre-Auguste Renoir Puzzle f\u00fcr Erwachsene - In der Bretagne - 1000 Teile","isPartOf":{"@id":"https:\/\/business.roovi.com\/de\/#website"},"datePublished":"2021-03-09T09:05:55+00:00","dateModified":"2022-07-06T10:34:34+00:00","description":"Pierre-Auguste Renoir Puzzle f\u00fcr Erwachsene - In der Bretagne - 1000 Teile","breadcrumb":{"@id":"https:\/\/business.roovi.com\/de\/pierre-auguste-renoir-puzzle-fur-erwachsene-in-der-bretagne-1000-teile\/p\/#breadcrumb"},"inLanguage":"de","potentialAction":[{"@type":"ReadAction","target":["https:\/\/business.roovi.com\/de\/pierre-auguste-renoir-puzzle-fur-erwachsene-in-der-bretagne-1000-teile\/p\/"]}]},{"@type":"BreadcrumbList","@id":"https:\/\/business.roovi.com\/de\/pierre-auguste-renoir-puzzle-fur-erwachsene-in-der-bretagne-1000-teile\/p\/#breadcrumb","itemListElement":[{"@type":"ListItem","position":1,"name":"Home","item":"https:\/\/business.roovi.com\/de\/"},{"@type":"ListItem","position":2,"name":"Shop","item":"https:\/\/business.roovi.com\/de\/shop\/"},{"@type":"ListItem","position":3,"name":"Pierre-Auguste Renoir Puzzle f\u00fcr Erwachsene &#8211; In der Bretagne &#8211; 1000 Teile"}]},{"@type":"WebSite","@id":"https:\/\/business.roovi.com\/de\/#website","url":"https:\/\/business.roovi.com\/de\/","name":"Roovi B2B","description":"Roovi Business Website","potentialAction":[{"@type":"SearchAction","target":{"@type":"EntryPoint","urlTemplate":"https:\/\/business.roovi.com\/de\/?s={search_term_string}"},"query-input":"required name=search_term_string"}],"inLanguage":"de"}]}},"_links":{"self":[{"href":"https:\/\/business.roovi.com\/de\/wp-json\/wp\/v2\/product\/37939","targetHints":{"allow":["GET"]}}],"collection":[{"href":"https:\/\/business.roovi.com\/de\/wp-json\/wp\/v2\/product"}],"about":[{"href":"https:\/\/business.roovi.com\/de\/wp-json\/wp\/v2\/types\/product"}],"version-history":[{"count":0,"href":"https:\/\/business.roovi.com\/de\/wp-json\/wp\/v2\/product\/37939\/revisions"}],"wp:featuredmedia":[{"embeddable":true,"href":"https:\/\/business.roovi.com\/de\/wp-json\/wp\/v2\/media\/62923"}],"wp:attachment":[{"href":"https:\/\/business.roovi.com\/de\/wp-json\/wp\/v2\/media?parent=37939"}],"wp:term":[{"taxonomy":"product_brand","embeddable":true,"href":"https:\/\/business.roovi.com\/de\/wp-json\/wp\/v2\/product_brand?post=37939"},{"taxonomy":"product_cat","embeddable":true,"href":"https:\/\/business.roovi.com\/de\/wp-json\/wp\/v2\/product_cat?post=37939"},{"taxonomy":"product_tag","embeddable":true,"href":"https:\/\/business.roovi.com\/de\/wp-json\/wp\/v2\/product_tag?post=37939"}],"curies":[{"name":"wp","href":"https:\/\/api.w.org\/{rel}","templated":true}]}}