{"id":38765,"date":"2021-03-09T09:04:15","date_gmt":"2021-03-09T09:04:15","guid":{"rendered":"https:\/\/business.roovi.com\/puzzle-adulti-pierre-auguste-renoir-bouquet-of-roses-1000-piese\/p\/"},"modified":"2022-07-06T10:51:54","modified_gmt":"2022-07-06T10:51:54","slug":"pierre-auguste-renoir-puzzle-fur-erwachsene-blumenstraus-aus-rosen-1000-teile","status":"publish","type":"product","link":"https:\/\/business.roovi.com\/de\/pierre-auguste-renoir-puzzle-fur-erwachsene-blumenstraus-aus-rosen-1000-teile\/p\/","title":{"rendered":"Pierre-Auguste Renoir Puzzle f\u00fcr Erwachsene &#8211; Blumenstrau\u00df aus Rosen &#8211; 1000 Teile"},"content":{"rendered":"<p><span style=\"font-weight: 400; font-size: 14px; line-height: 14px;\">Wie w\u00e4re es, wenn du dein Lieblingskunstwerk einrahmen und bewundern k\u00f6nntest, wann immer du das Bed\u00fcrfnis hast, der Hektik des Alltags zu entfliehen? Mit der gr\u00f6\u00dften Sammlung von Kunstr\u00e4tseln hast du jetzt die M\u00f6glichkeit dazu. Kaufe 1000-teilige Puzzles, setze sie zusammen und genie\u00dfe die Bilder deiner liebsten Kunstwerke.<\/span><\/p>\n<p><span style=\"font-size: 14px; line-height: 14px;\"><span style=\"font-weight: 400;\">Pierre-Auguste Renoir &#8211; Bouquet of Roses\/Bouquet of Roses 1000 Piece Puzzle bringt ein wundersch\u00f6nes Gem\u00e4lde in dein Zuhause, das von <\/span><span style=\"font-weight: 400;\">&#8222;Der Maler der Lebensfreuden&#8220;. Es hei\u00dft, Renoir habe Stillleben nur in Momenten der Entspannung zwischen gro\u00dfen Werken gemalt, die die weibliche Sch\u00f6nheit und Sinnlichkeit feiern. Erlebe v\u00f6llige Entspannung, indem du dieses tolle Kunstpuzzle zusammensetzt!<\/span><\/span><\/p>\n<p><span style=\"font-weight: 400; font-size: 14px; line-height: 14px;\">Lies hier mehr \u00fcber die Eigenschaften des 1000 Teile Renoir &#8211; Bouquet of Roses Puzzles:<\/span><\/p>\n<p><span style=\"font-size: 14px; line-height: 14px;\"><strong>Ma\u00dfe des rekonstruierten Bildes: 50 x 70 cm.<\/strong><span style=\"font-weight: 400;\"> Du kannst einen gew\u00f6hnlichen Couchtisch verwenden, um das Bild nachzubilden.<\/span><\/span><\/p>\n<p><span style=\"font-size: 14px; line-height: 14px;\"><strong>Puzzle-Material <\/strong><\/span><\/p>\n<p><span style=\"font-size: 14px; line-height: 14px;\"><strong>hochwertiger blauer Karton<\/strong><\/span><\/p>\n<p><span style=\"font-size: 14px; line-height: 14px;\"><strong>nachhaltige, recycelbare Materialien<\/strong><\/span><\/p>\n<p><span style=\"font-size: 14px; line-height: 14px;\"><strong>halbgl\u00e4nzende Oberfl\u00e4che, leuchtende Farben<\/strong><\/span><\/p>\n<p><span style=\"font-size: 14px; line-height: 14px;\"><strong>Anzahl der Puzzleteile: 1000<\/strong><\/span><\/p>\n<p><span style=\"font-size: 14px; line-height: 14px;\"><strong>Empfohlenes Alter: 14+<\/strong><\/span><\/p>\n<p><span style=\"font-size: 14px; line-height: 14px;\"><strong>Das 1000-Teile-Puzzle bringt dich aus deiner Komfortzone heraus und fordert dein Gehirn heraus!<\/strong><\/span><\/p>\n<p><span style=\"font-weight: 400; font-size: 14px; line-height: 14px;\">Bist du es gewohnt, deine Freizeit vor Bildschirmen zu verbringen oder bequem auf deinem Wohnzimmersofa zu sitzen? Es ist Zeit, eine neue Erfahrung zu machen! Setze ein 1000-Teile-Puzzle zusammen und trainiere dein Gehirn. Hier sind nur einige der Vorteile, die das Zusammensetzen von Puzzles f\u00fcr deine geistige Gesundheit hat:<\/span><\/p>\n<p><span style=\"font-size: 14px; line-height: 14px;\"><strong>Verbessert das Ged\u00e4chtnis<\/strong><span style=\"font-weight: 400;\">. Die Aktivit\u00e4t, die Bilder in den Puzzles f\u00fcr Erwachsene nachzustellen, st\u00e4rkt die Verbindungen im Gehirn und ist eine gute M\u00f6glichkeit, das Kurzzeitged\u00e4chtnis zu verbessern.<\/span><\/span><\/p>\n<p><span style=\"font-size: 14px; line-height: 14px;\"><strong>Trainiert die Konzentration und Aufmerksamkeit.<\/strong><span style=\"font-weight: 400;\"> F\u00e4llt es dir schwer, dich auf ein wichtiges Thema zu konzentrieren, weil dein Kopf st\u00e4ndig mit allen m\u00f6glichen Gedanken voll ist? Wenn du Puzzlespiele zusammenstellst, wirst du sehen, wie sich deine Konzentrationsf\u00e4higkeit verbessert und du deine Aufmerksamkeit auf Details richten kannst.<\/span><\/span><\/p>\n<p><span style=\"font-size: 14px; line-height: 14px;\"><strong>Verbessere<\/strong> <strong>visuelles und r\u00e4umliches Vorstellungsverm\u00f6gen <\/strong><span style=\"font-weight: 400;\">Um ein Puzzle mit 1000 Teilen zu vervollst\u00e4ndigen, musst du die einzelnen Merkmale der Teile beachten, aber auch ihren Platz im Gesamtbild. Diese st\u00e4ndige \u00dcbung verbessert dein visuelles und r\u00e4umliches Vorstellungsverm\u00f6gen, das du z.B. beim Einparken deines Autos einsetzt <\/span><\/span><\/p>\n<p><span style=\"font-size: 14px; line-height: 14px;\"><strong>Reduziert Stress <\/strong><span style=\"font-weight: 400;\">Wenn du auf der Suche nach einer Aktivit\u00e4t bist, die dir Entspannung und Abstand von den Alltagsproblemen bringt, ist ein 1000-teiliges Puzzle genau das Richtige f\u00fcr dich.<\/span><\/span><\/p>\n<p><span style=\"font-size: 14px; line-height: 14px;\"><strong>6 Dinge, die du nicht \u00fcber Renoir wusstest<\/strong><\/span><\/p>\n<p><span style=\"font-weight: 400; font-size: 14px; line-height: 14px;\">1. Wegen der Armut verpasste er seine Chance, S\u00e4nger zu werden. Es stellte sich heraus, dass er auch musikalisch sehr begabt war.<\/span><\/p>\n<p><span style=\"font-weight: 400; font-size: 14px; line-height: 14px;\">2. Seinen ersten Job hatte er mit 13 Jahren als Porzellandekorateur.<\/span><\/p>\n<p><span style=\"font-weight: 400; font-size: 14px; line-height: 14px;\">3. In Paris arbeitete er auch mit dem rum\u00e4nischen Maler Nicolae Grigorescu zusammen.<\/span><\/p>\n<p><span style=\"font-size: 14px; line-height: 14px;\"><span style=\"font-weight: 400;\">4. Er war ein bekennender Bewunderer Wagners. Er malte das Portr\u00e4t des Musikers in weniger als 30 Minuten. Das Werk kann noch heute in der <\/span><span style=\"font-weight: 400;\">d&#8217;Orsay.<\/span><\/span><\/p>\n<p><span style=\"font-weight: 400; font-size: 14px; line-height: 14px;\">5. Er hatte offenbar ein Kind mit Lise Trehot, einem bezahlten Model. Er hat diesen Sohn nie anerkannt und sich zu Lebzeiten geweigert, \u00fcber ihn zu sprechen.<\/span><\/p>\n<p><span style=\"font-weight: 400; font-size: 14px; line-height: 14px;\">6. Im letzten Jahr seines Lebens malte er mit einem Pinsel, der an seine Hand gebunden war. Wegen der rheumatoiden Arthritis, unter der er litt, konnte er seine Hand nicht mehr kontrollieren.<\/span><\/p>\n<p><span style=\"font-size: 14px; line-height: 14px;\"><strong>Kunstr\u00e4tsel versetzen dich in eine andere Welt<\/strong><\/span><\/p>\n<p><span style=\"font-weight: 400; font-size: 14px; line-height: 14px;\">Wenn du ein Kunstpuzzle zusammensetzt, \u00f6ffnet sich eine ganz neue Welt. Du schl\u00fcpfst in die Schuhe des Malers und betrittst eine Welt voller Farben und Sch\u00f6nheit. Und schlie\u00dflich \u00fcberkommt dich ein wunderbares Gef\u00fchl der Befriedigung, dass du selbst der perfekte Sch\u00f6pfer eines bemerkenswerten Kunstwerkes gewesen bist.<\/span><\/p>\n<p><span style=\"font-weight: 400; font-size: 14px; line-height: 14px;\">Lass dich von der Magie der Farben in Pierre-Auguste Renoir &#8211; Bouquet of Roses\/Bouquet of Roses 1000 Piece Puzzle mitrei\u00dfen und schenke dir bis zu 30 Stunden Entspannung und Freude, indem du dieses erstaunliche Kunstpuzzle fertigstellst. Kaufe das Puzzleset f\u00fcr dich selbst oder verschenke es an einen Freund, der Kunstpuzzles liebt.<\/span><\/p><\/p>\n","protected":false},"excerpt":{"rendered":"<p>Wie w\u00e4re es, wenn du dein Lieblingskunstwerk einrahmen und bewundern k\u00f6nntest, wann immer du das Bed\u00fcrfnis hast, der Hektik des<\/p>\n","protected":false},"featured_media":62930,"template":"","meta":[],"product_brand":[],"product_cat":[1916,1875,1915],"product_tag":[],"class_list":{"0":"post-38765","1":"product","2":"type-product","3":"status-publish","4":"has-post-thumbnail","6":"product_cat-1000-teile-puzzle","7":"product_cat-puzzle-de","8":"product_cat-puzzlespiele-fur-erwachsene","9":"pa_bax-10-de","10":"pa_brand-d_toys-de","11":"pa_country_of_manufacture-ro-de","12":"pa_filter_age-14-de","13":"pa_painter-pierreaugusterenoir-de","14":"pa_tip_ambalaj-kasten-a4-de","15":"pa_tip_puzzle-klassisch","17":"first","18":"instock","19":"taxable","20":"shipping-taxable","21":"product-type-simple"},"yoast_head":"<!-- This site is optimized with the Yoast SEO plugin v20.1 - https:\/\/yoast.com\/wordpress\/plugins\/seo\/ -->\n<title>Pierre-Auguste Renoir Puzzle f\u00fcr Erwachsene - Blumenstrau\u00df aus Rosen - 1000 Teile<\/title>\n<meta name=\"description\" content=\"Pierre-Auguste Renoir Puzzle f\u00fcr Erwachsene - Blumenstrau\u00df aus Rosen - 1000 Teile\" \/>\n<meta name=\"robots\" content=\"index, follow, max-snippet:-1, max-image-preview:large, max-video-preview:-1\" \/>\n<link rel=\"canonical\" href=\"https:\/\/business.roovi.com\/de\/pierre-auguste-renoir-puzzle-fur-erwachsene-blumenstraus-aus-rosen-1000-teile\/p\/\" \/>\n<meta property=\"og:locale\" content=\"de_DE\" \/>\n<meta property=\"og:type\" content=\"article\" \/>\n<meta property=\"og:title\" content=\"Pierre-Auguste Renoir Puzzle f\u00fcr Erwachsene - Blumenstrau\u00df aus Rosen - 1000 Teile\" \/>\n<meta property=\"og:description\" content=\"Pierre-Auguste Renoir Puzzle f\u00fcr Erwachsene - Blumenstrau\u00df aus Rosen - 1000 Teile\" \/>\n<meta property=\"og:url\" content=\"https:\/\/business.roovi.com\/de\/pierre-auguste-renoir-puzzle-fur-erwachsene-blumenstraus-aus-rosen-1000-teile\/p\/\" \/>\n<meta property=\"og:site_name\" content=\"Roovi B2B\" \/>\n<meta property=\"article:publisher\" content=\"https:\/\/www.facebook.com\/wwwjucariero\" \/>\n<meta property=\"article:modified_time\" content=\"2022-07-06T10:51:54+00:00\" \/>\n<meta property=\"og:image\" content=\"https:\/\/business.roovi.com\/wp-content\/uploads\/2021\/03\/66909-11_ansamblu_dimensiuni_cutie_cm-800x800.png\" \/>\n\t<meta property=\"og:image:width\" content=\"800\" \/>\n\t<meta property=\"og:image:height\" content=\"800\" \/>\n\t<meta property=\"og:image:type\" content=\"image\/png\" \/>\n<meta name=\"twitter:label1\" content=\"Gesch\u00e4tzte Lesezeit\" \/>\n\t<meta name=\"twitter:data1\" content=\"3\u00a0Minuten\" \/>\n<script type=\"application\/ld+json\" class=\"yoast-schema-graph\">{\"@context\":\"https:\/\/schema.org\",\"@graph\":[{\"@type\":\"WebPage\",\"@id\":\"https:\/\/business.roovi.com\/de\/pierre-auguste-renoir-puzzle-fur-erwachsene-blumenstraus-aus-rosen-1000-teile\/p\/\",\"url\":\"https:\/\/business.roovi.com\/de\/pierre-auguste-renoir-puzzle-fur-erwachsene-blumenstraus-aus-rosen-1000-teile\/p\/\",\"name\":\"Pierre-Auguste Renoir Puzzle f\u00fcr Erwachsene - Blumenstrau\u00df aus Rosen - 1000 Teile\",\"isPartOf\":{\"@id\":\"https:\/\/business.roovi.com\/de\/#website\"},\"datePublished\":\"2021-03-09T09:04:15+00:00\",\"dateModified\":\"2022-07-06T10:51:54+00:00\",\"description\":\"Pierre-Auguste Renoir Puzzle f\u00fcr Erwachsene - Blumenstrau\u00df aus Rosen - 1000 Teile\",\"breadcrumb\":{\"@id\":\"https:\/\/business.roovi.com\/de\/pierre-auguste-renoir-puzzle-fur-erwachsene-blumenstraus-aus-rosen-1000-teile\/p\/#breadcrumb\"},\"inLanguage\":\"de\",\"potentialAction\":[{\"@type\":\"ReadAction\",\"target\":[\"https:\/\/business.roovi.com\/de\/pierre-auguste-renoir-puzzle-fur-erwachsene-blumenstraus-aus-rosen-1000-teile\/p\/\"]}]},{\"@type\":\"BreadcrumbList\",\"@id\":\"https:\/\/business.roovi.com\/de\/pierre-auguste-renoir-puzzle-fur-erwachsene-blumenstraus-aus-rosen-1000-teile\/p\/#breadcrumb\",\"itemListElement\":[{\"@type\":\"ListItem\",\"position\":1,\"name\":\"Home\",\"item\":\"https:\/\/business.roovi.com\/de\/\"},{\"@type\":\"ListItem\",\"position\":2,\"name\":\"Shop\",\"item\":\"https:\/\/business.roovi.com\/de\/shop\/\"},{\"@type\":\"ListItem\",\"position\":3,\"name\":\"Pierre-Auguste Renoir Puzzle f\u00fcr Erwachsene &#8211; Blumenstrau\u00df aus Rosen &#8211; 1000 Teile\"}]},{\"@type\":\"WebSite\",\"@id\":\"https:\/\/business.roovi.com\/de\/#website\",\"url\":\"https:\/\/business.roovi.com\/de\/\",\"name\":\"Roovi B2B\",\"description\":\"Roovi Business Website\",\"potentialAction\":[{\"@type\":\"SearchAction\",\"target\":{\"@type\":\"EntryPoint\",\"urlTemplate\":\"https:\/\/business.roovi.com\/de\/?s={search_term_string}\"},\"query-input\":\"required name=search_term_string\"}],\"inLanguage\":\"de\"}]}<\/script>\n<!-- \/ Yoast SEO plugin. -->","yoast_head_json":{"title":"Pierre-Auguste Renoir Puzzle f\u00fcr Erwachsene - Blumenstrau\u00df aus Rosen - 1000 Teile","description":"Pierre-Auguste Renoir Puzzle f\u00fcr Erwachsene - Blumenstrau\u00df aus Rosen - 1000 Teile","robots":{"index":"index","follow":"follow","max-snippet":"max-snippet:-1","max-image-preview":"max-image-preview:large","max-video-preview":"max-video-preview:-1"},"canonical":"https:\/\/business.roovi.com\/de\/pierre-auguste-renoir-puzzle-fur-erwachsene-blumenstraus-aus-rosen-1000-teile\/p\/","og_locale":"de_DE","og_type":"article","og_title":"Pierre-Auguste Renoir Puzzle f\u00fcr Erwachsene - Blumenstrau\u00df aus Rosen - 1000 Teile","og_description":"Pierre-Auguste Renoir Puzzle f\u00fcr Erwachsene - Blumenstrau\u00df aus Rosen - 1000 Teile","og_url":"https:\/\/business.roovi.com\/de\/pierre-auguste-renoir-puzzle-fur-erwachsene-blumenstraus-aus-rosen-1000-teile\/p\/","og_site_name":"Roovi B2B","article_publisher":"https:\/\/www.facebook.com\/wwwjucariero","article_modified_time":"2022-07-06T10:51:54+00:00","og_image":[{"width":800,"height":800,"url":"https:\/\/business.roovi.com\/wp-content\/uploads\/2021\/03\/66909-11_ansamblu_dimensiuni_cutie_cm-800x800.png","type":"image\/png"}],"twitter_misc":{"Gesch\u00e4tzte Lesezeit":"3\u00a0Minuten"},"schema":{"@context":"https:\/\/schema.org","@graph":[{"@type":"WebPage","@id":"https:\/\/business.roovi.com\/de\/pierre-auguste-renoir-puzzle-fur-erwachsene-blumenstraus-aus-rosen-1000-teile\/p\/","url":"https:\/\/business.roovi.com\/de\/pierre-auguste-renoir-puzzle-fur-erwachsene-blumenstraus-aus-rosen-1000-teile\/p\/","name":"Pierre-Auguste Renoir Puzzle f\u00fcr Erwachsene - Blumenstrau\u00df aus Rosen - 1000 Teile","isPartOf":{"@id":"https:\/\/business.roovi.com\/de\/#website"},"datePublished":"2021-03-09T09:04:15+00:00","dateModified":"2022-07-06T10:51:54+00:00","description":"Pierre-Auguste Renoir Puzzle f\u00fcr Erwachsene - Blumenstrau\u00df aus Rosen - 1000 Teile","breadcrumb":{"@id":"https:\/\/business.roovi.com\/de\/pierre-auguste-renoir-puzzle-fur-erwachsene-blumenstraus-aus-rosen-1000-teile\/p\/#breadcrumb"},"inLanguage":"de","potentialAction":[{"@type":"ReadAction","target":["https:\/\/business.roovi.com\/de\/pierre-auguste-renoir-puzzle-fur-erwachsene-blumenstraus-aus-rosen-1000-teile\/p\/"]}]},{"@type":"BreadcrumbList","@id":"https:\/\/business.roovi.com\/de\/pierre-auguste-renoir-puzzle-fur-erwachsene-blumenstraus-aus-rosen-1000-teile\/p\/#breadcrumb","itemListElement":[{"@type":"ListItem","position":1,"name":"Home","item":"https:\/\/business.roovi.com\/de\/"},{"@type":"ListItem","position":2,"name":"Shop","item":"https:\/\/business.roovi.com\/de\/shop\/"},{"@type":"ListItem","position":3,"name":"Pierre-Auguste Renoir Puzzle f\u00fcr Erwachsene &#8211; Blumenstrau\u00df aus Rosen &#8211; 1000 Teile"}]},{"@type":"WebSite","@id":"https:\/\/business.roovi.com\/de\/#website","url":"https:\/\/business.roovi.com\/de\/","name":"Roovi B2B","description":"Roovi Business Website","potentialAction":[{"@type":"SearchAction","target":{"@type":"EntryPoint","urlTemplate":"https:\/\/business.roovi.com\/de\/?s={search_term_string}"},"query-input":"required name=search_term_string"}],"inLanguage":"de"}]}},"_links":{"self":[{"href":"https:\/\/business.roovi.com\/de\/wp-json\/wp\/v2\/product\/38765","targetHints":{"allow":["GET"]}}],"collection":[{"href":"https:\/\/business.roovi.com\/de\/wp-json\/wp\/v2\/product"}],"about":[{"href":"https:\/\/business.roovi.com\/de\/wp-json\/wp\/v2\/types\/product"}],"version-history":[{"count":0,"href":"https:\/\/business.roovi.com\/de\/wp-json\/wp\/v2\/product\/38765\/revisions"}],"wp:featuredmedia":[{"embeddable":true,"href":"https:\/\/business.roovi.com\/de\/wp-json\/wp\/v2\/media\/62930"}],"wp:attachment":[{"href":"https:\/\/business.roovi.com\/de\/wp-json\/wp\/v2\/media?parent=38765"}],"wp:term":[{"taxonomy":"product_brand","embeddable":true,"href":"https:\/\/business.roovi.com\/de\/wp-json\/wp\/v2\/product_brand?post=38765"},{"taxonomy":"product_cat","embeddable":true,"href":"https:\/\/business.roovi.com\/de\/wp-json\/wp\/v2\/product_cat?post=38765"},{"taxonomy":"product_tag","embeddable":true,"href":"https:\/\/business.roovi.com\/de\/wp-json\/wp\/v2\/product_tag?post=38765"}],"curies":[{"name":"wp","href":"https:\/\/api.w.org\/{rel}","templated":true}]}}