{"id":38768,"date":"2021-03-09T09:00:36","date_gmt":"2021-03-09T09:00:36","guid":{"rendered":"https:\/\/business.roovi.com\/puzzle-adulti-1000-piese-wassily-kandinsky-the-whole\/p\/"},"modified":"2022-10-18T09:25:38","modified_gmt":"2022-10-18T09:25:38","slug":"erwachsene-1000-teile-wassily-kandinsky-das-ganze-puzzle","status":"publish","type":"product","link":"https:\/\/business.roovi.com\/de\/erwachsene-1000-teile-wassily-kandinsky-das-ganze-puzzle\/p\/","title":{"rendered":"Erwachsene 1000 Teile Wassily Kandinsky &#8211; Das ganze Puzzle"},"content":{"rendered":"<p><span style=\"font-weight: 400;\">Du denkst, du bist gut in R\u00e4tseln? Wir fordern dich auf, Kunstpuzzle zusammenzusetzen! W\u00e4hle jetzt aus Hunderten von Motiven, die auf der Website verf\u00fcgbar sind &#8211; 1000-teilige Puzzles, die Bilder ber\u00fchmter Gem\u00e4lde darstellen. Finde die Bilder in den Kunstr\u00e4tseln und erhalte verbl\u00fcffend \u00e4hnliche Repliken ber\u00fchmter Kunstwerke.<\/span><\/p>\n<p><span style=\"font-weight: 400;\">Das 1000-teilige Puzzle Wassily Kandinsky &#8211; The Whole gibt das Bild eines der abstrakten Gem\u00e4lde wieder, f\u00fcr die der in Russland geborene Maler ber\u00fchmt ist. Kandinsky war ein Vision\u00e4r und vielleicht einer der ersten Maler, der \u00fcber die Rolle der Kunst bei der spirituellen Entwicklung des Menschen nachdachte. Seine Arbeit ist mehr als ein k\u00fcnstlerisches Gem\u00e4lde, sie ist eine Einladung zur Selbstbetrachtung <\/span><\/p>\n<p><span style=\"font-weight: 400;\">Das Sch\u00f6ne an diesem Kunstpuzzle ist, dass du die Arbeit dahinter so interpretieren kannst, wie du willst. Keine Version ist falsch. Entdecke die versteckten Symbole und denke \u00fcber die Bedeutung der Kunst in deinem Leben nach &#8211; mit diesem fabelhaften 1000-Teile-Puzzle. Du kannst einen gew\u00f6hnlichen Couchtisch verwenden, um die St\u00fccke zu st\u00fctzen. Das rekonstruierte Bild ist 50 x 70 cm gro\u00df.<\/span><\/p>\n<p><span style=\"font-weight: 400;\">Mit Wassily Kandinsky Kunstpuzzle &#8211; Das Ganze:<\/span><\/p>\n<p><strong>Puzzle-Material <\/strong><\/p>\n<p><strong>hochwertiger blauer Karton<\/strong><\/p>\n<p><strong>nachhaltige, recycelbare Materialien<\/strong><\/p>\n<p><strong>halbgl\u00e4nzende Oberfl\u00e4che, leuchtende Farben<\/strong><\/p>\n<p><strong>Anzahl der Puzzleteile: 1000<\/strong><\/p>\n<p><strong>Empfohlenes Alter: 14+<\/strong><\/p>\n<p><strong>Puzzlespiele helfen dir, dich mit dir selbst zu verbinden<\/strong><\/p>\n<p><span style=\"font-weight: 400;\">Puzzlespiele sind eine Herausforderung f\u00fcr den Verstand, aber auch eine M\u00f6glichkeit, dich tief mit deinem Inneren zu verbinden. Wenn du das Bild aus dem 1000-Teile-Puzzle wiederholst, befindet sich dein Gehirn in einem &#8222;Alpha&#8220;-Zustand, der dem \u00e4hnelt, in dem du dich beim Schlafen befindest. Nichts um dich herum ist wichtig, wenn du dich so tief mit deiner inneren Welt verbunden hast. Deshalb ist das Gef\u00fchl danach auch eines von tiefer Entspannung, Optimismus und Wohlbefinden. Diese tiefe Entspannung bringt weitere Vorteile mit sich, wie zum Beispiel:<\/span><\/p>\n<ul>\n<li><span style=\"font-weight: 400;\">Erleichterung von \u00c4ngsten.<\/span><\/li>\n<li><span style=\"font-weight: 400;\">Stress abbauen.<\/span><\/li>\n<li><span style=\"font-weight: 400;\">Bessere Stimmung.<\/span><\/li>\n<li><span style=\"font-weight: 400;\">Verbesserter Schlaf und weniger Schlaflosigkeit.<\/span><\/li>\n<\/ul>\n<p><strong>5 Dinge, die du nicht \u00fcber Wassily Kandinsky wusstest<\/strong><\/p>\n<p><span style=\"font-weight: 400;\">1. Er war ein brillanter Maler und h\u00e4tte ein erfolgreicher Anwalt werden k\u00f6nnen. Er studierte Jura, gab diese Karriere aber zugunsten der Malerei auf.<\/span><\/p>\n<p><span style=\"font-weight: 400;\">2. Bevor er den avantgardistischen Stil annahm, malte er traditionelle l\u00e4ndliche Szenen.<\/span><\/p>\n<p><span style=\"font-weight: 400;\">3. Er schuf das erste abstrakte Gem\u00e4lde der Welt <\/span><em><span style=\"font-weight: 400;\">&#8222;Bild mit Kreis&#8220;.<\/span><\/em><\/p>\n<p><span style=\"font-weight: 400;\">4. Er wurde von den Nazis ausgegrenzt und als &#8222;entarteter Maler&#8220; bezeichnet.<\/span><\/p>\n<p><span style=\"font-weight: 400;\">5. Auch die zeitgen\u00f6ssischen Kritiker haben seine Kunst nicht verstanden. Sie analysierten seine abstrakten Werke und kamen zu dem Schluss, dass sie das Werk eines verr\u00fcckten oder unter Drogen stehenden K\u00fcnstlers sind.<\/span><\/p>\n<p><strong>Wusstest du, dass Puzzles f\u00fcr Erwachsene gut f\u00fcr das Gehirn sind?<\/strong><\/p>\n<p><span style=\"font-weight: 400;\">Studien zeigen, dass Puzzlespiele sowohl die rechte als auch die linke Gehirnh\u00e4lfte trainieren, sodass das Gehirn beim Zusammensetzen von 1000 Teilen als Ganzes arbeitet. Au\u00dferdem steigern Puzzlespiele die Konzentration und regen das logische Denken an, um die richtigen L\u00f6sungen zu finden und die Bilder zusammenzuf\u00fcgen.<\/span><\/p>\n<p><span style=\"font-weight: 400;\">Jetzt 1000 Teile Puzzle kaufen <\/span><span style=\"font-weight: 400;\">Wassily Kandinsky &#8211; Das Ganze und finde heraus, welche Rolle die Kunst f\u00fcr deine spirituelle Entwicklung spielt. Fordere deine Freunde zu dieser Selbstbeobachtung heraus und gestaltet gemeinsam ein echtes Kunstgem\u00e4lde. Das Wassily Kandinsky &#8211; The Whole art puzzle ist das perfekte Geschenk, wenn du einem Freund, der Puzzlespiele liebt, eine angenehme \u00dcberraschung bereiten willst.<\/span><\/p>\n","protected":false},"excerpt":{"rendered":"<p>Du denkst, du bist gut in R\u00e4tseln? Wir fordern dich auf, Kunstpuzzle zusammenzusetzen! W\u00e4hle jetzt aus Hunderten von Motiven, die<\/p>\n","protected":false},"featured_media":63510,"template":"","meta":[],"product_brand":[],"product_cat":[1916,1875,1915],"product_tag":[],"class_list":{"0":"post-38768","1":"product","2":"type-product","3":"status-publish","4":"has-post-thumbnail","6":"product_cat-1000-teile-puzzle","7":"product_cat-puzzle-de","8":"product_cat-puzzlespiele-fur-erwachsene","9":"pa_bax-10-de","10":"pa_brand-d_toys-de","11":"pa_country_of_manufacture-ro-de","12":"pa_filter_age-14-de","13":"pa_painter-wassilykandinsky-de","14":"pa_tip_ambalaj-kasten-a4-de","15":"pa_tip_puzzle-klassisch","17":"first","18":"instock","19":"taxable","20":"shipping-taxable","21":"product-type-simple"},"yoast_head":"<!-- This site is optimized with the Yoast SEO plugin v20.1 - https:\/\/yoast.com\/wordpress\/plugins\/seo\/ -->\n<title>Erwachsene 1000 Teile Wassily Kandinsky - Das ganze Puzzle<\/title>\n<meta name=\"description\" content=\"Erwachsene 1000 Teile Wassily Kandinsky - Das ganze Puzzle\" \/>\n<meta name=\"robots\" content=\"index, follow, max-snippet:-1, max-image-preview:large, max-video-preview:-1\" \/>\n<link rel=\"canonical\" href=\"https:\/\/business.roovi.com\/de\/erwachsene-1000-teile-wassily-kandinsky-das-ganze-puzzle\/p\/\" \/>\n<meta property=\"og:locale\" content=\"de_DE\" \/>\n<meta property=\"og:type\" content=\"article\" \/>\n<meta property=\"og:title\" content=\"Erwachsene 1000 Teile Wassily Kandinsky - Das ganze Puzzle\" \/>\n<meta property=\"og:description\" content=\"Erwachsene 1000 Teile Wassily Kandinsky - Das ganze Puzzle\" \/>\n<meta property=\"og:url\" content=\"https:\/\/business.roovi.com\/de\/erwachsene-1000-teile-wassily-kandinsky-das-ganze-puzzle\/p\/\" \/>\n<meta property=\"og:site_name\" content=\"Roovi B2B\" \/>\n<meta property=\"article:publisher\" content=\"https:\/\/www.facebook.com\/wwwjucariero\" \/>\n<meta property=\"article:modified_time\" content=\"2022-10-18T09:25:38+00:00\" \/>\n<meta property=\"og:image\" content=\"https:\/\/business.roovi.com\/wp-content\/uploads\/2021\/03\/72849-08_ansamblu_dimensiuni_cutie_cm_orizontal.png\" \/>\n\t<meta property=\"og:image:width\" content=\"1200\" \/>\n\t<meta property=\"og:image:height\" content=\"1200\" \/>\n\t<meta property=\"og:image:type\" content=\"image\/png\" \/>\n<meta name=\"twitter:label1\" content=\"Gesch\u00e4tzte Lesezeit\" \/>\n\t<meta name=\"twitter:data1\" content=\"3\u00a0Minuten\" \/>\n<script type=\"application\/ld+json\" class=\"yoast-schema-graph\">{\"@context\":\"https:\/\/schema.org\",\"@graph\":[{\"@type\":\"WebPage\",\"@id\":\"https:\/\/business.roovi.com\/de\/erwachsene-1000-teile-wassily-kandinsky-das-ganze-puzzle\/p\/\",\"url\":\"https:\/\/business.roovi.com\/de\/erwachsene-1000-teile-wassily-kandinsky-das-ganze-puzzle\/p\/\",\"name\":\"Erwachsene 1000 Teile Wassily Kandinsky - Das ganze Puzzle\",\"isPartOf\":{\"@id\":\"https:\/\/business.roovi.com\/de\/#website\"},\"datePublished\":\"2021-03-09T09:00:36+00:00\",\"dateModified\":\"2022-10-18T09:25:38+00:00\",\"description\":\"Erwachsene 1000 Teile Wassily Kandinsky - Das ganze Puzzle\",\"breadcrumb\":{\"@id\":\"https:\/\/business.roovi.com\/de\/erwachsene-1000-teile-wassily-kandinsky-das-ganze-puzzle\/p\/#breadcrumb\"},\"inLanguage\":\"de\",\"potentialAction\":[{\"@type\":\"ReadAction\",\"target\":[\"https:\/\/business.roovi.com\/de\/erwachsene-1000-teile-wassily-kandinsky-das-ganze-puzzle\/p\/\"]}]},{\"@type\":\"BreadcrumbList\",\"@id\":\"https:\/\/business.roovi.com\/de\/erwachsene-1000-teile-wassily-kandinsky-das-ganze-puzzle\/p\/#breadcrumb\",\"itemListElement\":[{\"@type\":\"ListItem\",\"position\":1,\"name\":\"Home\",\"item\":\"https:\/\/business.roovi.com\/de\/\"},{\"@type\":\"ListItem\",\"position\":2,\"name\":\"Shop\",\"item\":\"https:\/\/business.roovi.com\/de\/shop\/\"},{\"@type\":\"ListItem\",\"position\":3,\"name\":\"Erwachsene 1000 Teile Wassily Kandinsky &#8211; Das ganze Puzzle\"}]},{\"@type\":\"WebSite\",\"@id\":\"https:\/\/business.roovi.com\/de\/#website\",\"url\":\"https:\/\/business.roovi.com\/de\/\",\"name\":\"Roovi B2B\",\"description\":\"Roovi Business Website\",\"potentialAction\":[{\"@type\":\"SearchAction\",\"target\":{\"@type\":\"EntryPoint\",\"urlTemplate\":\"https:\/\/business.roovi.com\/de\/?s={search_term_string}\"},\"query-input\":\"required name=search_term_string\"}],\"inLanguage\":\"de\"}]}<\/script>\n<!-- \/ Yoast SEO plugin. -->","yoast_head_json":{"title":"Erwachsene 1000 Teile Wassily Kandinsky - Das ganze Puzzle","description":"Erwachsene 1000 Teile Wassily Kandinsky - Das ganze Puzzle","robots":{"index":"index","follow":"follow","max-snippet":"max-snippet:-1","max-image-preview":"max-image-preview:large","max-video-preview":"max-video-preview:-1"},"canonical":"https:\/\/business.roovi.com\/de\/erwachsene-1000-teile-wassily-kandinsky-das-ganze-puzzle\/p\/","og_locale":"de_DE","og_type":"article","og_title":"Erwachsene 1000 Teile Wassily Kandinsky - Das ganze Puzzle","og_description":"Erwachsene 1000 Teile Wassily Kandinsky - Das ganze Puzzle","og_url":"https:\/\/business.roovi.com\/de\/erwachsene-1000-teile-wassily-kandinsky-das-ganze-puzzle\/p\/","og_site_name":"Roovi B2B","article_publisher":"https:\/\/www.facebook.com\/wwwjucariero","article_modified_time":"2022-10-18T09:25:38+00:00","og_image":[{"width":1200,"height":1200,"url":"https:\/\/business.roovi.com\/wp-content\/uploads\/2021\/03\/72849-08_ansamblu_dimensiuni_cutie_cm_orizontal.png","type":"image\/png"}],"twitter_misc":{"Gesch\u00e4tzte Lesezeit":"3\u00a0Minuten"},"schema":{"@context":"https:\/\/schema.org","@graph":[{"@type":"WebPage","@id":"https:\/\/business.roovi.com\/de\/erwachsene-1000-teile-wassily-kandinsky-das-ganze-puzzle\/p\/","url":"https:\/\/business.roovi.com\/de\/erwachsene-1000-teile-wassily-kandinsky-das-ganze-puzzle\/p\/","name":"Erwachsene 1000 Teile Wassily Kandinsky - Das ganze Puzzle","isPartOf":{"@id":"https:\/\/business.roovi.com\/de\/#website"},"datePublished":"2021-03-09T09:00:36+00:00","dateModified":"2022-10-18T09:25:38+00:00","description":"Erwachsene 1000 Teile Wassily Kandinsky - Das ganze Puzzle","breadcrumb":{"@id":"https:\/\/business.roovi.com\/de\/erwachsene-1000-teile-wassily-kandinsky-das-ganze-puzzle\/p\/#breadcrumb"},"inLanguage":"de","potentialAction":[{"@type":"ReadAction","target":["https:\/\/business.roovi.com\/de\/erwachsene-1000-teile-wassily-kandinsky-das-ganze-puzzle\/p\/"]}]},{"@type":"BreadcrumbList","@id":"https:\/\/business.roovi.com\/de\/erwachsene-1000-teile-wassily-kandinsky-das-ganze-puzzle\/p\/#breadcrumb","itemListElement":[{"@type":"ListItem","position":1,"name":"Home","item":"https:\/\/business.roovi.com\/de\/"},{"@type":"ListItem","position":2,"name":"Shop","item":"https:\/\/business.roovi.com\/de\/shop\/"},{"@type":"ListItem","position":3,"name":"Erwachsene 1000 Teile Wassily Kandinsky &#8211; Das ganze Puzzle"}]},{"@type":"WebSite","@id":"https:\/\/business.roovi.com\/de\/#website","url":"https:\/\/business.roovi.com\/de\/","name":"Roovi B2B","description":"Roovi Business Website","potentialAction":[{"@type":"SearchAction","target":{"@type":"EntryPoint","urlTemplate":"https:\/\/business.roovi.com\/de\/?s={search_term_string}"},"query-input":"required name=search_term_string"}],"inLanguage":"de"}]}},"_links":{"self":[{"href":"https:\/\/business.roovi.com\/de\/wp-json\/wp\/v2\/product\/38768","targetHints":{"allow":["GET"]}}],"collection":[{"href":"https:\/\/business.roovi.com\/de\/wp-json\/wp\/v2\/product"}],"about":[{"href":"https:\/\/business.roovi.com\/de\/wp-json\/wp\/v2\/types\/product"}],"version-history":[{"count":0,"href":"https:\/\/business.roovi.com\/de\/wp-json\/wp\/v2\/product\/38768\/revisions"}],"wp:featuredmedia":[{"embeddable":true,"href":"https:\/\/business.roovi.com\/de\/wp-json\/wp\/v2\/media\/63510"}],"wp:attachment":[{"href":"https:\/\/business.roovi.com\/de\/wp-json\/wp\/v2\/media?parent=38768"}],"wp:term":[{"taxonomy":"product_brand","embeddable":true,"href":"https:\/\/business.roovi.com\/de\/wp-json\/wp\/v2\/product_brand?post=38768"},{"taxonomy":"product_cat","embeddable":true,"href":"https:\/\/business.roovi.com\/de\/wp-json\/wp\/v2\/product_cat?post=38768"},{"taxonomy":"product_tag","embeddable":true,"href":"https:\/\/business.roovi.com\/de\/wp-json\/wp\/v2\/product_tag?post=38768"}],"curies":[{"name":"wp","href":"https:\/\/api.w.org\/{rel}","templated":true}]}}