{"id":38771,"date":"2021-03-09T08:59:29","date_gmt":"2021-03-09T08:59:29","guid":{"rendered":"https:\/\/business.roovi.com\/puzzle-adulti-1000-piese-wassily-kandinsky-the-waterfall-cascada\/p\/"},"modified":"2022-07-06T10:52:02","modified_gmt":"2022-07-06T10:52:02","slug":"1000-teile-wassily-kandinsky-puzzle-fur-erwachsene-der-wasserfall","status":"publish","type":"product","link":"https:\/\/business.roovi.com\/de\/1000-teile-wassily-kandinsky-puzzle-fur-erwachsene-der-wasserfall\/p\/","title":{"rendered":"1000 Teile Wassily Kandinsky Puzzle f\u00fcr Erwachsene &#8211; Der Wasserfall"},"content":{"rendered":"<p><span style=\"font-weight: 400; font-size: 14px;\">Mach eine Pause von den Bildschirmen! Entdecke die gr\u00f6\u00dfte Auswahl an Kunstr\u00e4tseln und verbringe deine Freizeit in Gesellschaft der ber\u00fchmtesten Gem\u00e4lde der Welt. Hier findest du 1000-teilige Puzzles mit Bildern von Meisterwerken aus den repr\u00e4sentativsten Kunstepochen. W\u00e4hle deine Lieblingspuzzlespiele und verbinde dich mit der Welt der Kunst!<\/span><\/p>\n<p><span style=\"font-size: 14px;\"><span style=\"font-weight: 400;\">1000 Teile Puzzle <\/span><span style=\"font-weight: 400;\">Wassily <\/span><span style=\"font-weight: 400;\">Kandinsky &#8211; Wasserfall\/Kaskade bietet dir eine intensive farbliche Herausforderung. Die Gem\u00e4lde des in Russland geborenen K\u00fcnstlers zeichnen sich wie alle seine abstrakten Werke durch eine perfekte Harmonie der Farben aus. Alles, was du brauchst, ist Geduld und Ausdauer und du kannst das Bild, das ihn ber\u00fchmt gemacht hat, nachmalen <\/span><\/span><\/p>\n<p><span style=\"font-weight: 400; font-size: 14px;\">Du kannst einen gew\u00f6hnlichen Couchtisch verwenden, um die Teile des 1000-teiligen Puzzles aufzustellen. Das Bild, das du bekommst, ist 50 x 70 cm gro\u00df.<\/span><\/p>\n<p><span style=\"font-size: 14px;\"><span style=\"font-weight: 400;\">Lies unten mehr \u00fcber das Wassily-Kunstr\u00e4tsel <\/span><span style=\"font-weight: 400;\">Kandinsky &#8211; Wasserfall\/Kaskade:<\/span><\/span><\/p>\n<p><span style=\"font-size: 14px;\"><strong>Puzzle-Material <\/strong><\/span><\/p>\n<p><span style=\"font-size: 14px;\"><strong>hochwertiger blauer Karton<\/strong><\/span><\/p>\n<p><span style=\"font-size: 14px;\"><strong>nachhaltige, recycelbare Materialien<\/strong><\/span><\/p>\n<p><span style=\"font-size: 14px;\"><strong>halbgl\u00e4nzende Oberfl\u00e4che, leuchtende Farben<\/strong><\/span><\/p>\n<p><span style=\"font-size: 14px;\"><strong>Anzahl der Puzzleteile: 1000<\/strong><\/span><\/p>\n<p><span style=\"font-size: 14px;\"><strong>Empfohlenes Alter: 14+<\/strong><\/span><\/p>\n<p><span style=\"font-size: 14px;\"><strong>Mit dem 1000-Teile-Puzzle hast du mehrere M\u00f6glichkeiten<\/strong><strong> f\u00fcr Entspannung und Entwicklung<\/strong><\/span><\/p>\n<p><span style=\"font-weight: 400; font-size: 14px;\">Suchst du nach einer Aktivit\u00e4t, die dich aus dem Alltagstrott herausholt? Puzzlespiele k\u00f6nnen helfen. Setze Bilder aus 1000 Puzzleteilen zusammen und befreie deinen Geist vom Stress. Willst du an tr\u00fcben Wintertagen mit Freunden Spa\u00df haben? Puzzlespiele sind auch f\u00fcr diese Zeiten ideal! Au\u00dferdem sind 1000-teilige Puzzles die idealen Spiele f\u00fcr:<\/span><\/p>\n<ul>\n<li><span style=\"font-weight: 400; font-size: 14px;\">Ged\u00e4chtnistraining.<\/span><\/li>\n<li><span style=\"font-weight: 400; font-size: 14px;\">Fantasie entwickeln <\/span><\/li>\n<li><span style=\"font-weight: 400; font-size: 14px;\">Verbesserung der Probleml\u00f6sungsf\u00e4higkeiten.<\/span><\/li>\n<li><span style=\"font-weight: 400; font-size: 14px;\">Logisches Denken entwickeln.<\/span><\/li>\n<li><span style=\"font-weight: 400; font-size: 14px;\">Verbesserung der visuellen r\u00e4umlichen Intelligenz.<\/span><\/li>\n<\/ul>\n<p><span style=\"font-size: 14px;\"><strong>\u00dcber Wassily <\/strong><strong>Kandinsky <\/strong><strong>und <\/strong><strong><em>Wasserfall<\/em><\/strong><strong> wusstest du das?<\/strong><\/span><\/p>\n<p><span style=\"font-size: 14px;\"><span style=\"font-weight: 400;\">Wassily <\/span><span style=\"font-weight: 400;\">Kandinsky ist einer der wichtigsten K\u00fcnstler, die zur Avantgarde-Bewegung des fr\u00fchen 20. Jahrhunderts beigetragen haben.<\/span><\/span><\/p>\n<p><span style=\"font-weight: 400; font-size: 14px;\">Er kombinierte Musik und Farbe auf eine neue Art und Weise und wollte, dass seine Kunst mehr als nur ein Ausdruck der Realit\u00e4t ist und Emotionen erzeugt.<\/span><\/p>\n<p><span style=\"font-size: 14px;\"><span style=\"font-weight: 400;\">Der K\u00fcnstler malte <\/span><em><span style=\"font-weight: 400;\">Wasserfall<\/span><\/em><span style=\"font-weight: 400;\"> an einem Wendepunkt, als er seine naturalistischen Landschaften in abstrakte Kompositionen verwandelte <\/span><\/span><\/p>\n<p><span style=\"font-weight: 400; font-size: 14px;\">F\u00fcr dieses Werk lie\u00df sich der Maler von der deutschen Landschaft von Murnau in der N\u00e4he von M\u00fcnchen inspirieren.<\/span><\/p>\n<p><span style=\"font-weight: 400; font-size: 14px;\">Weil seine Kunst nicht verstanden wurde, starb er schlie\u00dflich in Armut. Paradoxerweise wurden seine Bilder nach seinem Tod f\u00fcr viele Millionen Euro verkauft.<\/span><\/p>\n<p><span style=\"font-size: 14px;\"><strong>5 weitere Vorteile von Kunstr\u00e4tseln<\/strong><\/span><\/p>\n<p><span style=\"font-weight: 400; font-size: 14px;\">Bist du neugierig, welche Vorteile Kunstr\u00e4tsel dir bringen k\u00f6nnen? Hier sind 5 von ihnen:<\/span><\/p>\n<p><span style=\"font-weight: 400; font-size: 14px;\">1. Sie f\u00fchren dich in die wunderbare Welt ber\u00fchmter Gem\u00e4lde ein und entwickeln deine Fantasie.<\/span><\/p>\n<p><span style=\"font-weight: 400; font-size: 14px;\">2. Mit ihrer Hilfe rekonstruierst du k\u00fcnstlerische Meisterwerke, die du einrahmen und damit dein Zuhause dekorieren kannst.<\/span><\/p>\n<p><span style=\"font-weight: 400; font-size: 14px;\">3. Kunstr\u00e4tsel machen dich neugierig und wollen mehr \u00fcber ber\u00fchmte Gem\u00e4lde und ihre Sch\u00f6pfer wissen.<\/span><\/p>\n<p><span style=\"font-weight: 400; font-size: 14px;\">4. Mit Kunstr\u00e4tseln kannst du die kleinsten Details der Meisterwerke, die sie darstellen, erfassen und sie in Ruhe bewundern, wenn das Bild fertig ist.<\/span><\/p>\n<p><span style=\"font-weight: 400; font-size: 14px;\">5. Du verbesserst deine F\u00e4higkeiten im L\u00f6sen von R\u00e4tseln und zeigst sie deinen Freunden.<\/span><\/p>\n<p><span style=\"font-size: 14px;\"><span style=\"font-weight: 400;\">Wenn du all diese Vorteile haben willst und dar\u00fcber hinaus bis zu 30 Stunden tiefe Entspannung erleben m\u00f6chtest, kaufe das Wassily 1000 Teile Puzzle <\/span><span style=\"font-weight: 400;\">Kandinsky &#8211; Wasserfall\/Kaskade. Die avantgardistische Malerei in diesem wundersch\u00f6nen Kunstpuzzle wird deinem Zuhause einen modernen und raffinierten Look verleihen. 1000 Teile Puzzle <\/span><span style=\"font-weight: 400;\">Wassily <\/span><span style=\"font-weight: 400;\">Kandinsky &#8211; Wasserfall\/Kaskade aus der Kunstpuzzle-Kollektion ist das perfekte Geschenk f\u00fcr Familienmitglieder oder Freunde, die Puzzlespiele lieben.<\/span><\/span><\/p><\/p>\n","protected":false},"excerpt":{"rendered":"<p>Mach eine Pause von den Bildschirmen! Entdecke die gr\u00f6\u00dfte Auswahl an Kunstr\u00e4tseln und verbringe deine Freizeit in Gesellschaft der ber\u00fchmtesten<\/p>\n","protected":false},"featured_media":63515,"template":"","meta":[],"product_brand":[],"product_cat":[1916,1875,1915],"product_tag":[],"class_list":{"0":"post-38771","1":"product","2":"type-product","3":"status-publish","4":"has-post-thumbnail","6":"product_cat-1000-teile-puzzle","7":"product_cat-puzzle-de","8":"product_cat-puzzlespiele-fur-erwachsene","9":"pa_bax-10-de","10":"pa_brand-d_toys-de","11":"pa_country_of_manufacture-ro-de","12":"pa_filter_age-14-de","13":"pa_painter-wassilykandinsky-de","14":"pa_tip_ambalaj-kasten-a4-de","15":"pa_tip_puzzle-klassisch","17":"first","18":"instock","19":"taxable","20":"shipping-taxable","21":"product-type-simple"},"yoast_head":"<!-- This site is optimized with the Yoast SEO plugin v20.1 - https:\/\/yoast.com\/wordpress\/plugins\/seo\/ -->\n<title>1000 Teile Wassily Kandinsky Puzzle f\u00fcr Erwachsene - Der Wasserfall<\/title>\n<meta name=\"description\" content=\"1000 Teile Wassily Kandinsky Puzzle f\u00fcr Erwachsene - Der Wasserfall\" \/>\n<meta name=\"robots\" content=\"index, follow, max-snippet:-1, max-image-preview:large, max-video-preview:-1\" \/>\n<link rel=\"canonical\" href=\"https:\/\/business.roovi.com\/de\/1000-teile-wassily-kandinsky-puzzle-fur-erwachsene-der-wasserfall\/p\/\" \/>\n<meta property=\"og:locale\" content=\"de_DE\" \/>\n<meta property=\"og:type\" content=\"article\" \/>\n<meta property=\"og:title\" content=\"1000 Teile Wassily Kandinsky Puzzle f\u00fcr Erwachsene - Der Wasserfall\" \/>\n<meta property=\"og:description\" content=\"1000 Teile Wassily Kandinsky Puzzle f\u00fcr Erwachsene - Der Wasserfall\" \/>\n<meta property=\"og:url\" content=\"https:\/\/business.roovi.com\/de\/1000-teile-wassily-kandinsky-puzzle-fur-erwachsene-der-wasserfall\/p\/\" \/>\n<meta property=\"og:site_name\" content=\"Roovi B2B\" \/>\n<meta property=\"article:publisher\" content=\"https:\/\/www.facebook.com\/wwwjucariero\" \/>\n<meta property=\"article:modified_time\" content=\"2022-07-06T10:52:02+00:00\" \/>\n<meta property=\"og:image\" content=\"https:\/\/business.roovi.com\/wp-content\/uploads\/2021\/03\/72849-07_ansamblu_dimensiuni_cutie_cm_orizontal.png\" \/>\n\t<meta property=\"og:image:width\" content=\"1200\" \/>\n\t<meta property=\"og:image:height\" content=\"1200\" \/>\n\t<meta property=\"og:image:type\" content=\"image\/png\" \/>\n<meta name=\"twitter:label1\" content=\"Gesch\u00e4tzte Lesezeit\" \/>\n\t<meta name=\"twitter:data1\" content=\"3\u00a0Minuten\" \/>\n<script type=\"application\/ld+json\" class=\"yoast-schema-graph\">{\"@context\":\"https:\/\/schema.org\",\"@graph\":[{\"@type\":\"WebPage\",\"@id\":\"https:\/\/business.roovi.com\/de\/1000-teile-wassily-kandinsky-puzzle-fur-erwachsene-der-wasserfall\/p\/\",\"url\":\"https:\/\/business.roovi.com\/de\/1000-teile-wassily-kandinsky-puzzle-fur-erwachsene-der-wasserfall\/p\/\",\"name\":\"1000 Teile Wassily Kandinsky Puzzle f\u00fcr Erwachsene - Der Wasserfall\",\"isPartOf\":{\"@id\":\"https:\/\/business.roovi.com\/de\/#website\"},\"datePublished\":\"2021-03-09T08:59:29+00:00\",\"dateModified\":\"2022-07-06T10:52:02+00:00\",\"description\":\"1000 Teile Wassily Kandinsky Puzzle f\u00fcr Erwachsene - Der Wasserfall\",\"breadcrumb\":{\"@id\":\"https:\/\/business.roovi.com\/de\/1000-teile-wassily-kandinsky-puzzle-fur-erwachsene-der-wasserfall\/p\/#breadcrumb\"},\"inLanguage\":\"de\",\"potentialAction\":[{\"@type\":\"ReadAction\",\"target\":[\"https:\/\/business.roovi.com\/de\/1000-teile-wassily-kandinsky-puzzle-fur-erwachsene-der-wasserfall\/p\/\"]}]},{\"@type\":\"BreadcrumbList\",\"@id\":\"https:\/\/business.roovi.com\/de\/1000-teile-wassily-kandinsky-puzzle-fur-erwachsene-der-wasserfall\/p\/#breadcrumb\",\"itemListElement\":[{\"@type\":\"ListItem\",\"position\":1,\"name\":\"Home\",\"item\":\"https:\/\/business.roovi.com\/de\/\"},{\"@type\":\"ListItem\",\"position\":2,\"name\":\"Shop\",\"item\":\"https:\/\/business.roovi.com\/de\/shop\/\"},{\"@type\":\"ListItem\",\"position\":3,\"name\":\"1000 Teile Wassily Kandinsky Puzzle f\u00fcr Erwachsene &#8211; Der Wasserfall\"}]},{\"@type\":\"WebSite\",\"@id\":\"https:\/\/business.roovi.com\/de\/#website\",\"url\":\"https:\/\/business.roovi.com\/de\/\",\"name\":\"Roovi B2B\",\"description\":\"Roovi Business Website\",\"potentialAction\":[{\"@type\":\"SearchAction\",\"target\":{\"@type\":\"EntryPoint\",\"urlTemplate\":\"https:\/\/business.roovi.com\/de\/?s={search_term_string}\"},\"query-input\":\"required name=search_term_string\"}],\"inLanguage\":\"de\"}]}<\/script>\n<!-- \/ Yoast SEO plugin. -->","yoast_head_json":{"title":"1000 Teile Wassily Kandinsky Puzzle f\u00fcr Erwachsene - Der Wasserfall","description":"1000 Teile Wassily Kandinsky Puzzle f\u00fcr Erwachsene - Der Wasserfall","robots":{"index":"index","follow":"follow","max-snippet":"max-snippet:-1","max-image-preview":"max-image-preview:large","max-video-preview":"max-video-preview:-1"},"canonical":"https:\/\/business.roovi.com\/de\/1000-teile-wassily-kandinsky-puzzle-fur-erwachsene-der-wasserfall\/p\/","og_locale":"de_DE","og_type":"article","og_title":"1000 Teile Wassily Kandinsky Puzzle f\u00fcr Erwachsene - Der Wasserfall","og_description":"1000 Teile Wassily Kandinsky Puzzle f\u00fcr Erwachsene - Der Wasserfall","og_url":"https:\/\/business.roovi.com\/de\/1000-teile-wassily-kandinsky-puzzle-fur-erwachsene-der-wasserfall\/p\/","og_site_name":"Roovi B2B","article_publisher":"https:\/\/www.facebook.com\/wwwjucariero","article_modified_time":"2022-07-06T10:52:02+00:00","og_image":[{"width":1200,"height":1200,"url":"https:\/\/business.roovi.com\/wp-content\/uploads\/2021\/03\/72849-07_ansamblu_dimensiuni_cutie_cm_orizontal.png","type":"image\/png"}],"twitter_misc":{"Gesch\u00e4tzte Lesezeit":"3\u00a0Minuten"},"schema":{"@context":"https:\/\/schema.org","@graph":[{"@type":"WebPage","@id":"https:\/\/business.roovi.com\/de\/1000-teile-wassily-kandinsky-puzzle-fur-erwachsene-der-wasserfall\/p\/","url":"https:\/\/business.roovi.com\/de\/1000-teile-wassily-kandinsky-puzzle-fur-erwachsene-der-wasserfall\/p\/","name":"1000 Teile Wassily Kandinsky Puzzle f\u00fcr Erwachsene - Der Wasserfall","isPartOf":{"@id":"https:\/\/business.roovi.com\/de\/#website"},"datePublished":"2021-03-09T08:59:29+00:00","dateModified":"2022-07-06T10:52:02+00:00","description":"1000 Teile Wassily Kandinsky Puzzle f\u00fcr Erwachsene - Der Wasserfall","breadcrumb":{"@id":"https:\/\/business.roovi.com\/de\/1000-teile-wassily-kandinsky-puzzle-fur-erwachsene-der-wasserfall\/p\/#breadcrumb"},"inLanguage":"de","potentialAction":[{"@type":"ReadAction","target":["https:\/\/business.roovi.com\/de\/1000-teile-wassily-kandinsky-puzzle-fur-erwachsene-der-wasserfall\/p\/"]}]},{"@type":"BreadcrumbList","@id":"https:\/\/business.roovi.com\/de\/1000-teile-wassily-kandinsky-puzzle-fur-erwachsene-der-wasserfall\/p\/#breadcrumb","itemListElement":[{"@type":"ListItem","position":1,"name":"Home","item":"https:\/\/business.roovi.com\/de\/"},{"@type":"ListItem","position":2,"name":"Shop","item":"https:\/\/business.roovi.com\/de\/shop\/"},{"@type":"ListItem","position":3,"name":"1000 Teile Wassily Kandinsky Puzzle f\u00fcr Erwachsene &#8211; Der Wasserfall"}]},{"@type":"WebSite","@id":"https:\/\/business.roovi.com\/de\/#website","url":"https:\/\/business.roovi.com\/de\/","name":"Roovi B2B","description":"Roovi Business Website","potentialAction":[{"@type":"SearchAction","target":{"@type":"EntryPoint","urlTemplate":"https:\/\/business.roovi.com\/de\/?s={search_term_string}"},"query-input":"required name=search_term_string"}],"inLanguage":"de"}]}},"_links":{"self":[{"href":"https:\/\/business.roovi.com\/de\/wp-json\/wp\/v2\/product\/38771","targetHints":{"allow":["GET"]}}],"collection":[{"href":"https:\/\/business.roovi.com\/de\/wp-json\/wp\/v2\/product"}],"about":[{"href":"https:\/\/business.roovi.com\/de\/wp-json\/wp\/v2\/types\/product"}],"version-history":[{"count":0,"href":"https:\/\/business.roovi.com\/de\/wp-json\/wp\/v2\/product\/38771\/revisions"}],"wp:featuredmedia":[{"embeddable":true,"href":"https:\/\/business.roovi.com\/de\/wp-json\/wp\/v2\/media\/63515"}],"wp:attachment":[{"href":"https:\/\/business.roovi.com\/de\/wp-json\/wp\/v2\/media?parent=38771"}],"wp:term":[{"taxonomy":"product_brand","embeddable":true,"href":"https:\/\/business.roovi.com\/de\/wp-json\/wp\/v2\/product_brand?post=38771"},{"taxonomy":"product_cat","embeddable":true,"href":"https:\/\/business.roovi.com\/de\/wp-json\/wp\/v2\/product_cat?post=38771"},{"taxonomy":"product_tag","embeddable":true,"href":"https:\/\/business.roovi.com\/de\/wp-json\/wp\/v2\/product_tag?post=38771"}],"curies":[{"name":"wp","href":"https:\/\/api.w.org\/{rel}","templated":true}]}}