{"id":38777,"date":"2021-03-09T08:49:07","date_gmt":"2021-03-09T08:49:07","guid":{"rendered":"https:\/\/business.roovi.com\/puzzle-adulti-peder-mork-monsted-a-spring-day-in-the-woods-with-fresh-blown-beeches-and-anemones-in-the-forest-bed-1000-piese\/p\/"},"modified":"2022-07-06T10:52:09","modified_gmt":"2022-07-06T10:52:09","slug":"peder-mork-monsted-puzzle-fur-erwachsene-ein-fruhlingstag-im-wald-mit-frisch-erbluhten-buchen-und-anemonen-im-waldbeet-1000-teile","status":"publish","type":"product","link":"https:\/\/business.roovi.com\/de\/peder-mork-monsted-puzzle-fur-erwachsene-ein-fruhlingstag-im-wald-mit-frisch-erbluhten-buchen-und-anemonen-im-waldbeet-1000-teile\/p\/","title":{"rendered":"Peder M\u00f8rk M\u00f8nsted Puzzle f\u00fcr Erwachsene &#8211; Ein Fr\u00fchlingstag im Wald mit frisch erbl\u00fchten Buchen und Anemonen im Waldbeet &#8211; 1000 Teile"},"content":{"rendered":"<p><span style=\"font-weight: 400;\">Du suchst nach einer Freizeitaktivit\u00e4t am Wochenende? Entdecke die gr\u00f6\u00dfte Auswahl an Kunstpuzzles, die in Rum\u00e4nien hergestellt werden, und w\u00e4hle dein 1000-teiliges Puzzle, um deinen Geist und deine Seele zu erfreuen! Setze die Bilder zusammen, f\u00fcge sie in den Rahmen ein und kreiere tolle Dekoartikel!<\/span><\/p>\n<p><span style=\"font-weight: 400;\">Bring die Sch\u00f6nheit und Frische des Fr\u00fchlings in dein Zuhause mit <\/span><strong>1000 Teile Puzzle <\/strong><strong>Peder M\u00f8rk M\u00f8nsted<\/strong><strong> &#8211; Ein Fr\u00fchlingstag im Wald mit frisch gebl\u00fchten Buchen und Anemonen im Waldbeet<\/strong><span style=\"font-weight: 400;\">! <\/span><span style=\"font-weight: 400;\">Die Klarheit der Arbeit des d\u00e4nischen K\u00fcnstlers zeigt sich in diesem au\u00dfergew\u00f6hnlichen Bild, auf dem das Sonnenlicht und das Wasser so realistisch dargestellt sind, dass es atemberaubend ist <\/span><\/p>\n<p><span style=\"font-weight: 400;\">Um diese wunderbare 1000-teilige Puzzellandschaft zusammenzusetzen, brauchst du deinen Couchtisch und gute Laune. Am Ende wird ein 50 x 70 cm gro\u00dfes Gem\u00e4lde deine Augen erfreuen <\/span><\/p>\n<p><strong>Weitere Merkmale des Kunstpuzzles:<\/strong><\/p>\n<p><strong>Puzzle-Material <\/strong><\/p>\n<p><strong>hochwertiger blauer Karton<\/strong><\/p>\n<p><strong>nachhaltige, recycelbare Materialien<\/strong><\/p>\n<p><strong>halbgl\u00e4nzende Oberfl\u00e4che, leuchtende Farben<\/strong><\/p>\n<p><strong>Anzahl der Puzzleteile: 1000<\/strong><\/p>\n<p><strong>Empfohlenes Alter: 14+<\/strong><\/p>\n<p><strong>Puzzlespiele helfen dir, kreativ zu sein und in jeder Situation L\u00f6sungen zu finden<\/strong><\/p>\n<p><span style=\"font-weight: 400;\">1000-Teile-R\u00e4tsel bringen dich aus deiner Komfortzone heraus, lassen dich nachdenken und neue Dinge lernen. Manchmal zeigen sie dir, dass es mehr als einen Weg gibt, um zum Endergebnis zu kommen und bringen dich dazu, neue Optionen zu erkunden. Auf diese Weise entwickelst du ein komplexeres Verst\u00e4ndnis von Situationen und wirst kreativer <\/span><\/p>\n<p><span style=\"font-weight: 400;\">R\u00e4tsel f\u00fcr Erwachsene helfen dir auch, Probleme aus verschiedenen Perspektiven zu betrachten. Je aufmerksamer und empf\u00e4nglicher du also f\u00fcr die Funktionsweise von R\u00e4tselspielen bist, desto mehr trainierst du deine Aufmerksamkeit und entwickelst deine F\u00e4higkeit, L\u00f6sungen f\u00fcr jede schwierige Situation zu finden.<\/span><\/p>\n<p><strong>Peder M\u00f8rk M\u00f8nsted &#8211; ein au\u00dfergew\u00f6hnlicher Landschaftsgestalter<\/strong><\/p>\n<p><span style=\"font-weight: 400;\">Peder M\u00f8rk M\u00f8nsted<\/span> <span style=\"font-weight: 400;\">war ein d\u00e4nischer Landschaftsmaler mit einer langen und erfolgreichen Karriere. Viele seiner Werke zeigen die Sch\u00f6nheit des Landlebens und die dichten W\u00e4lder seiner Heimat D\u00e4nemark.<\/span><\/p>\n<p><span style=\"font-weight: 400;\">Seine Bilder sind voller satter Farben, die wie durch Licht vereint sind.<\/span><\/p>\n<p><span style=\"font-weight: 400;\">Der K\u00fcnstler hatte ein unglaubliches Auge f\u00fcr Genauigkeit und fing die Realit\u00e4t in seinen Gem\u00e4lden bis ins kleinste Detail ein.<\/span><\/p>\n<p><span style=\"font-weight: 400;\">M\u00f8nsted reiste zu Lebzeiten viel: nach Algerien, Spanien, \u00c4gypten, Deutschland, in die Schweiz, nach Griechenland und viele andere L\u00e4nder. In Griechenland war er Gast von K\u00f6nig Georg I., der ihn beauftragte, Portr\u00e4ts der griechischen K\u00f6nigsfamilie zu malen.<\/span><\/p>\n<p><strong>5 weitere Gr\u00fcnde, 1000-teilige Puzzles zusammenzusetzen<\/strong><\/p>\n<p><span style=\"font-weight: 400;\">Zur Erholung &#8211; Puzzles sind wie ein Hauch von frischer Luft nach einem hektischen Arbeitstag.<\/span><\/p>\n<p><span style=\"font-weight: 400;\">Um dich mit deinem inneren Selbst zu verbinden &#8211; Puzzle-Spiele helfen dir, deinen Kopf von Sorgen zu befreien und die Sch\u00f6nheit deiner inneren Welt wiederzuentdecken.<\/span><\/p>\n<p><span style=\"font-weight: 400;\">Um ein besseres Ged\u00e4chtnis zu haben &#8211; wenn du 1000-teilige Puzzles l\u00f6st, trainierst du st\u00e4ndig dein Ged\u00e4chtnis.<\/span><\/p>\n<p><span style=\"font-weight: 400;\">Um Zeit mit einem geliebten Menschen zu verbringen, kannst du mit deiner Familie oder deinen Freunden ein 1000-teiliges Puzzle zusammensetzen. Du wirst die Freude erleben, mit deinen Lieben zusammen zu sein.<\/span><\/p>\n<p><span style=\"font-weight: 400;\">Um ein dekoratives Objekt herzustellen, das dein Lieblingszimmer versch\u00f6nert &#8211; setze das 1000-teilige Puzzle zusammen und lege das rekonstruierte Gem\u00e4lde in den Rahmen. Du wirst immer stolz auf dich sein, weil du es geschafft hast, ein faszinierendes St\u00fcck zu schaffen.<\/span><\/p>\n<p><span style=\"font-weight: 400;\">Jetzt kaufen <\/span><strong>1000 R\u00e4tsel<\/strong> <strong>st\u00fccke <\/strong><strong>Peder M\u00f8rk M\u00f8nsted<\/strong><strong> &#8211; Ein Fr\u00fchlingstag im Wald mit frisch gebl\u00fchten Buchen und Anemonen im Waldbeet<\/strong><span style=\"font-weight: 400;\"> und erschaffe ein au\u00dfergew\u00f6hnlich realistisches Bild! Baue deine eigene Kunstsammlung auf, indem du dieses 1000-teilige Puzzle zu deinen Werken hinzuf\u00fcgst. \u00dcberrasche einen Freund oder eine Freundin mit einem besonderen Geschenk: Verschenke dieses wundersch\u00f6ne Kunstpuzzle! <\/span><\/p><\/p>\n","protected":false},"excerpt":{"rendered":"<p>Du suchst nach einer Freizeitaktivit\u00e4t am Wochenende? Entdecke die gr\u00f6\u00dfte Auswahl an Kunstpuzzles, die in Rum\u00e4nien hergestellt werden, und w\u00e4hle<\/p>\n","protected":false},"featured_media":64231,"template":"","meta":[],"product_brand":[],"product_cat":[1916,1875,1915],"product_tag":[],"class_list":{"0":"post-38777","1":"product","2":"type-product","3":"status-publish","4":"has-post-thumbnail","6":"product_cat-1000-teile-puzzle","7":"product_cat-puzzle-de","8":"product_cat-puzzlespiele-fur-erwachsene","9":"pa_brand-d_toys-de","10":"pa_country_of_manufacture-ro-de","11":"pa_filter_age-14-de","12":"pa_painter-gustavklimt-de","13":"pa_tip_ambalaj-kasten-a4-de","14":"pa_tip_puzzle-klassisch","16":"first","17":"instock","18":"taxable","19":"shipping-taxable","20":"product-type-simple"},"yoast_head":"<!-- This site is optimized with the Yoast SEO plugin v20.1 - https:\/\/yoast.com\/wordpress\/plugins\/seo\/ -->\n<title>Peder M\u00f8rk M\u00f8nsted Puzzle f\u00fcr Erwachsene - Ein Fr\u00fchlingstag im Wald mit frisch erbl\u00fchten Buchen und Anemonen im Waldbeet - 1000 Teile<\/title>\n<meta name=\"description\" content=\"Peder M\u00f8rk M\u00f8nsted Puzzle f\u00fcr Erwachsene - Ein Fr\u00fchlingstag im Wald mit frisch erbl\u00fchten Buchen und Anemonen im Waldbeet - 1000 Teile\" \/>\n<meta name=\"robots\" content=\"index, follow, max-snippet:-1, max-image-preview:large, max-video-preview:-1\" \/>\n<link rel=\"canonical\" href=\"https:\/\/business.roovi.com\/de\/peder-mork-monsted-puzzle-fur-erwachsene-ein-fruhlingstag-im-wald-mit-frisch-erbluhten-buchen-und-anemonen-im-waldbeet-1000-teile\/p\/\" \/>\n<meta property=\"og:locale\" content=\"de_DE\" \/>\n<meta property=\"og:type\" content=\"article\" \/>\n<meta property=\"og:title\" content=\"Peder M\u00f8rk M\u00f8nsted Puzzle f\u00fcr Erwachsene - Ein Fr\u00fchlingstag im Wald mit frisch erbl\u00fchten Buchen und Anemonen im Waldbeet - 1000 Teile\" \/>\n<meta property=\"og:description\" content=\"Peder M\u00f8rk M\u00f8nsted Puzzle f\u00fcr Erwachsene - Ein Fr\u00fchlingstag im Wald mit frisch erbl\u00fchten Buchen und Anemonen im Waldbeet - 1000 Teile\" \/>\n<meta property=\"og:url\" content=\"https:\/\/business.roovi.com\/de\/peder-mork-monsted-puzzle-fur-erwachsene-ein-fruhlingstag-im-wald-mit-frisch-erbluhten-buchen-und-anemonen-im-waldbeet-1000-teile\/p\/\" \/>\n<meta property=\"og:site_name\" content=\"Roovi B2B\" \/>\n<meta property=\"article:publisher\" content=\"https:\/\/www.facebook.com\/wwwjucariero\" \/>\n<meta property=\"article:modified_time\" content=\"2022-07-06T10:52:09+00:00\" \/>\n<meta property=\"og:image\" content=\"https:\/\/business.roovi.com\/wp-content\/uploads\/2021\/03\/77417-05_ansamblu_dimensiuni_cutie_cm-800x800.png\" \/>\n\t<meta property=\"og:image:width\" content=\"800\" \/>\n\t<meta property=\"og:image:height\" content=\"800\" \/>\n\t<meta property=\"og:image:type\" content=\"image\/png\" \/>\n<meta name=\"twitter:label1\" content=\"Gesch\u00e4tzte Lesezeit\" \/>\n\t<meta name=\"twitter:data1\" content=\"3\u00a0Minuten\" \/>\n<script type=\"application\/ld+json\" class=\"yoast-schema-graph\">{\"@context\":\"https:\/\/schema.org\",\"@graph\":[{\"@type\":\"WebPage\",\"@id\":\"https:\/\/business.roovi.com\/de\/peder-mork-monsted-puzzle-fur-erwachsene-ein-fruhlingstag-im-wald-mit-frisch-erbluhten-buchen-und-anemonen-im-waldbeet-1000-teile\/p\/\",\"url\":\"https:\/\/business.roovi.com\/de\/peder-mork-monsted-puzzle-fur-erwachsene-ein-fruhlingstag-im-wald-mit-frisch-erbluhten-buchen-und-anemonen-im-waldbeet-1000-teile\/p\/\",\"name\":\"Peder M\u00f8rk M\u00f8nsted Puzzle f\u00fcr Erwachsene - Ein Fr\u00fchlingstag im Wald mit frisch erbl\u00fchten Buchen und Anemonen im Waldbeet - 1000 Teile\",\"isPartOf\":{\"@id\":\"https:\/\/business.roovi.com\/de\/#website\"},\"datePublished\":\"2021-03-09T08:49:07+00:00\",\"dateModified\":\"2022-07-06T10:52:09+00:00\",\"description\":\"Peder M\u00f8rk M\u00f8nsted Puzzle f\u00fcr Erwachsene - Ein Fr\u00fchlingstag im Wald mit frisch erbl\u00fchten Buchen und Anemonen im Waldbeet - 1000 Teile\",\"breadcrumb\":{\"@id\":\"https:\/\/business.roovi.com\/de\/peder-mork-monsted-puzzle-fur-erwachsene-ein-fruhlingstag-im-wald-mit-frisch-erbluhten-buchen-und-anemonen-im-waldbeet-1000-teile\/p\/#breadcrumb\"},\"inLanguage\":\"de\",\"potentialAction\":[{\"@type\":\"ReadAction\",\"target\":[\"https:\/\/business.roovi.com\/de\/peder-mork-monsted-puzzle-fur-erwachsene-ein-fruhlingstag-im-wald-mit-frisch-erbluhten-buchen-und-anemonen-im-waldbeet-1000-teile\/p\/\"]}]},{\"@type\":\"BreadcrumbList\",\"@id\":\"https:\/\/business.roovi.com\/de\/peder-mork-monsted-puzzle-fur-erwachsene-ein-fruhlingstag-im-wald-mit-frisch-erbluhten-buchen-und-anemonen-im-waldbeet-1000-teile\/p\/#breadcrumb\",\"itemListElement\":[{\"@type\":\"ListItem\",\"position\":1,\"name\":\"Home\",\"item\":\"https:\/\/business.roovi.com\/de\/\"},{\"@type\":\"ListItem\",\"position\":2,\"name\":\"Shop\",\"item\":\"https:\/\/business.roovi.com\/de\/shop\/\"},{\"@type\":\"ListItem\",\"position\":3,\"name\":\"Peder M\u00f8rk M\u00f8nsted Puzzle f\u00fcr Erwachsene &#8211; Ein Fr\u00fchlingstag im Wald mit frisch erbl\u00fchten Buchen und Anemonen im Waldbeet &#8211; 1000 Teile\"}]},{\"@type\":\"WebSite\",\"@id\":\"https:\/\/business.roovi.com\/de\/#website\",\"url\":\"https:\/\/business.roovi.com\/de\/\",\"name\":\"Roovi B2B\",\"description\":\"Roovi Business Website\",\"potentialAction\":[{\"@type\":\"SearchAction\",\"target\":{\"@type\":\"EntryPoint\",\"urlTemplate\":\"https:\/\/business.roovi.com\/de\/?s={search_term_string}\"},\"query-input\":\"required name=search_term_string\"}],\"inLanguage\":\"de\"}]}<\/script>\n<!-- \/ Yoast SEO plugin. -->","yoast_head_json":{"title":"Peder M\u00f8rk M\u00f8nsted Puzzle f\u00fcr Erwachsene - Ein Fr\u00fchlingstag im Wald mit frisch erbl\u00fchten Buchen und Anemonen im Waldbeet - 1000 Teile","description":"Peder M\u00f8rk M\u00f8nsted Puzzle f\u00fcr Erwachsene - Ein Fr\u00fchlingstag im Wald mit frisch erbl\u00fchten Buchen und Anemonen im Waldbeet - 1000 Teile","robots":{"index":"index","follow":"follow","max-snippet":"max-snippet:-1","max-image-preview":"max-image-preview:large","max-video-preview":"max-video-preview:-1"},"canonical":"https:\/\/business.roovi.com\/de\/peder-mork-monsted-puzzle-fur-erwachsene-ein-fruhlingstag-im-wald-mit-frisch-erbluhten-buchen-und-anemonen-im-waldbeet-1000-teile\/p\/","og_locale":"de_DE","og_type":"article","og_title":"Peder M\u00f8rk M\u00f8nsted Puzzle f\u00fcr Erwachsene - Ein Fr\u00fchlingstag im Wald mit frisch erbl\u00fchten Buchen und Anemonen im Waldbeet - 1000 Teile","og_description":"Peder M\u00f8rk M\u00f8nsted Puzzle f\u00fcr Erwachsene - Ein Fr\u00fchlingstag im Wald mit frisch erbl\u00fchten Buchen und Anemonen im Waldbeet - 1000 Teile","og_url":"https:\/\/business.roovi.com\/de\/peder-mork-monsted-puzzle-fur-erwachsene-ein-fruhlingstag-im-wald-mit-frisch-erbluhten-buchen-und-anemonen-im-waldbeet-1000-teile\/p\/","og_site_name":"Roovi B2B","article_publisher":"https:\/\/www.facebook.com\/wwwjucariero","article_modified_time":"2022-07-06T10:52:09+00:00","og_image":[{"width":800,"height":800,"url":"https:\/\/business.roovi.com\/wp-content\/uploads\/2021\/03\/77417-05_ansamblu_dimensiuni_cutie_cm-800x800.png","type":"image\/png"}],"twitter_misc":{"Gesch\u00e4tzte Lesezeit":"3\u00a0Minuten"},"schema":{"@context":"https:\/\/schema.org","@graph":[{"@type":"WebPage","@id":"https:\/\/business.roovi.com\/de\/peder-mork-monsted-puzzle-fur-erwachsene-ein-fruhlingstag-im-wald-mit-frisch-erbluhten-buchen-und-anemonen-im-waldbeet-1000-teile\/p\/","url":"https:\/\/business.roovi.com\/de\/peder-mork-monsted-puzzle-fur-erwachsene-ein-fruhlingstag-im-wald-mit-frisch-erbluhten-buchen-und-anemonen-im-waldbeet-1000-teile\/p\/","name":"Peder M\u00f8rk M\u00f8nsted Puzzle f\u00fcr Erwachsene - Ein Fr\u00fchlingstag im Wald mit frisch erbl\u00fchten Buchen und Anemonen im Waldbeet - 1000 Teile","isPartOf":{"@id":"https:\/\/business.roovi.com\/de\/#website"},"datePublished":"2021-03-09T08:49:07+00:00","dateModified":"2022-07-06T10:52:09+00:00","description":"Peder M\u00f8rk M\u00f8nsted Puzzle f\u00fcr Erwachsene - Ein Fr\u00fchlingstag im Wald mit frisch erbl\u00fchten Buchen und Anemonen im Waldbeet - 1000 Teile","breadcrumb":{"@id":"https:\/\/business.roovi.com\/de\/peder-mork-monsted-puzzle-fur-erwachsene-ein-fruhlingstag-im-wald-mit-frisch-erbluhten-buchen-und-anemonen-im-waldbeet-1000-teile\/p\/#breadcrumb"},"inLanguage":"de","potentialAction":[{"@type":"ReadAction","target":["https:\/\/business.roovi.com\/de\/peder-mork-monsted-puzzle-fur-erwachsene-ein-fruhlingstag-im-wald-mit-frisch-erbluhten-buchen-und-anemonen-im-waldbeet-1000-teile\/p\/"]}]},{"@type":"BreadcrumbList","@id":"https:\/\/business.roovi.com\/de\/peder-mork-monsted-puzzle-fur-erwachsene-ein-fruhlingstag-im-wald-mit-frisch-erbluhten-buchen-und-anemonen-im-waldbeet-1000-teile\/p\/#breadcrumb","itemListElement":[{"@type":"ListItem","position":1,"name":"Home","item":"https:\/\/business.roovi.com\/de\/"},{"@type":"ListItem","position":2,"name":"Shop","item":"https:\/\/business.roovi.com\/de\/shop\/"},{"@type":"ListItem","position":3,"name":"Peder M\u00f8rk M\u00f8nsted Puzzle f\u00fcr Erwachsene &#8211; Ein Fr\u00fchlingstag im Wald mit frisch erbl\u00fchten Buchen und Anemonen im Waldbeet &#8211; 1000 Teile"}]},{"@type":"WebSite","@id":"https:\/\/business.roovi.com\/de\/#website","url":"https:\/\/business.roovi.com\/de\/","name":"Roovi B2B","description":"Roovi Business Website","potentialAction":[{"@type":"SearchAction","target":{"@type":"EntryPoint","urlTemplate":"https:\/\/business.roovi.com\/de\/?s={search_term_string}"},"query-input":"required name=search_term_string"}],"inLanguage":"de"}]}},"_links":{"self":[{"href":"https:\/\/business.roovi.com\/de\/wp-json\/wp\/v2\/product\/38777","targetHints":{"allow":["GET"]}}],"collection":[{"href":"https:\/\/business.roovi.com\/de\/wp-json\/wp\/v2\/product"}],"about":[{"href":"https:\/\/business.roovi.com\/de\/wp-json\/wp\/v2\/types\/product"}],"version-history":[{"count":0,"href":"https:\/\/business.roovi.com\/de\/wp-json\/wp\/v2\/product\/38777\/revisions"}],"wp:featuredmedia":[{"embeddable":true,"href":"https:\/\/business.roovi.com\/de\/wp-json\/wp\/v2\/media\/64231"}],"wp:attachment":[{"href":"https:\/\/business.roovi.com\/de\/wp-json\/wp\/v2\/media?parent=38777"}],"wp:term":[{"taxonomy":"product_brand","embeddable":true,"href":"https:\/\/business.roovi.com\/de\/wp-json\/wp\/v2\/product_brand?post=38777"},{"taxonomy":"product_cat","embeddable":true,"href":"https:\/\/business.roovi.com\/de\/wp-json\/wp\/v2\/product_cat?post=38777"},{"taxonomy":"product_tag","embeddable":true,"href":"https:\/\/business.roovi.com\/de\/wp-json\/wp\/v2\/product_tag?post=38777"}],"curies":[{"name":"wp","href":"https:\/\/api.w.org\/{rel}","templated":true}]}}