{"id":38795,"date":"2021-03-09T08:45:37","date_gmt":"2021-03-09T08:45:37","guid":{"rendered":"https:\/\/business.roovi.com\/puzzle-adulti-peder-mork-monsted-children-in-the-flower-garden-1000-piese\/p\/"},"modified":"2022-07-06T10:55:46","modified_gmt":"2022-07-06T10:55:46","slug":"peder-mork-monsted-puzzle-fur-erwachsene-kinder-im-blumengarten-1000-teile","status":"publish","type":"product","link":"https:\/\/business.roovi.com\/de\/peder-mork-monsted-puzzle-fur-erwachsene-kinder-im-blumengarten-1000-teile\/p\/","title":{"rendered":"Peder M\u00f8rk M\u00f8nsted Puzzle f\u00fcr Erwachsene &#8211; Kinder im Blumengarten &#8211; 1000 Teile"},"content":{"rendered":"<p><span style=\"font-weight: 400;\">Ob realistisch, naturalistisch oder im Gegenteil voller Symbole und Geheimnisse, Kunstwerke faszinieren das Auge und beruhigen den Geist. Wenn du solche wunderbaren Erfahrungen machen willst, st\u00f6bere in unserer Sammlung von Kunstr\u00e4tseln. In den 1.000-teiligen Puzzles aus hochwertigen Materialien entdeckst du Bilder, die ber\u00fchmten Gem\u00e4lden aus allen Kunstepochen verbl\u00fcffend \u00e4hnlich sind <\/span><\/p>\n<p><span style=\"font-weight: 400;\">Landschaften sind ein Muss in unserer Kunstpuzzle-Sammlung. Einer der bekanntesten europ\u00e4ischen Landschaftsmaler ist der d\u00e4nische Maler Peder M\u00f8rk M\u00f8nsted. Das 1000-Teile-Puzzle <\/span><strong>Kinder in einem Blumengarten<\/strong><span style=\"font-weight: 400;\"> stellt das Gem\u00e4lde in seinem bekannten fotografischen Stil dar. Wenn du dir das Bild in diesem wunderbaren Kunstpuzzle ansiehst, f\u00fchlst du dich in die Vergangenheit zur\u00fcckversetzt und befindest dich im l\u00e4ndlichen Rum\u00e4nien, wo die Menschen b\u00f6hmische H\u00e4uschen haben, die von Blumen und Gr\u00fcn umgeben sind, und Kinder zu diesem nat\u00fcrlichen Raum geh\u00f6ren.<\/span><\/p>\n<p><span style=\"font-weight: 400;\">Bist du vom Landleben fasziniert? Jetzt ist es an der Zeit, ein Bild von einer repr\u00e4sentativen Landschaft aus der Dorfwelt zu erstellen. Zieh deinen Wohnzimmertisch heran, dreh die Teile um und setze dein 1000-Teile-Puzzle zusammen! Am Ende hast du ein 50 x 70 cm gro\u00dfes Bild, das im Rahmen toll aussieht.<\/span><\/p>\n<p><span style=\"font-weight: 400;\">Lies unten mehr \u00fcber dieses Kunstr\u00e4tsel:<\/span><\/p>\n<p><strong>Puzzle-Material <\/strong><\/p>\n<p><strong>hochwertiger blauer Karton<\/strong><\/p>\n<p><strong>nachhaltige, recycelbare Materialien<\/strong><\/p>\n<p><strong>halbgl\u00e4nzende Oberfl\u00e4che, leuchtende Farben<\/strong><\/p>\n<p><strong>Anzahl der Puzzleteile: 1000<\/strong><\/p>\n<p><strong>Empfohlenes Alter: 14+<\/strong><\/p>\n<p><strong>Puzzlespiele helfen, deine Reflexe zu verbessern<\/strong><\/p>\n<p><span style=\"font-weight: 400;\">Puzzles sind mehr als nur eine entspannende Aktivit\u00e4t. Mit ihrer Hilfe kannst du F\u00e4higkeiten und Fertigkeiten entwickeln, an die du nie gedacht h\u00e4ttest. Zum Beispiel deine Reflexe. Du kannst 1000-teilige Puzzles mit bestimmten Techniken und Strategien zusammensetzen. Mit der Zeit gew\u00f6hnt sich dein K\u00f6rper an die Technik und die verwendeten Bewegungen und wird schneller. So verl\u00e4ngert sich deine Reaktionszeit auf bestimmte Reize.<\/span><\/p>\n<p><strong>Puzzlespiele sch\u00fctzen dein Gehirn vor Krankheiten<\/strong><\/p>\n<p><span style=\"font-weight: 400;\">Das Zusammensetzen von Puzzles mit 1000 Teilen ist eine Aktivit\u00e4t, die das Gehirn aktiv h\u00e4lt, und diese Art von Aktivit\u00e4t verz\u00f6gert das Auftreten von neurodegenerativen Krankheiten wie Alzheimer oder Demenz. Den Geist durch Puzzlespiele aktiv zu halten, kann auch die Sch\u00e4digung der Gehirnzellen verz\u00f6gern.<\/span><\/p>\n<p><strong>R\u00e4tsel f\u00fcr Erwachsene helfen, deine Probleml\u00f6sungsf\u00e4higkeit zu verbessern<\/strong><\/p>\n<p><span style=\"font-weight: 400;\">R\u00e4tselspiele erfordern unterschiedliche Herangehensweisen, wenn sie gel\u00f6st werden sollen. Das testet deine F\u00e4higkeit, neue Theorien oder Erkenntnisse zu formulieren, wenn die Teile nicht so zusammenpassen, wie du dachtest. Diese F\u00e4higkeiten, flexibel und kreativ bei der Suche nach L\u00f6sungen zu sein, k\u00f6nnen sich auch auf andere Aspekte des Lebens \u00fcbertragen, zum Beispiel auf deine Arbeit. Du wirst angenehm \u00fcberrascht sein, wenn du feststellst, dass du allt\u00e4gliche Probleme schneller und innovativer l\u00f6sen kannst, dank einer Denkdisziplin, die du w\u00e4hrend des Puzzlespiels gelernt hast.<\/span><\/p>\n<p><strong>Wusstest du etwas \u00fcber den Maler Peder M\u00f8rk M\u00f8nsted?<\/strong><\/p>\n<p><span style=\"font-weight: 400;\">Er stammte aus einer wohlhabenden Familie &#8211; sein Vater war ein bekannter Bootsbauer &#8211; die darauf bestand, dass der junge Peder eine gut gew\u00e4hlte Ausbildung erhielt.<\/span><\/p>\n<p><span style=\"font-weight: 400;\">Er entwickelte einen Stil des akademischen Naturalismus.<\/span><\/p>\n<p><span style=\"font-weight: 400;\">Er reiste ausgiebig durch die Schweiz, Italien, Griechenland und Nordafrika. In Griechenland war er sechs Monate lang Gast der k\u00f6niglichen Familie und malte in dieser Zeit Portr\u00e4ts von deren Mitgliedern.<\/span><\/p>\n<p><span style=\"font-weight: 400;\">Die meisten seiner Werke befinden sich heute in Privatsammlungen.<\/span><\/p>\n<p><span style=\"font-weight: 400;\">Entdecke dieses erstaunliche 1000-Teile-Puzzle in der Kunstpuzzle-Kollektion <\/span><strong>Kinder in einem Blumengarten <\/strong><span style=\"font-weight: 400;\">und lass dich in die b\u00f6hmische Welt des Malers Peder M\u00f8rk M\u00f8nsted entf\u00fchren. Du kannst dieses 1000-Teile-Puzzle mit deinen Kindern oder Freunden zusammensetzen. Auch das <strong>Peder M\u00f8rk M\u00f8nsted <\/strong> Kunstpuzzle <strong>&#8211; <\/strong><\/span><strong>Kinder in einem Blumengarten <\/strong><span style=\"font-weight: 400;\">kann ein tolles Geschenk f\u00fcr einen Freund sein, der Puzzlespiele und Kunstwerke liebt.<\/span><\/p>\n","protected":false},"excerpt":{"rendered":"<p>Ob realistisch, naturalistisch oder im Gegenteil voller Symbole und Geheimnisse, Kunstwerke faszinieren das Auge und beruhigen den Geist. Wenn du<\/p>\n","protected":false},"featured_media":64243,"template":"","meta":[],"product_brand":[],"product_cat":[1916,1875,1915],"product_tag":[],"class_list":{"0":"post-38795","1":"product","2":"type-product","3":"status-publish","4":"has-post-thumbnail","6":"product_cat-1000-teile-puzzle","7":"product_cat-puzzle-de","8":"product_cat-puzzlespiele-fur-erwachsene","9":"pa_brand-d_toys-de","10":"pa_country_of_manufacture-ro-de","11":"pa_filter_age-14-de","12":"pa_painter-gustavklimt-de","13":"pa_tip_ambalaj-kasten-a4-de","14":"pa_tip_puzzle-klassisch","16":"first","17":"instock","18":"taxable","19":"shipping-taxable","20":"product-type-simple"},"yoast_head":"<!-- This site is optimized with the Yoast SEO plugin v20.1 - https:\/\/yoast.com\/wordpress\/plugins\/seo\/ -->\n<title>Peder M\u00f8rk M\u00f8nsted Puzzle f\u00fcr Erwachsene - Kinder im Blumengarten - 1000 Teile<\/title>\n<meta name=\"description\" content=\"Peder M\u00f8rk M\u00f8nsted Puzzle f\u00fcr Erwachsene - Kinder im Blumengarten - 1000 Teile\" \/>\n<meta name=\"robots\" content=\"index, follow, max-snippet:-1, max-image-preview:large, max-video-preview:-1\" \/>\n<link rel=\"canonical\" href=\"https:\/\/business.roovi.com\/de\/peder-mork-monsted-puzzle-fur-erwachsene-kinder-im-blumengarten-1000-teile\/p\/\" \/>\n<meta property=\"og:locale\" content=\"de_DE\" \/>\n<meta property=\"og:type\" content=\"article\" \/>\n<meta property=\"og:title\" content=\"Peder M\u00f8rk M\u00f8nsted Puzzle f\u00fcr Erwachsene - Kinder im Blumengarten - 1000 Teile\" \/>\n<meta property=\"og:description\" content=\"Peder M\u00f8rk M\u00f8nsted Puzzle f\u00fcr Erwachsene - Kinder im Blumengarten - 1000 Teile\" \/>\n<meta property=\"og:url\" content=\"https:\/\/business.roovi.com\/de\/peder-mork-monsted-puzzle-fur-erwachsene-kinder-im-blumengarten-1000-teile\/p\/\" \/>\n<meta property=\"og:site_name\" content=\"Roovi B2B\" \/>\n<meta property=\"article:publisher\" content=\"https:\/\/www.facebook.com\/wwwjucariero\" \/>\n<meta property=\"article:modified_time\" content=\"2022-07-06T10:55:46+00:00\" \/>\n<meta property=\"og:image\" content=\"https:\/\/business.roovi.com\/wp-content\/uploads\/2021\/03\/77417-03_ansamblu_dimensiuni_cutie_cm_-800x800.png\" \/>\n\t<meta property=\"og:image:width\" content=\"800\" \/>\n\t<meta property=\"og:image:height\" content=\"800\" \/>\n\t<meta property=\"og:image:type\" content=\"image\/png\" \/>\n<meta name=\"twitter:label1\" content=\"Gesch\u00e4tzte Lesezeit\" \/>\n\t<meta name=\"twitter:data1\" content=\"3\u00a0Minuten\" \/>\n<script type=\"application\/ld+json\" class=\"yoast-schema-graph\">{\"@context\":\"https:\/\/schema.org\",\"@graph\":[{\"@type\":\"WebPage\",\"@id\":\"https:\/\/business.roovi.com\/de\/peder-mork-monsted-puzzle-fur-erwachsene-kinder-im-blumengarten-1000-teile\/p\/\",\"url\":\"https:\/\/business.roovi.com\/de\/peder-mork-monsted-puzzle-fur-erwachsene-kinder-im-blumengarten-1000-teile\/p\/\",\"name\":\"Peder M\u00f8rk M\u00f8nsted Puzzle f\u00fcr Erwachsene - Kinder im Blumengarten - 1000 Teile\",\"isPartOf\":{\"@id\":\"https:\/\/business.roovi.com\/de\/#website\"},\"datePublished\":\"2021-03-09T08:45:37+00:00\",\"dateModified\":\"2022-07-06T10:55:46+00:00\",\"description\":\"Peder M\u00f8rk M\u00f8nsted Puzzle f\u00fcr Erwachsene - Kinder im Blumengarten - 1000 Teile\",\"breadcrumb\":{\"@id\":\"https:\/\/business.roovi.com\/de\/peder-mork-monsted-puzzle-fur-erwachsene-kinder-im-blumengarten-1000-teile\/p\/#breadcrumb\"},\"inLanguage\":\"de\",\"potentialAction\":[{\"@type\":\"ReadAction\",\"target\":[\"https:\/\/business.roovi.com\/de\/peder-mork-monsted-puzzle-fur-erwachsene-kinder-im-blumengarten-1000-teile\/p\/\"]}]},{\"@type\":\"BreadcrumbList\",\"@id\":\"https:\/\/business.roovi.com\/de\/peder-mork-monsted-puzzle-fur-erwachsene-kinder-im-blumengarten-1000-teile\/p\/#breadcrumb\",\"itemListElement\":[{\"@type\":\"ListItem\",\"position\":1,\"name\":\"Home\",\"item\":\"https:\/\/business.roovi.com\/de\/\"},{\"@type\":\"ListItem\",\"position\":2,\"name\":\"Shop\",\"item\":\"https:\/\/business.roovi.com\/de\/shop\/\"},{\"@type\":\"ListItem\",\"position\":3,\"name\":\"Peder M\u00f8rk M\u00f8nsted Puzzle f\u00fcr Erwachsene &#8211; Kinder im Blumengarten &#8211; 1000 Teile\"}]},{\"@type\":\"WebSite\",\"@id\":\"https:\/\/business.roovi.com\/de\/#website\",\"url\":\"https:\/\/business.roovi.com\/de\/\",\"name\":\"Roovi B2B\",\"description\":\"Roovi Business Website\",\"potentialAction\":[{\"@type\":\"SearchAction\",\"target\":{\"@type\":\"EntryPoint\",\"urlTemplate\":\"https:\/\/business.roovi.com\/de\/?s={search_term_string}\"},\"query-input\":\"required name=search_term_string\"}],\"inLanguage\":\"de\"}]}<\/script>\n<!-- \/ Yoast SEO plugin. -->","yoast_head_json":{"title":"Peder M\u00f8rk M\u00f8nsted Puzzle f\u00fcr Erwachsene - Kinder im Blumengarten - 1000 Teile","description":"Peder M\u00f8rk M\u00f8nsted Puzzle f\u00fcr Erwachsene - Kinder im Blumengarten - 1000 Teile","robots":{"index":"index","follow":"follow","max-snippet":"max-snippet:-1","max-image-preview":"max-image-preview:large","max-video-preview":"max-video-preview:-1"},"canonical":"https:\/\/business.roovi.com\/de\/peder-mork-monsted-puzzle-fur-erwachsene-kinder-im-blumengarten-1000-teile\/p\/","og_locale":"de_DE","og_type":"article","og_title":"Peder M\u00f8rk M\u00f8nsted Puzzle f\u00fcr Erwachsene - Kinder im Blumengarten - 1000 Teile","og_description":"Peder M\u00f8rk M\u00f8nsted Puzzle f\u00fcr Erwachsene - Kinder im Blumengarten - 1000 Teile","og_url":"https:\/\/business.roovi.com\/de\/peder-mork-monsted-puzzle-fur-erwachsene-kinder-im-blumengarten-1000-teile\/p\/","og_site_name":"Roovi B2B","article_publisher":"https:\/\/www.facebook.com\/wwwjucariero","article_modified_time":"2022-07-06T10:55:46+00:00","og_image":[{"width":800,"height":800,"url":"https:\/\/business.roovi.com\/wp-content\/uploads\/2021\/03\/77417-03_ansamblu_dimensiuni_cutie_cm_-800x800.png","type":"image\/png"}],"twitter_misc":{"Gesch\u00e4tzte Lesezeit":"3\u00a0Minuten"},"schema":{"@context":"https:\/\/schema.org","@graph":[{"@type":"WebPage","@id":"https:\/\/business.roovi.com\/de\/peder-mork-monsted-puzzle-fur-erwachsene-kinder-im-blumengarten-1000-teile\/p\/","url":"https:\/\/business.roovi.com\/de\/peder-mork-monsted-puzzle-fur-erwachsene-kinder-im-blumengarten-1000-teile\/p\/","name":"Peder M\u00f8rk M\u00f8nsted Puzzle f\u00fcr Erwachsene - Kinder im Blumengarten - 1000 Teile","isPartOf":{"@id":"https:\/\/business.roovi.com\/de\/#website"},"datePublished":"2021-03-09T08:45:37+00:00","dateModified":"2022-07-06T10:55:46+00:00","description":"Peder M\u00f8rk M\u00f8nsted Puzzle f\u00fcr Erwachsene - Kinder im Blumengarten - 1000 Teile","breadcrumb":{"@id":"https:\/\/business.roovi.com\/de\/peder-mork-monsted-puzzle-fur-erwachsene-kinder-im-blumengarten-1000-teile\/p\/#breadcrumb"},"inLanguage":"de","potentialAction":[{"@type":"ReadAction","target":["https:\/\/business.roovi.com\/de\/peder-mork-monsted-puzzle-fur-erwachsene-kinder-im-blumengarten-1000-teile\/p\/"]}]},{"@type":"BreadcrumbList","@id":"https:\/\/business.roovi.com\/de\/peder-mork-monsted-puzzle-fur-erwachsene-kinder-im-blumengarten-1000-teile\/p\/#breadcrumb","itemListElement":[{"@type":"ListItem","position":1,"name":"Home","item":"https:\/\/business.roovi.com\/de\/"},{"@type":"ListItem","position":2,"name":"Shop","item":"https:\/\/business.roovi.com\/de\/shop\/"},{"@type":"ListItem","position":3,"name":"Peder M\u00f8rk M\u00f8nsted Puzzle f\u00fcr Erwachsene &#8211; Kinder im Blumengarten &#8211; 1000 Teile"}]},{"@type":"WebSite","@id":"https:\/\/business.roovi.com\/de\/#website","url":"https:\/\/business.roovi.com\/de\/","name":"Roovi B2B","description":"Roovi Business Website","potentialAction":[{"@type":"SearchAction","target":{"@type":"EntryPoint","urlTemplate":"https:\/\/business.roovi.com\/de\/?s={search_term_string}"},"query-input":"required name=search_term_string"}],"inLanguage":"de"}]}},"_links":{"self":[{"href":"https:\/\/business.roovi.com\/de\/wp-json\/wp\/v2\/product\/38795","targetHints":{"allow":["GET"]}}],"collection":[{"href":"https:\/\/business.roovi.com\/de\/wp-json\/wp\/v2\/product"}],"about":[{"href":"https:\/\/business.roovi.com\/de\/wp-json\/wp\/v2\/types\/product"}],"version-history":[{"count":0,"href":"https:\/\/business.roovi.com\/de\/wp-json\/wp\/v2\/product\/38795\/revisions"}],"wp:featuredmedia":[{"embeddable":true,"href":"https:\/\/business.roovi.com\/de\/wp-json\/wp\/v2\/media\/64243"}],"wp:attachment":[{"href":"https:\/\/business.roovi.com\/de\/wp-json\/wp\/v2\/media?parent=38795"}],"wp:term":[{"taxonomy":"product_brand","embeddable":true,"href":"https:\/\/business.roovi.com\/de\/wp-json\/wp\/v2\/product_brand?post=38795"},{"taxonomy":"product_cat","embeddable":true,"href":"https:\/\/business.roovi.com\/de\/wp-json\/wp\/v2\/product_cat?post=38795"},{"taxonomy":"product_tag","embeddable":true,"href":"https:\/\/business.roovi.com\/de\/wp-json\/wp\/v2\/product_tag?post=38795"}],"curies":[{"name":"wp","href":"https:\/\/api.w.org\/{rel}","templated":true}]}}