{"id":38803,"date":"2021-03-09T08:41:35","date_gmt":"2021-03-09T08:41:35","guid":{"rendered":"https:\/\/business.roovi.com\/puzzle-adulti-peder-mork-monsted-birch-trees-at-a-coast-1000-piese\/p\/"},"modified":"2022-07-06T10:56:02","modified_gmt":"2022-07-06T10:56:02","slug":"peder-mork-monsted-puzzle-fur-erwachsene-birkenbaume-an-einer-kuste-1000-teile","status":"publish","type":"product","link":"https:\/\/business.roovi.com\/de\/peder-mork-monsted-puzzle-fur-erwachsene-birkenbaume-an-einer-kuste-1000-teile\/p\/","title":{"rendered":"Peder M\u00f8rk M\u00f8nsted Puzzle f\u00fcr Erwachsene &#8211; Birkenb\u00e4ume an einer K\u00fcste &#8211; 1000 Teile"},"content":{"rendered":"<p><span style=\"font-weight: 400;\">Suchst du nach einer lustigen Aktivit\u00e4t f\u00fcr langweilige Wochenenden? Verbringe deine Freizeit mit dem Zusammensetzen von Kunstpuzzles und erschaffe einzigartige Gem\u00e4ldesammlungen aus 1000-teiligen Puzzles. Hier kannst du die ber\u00fchmtesten Maler aller Zeiten treffen, aber auch zeitgen\u00f6ssische K\u00fcnstler, die originelle Kunstwerke schaffen. Entdecke jetzt das komplette Angebot!<\/span><\/p>\n<p><span style=\"font-weight: 400;\">Peder M\u00f8rk M\u00f8nsted &#8211; Birch Tree at a Coast 1000-teiliges Puzzle pr\u00e4sentiert eine der Landschaften des K\u00fcnstlers, der f\u00fcr seinen fotorealistischen Stil bekannt ist. Das Gem\u00e4lde stellt zwei seiner Lieblingsthemen dar: Wasser und Wald. Das Bild stellt den monumentalen Aspekt der Landschaft in pr\u00e4zisen Farben und Details dar. Lass deine Fantasie dich in die entspannende und friedliche Welt dieses Bildes entf\u00fchren <\/span><\/p>\n<p><span style=\"font-weight: 400;\">Das rekonstruierte Gem\u00e4lde misst 50 x 70 cm und kann auf einem gew\u00f6hnlichen Couchtisch platziert werden, um entspannt zu arbeiten.<\/span><\/p>\n<p><span style=\"font-weight: 400;\">Weitere Eigenschaften des Peder M\u00f8rk M\u00f8nsted &#8211; Birkenbaum an einer K\u00fcste 1000-teiliges Puzzle:<\/span><\/p>\n<p><strong>Puzzle-Material <\/strong><\/p>\n<p><strong>hochwertiger blauer Karton<\/strong><\/p>\n<p><strong>nachhaltige, recycelbare Materialien<\/strong><\/p>\n<p><strong>halbgl\u00e4nzende Oberfl\u00e4che, leuchtende Farben<\/strong><\/p>\n<p><strong>Anzahl der Puzzleteile: 1000<\/strong><\/p>\n<p><strong>Empfohlenes Alter: 14+<\/strong><\/p>\n<p><strong>Puzzlespiele wecken deine Kreativit\u00e4t<\/strong><\/p>\n<p><span style=\"font-weight: 400;\">Hast du das Gef\u00fchl, dass die Dinge nicht so laufen, wie du willst, dass du keine L\u00f6sungen findest und dass deine Vorstellungskraft zu stagnieren scheint? Besorge dir ein 1000-Teile-Puzzle und \u00fcbe! Das Zusammensetzen eines Puzzlespiels fordert deinen Geist zum Denken heraus  <\/span><em><span style=\"font-weight: 400;\">au\u00dferhalb der Box  <\/span><\/em><span style=\"font-weight: 400;\">und Probleme aus verschiedenen Blickwinkeln zu l\u00f6sen. 1000-teilige Puzzles erfordern mehrere Versuche, was sowohl Fehlschl\u00e4ge als auch eine systematische Vorgehensweise bedeutet. All die \u00dcbungen und Tests, die du machst, um ein Bild aus einem Puzzle f\u00fcr Erwachsene zusammenzusetzen, regen deine Kreativit\u00e4t an und helfen dir, innovative Probleml\u00f6sungsf\u00e4higkeiten zu entwickeln.<\/span><\/p>\n<p><strong>Puzzlespiele verbessern dein Kurzzeitged\u00e4chtnis<\/strong><\/p>\n<p><span style=\"font-weight: 400;\">Du wei\u00dft nicht mehr, was du gefr\u00fchst\u00fcckt hast? Vergisst du st\u00e4ndig, wo du geparkt hast? Trainiere dein Gehirn mit 1000-teiligen Puzzles und du wirst sehen, wie sich dein Ged\u00e4chtnis verbessert. Puzzlespiele sind besonders n\u00fctzlich f\u00fcr das Kurzzeitged\u00e4chtnis, denn beim Zusammensetzen des Puzzles wird dein Ged\u00e4chtnis herausgefordert, sich an die Formen und Farben der Teile zu erinnern und an die Positionen, an denen sie zusammenpassen <\/span><\/p>\n<p><strong>Wer war Peder M\u00f8rk M\u00f8nsted?<\/strong><\/p>\n<p><span style=\"font-weight: 400;\">Peder M\u00f8rk M\u00f8nsted war ein d\u00e4nischer realistischer Maler.<\/span><\/p>\n<p><span style=\"font-weight: 400;\">Seine Gem\u00e4lde zeigen oft Szenen der d\u00e4nischen Landschaft oder Waldszenen in sehr pr\u00e4zisen Details, was eine verbl\u00fcffende \u00c4hnlichkeit mit der Fotografie schafft.<\/span><\/p>\n<p><span style=\"font-weight: 400;\">Er studierte an der <\/span><span style=\"font-weight: 400;\">Akademie in Kopenhagen, und seine Ausbildung in verschiedenen k\u00fcnstlerischen Techniken erm\u00f6glichte es ihm, Naturalismus mit Fotorealismus zu verbinden.<\/span><\/p>\n<p><span style=\"font-weight: 400;\">Er ist viel gereist und hat eine bl\u00fchende Karriere gemacht. Seine Werke sind heute in Museen und Ausstellungen in Taiwan, den USA und D\u00e4nemark zu sehen<\/span><\/p>\n<p><span style=\"font-weight: 400;\">W\u00e4hrend seiner Reisen reiste er auch nach Griechenland, wo er Portr\u00e4ts der griechischen K\u00f6nigsfamilie malte.<\/span><\/p>\n<p><strong>G\u00f6nne dir bis zu 30 Stunden Entspannung mit dem 1000 Piece Art Puzzle!<\/strong><\/p>\n<p><span style=\"font-weight: 400;\">Das Zusammensetzen eines Bildes aus 1000 Puzzleteilen ist eine lustige und entspannende Aktivit\u00e4t. Du setzt dich bequem hin und f\u00e4ngst an zu arbeiten, legst St\u00fcck f\u00fcr St\u00fcck und die Stunde (oder Stunden, das sagen wir dir aus Erfahrung!) ist vergangen. Insgesamt kann die Entspannung bis zu 30 Stunden betragen. Nicht jede Aktivit\u00e4t bietet dir so viele Stunden Genuss!<\/span><\/p>\n<p><span style=\"font-weight: 400;\">Wenn du von Kunst fasziniert bist und es magst, deine Stirn beim Zusammensetzen von Puzzles f\u00fcr Erwachsene zu runzeln, dann ist Peder M\u00f8rk M\u00f8nsteds 1000-Teile-Puzzle &#8211; Birkenbaum an einer K\u00fcste\/Meshes on a Coast ideal f\u00fcr dich.<\/span><\/p>\n<p><span style=\"font-weight: 400;\">Au\u00dferdem ist dieses Puzzleset ein tolles Geschenk f\u00fcr alle, die sich f\u00fcr Kunstpuzzles oder das Zusammensetzen von 1000-teiligen Puzzles begeistern.<\/span><\/p>\n","protected":false},"excerpt":{"rendered":"<p>Suchst du nach einer lustigen Aktivit\u00e4t f\u00fcr langweilige Wochenenden? Verbringe deine Freizeit mit dem Zusammensetzen von Kunstpuzzles und erschaffe einzigartige<\/p>\n","protected":false},"featured_media":64255,"template":"","meta":[],"product_brand":[],"product_cat":[1916,1875,1915],"product_tag":[],"class_list":{"0":"post-38803","1":"product","2":"type-product","3":"status-publish","4":"has-post-thumbnail","6":"product_cat-1000-teile-puzzle","7":"product_cat-puzzle-de","8":"product_cat-puzzlespiele-fur-erwachsene","9":"pa_brand-d_toys-de","10":"pa_country_of_manufacture-ro-de","11":"pa_filter_age-14-de","12":"pa_painter-gustavklimt-de","13":"pa_tip_ambalaj-kasten-a4-de","14":"pa_tip_puzzle-klassisch","16":"first","17":"instock","18":"taxable","19":"shipping-taxable","20":"product-type-simple"},"yoast_head":"<!-- This site is optimized with the Yoast SEO plugin v20.1 - https:\/\/yoast.com\/wordpress\/plugins\/seo\/ -->\n<title>Peder M\u00f8rk M\u00f8nsted Puzzle f\u00fcr Erwachsene - Birkenb\u00e4ume an einer K\u00fcste - 1000 Teile<\/title>\n<meta name=\"description\" content=\"Peder M\u00f8rk M\u00f8nsted Puzzle f\u00fcr Erwachsene - Birkenb\u00e4ume an einer K\u00fcste - 1000 Teile\" \/>\n<meta name=\"robots\" content=\"index, follow, max-snippet:-1, max-image-preview:large, max-video-preview:-1\" \/>\n<link rel=\"canonical\" href=\"https:\/\/business.roovi.com\/de\/peder-mork-monsted-puzzle-fur-erwachsene-birkenbaume-an-einer-kuste-1000-teile\/p\/\" \/>\n<meta property=\"og:locale\" content=\"de_DE\" \/>\n<meta property=\"og:type\" content=\"article\" \/>\n<meta property=\"og:title\" content=\"Peder M\u00f8rk M\u00f8nsted Puzzle f\u00fcr Erwachsene - Birkenb\u00e4ume an einer K\u00fcste - 1000 Teile\" \/>\n<meta property=\"og:description\" content=\"Peder M\u00f8rk M\u00f8nsted Puzzle f\u00fcr Erwachsene - Birkenb\u00e4ume an einer K\u00fcste - 1000 Teile\" \/>\n<meta property=\"og:url\" content=\"https:\/\/business.roovi.com\/de\/peder-mork-monsted-puzzle-fur-erwachsene-birkenbaume-an-einer-kuste-1000-teile\/p\/\" \/>\n<meta property=\"og:site_name\" content=\"Roovi B2B\" \/>\n<meta property=\"article:publisher\" content=\"https:\/\/www.facebook.com\/wwwjucariero\" \/>\n<meta property=\"article:modified_time\" content=\"2022-07-06T10:56:02+00:00\" \/>\n<meta property=\"og:image\" content=\"https:\/\/business.roovi.com\/wp-content\/uploads\/2021\/03\/77417-01_ansamblu_dimensiuni_cutie_cm-800x800.png\" \/>\n\t<meta property=\"og:image:width\" content=\"800\" \/>\n\t<meta property=\"og:image:height\" content=\"800\" \/>\n\t<meta property=\"og:image:type\" content=\"image\/png\" \/>\n<meta name=\"twitter:label1\" content=\"Gesch\u00e4tzte Lesezeit\" \/>\n\t<meta name=\"twitter:data1\" content=\"3\u00a0Minuten\" \/>\n<script type=\"application\/ld+json\" class=\"yoast-schema-graph\">{\"@context\":\"https:\/\/schema.org\",\"@graph\":[{\"@type\":\"WebPage\",\"@id\":\"https:\/\/business.roovi.com\/de\/peder-mork-monsted-puzzle-fur-erwachsene-birkenbaume-an-einer-kuste-1000-teile\/p\/\",\"url\":\"https:\/\/business.roovi.com\/de\/peder-mork-monsted-puzzle-fur-erwachsene-birkenbaume-an-einer-kuste-1000-teile\/p\/\",\"name\":\"Peder M\u00f8rk M\u00f8nsted Puzzle f\u00fcr Erwachsene - Birkenb\u00e4ume an einer K\u00fcste - 1000 Teile\",\"isPartOf\":{\"@id\":\"https:\/\/business.roovi.com\/de\/#website\"},\"datePublished\":\"2021-03-09T08:41:35+00:00\",\"dateModified\":\"2022-07-06T10:56:02+00:00\",\"description\":\"Peder M\u00f8rk M\u00f8nsted Puzzle f\u00fcr Erwachsene - Birkenb\u00e4ume an einer K\u00fcste - 1000 Teile\",\"breadcrumb\":{\"@id\":\"https:\/\/business.roovi.com\/de\/peder-mork-monsted-puzzle-fur-erwachsene-birkenbaume-an-einer-kuste-1000-teile\/p\/#breadcrumb\"},\"inLanguage\":\"de\",\"potentialAction\":[{\"@type\":\"ReadAction\",\"target\":[\"https:\/\/business.roovi.com\/de\/peder-mork-monsted-puzzle-fur-erwachsene-birkenbaume-an-einer-kuste-1000-teile\/p\/\"]}]},{\"@type\":\"BreadcrumbList\",\"@id\":\"https:\/\/business.roovi.com\/de\/peder-mork-monsted-puzzle-fur-erwachsene-birkenbaume-an-einer-kuste-1000-teile\/p\/#breadcrumb\",\"itemListElement\":[{\"@type\":\"ListItem\",\"position\":1,\"name\":\"Home\",\"item\":\"https:\/\/business.roovi.com\/de\/\"},{\"@type\":\"ListItem\",\"position\":2,\"name\":\"Shop\",\"item\":\"https:\/\/business.roovi.com\/de\/shop\/\"},{\"@type\":\"ListItem\",\"position\":3,\"name\":\"Peder M\u00f8rk M\u00f8nsted Puzzle f\u00fcr Erwachsene &#8211; Birkenb\u00e4ume an einer K\u00fcste &#8211; 1000 Teile\"}]},{\"@type\":\"WebSite\",\"@id\":\"https:\/\/business.roovi.com\/de\/#website\",\"url\":\"https:\/\/business.roovi.com\/de\/\",\"name\":\"Roovi B2B\",\"description\":\"Roovi Business Website\",\"potentialAction\":[{\"@type\":\"SearchAction\",\"target\":{\"@type\":\"EntryPoint\",\"urlTemplate\":\"https:\/\/business.roovi.com\/de\/?s={search_term_string}\"},\"query-input\":\"required name=search_term_string\"}],\"inLanguage\":\"de\"}]}<\/script>\n<!-- \/ Yoast SEO plugin. -->","yoast_head_json":{"title":"Peder M\u00f8rk M\u00f8nsted Puzzle f\u00fcr Erwachsene - Birkenb\u00e4ume an einer K\u00fcste - 1000 Teile","description":"Peder M\u00f8rk M\u00f8nsted Puzzle f\u00fcr Erwachsene - Birkenb\u00e4ume an einer K\u00fcste - 1000 Teile","robots":{"index":"index","follow":"follow","max-snippet":"max-snippet:-1","max-image-preview":"max-image-preview:large","max-video-preview":"max-video-preview:-1"},"canonical":"https:\/\/business.roovi.com\/de\/peder-mork-monsted-puzzle-fur-erwachsene-birkenbaume-an-einer-kuste-1000-teile\/p\/","og_locale":"de_DE","og_type":"article","og_title":"Peder M\u00f8rk M\u00f8nsted Puzzle f\u00fcr Erwachsene - Birkenb\u00e4ume an einer K\u00fcste - 1000 Teile","og_description":"Peder M\u00f8rk M\u00f8nsted Puzzle f\u00fcr Erwachsene - Birkenb\u00e4ume an einer K\u00fcste - 1000 Teile","og_url":"https:\/\/business.roovi.com\/de\/peder-mork-monsted-puzzle-fur-erwachsene-birkenbaume-an-einer-kuste-1000-teile\/p\/","og_site_name":"Roovi B2B","article_publisher":"https:\/\/www.facebook.com\/wwwjucariero","article_modified_time":"2022-07-06T10:56:02+00:00","og_image":[{"width":800,"height":800,"url":"https:\/\/business.roovi.com\/wp-content\/uploads\/2021\/03\/77417-01_ansamblu_dimensiuni_cutie_cm-800x800.png","type":"image\/png"}],"twitter_misc":{"Gesch\u00e4tzte Lesezeit":"3\u00a0Minuten"},"schema":{"@context":"https:\/\/schema.org","@graph":[{"@type":"WebPage","@id":"https:\/\/business.roovi.com\/de\/peder-mork-monsted-puzzle-fur-erwachsene-birkenbaume-an-einer-kuste-1000-teile\/p\/","url":"https:\/\/business.roovi.com\/de\/peder-mork-monsted-puzzle-fur-erwachsene-birkenbaume-an-einer-kuste-1000-teile\/p\/","name":"Peder M\u00f8rk M\u00f8nsted Puzzle f\u00fcr Erwachsene - Birkenb\u00e4ume an einer K\u00fcste - 1000 Teile","isPartOf":{"@id":"https:\/\/business.roovi.com\/de\/#website"},"datePublished":"2021-03-09T08:41:35+00:00","dateModified":"2022-07-06T10:56:02+00:00","description":"Peder M\u00f8rk M\u00f8nsted Puzzle f\u00fcr Erwachsene - Birkenb\u00e4ume an einer K\u00fcste - 1000 Teile","breadcrumb":{"@id":"https:\/\/business.roovi.com\/de\/peder-mork-monsted-puzzle-fur-erwachsene-birkenbaume-an-einer-kuste-1000-teile\/p\/#breadcrumb"},"inLanguage":"de","potentialAction":[{"@type":"ReadAction","target":["https:\/\/business.roovi.com\/de\/peder-mork-monsted-puzzle-fur-erwachsene-birkenbaume-an-einer-kuste-1000-teile\/p\/"]}]},{"@type":"BreadcrumbList","@id":"https:\/\/business.roovi.com\/de\/peder-mork-monsted-puzzle-fur-erwachsene-birkenbaume-an-einer-kuste-1000-teile\/p\/#breadcrumb","itemListElement":[{"@type":"ListItem","position":1,"name":"Home","item":"https:\/\/business.roovi.com\/de\/"},{"@type":"ListItem","position":2,"name":"Shop","item":"https:\/\/business.roovi.com\/de\/shop\/"},{"@type":"ListItem","position":3,"name":"Peder M\u00f8rk M\u00f8nsted Puzzle f\u00fcr Erwachsene &#8211; Birkenb\u00e4ume an einer K\u00fcste &#8211; 1000 Teile"}]},{"@type":"WebSite","@id":"https:\/\/business.roovi.com\/de\/#website","url":"https:\/\/business.roovi.com\/de\/","name":"Roovi B2B","description":"Roovi Business Website","potentialAction":[{"@type":"SearchAction","target":{"@type":"EntryPoint","urlTemplate":"https:\/\/business.roovi.com\/de\/?s={search_term_string}"},"query-input":"required name=search_term_string"}],"inLanguage":"de"}]}},"_links":{"self":[{"href":"https:\/\/business.roovi.com\/de\/wp-json\/wp\/v2\/product\/38803","targetHints":{"allow":["GET"]}}],"collection":[{"href":"https:\/\/business.roovi.com\/de\/wp-json\/wp\/v2\/product"}],"about":[{"href":"https:\/\/business.roovi.com\/de\/wp-json\/wp\/v2\/types\/product"}],"version-history":[{"count":0,"href":"https:\/\/business.roovi.com\/de\/wp-json\/wp\/v2\/product\/38803\/revisions"}],"wp:featuredmedia":[{"embeddable":true,"href":"https:\/\/business.roovi.com\/de\/wp-json\/wp\/v2\/media\/64255"}],"wp:attachment":[{"href":"https:\/\/business.roovi.com\/de\/wp-json\/wp\/v2\/media?parent=38803"}],"wp:term":[{"taxonomy":"product_brand","embeddable":true,"href":"https:\/\/business.roovi.com\/de\/wp-json\/wp\/v2\/product_brand?post=38803"},{"taxonomy":"product_cat","embeddable":true,"href":"https:\/\/business.roovi.com\/de\/wp-json\/wp\/v2\/product_cat?post=38803"},{"taxonomy":"product_tag","embeddable":true,"href":"https:\/\/business.roovi.com\/de\/wp-json\/wp\/v2\/product_tag?post=38803"}],"curies":[{"name":"wp","href":"https:\/\/api.w.org\/{rel}","templated":true}]}}