{"id":38807,"date":"2021-03-09T08:38:09","date_gmt":"2021-03-09T08:38:09","guid":{"rendered":"https:\/\/business.roovi.com\/puzzle-adulti-1000-piese-egiptul-antic\/p\/"},"modified":"2023-02-27T13:26:36","modified_gmt":"2023-02-27T13:26:36","slug":"1000-teile-puzzle-fur-erwachsene-altes-agypten","status":"publish","type":"product","link":"https:\/\/business.roovi.com\/de\/1000-teile-puzzle-fur-erwachsene-altes-agypten\/p\/","title":{"rendered":"1000-Teile-Puzzle f\u00fcr Erwachsene &#8211; Altes \u00c4gypten"},"content":{"rendered":"<p><span style=\"font-weight: 400; font-size: 14px;\">Du interessierst dich leidenschaftlich f\u00fcr alt\u00e4gyptische Zivilisationen und Puzzlespiele? Jetzt hast du die Chance, beides zu kombinieren. Setze das Bild mit einer typischen alt\u00e4gyptischen Szene zusammen und erstelle ein fabelhaftes k\u00fcnstlerisches Bild <\/span><\/p>\n<p><span style=\"font-weight: 400; font-size: 14px;\">Wenn du komplexe Puzzles mit erstaunlichen Details der alt\u00e4gyptischen Kultur liebst, haben wir das perfekte Puzzlespiel f\u00fcr dich. Das 1000-teilige Puzzle &#8222;Altes \u00c4gypten&#8220; trainiert deine Montagef\u00e4higkeiten und f\u00fchrt dich in die faszinierende Welt der \u00e4gyptischen Zivilisation ein.<\/span><\/p>\n<p><span style=\"font-weight: 400; font-size: 14px;\">Das alte \u00c4gypten war 3000 Jahre lang eine der am weitesten entwickelten und m\u00e4chtigsten Zivilisationen. Auch heute noch suchen die Menschen nach Erkl\u00e4rungen f\u00fcr die Technik des Pyramidenbaus und versuchen, die darin verborgenen Geheimnisse zu entr\u00e4tseln.<\/span><\/p>\n<p><span style=\"font-size: 14px;\"><span style=\"font-weight: 400;\">Die \u00c4gypter haben viele Gegenst\u00e4nde erfunden, die wir auch im 21. Jahrhundert noch benutzen: Papier, Stifte, Kosmetik, K\u00e4mme und Scheren <\/span><span style=\"font-weight: 400;\">Die Gro\u00dfe Pyramide von Gizeh ist eines der sieben Weltwunder der Antike und war 3800 Jahre lang das \u00e4lteste Geb\u00e4ude der Erde.<\/span><\/span><\/p>\n<p><span style=\"font-weight: 400; font-size: 14px;\">Entdecke ein kleines St\u00fcck der Geschichte einer beeindruckenden Zivilisation in dem 1000-Teile-Puzzle Altes \u00c4gypten <\/span><\/p>\n<p><span style=\"font-weight: 400; font-size: 14px;\">Du kannst einen normalen Couchtisch verwenden, um die Teile zusammenzubauen und zu st\u00fctzen. Du bekommst ein 50 x 70 cm gro\u00dfes Gem\u00e4lde, das deine Fantasie befl\u00fcgelt und dich \u00fcber 3000 Jahre zur\u00fcckversetzt.<\/span><\/p>\n<p><span style=\"font-weight: 400; font-size: 14px;\">Mit dem Puzzle &#8222;Altes \u00c4gypten&#8220; f\u00fcr Erwachsene:<\/span><\/p>\n<p><span style=\"font-size: 14px;\"><strong>Puzzle-Material <\/strong><\/span><\/p>\n<p><span style=\"font-size: 14px;\"><strong>hochwertiger blauer Karton<\/strong><\/span><\/p>\n<p><span style=\"font-size: 14px;\"><strong>nachhaltige, recycelbare Materialien<\/strong><\/span><\/p>\n<p><span style=\"font-size: 14px;\"><strong>halbgl\u00e4nzende Oberfl\u00e4che, leuchtende Farben<\/strong><\/span><\/p>\n<p><span style=\"font-size: 14px;\"><strong>Anzahl der Puzzleteile: 1000<\/strong><\/span><\/p>\n<p><span style=\"font-size: 14px;\"><strong>Empfohlenes Alter: 14+<\/strong><\/span><\/p>\n<p><span style=\"font-weight: 400; font-size: 14px;\">Puzzlespiele bringen dir erstaunliche Vorteile, die sich in vielen Aspekten deines Lebens widerspiegeln:<\/span><\/p>\n<p><span style=\"font-weight: 400; font-size: 14px;\">Es schult deine Aufmerksamkeit f\u00fcr Details.<\/span><\/p>\n<p><span style=\"font-weight: 400; font-size: 14px;\">Es entwickelt dein Kurzzeitged\u00e4chtnis.<\/span><\/p>\n<p><span style=\"font-weight: 400; font-size: 14px;\">Du trainierst deine Konzentration und dein Geschick.<\/span><\/p>\n<p><span style=\"font-weight: 400; font-size: 14px;\">Sie sind eine tolle M\u00f6glichkeit, sich zu entspannen und vom virtuellen Leben abzuschalten.<\/span><\/p>\n<p><span style=\"font-weight: 400; font-size: 14px;\">Sie k\u00f6nnen eine tolle M\u00f6glichkeit sein, die Freizeit mit deiner Familie zu verbringen.<\/span><\/p>\n<p><span style=\"font-size: 14px;\"><strong>Wusstest du, dass&#8230;<\/strong><\/span><\/p>\n<p><span style=\"font-weight: 400; font-size: 14px;\">Die alten \u00c4gypter haben die Zahnpasta erfunden?<\/span><\/p>\n<p><span style=\"font-weight: 400; font-size: 14px;\">Die \u00c4gypter waren gro\u00dfe Fans von Brettspielen. Eines der \u00e4ltesten Brettspiele, das bis heute \u00fcberlebt hat, ist Mehen.<\/span><\/p>\n<p><span style=\"font-weight: 400; font-size: 14px;\">Die \u00e4gyptische Ern\u00e4hrung war \u00fcberwiegend vegetarisch. Im alten \u00c4gypten konnte nur die Oberschicht jagen <\/span><\/p>\n<p><span style=\"font-weight: 400; font-size: 14px;\">Bier war das beliebteste Getr\u00e4nk und wurde zu jeder Mahlzeit getrunken. Es war sauberer als das Wasser aus dem Nil.<\/span><\/p>\n<p><span style=\"font-weight: 400; font-size: 14px;\">Im alten \u00c4gypten galten Katzen als heilige Tiere und als Gl\u00fccks- und Wohlstandsbringer.<\/span><\/p>\n<p><span style=\"font-size: 14px;\"><strong>1000-Teile-Puzzle: Zeit f\u00fcr die Familie<\/strong><\/span><\/p>\n<p><span style=\"font-weight: 400; font-size: 14px;\">F\u00fcr verregnete Herbsttage oder tr\u00fcbe Nachmittage, an denen die Sonne fr\u00fch untergeht und man drinnen bleiben muss, ist das 1000-teilige Puzzle Altes \u00c4gypten die perfekte Gelegenheit f\u00fcr ein paar sch\u00f6ne Stunden mit der Familie.<\/span><\/p>\n<p><span style=\"font-weight: 400; font-size: 14px;\">Au\u00dferdem ist dieses Puzzlespiel die ideale Gelegenheit, um deine Kinder im Teenageralter in die faszinierende Welt der \u00e4gyptischen Kultur einzuf\u00fchren. Lege das 1000-Teile-Puzzle gemeinsam nach und genie\u00dfe die Freude am Malen des Bildes.<\/span><\/p>\n<p><span style=\"font-weight: 400; font-size: 14px;\">Entscheide dich f\u00fcr das 1000-Teile-Puzzle &#8222;Altes \u00c4gypten&#8220; und baue es mit deinen Liebsten zusammen, wann immer du eine lustige Herausforderung suchst. Au\u00dferdem kann dieses wunderbare Puzzle f\u00fcr Erwachsene zu verschiedenen Anl\u00e4ssen an Freunde verschenkt werden, die sich f\u00fcr Puzzlespiele oder \u00e4gyptische Kultur begeistern.<\/span><\/p>\n","protected":false},"excerpt":{"rendered":"<p>Du interessierst dich leidenschaftlich f\u00fcr alt\u00e4gyptische Zivilisationen und Puzzlespiele? Jetzt hast du die Chance, beides zu kombinieren. Setze das Bild<\/p>\n","protected":false},"featured_media":48445,"template":"","meta":[],"product_brand":[],"product_cat":[1916,1875,1915],"product_tag":[],"class_list":{"0":"post-38807","1":"product","2":"type-product","3":"status-publish","4":"has-post-thumbnail","6":"product_cat-1000-teile-puzzle","7":"product_cat-puzzle-de","8":"product_cat-puzzlespiele-fur-erwachsene","9":"pa_bax-10-de","10":"pa_brand-d_toys-de","11":"pa_country_of_manufacture-ro-de","12":"pa_filter_age-14-de","13":"pa_painter-altes-agypten","14":"pa_tip_ambalaj-kasten-a4-de","15":"pa_tip_puzzle-klassisch","17":"first","18":"instock","19":"taxable","20":"shipping-taxable","21":"product-type-simple"},"yoast_head":"<!-- This site is optimized with the Yoast SEO plugin v20.1 - https:\/\/yoast.com\/wordpress\/plugins\/seo\/ -->\n<title>1000-Teile-Puzzle f\u00fcr Erwachsene - Altes \u00c4gypten<\/title>\n<meta name=\"description\" content=\"1000-Teile-Puzzle f\u00fcr Erwachsene - Altes \u00c4gypten\" \/>\n<meta name=\"robots\" content=\"index, follow, max-snippet:-1, max-image-preview:large, max-video-preview:-1\" \/>\n<link rel=\"canonical\" href=\"https:\/\/business.roovi.com\/de\/1000-teile-puzzle-fur-erwachsene-altes-agypten\/p\/\" \/>\n<meta property=\"og:locale\" content=\"de_DE\" \/>\n<meta property=\"og:type\" content=\"article\" \/>\n<meta property=\"og:title\" content=\"1000-Teile-Puzzle f\u00fcr Erwachsene - Altes \u00c4gypten\" \/>\n<meta property=\"og:description\" content=\"1000-Teile-Puzzle f\u00fcr Erwachsene - Altes \u00c4gypten\" \/>\n<meta property=\"og:url\" content=\"https:\/\/business.roovi.com\/de\/1000-teile-puzzle-fur-erwachsene-altes-agypten\/p\/\" \/>\n<meta property=\"og:site_name\" content=\"Roovi B2B\" \/>\n<meta property=\"article:publisher\" content=\"https:\/\/www.facebook.com\/wwwjucariero\" \/>\n<meta property=\"article:modified_time\" content=\"2023-02-27T13:26:36+00:00\" \/>\n<meta property=\"og:image\" content=\"https:\/\/business.roovi.com\/wp-content\/uploads\/2021\/03\/65971-4_ansamblu_dimensiuni_cutie_cm_vertical_1200x1200.png\" \/>\n\t<meta property=\"og:image:width\" content=\"1200\" \/>\n\t<meta property=\"og:image:height\" content=\"1200\" \/>\n\t<meta property=\"og:image:type\" content=\"image\/png\" \/>\n<meta name=\"twitter:label1\" content=\"Gesch\u00e4tzte Lesezeit\" \/>\n\t<meta name=\"twitter:data1\" content=\"3\u00a0Minuten\" \/>\n<script type=\"application\/ld+json\" class=\"yoast-schema-graph\">{\"@context\":\"https:\/\/schema.org\",\"@graph\":[{\"@type\":\"WebPage\",\"@id\":\"https:\/\/business.roovi.com\/de\/1000-teile-puzzle-fur-erwachsene-altes-agypten\/p\/\",\"url\":\"https:\/\/business.roovi.com\/de\/1000-teile-puzzle-fur-erwachsene-altes-agypten\/p\/\",\"name\":\"1000-Teile-Puzzle f\u00fcr Erwachsene - Altes \u00c4gypten\",\"isPartOf\":{\"@id\":\"https:\/\/business.roovi.com\/de\/#website\"},\"datePublished\":\"2021-03-09T08:38:09+00:00\",\"dateModified\":\"2023-02-27T13:26:36+00:00\",\"description\":\"1000-Teile-Puzzle f\u00fcr Erwachsene - Altes \u00c4gypten\",\"breadcrumb\":{\"@id\":\"https:\/\/business.roovi.com\/de\/1000-teile-puzzle-fur-erwachsene-altes-agypten\/p\/#breadcrumb\"},\"inLanguage\":\"de\",\"potentialAction\":[{\"@type\":\"ReadAction\",\"target\":[\"https:\/\/business.roovi.com\/de\/1000-teile-puzzle-fur-erwachsene-altes-agypten\/p\/\"]}]},{\"@type\":\"BreadcrumbList\",\"@id\":\"https:\/\/business.roovi.com\/de\/1000-teile-puzzle-fur-erwachsene-altes-agypten\/p\/#breadcrumb\",\"itemListElement\":[{\"@type\":\"ListItem\",\"position\":1,\"name\":\"Home\",\"item\":\"https:\/\/business.roovi.com\/de\/\"},{\"@type\":\"ListItem\",\"position\":2,\"name\":\"Shop\",\"item\":\"https:\/\/business.roovi.com\/de\/shop\/\"},{\"@type\":\"ListItem\",\"position\":3,\"name\":\"1000-Teile-Puzzle f\u00fcr Erwachsene &#8211; Altes \u00c4gypten\"}]},{\"@type\":\"WebSite\",\"@id\":\"https:\/\/business.roovi.com\/de\/#website\",\"url\":\"https:\/\/business.roovi.com\/de\/\",\"name\":\"Roovi B2B\",\"description\":\"Roovi Business Website\",\"potentialAction\":[{\"@type\":\"SearchAction\",\"target\":{\"@type\":\"EntryPoint\",\"urlTemplate\":\"https:\/\/business.roovi.com\/de\/?s={search_term_string}\"},\"query-input\":\"required name=search_term_string\"}],\"inLanguage\":\"de\"}]}<\/script>\n<!-- \/ Yoast SEO plugin. -->","yoast_head_json":{"title":"1000-Teile-Puzzle f\u00fcr Erwachsene - Altes \u00c4gypten","description":"1000-Teile-Puzzle f\u00fcr Erwachsene - Altes \u00c4gypten","robots":{"index":"index","follow":"follow","max-snippet":"max-snippet:-1","max-image-preview":"max-image-preview:large","max-video-preview":"max-video-preview:-1"},"canonical":"https:\/\/business.roovi.com\/de\/1000-teile-puzzle-fur-erwachsene-altes-agypten\/p\/","og_locale":"de_DE","og_type":"article","og_title":"1000-Teile-Puzzle f\u00fcr Erwachsene - Altes \u00c4gypten","og_description":"1000-Teile-Puzzle f\u00fcr Erwachsene - Altes \u00c4gypten","og_url":"https:\/\/business.roovi.com\/de\/1000-teile-puzzle-fur-erwachsene-altes-agypten\/p\/","og_site_name":"Roovi B2B","article_publisher":"https:\/\/www.facebook.com\/wwwjucariero","article_modified_time":"2023-02-27T13:26:36+00:00","og_image":[{"width":1200,"height":1200,"url":"https:\/\/business.roovi.com\/wp-content\/uploads\/2021\/03\/65971-4_ansamblu_dimensiuni_cutie_cm_vertical_1200x1200.png","type":"image\/png"}],"twitter_misc":{"Gesch\u00e4tzte Lesezeit":"3\u00a0Minuten"},"schema":{"@context":"https:\/\/schema.org","@graph":[{"@type":"WebPage","@id":"https:\/\/business.roovi.com\/de\/1000-teile-puzzle-fur-erwachsene-altes-agypten\/p\/","url":"https:\/\/business.roovi.com\/de\/1000-teile-puzzle-fur-erwachsene-altes-agypten\/p\/","name":"1000-Teile-Puzzle f\u00fcr Erwachsene - Altes \u00c4gypten","isPartOf":{"@id":"https:\/\/business.roovi.com\/de\/#website"},"datePublished":"2021-03-09T08:38:09+00:00","dateModified":"2023-02-27T13:26:36+00:00","description":"1000-Teile-Puzzle f\u00fcr Erwachsene - Altes \u00c4gypten","breadcrumb":{"@id":"https:\/\/business.roovi.com\/de\/1000-teile-puzzle-fur-erwachsene-altes-agypten\/p\/#breadcrumb"},"inLanguage":"de","potentialAction":[{"@type":"ReadAction","target":["https:\/\/business.roovi.com\/de\/1000-teile-puzzle-fur-erwachsene-altes-agypten\/p\/"]}]},{"@type":"BreadcrumbList","@id":"https:\/\/business.roovi.com\/de\/1000-teile-puzzle-fur-erwachsene-altes-agypten\/p\/#breadcrumb","itemListElement":[{"@type":"ListItem","position":1,"name":"Home","item":"https:\/\/business.roovi.com\/de\/"},{"@type":"ListItem","position":2,"name":"Shop","item":"https:\/\/business.roovi.com\/de\/shop\/"},{"@type":"ListItem","position":3,"name":"1000-Teile-Puzzle f\u00fcr Erwachsene &#8211; Altes \u00c4gypten"}]},{"@type":"WebSite","@id":"https:\/\/business.roovi.com\/de\/#website","url":"https:\/\/business.roovi.com\/de\/","name":"Roovi B2B","description":"Roovi Business Website","potentialAction":[{"@type":"SearchAction","target":{"@type":"EntryPoint","urlTemplate":"https:\/\/business.roovi.com\/de\/?s={search_term_string}"},"query-input":"required name=search_term_string"}],"inLanguage":"de"}]}},"_links":{"self":[{"href":"https:\/\/business.roovi.com\/de\/wp-json\/wp\/v2\/product\/38807","targetHints":{"allow":["GET"]}}],"collection":[{"href":"https:\/\/business.roovi.com\/de\/wp-json\/wp\/v2\/product"}],"about":[{"href":"https:\/\/business.roovi.com\/de\/wp-json\/wp\/v2\/types\/product"}],"version-history":[{"count":0,"href":"https:\/\/business.roovi.com\/de\/wp-json\/wp\/v2\/product\/38807\/revisions"}],"wp:featuredmedia":[{"embeddable":true,"href":"https:\/\/business.roovi.com\/de\/wp-json\/wp\/v2\/media\/48445"}],"wp:attachment":[{"href":"https:\/\/business.roovi.com\/de\/wp-json\/wp\/v2\/media?parent=38807"}],"wp:term":[{"taxonomy":"product_brand","embeddable":true,"href":"https:\/\/business.roovi.com\/de\/wp-json\/wp\/v2\/product_brand?post=38807"},{"taxonomy":"product_cat","embeddable":true,"href":"https:\/\/business.roovi.com\/de\/wp-json\/wp\/v2\/product_cat?post=38807"},{"taxonomy":"product_tag","embeddable":true,"href":"https:\/\/business.roovi.com\/de\/wp-json\/wp\/v2\/product_tag?post=38807"}],"curies":[{"name":"wp","href":"https:\/\/api.w.org\/{rel}","templated":true}]}}