{"id":38811,"date":"2021-03-09T08:34:59","date_gmt":"2021-03-09T08:34:59","guid":{"rendered":"https:\/\/business.roovi.com\/puzzle-adulti-vincent-van-gogh-memory-of-the-garden-at-etten-1000-piese\/p\/"},"modified":"2022-07-06T10:59:11","modified_gmt":"2022-07-06T10:59:11","slug":"vincent-van-gogh-puzzle-fur-erwachsene-erinnerung-an-den-garten-in-etten-1000-teile","status":"publish","type":"product","link":"https:\/\/business.roovi.com\/de\/vincent-van-gogh-puzzle-fur-erwachsene-erinnerung-an-den-garten-in-etten-1000-teile\/p\/","title":{"rendered":"Vincent van Gogh Puzzle f\u00fcr Erwachsene &#8211; Erinnerung an den Garten in Etten &#8211; 1000 Teile"},"content":{"rendered":"<p><span style=\"font-weight: 400\">Willkommen in der gr\u00f6\u00dften virtuellen Kunstgalerie f\u00fcr 1000-teilige Puzzles! Wir fordern dich heraus, Bilder von ber\u00fchmten Gem\u00e4lden von Leonardo da Vinci, Vincent van Gogh, Claude Monet und vielen anderen nachzubilden.<\/span><\/p>\n<p><span style=\"font-weight: 400\">Das 1000-teilige Puzzle Vincent van Gogh &#8211; Erinnerung an den Garten in Etten stellt das Bild von Van Goghs Werk nach und enth\u00e4lt eine einzigartige Kombination von Farben, die ein vielseitiges Werk ergeben. Dieses wunderbare Kunstpuzzle ist aus hochwertigen Materialien gefertigt, die sicherstellen, dass es mehrere Male verwendet werden kann <\/span><\/p>\n<p><span style=\"font-weight: 400\">Weitere Eigenschaften des 1000 Teile Vincent van Gogh &#8211; Erinnerung an den Garten in Etten Puzzles<\/span><\/p>\n<p><strong>Ma\u00dfe des rekonstruierten Bildes: 50 x 70 cm.<\/strong><span style=\"font-weight: 400\"> Du kannst einen gew\u00f6hnlichen Couchtisch verwenden, um das Bild nachzubilden.<\/span><\/p>\n<p><strong>Puzzle-Material <\/strong><\/p>\n<p><strong>hochwertiger blauer Karton<\/strong><\/p>\n<p><strong>nachhaltige, recycelbare Materialien<\/strong><\/p>\n<p><strong>halbgl\u00e4nzende Oberfl\u00e4che, leuchtende Farben<\/strong><\/p>\n<p><strong>Anzahl der Puzzleteile: 1000<\/strong><\/p>\n<p><strong>Empfohlenes Alter: 14+<\/strong><\/p>\n<p><strong>Wie helfen dir Puzzles f\u00fcr Erwachsene, ges\u00fcnder zu sein?<\/strong><\/p>\n<p><span style=\"font-weight: 400\">Das Zusammensetzen von Puzzles mit 1000 Teilen bringt dir viele gesundheitliche Vorteile. Hier sind nur ein paar von ihnen:<\/span><\/p>\n<p><span style=\"font-weight: 400\">Hilft dir zu entspannen<\/span><\/p>\n<p><span style=\"font-weight: 400\">Sie halten dein Gehirn gesund, weil sie es intensiv trainieren<\/span><\/p>\n<p><span style=\"font-weight: 400\">Schafft ein allgemeines Gef\u00fchl des Wohlbefindens<\/span><\/p>\n<p><span style=\"font-weight: 400\">Es verbindet dich mit deinen Liebsten, wenn du mit ihnen 1000 Teile puzzeln kannst<\/span><\/p>\n<p><span style=\"font-weight: 400\">Hilft dir, kreativer zu sein <\/span><\/p>\n<p><span style=\"font-weight: 400\">Verbessere dein Ged\u00e4chtnis.<\/span><\/p>\n<p><strong>5 Fakten \u00fcber Erinnerungen an den Garten von Etten von Vincent van Gogh<\/strong><span style=\"font-weight: 400\"> <\/span><\/p>\n<p><span style=\"font-weight: 400\">1. Der K\u00fcnstler verbrachte eine Zeit in Etten, in der er eine Entt\u00e4uschung in der Liebe erlebte.<\/span><\/p>\n<p><span style=\"font-weight: 400\">2. Seine Zeit in Etten ist der eigentliche Beginn von Vincent van Goghs zehnj\u00e4hriger Karriere als K\u00fcnstler <\/span><span style=\"font-weight: 400\"> <\/span><\/p>\n<p><span style=\"font-weight: 400\">3. In Etten verliebte sich Vincent in seine k\u00fcrzlich verwitwete Cousine Kee Vos-Stricker, aber sie wies seinen Heiratsantrag brutal zur\u00fcck.<\/span><\/p>\n<p><span style=\"font-weight: 400\">4. Es scheint, dass die j\u00fcngere Frau auf Van Goghs Gem\u00e4lde eigentlich <\/span><span style=\"font-weight: 400\">Kee Vos Stricker.<\/span><\/p>\n<p><span style=\"font-weight: 400\">5. Das Werk wurde beeinflusst von dem Gem\u00e4lde  <\/span><em><span style=\"font-weight: 400\">Arl\u00e9siennes (Mistral)<\/span><\/em><span style=\"font-weight: 400\">  von Gauguin, das zur gleichen Zeit gemalt wurde.<\/span><\/p>\n<p><strong>1000 Teile Puzzles machen dich stolz auf dich selbst<\/strong><\/p>\n<p><span style=\"font-weight: 400\">Wenn du aus dem Chaos von Hunderten von Puzzleteilen die perfekte Ordnung eines echten Gem\u00e4ldes schaffst, erlebst du ein erstaunliches Gef\u00fchl der inneren Zufriedenheit. Was gibt es Sch\u00f6neres als dieses Gef\u00fchl der Erf\u00fcllung, dass sich harte Arbeit und Geduld ausgezahlt haben!<\/span><\/p>\n<p><span style=\"font-weight: 400\">Van Goghs Werke verbergen unz\u00e4hlige Symbole und dr\u00fccken intensive Gef\u00fchle aus. Kaufe das Kunstpuzzle Vincent van Gogh &#8211; Erinnerung an den Garten in Etten und erlebe das Wissen. Am Ende hast du ein wundersch\u00f6nes 1000-teiliges Puzzle-Gem\u00e4lde, das du in deinem Lieblingszimmer ausstellen kannst. Schenke dieses Puzzlespiel einem Freund oder einer Freundin, der\/die sich f\u00fcr Kunstwerke und Puzzles f\u00fcr Erwachsene begeistert.<\/span><\/p><\/p>\n","protected":false},"excerpt":{"rendered":"<p>Willkommen in der gr\u00f6\u00dften virtuellen Kunstgalerie f\u00fcr 1000-teilige Puzzles! Wir fordern dich heraus, Bilder von ber\u00fchmten Gem\u00e4lden von Leonardo da<\/p>\n","protected":false},"featured_media":62865,"template":"","meta":[],"product_brand":[],"product_cat":[1916,1875,1915],"product_tag":[],"class_list":{"0":"post-38811","1":"product","2":"type-product","3":"status-publish","4":"has-post-thumbnail","6":"product_cat-1000-teile-puzzle","7":"product_cat-puzzle-de","8":"product_cat-puzzlespiele-fur-erwachsene","9":"pa_bax-10-de","10":"pa_brand-d_toys-de","11":"pa_country_of_manufacture-ro-de","12":"pa_filter_age-14-de","13":"pa_painter-vincentvangogh-de","14":"pa_tip_ambalaj-kasten-a4-de","15":"pa_tip_puzzle-klassisch","17":"first","18":"instock","19":"taxable","20":"shipping-taxable","21":"product-type-simple"},"yoast_head":"<!-- This site is optimized with the Yoast SEO plugin v20.1 - https:\/\/yoast.com\/wordpress\/plugins\/seo\/ -->\n<title>Vincent van Gogh Puzzle f\u00fcr Erwachsene - Erinnerung an den Garten in Etten - 1000 Teile<\/title>\n<meta name=\"description\" content=\"Vincent van Gogh Puzzle f\u00fcr Erwachsene - Erinnerung an den Garten in Etten - 1000 Teile\" \/>\n<meta name=\"robots\" content=\"index, follow, max-snippet:-1, max-image-preview:large, max-video-preview:-1\" \/>\n<link rel=\"canonical\" href=\"https:\/\/business.roovi.com\/de\/vincent-van-gogh-puzzle-fur-erwachsene-erinnerung-an-den-garten-in-etten-1000-teile\/p\/\" \/>\n<meta property=\"og:locale\" content=\"de_DE\" \/>\n<meta property=\"og:type\" content=\"article\" \/>\n<meta property=\"og:title\" content=\"Vincent van Gogh Puzzle f\u00fcr Erwachsene - Erinnerung an den Garten in Etten - 1000 Teile\" \/>\n<meta property=\"og:description\" content=\"Vincent van Gogh Puzzle f\u00fcr Erwachsene - Erinnerung an den Garten in Etten - 1000 Teile\" \/>\n<meta property=\"og:url\" content=\"https:\/\/business.roovi.com\/de\/vincent-van-gogh-puzzle-fur-erwachsene-erinnerung-an-den-garten-in-etten-1000-teile\/p\/\" \/>\n<meta property=\"og:site_name\" content=\"Roovi B2B\" \/>\n<meta property=\"article:publisher\" content=\"https:\/\/www.facebook.com\/wwwjucariero\" \/>\n<meta property=\"article:modified_time\" content=\"2022-07-06T10:59:11+00:00\" \/>\n<meta property=\"og:image\" content=\"https:\/\/business.roovi.com\/wp-content\/uploads\/2021\/03\/66916-15_ansamblu_dimensiuni_cutie_cm-800x800.png\" \/>\n\t<meta property=\"og:image:width\" content=\"800\" \/>\n\t<meta property=\"og:image:height\" content=\"800\" \/>\n\t<meta property=\"og:image:type\" content=\"image\/png\" \/>\n<meta name=\"twitter:label1\" content=\"Gesch\u00e4tzte Lesezeit\" \/>\n\t<meta name=\"twitter:data1\" content=\"2\u00a0Minuten\" \/>\n<script type=\"application\/ld+json\" class=\"yoast-schema-graph\">{\"@context\":\"https:\/\/schema.org\",\"@graph\":[{\"@type\":\"WebPage\",\"@id\":\"https:\/\/business.roovi.com\/de\/vincent-van-gogh-puzzle-fur-erwachsene-erinnerung-an-den-garten-in-etten-1000-teile\/p\/\",\"url\":\"https:\/\/business.roovi.com\/de\/vincent-van-gogh-puzzle-fur-erwachsene-erinnerung-an-den-garten-in-etten-1000-teile\/p\/\",\"name\":\"Vincent van Gogh Puzzle f\u00fcr Erwachsene - Erinnerung an den Garten in Etten - 1000 Teile\",\"isPartOf\":{\"@id\":\"https:\/\/business.roovi.com\/de\/#website\"},\"datePublished\":\"2021-03-09T08:34:59+00:00\",\"dateModified\":\"2022-07-06T10:59:11+00:00\",\"description\":\"Vincent van Gogh Puzzle f\u00fcr Erwachsene - Erinnerung an den Garten in Etten - 1000 Teile\",\"breadcrumb\":{\"@id\":\"https:\/\/business.roovi.com\/de\/vincent-van-gogh-puzzle-fur-erwachsene-erinnerung-an-den-garten-in-etten-1000-teile\/p\/#breadcrumb\"},\"inLanguage\":\"de\",\"potentialAction\":[{\"@type\":\"ReadAction\",\"target\":[\"https:\/\/business.roovi.com\/de\/vincent-van-gogh-puzzle-fur-erwachsene-erinnerung-an-den-garten-in-etten-1000-teile\/p\/\"]}]},{\"@type\":\"BreadcrumbList\",\"@id\":\"https:\/\/business.roovi.com\/de\/vincent-van-gogh-puzzle-fur-erwachsene-erinnerung-an-den-garten-in-etten-1000-teile\/p\/#breadcrumb\",\"itemListElement\":[{\"@type\":\"ListItem\",\"position\":1,\"name\":\"Home\",\"item\":\"https:\/\/business.roovi.com\/de\/\"},{\"@type\":\"ListItem\",\"position\":2,\"name\":\"Shop\",\"item\":\"https:\/\/business.roovi.com\/de\/shop\/\"},{\"@type\":\"ListItem\",\"position\":3,\"name\":\"Vincent van Gogh Puzzle f\u00fcr Erwachsene &#8211; Erinnerung an den Garten in Etten &#8211; 1000 Teile\"}]},{\"@type\":\"WebSite\",\"@id\":\"https:\/\/business.roovi.com\/de\/#website\",\"url\":\"https:\/\/business.roovi.com\/de\/\",\"name\":\"Roovi B2B\",\"description\":\"Roovi Business Website\",\"potentialAction\":[{\"@type\":\"SearchAction\",\"target\":{\"@type\":\"EntryPoint\",\"urlTemplate\":\"https:\/\/business.roovi.com\/de\/?s={search_term_string}\"},\"query-input\":\"required name=search_term_string\"}],\"inLanguage\":\"de\"}]}<\/script>\n<!-- \/ Yoast SEO plugin. -->","yoast_head_json":{"title":"Vincent van Gogh Puzzle f\u00fcr Erwachsene - Erinnerung an den Garten in Etten - 1000 Teile","description":"Vincent van Gogh Puzzle f\u00fcr Erwachsene - Erinnerung an den Garten in Etten - 1000 Teile","robots":{"index":"index","follow":"follow","max-snippet":"max-snippet:-1","max-image-preview":"max-image-preview:large","max-video-preview":"max-video-preview:-1"},"canonical":"https:\/\/business.roovi.com\/de\/vincent-van-gogh-puzzle-fur-erwachsene-erinnerung-an-den-garten-in-etten-1000-teile\/p\/","og_locale":"de_DE","og_type":"article","og_title":"Vincent van Gogh Puzzle f\u00fcr Erwachsene - Erinnerung an den Garten in Etten - 1000 Teile","og_description":"Vincent van Gogh Puzzle f\u00fcr Erwachsene - Erinnerung an den Garten in Etten - 1000 Teile","og_url":"https:\/\/business.roovi.com\/de\/vincent-van-gogh-puzzle-fur-erwachsene-erinnerung-an-den-garten-in-etten-1000-teile\/p\/","og_site_name":"Roovi B2B","article_publisher":"https:\/\/www.facebook.com\/wwwjucariero","article_modified_time":"2022-07-06T10:59:11+00:00","og_image":[{"width":800,"height":800,"url":"https:\/\/business.roovi.com\/wp-content\/uploads\/2021\/03\/66916-15_ansamblu_dimensiuni_cutie_cm-800x800.png","type":"image\/png"}],"twitter_misc":{"Gesch\u00e4tzte Lesezeit":"2\u00a0Minuten"},"schema":{"@context":"https:\/\/schema.org","@graph":[{"@type":"WebPage","@id":"https:\/\/business.roovi.com\/de\/vincent-van-gogh-puzzle-fur-erwachsene-erinnerung-an-den-garten-in-etten-1000-teile\/p\/","url":"https:\/\/business.roovi.com\/de\/vincent-van-gogh-puzzle-fur-erwachsene-erinnerung-an-den-garten-in-etten-1000-teile\/p\/","name":"Vincent van Gogh Puzzle f\u00fcr Erwachsene - Erinnerung an den Garten in Etten - 1000 Teile","isPartOf":{"@id":"https:\/\/business.roovi.com\/de\/#website"},"datePublished":"2021-03-09T08:34:59+00:00","dateModified":"2022-07-06T10:59:11+00:00","description":"Vincent van Gogh Puzzle f\u00fcr Erwachsene - Erinnerung an den Garten in Etten - 1000 Teile","breadcrumb":{"@id":"https:\/\/business.roovi.com\/de\/vincent-van-gogh-puzzle-fur-erwachsene-erinnerung-an-den-garten-in-etten-1000-teile\/p\/#breadcrumb"},"inLanguage":"de","potentialAction":[{"@type":"ReadAction","target":["https:\/\/business.roovi.com\/de\/vincent-van-gogh-puzzle-fur-erwachsene-erinnerung-an-den-garten-in-etten-1000-teile\/p\/"]}]},{"@type":"BreadcrumbList","@id":"https:\/\/business.roovi.com\/de\/vincent-van-gogh-puzzle-fur-erwachsene-erinnerung-an-den-garten-in-etten-1000-teile\/p\/#breadcrumb","itemListElement":[{"@type":"ListItem","position":1,"name":"Home","item":"https:\/\/business.roovi.com\/de\/"},{"@type":"ListItem","position":2,"name":"Shop","item":"https:\/\/business.roovi.com\/de\/shop\/"},{"@type":"ListItem","position":3,"name":"Vincent van Gogh Puzzle f\u00fcr Erwachsene &#8211; Erinnerung an den Garten in Etten &#8211; 1000 Teile"}]},{"@type":"WebSite","@id":"https:\/\/business.roovi.com\/de\/#website","url":"https:\/\/business.roovi.com\/de\/","name":"Roovi B2B","description":"Roovi Business Website","potentialAction":[{"@type":"SearchAction","target":{"@type":"EntryPoint","urlTemplate":"https:\/\/business.roovi.com\/de\/?s={search_term_string}"},"query-input":"required name=search_term_string"}],"inLanguage":"de"}]}},"_links":{"self":[{"href":"https:\/\/business.roovi.com\/de\/wp-json\/wp\/v2\/product\/38811","targetHints":{"allow":["GET"]}}],"collection":[{"href":"https:\/\/business.roovi.com\/de\/wp-json\/wp\/v2\/product"}],"about":[{"href":"https:\/\/business.roovi.com\/de\/wp-json\/wp\/v2\/types\/product"}],"version-history":[{"count":0,"href":"https:\/\/business.roovi.com\/de\/wp-json\/wp\/v2\/product\/38811\/revisions"}],"wp:featuredmedia":[{"embeddable":true,"href":"https:\/\/business.roovi.com\/de\/wp-json\/wp\/v2\/media\/62865"}],"wp:attachment":[{"href":"https:\/\/business.roovi.com\/de\/wp-json\/wp\/v2\/media?parent=38811"}],"wp:term":[{"taxonomy":"product_brand","embeddable":true,"href":"https:\/\/business.roovi.com\/de\/wp-json\/wp\/v2\/product_brand?post=38811"},{"taxonomy":"product_cat","embeddable":true,"href":"https:\/\/business.roovi.com\/de\/wp-json\/wp\/v2\/product_cat?post=38811"},{"taxonomy":"product_tag","embeddable":true,"href":"https:\/\/business.roovi.com\/de\/wp-json\/wp\/v2\/product_tag?post=38811"}],"curies":[{"name":"wp","href":"https:\/\/api.w.org\/{rel}","templated":true}]}}