{"id":38830,"date":"2021-03-05T10:56:50","date_gmt":"2021-03-05T10:56:50","guid":{"rendered":"https:\/\/business.roovi.com\/puzzle-adulti-edgar-degas-four-dancers-1000-piese\/p\/"},"modified":"2022-07-06T11:04:15","modified_gmt":"2022-07-06T11:04:15","slug":"edgar-degas-puzzle-fur-erwachsene-vier-tanzerinnen-1000-teile","status":"publish","type":"product","link":"https:\/\/business.roovi.com\/de\/edgar-degas-puzzle-fur-erwachsene-vier-tanzerinnen-1000-teile\/p\/","title":{"rendered":"Edgar Degas Puzzle f\u00fcr Erwachsene &#8211; Vier T\u00e4nzerinnen &#8211; 1000 Teile"},"content":{"rendered":"<p><span style=\"font-weight: 400;line-height: 14px\">Beim St\u00f6bern in der gr\u00f6\u00dften Auswahl an Kunstr\u00e4tseln f\u00fchlst du dich wie in einer riesigen Kunstgalerie. Die ber\u00fchmtesten Maler aller Zeiten sind in 1000 Teile umfassenden Puzzles zu finden. Entdecke sie alle und w\u00e4hle die Puzzles aus, die dir am besten gefallen oder die du deinen Liebsten schenken m\u00f6chtest <\/span><\/p>\n<p><span style=\"line-height: 14px\"><span style=\"font-weight: 400\">1000 Teile Puzzle <\/span><span style=\"font-weight: 400\">Edgar Degas &#8211; Vier T\u00e4nzerinnen\/Patru dansatrices f\u00e4ngt das Bild des ehrgeizigsten Gem\u00e4ldes des Malers in der Serie \u00fcber Ballettk\u00fcnstler ein <\/span><span style=\"font-weight: 400\">Folge den anmutigen Gesten und grazilen Luftbewegungen der T\u00e4nzerinnen und T\u00e4nzer, passe jedes St\u00fcck an und staune am Ende \u00fcber ein Bild, das die Emotionen einer au\u00dfergew\u00f6hnlichen k\u00fcnstlerischen Darbietung vermittelt.<\/span><\/span><\/p>\n<p><span style=\"line-height: 14px\"><span style=\"font-weight: 400\">Setz dich bequem vor den Couchtisch in deinem Wohnzimmer &#8211; er ist das ideale Objekt, um das 50 x 70 cm gro\u00dfe Bild dieses wunderbaren Kunstpuzzles nachzubilden &#8211; und beginne dein Kunstwerk. Im Folgenden findest du weitere Informationen \u00fcber die Funktionen des 1000-teiligen Puzzles <\/span><span style=\"font-weight: 400\">Edgar Degas &#8211; Vier T\u00e4nzerinnen:<\/span><\/span><\/p>\n<p><span style=\"line-height: 14px\"><strong>Puzzle-Material <\/strong><\/span><\/p>\n<p><span style=\"line-height: 14px\"><strong>hochwertiger blauer Karton<\/strong><\/span><\/p>\n<p><span style=\"line-height: 14px\"><strong>nachhaltige, recycelbare Materialien<\/strong><\/span><\/p>\n<p><span style=\"line-height: 14px\"><strong>halbgl\u00e4nzende Oberfl\u00e4che, leuchtende Farben<\/strong><\/span><\/p>\n<p><span style=\"line-height: 14px\"><strong>Anzahl der Puzzleteile: 1000<\/strong><\/span><\/p>\n<p><span style=\"line-height: 14px\"><strong>Empfohlenes Alter: 14+<\/strong><\/span><\/p>\n<p><span style=\"line-height: 14px\"><strong>7 Vorteile von 1000 Teile Puzzles<\/strong><\/span><\/p>\n<p> 1.Hilft dir, von den Sorgen und Problemen des Alltags abzuschalten<\/p>\n<p><span style=\"font-weight: 400;line-height: 14px\">2. Halte dein Gehirn gesund<\/span><\/p>\n<p><span style=\"font-weight: 400;line-height: 14px\">3. Schafft einen Zustand des Wohlbefindens und des Optimismus<\/span><\/p>\n<p><span style=\"font-weight: 400;line-height: 14px\">4. Hilft dir, deinen Liebsten n\u00e4her zu kommen, wenn du das 1000-Teile-Puzzle zusammensetzt<\/span><\/p>\n<p><span style=\"font-weight: 400;line-height: 14px\">5. H\u00e4lt dein Ged\u00e4chtnis fit<\/span><\/p>\n<p><span style=\"font-weight: 400;line-height: 14px\">6. Hilft dir, dich zu konzentrieren und auf Details zu achten<\/span><\/p>\n<p><span style=\"font-weight: 400;line-height: 14px\">7. Erweitere deinen Wissenshorizont<\/span><\/p>\n<p><span style=\"line-height: 14px\"><strong>Edgar Degas und seine Besessenheit von Ballerinas<\/strong><\/span><\/p>\n<p><span style=\"line-height: 14px\"><span style=\"font-weight: 400\">Er ist einer der Begr\u00fcnder des Impressionismus, zusammen mit <\/span><span style=\"font-weight: 400\">Claude Monet<\/span><span style=\"font-weight: 400\">auguste Renoir, Camille Pissarro <\/span><\/span><\/p>\n<p><span style=\"font-weight: 400;line-height: 14px\">Zu Beginn seiner Karriere machte er gerne Kopien von Werken, die im Louvre ausgestellt waren.<\/span><\/p>\n<p><span style=\"font-weight: 400;line-height: 14px\">Er war fasziniert von Ballettt\u00e4nzern, die er h\u00e4ufig analysierte und malte.<\/span><\/p>\n<p><span style=\"line-height: 14px\"><span style=\"font-weight: 400\">Dank der T\u00e4nzerinnen und T\u00e4nzer wurde er schon zu Lebzeiten ber\u00fchmt. Eines seiner Gem\u00e4lde, <\/span><span style=\"font-weight: 400\">&#8222;<\/span><span style=\"font-weight: 400\">Danseuses \u00e0 la barre&#8220;, das 1877 f\u00fcr sagenhafte 435.000 Franken verkauft wurde.<\/span><\/span><\/p>\n<p><span style=\"line-height: 14px\"><strong>Vier T\u00e4nzer <\/strong><span style=\"font-weight: 400\">war f\u00fcr ihn ein einzigartiges Werk, das er als das erfolgreichste unter den Ballerinen gewidmeten Werken betrachtete.<\/span><\/span><\/p>\n<p><span style=\"font-weight: 400;line-height: 14px\">Degas malte mehr als ein Vierteljahrhundert lang Ballerinen, indem er sie als Hauptmotiv seiner Werke skizzierte und bildhauerisch darstellte.<\/span><\/p>\n<p><span style=\"line-height: 14px\"><strong>Die 1000-teiligen Puzzles versetzen dein virtuelles Leben in den Schlafmodus<\/strong><\/span><\/p>\n<p><span style=\"font-weight: 400;line-height: 14px\">Das Zusammensetzen von Puzzles schaltet dich von deinen Bildschirmen ab und erinnert dich daran, dass einfache Dinge dir gro\u00dfe Freude und Entspannung bringen. Eine Strategie zu entwickeln, um ein Bild nachzubilden, sich die Formen und Farben der Hunderte von Teilen zu merken, sich in einen echten Detektiv zu verwandeln und nach Hinweisen zu suchen, um ein Puzzlespiel zu l\u00f6sen, sind kleine Freuden, die dir helfen, deine Freizeit auf eine lustige und lehrreiche Weise zu verbringen.<\/span><\/p>\n<p><span style=\"line-height: 14px\"><span style=\"font-weight: 400\">Kaufe das wunderbare Kunstpuzzle jetzt <\/span><strong>Edgar Degas &#8211; <\/strong><strong>Vier T\u00e4nzer<\/strong><span style=\"font-weight: 400\">, setz das Bild zusammen und bewundere die perfekte Anmut von Degas&#8216; T\u00e4nzerinnen. Baue ein au\u00dfergew\u00f6hnliches Kunstgem\u00e4lde aus diesem 1000-teiligen Puzzle.<\/span><\/span><\/p>\n<p><span style=\"line-height: 14px\"><span style=\"font-weight: 400\">Vervollst\u00e4ndige deine Kunstsammlung mit dem 1000 Teile Puzzle <\/span><span style=\"font-weight: 400\">Edgar Degas &#8211; <\/span><span style=\"font-weight: 400\">Vier T\u00e4nzer<\/span><span style=\"font-weight: 400\"> oder <\/span><span style=\"font-weight: 400\">\u00fcberrasche einen Freund mit diesem wunderbaren Puzzlespiel <\/span><\/span><\/p><\/p>\n","protected":false},"excerpt":{"rendered":"<p>Beim St\u00f6bern in der gr\u00f6\u00dften Auswahl an Kunstr\u00e4tseln f\u00fchlst du dich wie in einer riesigen Kunstgalerie. Die ber\u00fchmtesten Maler aller<\/p>\n","protected":false},"featured_media":63460,"template":"","meta":[],"product_brand":[],"product_cat":[1916,1875,1915],"product_tag":[],"class_list":{"0":"post-38830","1":"product","2":"type-product","3":"status-publish","4":"has-post-thumbnail","6":"product_cat-1000-teile-puzzle","7":"product_cat-puzzle-de","8":"product_cat-puzzlespiele-fur-erwachsene","9":"pa_bax-10-de","10":"pa_brand-d_toys-de","11":"pa_country_of_manufacture-ro-de","12":"pa_filter_age-14-de","13":"pa_painter-edgardegas-de","14":"pa_tip_ambalaj-kasten-a4-de","15":"pa_tip_puzzle-klassisch","17":"first","18":"instock","19":"taxable","20":"shipping-taxable","21":"product-type-simple"},"yoast_head":"<!-- This site is optimized with the Yoast SEO plugin v20.1 - https:\/\/yoast.com\/wordpress\/plugins\/seo\/ -->\n<title>Edgar Degas Puzzle f\u00fcr Erwachsene - Vier T\u00e4nzerinnen - 1000 Teile<\/title>\n<meta name=\"description\" content=\"Edgar Degas Puzzle f\u00fcr Erwachsene - Vier T\u00e4nzerinnen - 1000 Teile\" \/>\n<meta name=\"robots\" content=\"index, follow, max-snippet:-1, max-image-preview:large, max-video-preview:-1\" \/>\n<link rel=\"canonical\" href=\"https:\/\/business.roovi.com\/de\/edgar-degas-puzzle-fur-erwachsene-vier-tanzerinnen-1000-teile\/p\/\" \/>\n<meta property=\"og:locale\" content=\"de_DE\" \/>\n<meta property=\"og:type\" content=\"article\" \/>\n<meta property=\"og:title\" content=\"Edgar Degas Puzzle f\u00fcr Erwachsene - Vier T\u00e4nzerinnen - 1000 Teile\" \/>\n<meta property=\"og:description\" content=\"Edgar Degas Puzzle f\u00fcr Erwachsene - Vier T\u00e4nzerinnen - 1000 Teile\" \/>\n<meta property=\"og:url\" content=\"https:\/\/business.roovi.com\/de\/edgar-degas-puzzle-fur-erwachsene-vier-tanzerinnen-1000-teile\/p\/\" \/>\n<meta property=\"og:site_name\" content=\"Roovi B2B\" \/>\n<meta property=\"article:publisher\" content=\"https:\/\/www.facebook.com\/wwwjucariero\" \/>\n<meta property=\"article:modified_time\" content=\"2022-07-06T11:04:15+00:00\" \/>\n<meta property=\"og:image\" content=\"https:\/\/business.roovi.com\/wp-content\/uploads\/2021\/03\/72801-02_ansamblu_dimensiuni_cutie_cm-800x800.png\" \/>\n\t<meta property=\"og:image:width\" content=\"800\" \/>\n\t<meta property=\"og:image:height\" content=\"800\" \/>\n\t<meta property=\"og:image:type\" content=\"image\/png\" \/>\n<meta name=\"twitter:label1\" content=\"Gesch\u00e4tzte Lesezeit\" \/>\n\t<meta name=\"twitter:data1\" content=\"3\u00a0Minuten\" \/>\n<script type=\"application\/ld+json\" class=\"yoast-schema-graph\">{\"@context\":\"https:\/\/schema.org\",\"@graph\":[{\"@type\":\"WebPage\",\"@id\":\"https:\/\/business.roovi.com\/de\/edgar-degas-puzzle-fur-erwachsene-vier-tanzerinnen-1000-teile\/p\/\",\"url\":\"https:\/\/business.roovi.com\/de\/edgar-degas-puzzle-fur-erwachsene-vier-tanzerinnen-1000-teile\/p\/\",\"name\":\"Edgar Degas Puzzle f\u00fcr Erwachsene - Vier T\u00e4nzerinnen - 1000 Teile\",\"isPartOf\":{\"@id\":\"https:\/\/business.roovi.com\/de\/#website\"},\"datePublished\":\"2021-03-05T10:56:50+00:00\",\"dateModified\":\"2022-07-06T11:04:15+00:00\",\"description\":\"Edgar Degas Puzzle f\u00fcr Erwachsene - Vier T\u00e4nzerinnen - 1000 Teile\",\"breadcrumb\":{\"@id\":\"https:\/\/business.roovi.com\/de\/edgar-degas-puzzle-fur-erwachsene-vier-tanzerinnen-1000-teile\/p\/#breadcrumb\"},\"inLanguage\":\"de\",\"potentialAction\":[{\"@type\":\"ReadAction\",\"target\":[\"https:\/\/business.roovi.com\/de\/edgar-degas-puzzle-fur-erwachsene-vier-tanzerinnen-1000-teile\/p\/\"]}]},{\"@type\":\"BreadcrumbList\",\"@id\":\"https:\/\/business.roovi.com\/de\/edgar-degas-puzzle-fur-erwachsene-vier-tanzerinnen-1000-teile\/p\/#breadcrumb\",\"itemListElement\":[{\"@type\":\"ListItem\",\"position\":1,\"name\":\"Home\",\"item\":\"https:\/\/business.roovi.com\/de\/\"},{\"@type\":\"ListItem\",\"position\":2,\"name\":\"Shop\",\"item\":\"https:\/\/business.roovi.com\/de\/shop\/\"},{\"@type\":\"ListItem\",\"position\":3,\"name\":\"Edgar Degas Puzzle f\u00fcr Erwachsene &#8211; Vier T\u00e4nzerinnen &#8211; 1000 Teile\"}]},{\"@type\":\"WebSite\",\"@id\":\"https:\/\/business.roovi.com\/de\/#website\",\"url\":\"https:\/\/business.roovi.com\/de\/\",\"name\":\"Roovi B2B\",\"description\":\"Roovi Business Website\",\"potentialAction\":[{\"@type\":\"SearchAction\",\"target\":{\"@type\":\"EntryPoint\",\"urlTemplate\":\"https:\/\/business.roovi.com\/de\/?s={search_term_string}\"},\"query-input\":\"required name=search_term_string\"}],\"inLanguage\":\"de\"}]}<\/script>\n<!-- \/ Yoast SEO plugin. -->","yoast_head_json":{"title":"Edgar Degas Puzzle f\u00fcr Erwachsene - Vier T\u00e4nzerinnen - 1000 Teile","description":"Edgar Degas Puzzle f\u00fcr Erwachsene - Vier T\u00e4nzerinnen - 1000 Teile","robots":{"index":"index","follow":"follow","max-snippet":"max-snippet:-1","max-image-preview":"max-image-preview:large","max-video-preview":"max-video-preview:-1"},"canonical":"https:\/\/business.roovi.com\/de\/edgar-degas-puzzle-fur-erwachsene-vier-tanzerinnen-1000-teile\/p\/","og_locale":"de_DE","og_type":"article","og_title":"Edgar Degas Puzzle f\u00fcr Erwachsene - Vier T\u00e4nzerinnen - 1000 Teile","og_description":"Edgar Degas Puzzle f\u00fcr Erwachsene - Vier T\u00e4nzerinnen - 1000 Teile","og_url":"https:\/\/business.roovi.com\/de\/edgar-degas-puzzle-fur-erwachsene-vier-tanzerinnen-1000-teile\/p\/","og_site_name":"Roovi B2B","article_publisher":"https:\/\/www.facebook.com\/wwwjucariero","article_modified_time":"2022-07-06T11:04:15+00:00","og_image":[{"width":800,"height":800,"url":"https:\/\/business.roovi.com\/wp-content\/uploads\/2021\/03\/72801-02_ansamblu_dimensiuni_cutie_cm-800x800.png","type":"image\/png"}],"twitter_misc":{"Gesch\u00e4tzte Lesezeit":"3\u00a0Minuten"},"schema":{"@context":"https:\/\/schema.org","@graph":[{"@type":"WebPage","@id":"https:\/\/business.roovi.com\/de\/edgar-degas-puzzle-fur-erwachsene-vier-tanzerinnen-1000-teile\/p\/","url":"https:\/\/business.roovi.com\/de\/edgar-degas-puzzle-fur-erwachsene-vier-tanzerinnen-1000-teile\/p\/","name":"Edgar Degas Puzzle f\u00fcr Erwachsene - Vier T\u00e4nzerinnen - 1000 Teile","isPartOf":{"@id":"https:\/\/business.roovi.com\/de\/#website"},"datePublished":"2021-03-05T10:56:50+00:00","dateModified":"2022-07-06T11:04:15+00:00","description":"Edgar Degas Puzzle f\u00fcr Erwachsene - Vier T\u00e4nzerinnen - 1000 Teile","breadcrumb":{"@id":"https:\/\/business.roovi.com\/de\/edgar-degas-puzzle-fur-erwachsene-vier-tanzerinnen-1000-teile\/p\/#breadcrumb"},"inLanguage":"de","potentialAction":[{"@type":"ReadAction","target":["https:\/\/business.roovi.com\/de\/edgar-degas-puzzle-fur-erwachsene-vier-tanzerinnen-1000-teile\/p\/"]}]},{"@type":"BreadcrumbList","@id":"https:\/\/business.roovi.com\/de\/edgar-degas-puzzle-fur-erwachsene-vier-tanzerinnen-1000-teile\/p\/#breadcrumb","itemListElement":[{"@type":"ListItem","position":1,"name":"Home","item":"https:\/\/business.roovi.com\/de\/"},{"@type":"ListItem","position":2,"name":"Shop","item":"https:\/\/business.roovi.com\/de\/shop\/"},{"@type":"ListItem","position":3,"name":"Edgar Degas Puzzle f\u00fcr Erwachsene &#8211; Vier T\u00e4nzerinnen &#8211; 1000 Teile"}]},{"@type":"WebSite","@id":"https:\/\/business.roovi.com\/de\/#website","url":"https:\/\/business.roovi.com\/de\/","name":"Roovi B2B","description":"Roovi Business Website","potentialAction":[{"@type":"SearchAction","target":{"@type":"EntryPoint","urlTemplate":"https:\/\/business.roovi.com\/de\/?s={search_term_string}"},"query-input":"required name=search_term_string"}],"inLanguage":"de"}]}},"_links":{"self":[{"href":"https:\/\/business.roovi.com\/de\/wp-json\/wp\/v2\/product\/38830","targetHints":{"allow":["GET"]}}],"collection":[{"href":"https:\/\/business.roovi.com\/de\/wp-json\/wp\/v2\/product"}],"about":[{"href":"https:\/\/business.roovi.com\/de\/wp-json\/wp\/v2\/types\/product"}],"version-history":[{"count":0,"href":"https:\/\/business.roovi.com\/de\/wp-json\/wp\/v2\/product\/38830\/revisions"}],"wp:featuredmedia":[{"embeddable":true,"href":"https:\/\/business.roovi.com\/de\/wp-json\/wp\/v2\/media\/63460"}],"wp:attachment":[{"href":"https:\/\/business.roovi.com\/de\/wp-json\/wp\/v2\/media?parent=38830"}],"wp:term":[{"taxonomy":"product_brand","embeddable":true,"href":"https:\/\/business.roovi.com\/de\/wp-json\/wp\/v2\/product_brand?post=38830"},{"taxonomy":"product_cat","embeddable":true,"href":"https:\/\/business.roovi.com\/de\/wp-json\/wp\/v2\/product_cat?post=38830"},{"taxonomy":"product_tag","embeddable":true,"href":"https:\/\/business.roovi.com\/de\/wp-json\/wp\/v2\/product_tag?post=38830"}],"curies":[{"name":"wp","href":"https:\/\/api.w.org\/{rel}","templated":true}]}}