{"id":38849,"date":"2021-03-05T10:21:24","date_gmt":"2021-03-05T10:21:24","guid":{"rendered":"https:\/\/business.roovi.com\/puzzle-adulti-1000-piese-robert-delaunay-tour-eiffel\/p\/"},"modified":"2022-07-06T11:09:16","modified_gmt":"2022-07-06T11:09:16","slug":"puzzle-fur-erwachsene-1000-teile-robert-delaunay-eiffelturm","status":"publish","type":"product","link":"https:\/\/business.roovi.com\/de\/puzzle-fur-erwachsene-1000-teile-robert-delaunay-eiffelturm\/p\/","title":{"rendered":"Puzzle f\u00fcr Erwachsene 1000 Teile Robert Delaunay Eiffelturm"},"content":{"rendered":"<p><span style=\"font-weight: 400\">Willst du ein unvergessliches Erlebnis mit deinen Liebsten haben? Oder bist du auf der Suche nach einem einzigartigen Geschenk f\u00fcr einen lieben Freund? W\u00e4hle aus Hunderten von 1000-teiligen Kunstpuzzles mit Bildern ber\u00fchmter Gem\u00e4lde und gib eint\u00f6nigen Momenten einen Sinn.<\/span><\/p>\n<p><span style=\"font-weight: 400\">Bist du fasziniert von den leuchtenden Farben und der Dynamik abstrakter Kunstwerke? 1000 Teile Puzzle <\/span><span style=\"font-weight: 400\">Robert Delaunay &#8211; Eiffelturm<\/span><span style=\"font-weight: 400\"> wird deine Leidenschaft f\u00fcr lebendige und leuchtende Kunstwerke befriedigen.<\/span><\/p>\n<p><span style=\"font-weight: 400\">Eine Faszination von Farbe und Dynamik wirst du durch dieses erstaunliche Kunstpuzzle entdecken. Das im aufkommenden orphistischen Stil geschaffene Werk f\u00fcgt dem Kubismus leuchtende Farben und verst\u00e4rkte Abstraktion hinzu <\/span><\/p>\n<p><span style=\"font-weight: 400\">Die Arbeit im Kunstr\u00e4tsel Bild <\/span><span style=\"font-weight: 400\">Robert Delaunay &#8211; Tour Eiffel ist Teil einer gro\u00dfen Serie von Gem\u00e4lden und Zeichnungen, die <\/span><span style=\"font-weight: 400\">Der Eiffelturm. Diese Reihe von Kunstwerken gilt als die repr\u00e4sentativste in Robert Delaunays Karriere.<\/span><\/p>\n<p><span style=\"font-weight: 400\">Wenn du ein Bild mit einem bekannten Thema in einem innovativen Stil interpretiert haben m\u00f6chtest, w\u00e4hle das 1000-Teile-Puzzle <\/span><span style=\"font-weight: 400\">Robert Delaunay &#8211; Eiffelturm<\/span><span style=\"font-weight: 400\">. Du verbringst bis zu 30 entspannende Stunden in der Gesellschaft eines vollendeten Kunstwerkes. Du kannst einen gew\u00f6hnlichen Couchtisch verwenden, um die St\u00fccke zu st\u00fctzen. Das rekonstruierte Bild ist 50 x 70 cm gro\u00df und wird im Rahmen wundersch\u00f6n aussehen.<\/span><\/p>\n<p><span style=\"font-weight: 400\">Lies mehr \u00fcber das 1000-Teile-Puzzle unten <\/span><span style=\"font-weight: 400\">Robert Delaunay &#8211; Eiffelturm<\/span><span style=\"font-weight: 400\">:<\/span><\/p>\n<p><strong>Puzzle-Material <\/strong><\/p>\n<p><strong>hochwertiger blauer Karton<\/strong><\/p>\n<p><strong>nachhaltige, recycelbare Materialien<\/strong><\/p>\n<p><strong>halbgl\u00e4nzende Oberfl\u00e4che, leuchtende Farben<\/strong><\/p>\n<p><strong>Anzahl der Puzzleteile: 1000<\/strong><\/p>\n<p><strong>Empfohlenes Alter: 14+<\/strong><\/p>\n<p><strong>Kunstr\u00e4tsel bringen dir ungeahnte Vorteile<\/strong><\/p>\n<p><span style=\"font-weight: 400\">Das Zusammensetzen von Puzzles ist mehr als nur ein Hobby, das deine Freizeit aufwertet. Es ist ein Hobby, von dem du in vielen Bereichen deines Lebens profitierst:<\/span><\/p>\n<ul>\n<li><span style=\"font-weight: 400\">Es hilft dir, dich auf deine Ziele zu konzentrieren.<\/span><\/li>\n<li><span style=\"font-weight: 400\">Es entwickelt dein Ged\u00e4chtnis.<\/span><\/li>\n<li><span style=\"font-weight: 400\">Es macht dich aufmerksamer f\u00fcr Details.<\/span><\/li>\n<li><span style=\"font-weight: 400\">Es hilft dir, kreativer zu werden.<\/span><\/li>\n<li><span style=\"font-weight: 400\">Es verbindet dich mit deinen Lieben, denn Puzzlespiele k\u00f6nnen in Gruppen zusammengestellt werden.<\/span><\/li>\n<li><span style=\"font-weight: 400\">Es entwickelt deinen Sinn f\u00fcr \u00c4sthetik.<\/span><\/li>\n<\/ul>\n<p><strong>Wusstest du, dass&#8230;<\/strong><\/p>\n<p><span style=\"font-weight: 400\">Robert Delaunay ist der Begr\u00fcnder des Orphismus, einer vom Kubismus abgeleiteten Kunstrichtung.<\/span><\/p>\n<p><span style=\"font-weight: 400\">Seine Serie <\/span><em><span style=\"font-weight: 400\">Eiffelturm <\/span><\/em><span style=\"font-weight: 400\">ist das bedeutendste Kunstwerk des ber\u00fchmten Pariser Turms.<\/span><\/p>\n<p><span style=\"font-weight: 400\"> Er war mit der in Russland geborenen Malerin Sonia Uhde-Terk verheiratet.<\/span><\/p>\n<p><span style=\"font-weight: 400\">Er malte Portr\u00e4ts von seinen Freunden, Dichtern und Musikern, in einem avantgardistischen Stil.<\/span><\/p>\n<p><span style=\"font-weight: 400\">Sein Werk hatte einen wichtigen Einfluss auf die Entwicklung der abstrakten Kunst im 20. Jahrhundert, obwohl er als Maler nicht zu den repr\u00e4sentativen K\u00fcnstlern dieses Genres geh\u00f6rt.<\/span><\/p>\n<p><span style=\"font-weight: 400\">Sein Stil hatte einen gro\u00dfen Einfluss auf die <\/span><em><span style=\"font-weight: 400\">Der Blaue Reiter<\/span><\/em><span style=\"font-weight: 400\"> (Der Blaue Reiter), eine Gruppe von Expressionisten in M\u00fcnchen.<\/span><\/p>\n<p><strong>Setze Kunstpuzzle zusammen und erlebe eine echte meditative Sitzung!<\/strong><\/p>\n<p><span style=\"font-weight: 400\">Wenn du vor einem Kunstbild aus einem 1000-teiligen Puzzle stehst, wirst du allm\u00e4hlich ruhiger und dein Geist ger\u00e4t in einen tiefen Zustand der Konzentration. Das Gef\u00fchl, das du in diesen Momenten erlebst, ist \u00e4hnlich wie bei einer Meditationssitzung. Dein Geist leert sich von all deinen m\u00fcden Gedanken und du bist mit dem gegenw\u00e4rtigen Moment verbunden, in dem du dich selbst genie\u00dft, weil du ein erstaunliches Kunstwerk zusammenstellst.<\/span><\/p>\n<p><span style=\"font-weight: 400\">Zus\u00e4tzlich zu diesem erstaunlichen Zustand wirst du auch in der Lage sein:<\/span><\/p>\n<ul>\n<li><span style=\"font-weight: 400\">Befreie dich vom Stress.<\/span><\/li>\n<li><span style=\"font-weight: 400\">\u00c4ngste bew\u00e4ltigen.<\/span><\/li>\n<li><span style=\"font-weight: 400\">Verbinde dich mit dir selbst.<\/span><\/li>\n<li><span style=\"font-weight: 400\">Verbessere deinen Schlaf und werde deine Schlaflosigkeit los.<\/span><\/li>\n<\/ul>\n<p><span style=\"font-weight: 400\">Entscheide dich f\u00fcr Robert Delaunay &#8211; Eiffelturm 1000 Teile Puzzle und hole dir dein eigenes Exemplar des Gem\u00e4ldes, das die feinen Elemente des Kubismus mit dem lebendigen Ton der Farben verbindet. Feiere deine harte Arbeit und rahme dein 1000-teiliges Puzzleteil ein. Stelle das Kunstpuzzle-Gem\u00e4lde aus und dekoriere dein Zuhause mit einem faszinierenden Gem\u00e4lde.<\/span><\/p>\n<p><span style=\"font-weight: 400\">Verschenke das Robert Delaunay &#8211; Eiffelturm Kunstpuzzle und zaubere ein L\u00e4cheln auf die Lippen deiner puzzlebegeisterten Freunde.<\/span><\/p><\/p>\n","protected":false},"excerpt":{"rendered":"<p>Willst du ein unvergessliches Erlebnis mit deinen Liebsten haben? Oder bist du auf der Suche nach einem einzigartigen Geschenk f\u00fcr<\/p>\n","protected":false},"featured_media":64297,"template":"","meta":[],"product_brand":[],"product_cat":[1916,1875,1915],"product_tag":[],"class_list":{"0":"post-38849","1":"product","2":"type-product","3":"status-publish","4":"has-post-thumbnail","6":"product_cat-1000-teile-puzzle","7":"product_cat-puzzle-de","8":"product_cat-puzzlespiele-fur-erwachsene","9":"pa_brand-deico-de","10":"pa_country_of_manufacture-ro-de","11":"pa_filter_age-14-de","12":"pa_tip_ambalaj-kasten-a4-de","13":"pa_tip_puzzle-klassisch","15":"first","16":"instock","17":"taxable","18":"shipping-taxable","19":"product-type-simple"},"yoast_head":"<!-- This site is optimized with the Yoast SEO plugin v20.1 - https:\/\/yoast.com\/wordpress\/plugins\/seo\/ -->\n<title>Puzzle f\u00fcr Erwachsene 1000 Teile Robert Delaunay Eiffelturm<\/title>\n<meta name=\"description\" content=\"Puzzle f\u00fcr Erwachsene 1000 Teile Robert Delaunay Eiffelturm\" \/>\n<meta name=\"robots\" content=\"index, follow, max-snippet:-1, max-image-preview:large, max-video-preview:-1\" \/>\n<link rel=\"canonical\" href=\"https:\/\/business.roovi.com\/de\/puzzle-fur-erwachsene-1000-teile-robert-delaunay-eiffelturm\/p\/\" \/>\n<meta property=\"og:locale\" content=\"de_DE\" \/>\n<meta property=\"og:type\" content=\"article\" \/>\n<meta property=\"og:title\" content=\"Puzzle f\u00fcr Erwachsene 1000 Teile Robert Delaunay Eiffelturm\" \/>\n<meta property=\"og:description\" content=\"Puzzle f\u00fcr Erwachsene 1000 Teile Robert Delaunay Eiffelturm\" \/>\n<meta property=\"og:url\" content=\"https:\/\/business.roovi.com\/de\/puzzle-fur-erwachsene-1000-teile-robert-delaunay-eiffelturm\/p\/\" \/>\n<meta property=\"og:site_name\" content=\"Roovi B2B\" \/>\n<meta property=\"article:publisher\" content=\"https:\/\/www.facebook.com\/wwwjucariero\" \/>\n<meta property=\"article:modified_time\" content=\"2022-07-06T11:09:16+00:00\" \/>\n<meta property=\"og:image\" content=\"https:\/\/business.roovi.com\/wp-content\/uploads\/2021\/03\/puzzle_1000_deico_games_robert_delaunay_tour_eiffel-77554.jpg\" \/>\n\t<meta property=\"og:image:width\" content=\"1000\" \/>\n\t<meta property=\"og:image:height\" content=\"1000\" \/>\n\t<meta property=\"og:image:type\" content=\"image\/jpeg\" \/>\n<meta name=\"twitter:label1\" content=\"Gesch\u00e4tzte Lesezeit\" \/>\n\t<meta name=\"twitter:data1\" content=\"3\u00a0Minuten\" \/>\n<script type=\"application\/ld+json\" class=\"yoast-schema-graph\">{\"@context\":\"https:\/\/schema.org\",\"@graph\":[{\"@type\":\"WebPage\",\"@id\":\"https:\/\/business.roovi.com\/de\/puzzle-fur-erwachsene-1000-teile-robert-delaunay-eiffelturm\/p\/\",\"url\":\"https:\/\/business.roovi.com\/de\/puzzle-fur-erwachsene-1000-teile-robert-delaunay-eiffelturm\/p\/\",\"name\":\"Puzzle f\u00fcr Erwachsene 1000 Teile Robert Delaunay Eiffelturm\",\"isPartOf\":{\"@id\":\"https:\/\/business.roovi.com\/de\/#website\"},\"datePublished\":\"2021-03-05T10:21:24+00:00\",\"dateModified\":\"2022-07-06T11:09:16+00:00\",\"description\":\"Puzzle f\u00fcr Erwachsene 1000 Teile Robert Delaunay Eiffelturm\",\"breadcrumb\":{\"@id\":\"https:\/\/business.roovi.com\/de\/puzzle-fur-erwachsene-1000-teile-robert-delaunay-eiffelturm\/p\/#breadcrumb\"},\"inLanguage\":\"de\",\"potentialAction\":[{\"@type\":\"ReadAction\",\"target\":[\"https:\/\/business.roovi.com\/de\/puzzle-fur-erwachsene-1000-teile-robert-delaunay-eiffelturm\/p\/\"]}]},{\"@type\":\"BreadcrumbList\",\"@id\":\"https:\/\/business.roovi.com\/de\/puzzle-fur-erwachsene-1000-teile-robert-delaunay-eiffelturm\/p\/#breadcrumb\",\"itemListElement\":[{\"@type\":\"ListItem\",\"position\":1,\"name\":\"Home\",\"item\":\"https:\/\/business.roovi.com\/de\/\"},{\"@type\":\"ListItem\",\"position\":2,\"name\":\"Shop\",\"item\":\"https:\/\/business.roovi.com\/de\/shop\/\"},{\"@type\":\"ListItem\",\"position\":3,\"name\":\"Puzzle f\u00fcr Erwachsene 1000 Teile Robert Delaunay Eiffelturm\"}]},{\"@type\":\"WebSite\",\"@id\":\"https:\/\/business.roovi.com\/de\/#website\",\"url\":\"https:\/\/business.roovi.com\/de\/\",\"name\":\"Roovi B2B\",\"description\":\"Roovi Business Website\",\"potentialAction\":[{\"@type\":\"SearchAction\",\"target\":{\"@type\":\"EntryPoint\",\"urlTemplate\":\"https:\/\/business.roovi.com\/de\/?s={search_term_string}\"},\"query-input\":\"required name=search_term_string\"}],\"inLanguage\":\"de\"}]}<\/script>\n<!-- \/ Yoast SEO plugin. -->","yoast_head_json":{"title":"Puzzle f\u00fcr Erwachsene 1000 Teile Robert Delaunay Eiffelturm","description":"Puzzle f\u00fcr Erwachsene 1000 Teile Robert Delaunay Eiffelturm","robots":{"index":"index","follow":"follow","max-snippet":"max-snippet:-1","max-image-preview":"max-image-preview:large","max-video-preview":"max-video-preview:-1"},"canonical":"https:\/\/business.roovi.com\/de\/puzzle-fur-erwachsene-1000-teile-robert-delaunay-eiffelturm\/p\/","og_locale":"de_DE","og_type":"article","og_title":"Puzzle f\u00fcr Erwachsene 1000 Teile Robert Delaunay Eiffelturm","og_description":"Puzzle f\u00fcr Erwachsene 1000 Teile Robert Delaunay Eiffelturm","og_url":"https:\/\/business.roovi.com\/de\/puzzle-fur-erwachsene-1000-teile-robert-delaunay-eiffelturm\/p\/","og_site_name":"Roovi B2B","article_publisher":"https:\/\/www.facebook.com\/wwwjucariero","article_modified_time":"2022-07-06T11:09:16+00:00","og_image":[{"width":1000,"height":1000,"url":"https:\/\/business.roovi.com\/wp-content\/uploads\/2021\/03\/puzzle_1000_deico_games_robert_delaunay_tour_eiffel-77554.jpg","type":"image\/jpeg"}],"twitter_misc":{"Gesch\u00e4tzte Lesezeit":"3\u00a0Minuten"},"schema":{"@context":"https:\/\/schema.org","@graph":[{"@type":"WebPage","@id":"https:\/\/business.roovi.com\/de\/puzzle-fur-erwachsene-1000-teile-robert-delaunay-eiffelturm\/p\/","url":"https:\/\/business.roovi.com\/de\/puzzle-fur-erwachsene-1000-teile-robert-delaunay-eiffelturm\/p\/","name":"Puzzle f\u00fcr Erwachsene 1000 Teile Robert Delaunay Eiffelturm","isPartOf":{"@id":"https:\/\/business.roovi.com\/de\/#website"},"datePublished":"2021-03-05T10:21:24+00:00","dateModified":"2022-07-06T11:09:16+00:00","description":"Puzzle f\u00fcr Erwachsene 1000 Teile Robert Delaunay Eiffelturm","breadcrumb":{"@id":"https:\/\/business.roovi.com\/de\/puzzle-fur-erwachsene-1000-teile-robert-delaunay-eiffelturm\/p\/#breadcrumb"},"inLanguage":"de","potentialAction":[{"@type":"ReadAction","target":["https:\/\/business.roovi.com\/de\/puzzle-fur-erwachsene-1000-teile-robert-delaunay-eiffelturm\/p\/"]}]},{"@type":"BreadcrumbList","@id":"https:\/\/business.roovi.com\/de\/puzzle-fur-erwachsene-1000-teile-robert-delaunay-eiffelturm\/p\/#breadcrumb","itemListElement":[{"@type":"ListItem","position":1,"name":"Home","item":"https:\/\/business.roovi.com\/de\/"},{"@type":"ListItem","position":2,"name":"Shop","item":"https:\/\/business.roovi.com\/de\/shop\/"},{"@type":"ListItem","position":3,"name":"Puzzle f\u00fcr Erwachsene 1000 Teile Robert Delaunay Eiffelturm"}]},{"@type":"WebSite","@id":"https:\/\/business.roovi.com\/de\/#website","url":"https:\/\/business.roovi.com\/de\/","name":"Roovi B2B","description":"Roovi Business Website","potentialAction":[{"@type":"SearchAction","target":{"@type":"EntryPoint","urlTemplate":"https:\/\/business.roovi.com\/de\/?s={search_term_string}"},"query-input":"required name=search_term_string"}],"inLanguage":"de"}]}},"_links":{"self":[{"href":"https:\/\/business.roovi.com\/de\/wp-json\/wp\/v2\/product\/38849","targetHints":{"allow":["GET"]}}],"collection":[{"href":"https:\/\/business.roovi.com\/de\/wp-json\/wp\/v2\/product"}],"about":[{"href":"https:\/\/business.roovi.com\/de\/wp-json\/wp\/v2\/types\/product"}],"version-history":[{"count":0,"href":"https:\/\/business.roovi.com\/de\/wp-json\/wp\/v2\/product\/38849\/revisions"}],"wp:featuredmedia":[{"embeddable":true,"href":"https:\/\/business.roovi.com\/de\/wp-json\/wp\/v2\/media\/64297"}],"wp:attachment":[{"href":"https:\/\/business.roovi.com\/de\/wp-json\/wp\/v2\/media?parent=38849"}],"wp:term":[{"taxonomy":"product_brand","embeddable":true,"href":"https:\/\/business.roovi.com\/de\/wp-json\/wp\/v2\/product_brand?post=38849"},{"taxonomy":"product_cat","embeddable":true,"href":"https:\/\/business.roovi.com\/de\/wp-json\/wp\/v2\/product_cat?post=38849"},{"taxonomy":"product_tag","embeddable":true,"href":"https:\/\/business.roovi.com\/de\/wp-json\/wp\/v2\/product_tag?post=38849"}],"curies":[{"name":"wp","href":"https:\/\/api.w.org\/{rel}","templated":true}]}}