{"id":38864,"date":"2021-03-05T10:15:27","date_gmt":"2021-03-05T10:15:27","guid":{"rendered":"https:\/\/business.roovi.com\/puzzle-adulti-1000-piese-vintage-map-british-empire\/p\/"},"modified":"2022-07-06T11:14:05","modified_gmt":"2022-07-06T11:14:05","slug":"vintage-map-1000-teile-puzzle-fur-erwachsene-british-empire","status":"publish","type":"product","link":"https:\/\/business.roovi.com\/de\/vintage-map-1000-teile-puzzle-fur-erwachsene-british-empire\/p\/","title":{"rendered":"Vintage Map 1000 Teile Puzzle f\u00fcr Erwachsene &#8211; British Empire"},"content":{"rendered":"<p><span style=\"font-weight: 400\">Bist du ein R\u00e4tselfreund und gleichzeitig ein Liebhaber von Vintage-Kunst? Das 1000-teilige Puzzle Vintage Map &#8211; British Empire ist eine Herausforderung, zu der du unbedingt JA sagen musst! <\/span><\/p>\n<p><span style=\"font-weight: 400\">Zu Beginn des 19. Jahrhunderts besa\u00df das britische Empire 20% der Weltfl\u00e4che. Das 1000-teilige Vintage Map Puzzle stellt die Karte des pr\u00e4chtigen Reiches dar. Die Karte zeigt Informationen \u00fcber das geografische Gebiet, die Bev\u00f6lkerung und den Handel der beherrschten Gebiete.<\/span><\/p>\n<p><span style=\"font-weight: 400\">Das 1000-teilige Puzzle Vintage Map &#8211; British Empire ist eine atemberaubende Reproduktion der Karte, die mit viel Liebe zum Detail erstellt wurde und ein Design aufweist, das die au\u00dfergew\u00f6hnlichen Errungenschaften des britischen Empire im 19.<\/span><\/p>\n<p><span style=\"font-weight: 400\">Das Nachstellen dieses alten Bildes ist eine \u00dcbung in Geduld und Fantasie. Vintage Map &#8211; British Empire 1000 Piece Puzzle nimmt dich mit auf eine Reise in die Vergangenheit und zeigt dir die Geschichte eines der gr\u00f6\u00dften Reiche der Welt.<\/span><\/p>\n<p><span style=\"font-weight: 400\">Wir laden dich also ein, deine Puzzle-F\u00e4higkeiten unter Beweis zu stellen und auf ein imagin\u00e4res Abenteuer zu gehen, bei dem du die Welt mit diesem tollen Puzzle-Spiel erkundest.<\/span><\/p>\n<p><span style=\"font-weight: 400\">Mit 1000 Teilen Vintage Map &#8211; British Empire Puzzle:<\/span><\/p>\n<p><strong>Gr\u00f6\u00dfe des rekonstruierten Bildes: 50 x 70 cm.<\/strong><\/p>\n<p><strong>Puzzle-Material <\/strong><\/p>\n<p><strong>hochwertiger blauer Karton<\/strong><\/p>\n<p><strong>nachhaltige, recycelbare Materialien<\/strong><\/p>\n<p><strong>halbgl\u00e4nzende Oberfl\u00e4che, leuchtende Farben<\/strong><\/p>\n<p><strong>Anzahl der Puzzleteile: 1000<\/strong><\/p>\n<p><strong>Empfohlenes Alter: 14+<\/strong><\/p>\n<p><span style=\"font-weight: 400\">Puzzlespiele sind ein hervorragender Anreiz f\u00fcr das Kurzzeitged\u00e4chtnis, die Aufmerksamkeitsspanne und die Aufmerksamkeit f\u00fcr Details. Au\u00dferdem helfen sie dir, F\u00e4higkeiten zu entwickeln wie:<\/span><\/p>\n<ul>\n<li><span style=\"font-weight: 400\">Feinmotorische F\u00e4higkeiten<\/span><\/li>\n<li><span style=\"font-weight: 400\">Hand-Augen-Koordination<\/span><\/li>\n<li><span style=\"font-weight: 400\">Logisches Denken<\/span><\/li>\n<li><span style=\"font-weight: 400\">Probleml\u00f6sungsf\u00e4higkeiten.<\/span><\/li>\n<\/ul>\n<p><strong>Warum ist das 1000 Teile Puzzle Vintage Map &#8211; British Empire so besonders?<\/strong><\/p>\n<p><span style=\"font-weight: 400\">Es ist eine gute Gelegenheit, sich zu entspannen und abzuschalten.<\/span><\/p>\n<p><span style=\"font-weight: 400\">Es bringt dich aus deiner t\u00e4glichen Routine und Komfortzone heraus und gibt dir stattdessen ein Gef\u00fchl des Wohlbefindens <\/span><\/p>\n<p><span style=\"font-weight: 400\">Du hast die M\u00f6glichkeit, ein atemberaubendes Gem\u00e4lde zu erstellen, das du in deinem B\u00fcro oder an einem anderen Ort aufh\u00e4ngen kannst, den du auf einzigartige Weise personalisieren m\u00f6chtest.<\/span><\/p>\n<p><span style=\"font-weight: 400\">Es gibt dir das Gef\u00fchl, ein echter Entdecker zu sein, der mit jedem richtigen Teil einen Schritt n\u00e4her an der Entdeckung eines neuen Reiches ist.<\/span><\/p>\n<p><span style=\"font-weight: 400\">Es kann eine Gelegenheit sein, Teenager in die Welt der Kunst einzuf\u00fchren.<\/span><\/p>\n<p><span style=\"font-weight: 400\">Es ist eine gute Ausrede, um mit Freunden etwas zu unternehmen und zu genie\u00dfen.<\/span><\/p>\n<p><strong>Wusstest du, dass&#8230;?<\/strong><\/p>\n<p><span style=\"font-weight: 400\">Das britische Empire wurde im 19. Jahrhundert zum gr\u00f6\u00dften der Geschichte.<\/span><\/p>\n<p><span style=\"font-weight: 400\">Die Karte von 1886 stand im Zeichen des Jubil\u00e4ums von K\u00f6nigin Victoria und der Ausdehnung des Kaiserreichs.<\/span><\/p>\n<p><span style=\"font-weight: 400\">Auf den Kartenr\u00e4ndern sind Figuren in der traditionellen Kleidung der kolonisierten Regionen abgebildet.<\/span><\/p>\n<p><span style=\"font-weight: 400\">Viele L\u00e4nder lassen sich an der Vielfalt der Tiere und kost\u00fcmierten Figuren erkennen. Indien wird zum Beispiel durch einen Elefanten und einen Tiger repr\u00e4sentiert und Australien durch ein K\u00e4nguru und ein Schaf.<\/span><\/p>\n<p><span style=\"font-weight: 400\">Die Worte an der Spitze, &#8222;Freiheit, Br\u00fcderlichkeit, F\u00f6deration&#8220;, wurden als friedliche Koexistenz innerhalb des Reiches interpretiert.<\/span><\/p>\n<p><strong>Vintage Map 1000 Piece Puzzle &#8211; British Empire &#8211; eine Pause vom digitalen Leben<\/strong><\/p>\n<p><span style=\"font-weight: 400\">Stundenlanges Sitzen vor Bildschirmen erm\u00fcdet die Augen und den Geist. Mach eine Pause vom digitalen Leben mit dem 1000-teiligen Puzzle &#8211; British Empire Map. Deine Augen werden es dir danken, dass du dich stundenlang vom blauen Licht fernh\u00e4ltst, und dein Geist wird sich entspannen und sich von den Tausenden von Informationen l\u00f6sen, die ihn st\u00e4ndig \u00fcberfluten.<\/span><\/p>\n<p><span style=\"font-weight: 400\">Um den Spa\u00df noch spannender zu machen, kannst du die Kinder auch in das Puzzlespiel einbeziehen. Wie lange dauerte das britische Empire? Was war die letzte gro\u00dfe kolonialisierte Region? Und es gibt noch viele weitere Informationen, die du w\u00e4hrend des Puzzlespiels pr\u00e4sentieren kannst, um es interaktiver zu gestalten, sodass das 1000-Teile-Puzzle zu einer lustigen und lehrreichen Aktivit\u00e4t wird.<\/span><\/p>\n<p><span style=\"font-weight: 400\">Vintage Map &#8211; British Empire 1000 Teile Puzzle bietet dir kreatives Vergn\u00fcgen und entspannenden Spa\u00df. W\u00e4hle dieses wundersch\u00f6n gestaltete Puzzlespiel und genie\u00dfe all seine Vorteile. Das Vintage Map &#8211; British Empire Puzzle f\u00fcr Erwachsene ist auch ein tolles Geschenk zum Jahrestag oder zu Feiertagen.<\/span><\/p><\/p>\n","protected":false},"excerpt":{"rendered":"<p>Bist du ein R\u00e4tselfreund und gleichzeitig ein Liebhaber von Vintage-Kunst? Das 1000-teilige Puzzle Vintage Map &#8211; British Empire ist eine<\/p>\n","protected":false},"featured_media":48551,"template":"","meta":[],"product_brand":[],"product_cat":[1916,1875,1915],"product_tag":[],"class_list":{"0":"post-38864","1":"product","2":"type-product","3":"status-publish","4":"has-post-thumbnail","6":"product_cat-1000-teile-puzzle","7":"product_cat-puzzle-de","8":"product_cat-puzzlespiele-fur-erwachsene","9":"pa_brand-deico-de","10":"pa_country_of_manufacture-ro-de","11":"pa_filter_age-14-de","12":"pa_painter-cartooncollection-de","13":"pa_tip_ambalaj-kasten-a4-de","14":"pa_tip_puzzle-klassisch","16":"first","17":"instock","18":"taxable","19":"shipping-taxable","20":"product-type-simple"},"yoast_head":"<!-- This site is optimized with the Yoast SEO plugin v20.1 - https:\/\/yoast.com\/wordpress\/plugins\/seo\/ -->\n<title>Vintage Map 1000 Teile Puzzle f\u00fcr Erwachsene - British Empire<\/title>\n<meta name=\"description\" content=\"Vintage Map 1000 Teile Puzzle f\u00fcr Erwachsene - British Empire\" \/>\n<meta name=\"robots\" content=\"index, follow, max-snippet:-1, max-image-preview:large, max-video-preview:-1\" \/>\n<link rel=\"canonical\" href=\"https:\/\/business.roovi.com\/de\/vintage-map-1000-teile-puzzle-fur-erwachsene-british-empire\/p\/\" \/>\n<meta property=\"og:locale\" content=\"de_DE\" \/>\n<meta property=\"og:type\" content=\"article\" \/>\n<meta property=\"og:title\" content=\"Vintage Map 1000 Teile Puzzle f\u00fcr Erwachsene - British Empire\" \/>\n<meta property=\"og:description\" content=\"Vintage Map 1000 Teile Puzzle f\u00fcr Erwachsene - British Empire\" \/>\n<meta property=\"og:url\" content=\"https:\/\/business.roovi.com\/de\/vintage-map-1000-teile-puzzle-fur-erwachsene-british-empire\/p\/\" \/>\n<meta property=\"og:site_name\" content=\"Roovi B2B\" \/>\n<meta property=\"article:publisher\" content=\"https:\/\/www.facebook.com\/wwwjucariero\" \/>\n<meta property=\"article:modified_time\" content=\"2022-07-06T11:14:05+00:00\" \/>\n<meta property=\"og:image\" content=\"https:\/\/business.roovi.com\/wp-content\/uploads\/2021\/03\/puzzle_1000_deico_games_vintage_map-77561.jpg\" \/>\n\t<meta property=\"og:image:width\" content=\"1000\" \/>\n\t<meta property=\"og:image:height\" content=\"1000\" \/>\n\t<meta property=\"og:image:type\" content=\"image\/jpeg\" \/>\n<meta name=\"twitter:label1\" content=\"Gesch\u00e4tzte Lesezeit\" \/>\n\t<meta name=\"twitter:data1\" content=\"3\u00a0Minuten\" \/>\n<script type=\"application\/ld+json\" class=\"yoast-schema-graph\">{\"@context\":\"https:\/\/schema.org\",\"@graph\":[{\"@type\":\"WebPage\",\"@id\":\"https:\/\/business.roovi.com\/de\/vintage-map-1000-teile-puzzle-fur-erwachsene-british-empire\/p\/\",\"url\":\"https:\/\/business.roovi.com\/de\/vintage-map-1000-teile-puzzle-fur-erwachsene-british-empire\/p\/\",\"name\":\"Vintage Map 1000 Teile Puzzle f\u00fcr Erwachsene - British Empire\",\"isPartOf\":{\"@id\":\"https:\/\/business.roovi.com\/de\/#website\"},\"datePublished\":\"2021-03-05T10:15:27+00:00\",\"dateModified\":\"2022-07-06T11:14:05+00:00\",\"description\":\"Vintage Map 1000 Teile Puzzle f\u00fcr Erwachsene - British Empire\",\"breadcrumb\":{\"@id\":\"https:\/\/business.roovi.com\/de\/vintage-map-1000-teile-puzzle-fur-erwachsene-british-empire\/p\/#breadcrumb\"},\"inLanguage\":\"de\",\"potentialAction\":[{\"@type\":\"ReadAction\",\"target\":[\"https:\/\/business.roovi.com\/de\/vintage-map-1000-teile-puzzle-fur-erwachsene-british-empire\/p\/\"]}]},{\"@type\":\"BreadcrumbList\",\"@id\":\"https:\/\/business.roovi.com\/de\/vintage-map-1000-teile-puzzle-fur-erwachsene-british-empire\/p\/#breadcrumb\",\"itemListElement\":[{\"@type\":\"ListItem\",\"position\":1,\"name\":\"Home\",\"item\":\"https:\/\/business.roovi.com\/de\/\"},{\"@type\":\"ListItem\",\"position\":2,\"name\":\"Shop\",\"item\":\"https:\/\/business.roovi.com\/de\/shop\/\"},{\"@type\":\"ListItem\",\"position\":3,\"name\":\"Vintage Map 1000 Teile Puzzle f\u00fcr Erwachsene &#8211; British Empire\"}]},{\"@type\":\"WebSite\",\"@id\":\"https:\/\/business.roovi.com\/de\/#website\",\"url\":\"https:\/\/business.roovi.com\/de\/\",\"name\":\"Roovi B2B\",\"description\":\"Roovi Business Website\",\"potentialAction\":[{\"@type\":\"SearchAction\",\"target\":{\"@type\":\"EntryPoint\",\"urlTemplate\":\"https:\/\/business.roovi.com\/de\/?s={search_term_string}\"},\"query-input\":\"required name=search_term_string\"}],\"inLanguage\":\"de\"}]}<\/script>\n<!-- \/ Yoast SEO plugin. -->","yoast_head_json":{"title":"Vintage Map 1000 Teile Puzzle f\u00fcr Erwachsene - British Empire","description":"Vintage Map 1000 Teile Puzzle f\u00fcr Erwachsene - British Empire","robots":{"index":"index","follow":"follow","max-snippet":"max-snippet:-1","max-image-preview":"max-image-preview:large","max-video-preview":"max-video-preview:-1"},"canonical":"https:\/\/business.roovi.com\/de\/vintage-map-1000-teile-puzzle-fur-erwachsene-british-empire\/p\/","og_locale":"de_DE","og_type":"article","og_title":"Vintage Map 1000 Teile Puzzle f\u00fcr Erwachsene - British Empire","og_description":"Vintage Map 1000 Teile Puzzle f\u00fcr Erwachsene - British Empire","og_url":"https:\/\/business.roovi.com\/de\/vintage-map-1000-teile-puzzle-fur-erwachsene-british-empire\/p\/","og_site_name":"Roovi B2B","article_publisher":"https:\/\/www.facebook.com\/wwwjucariero","article_modified_time":"2022-07-06T11:14:05+00:00","og_image":[{"width":1000,"height":1000,"url":"https:\/\/business.roovi.com\/wp-content\/uploads\/2021\/03\/puzzle_1000_deico_games_vintage_map-77561.jpg","type":"image\/jpeg"}],"twitter_misc":{"Gesch\u00e4tzte Lesezeit":"3\u00a0Minuten"},"schema":{"@context":"https:\/\/schema.org","@graph":[{"@type":"WebPage","@id":"https:\/\/business.roovi.com\/de\/vintage-map-1000-teile-puzzle-fur-erwachsene-british-empire\/p\/","url":"https:\/\/business.roovi.com\/de\/vintage-map-1000-teile-puzzle-fur-erwachsene-british-empire\/p\/","name":"Vintage Map 1000 Teile Puzzle f\u00fcr Erwachsene - British Empire","isPartOf":{"@id":"https:\/\/business.roovi.com\/de\/#website"},"datePublished":"2021-03-05T10:15:27+00:00","dateModified":"2022-07-06T11:14:05+00:00","description":"Vintage Map 1000 Teile Puzzle f\u00fcr Erwachsene - British Empire","breadcrumb":{"@id":"https:\/\/business.roovi.com\/de\/vintage-map-1000-teile-puzzle-fur-erwachsene-british-empire\/p\/#breadcrumb"},"inLanguage":"de","potentialAction":[{"@type":"ReadAction","target":["https:\/\/business.roovi.com\/de\/vintage-map-1000-teile-puzzle-fur-erwachsene-british-empire\/p\/"]}]},{"@type":"BreadcrumbList","@id":"https:\/\/business.roovi.com\/de\/vintage-map-1000-teile-puzzle-fur-erwachsene-british-empire\/p\/#breadcrumb","itemListElement":[{"@type":"ListItem","position":1,"name":"Home","item":"https:\/\/business.roovi.com\/de\/"},{"@type":"ListItem","position":2,"name":"Shop","item":"https:\/\/business.roovi.com\/de\/shop\/"},{"@type":"ListItem","position":3,"name":"Vintage Map 1000 Teile Puzzle f\u00fcr Erwachsene &#8211; British Empire"}]},{"@type":"WebSite","@id":"https:\/\/business.roovi.com\/de\/#website","url":"https:\/\/business.roovi.com\/de\/","name":"Roovi B2B","description":"Roovi Business Website","potentialAction":[{"@type":"SearchAction","target":{"@type":"EntryPoint","urlTemplate":"https:\/\/business.roovi.com\/de\/?s={search_term_string}"},"query-input":"required name=search_term_string"}],"inLanguage":"de"}]}},"_links":{"self":[{"href":"https:\/\/business.roovi.com\/de\/wp-json\/wp\/v2\/product\/38864","targetHints":{"allow":["GET"]}}],"collection":[{"href":"https:\/\/business.roovi.com\/de\/wp-json\/wp\/v2\/product"}],"about":[{"href":"https:\/\/business.roovi.com\/de\/wp-json\/wp\/v2\/types\/product"}],"version-history":[{"count":0,"href":"https:\/\/business.roovi.com\/de\/wp-json\/wp\/v2\/product\/38864\/revisions"}],"wp:featuredmedia":[{"embeddable":true,"href":"https:\/\/business.roovi.com\/de\/wp-json\/wp\/v2\/media\/48551"}],"wp:attachment":[{"href":"https:\/\/business.roovi.com\/de\/wp-json\/wp\/v2\/media?parent=38864"}],"wp:term":[{"taxonomy":"product_brand","embeddable":true,"href":"https:\/\/business.roovi.com\/de\/wp-json\/wp\/v2\/product_brand?post=38864"},{"taxonomy":"product_cat","embeddable":true,"href":"https:\/\/business.roovi.com\/de\/wp-json\/wp\/v2\/product_cat?post=38864"},{"taxonomy":"product_tag","embeddable":true,"href":"https:\/\/business.roovi.com\/de\/wp-json\/wp\/v2\/product_tag?post=38864"}],"curies":[{"name":"wp","href":"https:\/\/api.w.org\/{rel}","templated":true}]}}