{"id":38868,"date":"2021-03-05T10:04:53","date_gmt":"2021-03-05T10:04:53","guid":{"rendered":"https:\/\/business.roovi.com\/puzzle-adulti-1000-piese-groos-zselyke-frida-kahlo\/p\/"},"modified":"2022-10-18T08:46:37","modified_gmt":"2022-10-18T08:46:37","slug":"groos-zselyke-1000-teile-erwachsenenpuzzle-frida-kahlo","status":"publish","type":"product","link":"https:\/\/business.roovi.com\/de\/groos-zselyke-1000-teile-erwachsenenpuzzle-frida-kahlo\/p\/","title":{"rendered":"Groos Zselyke 1000 Teile Erwachsenenpuzzle &#8211; Frida Kahlo"},"content":{"rendered":"<p><span style=\"font-weight: 400;\">Hast du dir jemals vorgestellt, was die gro\u00dfen K\u00fcnstler der Welt dazu inspiriert hat, unsterbliche Meisterwerke zu schaffen? Wenn du Kunst liebst oder einfach nur eine Herausforderung suchst, um deine Puzzle-F\u00e4higkeiten unter Beweis zu stellen, haben wir eine tolle Empfehlung f\u00fcr dich: das 1000-teilige Puzzle Groos Zselyke &#8211; Frida Kahlo.<\/span><\/p>\n<p><span style=\"font-weight: 400;\">Entdecke das Portr\u00e4t des ber\u00fchmten K\u00fcnstlers im Bild dieses erstaunlichen Puzzles f\u00fcr Erwachsene in einer originellen Interpretation durch einen zeitgen\u00f6ssischen K\u00fcnstler <\/span><\/p>\n<p><span style=\"font-weight: 400;\">Dieses Kunstpuzzle zeigt in leuchtenden Farben das Bild einer der ber\u00fchmtesten Frauenfiguren des 20. Mit einer Lebensgeschichte, die so faszinierend ist wie ihre Kunst, hat Frida Kahlo ihre Wunden und Behinderungen immer wieder gemalt <\/span><\/p>\n<p><span style=\"font-weight: 400;\">Mit 18 Jahren erlitt sie einen schrecklichen Unfall, der ihr Leben pr\u00e4gen sollte. Um ihren verst\u00fcmmelten K\u00f6rper zu reparieren, unterzog sie sich 35 Operationen und lebte ihr Leben lang mit chronischen Schmerzen.<\/span><\/p>\n<p><span style=\"font-weight: 400;\">Ihr Stil verbindet Surrealismus mit indigenen Traditionen und ihre Arbeit wird als repr\u00e4sentativ f\u00fcr die mexikanische Nationalkultur angesehen. Sie fertigte viele Selbstportr\u00e4ts an, weil sie ihrer Meinung nach das Thema am besten kannte <\/span><\/p>\n<p><span style=\"font-weight: 400;\">Groos Zselyke &#8211; Frida Kahlo 1000 Teile Puzzle gibt dir die M\u00f6glichkeit, dein eigenes Portr\u00e4t der ber\u00fchmten K\u00fcnstlerin zu erstellen. Die leuchtenden Farben des Bildes verleihen deinem 1000-teiligen Puzzlebild einen raffinierten Touch.<\/span><\/p>\n<p><span style=\"font-weight: 400;\">Mit dem Kunstr\u00e4tsel Groos Zselyke &#8211; Frida Kahlo:<\/span><\/p>\n<p><strong>Puzzle-Material <\/strong><\/p>\n<p><strong>hochwertiger blauer Karton<\/strong><\/p>\n<p><strong>nachhaltige, recycelbare Materialien<\/strong><\/p>\n<p><strong>halbgl\u00e4nzende Oberfl\u00e4che, leuchtende Farben<\/strong><\/p>\n<p><strong>Anzahl der Puzzleteile: 1000<\/strong><\/p>\n<p><strong>Empfohlenes Alter: 14+<\/strong><\/p>\n<p><span style=\"font-weight: 400;\">Warum ein Kunstpuzzle f\u00fcr langweilige Momente w\u00e4hlen?<\/span><\/p>\n<ul>\n<li><span style=\"font-weight: 400;\">Es stellt dich vor die Herausforderung, ein besonderes Dekorationsobjekt herzustellen.<\/span><\/li>\n<li><span style=\"font-weight: 400;\">Es entwickelt deinen k\u00fcnstlerischen Sinn.<\/span><\/li>\n<li><span style=\"font-weight: 400;\">Es er\u00f6ffnet dir das Wissen \u00fcber gro\u00dfe Kunstwerke und ber\u00fchmte Maler.<\/span><\/li>\n<li><span style=\"font-weight: 400;\">Es hilft dir, dich auf die Ziele zu konzentrieren, die du dir gesetzt hast, und sie zu erreichen.<\/span><\/li>\n<li><span style=\"font-weight: 400;\">Es entwickelt deine Ausdauer.<\/span><\/li>\n<li><span style=\"font-weight: 400;\">Es trainiert deine Konzentrationsf\u00e4higkeit.<\/span><\/li>\n<\/ul>\n<p><strong>Wusstest du, dass&#8230;?<\/strong><\/p>\n<p><span style=\"font-weight: 400;\">Frida Kahlo tr\u00e4umte davon, \u00c4rztin zu werden <\/span><\/p>\n<p><span style=\"font-weight: 400;\">Ihre Leidenschaft f\u00fcr die Kunst entwickelte sie, indem sie ihrem Vater in seinem Fotostudio half.<\/span><\/p>\n<p><span style=\"font-weight: 400;\">Als sie 6 Jahre alt war, erkrankte sie an Polio, einer Krankheit, die sie humpeln lie\u00df und sie von den anderen Kindern in der Schule isolierte.<\/span><\/p>\n<p><span style=\"font-weight: 400;\">Sie f\u00fchrte eine turbulente Ehe mit dem ber\u00fchmten mexikanischen Maler Diego Rivera. Das Paar wurde &#8222;Der Elefant und die Taube&#8220; genannt.<\/span><\/p>\n<p><span style=\"font-weight: 400;\">Zu ihrer ersten und einzigen Einzelausstellung kam sie mit dem Krankenwagen. Sie war schwerkrank, aber sie genoss ihre eigene \u00d6ffnung auf einem eigens f\u00fcr sie aufgestellten Bett.<\/span><\/p>\n<p><span style=\"font-weight: 400;\">Sie starb im Alter von nur 47 Jahren <\/span><\/p>\n<p><strong>Kunstr\u00e4tsel helfen dir, mit dir selbst im Reinen zu sein<\/strong><\/p>\n<p><span style=\"font-weight: 400;\">Jede Aktivit\u00e4t, die dir Freude bereitet, hat die Wirkung einer Meditationssitzung. Das Zusammensetzen von Puzzlespielen ist keine Ausnahme von dieser Regel. Wenn du das innere Gleichgewicht erreichen willst, das f\u00fcr ein erf\u00fclltes Leben so wichtig ist, dann gib dich deiner Leidenschaft hin, tolle Kunstpuzzle-Bilder zusammenzustellen.<\/span><\/p>\n<p><span style=\"font-weight: 400;\">Frida Kahlo ist ein Symbol f\u00fcr Beharrlichkeit und den Mut einer starken Frau, die es wagte, ihrem Traum zu folgen. Wenn du m\u00f6chtest, dass ihr durchdringender Blick dich in schwierigen Momenten inspiriert, dann w\u00e4hle dieses 1000-teilige Groos Zselyke &#8211; Frida Kahlo Puzzle aus unserer Kunstpuzzle-Kollektion.<\/span><\/p>\n<p><span style=\"font-weight: 400;\">Du suchst nach Geschenkideen f\u00fcr deine Liebsten? Kaufe das Frida Kahlo Kunstpuzzle und mache deinen puzzlebegeisterten Freunden eine Freude.<\/span><\/p>\n","protected":false},"excerpt":{"rendered":"<p>Hast du dir jemals vorgestellt, was die gro\u00dfen K\u00fcnstler der Welt dazu inspiriert hat, unsterbliche Meisterwerke zu schaffen? Wenn du<\/p>\n","protected":false},"featured_media":48549,"template":"","meta":[],"product_brand":[],"product_cat":[1916,1875,1915],"product_tag":[],"class_list":{"0":"post-38868","1":"product","2":"type-product","3":"status-publish","4":"has-post-thumbnail","6":"product_cat-1000-teile-puzzle","7":"product_cat-puzzle-de","8":"product_cat-puzzlespiele-fur-erwachsene","9":"pa_brand-d_toys-de","10":"pa_country_of_manufacture-ro-de","11":"pa_filter_age-14-de","12":"pa_tip_ambalaj-kasten-a4-de","13":"pa_tip_puzzle-klassisch","15":"first","16":"instock","17":"taxable","18":"shipping-taxable","19":"product-type-simple"},"yoast_head":"<!-- This site is optimized with the Yoast SEO plugin v20.1 - https:\/\/yoast.com\/wordpress\/plugins\/seo\/ -->\n<title>Groos Zselyke 1000 Teile Erwachsenenpuzzle - Frida Kahlo<\/title>\n<meta name=\"description\" content=\"Groos Zselyke 1000 Teile Erwachsenenpuzzle - Frida Kahlo\" \/>\n<meta name=\"robots\" content=\"index, follow, max-snippet:-1, max-image-preview:large, max-video-preview:-1\" \/>\n<link rel=\"canonical\" href=\"https:\/\/business.roovi.com\/de\/groos-zselyke-1000-teile-erwachsenenpuzzle-frida-kahlo\/p\/\" \/>\n<meta property=\"og:locale\" content=\"de_DE\" \/>\n<meta property=\"og:type\" content=\"article\" \/>\n<meta property=\"og:title\" content=\"Groos Zselyke 1000 Teile Erwachsenenpuzzle - Frida Kahlo\" \/>\n<meta property=\"og:description\" content=\"Groos Zselyke 1000 Teile Erwachsenenpuzzle - Frida Kahlo\" \/>\n<meta property=\"og:url\" content=\"https:\/\/business.roovi.com\/de\/groos-zselyke-1000-teile-erwachsenenpuzzle-frida-kahlo\/p\/\" \/>\n<meta property=\"og:site_name\" content=\"Roovi B2B\" \/>\n<meta property=\"article:publisher\" content=\"https:\/\/www.facebook.com\/wwwjucariero\" \/>\n<meta property=\"article:modified_time\" content=\"2022-10-18T08:46:37+00:00\" \/>\n<meta property=\"og:image\" content=\"https:\/\/business.roovi.com\/wp-content\/uploads\/2021\/03\/puzzle_1000_d-toys_frida_khalo-77592.jpg\" \/>\n\t<meta property=\"og:image:width\" content=\"1000\" \/>\n\t<meta property=\"og:image:height\" content=\"1000\" \/>\n\t<meta property=\"og:image:type\" content=\"image\/jpeg\" \/>\n<meta name=\"twitter:label1\" content=\"Gesch\u00e4tzte Lesezeit\" \/>\n\t<meta name=\"twitter:data1\" content=\"3\u00a0Minuten\" \/>\n<script type=\"application\/ld+json\" class=\"yoast-schema-graph\">{\"@context\":\"https:\/\/schema.org\",\"@graph\":[{\"@type\":\"WebPage\",\"@id\":\"https:\/\/business.roovi.com\/de\/groos-zselyke-1000-teile-erwachsenenpuzzle-frida-kahlo\/p\/\",\"url\":\"https:\/\/business.roovi.com\/de\/groos-zselyke-1000-teile-erwachsenenpuzzle-frida-kahlo\/p\/\",\"name\":\"Groos Zselyke 1000 Teile Erwachsenenpuzzle - Frida Kahlo\",\"isPartOf\":{\"@id\":\"https:\/\/business.roovi.com\/de\/#website\"},\"datePublished\":\"2021-03-05T10:04:53+00:00\",\"dateModified\":\"2022-10-18T08:46:37+00:00\",\"description\":\"Groos Zselyke 1000 Teile Erwachsenenpuzzle - Frida Kahlo\",\"breadcrumb\":{\"@id\":\"https:\/\/business.roovi.com\/de\/groos-zselyke-1000-teile-erwachsenenpuzzle-frida-kahlo\/p\/#breadcrumb\"},\"inLanguage\":\"de\",\"potentialAction\":[{\"@type\":\"ReadAction\",\"target\":[\"https:\/\/business.roovi.com\/de\/groos-zselyke-1000-teile-erwachsenenpuzzle-frida-kahlo\/p\/\"]}]},{\"@type\":\"BreadcrumbList\",\"@id\":\"https:\/\/business.roovi.com\/de\/groos-zselyke-1000-teile-erwachsenenpuzzle-frida-kahlo\/p\/#breadcrumb\",\"itemListElement\":[{\"@type\":\"ListItem\",\"position\":1,\"name\":\"Home\",\"item\":\"https:\/\/business.roovi.com\/de\/\"},{\"@type\":\"ListItem\",\"position\":2,\"name\":\"Shop\",\"item\":\"https:\/\/business.roovi.com\/de\/shop\/\"},{\"@type\":\"ListItem\",\"position\":3,\"name\":\"Groos Zselyke 1000 Teile Erwachsenenpuzzle &#8211; Frida Kahlo\"}]},{\"@type\":\"WebSite\",\"@id\":\"https:\/\/business.roovi.com\/de\/#website\",\"url\":\"https:\/\/business.roovi.com\/de\/\",\"name\":\"Roovi B2B\",\"description\":\"Roovi Business Website\",\"potentialAction\":[{\"@type\":\"SearchAction\",\"target\":{\"@type\":\"EntryPoint\",\"urlTemplate\":\"https:\/\/business.roovi.com\/de\/?s={search_term_string}\"},\"query-input\":\"required name=search_term_string\"}],\"inLanguage\":\"de\"}]}<\/script>\n<!-- \/ Yoast SEO plugin. -->","yoast_head_json":{"title":"Groos Zselyke 1000 Teile Erwachsenenpuzzle - Frida Kahlo","description":"Groos Zselyke 1000 Teile Erwachsenenpuzzle - Frida Kahlo","robots":{"index":"index","follow":"follow","max-snippet":"max-snippet:-1","max-image-preview":"max-image-preview:large","max-video-preview":"max-video-preview:-1"},"canonical":"https:\/\/business.roovi.com\/de\/groos-zselyke-1000-teile-erwachsenenpuzzle-frida-kahlo\/p\/","og_locale":"de_DE","og_type":"article","og_title":"Groos Zselyke 1000 Teile Erwachsenenpuzzle - Frida Kahlo","og_description":"Groos Zselyke 1000 Teile Erwachsenenpuzzle - Frida Kahlo","og_url":"https:\/\/business.roovi.com\/de\/groos-zselyke-1000-teile-erwachsenenpuzzle-frida-kahlo\/p\/","og_site_name":"Roovi B2B","article_publisher":"https:\/\/www.facebook.com\/wwwjucariero","article_modified_time":"2022-10-18T08:46:37+00:00","og_image":[{"width":1000,"height":1000,"url":"https:\/\/business.roovi.com\/wp-content\/uploads\/2021\/03\/puzzle_1000_d-toys_frida_khalo-77592.jpg","type":"image\/jpeg"}],"twitter_misc":{"Gesch\u00e4tzte Lesezeit":"3\u00a0Minuten"},"schema":{"@context":"https:\/\/schema.org","@graph":[{"@type":"WebPage","@id":"https:\/\/business.roovi.com\/de\/groos-zselyke-1000-teile-erwachsenenpuzzle-frida-kahlo\/p\/","url":"https:\/\/business.roovi.com\/de\/groos-zselyke-1000-teile-erwachsenenpuzzle-frida-kahlo\/p\/","name":"Groos Zselyke 1000 Teile Erwachsenenpuzzle - Frida Kahlo","isPartOf":{"@id":"https:\/\/business.roovi.com\/de\/#website"},"datePublished":"2021-03-05T10:04:53+00:00","dateModified":"2022-10-18T08:46:37+00:00","description":"Groos Zselyke 1000 Teile Erwachsenenpuzzle - Frida Kahlo","breadcrumb":{"@id":"https:\/\/business.roovi.com\/de\/groos-zselyke-1000-teile-erwachsenenpuzzle-frida-kahlo\/p\/#breadcrumb"},"inLanguage":"de","potentialAction":[{"@type":"ReadAction","target":["https:\/\/business.roovi.com\/de\/groos-zselyke-1000-teile-erwachsenenpuzzle-frida-kahlo\/p\/"]}]},{"@type":"BreadcrumbList","@id":"https:\/\/business.roovi.com\/de\/groos-zselyke-1000-teile-erwachsenenpuzzle-frida-kahlo\/p\/#breadcrumb","itemListElement":[{"@type":"ListItem","position":1,"name":"Home","item":"https:\/\/business.roovi.com\/de\/"},{"@type":"ListItem","position":2,"name":"Shop","item":"https:\/\/business.roovi.com\/de\/shop\/"},{"@type":"ListItem","position":3,"name":"Groos Zselyke 1000 Teile Erwachsenenpuzzle &#8211; Frida Kahlo"}]},{"@type":"WebSite","@id":"https:\/\/business.roovi.com\/de\/#website","url":"https:\/\/business.roovi.com\/de\/","name":"Roovi B2B","description":"Roovi Business Website","potentialAction":[{"@type":"SearchAction","target":{"@type":"EntryPoint","urlTemplate":"https:\/\/business.roovi.com\/de\/?s={search_term_string}"},"query-input":"required name=search_term_string"}],"inLanguage":"de"}]}},"_links":{"self":[{"href":"https:\/\/business.roovi.com\/de\/wp-json\/wp\/v2\/product\/38868","targetHints":{"allow":["GET"]}}],"collection":[{"href":"https:\/\/business.roovi.com\/de\/wp-json\/wp\/v2\/product"}],"about":[{"href":"https:\/\/business.roovi.com\/de\/wp-json\/wp\/v2\/types\/product"}],"version-history":[{"count":0,"href":"https:\/\/business.roovi.com\/de\/wp-json\/wp\/v2\/product\/38868\/revisions"}],"wp:featuredmedia":[{"embeddable":true,"href":"https:\/\/business.roovi.com\/de\/wp-json\/wp\/v2\/media\/48549"}],"wp:attachment":[{"href":"https:\/\/business.roovi.com\/de\/wp-json\/wp\/v2\/media?parent=38868"}],"wp:term":[{"taxonomy":"product_brand","embeddable":true,"href":"https:\/\/business.roovi.com\/de\/wp-json\/wp\/v2\/product_brand?post=38868"},{"taxonomy":"product_cat","embeddable":true,"href":"https:\/\/business.roovi.com\/de\/wp-json\/wp\/v2\/product_cat?post=38868"},{"taxonomy":"product_tag","embeddable":true,"href":"https:\/\/business.roovi.com\/de\/wp-json\/wp\/v2\/product_tag?post=38868"}],"curies":[{"name":"wp","href":"https:\/\/api.w.org\/{rel}","templated":true}]}}