{"id":38892,"date":"2021-03-05T09:34:28","date_gmt":"2021-03-05T09:34:28","guid":{"rendered":"https:\/\/business.roovi.com\/puzzle-adulti-1000-piese-pattern-elephants-elefanti\/p\/"},"modified":"2022-07-06T11:19:11","modified_gmt":"2022-07-06T11:19:11","slug":"adult-puzzle-1000-pieces-pattern-elephants-elefanten","status":"publish","type":"product","link":"https:\/\/business.roovi.com\/de\/adult-puzzle-1000-pieces-pattern-elephants-elefanten\/p\/","title":{"rendered":"Adult Puzzle 1000 pieces Pattern Elephants \/ Elefanten"},"content":{"rendered":"<p><span style=\"font-weight: 400\">Liebst du R\u00e4tsel? Entdecke das 1000-Teile-Puzzle &#8211; Elefanten, ein komplexes Bild, das deine Leidenschaft f\u00fcr Puzzles auf die n\u00e4chste Stufe bringen wird.<\/span><\/p>\n<p><span style=\"font-weight: 400\">Jeder 1000-Teile-Puzzle-Liebhaber hat irgendwann das Bed\u00fcrfnis nach einer neuen Herausforderung. Adult Puzzle &#8211; Elephant Patterns hat einen h\u00f6heren Schwierigkeitsgrad und ist perfekt, wenn du dein Puzzlespiel auf die n\u00e4chste Stufe bringen willst <\/span><\/p>\n<p><span style=\"font-weight: 400\">Experten sagen, dass schwierige R\u00e4tsel eine intensive Gehirnaktivit\u00e4t anregen und R\u00e4tselfreunden helfen, ihr Gehirn jung und gesund zu halten <\/span><\/p>\n<p><span style=\"font-weight: 400\">Nutze diese Entwicklungschance und nimm die Herausforderung an, ein wundersch\u00f6nes Bild mit vielen bunten Elefanten zu vervollst\u00e4ndigen. Du wirst viele Stunden Spa\u00df haben und dich entspannen k\u00f6nnen. Au\u00dferdem hast du die Chance, ein tolles Bild zu malen, mit dem du dein Zuhause schm\u00fccken kannst.<\/span><\/p>\n<p><span style=\"font-weight: 400\">Eigenschaften 1000 Teile Puzzle Muster Elefanten<\/span><\/p>\n<p><strong>Gr\u00f6\u00dfe des reproduzierten Bildes: 50 x 70 cm. F\u00fcr die Montage kann ein normaler Couchtisch verwendet werden.<\/strong><\/p>\n<p><strong>Puzzle-Material <\/strong><\/p>\n<p><strong>hochwertiger blauer Karton<\/strong><\/p>\n<p><strong>nachhaltige, recycelbare Materialien<\/strong><\/p>\n<p><strong>halbgl\u00e4nzende Oberfl\u00e4che, leuchtende Farben<\/strong><\/p>\n<p><strong>Anzahl der Puzzleteile: 1000<\/strong><\/p>\n<p><strong>Empfohlenes Alter: 14+<\/strong><\/p>\n<p><strong>Warum 1000 Teile Puzzle &#8211; Elefantenmuster<\/strong><\/p>\n<p><span style=\"font-weight: 400\">Dies ist eine gro\u00dfartige \u00dcbung in Geduld.<\/span><\/p>\n<p><span style=\"font-weight: 400\">Es schult deine Aufmerksamkeit f\u00fcr die kleinsten Details.<\/span><\/p>\n<p><span style=\"font-weight: 400\">Es hilft dir, ausdauernd zu werden.<\/span><\/p>\n<p><span style=\"font-weight: 400\">Du lernst, nicht aufzugeben, auch wenn du denkst, dass du keine L\u00f6sung finden kannst.<\/span><\/p>\n<p><span style=\"font-weight: 400\">So wird dein Ged\u00e4chtnis trainiert.<\/span><\/p>\n<p><span style=\"font-weight: 400\">Es ist die perfekte Gelegenheit, um sich vom Alltag zu l\u00f6sen.<\/span><\/p>\n<p><span style=\"font-weight: 400\">Du erschaffst ein sch\u00f6nes Bild mit deinen eigenen H\u00e4nden.<\/span><\/p>\n<p><strong>Wusstest du, dass&#8230;?<\/strong><\/p>\n<p><span style=\"font-weight: 400\">Elefanten sind sehr intelligent und haben ein ausgezeichnetes Ged\u00e4chtnis. Es gibt einen Grund, warum man es &#8222;Elefantenged\u00e4chtnis&#8220; nennt! Forscherinnen und Forscher haben herausgefunden, dass sie nie etwas vergessen.<\/span><\/p>\n<p><span style=\"font-weight: 400\">Sie schlafen sehr wenig, etwa 2-4 Stunden pro Tag. Sie schlafen im Stehen. Manchmal gehen sie zwei Tage ohne Pause.<\/span><\/p>\n<p><span style=\"font-weight: 400\">In der Elefantenfamilie sind die weiblichen Hauptdarsteller. Sie ist daf\u00fcr verantwortlich, die Herde zu Pl\u00e4tzen mit Futter und Wasser zu f\u00fchren, aber auch daf\u00fcr, den jungen Elefanten beizubringen, sich zu sozialisieren.<\/span><\/p>\n<p><span style=\"font-weight: 400\">Sie verwenden Schlamm als Sonnenschutzmittel.<\/span><\/p>\n<p><span style=\"font-weight: 400\">Der R\u00fcssel des Elefanten ist ein komplexes Organ, das aus etwa 40.000 Muskeln besteht. Er kann bis zu 15 Liter Wasser fassen.<\/span><\/p>\n<p><span style=\"font-weight: 400\">Elefanten sind die S\u00e4ugetiere mit der l\u00e4ngsten Tr\u00e4chtigkeitsdauer: 22-24 Monate.<\/span><\/p>\n<p><strong>1000-teiliges Elefantenpuzzle &#8211; dekorative Malerei und Gl\u00fccksbringer<\/strong><\/p>\n<p><span style=\"font-weight: 400\">Das Bild des Elefanten hat verschiedene Symbole in den Kulturen und Religionen der Welt. In der Feng-Shui-Kunst gilt er als Gl\u00fccksbringer und im Buddhismus steht er f\u00fcr St\u00e4rke, W\u00fcrde und Demut. Aus diesem Grund werden diese Tiere in vielen L\u00e4ndern Afrikas und Asiens respektiert und verehrt.<\/span><\/p>\n<p><span style=\"font-weight: 400\">Wenn du Gegenst\u00e4nde sammelst, die du als Gl\u00fccksbringer ansiehst oder dich f\u00fcr asiatische und afrikanische Kulturen begeisterst, dann ist dieses 1000-teilige Elefanten-Puzzlebild die perfekte Gelegenheit, deiner Sammlung ein einzigartiges Symbol hinzuzuf\u00fcgen <\/span><\/p>\n<p><span style=\"font-weight: 400\">Br\u00fche dir den aromatischsten Tee auf, den du hast, ziehe deinen Couchtisch im Wohnzimmer zu, lege St\u00fcck f\u00fcr St\u00fcck zusammen und versetze dich in einen Zustand erstaunlicher Ruhe und Entspannung. Am Ende wird ein farbenfrohes Gem\u00e4lde deine Augen erfreuen, mit vielen lebendigen Bildern von Elefanten, die Gl\u00fcck und Wohlstand bringen.<\/span><\/p>\n<p><span style=\"font-weight: 400\">Kaufe jetzt das 1000 Teile Puzzle &#8211; Elefantenmodelle und trainiere deine F\u00e4higkeiten an langweiligen Nachmittagen, wenn dich das schlechte Wetter im Haus h\u00e4lt. Oder fordere deine Freunde auf, dir zu helfen und gemeinsam ein wundersch\u00f6nes Bild von bunten Elefanten in diesem Puzzle f\u00fcr Erwachsene zu erstellen.<\/span><\/p>\n<p><span style=\"font-weight: 400\">Willst du die Geduld deiner Liebsten auf die Probe stellen? Das 1000 Teile Puzzle &#8211; Elefanten ist das perfekte Geschenk f\u00fcr sie.<\/span><\/p><\/p>\n","protected":false},"excerpt":{"rendered":"<p>Liebst du R\u00e4tsel? Entdecke das 1000-Teile-Puzzle &#8211; Elefanten, ein komplexes Bild, das deine Leidenschaft f\u00fcr Puzzles auf die n\u00e4chste Stufe<\/p>\n","protected":false},"featured_media":48519,"template":"","meta":[],"product_brand":[],"product_cat":[1916,1875,1915],"product_tag":[],"class_list":{"0":"post-38892","1":"product","2":"type-product","3":"status-publish","4":"has-post-thumbnail","6":"product_cat-1000-teile-puzzle","7":"product_cat-puzzle-de","8":"product_cat-puzzlespiele-fur-erwachsene","9":"pa_brand-d_toys-de","10":"pa_country_of_manufacture-ro-de","11":"pa_filter_age-14-de","12":"pa_tip_ambalaj-kasten-a4-de","13":"pa_tip_puzzle-klassisch","15":"first","16":"instock","17":"taxable","18":"shipping-taxable","19":"product-type-simple"},"yoast_head":"<!-- This site is optimized with the Yoast SEO plugin v20.1 - https:\/\/yoast.com\/wordpress\/plugins\/seo\/ -->\n<title>Adult Puzzle 1000 pieces Pattern Elephants \/ Elefanten<\/title>\n<meta name=\"description\" content=\"Adult Puzzle 1000 pieces Pattern Elephants \/ Elefanten\" \/>\n<meta name=\"robots\" content=\"index, follow, max-snippet:-1, max-image-preview:large, max-video-preview:-1\" \/>\n<link rel=\"canonical\" href=\"https:\/\/business.roovi.com\/de\/adult-puzzle-1000-pieces-pattern-elephants-elefanten\/p\/\" \/>\n<meta property=\"og:locale\" content=\"de_DE\" \/>\n<meta property=\"og:type\" content=\"article\" \/>\n<meta property=\"og:title\" content=\"Adult Puzzle 1000 pieces Pattern Elephants \/ Elefanten\" \/>\n<meta property=\"og:description\" content=\"Adult Puzzle 1000 pieces Pattern Elephants \/ Elefanten\" \/>\n<meta property=\"og:url\" content=\"https:\/\/business.roovi.com\/de\/adult-puzzle-1000-pieces-pattern-elephants-elefanten\/p\/\" \/>\n<meta property=\"og:site_name\" content=\"Roovi B2B\" \/>\n<meta property=\"article:publisher\" content=\"https:\/\/www.facebook.com\/wwwjucariero\" \/>\n<meta property=\"article:modified_time\" content=\"2022-07-06T11:19:11+00:00\" \/>\n<meta property=\"og:image\" content=\"https:\/\/business.roovi.com\/wp-content\/uploads\/2021\/03\/77516_ansamblu_dimensiuni_cutie_cm_orizontal_1200x1200.png\" \/>\n\t<meta property=\"og:image:width\" content=\"1200\" \/>\n\t<meta property=\"og:image:height\" content=\"1200\" \/>\n\t<meta property=\"og:image:type\" content=\"image\/png\" \/>\n<meta name=\"twitter:label1\" content=\"Gesch\u00e4tzte Lesezeit\" \/>\n\t<meta name=\"twitter:data1\" content=\"3\u00a0Minuten\" \/>\n<script type=\"application\/ld+json\" class=\"yoast-schema-graph\">{\"@context\":\"https:\/\/schema.org\",\"@graph\":[{\"@type\":\"WebPage\",\"@id\":\"https:\/\/business.roovi.com\/de\/adult-puzzle-1000-pieces-pattern-elephants-elefanten\/p\/\",\"url\":\"https:\/\/business.roovi.com\/de\/adult-puzzle-1000-pieces-pattern-elephants-elefanten\/p\/\",\"name\":\"Adult Puzzle 1000 pieces Pattern Elephants \/ Elefanten\",\"isPartOf\":{\"@id\":\"https:\/\/business.roovi.com\/de\/#website\"},\"datePublished\":\"2021-03-05T09:34:28+00:00\",\"dateModified\":\"2022-07-06T11:19:11+00:00\",\"description\":\"Adult Puzzle 1000 pieces Pattern Elephants \/ Elefanten\",\"breadcrumb\":{\"@id\":\"https:\/\/business.roovi.com\/de\/adult-puzzle-1000-pieces-pattern-elephants-elefanten\/p\/#breadcrumb\"},\"inLanguage\":\"de\",\"potentialAction\":[{\"@type\":\"ReadAction\",\"target\":[\"https:\/\/business.roovi.com\/de\/adult-puzzle-1000-pieces-pattern-elephants-elefanten\/p\/\"]}]},{\"@type\":\"BreadcrumbList\",\"@id\":\"https:\/\/business.roovi.com\/de\/adult-puzzle-1000-pieces-pattern-elephants-elefanten\/p\/#breadcrumb\",\"itemListElement\":[{\"@type\":\"ListItem\",\"position\":1,\"name\":\"Home\",\"item\":\"https:\/\/business.roovi.com\/de\/\"},{\"@type\":\"ListItem\",\"position\":2,\"name\":\"Shop\",\"item\":\"https:\/\/business.roovi.com\/de\/shop\/\"},{\"@type\":\"ListItem\",\"position\":3,\"name\":\"Adult Puzzle 1000 pieces Pattern Elephants \/ Elefanten\"}]},{\"@type\":\"WebSite\",\"@id\":\"https:\/\/business.roovi.com\/de\/#website\",\"url\":\"https:\/\/business.roovi.com\/de\/\",\"name\":\"Roovi B2B\",\"description\":\"Roovi Business Website\",\"potentialAction\":[{\"@type\":\"SearchAction\",\"target\":{\"@type\":\"EntryPoint\",\"urlTemplate\":\"https:\/\/business.roovi.com\/de\/?s={search_term_string}\"},\"query-input\":\"required name=search_term_string\"}],\"inLanguage\":\"de\"}]}<\/script>\n<!-- \/ Yoast SEO plugin. -->","yoast_head_json":{"title":"Adult Puzzle 1000 pieces Pattern Elephants \/ Elefanten","description":"Adult Puzzle 1000 pieces Pattern Elephants \/ Elefanten","robots":{"index":"index","follow":"follow","max-snippet":"max-snippet:-1","max-image-preview":"max-image-preview:large","max-video-preview":"max-video-preview:-1"},"canonical":"https:\/\/business.roovi.com\/de\/adult-puzzle-1000-pieces-pattern-elephants-elefanten\/p\/","og_locale":"de_DE","og_type":"article","og_title":"Adult Puzzle 1000 pieces Pattern Elephants \/ Elefanten","og_description":"Adult Puzzle 1000 pieces Pattern Elephants \/ Elefanten","og_url":"https:\/\/business.roovi.com\/de\/adult-puzzle-1000-pieces-pattern-elephants-elefanten\/p\/","og_site_name":"Roovi B2B","article_publisher":"https:\/\/www.facebook.com\/wwwjucariero","article_modified_time":"2022-07-06T11:19:11+00:00","og_image":[{"width":1200,"height":1200,"url":"https:\/\/business.roovi.com\/wp-content\/uploads\/2021\/03\/77516_ansamblu_dimensiuni_cutie_cm_orizontal_1200x1200.png","type":"image\/png"}],"twitter_misc":{"Gesch\u00e4tzte Lesezeit":"3\u00a0Minuten"},"schema":{"@context":"https:\/\/schema.org","@graph":[{"@type":"WebPage","@id":"https:\/\/business.roovi.com\/de\/adult-puzzle-1000-pieces-pattern-elephants-elefanten\/p\/","url":"https:\/\/business.roovi.com\/de\/adult-puzzle-1000-pieces-pattern-elephants-elefanten\/p\/","name":"Adult Puzzle 1000 pieces Pattern Elephants \/ Elefanten","isPartOf":{"@id":"https:\/\/business.roovi.com\/de\/#website"},"datePublished":"2021-03-05T09:34:28+00:00","dateModified":"2022-07-06T11:19:11+00:00","description":"Adult Puzzle 1000 pieces Pattern Elephants \/ Elefanten","breadcrumb":{"@id":"https:\/\/business.roovi.com\/de\/adult-puzzle-1000-pieces-pattern-elephants-elefanten\/p\/#breadcrumb"},"inLanguage":"de","potentialAction":[{"@type":"ReadAction","target":["https:\/\/business.roovi.com\/de\/adult-puzzle-1000-pieces-pattern-elephants-elefanten\/p\/"]}]},{"@type":"BreadcrumbList","@id":"https:\/\/business.roovi.com\/de\/adult-puzzle-1000-pieces-pattern-elephants-elefanten\/p\/#breadcrumb","itemListElement":[{"@type":"ListItem","position":1,"name":"Home","item":"https:\/\/business.roovi.com\/de\/"},{"@type":"ListItem","position":2,"name":"Shop","item":"https:\/\/business.roovi.com\/de\/shop\/"},{"@type":"ListItem","position":3,"name":"Adult Puzzle 1000 pieces Pattern Elephants \/ Elefanten"}]},{"@type":"WebSite","@id":"https:\/\/business.roovi.com\/de\/#website","url":"https:\/\/business.roovi.com\/de\/","name":"Roovi B2B","description":"Roovi Business Website","potentialAction":[{"@type":"SearchAction","target":{"@type":"EntryPoint","urlTemplate":"https:\/\/business.roovi.com\/de\/?s={search_term_string}"},"query-input":"required name=search_term_string"}],"inLanguage":"de"}]}},"_links":{"self":[{"href":"https:\/\/business.roovi.com\/de\/wp-json\/wp\/v2\/product\/38892","targetHints":{"allow":["GET"]}}],"collection":[{"href":"https:\/\/business.roovi.com\/de\/wp-json\/wp\/v2\/product"}],"about":[{"href":"https:\/\/business.roovi.com\/de\/wp-json\/wp\/v2\/types\/product"}],"version-history":[{"count":0,"href":"https:\/\/business.roovi.com\/de\/wp-json\/wp\/v2\/product\/38892\/revisions"}],"wp:featuredmedia":[{"embeddable":true,"href":"https:\/\/business.roovi.com\/de\/wp-json\/wp\/v2\/media\/48519"}],"wp:attachment":[{"href":"https:\/\/business.roovi.com\/de\/wp-json\/wp\/v2\/media?parent=38892"}],"wp:term":[{"taxonomy":"product_brand","embeddable":true,"href":"https:\/\/business.roovi.com\/de\/wp-json\/wp\/v2\/product_brand?post=38892"},{"taxonomy":"product_cat","embeddable":true,"href":"https:\/\/business.roovi.com\/de\/wp-json\/wp\/v2\/product_cat?post=38892"},{"taxonomy":"product_tag","embeddable":true,"href":"https:\/\/business.roovi.com\/de\/wp-json\/wp\/v2\/product_tag?post=38892"}],"curies":[{"name":"wp","href":"https:\/\/api.w.org\/{rel}","templated":true}]}}