{"id":38904,"date":"2021-03-05T09:29:18","date_gmt":"2021-03-05T09:29:18","guid":{"rendered":"https:\/\/business.roovi.com\/puzzle-adulti-1000-piese-pattern-dogscaini\/p\/"},"modified":"2022-07-06T11:24:05","modified_gmt":"2022-07-06T11:24:05","slug":"puzzle-fur-erwachsene-1000-teile-muster-hunde","status":"publish","type":"product","link":"https:\/\/business.roovi.com\/de\/puzzle-fur-erwachsene-1000-teile-muster-hunde\/p\/","title":{"rendered":"Puzzle f\u00fcr Erwachsene 1000 Teile Muster &#8211; Hunde"},"content":{"rendered":"<p><strong><em>Suchst du nach einer Freizeitaktivit\u00e4t, die dich aus deinem Alltag herausholt? Entscheide dich f\u00fcr das 1000-teilige Puzzlespiel Patter Dogs f\u00fcr Erwachsene, ein farbenfrohes und lustiges Puzzlespiel, das die Monotonie unterbricht und dir bis zu 30 Stunden entspannenden Spa\u00df bietet.<\/em><\/strong><\/p>\n<p><span style=\"font-weight: 400\">Achte auf jedes farbenfrohe Detail, bringe die Teile in die richtige Reihenfolge und setze ein lebendiges Bild mit vielen niedlichen Welpen zusammen, die in lustigen Posen festgehalten werden. Das warme und harmonische, farbenfrohe Bild wird dich in gute Stimmung versetzen und dich aus dem t\u00e4glichen Einerlei herausheben.<\/span><\/p>\n<p><span style=\"font-weight: 400\">Die 1000 Teile des Pattern Dogs Puzzles f\u00fcr Erwachsene sind fachm\u00e4nnisch und mit viel Liebe zum Detail gestaltet. Jeder Welpe ist in einer anderen Form dargestellt, mit einzigartigen Eigenschaften, und wenn du auf jedes Detail achtest, wirst du es leicht zusammensetzen k\u00f6nnen, egal ob du ein Puzzle-Meister oder ein Anf\u00e4nger bist.<\/span><\/p>\n<p><span style=\"font-weight: 400\"> Das 1000-teilige Pattern Dogs Puzzle ist eine tolle M\u00f6glichkeit, Zeit mit deinen Kindern zu verbringen. Die Kleinen werden sich wie echte Detektive f\u00fchlen, wenn sie in die Fu\u00dfstapfen der s\u00fc\u00dfen Welpen treten und die faszinierenden Details des ersten interessanten Falls ihrer Karriere herausfinden. Au\u00dferdem ist es eine einmalige Gelegenheit, deinen Lieben ganz nah zu sein und eine starke Bindung zwischen euch aufzubauen.<\/span><\/p>\n<p><strong>Warum solltest du dich f\u00fcr das 1000-Teile-Puzzle &#8222;Pattern Dogs&#8220; entscheiden?<\/strong><\/p>\n<p><span style=\"font-weight: 400\">Du bekommst ein dekoratives Brett mit den Ma\u00dfen 68 x 47 cm.<\/span><\/p>\n<p><span style=\"font-weight: 400\">Es ist eine Gelegenheit, sich zu entspannen und wieder mit sich selbst in Kontakt zu kommen.<\/span><\/p>\n<p><span style=\"font-weight: 400\">Du trainierst deine F\u00e4higkeiten und pflegst deine Geduld.<\/span><\/p>\n<p><span style=\"font-weight: 400\">Die 1000 Puzzleteile bestehen aus hochwertigem Karton, sind pr\u00e4zise geschnitten und passen perfekt zusammen, so dass das Bild auch dann noch perfekt ist, wenn du es mehrmals zusammensetzt.<\/span><\/p>\n<p><span style=\"font-weight: 400\">Die Oberfl\u00e4che ist halbgl\u00e4nzend und die leuchtenden Farben bringen die Sch\u00f6nheit des Bildes zur Geltung.<\/span><\/p>\n<p><span style=\"font-weight: 400\">Es ist naturfreundlich und wird aus nachhaltigen und recycelbaren Materialien hergestellt.<\/span><\/p>\n<p><span style=\"font-weight: 400\">Es ist f\u00fcr Jugendliche ab 14 Jahren geeignet und ist die perfekte Gelegenheit, deine Leidenschaft f\u00fcr Puzzlespiele mit Teenagern zu teilen.<\/span><\/p>\n<p><strong>Wusstest du, dass..<\/strong><\/p>\n<p><span style=\"font-weight: 400\">Im alten Rom zog der treue Freund des Menschen, der Hund, an der Seite der Krieger in die Schlacht.<\/span><\/p>\n<p><span style=\"font-weight: 400\">Hundenasen haben einen einzigartigen Fingerabdruck, genau wie menschliche Fingerabdr\u00fccke.<\/span><\/p>\n<p><span style=\"font-weight: 400\">Hunde haben einen so ausgepr\u00e4gten Geruchssinn, dass sie bestimmte Krankheiten erkennen k\u00f6nnen. Bestimmte Hunderassen werden f\u00fcr diesen Zweck ausgebildet oder um ihre Besitzer zu warnen, wenn sie verschiedene Medikamente ben\u00f6tigen.<\/span><\/p>\n<p><span style=\"font-weight: 400\">Hunde der Rasse <\/span><span style=\"font-weight: 400\">Basenji bellen nicht. Diese urspr\u00fcnglich aus Afrika stammenden Hunde machen einen kl\u00e4ffenden Ton und sind geschickte J\u00e4ger.<\/span><\/p>\n<p><span style=\"font-weight: 400\">Heutzutage ist Fettleibigkeit das h\u00e4ufigste Gesundheitsproblem bei Hunden.<\/span><\/p>\n<p><strong>1000-Teile-Puzzle f\u00fcr Erwachsene mit Hundemuster f\u00fcr lustige Tage mit den Liebsten<\/strong><\/p>\n<p><span style=\"font-weight: 400\">Du wei\u00dft nicht, wie du ein langes Wochenende planen sollst, wenn schlechtes Wetter vorhergesagt ist und du im Haus bleiben musst? Zum Beispiel das 1000-teilige Puzzle von Pattern Dogs. Die lustigen, lebendigen und farbenfrohen Illustrationen werden die ganze Familie ansprechen.<\/span><\/p>\n<p><span style=\"font-weight: 400\">Teile die St\u00fccke nach Farben auf, finde Welpen, die mit verschiedenen Accessoires gekleidet sind oder solche, die mit dem Schwanz zu wedeln scheinen. Platziere jeden Welpen an seinem Platz im Bild und mache ein beeindruckendes Bild, das positive Energie und Optimismus vermittelt.<\/span><\/p>\n<p><span style=\"font-weight: 400\">Momente, die du mit deinen Lieben verbringst, sind unbezahlbar. W\u00e4hle das 1000-teilige Puzzle &#8222;Pattern Dogs&#8220; und baue dauerhafte Beziehungen zu deinen Lieben auf. Au\u00dferdem. Dieses farbenfrohe und animierte Puzzlespiel ist das perfekte Weihnachts- oder Geburtstagsgeschenk.<\/span><\/p><\/p>\n","protected":false},"excerpt":{"rendered":"<p>Suchst du nach einer Freizeitaktivit\u00e4t, die dich aus deinem Alltag herausholt? Entscheide dich f\u00fcr das 1000-teilige Puzzlespiel Patter Dogs f\u00fcr<\/p>\n","protected":false},"featured_media":48605,"template":"","meta":[],"product_brand":[],"product_cat":[1916,1875,1915],"product_tag":[],"class_list":{"0":"post-38904","1":"product","2":"type-product","3":"status-publish","4":"has-post-thumbnail","6":"product_cat-1000-teile-puzzle","7":"product_cat-puzzle-de","8":"product_cat-puzzlespiele-fur-erwachsene","9":"pa_brand-deico-de","10":"pa_country_of_manufacture-ro-de","11":"pa_filter_age-14-de","12":"pa_tip_ambalaj-kasten-a4-de","13":"pa_tip_puzzle-klassisch","15":"first","16":"instock","17":"taxable","18":"shipping-taxable","19":"product-type-simple"},"yoast_head":"<!-- This site is optimized with the Yoast SEO plugin v20.1 - https:\/\/yoast.com\/wordpress\/plugins\/seo\/ -->\n<title>Puzzle f\u00fcr Erwachsene 1000 Teile Muster - Hunde<\/title>\n<meta name=\"description\" content=\"Puzzle f\u00fcr Erwachsene 1000 Teile Muster - Hunde\" \/>\n<meta name=\"robots\" content=\"index, follow, max-snippet:-1, max-image-preview:large, max-video-preview:-1\" \/>\n<link rel=\"canonical\" href=\"https:\/\/business.roovi.com\/de\/puzzle-fur-erwachsene-1000-teile-muster-hunde\/p\/\" \/>\n<meta property=\"og:locale\" content=\"de_DE\" \/>\n<meta property=\"og:type\" content=\"article\" \/>\n<meta property=\"og:title\" content=\"Puzzle f\u00fcr Erwachsene 1000 Teile Muster - Hunde\" \/>\n<meta property=\"og:description\" content=\"Puzzle f\u00fcr Erwachsene 1000 Teile Muster - Hunde\" \/>\n<meta property=\"og:url\" content=\"https:\/\/business.roovi.com\/de\/puzzle-fur-erwachsene-1000-teile-muster-hunde\/p\/\" \/>\n<meta property=\"og:site_name\" content=\"Roovi B2B\" \/>\n<meta property=\"article:publisher\" content=\"https:\/\/www.facebook.com\/wwwjucariero\" \/>\n<meta property=\"article:modified_time\" content=\"2022-07-06T11:24:05+00:00\" \/>\n<meta property=\"og:image\" content=\"https:\/\/business.roovi.com\/wp-content\/uploads\/2021\/03\/puzzle_1000_deico_games_pattern_dogs-77141.jpg\" \/>\n\t<meta property=\"og:image:width\" content=\"1000\" \/>\n\t<meta property=\"og:image:height\" content=\"1000\" \/>\n\t<meta property=\"og:image:type\" content=\"image\/jpeg\" \/>\n<meta name=\"twitter:label1\" content=\"Gesch\u00e4tzte Lesezeit\" \/>\n\t<meta name=\"twitter:data1\" content=\"3\u00a0Minuten\" \/>\n<script type=\"application\/ld+json\" class=\"yoast-schema-graph\">{\"@context\":\"https:\/\/schema.org\",\"@graph\":[{\"@type\":\"WebPage\",\"@id\":\"https:\/\/business.roovi.com\/de\/puzzle-fur-erwachsene-1000-teile-muster-hunde\/p\/\",\"url\":\"https:\/\/business.roovi.com\/de\/puzzle-fur-erwachsene-1000-teile-muster-hunde\/p\/\",\"name\":\"Puzzle f\u00fcr Erwachsene 1000 Teile Muster - Hunde\",\"isPartOf\":{\"@id\":\"https:\/\/business.roovi.com\/de\/#website\"},\"datePublished\":\"2021-03-05T09:29:18+00:00\",\"dateModified\":\"2022-07-06T11:24:05+00:00\",\"description\":\"Puzzle f\u00fcr Erwachsene 1000 Teile Muster - Hunde\",\"breadcrumb\":{\"@id\":\"https:\/\/business.roovi.com\/de\/puzzle-fur-erwachsene-1000-teile-muster-hunde\/p\/#breadcrumb\"},\"inLanguage\":\"de\",\"potentialAction\":[{\"@type\":\"ReadAction\",\"target\":[\"https:\/\/business.roovi.com\/de\/puzzle-fur-erwachsene-1000-teile-muster-hunde\/p\/\"]}]},{\"@type\":\"BreadcrumbList\",\"@id\":\"https:\/\/business.roovi.com\/de\/puzzle-fur-erwachsene-1000-teile-muster-hunde\/p\/#breadcrumb\",\"itemListElement\":[{\"@type\":\"ListItem\",\"position\":1,\"name\":\"Home\",\"item\":\"https:\/\/business.roovi.com\/de\/\"},{\"@type\":\"ListItem\",\"position\":2,\"name\":\"Shop\",\"item\":\"https:\/\/business.roovi.com\/de\/shop\/\"},{\"@type\":\"ListItem\",\"position\":3,\"name\":\"Puzzle f\u00fcr Erwachsene 1000 Teile Muster &#8211; Hunde\"}]},{\"@type\":\"WebSite\",\"@id\":\"https:\/\/business.roovi.com\/de\/#website\",\"url\":\"https:\/\/business.roovi.com\/de\/\",\"name\":\"Roovi B2B\",\"description\":\"Roovi Business Website\",\"potentialAction\":[{\"@type\":\"SearchAction\",\"target\":{\"@type\":\"EntryPoint\",\"urlTemplate\":\"https:\/\/business.roovi.com\/de\/?s={search_term_string}\"},\"query-input\":\"required name=search_term_string\"}],\"inLanguage\":\"de\"}]}<\/script>\n<!-- \/ Yoast SEO plugin. -->","yoast_head_json":{"title":"Puzzle f\u00fcr Erwachsene 1000 Teile Muster - Hunde","description":"Puzzle f\u00fcr Erwachsene 1000 Teile Muster - Hunde","robots":{"index":"index","follow":"follow","max-snippet":"max-snippet:-1","max-image-preview":"max-image-preview:large","max-video-preview":"max-video-preview:-1"},"canonical":"https:\/\/business.roovi.com\/de\/puzzle-fur-erwachsene-1000-teile-muster-hunde\/p\/","og_locale":"de_DE","og_type":"article","og_title":"Puzzle f\u00fcr Erwachsene 1000 Teile Muster - Hunde","og_description":"Puzzle f\u00fcr Erwachsene 1000 Teile Muster - Hunde","og_url":"https:\/\/business.roovi.com\/de\/puzzle-fur-erwachsene-1000-teile-muster-hunde\/p\/","og_site_name":"Roovi B2B","article_publisher":"https:\/\/www.facebook.com\/wwwjucariero","article_modified_time":"2022-07-06T11:24:05+00:00","og_image":[{"width":1000,"height":1000,"url":"https:\/\/business.roovi.com\/wp-content\/uploads\/2021\/03\/puzzle_1000_deico_games_pattern_dogs-77141.jpg","type":"image\/jpeg"}],"twitter_misc":{"Gesch\u00e4tzte Lesezeit":"3\u00a0Minuten"},"schema":{"@context":"https:\/\/schema.org","@graph":[{"@type":"WebPage","@id":"https:\/\/business.roovi.com\/de\/puzzle-fur-erwachsene-1000-teile-muster-hunde\/p\/","url":"https:\/\/business.roovi.com\/de\/puzzle-fur-erwachsene-1000-teile-muster-hunde\/p\/","name":"Puzzle f\u00fcr Erwachsene 1000 Teile Muster - Hunde","isPartOf":{"@id":"https:\/\/business.roovi.com\/de\/#website"},"datePublished":"2021-03-05T09:29:18+00:00","dateModified":"2022-07-06T11:24:05+00:00","description":"Puzzle f\u00fcr Erwachsene 1000 Teile Muster - Hunde","breadcrumb":{"@id":"https:\/\/business.roovi.com\/de\/puzzle-fur-erwachsene-1000-teile-muster-hunde\/p\/#breadcrumb"},"inLanguage":"de","potentialAction":[{"@type":"ReadAction","target":["https:\/\/business.roovi.com\/de\/puzzle-fur-erwachsene-1000-teile-muster-hunde\/p\/"]}]},{"@type":"BreadcrumbList","@id":"https:\/\/business.roovi.com\/de\/puzzle-fur-erwachsene-1000-teile-muster-hunde\/p\/#breadcrumb","itemListElement":[{"@type":"ListItem","position":1,"name":"Home","item":"https:\/\/business.roovi.com\/de\/"},{"@type":"ListItem","position":2,"name":"Shop","item":"https:\/\/business.roovi.com\/de\/shop\/"},{"@type":"ListItem","position":3,"name":"Puzzle f\u00fcr Erwachsene 1000 Teile Muster &#8211; Hunde"}]},{"@type":"WebSite","@id":"https:\/\/business.roovi.com\/de\/#website","url":"https:\/\/business.roovi.com\/de\/","name":"Roovi B2B","description":"Roovi Business Website","potentialAction":[{"@type":"SearchAction","target":{"@type":"EntryPoint","urlTemplate":"https:\/\/business.roovi.com\/de\/?s={search_term_string}"},"query-input":"required name=search_term_string"}],"inLanguage":"de"}]}},"_links":{"self":[{"href":"https:\/\/business.roovi.com\/de\/wp-json\/wp\/v2\/product\/38904","targetHints":{"allow":["GET"]}}],"collection":[{"href":"https:\/\/business.roovi.com\/de\/wp-json\/wp\/v2\/product"}],"about":[{"href":"https:\/\/business.roovi.com\/de\/wp-json\/wp\/v2\/types\/product"}],"version-history":[{"count":0,"href":"https:\/\/business.roovi.com\/de\/wp-json\/wp\/v2\/product\/38904\/revisions"}],"wp:featuredmedia":[{"embeddable":true,"href":"https:\/\/business.roovi.com\/de\/wp-json\/wp\/v2\/media\/48605"}],"wp:attachment":[{"href":"https:\/\/business.roovi.com\/de\/wp-json\/wp\/v2\/media?parent=38904"}],"wp:term":[{"taxonomy":"product_brand","embeddable":true,"href":"https:\/\/business.roovi.com\/de\/wp-json\/wp\/v2\/product_brand?post=38904"},{"taxonomy":"product_cat","embeddable":true,"href":"https:\/\/business.roovi.com\/de\/wp-json\/wp\/v2\/product_cat?post=38904"},{"taxonomy":"product_tag","embeddable":true,"href":"https:\/\/business.roovi.com\/de\/wp-json\/wp\/v2\/product_tag?post=38904"}],"curies":[{"name":"wp","href":"https:\/\/api.w.org\/{rel}","templated":true}]}}