{"id":38908,"date":"2021-03-05T09:27:34","date_gmt":"2021-03-05T09:27:34","guid":{"rendered":"https:\/\/business.roovi.com\/puzzle-adulti-1000-piese-pattern-catspisici\/p\/"},"modified":"2023-02-28T07:47:09","modified_gmt":"2023-02-28T07:47:09","slug":"adult-puzzle-1000-pieces-pattern-cats-cats","status":"publish","type":"product","link":"https:\/\/business.roovi.com\/de\/adult-puzzle-1000-pieces-pattern-cats-cats\/p\/","title":{"rendered":"Adult Puzzle 1000 pieces Pattern &#8211; Cats"},"content":{"rendered":"<p><strong><em>Wenn du Puzzlespiele liebst und&#8230; Pattern Cats 1000 Teile Puzzle Katzen f\u00fcr Erwachsene wird dir an jedem tr\u00fcben Tag, an dem du es zusammensetzt, viel Freude bereiten.<\/em><\/strong><\/p>\n<p><span style=\"font-weight: 400;\">Jedes niedliche K\u00e4tzchen wurde sorgf\u00e4ltig mit einzigartigen und interessanten Merkmalen gestaltet. Wenn du also auf die Details achtest, wirst du die kleinen Unterschiede erkennen und die richtigen Teile ganz leicht finden.<\/span><\/p>\n<p><span style=\"font-weight: 400;\">Obwohl es kompliziert aussieht, ist das 1000 Piece Pattern &#8211; Cats\/Cats Puzzle eine tolle Herausforderung f\u00fcr kreative und spielerische K\u00f6pfe. Die fr\u00f6hlichen, farbenfrohen und niedlichen Muster werden dich in jedem langweiligen Moment erfreuen <\/span><\/p>\n<p><span style=\"font-weight: 400;\">Die warmen Farben, die ein beruhigendes Gef\u00fchl erzeugen, und die geheimnisvollen Katzen entf\u00fchren dich in eine Welt, die von hohen Schwingungen beherrscht wird. Erlebe ein Gef\u00fchl der v\u00f6lligen Entspannung mit diesem besonderen Puzzlespiel.<\/span><\/p>\n<p><strong>Warum solltest du dich f\u00fcr das 1000-Teile-Puzzle f\u00fcr Erwachsene &#8211; Cats\/Cats entscheiden? <\/strong><\/p>\n<p><span style=\"font-weight: 400;\">Ein 1000-Teile-Puzzle mit einer originellen Illustration inspiriert dich und f\u00f6rdert deine Kreativit\u00e4t.<\/span><\/p>\n<p><span style=\"font-weight: 400;\">Du bekommst ein dekoratives Bild mit den Ma\u00dfen 68 x 47 cm.<\/span><\/p>\n<p><span style=\"font-weight: 400;\">Es ist eine Gelegenheit, aus der t\u00e4glichen Monotonie auszubrechen.<\/span><\/p>\n<p><span style=\"font-weight: 400;\">Du trainierst deine F\u00e4higkeiten und pflegst deine Geduld.<\/span><\/p>\n<p><span style=\"font-weight: 400;\">Die 1000 Puzzleteile bestehen aus hochwertigem Karton, sind pr\u00e4zise geschnitten und passen perfekt zusammen, so dass das Bild auch dann noch perfekt ist, wenn du es mehrere Male zusammensetzt.<\/span><\/p>\n<p><span style=\"font-weight: 400;\">Die Oberfl\u00e4che ist halbgl\u00e4nzend und die leuchtenden Farben bringen die Sch\u00f6nheit des Bildes zur Geltung.<\/span><\/p>\n<p><span style=\"font-weight: 400;\">Es ist naturfreundlich und wird aus nachhaltigen und recycelbaren Materialien hergestellt.<\/span><\/p>\n<p><span style=\"font-weight: 400;\">Es ist f\u00fcr Leute ab 14 Jahren geeignet &#8211; eine tolle Gelegenheit, um deine Freizeit mit deinen Teenagern zu verbringen.<\/span><\/p>\n<p><strong>Wusstest du, dass..<\/strong><\/p>\n<p><span style=\"font-weight: 400;\">Eine Person, die Katzen liebt, hei\u00dft <\/span><em><span style=\"font-weight: 400;\">&#8222;aelurophil<\/span><\/em><span style=\"font-weight: 400;\">&#8222;. Das Gegenteil dieses Begriffs ist <\/span><em><span style=\"font-weight: 400;\">&#8222;Aelurophobie&#8220; <\/span><\/em><span style=\"font-weight: 400;\">und es bedeutet, du hast es erraten, eine Person, die Katzen hasst.<\/span><\/p>\n<p><span style=\"font-weight: 400;\">Katzen brauchen 5 Mal mehr Eiwei\u00df als Hunde.<\/span><\/p>\n<p><span style=\"font-weight: 400;\">Das Herz einer Katze schl\u00e4gt doppelt so schnell wie ein menschliches Herz.<\/span><\/p>\n<p><span style=\"font-weight: 400;\">Ein K\u00e4tzchen kann erst 20 Tage nach der Geburt laufen.<\/span><\/p>\n<p><span style=\"font-weight: 400;\">Die meisten Katzen sind laktoseintolerant, also ist Milch nicht gut f\u00fcr sie.<\/span><\/p>\n<p><strong>1000 Teile Puzzle f\u00fcr Erwachsene &#8211; Katzen f\u00fcr viele Stunden entspannten Spa\u00df<\/strong><\/p>\n<p><span style=\"font-weight: 400;\">Die wundersch\u00f6nen Illustrationen in dem 1000-teiligen Musterpuzzle mit Katzen k\u00f6nnen eine Gelegenheit sein, soziale Kontakte zu kn\u00fcpfen und sich mit deinen Lieben zu verbinden. F\u00fcr Kinder ist es eine lustige und kreative Besch\u00e4ftigung, die Teile zu finden, aus denen Dutzende von bunten K\u00e4tzchen bestehen. Sie werden sich wie kleine Detektive f\u00fchlen, die einen klaren Auftrag haben: Sie m\u00fcssen alle K\u00e4tzchen in das Gesamtbild einpassen.<\/span><\/p>\n<p><span style=\"font-weight: 400;\">Und wenn die letzten 1000 Puzzleteile an ihren Platz gesetzt werden, ist die Freude f\u00fcr das ganze Team, das zusammengearbeitet hat, gro\u00df. Das 1000-teilige Puzzle Pattern Cats ist daher eine wunderbare M\u00f6glichkeit, eine enge Bindung zu deinen Liebsten aufzubauen.<\/span><\/p>\n<p><span style=\"font-weight: 400;\">Wie jeder R\u00e4tselliebhaber wissen wir, dass du dieses Spiel ganz f\u00fcr dich allein haben willst und wir verstehen deine Gr\u00fcnde. Aber wir m\u00f6chten dich dazu ermutigen, anderen Puzzlefans, die du kennst, eine Freude zu machen, indem du ihnen dieses tolle Pattern Cats\/Pisici 1000 Teile Puzzle f\u00fcr Erwachsene schenkst.<\/span><\/p>\n","protected":false},"excerpt":{"rendered":"<p>Wenn du Puzzlespiele liebst und&#8230; Pattern Cats 1000 Teile Puzzle Katzen f\u00fcr Erwachsene wird dir an jedem tr\u00fcben Tag, an<\/p>\n","protected":false},"featured_media":48603,"template":"","meta":[],"product_brand":[],"product_cat":[1916,1875,1915],"product_tag":[],"class_list":{"0":"post-38908","1":"product","2":"type-product","3":"status-publish","4":"has-post-thumbnail","6":"product_cat-1000-teile-puzzle","7":"product_cat-puzzle-de","8":"product_cat-puzzlespiele-fur-erwachsene","9":"pa_brand-deico-de","10":"pa_country_of_manufacture-ro-de","11":"pa_filter_age-14-de","12":"pa_tip_ambalaj-kasten-a4-de","13":"pa_tip_puzzle-klassisch","15":"first","16":"instock","17":"taxable","18":"shipping-taxable","19":"product-type-simple"},"yoast_head":"<!-- This site is optimized with the Yoast SEO plugin v20.1 - https:\/\/yoast.com\/wordpress\/plugins\/seo\/ -->\n<title>Adult Puzzle 1000 pieces Pattern - Cats\/Cats<\/title>\n<meta name=\"description\" content=\"Adult Puzzle 1000 pieces Pattern - Cats\/Cats\" \/>\n<meta name=\"robots\" content=\"index, follow, max-snippet:-1, max-image-preview:large, max-video-preview:-1\" \/>\n<link rel=\"canonical\" href=\"https:\/\/business.roovi.com\/de\/adult-puzzle-1000-pieces-pattern-cats-cats\/p\/\" \/>\n<meta property=\"og:locale\" content=\"de_DE\" \/>\n<meta property=\"og:type\" content=\"article\" \/>\n<meta property=\"og:title\" content=\"Adult Puzzle 1000 pieces Pattern - Cats\/Cats\" \/>\n<meta property=\"og:description\" content=\"Adult Puzzle 1000 pieces Pattern - Cats\/Cats\" \/>\n<meta property=\"og:url\" content=\"https:\/\/business.roovi.com\/de\/adult-puzzle-1000-pieces-pattern-cats-cats\/p\/\" \/>\n<meta property=\"og:site_name\" content=\"Roovi B2B\" \/>\n<meta property=\"article:publisher\" content=\"https:\/\/www.facebook.com\/wwwjucariero\" \/>\n<meta property=\"article:modified_time\" content=\"2023-02-28T07:47:09+00:00\" \/>\n<meta property=\"og:image\" content=\"https:\/\/business.roovi.com\/wp-content\/uploads\/2021\/03\/puzzle_1000_deico_games_pattern_cats-77189.jpg\" \/>\n\t<meta property=\"og:image:width\" content=\"1000\" \/>\n\t<meta property=\"og:image:height\" content=\"1000\" \/>\n\t<meta property=\"og:image:type\" content=\"image\/jpeg\" \/>\n<meta name=\"twitter:label1\" content=\"Gesch\u00e4tzte Lesezeit\" \/>\n\t<meta name=\"twitter:data1\" content=\"3\u00a0Minuten\" \/>\n<script type=\"application\/ld+json\" class=\"yoast-schema-graph\">{\"@context\":\"https:\/\/schema.org\",\"@graph\":[{\"@type\":\"WebPage\",\"@id\":\"https:\/\/business.roovi.com\/de\/adult-puzzle-1000-pieces-pattern-cats-cats\/p\/\",\"url\":\"https:\/\/business.roovi.com\/de\/adult-puzzle-1000-pieces-pattern-cats-cats\/p\/\",\"name\":\"Adult Puzzle 1000 pieces Pattern - Cats\/Cats\",\"isPartOf\":{\"@id\":\"https:\/\/business.roovi.com\/de\/#website\"},\"datePublished\":\"2021-03-05T09:27:34+00:00\",\"dateModified\":\"2023-02-28T07:47:09+00:00\",\"description\":\"Adult Puzzle 1000 pieces Pattern - Cats\/Cats\",\"breadcrumb\":{\"@id\":\"https:\/\/business.roovi.com\/de\/adult-puzzle-1000-pieces-pattern-cats-cats\/p\/#breadcrumb\"},\"inLanguage\":\"de\",\"potentialAction\":[{\"@type\":\"ReadAction\",\"target\":[\"https:\/\/business.roovi.com\/de\/adult-puzzle-1000-pieces-pattern-cats-cats\/p\/\"]}]},{\"@type\":\"BreadcrumbList\",\"@id\":\"https:\/\/business.roovi.com\/de\/adult-puzzle-1000-pieces-pattern-cats-cats\/p\/#breadcrumb\",\"itemListElement\":[{\"@type\":\"ListItem\",\"position\":1,\"name\":\"Home\",\"item\":\"https:\/\/business.roovi.com\/de\/\"},{\"@type\":\"ListItem\",\"position\":2,\"name\":\"Shop\",\"item\":\"https:\/\/business.roovi.com\/de\/shop\/\"},{\"@type\":\"ListItem\",\"position\":3,\"name\":\"Adult Puzzle 1000 pieces Pattern &#8211; Cats\"}]},{\"@type\":\"WebSite\",\"@id\":\"https:\/\/business.roovi.com\/de\/#website\",\"url\":\"https:\/\/business.roovi.com\/de\/\",\"name\":\"Roovi B2B\",\"description\":\"Roovi Business Website\",\"potentialAction\":[{\"@type\":\"SearchAction\",\"target\":{\"@type\":\"EntryPoint\",\"urlTemplate\":\"https:\/\/business.roovi.com\/de\/?s={search_term_string}\"},\"query-input\":\"required name=search_term_string\"}],\"inLanguage\":\"de\"}]}<\/script>\n<!-- \/ Yoast SEO plugin. -->","yoast_head_json":{"title":"Adult Puzzle 1000 pieces Pattern - Cats\/Cats","description":"Adult Puzzle 1000 pieces Pattern - Cats\/Cats","robots":{"index":"index","follow":"follow","max-snippet":"max-snippet:-1","max-image-preview":"max-image-preview:large","max-video-preview":"max-video-preview:-1"},"canonical":"https:\/\/business.roovi.com\/de\/adult-puzzle-1000-pieces-pattern-cats-cats\/p\/","og_locale":"de_DE","og_type":"article","og_title":"Adult Puzzle 1000 pieces Pattern - Cats\/Cats","og_description":"Adult Puzzle 1000 pieces Pattern - Cats\/Cats","og_url":"https:\/\/business.roovi.com\/de\/adult-puzzle-1000-pieces-pattern-cats-cats\/p\/","og_site_name":"Roovi B2B","article_publisher":"https:\/\/www.facebook.com\/wwwjucariero","article_modified_time":"2023-02-28T07:47:09+00:00","og_image":[{"width":1000,"height":1000,"url":"https:\/\/business.roovi.com\/wp-content\/uploads\/2021\/03\/puzzle_1000_deico_games_pattern_cats-77189.jpg","type":"image\/jpeg"}],"twitter_misc":{"Gesch\u00e4tzte Lesezeit":"3\u00a0Minuten"},"schema":{"@context":"https:\/\/schema.org","@graph":[{"@type":"WebPage","@id":"https:\/\/business.roovi.com\/de\/adult-puzzle-1000-pieces-pattern-cats-cats\/p\/","url":"https:\/\/business.roovi.com\/de\/adult-puzzle-1000-pieces-pattern-cats-cats\/p\/","name":"Adult Puzzle 1000 pieces Pattern - Cats\/Cats","isPartOf":{"@id":"https:\/\/business.roovi.com\/de\/#website"},"datePublished":"2021-03-05T09:27:34+00:00","dateModified":"2023-02-28T07:47:09+00:00","description":"Adult Puzzle 1000 pieces Pattern - Cats\/Cats","breadcrumb":{"@id":"https:\/\/business.roovi.com\/de\/adult-puzzle-1000-pieces-pattern-cats-cats\/p\/#breadcrumb"},"inLanguage":"de","potentialAction":[{"@type":"ReadAction","target":["https:\/\/business.roovi.com\/de\/adult-puzzle-1000-pieces-pattern-cats-cats\/p\/"]}]},{"@type":"BreadcrumbList","@id":"https:\/\/business.roovi.com\/de\/adult-puzzle-1000-pieces-pattern-cats-cats\/p\/#breadcrumb","itemListElement":[{"@type":"ListItem","position":1,"name":"Home","item":"https:\/\/business.roovi.com\/de\/"},{"@type":"ListItem","position":2,"name":"Shop","item":"https:\/\/business.roovi.com\/de\/shop\/"},{"@type":"ListItem","position":3,"name":"Adult Puzzle 1000 pieces Pattern &#8211; Cats"}]},{"@type":"WebSite","@id":"https:\/\/business.roovi.com\/de\/#website","url":"https:\/\/business.roovi.com\/de\/","name":"Roovi B2B","description":"Roovi Business Website","potentialAction":[{"@type":"SearchAction","target":{"@type":"EntryPoint","urlTemplate":"https:\/\/business.roovi.com\/de\/?s={search_term_string}"},"query-input":"required name=search_term_string"}],"inLanguage":"de"}]}},"_links":{"self":[{"href":"https:\/\/business.roovi.com\/de\/wp-json\/wp\/v2\/product\/38908","targetHints":{"allow":["GET"]}}],"collection":[{"href":"https:\/\/business.roovi.com\/de\/wp-json\/wp\/v2\/product"}],"about":[{"href":"https:\/\/business.roovi.com\/de\/wp-json\/wp\/v2\/types\/product"}],"version-history":[{"count":0,"href":"https:\/\/business.roovi.com\/de\/wp-json\/wp\/v2\/product\/38908\/revisions"}],"wp:featuredmedia":[{"embeddable":true,"href":"https:\/\/business.roovi.com\/de\/wp-json\/wp\/v2\/media\/48603"}],"wp:attachment":[{"href":"https:\/\/business.roovi.com\/de\/wp-json\/wp\/v2\/media?parent=38908"}],"wp:term":[{"taxonomy":"product_brand","embeddable":true,"href":"https:\/\/business.roovi.com\/de\/wp-json\/wp\/v2\/product_brand?post=38908"},{"taxonomy":"product_cat","embeddable":true,"href":"https:\/\/business.roovi.com\/de\/wp-json\/wp\/v2\/product_cat?post=38908"},{"taxonomy":"product_tag","embeddable":true,"href":"https:\/\/business.roovi.com\/de\/wp-json\/wp\/v2\/product_tag?post=38908"}],"curies":[{"name":"wp","href":"https:\/\/api.w.org\/{rel}","templated":true}]}}