{"id":38918,"date":"2021-03-05T09:20:50","date_gmt":"2021-03-05T09:20:50","guid":{"rendered":"https:\/\/business.roovi.com\/puzzle-adulti-1000-piese-marie-spartali-stillman-fiammetta-singing\/p\/"},"modified":"2023-02-28T07:00:50","modified_gmt":"2023-02-28T07:00:50","slug":"marie-spartali-stillman-fiammetta-singing-1000-pieces-adult-puzzle","status":"publish","type":"product","link":"https:\/\/business.roovi.com\/de\/marie-spartali-stillman-fiammetta-singing-1000-pieces-adult-puzzle\/p\/","title":{"rendered":"Marie Spartali Stillman &#8211; Fiammetta Singing 1000 pieces adult puzzle"},"content":{"rendered":"<p><span style=\"font-weight: 400;\">Wir laden dich in die gr\u00f6\u00dfte Kunstgalerie mit 1000-teiligen Puzzles ein, die ber\u00fchmte Gem\u00e4lde darstellen. W\u00e4hle gro\u00dfartige Puzzlespiele, rekonstruiere die Bilder und bewundere die erstaunlichen Details der k\u00fcnstlerischen Meisterwerke.<\/span><\/p>\n<p><span style=\"font-weight: 400;\">Der Name Marie Spartali Stillman ist dir wahrscheinlich nicht bekannt. Die talentierte K\u00fcnstlerin lebte in der viktorianischen \u00c4ra, einer Zeit, in der es f\u00fcr Frauen schwer war, beruflich hervorzustechen. Dennoch genoss sie die Bewunderung und den Respekt ihrer pr\u00e4raffaelitischen Kollegen, die ihr k\u00fcnstlerisches Talent einhellig anerkannten.<\/span><\/p>\n<p><span style=\"font-weight: 400;\">Marie Spartali Stillman &#8211; Fiammetta Singing ist ein 1000-teiliges Puzzle, das das Bild des gleichnamigen Gem\u00e4ldes wiedergibt, in dessen Mittelpunkt die Figur der Fiammetta steht. Sie ist eine der ber\u00fchmtesten Frauenfiguren in Boccaccios Werken und war im Laufe der Jahre ein k\u00fcnstlerisches Vorbild f\u00fcr viele pr\u00e4raffaelitische Maler <\/span><\/p>\n<p><span style=\"font-weight: 400;\">M\u00f6chtest du die feinen Pinselstriche und erstaunlichen Details in diesem atemberaubenden Kunstwerk entdecken? Setze das Marie Spartali Stillman &#8211; Fiammetta Singing Kunstpuzzle zusammen und erhalte eine perfekte Kopie des pr\u00e4chtigen Gem\u00e4ldes. F\u00fcr die Montage kannst du einen normalen Couchtisch verwenden. Das rekonstruierte Bild ist 50 x 70 cm gro\u00df.<\/span><\/p>\n<p><span style=\"font-weight: 400;\">Das 1000 Teile Puzzle Marie Spartali Stillman &#8211; Fiammetta Singing:<\/span><\/p>\n<p><strong>Puzzle-Material <\/strong><\/p>\n<p><strong>hochwertiger blauer Karton<\/strong><\/p>\n<p><strong>nachhaltige, recycelbare Materialien<\/strong><\/p>\n<p><strong>halbgl\u00e4nzende Oberfl\u00e4che, leuchtende Farben<\/strong><\/p>\n<p><strong>Anzahl der Puzzleteile: 1000<\/strong><\/p>\n<p><strong>Empfohlenes Alter: 14+<\/strong><\/p>\n<p><strong>Warum ist so besonders Kunstr\u00e4tsel Marie Spartali Stillman &#8211; Fiammetta Singing<\/strong><\/p>\n<ul>\n<li><span style=\"font-weight: 400;\">Du bekommst ein faszinierendes Gem\u00e4lde, das du einrahmen und in deinem Zuhause ausstellen kannst.<\/span><\/li>\n<li><span style=\"font-weight: 400;\">Du wirst dich entspannen und dich von den Problemen des Alltags l\u00f6sen.<\/span><\/li>\n<li><span style=\"font-weight: 400;\">Du \u00fcbst und perfektionierst deine F\u00e4higkeiten im Zusammensetzen von Puzzles f\u00fcr Erwachsene.<\/span><\/li>\n<li><span style=\"font-weight: 400;\">Du wirst deine Aufmerksamkeit f\u00fcr Details und deine Konzentrationsf\u00e4higkeit verbessern.<\/span><\/li>\n<li><span style=\"font-weight: 400;\">Du wirst in anderen Situationen deines Lebens hartn\u00e4ckiger sein, weil du darauf trainiert bist.<\/span><\/li>\n<\/ul>\n<p><strong>\u00dcber<\/strong> <strong>Marie Spartali Stillman, wusstest du das?<\/strong><\/p>\n<p><span style=\"font-weight: 400;\">Sie stammte aus einer wohlhabenden Familie, die b\u00fcrgerliche Partys f\u00fcr angehende junge K\u00fcnstler veranstaltete.<\/span><\/p>\n<p><span style=\"font-weight: 400;\">Sie arbeitete als Modell f\u00fcr alle gro\u00dfen Maler der pr\u00e4raffaelitischen Gruppe: Edward Burne-Jones, James Whistler, Dante Gabriel Rossetti und viele andere <\/span><\/p>\n<p><span style=\"font-weight: 400;\">Sie heiratete William James Stillman, einen amerikanischen Maler und Schriftsteller, gegen den Willen der Familie und verzichtete auf ihr Erbe an ihn <\/span><\/p>\n<p><span style=\"font-weight: 400;\">Sie hat nie f\u00fcr ihren Mann gemodelt.<\/span><\/p>\n<p><span style=\"font-weight: 400;\">Man sagte, sie sei von seltener Sch\u00f6nheit. Dichter <\/span><span style=\"font-weight: 400;\">Algernon Charles Swinburne schrieb \u00fcber sie, dass <\/span><em><span style=\"font-weight: 400;\">&#8222;Sie ist so sch\u00f6n, dass ich mich hinsetze und weine&#8220;.<\/span><\/em><\/p>\n<p><strong>Puzzlekunst &#8211; eine komplette \u00dcbung f\u00fcr das Gehirn<\/strong><\/p>\n<p><span style=\"font-weight: 400;\">Wusstest du, dass du bei einem Puzzlespiel beide Gehirnh\u00e4lften trainierst? Die rechte Seite, die f\u00fcr kreatives und intuitives Denken zust\u00e4ndig ist, steht in einer gemeinsamen Front mit der linken Seite, die f\u00fcr logisches Denken zust\u00e4ndig ist.<\/span><\/p>\n<p><span style=\"font-weight: 400;\">Diese kreative und entspannende \u00dcbung, die du jeden Tag machst, h\u00e4lt dein Gehirn gesund und hilft, neurodegenerative Krankheiten wie Alzheimer oder Demenz zu verhindern.<\/span><\/p>\n<p><span style=\"font-weight: 400;\">Kaufe das Marie Spartali Stillman &#8211; Fiammetta Singing 1000 Teile Puzzle aus der Art Puzzle Collection und erlebe die einzigartige Erfahrung, ein ber\u00fchmtes Gem\u00e4lde zusammenzusetzen. Versammle deine Familie oder Freunde und stellt gemeinsam das 1000-teilige Puzzlebild nach.<\/span><\/p>\n<p><span style=\"font-weight: 400;\">Willst du einem lieben Menschen ein besonderes Geschenk machen? Das Marie Spartali Stillman &#8211; Fiammetta Singing Kunstpuzzle ist die perfekte Wahl f\u00fcr eine angenehme \u00dcberraschung.<\/span><\/p>\n","protected":false},"excerpt":{"rendered":"<p>Wir laden dich in die gr\u00f6\u00dfte Kunstgalerie mit 1000-teiligen Puzzles ein, die ber\u00fchmte Gem\u00e4lde darstellen. W\u00e4hle gro\u00dfartige Puzzlespiele, rekonstruiere die<\/p>\n","protected":false},"featured_media":64279,"template":"","meta":[],"product_brand":[],"product_cat":[1916,1875,1915],"product_tag":[],"class_list":{"0":"post-38918","1":"product","2":"type-product","3":"status-publish","4":"has-post-thumbnail","6":"product_cat-1000-teile-puzzle","7":"product_cat-puzzle-de","8":"product_cat-puzzlespiele-fur-erwachsene","9":"pa_brand-deico-de","10":"pa_country_of_manufacture-ro-de","11":"pa_filter_age-14-de","12":"pa_tip_ambalaj-kasten-a4-de","13":"pa_tip_puzzle-klassisch","15":"first","16":"instock","17":"taxable","18":"shipping-taxable","19":"product-type-simple"},"yoast_head":"<!-- This site is optimized with the Yoast SEO plugin v20.1 - https:\/\/yoast.com\/wordpress\/plugins\/seo\/ -->\n<title>Marie Spartali Stillman - Fiammetta Singing 1000 pieces adult puzzle<\/title>\n<meta name=\"description\" content=\"Marie Spartali Stillman - Fiammetta Singing 1000 pieces adult puzzle\" \/>\n<meta name=\"robots\" content=\"index, follow, max-snippet:-1, max-image-preview:large, max-video-preview:-1\" \/>\n<link rel=\"canonical\" href=\"https:\/\/business.roovi.com\/de\/marie-spartali-stillman-fiammetta-singing-1000-pieces-adult-puzzle\/p\/\" \/>\n<meta property=\"og:locale\" content=\"de_DE\" \/>\n<meta property=\"og:type\" content=\"article\" \/>\n<meta property=\"og:title\" content=\"Marie Spartali Stillman - Fiammetta Singing 1000 pieces adult puzzle\" \/>\n<meta property=\"og:description\" content=\"Marie Spartali Stillman - Fiammetta Singing 1000 pieces adult puzzle\" \/>\n<meta property=\"og:url\" content=\"https:\/\/business.roovi.com\/de\/marie-spartali-stillman-fiammetta-singing-1000-pieces-adult-puzzle\/p\/\" \/>\n<meta property=\"og:site_name\" content=\"Roovi B2B\" \/>\n<meta property=\"article:publisher\" content=\"https:\/\/www.facebook.com\/wwwjucariero\" \/>\n<meta property=\"article:modified_time\" content=\"2023-02-28T07:00:50+00:00\" \/>\n<meta property=\"og:image\" content=\"https:\/\/business.roovi.com\/wp-content\/uploads\/2021\/03\/77462-WEB-1.jpg\" \/>\n\t<meta property=\"og:image:width\" content=\"1200\" \/>\n\t<meta property=\"og:image:height\" content=\"1200\" \/>\n\t<meta property=\"og:image:type\" content=\"image\/jpeg\" \/>\n<meta name=\"twitter:label1\" content=\"Gesch\u00e4tzte Lesezeit\" \/>\n\t<meta name=\"twitter:data1\" content=\"3\u00a0Minuten\" \/>\n<script type=\"application\/ld+json\" class=\"yoast-schema-graph\">{\"@context\":\"https:\/\/schema.org\",\"@graph\":[{\"@type\":\"WebPage\",\"@id\":\"https:\/\/business.roovi.com\/de\/marie-spartali-stillman-fiammetta-singing-1000-pieces-adult-puzzle\/p\/\",\"url\":\"https:\/\/business.roovi.com\/de\/marie-spartali-stillman-fiammetta-singing-1000-pieces-adult-puzzle\/p\/\",\"name\":\"Marie Spartali Stillman - Fiammetta Singing 1000 pieces adult puzzle\",\"isPartOf\":{\"@id\":\"https:\/\/business.roovi.com\/de\/#website\"},\"datePublished\":\"2021-03-05T09:20:50+00:00\",\"dateModified\":\"2023-02-28T07:00:50+00:00\",\"description\":\"Marie Spartali Stillman - Fiammetta Singing 1000 pieces adult puzzle\",\"breadcrumb\":{\"@id\":\"https:\/\/business.roovi.com\/de\/marie-spartali-stillman-fiammetta-singing-1000-pieces-adult-puzzle\/p\/#breadcrumb\"},\"inLanguage\":\"de\",\"potentialAction\":[{\"@type\":\"ReadAction\",\"target\":[\"https:\/\/business.roovi.com\/de\/marie-spartali-stillman-fiammetta-singing-1000-pieces-adult-puzzle\/p\/\"]}]},{\"@type\":\"BreadcrumbList\",\"@id\":\"https:\/\/business.roovi.com\/de\/marie-spartali-stillman-fiammetta-singing-1000-pieces-adult-puzzle\/p\/#breadcrumb\",\"itemListElement\":[{\"@type\":\"ListItem\",\"position\":1,\"name\":\"Home\",\"item\":\"https:\/\/business.roovi.com\/de\/\"},{\"@type\":\"ListItem\",\"position\":2,\"name\":\"Shop\",\"item\":\"https:\/\/business.roovi.com\/de\/shop\/\"},{\"@type\":\"ListItem\",\"position\":3,\"name\":\"Marie Spartali Stillman &#8211; Fiammetta Singing 1000 pieces adult puzzle\"}]},{\"@type\":\"WebSite\",\"@id\":\"https:\/\/business.roovi.com\/de\/#website\",\"url\":\"https:\/\/business.roovi.com\/de\/\",\"name\":\"Roovi B2B\",\"description\":\"Roovi Business Website\",\"potentialAction\":[{\"@type\":\"SearchAction\",\"target\":{\"@type\":\"EntryPoint\",\"urlTemplate\":\"https:\/\/business.roovi.com\/de\/?s={search_term_string}\"},\"query-input\":\"required name=search_term_string\"}],\"inLanguage\":\"de\"}]}<\/script>\n<!-- \/ Yoast SEO plugin. -->","yoast_head_json":{"title":"Marie Spartali Stillman - Fiammetta Singing 1000 pieces adult puzzle","description":"Marie Spartali Stillman - Fiammetta Singing 1000 pieces adult puzzle","robots":{"index":"index","follow":"follow","max-snippet":"max-snippet:-1","max-image-preview":"max-image-preview:large","max-video-preview":"max-video-preview:-1"},"canonical":"https:\/\/business.roovi.com\/de\/marie-spartali-stillman-fiammetta-singing-1000-pieces-adult-puzzle\/p\/","og_locale":"de_DE","og_type":"article","og_title":"Marie Spartali Stillman - Fiammetta Singing 1000 pieces adult puzzle","og_description":"Marie Spartali Stillman - Fiammetta Singing 1000 pieces adult puzzle","og_url":"https:\/\/business.roovi.com\/de\/marie-spartali-stillman-fiammetta-singing-1000-pieces-adult-puzzle\/p\/","og_site_name":"Roovi B2B","article_publisher":"https:\/\/www.facebook.com\/wwwjucariero","article_modified_time":"2023-02-28T07:00:50+00:00","og_image":[{"width":1200,"height":1200,"url":"https:\/\/business.roovi.com\/wp-content\/uploads\/2021\/03\/77462-WEB-1.jpg","type":"image\/jpeg"}],"twitter_misc":{"Gesch\u00e4tzte Lesezeit":"3\u00a0Minuten"},"schema":{"@context":"https:\/\/schema.org","@graph":[{"@type":"WebPage","@id":"https:\/\/business.roovi.com\/de\/marie-spartali-stillman-fiammetta-singing-1000-pieces-adult-puzzle\/p\/","url":"https:\/\/business.roovi.com\/de\/marie-spartali-stillman-fiammetta-singing-1000-pieces-adult-puzzle\/p\/","name":"Marie Spartali Stillman - Fiammetta Singing 1000 pieces adult puzzle","isPartOf":{"@id":"https:\/\/business.roovi.com\/de\/#website"},"datePublished":"2021-03-05T09:20:50+00:00","dateModified":"2023-02-28T07:00:50+00:00","description":"Marie Spartali Stillman - Fiammetta Singing 1000 pieces adult puzzle","breadcrumb":{"@id":"https:\/\/business.roovi.com\/de\/marie-spartali-stillman-fiammetta-singing-1000-pieces-adult-puzzle\/p\/#breadcrumb"},"inLanguage":"de","potentialAction":[{"@type":"ReadAction","target":["https:\/\/business.roovi.com\/de\/marie-spartali-stillman-fiammetta-singing-1000-pieces-adult-puzzle\/p\/"]}]},{"@type":"BreadcrumbList","@id":"https:\/\/business.roovi.com\/de\/marie-spartali-stillman-fiammetta-singing-1000-pieces-adult-puzzle\/p\/#breadcrumb","itemListElement":[{"@type":"ListItem","position":1,"name":"Home","item":"https:\/\/business.roovi.com\/de\/"},{"@type":"ListItem","position":2,"name":"Shop","item":"https:\/\/business.roovi.com\/de\/shop\/"},{"@type":"ListItem","position":3,"name":"Marie Spartali Stillman &#8211; Fiammetta Singing 1000 pieces adult puzzle"}]},{"@type":"WebSite","@id":"https:\/\/business.roovi.com\/de\/#website","url":"https:\/\/business.roovi.com\/de\/","name":"Roovi B2B","description":"Roovi Business Website","potentialAction":[{"@type":"SearchAction","target":{"@type":"EntryPoint","urlTemplate":"https:\/\/business.roovi.com\/de\/?s={search_term_string}"},"query-input":"required name=search_term_string"}],"inLanguage":"de"}]}},"_links":{"self":[{"href":"https:\/\/business.roovi.com\/de\/wp-json\/wp\/v2\/product\/38918","targetHints":{"allow":["GET"]}}],"collection":[{"href":"https:\/\/business.roovi.com\/de\/wp-json\/wp\/v2\/product"}],"about":[{"href":"https:\/\/business.roovi.com\/de\/wp-json\/wp\/v2\/types\/product"}],"version-history":[{"count":0,"href":"https:\/\/business.roovi.com\/de\/wp-json\/wp\/v2\/product\/38918\/revisions"}],"wp:featuredmedia":[{"embeddable":true,"href":"https:\/\/business.roovi.com\/de\/wp-json\/wp\/v2\/media\/64279"}],"wp:attachment":[{"href":"https:\/\/business.roovi.com\/de\/wp-json\/wp\/v2\/media?parent=38918"}],"wp:term":[{"taxonomy":"product_brand","embeddable":true,"href":"https:\/\/business.roovi.com\/de\/wp-json\/wp\/v2\/product_brand?post=38918"},{"taxonomy":"product_cat","embeddable":true,"href":"https:\/\/business.roovi.com\/de\/wp-json\/wp\/v2\/product_cat?post=38918"},{"taxonomy":"product_tag","embeddable":true,"href":"https:\/\/business.roovi.com\/de\/wp-json\/wp\/v2\/product_tag?post=38918"}],"curies":[{"name":"wp","href":"https:\/\/api.w.org\/{rel}","templated":true}]}}