{"id":38926,"date":"2021-03-05T09:16:55","date_gmt":"2021-03-05T09:16:55","guid":{"rendered":"https:\/\/business.roovi.com\/puzzle-adulti-1000-piese-emile-vernon-the-flower-garden\/p\/"},"modified":"2022-07-06T11:29:15","modified_gmt":"2022-07-06T11:29:15","slug":"emile-vernon-der-blumengarten-1000-teile-puzzle-fur-erwachsene","status":"publish","type":"product","link":"https:\/\/business.roovi.com\/de\/emile-vernon-der-blumengarten-1000-teile-puzzle-fur-erwachsene\/p\/","title":{"rendered":"\u00c9mile Vernon &#8211; Der Blumengarten 1000 Teile Puzzle f\u00fcr Erwachsene"},"content":{"rendered":"<p><span style=\"font-weight: 400\">Suchst du nach einer lustigen Aktivit\u00e4t f\u00fcr langweilige Wochenenden? Oder vielleicht ein einzigartiges Geschenk f\u00fcr einen Freund? W\u00e4hle aus Hunderten von Puzzlespielen aus der Kunstpuzzle-Kollektion und verbringe unvergessliche Momente mit deinen Liebsten, indem du Bilder ber\u00fchmter Gem\u00e4lde zusammensetzt.<\/span><\/p>\n<p><span style=\"font-weight: 400\">Um deine Freizeit sinnvoll zu gestalten, haben wir eine tolle Empfehlung f\u00fcr dich: das 1000-Teile-Puzzle \u00c9mile Vernon &#8211; Der Blumengarten. Das Bild zeigt das Portr\u00e4t einer jungen Frau in einem flie\u00dfenden Sommerkleid, die einen Korb mit Blumen tr\u00e4gt <\/span><\/p>\n<p><span style=\"font-weight: 400\">Vernons Kunst ist eine Hommage an die weibliche Sch\u00f6nheit. Die Frauen auf seinen Bildern sind umwerfend sch\u00f6n, strahlend und gl\u00fccklich. Wenn auch du ein Meisterwerk bewundern willst, das weibliche Sch\u00f6nheit und Romantik zelebriert, ist \u00c9mile Vernon &#8211; The Flower Garden 1000 Teile Puzzle die perfekte Wahl.<\/span><\/p>\n<p><span style=\"font-weight: 400\">Wir empfehlen, einen Standard-Couchtisch f\u00fcr den Wiederaufbau und die Unterst\u00fctzung der St\u00fccke zu verwenden. Das rekonstruierte Bild ist 70 x 50 cm gro\u00df. Weitere Merkmale des Kunstpuzzles \u00c9mile Vernon &#8211; The Flower Garden findest du unten:<\/span><\/p>\n<p><strong>Puzzle-Material <\/strong><\/p>\n<p><strong>hochwertiger blauer Karton<\/strong><\/p>\n<p><strong>nachhaltige, recycelbare Materialien<\/strong><\/p>\n<p><strong>halbgl\u00e4nzende Oberfl\u00e4che, leuchtende Farben<\/strong><\/p>\n<p><strong>Anzahl der Puzzleteile: 1000<\/strong><\/p>\n<p><strong>Empfohlenes Alter: 14+<\/strong><\/p>\n<p><strong>Warum ist das Kunstr\u00e4tsel \u00c9mile Vernon &#8211; Der Blumengarten so besonders?<\/strong><\/p>\n<p><span style=\"font-weight: 400\">Du bekommst ein Gem\u00e4lde in warmen Farben, das deine Augen erfreuen wird, wann immer du es ansiehst.<\/span><\/p>\n<p><span style=\"font-weight: 400\">Du hast die M\u00f6glichkeit, einen K\u00fcnstler aus dem 19. Jahrhundert durch ein 1000-Teile-Puzzle kennenzulernen.<\/span><\/p>\n<p><span style=\"font-weight: 400\">Du trainierst deine R\u00e4tself\u00e4higkeiten.<\/span><\/p>\n<p><span style=\"font-weight: 400\">Du bekommst viele Stunden der Entspannung und des Loslassens.<\/span><\/p>\n<p><span style=\"font-weight: 400\">Du entwickelst deine Fantasie und deinen k\u00fcnstlerischen Sinn.<\/span><\/p>\n<p><span style=\"font-weight: 400\">Du lernst, auf Details zu achten und die kleinen Dinge zu sch\u00e4tzen, die den Unterschied ausmachen und dem Kunstwerk Wert verleihen.<\/span><\/p>\n<p><strong>Wusstest du, dass&#8230;?<\/strong><\/p>\n<p><span style=\"font-weight: 400\">\u00c9mile Vernon war ein franz\u00f6sischer Maler, der f\u00fcr seine Kunstwerke bekannt war.<\/span><\/p>\n<p><span style=\"font-weight: 400\">Er studierte Malerei an der \u00c9cole des Beaux-Arts in Tours und sp\u00e4ter in Paris und stellte bis 1913 viele Bilder im Salon des Artistes Fran\u00e7ais aus.<\/span><\/p>\n<p><span style=\"font-weight: 400\">Er malte vor allem Landschaften und Portr\u00e4ts von Frauen und Kindern, in l\u00e4ndlicher Umgebung und warmen Farben, die Fr\u00f6hlichkeit und Lebensfreude vermitteln.<\/span><\/p>\n<p><span style=\"font-weight: 400\">Er malte auch mehrere Wandgem\u00e4lde, wie das im Theater von Ch\u00e2tellerault im Jahr 1899.<\/span><\/p>\n<p><span style=\"font-weight: 400\">Die Kunstkritiker loben ihn f\u00fcr seinen akademischen Stil und w\u00fcrdigen ihn f\u00fcr seine charmanten, durchscheinenden Gem\u00e4lde.<\/span><\/p>\n<p><strong>Kunstr\u00e4tsel f\u00fcr Harmonie und Familienspa\u00df<\/strong><\/p>\n<p><span style=\"font-weight: 400\">Zeit mit geliebten Menschen zu verbringen und unvergessliche Erinnerungen zu schaffen, ist wichtig, um sich gl\u00fccklich und erf\u00fcllt zu f\u00fchlen. Puzzlespiele sind eine M\u00f6glichkeit, sich zu entspannen und gemeinsam Spa\u00df zu haben. Sie bringen euch einander n\u00e4her und geben euch die M\u00f6glichkeit, euch besser kennenzulernen.<\/span><\/p>\n<p><span style=\"font-weight: 400\">\u00dcberlege dir gemeinsam mit deinen Kindern, Eltern oder Gro\u00dfeltern Strategien und baue erstaunliche Bilder aus Puzzlest\u00fccken. Um die Erinnerung an die wunderbare Zeit in den eigenen vier W\u00e4nden zu bewahren, kannst du die entstandenen Bilder einrahmen. Du wirst ein mit deinen eigenen H\u00e4nden geschaffenes Meisterwerk bewundern und eine wertvolle Erinnerung an eure gemeinsame Zeit haben.<\/span><\/p>\n<p><span style=\"font-weight: 400\">Kaufe jetzt das 1000 Teile Puzzle \u00c9mile Vernon &#8211; Der Blumengarten und entdecke die faszinierende Welt der Farben durch ein Kunstpuzzle. W\u00e4hle aus unserem Angebot an Kunstpuzzles und anderen ber\u00fchmten Gem\u00e4ldepuzzles und erstelle deine eigene Sammlung von 1000-Teile-Gem\u00e4ldepuzzles.<\/span><\/p>\n<p><span style=\"font-weight: 400\">Willst du ein besonderes Geschenk f\u00fcr einen guten Freund machen? Das Kunstpuzzle \u00c9mile Vernon &#8211; Der Blumengarten ist die perfekte Wahl.<\/span><\/p><\/p>\n","protected":false},"excerpt":{"rendered":"<p>Suchst du nach einer lustigen Aktivit\u00e4t f\u00fcr langweilige Wochenenden? Oder vielleicht ein einzigartiges Geschenk f\u00fcr einen Freund? W\u00e4hle aus Hunderten<\/p>\n","protected":false},"featured_media":64303,"template":"","meta":[],"product_brand":[],"product_cat":[1916,1875,1915],"product_tag":[],"class_list":{"0":"post-38926","1":"product","2":"type-product","3":"status-publish","4":"has-post-thumbnail","6":"product_cat-1000-teile-puzzle","7":"product_cat-puzzle-de","8":"product_cat-puzzlespiele-fur-erwachsene","9":"pa_brand-deico-de","10":"pa_country_of_manufacture-ro-de","11":"pa_filter_age-14-de","12":"pa_tip_ambalaj-kasten-a4-de","13":"pa_tip_puzzle-klassisch","15":"first","16":"instock","17":"taxable","18":"shipping-taxable","19":"product-type-simple"},"yoast_head":"<!-- This site is optimized with the Yoast SEO plugin v20.1 - https:\/\/yoast.com\/wordpress\/plugins\/seo\/ -->\n<title>\u00c9mile Vernon - Der Blumengarten 1000 Teile Puzzle f\u00fcr Erwachsene<\/title>\n<meta name=\"description\" content=\"\u00c9mile Vernon - Der Blumengarten 1000 Teile Puzzle f\u00fcr Erwachsene\" \/>\n<meta name=\"robots\" content=\"index, follow, max-snippet:-1, max-image-preview:large, max-video-preview:-1\" \/>\n<link rel=\"canonical\" href=\"https:\/\/business.roovi.com\/de\/emile-vernon-der-blumengarten-1000-teile-puzzle-fur-erwachsene\/p\/\" \/>\n<meta property=\"og:locale\" content=\"de_DE\" \/>\n<meta property=\"og:type\" content=\"article\" \/>\n<meta property=\"og:title\" content=\"\u00c9mile Vernon - Der Blumengarten 1000 Teile Puzzle f\u00fcr Erwachsene\" \/>\n<meta property=\"og:description\" content=\"\u00c9mile Vernon - Der Blumengarten 1000 Teile Puzzle f\u00fcr Erwachsene\" \/>\n<meta property=\"og:url\" content=\"https:\/\/business.roovi.com\/de\/emile-vernon-der-blumengarten-1000-teile-puzzle-fur-erwachsene\/p\/\" \/>\n<meta property=\"og:site_name\" content=\"Roovi B2B\" \/>\n<meta property=\"article:publisher\" content=\"https:\/\/www.facebook.com\/wwwjucariero\" \/>\n<meta property=\"article:modified_time\" content=\"2022-07-06T11:29:15+00:00\" \/>\n<meta property=\"og:image\" content=\"https:\/\/business.roovi.com\/wp-content\/uploads\/2021\/03\/puzzle_1000_deico_games_mile_vernon_the_flower_garden-77608.jpg\" \/>\n\t<meta property=\"og:image:width\" content=\"1000\" \/>\n\t<meta property=\"og:image:height\" content=\"1000\" \/>\n\t<meta property=\"og:image:type\" content=\"image\/jpeg\" \/>\n<meta name=\"twitter:label1\" content=\"Gesch\u00e4tzte Lesezeit\" \/>\n\t<meta name=\"twitter:data1\" content=\"3\u00a0Minuten\" \/>\n<script type=\"application\/ld+json\" class=\"yoast-schema-graph\">{\"@context\":\"https:\/\/schema.org\",\"@graph\":[{\"@type\":\"WebPage\",\"@id\":\"https:\/\/business.roovi.com\/de\/emile-vernon-der-blumengarten-1000-teile-puzzle-fur-erwachsene\/p\/\",\"url\":\"https:\/\/business.roovi.com\/de\/emile-vernon-der-blumengarten-1000-teile-puzzle-fur-erwachsene\/p\/\",\"name\":\"\u00c9mile Vernon - Der Blumengarten 1000 Teile Puzzle f\u00fcr Erwachsene\",\"isPartOf\":{\"@id\":\"https:\/\/business.roovi.com\/de\/#website\"},\"datePublished\":\"2021-03-05T09:16:55+00:00\",\"dateModified\":\"2022-07-06T11:29:15+00:00\",\"description\":\"\u00c9mile Vernon - Der Blumengarten 1000 Teile Puzzle f\u00fcr Erwachsene\",\"breadcrumb\":{\"@id\":\"https:\/\/business.roovi.com\/de\/emile-vernon-der-blumengarten-1000-teile-puzzle-fur-erwachsene\/p\/#breadcrumb\"},\"inLanguage\":\"de\",\"potentialAction\":[{\"@type\":\"ReadAction\",\"target\":[\"https:\/\/business.roovi.com\/de\/emile-vernon-der-blumengarten-1000-teile-puzzle-fur-erwachsene\/p\/\"]}]},{\"@type\":\"BreadcrumbList\",\"@id\":\"https:\/\/business.roovi.com\/de\/emile-vernon-der-blumengarten-1000-teile-puzzle-fur-erwachsene\/p\/#breadcrumb\",\"itemListElement\":[{\"@type\":\"ListItem\",\"position\":1,\"name\":\"Home\",\"item\":\"https:\/\/business.roovi.com\/de\/\"},{\"@type\":\"ListItem\",\"position\":2,\"name\":\"Shop\",\"item\":\"https:\/\/business.roovi.com\/de\/shop\/\"},{\"@type\":\"ListItem\",\"position\":3,\"name\":\"\u00c9mile Vernon &#8211; Der Blumengarten 1000 Teile Puzzle f\u00fcr Erwachsene\"}]},{\"@type\":\"WebSite\",\"@id\":\"https:\/\/business.roovi.com\/de\/#website\",\"url\":\"https:\/\/business.roovi.com\/de\/\",\"name\":\"Roovi B2B\",\"description\":\"Roovi Business Website\",\"potentialAction\":[{\"@type\":\"SearchAction\",\"target\":{\"@type\":\"EntryPoint\",\"urlTemplate\":\"https:\/\/business.roovi.com\/de\/?s={search_term_string}\"},\"query-input\":\"required name=search_term_string\"}],\"inLanguage\":\"de\"}]}<\/script>\n<!-- \/ Yoast SEO plugin. -->","yoast_head_json":{"title":"\u00c9mile Vernon - Der Blumengarten 1000 Teile Puzzle f\u00fcr Erwachsene","description":"\u00c9mile Vernon - Der Blumengarten 1000 Teile Puzzle f\u00fcr Erwachsene","robots":{"index":"index","follow":"follow","max-snippet":"max-snippet:-1","max-image-preview":"max-image-preview:large","max-video-preview":"max-video-preview:-1"},"canonical":"https:\/\/business.roovi.com\/de\/emile-vernon-der-blumengarten-1000-teile-puzzle-fur-erwachsene\/p\/","og_locale":"de_DE","og_type":"article","og_title":"\u00c9mile Vernon - Der Blumengarten 1000 Teile Puzzle f\u00fcr Erwachsene","og_description":"\u00c9mile Vernon - Der Blumengarten 1000 Teile Puzzle f\u00fcr Erwachsene","og_url":"https:\/\/business.roovi.com\/de\/emile-vernon-der-blumengarten-1000-teile-puzzle-fur-erwachsene\/p\/","og_site_name":"Roovi B2B","article_publisher":"https:\/\/www.facebook.com\/wwwjucariero","article_modified_time":"2022-07-06T11:29:15+00:00","og_image":[{"width":1000,"height":1000,"url":"https:\/\/business.roovi.com\/wp-content\/uploads\/2021\/03\/puzzle_1000_deico_games_mile_vernon_the_flower_garden-77608.jpg","type":"image\/jpeg"}],"twitter_misc":{"Gesch\u00e4tzte Lesezeit":"3\u00a0Minuten"},"schema":{"@context":"https:\/\/schema.org","@graph":[{"@type":"WebPage","@id":"https:\/\/business.roovi.com\/de\/emile-vernon-der-blumengarten-1000-teile-puzzle-fur-erwachsene\/p\/","url":"https:\/\/business.roovi.com\/de\/emile-vernon-der-blumengarten-1000-teile-puzzle-fur-erwachsene\/p\/","name":"\u00c9mile Vernon - Der Blumengarten 1000 Teile Puzzle f\u00fcr Erwachsene","isPartOf":{"@id":"https:\/\/business.roovi.com\/de\/#website"},"datePublished":"2021-03-05T09:16:55+00:00","dateModified":"2022-07-06T11:29:15+00:00","description":"\u00c9mile Vernon - Der Blumengarten 1000 Teile Puzzle f\u00fcr Erwachsene","breadcrumb":{"@id":"https:\/\/business.roovi.com\/de\/emile-vernon-der-blumengarten-1000-teile-puzzle-fur-erwachsene\/p\/#breadcrumb"},"inLanguage":"de","potentialAction":[{"@type":"ReadAction","target":["https:\/\/business.roovi.com\/de\/emile-vernon-der-blumengarten-1000-teile-puzzle-fur-erwachsene\/p\/"]}]},{"@type":"BreadcrumbList","@id":"https:\/\/business.roovi.com\/de\/emile-vernon-der-blumengarten-1000-teile-puzzle-fur-erwachsene\/p\/#breadcrumb","itemListElement":[{"@type":"ListItem","position":1,"name":"Home","item":"https:\/\/business.roovi.com\/de\/"},{"@type":"ListItem","position":2,"name":"Shop","item":"https:\/\/business.roovi.com\/de\/shop\/"},{"@type":"ListItem","position":3,"name":"\u00c9mile Vernon &#8211; Der Blumengarten 1000 Teile Puzzle f\u00fcr Erwachsene"}]},{"@type":"WebSite","@id":"https:\/\/business.roovi.com\/de\/#website","url":"https:\/\/business.roovi.com\/de\/","name":"Roovi B2B","description":"Roovi Business Website","potentialAction":[{"@type":"SearchAction","target":{"@type":"EntryPoint","urlTemplate":"https:\/\/business.roovi.com\/de\/?s={search_term_string}"},"query-input":"required name=search_term_string"}],"inLanguage":"de"}]}},"_links":{"self":[{"href":"https:\/\/business.roovi.com\/de\/wp-json\/wp\/v2\/product\/38926","targetHints":{"allow":["GET"]}}],"collection":[{"href":"https:\/\/business.roovi.com\/de\/wp-json\/wp\/v2\/product"}],"about":[{"href":"https:\/\/business.roovi.com\/de\/wp-json\/wp\/v2\/types\/product"}],"version-history":[{"count":0,"href":"https:\/\/business.roovi.com\/de\/wp-json\/wp\/v2\/product\/38926\/revisions"}],"wp:featuredmedia":[{"embeddable":true,"href":"https:\/\/business.roovi.com\/de\/wp-json\/wp\/v2\/media\/64303"}],"wp:attachment":[{"href":"https:\/\/business.roovi.com\/de\/wp-json\/wp\/v2\/media?parent=38926"}],"wp:term":[{"taxonomy":"product_brand","embeddable":true,"href":"https:\/\/business.roovi.com\/de\/wp-json\/wp\/v2\/product_brand?post=38926"},{"taxonomy":"product_cat","embeddable":true,"href":"https:\/\/business.roovi.com\/de\/wp-json\/wp\/v2\/product_cat?post=38926"},{"taxonomy":"product_tag","embeddable":true,"href":"https:\/\/business.roovi.com\/de\/wp-json\/wp\/v2\/product_tag?post=38926"}],"curies":[{"name":"wp","href":"https:\/\/api.w.org\/{rel}","templated":true}]}}