{"id":38987,"date":"2020-12-15T10:46:00","date_gmt":"2020-12-15T10:46:00","guid":{"rendered":"https:\/\/business.roovi.com\/circuite-electronice\/p\/"},"modified":"2023-03-08T09:40:28","modified_gmt":"2023-03-08T09:40:28","slug":"elektronische-schaltungen","status":"publish","type":"product","link":"https:\/\/business.roovi.com\/de\/elektronische-schaltungen\/p\/","title":{"rendered":"Elektronische Schaltungen"},"content":{"rendered":"<p>Ein spannendes Lernspiel f\u00fcr clevere Spieler mit \u00fcber 80 Aufbaum\u00f6glichkeiten.<\/p>\n","protected":false},"excerpt":{"rendered":"<p>Ein spannendes Lernspiel f\u00fcr clevere Spieler mit \u00fcber 80 Aufbaum\u00f6glichkeiten.<\/p>\n","protected":false},"featured_media":66285,"template":"","meta":[],"product_brand":[],"product_cat":[1896,1898],"product_tag":[],"class_list":{"0":"post-38987","1":"product","2":"type-product","3":"status-publish","4":"has-post-thumbnail","6":"product_cat-padagogische-und-wissenschaftliche-spiele","7":"product_cat-wissenschaftliche-spiele","8":"pa_brand-d_toys-de","9":"pa_country_of_manufacture-ro-de","10":"pa_filter_age-5_7-de","11":"pa_filter_age-7_9-de","12":"pa_filter_age-9_14-de","13":"pa_tip_ambalaj-kasten-a4-de","15":"first","16":"instock","17":"taxable","18":"shipping-taxable","19":"product-type-simple"},"yoast_head":"<!-- This site is optimized with the Yoast SEO plugin v20.1 - https:\/\/yoast.com\/wordpress\/plugins\/seo\/ -->\n<title>Elektronische Schaltungen<\/title>\n<meta name=\"description\" content=\"Elektronische Schaltungen\" \/>\n<meta name=\"robots\" content=\"index, follow, max-snippet:-1, max-image-preview:large, max-video-preview:-1\" \/>\n<link rel=\"canonical\" href=\"https:\/\/business.roovi.com\/de\/elektronische-schaltungen\/p\/\" \/>\n<meta property=\"og:locale\" content=\"de_DE\" \/>\n<meta property=\"og:type\" content=\"article\" \/>\n<meta property=\"og:title\" content=\"Elektronische Schaltungen\" \/>\n<meta property=\"og:description\" content=\"Elektronische Schaltungen\" \/>\n<meta property=\"og:url\" content=\"https:\/\/business.roovi.com\/de\/elektronische-schaltungen\/p\/\" \/>\n<meta property=\"og:site_name\" content=\"Roovi B2B\" \/>\n<meta property=\"article:publisher\" content=\"https:\/\/www.facebook.com\/wwwjucariero\" \/>\n<meta property=\"article:modified_time\" content=\"2023-03-08T09:40:28+00:00\" \/>\n<meta property=\"og:image\" content=\"https:\/\/business.roovi.com\/wp-content\/uploads\/2020\/12\/Elektronische-Schaltungen.jpg\" \/>\n\t<meta property=\"og:image:width\" content=\"2356\" \/>\n\t<meta property=\"og:image:height\" content=\"2356\" \/>\n\t<meta property=\"og:image:type\" content=\"image\/jpeg\" \/>\n<meta name=\"twitter:label1\" content=\"Gesch\u00e4tzte Lesezeit\" \/>\n\t<meta name=\"twitter:data1\" content=\"1\u00a0Minute\" \/>\n<script type=\"application\/ld+json\" class=\"yoast-schema-graph\">{\"@context\":\"https:\/\/schema.org\",\"@graph\":[{\"@type\":\"WebPage\",\"@id\":\"https:\/\/business.roovi.com\/de\/elektronische-schaltungen\/p\/\",\"url\":\"https:\/\/business.roovi.com\/de\/elektronische-schaltungen\/p\/\",\"name\":\"Elektronische Schaltungen\",\"isPartOf\":{\"@id\":\"https:\/\/business.roovi.com\/de\/#website\"},\"datePublished\":\"2020-12-15T10:46:00+00:00\",\"dateModified\":\"2023-03-08T09:40:28+00:00\",\"description\":\"Elektronische Schaltungen\",\"breadcrumb\":{\"@id\":\"https:\/\/business.roovi.com\/de\/elektronische-schaltungen\/p\/#breadcrumb\"},\"inLanguage\":\"de\",\"potentialAction\":[{\"@type\":\"ReadAction\",\"target\":[\"https:\/\/business.roovi.com\/de\/elektronische-schaltungen\/p\/\"]}]},{\"@type\":\"BreadcrumbList\",\"@id\":\"https:\/\/business.roovi.com\/de\/elektronische-schaltungen\/p\/#breadcrumb\",\"itemListElement\":[{\"@type\":\"ListItem\",\"position\":1,\"name\":\"Home\",\"item\":\"https:\/\/business.roovi.com\/de\/\"},{\"@type\":\"ListItem\",\"position\":2,\"name\":\"Shop\",\"item\":\"https:\/\/business.roovi.com\/de\/shop\/\"},{\"@type\":\"ListItem\",\"position\":3,\"name\":\"Elektronische Schaltungen\"}]},{\"@type\":\"WebSite\",\"@id\":\"https:\/\/business.roovi.com\/de\/#website\",\"url\":\"https:\/\/business.roovi.com\/de\/\",\"name\":\"Roovi B2B\",\"description\":\"Roovi Business Website\",\"potentialAction\":[{\"@type\":\"SearchAction\",\"target\":{\"@type\":\"EntryPoint\",\"urlTemplate\":\"https:\/\/business.roovi.com\/de\/?s={search_term_string}\"},\"query-input\":\"required name=search_term_string\"}],\"inLanguage\":\"de\"}]}<\/script>\n<!-- \/ Yoast SEO plugin. -->","yoast_head_json":{"title":"Elektronische Schaltungen","description":"Elektronische Schaltungen","robots":{"index":"index","follow":"follow","max-snippet":"max-snippet:-1","max-image-preview":"max-image-preview:large","max-video-preview":"max-video-preview:-1"},"canonical":"https:\/\/business.roovi.com\/de\/elektronische-schaltungen\/p\/","og_locale":"de_DE","og_type":"article","og_title":"Elektronische Schaltungen","og_description":"Elektronische Schaltungen","og_url":"https:\/\/business.roovi.com\/de\/elektronische-schaltungen\/p\/","og_site_name":"Roovi B2B","article_publisher":"https:\/\/www.facebook.com\/wwwjucariero","article_modified_time":"2023-03-08T09:40:28+00:00","og_image":[{"width":2356,"height":2356,"url":"https:\/\/business.roovi.com\/wp-content\/uploads\/2020\/12\/Elektronische-Schaltungen.jpg","type":"image\/jpeg"}],"twitter_misc":{"Gesch\u00e4tzte Lesezeit":"1\u00a0Minute"},"schema":{"@context":"https:\/\/schema.org","@graph":[{"@type":"WebPage","@id":"https:\/\/business.roovi.com\/de\/elektronische-schaltungen\/p\/","url":"https:\/\/business.roovi.com\/de\/elektronische-schaltungen\/p\/","name":"Elektronische Schaltungen","isPartOf":{"@id":"https:\/\/business.roovi.com\/de\/#website"},"datePublished":"2020-12-15T10:46:00+00:00","dateModified":"2023-03-08T09:40:28+00:00","description":"Elektronische Schaltungen","breadcrumb":{"@id":"https:\/\/business.roovi.com\/de\/elektronische-schaltungen\/p\/#breadcrumb"},"inLanguage":"de","potentialAction":[{"@type":"ReadAction","target":["https:\/\/business.roovi.com\/de\/elektronische-schaltungen\/p\/"]}]},{"@type":"BreadcrumbList","@id":"https:\/\/business.roovi.com\/de\/elektronische-schaltungen\/p\/#breadcrumb","itemListElement":[{"@type":"ListItem","position":1,"name":"Home","item":"https:\/\/business.roovi.com\/de\/"},{"@type":"ListItem","position":2,"name":"Shop","item":"https:\/\/business.roovi.com\/de\/shop\/"},{"@type":"ListItem","position":3,"name":"Elektronische Schaltungen"}]},{"@type":"WebSite","@id":"https:\/\/business.roovi.com\/de\/#website","url":"https:\/\/business.roovi.com\/de\/","name":"Roovi B2B","description":"Roovi Business Website","potentialAction":[{"@type":"SearchAction","target":{"@type":"EntryPoint","urlTemplate":"https:\/\/business.roovi.com\/de\/?s={search_term_string}"},"query-input":"required name=search_term_string"}],"inLanguage":"de"}]}},"_links":{"self":[{"href":"https:\/\/business.roovi.com\/de\/wp-json\/wp\/v2\/product\/38987","targetHints":{"allow":["GET"]}}],"collection":[{"href":"https:\/\/business.roovi.com\/de\/wp-json\/wp\/v2\/product"}],"about":[{"href":"https:\/\/business.roovi.com\/de\/wp-json\/wp\/v2\/types\/product"}],"version-history":[{"count":0,"href":"https:\/\/business.roovi.com\/de\/wp-json\/wp\/v2\/product\/38987\/revisions"}],"wp:featuredmedia":[{"embeddable":true,"href":"https:\/\/business.roovi.com\/de\/wp-json\/wp\/v2\/media\/66285"}],"wp:attachment":[{"href":"https:\/\/business.roovi.com\/de\/wp-json\/wp\/v2\/media?parent=38987"}],"wp:term":[{"taxonomy":"product_brand","embeddable":true,"href":"https:\/\/business.roovi.com\/de\/wp-json\/wp\/v2\/product_brand?post=38987"},{"taxonomy":"product_cat","embeddable":true,"href":"https:\/\/business.roovi.com\/de\/wp-json\/wp\/v2\/product_cat?post=38987"},{"taxonomy":"product_tag","embeddable":true,"href":"https:\/\/business.roovi.com\/de\/wp-json\/wp\/v2\/product_tag?post=38987"}],"curies":[{"name":"wp","href":"https:\/\/api.w.org\/{rel}","templated":true}]}}