{"id":39013,"date":"2020-11-02T14:29:36","date_gmt":"2020-11-02T14:29:36","guid":{"rendered":"https:\/\/business.roovi.com\/crossle\/p\/"},"modified":"2023-03-08T09:27:24","modified_gmt":"2023-03-08T09:27:24","slug":"crossle-kreuzwortratselspiel","status":"publish","type":"product","link":"https:\/\/business.roovi.com\/de\/crossle-kreuzwortratselspiel\/p\/","title":{"rendered":"Crossle &#8211; Kreuzwortr\u00e4tselspiel"},"content":{"rendered":"<p><strong><em>Magst du Kreuzwortr\u00e4tsel und bist du ein Meister der komplexen Wortbildung? Willst du deinem Kind ein lustiges und gleichzeitig lehrreiches Spiel geben, um seinen Wortschatz zu erweitern?<\/em><\/strong><\/p>\n<p><span style=\"font-weight: 400;\">Entdecke CROSSLE &#8211; ein aufregendes Kreuzwortr\u00e4tselspiel mit einem zus\u00e4tzlichen Twist <\/span><\/p>\n<p><span style=\"font-weight: 400;\">CROSSLE kommt mit einer neuen Herangehensweise an das klassische Kreuzwortr\u00e4tselspiel, raffiniert und viel kreativer. Gleichzeitig genie\u00dft du dank des modularen Spielbretts einen fl\u00fcssigeren Spielablauf und mehr spannende M\u00f6glichkeiten.<\/span><\/p>\n<p><span style=\"font-weight: 400;\">Bilde die richtigen W\u00f6rter, baue sie auf dem Brett, sammle so viele Punkte wie m\u00f6glich und gewinne das Spiel!<\/span><\/p>\n<h3><strong>Wusstest du, dass das CROSSLE<\/strong><\/h3>\n<ul>\n<li><span style=\"font-weight: 400;\">Ist ein dynamisches Spiel, das sich dank des modularen Spielbretts jedes Mal neu erfindet &#8211; keine zwei Partien werden jemals gleich sein.<\/span><\/li>\n<li><span style=\"font-weight: 400;\">Es ist eine perfekte \u00dcbung f\u00fcr Konzentration, Kreativit\u00e4t und Logik, die passenden W\u00f6rter zu finden. <\/span><\/li>\n<li><span style=\"font-weight: 400;\">F\u00fcr Kinder ist es eine lustige M\u00f6glichkeit, ihren Wortschatz zu erweitern <\/span><\/li>\n<li><span style=\"font-weight: 400;\">Es entwickelt und erh\u00e4lt den Geist des Wettbewerbs, der versucht, als Erster W\u00f6rter mit allen Spielsteinen zu bilden.<\/span><\/li>\n<li><span style=\"font-weight: 400;\">Es ist eine gute M\u00f6glichkeit, Geduld zu \u00fcben, Niederlagen zu akzeptieren und die Ausdauer und das Selbstvertrauen der Kinder zu f\u00f6rdern.<\/span><\/li>\n<\/ul>\n<h3><strong>Warum das CROSSLE Spiel w\u00e4hlen<\/strong><\/h3>\n<p><span style=\"font-weight: 400;\">Vergiss die Zeiten, in denen du das coolste Wort mit einer kolossalen Punktzahl finden konntest, aber&#8230; es passte nicht auf das Spielbrett.<\/span><\/p>\n<p><span style=\"font-weight: 400;\">Das CROSSLE-Spielbrett ist modular aufgebaut und besteht aus 16 Karten. So kannst du es erweitern und zus\u00e4tzlichen Spielraum hinzuf\u00fcgen, wenn du ihn brauchst, und die W\u00f6rter, die du bildest, werden nie zu lang. Wahrscheinlich ist er einfach zu gut, aber da werden sich die anderen Spieler einmischen.<\/span><\/p>\n<p><span style=\"font-weight: 400;\">Die Karten, aus denen das CROSSLE-Spielbrett besteht, sind aus dickem, haltbarem, nicht verformbarem Karton, der sich mit der Zeit nicht verzieht und f\u00fcr viele Stunden ununterbrochenen Spielspa\u00df sorgt.<\/span><\/p>\n<p><span style=\"font-weight: 400;\">CROSSLE ist sowohl f\u00fcr Kinder als auch f\u00fcr Erwachsene geeignet, es kann mit der Familie gespielt werden oder, warum nicht, es ist ein tolles Spiel f\u00fcr eine Partie mit Freunden.<\/span><\/p>\n<p><strong>Entscheide dich f\u00fcr intelligenten Spa\u00df, halte den DEX in der N\u00e4he und finde die coolsten W\u00f6rter, die du im Spiel bauen kannst, um jedes Mal zu gewinnen! <\/strong><\/p>\n<p><span style=\"font-weight: 400;\">Empfohlenes Alter: 8+<\/span><\/p>\n<p><span style=\"font-weight: 400;\">Spieler: 2-4 Spieler<\/span><\/p>\n<p><span style=\"font-weight: 400;\">Die Schachtel enth\u00e4lt: 1 x modulares Spielbrett mit 16 Karten, 112 Spielsteine, 4 Spielsteinhalter aus Holz, 1 Spielsteintasche und eine Spielregel. <\/span><\/p>\n<p><span style=\"font-weight: 400;\">Nicht empfohlen f\u00fcr Kinder unter 3 Jahren.<\/span><\/p>\n","protected":false},"excerpt":{"rendered":"<p>Magst du Kreuzwortr\u00e4tsel und bist du ein Meister der komplexen Wortbildung? Willst du deinem Kind ein lustiges und gleichzeitig lehrreiches<\/p>\n","protected":false},"featured_media":64324,"template":"","meta":[],"product_brand":[],"product_cat":[1853,1855,1856],"product_tag":[],"class_list":{"0":"post-39013","1":"product","2":"type-product","3":"status-publish","4":"has-post-thumbnail","6":"product_cat-brettspiele","7":"product_cat-familienspiele","8":"product_cat-lern-und-quiz-spiele","9":"pa_brand-deico-de","10":"pa_country_of_manufacture-ro-de","11":"pa_filter_age-14-de","12":"pa_filter_age-18-de","13":"pa_filter_age-7_9-de","14":"pa_filter_age-9_14-de","15":"pa_tip_ambalaj-kasten-a4-de","17":"first","18":"outofstock","19":"taxable","20":"shipping-taxable","21":"product-type-simple"},"yoast_head":"<!-- This site is optimized with the Yoast SEO plugin v20.1 - https:\/\/yoast.com\/wordpress\/plugins\/seo\/ -->\n<title>Crossle - Kreuzwortr\u00e4tselspiel<\/title>\n<meta name=\"description\" content=\"Crossle - Kreuzwortr\u00e4tselspiel\" \/>\n<meta name=\"robots\" content=\"index, follow, max-snippet:-1, max-image-preview:large, max-video-preview:-1\" \/>\n<link rel=\"canonical\" href=\"https:\/\/business.roovi.com\/de\/crossle-kreuzwortratselspiel\/p\/\" \/>\n<meta property=\"og:locale\" content=\"de_DE\" \/>\n<meta property=\"og:type\" content=\"article\" \/>\n<meta property=\"og:title\" content=\"Crossle - Kreuzwortr\u00e4tselspiel\" \/>\n<meta property=\"og:description\" content=\"Crossle - Kreuzwortr\u00e4tselspiel\" \/>\n<meta property=\"og:url\" content=\"https:\/\/business.roovi.com\/de\/crossle-kreuzwortratselspiel\/p\/\" \/>\n<meta property=\"og:site_name\" content=\"Roovi B2B\" \/>\n<meta property=\"article:publisher\" content=\"https:\/\/www.facebook.com\/wwwjucariero\" \/>\n<meta property=\"article:modified_time\" content=\"2023-03-08T09:27:24+00:00\" \/>\n<meta property=\"og:image\" content=\"https:\/\/business.roovi.com\/wp-content\/uploads\/2020\/11\/Crossle_DE-1.jpg\" \/>\n\t<meta property=\"og:image:width\" content=\"2532\" \/>\n\t<meta property=\"og:image:height\" content=\"2532\" \/>\n\t<meta property=\"og:image:type\" content=\"image\/jpeg\" \/>\n<meta name=\"twitter:label1\" content=\"Gesch\u00e4tzte Lesezeit\" \/>\n\t<meta name=\"twitter:data1\" content=\"2\u00a0Minuten\" \/>\n<script type=\"application\/ld+json\" class=\"yoast-schema-graph\">{\"@context\":\"https:\/\/schema.org\",\"@graph\":[{\"@type\":\"WebPage\",\"@id\":\"https:\/\/business.roovi.com\/de\/crossle-kreuzwortratselspiel\/p\/\",\"url\":\"https:\/\/business.roovi.com\/de\/crossle-kreuzwortratselspiel\/p\/\",\"name\":\"Crossle - Kreuzwortr\u00e4tselspiel\",\"isPartOf\":{\"@id\":\"https:\/\/business.roovi.com\/de\/#website\"},\"datePublished\":\"2020-11-02T14:29:36+00:00\",\"dateModified\":\"2023-03-08T09:27:24+00:00\",\"description\":\"Crossle - Kreuzwortr\u00e4tselspiel\",\"breadcrumb\":{\"@id\":\"https:\/\/business.roovi.com\/de\/crossle-kreuzwortratselspiel\/p\/#breadcrumb\"},\"inLanguage\":\"de\",\"potentialAction\":[{\"@type\":\"ReadAction\",\"target\":[\"https:\/\/business.roovi.com\/de\/crossle-kreuzwortratselspiel\/p\/\"]}]},{\"@type\":\"BreadcrumbList\",\"@id\":\"https:\/\/business.roovi.com\/de\/crossle-kreuzwortratselspiel\/p\/#breadcrumb\",\"itemListElement\":[{\"@type\":\"ListItem\",\"position\":1,\"name\":\"Home\",\"item\":\"https:\/\/business.roovi.com\/de\/\"},{\"@type\":\"ListItem\",\"position\":2,\"name\":\"Shop\",\"item\":\"https:\/\/business.roovi.com\/de\/shop\/\"},{\"@type\":\"ListItem\",\"position\":3,\"name\":\"Crossle &#8211; Kreuzwortr\u00e4tselspiel\"}]},{\"@type\":\"WebSite\",\"@id\":\"https:\/\/business.roovi.com\/de\/#website\",\"url\":\"https:\/\/business.roovi.com\/de\/\",\"name\":\"Roovi B2B\",\"description\":\"Roovi Business Website\",\"potentialAction\":[{\"@type\":\"SearchAction\",\"target\":{\"@type\":\"EntryPoint\",\"urlTemplate\":\"https:\/\/business.roovi.com\/de\/?s={search_term_string}\"},\"query-input\":\"required name=search_term_string\"}],\"inLanguage\":\"de\"}]}<\/script>\n<!-- \/ Yoast SEO plugin. -->","yoast_head_json":{"title":"Crossle - Kreuzwortr\u00e4tselspiel","description":"Crossle - Kreuzwortr\u00e4tselspiel","robots":{"index":"index","follow":"follow","max-snippet":"max-snippet:-1","max-image-preview":"max-image-preview:large","max-video-preview":"max-video-preview:-1"},"canonical":"https:\/\/business.roovi.com\/de\/crossle-kreuzwortratselspiel\/p\/","og_locale":"de_DE","og_type":"article","og_title":"Crossle - Kreuzwortr\u00e4tselspiel","og_description":"Crossle - Kreuzwortr\u00e4tselspiel","og_url":"https:\/\/business.roovi.com\/de\/crossle-kreuzwortratselspiel\/p\/","og_site_name":"Roovi B2B","article_publisher":"https:\/\/www.facebook.com\/wwwjucariero","article_modified_time":"2023-03-08T09:27:24+00:00","og_image":[{"width":2532,"height":2532,"url":"https:\/\/business.roovi.com\/wp-content\/uploads\/2020\/11\/Crossle_DE-1.jpg","type":"image\/jpeg"}],"twitter_misc":{"Gesch\u00e4tzte Lesezeit":"2\u00a0Minuten"},"schema":{"@context":"https:\/\/schema.org","@graph":[{"@type":"WebPage","@id":"https:\/\/business.roovi.com\/de\/crossle-kreuzwortratselspiel\/p\/","url":"https:\/\/business.roovi.com\/de\/crossle-kreuzwortratselspiel\/p\/","name":"Crossle - Kreuzwortr\u00e4tselspiel","isPartOf":{"@id":"https:\/\/business.roovi.com\/de\/#website"},"datePublished":"2020-11-02T14:29:36+00:00","dateModified":"2023-03-08T09:27:24+00:00","description":"Crossle - Kreuzwortr\u00e4tselspiel","breadcrumb":{"@id":"https:\/\/business.roovi.com\/de\/crossle-kreuzwortratselspiel\/p\/#breadcrumb"},"inLanguage":"de","potentialAction":[{"@type":"ReadAction","target":["https:\/\/business.roovi.com\/de\/crossle-kreuzwortratselspiel\/p\/"]}]},{"@type":"BreadcrumbList","@id":"https:\/\/business.roovi.com\/de\/crossle-kreuzwortratselspiel\/p\/#breadcrumb","itemListElement":[{"@type":"ListItem","position":1,"name":"Home","item":"https:\/\/business.roovi.com\/de\/"},{"@type":"ListItem","position":2,"name":"Shop","item":"https:\/\/business.roovi.com\/de\/shop\/"},{"@type":"ListItem","position":3,"name":"Crossle &#8211; Kreuzwortr\u00e4tselspiel"}]},{"@type":"WebSite","@id":"https:\/\/business.roovi.com\/de\/#website","url":"https:\/\/business.roovi.com\/de\/","name":"Roovi B2B","description":"Roovi Business Website","potentialAction":[{"@type":"SearchAction","target":{"@type":"EntryPoint","urlTemplate":"https:\/\/business.roovi.com\/de\/?s={search_term_string}"},"query-input":"required name=search_term_string"}],"inLanguage":"de"}]}},"_links":{"self":[{"href":"https:\/\/business.roovi.com\/de\/wp-json\/wp\/v2\/product\/39013","targetHints":{"allow":["GET"]}}],"collection":[{"href":"https:\/\/business.roovi.com\/de\/wp-json\/wp\/v2\/product"}],"about":[{"href":"https:\/\/business.roovi.com\/de\/wp-json\/wp\/v2\/types\/product"}],"version-history":[{"count":0,"href":"https:\/\/business.roovi.com\/de\/wp-json\/wp\/v2\/product\/39013\/revisions"}],"wp:featuredmedia":[{"embeddable":true,"href":"https:\/\/business.roovi.com\/de\/wp-json\/wp\/v2\/media\/64324"}],"wp:attachment":[{"href":"https:\/\/business.roovi.com\/de\/wp-json\/wp\/v2\/media?parent=39013"}],"wp:term":[{"taxonomy":"product_brand","embeddable":true,"href":"https:\/\/business.roovi.com\/de\/wp-json\/wp\/v2\/product_brand?post=39013"},{"taxonomy":"product_cat","embeddable":true,"href":"https:\/\/business.roovi.com\/de\/wp-json\/wp\/v2\/product_cat?post=39013"},{"taxonomy":"product_tag","embeddable":true,"href":"https:\/\/business.roovi.com\/de\/wp-json\/wp\/v2\/product_tag?post=39013"}],"curies":[{"name":"wp","href":"https:\/\/api.w.org\/{rel}","templated":true}]}}