{"id":39017,"date":"2020-11-02T11:01:40","date_gmt":"2020-11-02T11:01:40","guid":{"rendered":"https:\/\/business.roovi.com\/royal-game-of-ur-ur-jocul-regilor-ur-kiralyok-jateka\/p\/"},"modified":"2022-07-06T11:49:12","modified_gmt":"2022-07-06T11:49:12","slug":"konigliches-spiel-von-ur-ur-jocul-regilor-ur-kiralyok-jateka","status":"publish","type":"product","link":"https:\/\/business.roovi.com\/de\/konigliches-spiel-von-ur-ur-jocul-regilor-ur-kiralyok-jateka\/p\/","title":{"rendered":"K\u00f6nigliches Spiel von Ur \/ Ur, jocul regilor \/ Ur, kir\u00e1lyok j\u00e1t\u00e9ka"},"content":{"rendered":"<p><p>DE: Ur, das Spiel der K\u00f6nige ist ein Strategie- und Gl\u00fccksspiel aus dem alten Mesopotamien f\u00fcr zwei Spieler. Es ist eines der \u00e4ltesten Brettspiele der Welt und gilt als Vorg\u00e4nger des Backgammon. Inhalt: 1 Spielplan, 7 schwarze und 7 wei\u00dfe Scheiben, 4 Spezialw\u00fcrfel, Spielregeln auf Rum\u00e4nisch, Englisch und Ungarisch. Das empfohlene Mindestalter ist 8 Jahre.<\/p>\n<\/p>\n<p>DE: Das K\u00f6nigliche Spiel von Ur ist ein strategie- und gl\u00fccksbasiertes Rennspiel aus dem alten Mesopotamien f\u00fcr zwei Spieler. Es ist eines der \u00e4ltesten Brettspiele der Welt und gilt als direkter Vorfahre von Backgammon. Inhalt: 1 Spielbrett, 7 schwarze Spielsteine, 7 wei\u00dfe Spielsteine, 4 Spezialw\u00fcrfel, Spielregeln auf Englisch, Rum\u00e4nisch und Ungarisch. Empfohlen f\u00fcr Kinder ab 8 Jahren.<\/p>\n<p>HU: Az Ur kir\u00e1lyi j\u00e1t\u00e9ka strat\u00e9gi\u00e1ra \u00e9s szerencs\u00e9re egyar\u00e1nt alapoz\u00f3 versenyj\u00e1t\u00e9k k\u00e9t j\u00e1t\u00e9kos r\u00e9sz\u00e9re, mely az \u00f3kori Mezopot\u00e1mi\u00e1b\u00f3l sz\u00e1rmazik. Ez a vil\u00e1g egyik legr\u00e9gebbi t\u00e1rsasj\u00e1t\u00e9ka, melyet az ost\u00e1bla \u0151s\u00e9nek tartanak. A doboz tartalma: 1 j\u00e1t\u00e9kt\u00e1bla, 7 fekete korong, 7 feh\u00e9r korong, 4 k\u00fcl\u00f6nleges dob\u00f3kocka, j\u00e1t\u00e9kszab\u00e1ly magyar, rom\u00e1n \u00e9s angol nyelven. 8 \u00e9ven fel\u00fclieknek aj\u00e1nlott.<\/p>\n","protected":false},"excerpt":{"rendered":"<p>DE: Ur, das Spiel der K\u00f6nige ist ein Strategie- und Gl\u00fccksspiel aus dem alten Mesopotamien f\u00fcr zwei Spieler. Es ist<\/p>\n","protected":false},"featured_media":48661,"template":"","meta":[],"product_brand":[],"product_cat":[1853,1931],"product_tag":[],"class_list":{"0":"post-39017","1":"product","2":"type-product","3":"status-publish","4":"has-post-thumbnail","6":"product_cat-brettspiele","7":"product_cat-strategie-brettspiele","8":"pa_brand-d_toys-de","9":"pa_country_of_manufacture-ro-de","10":"pa_filter_age-14-de","11":"pa_filter_age-18-de","12":"pa_filter_age-7_9-de","13":"pa_filter_age-9_14-de","14":"pa_tip_ambalaj-kasten-a4-de","16":"first","17":"instock","18":"taxable","19":"shipping-taxable","20":"product-type-simple"},"yoast_head":"<!-- This site is optimized with the Yoast SEO plugin v20.1 - https:\/\/yoast.com\/wordpress\/plugins\/seo\/ -->\n<title>K\u00f6nigliches Spiel von Ur \/ Ur, jocul regilor \/ Ur, kir\u00e1lyok j\u00e1t\u00e9ka<\/title>\n<meta name=\"description\" content=\"K\u00f6nigliches Spiel von Ur \/ Ur, jocul regilor \/ Ur, kir\u00e1lyok j\u00e1t\u00e9ka\" \/>\n<meta name=\"robots\" content=\"index, follow, max-snippet:-1, max-image-preview:large, max-video-preview:-1\" \/>\n<link rel=\"canonical\" href=\"https:\/\/business.roovi.com\/de\/konigliches-spiel-von-ur-ur-jocul-regilor-ur-kiralyok-jateka\/p\/\" \/>\n<meta property=\"og:locale\" content=\"de_DE\" \/>\n<meta property=\"og:type\" content=\"article\" \/>\n<meta property=\"og:title\" content=\"K\u00f6nigliches Spiel von Ur \/ Ur, jocul regilor \/ Ur, kir\u00e1lyok j\u00e1t\u00e9ka\" \/>\n<meta property=\"og:description\" content=\"K\u00f6nigliches Spiel von Ur \/ Ur, jocul regilor \/ Ur, kir\u00e1lyok j\u00e1t\u00e9ka\" \/>\n<meta property=\"og:url\" content=\"https:\/\/business.roovi.com\/de\/konigliches-spiel-von-ur-ur-jocul-regilor-ur-kiralyok-jateka\/p\/\" \/>\n<meta property=\"og:site_name\" content=\"Roovi B2B\" \/>\n<meta property=\"article:publisher\" content=\"https:\/\/www.facebook.com\/wwwjucariero\" \/>\n<meta property=\"article:modified_time\" content=\"2022-07-06T11:49:12+00:00\" \/>\n<meta property=\"og:image\" content=\"https:\/\/business.roovi.com\/wp-content\/uploads\/2020\/11\/royal_game_of_ur-77011.jpg\" \/>\n\t<meta property=\"og:image:width\" content=\"1000\" \/>\n\t<meta property=\"og:image:height\" content=\"1000\" \/>\n\t<meta property=\"og:image:type\" content=\"image\/jpeg\" \/>\n<meta name=\"twitter:label1\" content=\"Gesch\u00e4tzte Lesezeit\" \/>\n\t<meta name=\"twitter:data1\" content=\"1\u00a0Minute\" \/>\n<script type=\"application\/ld+json\" class=\"yoast-schema-graph\">{\"@context\":\"https:\/\/schema.org\",\"@graph\":[{\"@type\":\"WebPage\",\"@id\":\"https:\/\/business.roovi.com\/de\/konigliches-spiel-von-ur-ur-jocul-regilor-ur-kiralyok-jateka\/p\/\",\"url\":\"https:\/\/business.roovi.com\/de\/konigliches-spiel-von-ur-ur-jocul-regilor-ur-kiralyok-jateka\/p\/\",\"name\":\"K\u00f6nigliches Spiel von Ur \/ Ur, jocul regilor \/ Ur, kir\u00e1lyok j\u00e1t\u00e9ka\",\"isPartOf\":{\"@id\":\"https:\/\/business.roovi.com\/de\/#website\"},\"datePublished\":\"2020-11-02T11:01:40+00:00\",\"dateModified\":\"2022-07-06T11:49:12+00:00\",\"description\":\"K\u00f6nigliches Spiel von Ur \/ Ur, jocul regilor \/ Ur, kir\u00e1lyok j\u00e1t\u00e9ka\",\"breadcrumb\":{\"@id\":\"https:\/\/business.roovi.com\/de\/konigliches-spiel-von-ur-ur-jocul-regilor-ur-kiralyok-jateka\/p\/#breadcrumb\"},\"inLanguage\":\"de\",\"potentialAction\":[{\"@type\":\"ReadAction\",\"target\":[\"https:\/\/business.roovi.com\/de\/konigliches-spiel-von-ur-ur-jocul-regilor-ur-kiralyok-jateka\/p\/\"]}]},{\"@type\":\"BreadcrumbList\",\"@id\":\"https:\/\/business.roovi.com\/de\/konigliches-spiel-von-ur-ur-jocul-regilor-ur-kiralyok-jateka\/p\/#breadcrumb\",\"itemListElement\":[{\"@type\":\"ListItem\",\"position\":1,\"name\":\"Home\",\"item\":\"https:\/\/business.roovi.com\/de\/\"},{\"@type\":\"ListItem\",\"position\":2,\"name\":\"Shop\",\"item\":\"https:\/\/business.roovi.com\/de\/shop\/\"},{\"@type\":\"ListItem\",\"position\":3,\"name\":\"K\u00f6nigliches Spiel von Ur \/ Ur, jocul regilor \/ Ur, kir\u00e1lyok j\u00e1t\u00e9ka\"}]},{\"@type\":\"WebSite\",\"@id\":\"https:\/\/business.roovi.com\/de\/#website\",\"url\":\"https:\/\/business.roovi.com\/de\/\",\"name\":\"Roovi B2B\",\"description\":\"Roovi Business Website\",\"potentialAction\":[{\"@type\":\"SearchAction\",\"target\":{\"@type\":\"EntryPoint\",\"urlTemplate\":\"https:\/\/business.roovi.com\/de\/?s={search_term_string}\"},\"query-input\":\"required name=search_term_string\"}],\"inLanguage\":\"de\"}]}<\/script>\n<!-- \/ Yoast SEO plugin. -->","yoast_head_json":{"title":"K\u00f6nigliches Spiel von Ur \/ Ur, jocul regilor \/ Ur, kir\u00e1lyok j\u00e1t\u00e9ka","description":"K\u00f6nigliches Spiel von Ur \/ Ur, jocul regilor \/ Ur, kir\u00e1lyok j\u00e1t\u00e9ka","robots":{"index":"index","follow":"follow","max-snippet":"max-snippet:-1","max-image-preview":"max-image-preview:large","max-video-preview":"max-video-preview:-1"},"canonical":"https:\/\/business.roovi.com\/de\/konigliches-spiel-von-ur-ur-jocul-regilor-ur-kiralyok-jateka\/p\/","og_locale":"de_DE","og_type":"article","og_title":"K\u00f6nigliches Spiel von Ur \/ Ur, jocul regilor \/ Ur, kir\u00e1lyok j\u00e1t\u00e9ka","og_description":"K\u00f6nigliches Spiel von Ur \/ Ur, jocul regilor \/ Ur, kir\u00e1lyok j\u00e1t\u00e9ka","og_url":"https:\/\/business.roovi.com\/de\/konigliches-spiel-von-ur-ur-jocul-regilor-ur-kiralyok-jateka\/p\/","og_site_name":"Roovi B2B","article_publisher":"https:\/\/www.facebook.com\/wwwjucariero","article_modified_time":"2022-07-06T11:49:12+00:00","og_image":[{"width":1000,"height":1000,"url":"https:\/\/business.roovi.com\/wp-content\/uploads\/2020\/11\/royal_game_of_ur-77011.jpg","type":"image\/jpeg"}],"twitter_misc":{"Gesch\u00e4tzte Lesezeit":"1\u00a0Minute"},"schema":{"@context":"https:\/\/schema.org","@graph":[{"@type":"WebPage","@id":"https:\/\/business.roovi.com\/de\/konigliches-spiel-von-ur-ur-jocul-regilor-ur-kiralyok-jateka\/p\/","url":"https:\/\/business.roovi.com\/de\/konigliches-spiel-von-ur-ur-jocul-regilor-ur-kiralyok-jateka\/p\/","name":"K\u00f6nigliches Spiel von Ur \/ Ur, jocul regilor \/ Ur, kir\u00e1lyok j\u00e1t\u00e9ka","isPartOf":{"@id":"https:\/\/business.roovi.com\/de\/#website"},"datePublished":"2020-11-02T11:01:40+00:00","dateModified":"2022-07-06T11:49:12+00:00","description":"K\u00f6nigliches Spiel von Ur \/ Ur, jocul regilor \/ Ur, kir\u00e1lyok j\u00e1t\u00e9ka","breadcrumb":{"@id":"https:\/\/business.roovi.com\/de\/konigliches-spiel-von-ur-ur-jocul-regilor-ur-kiralyok-jateka\/p\/#breadcrumb"},"inLanguage":"de","potentialAction":[{"@type":"ReadAction","target":["https:\/\/business.roovi.com\/de\/konigliches-spiel-von-ur-ur-jocul-regilor-ur-kiralyok-jateka\/p\/"]}]},{"@type":"BreadcrumbList","@id":"https:\/\/business.roovi.com\/de\/konigliches-spiel-von-ur-ur-jocul-regilor-ur-kiralyok-jateka\/p\/#breadcrumb","itemListElement":[{"@type":"ListItem","position":1,"name":"Home","item":"https:\/\/business.roovi.com\/de\/"},{"@type":"ListItem","position":2,"name":"Shop","item":"https:\/\/business.roovi.com\/de\/shop\/"},{"@type":"ListItem","position":3,"name":"K\u00f6nigliches Spiel von Ur \/ Ur, jocul regilor \/ Ur, kir\u00e1lyok j\u00e1t\u00e9ka"}]},{"@type":"WebSite","@id":"https:\/\/business.roovi.com\/de\/#website","url":"https:\/\/business.roovi.com\/de\/","name":"Roovi B2B","description":"Roovi Business Website","potentialAction":[{"@type":"SearchAction","target":{"@type":"EntryPoint","urlTemplate":"https:\/\/business.roovi.com\/de\/?s={search_term_string}"},"query-input":"required name=search_term_string"}],"inLanguage":"de"}]}},"_links":{"self":[{"href":"https:\/\/business.roovi.com\/de\/wp-json\/wp\/v2\/product\/39017","targetHints":{"allow":["GET"]}}],"collection":[{"href":"https:\/\/business.roovi.com\/de\/wp-json\/wp\/v2\/product"}],"about":[{"href":"https:\/\/business.roovi.com\/de\/wp-json\/wp\/v2\/types\/product"}],"version-history":[{"count":0,"href":"https:\/\/business.roovi.com\/de\/wp-json\/wp\/v2\/product\/39017\/revisions"}],"wp:featuredmedia":[{"embeddable":true,"href":"https:\/\/business.roovi.com\/de\/wp-json\/wp\/v2\/media\/48661"}],"wp:attachment":[{"href":"https:\/\/business.roovi.com\/de\/wp-json\/wp\/v2\/media?parent=39017"}],"wp:term":[{"taxonomy":"product_brand","embeddable":true,"href":"https:\/\/business.roovi.com\/de\/wp-json\/wp\/v2\/product_brand?post=39017"},{"taxonomy":"product_cat","embeddable":true,"href":"https:\/\/business.roovi.com\/de\/wp-json\/wp\/v2\/product_cat?post=39017"},{"taxonomy":"product_tag","embeddable":true,"href":"https:\/\/business.roovi.com\/de\/wp-json\/wp\/v2\/product_tag?post=39017"}],"curies":[{"name":"wp","href":"https:\/\/api.w.org\/{rel}","templated":true}]}}