{"id":39021,"date":"2020-11-02T10:57:57","date_gmt":"2020-11-02T10:57:57","guid":{"rendered":"https:\/\/business.roovi.com\/tafl\/p\/"},"modified":"2022-07-06T11:49:18","modified_gmt":"2022-07-06T11:49:18","slug":"tafl","status":"publish","type":"product","link":"https:\/\/business.roovi.com\/de\/tafl\/p\/","title":{"rendered":"Tafl"},"content":{"rendered":"<p><p>DE: Tafl (Hnefatafl), das Wikingerspiel, ist ein mittelalterliches nordisches Strategiespiel f\u00fcr zwei Spieler mit einfachen Regeln, aber unz\u00e4hligen taktischen M\u00f6glichkeiten. Die Schachtel enth\u00e4lt: 1 Spielbrett, 24 schwarze Spielsteine, 12 wei\u00dfe Spielsteine, 1 roter Spielstein, Spielregeln auf Rum\u00e4nisch, Englisch und Ungarisch. Das empfohlene Mindestalter ist 8 Jahre.<\/p>\n<\/p>\n<p>DE: Tafl (Hnefatafl) ist ein altes nordisches Strategiespiel f\u00fcr zwei Spieler mit einfachen Regeln, aber unz\u00e4hligen taktischen M\u00f6glichkeiten. Inhalt: 1 Spielbrett, 24 schwarze Bauern, 12 wei\u00dfe Bauern, 1 roter Bauer, Spielregeln auf Englisch, Rum\u00e4nisch und Ungarisch. Empfohlenes Alter: 8+<\/p>\n<p>HU: A Tafl (Hnefatafl) egy kora k\u00f6z\u00e9pkori \u00e9szaki strat\u00e9giai t\u00e1rsasj\u00e1t\u00e9k k\u00e9t j\u00e1t\u00e9kos r\u00e9sz\u00e9re, mely egyszer\u0171 szab\u00e1lyai ellen\u00e9re sz\u00e1mtalan taktikai lehet\u0151s\u00e9get rejt. A doboz tartalma: 1 j\u00e1t\u00e9kt\u00e1bla, 24 fekete b\u00e1bu, 12 feh\u00e9r b\u00e1bu, 1 piros b\u00e1bu, j\u00e1t\u00e9kszab\u00e1ly magyar, rom\u00e1n \u00e9s angol nyelven. 8 \u00e9ven fel\u00fclieknek aj\u00e1nlott.<\/p>\n","protected":false},"excerpt":{"rendered":"<p>DE: Tafl (Hnefatafl), das Wikingerspiel, ist ein mittelalterliches nordisches Strategiespiel f\u00fcr zwei Spieler mit einfachen Regeln, aber unz\u00e4hligen taktischen M\u00f6glichkeiten.<\/p>\n","protected":false},"featured_media":48659,"template":"","meta":[],"product_brand":[],"product_cat":[1853,1931],"product_tag":[],"class_list":{"0":"post-39021","1":"product","2":"type-product","3":"status-publish","4":"has-post-thumbnail","6":"product_cat-brettspiele","7":"product_cat-strategie-brettspiele","8":"pa_brand-d_toys-de","9":"pa_country_of_manufacture-ro-de","10":"pa_filter_age-14-de","11":"pa_filter_age-18-de","12":"pa_filter_age-7_9-de","13":"pa_filter_age-9_14-de","14":"pa_tip_ambalaj-kasten-a4-de","16":"first","17":"instock","18":"taxable","19":"shipping-taxable","20":"product-type-simple"},"yoast_head":"<!-- This site is optimized with the Yoast SEO plugin v20.1 - https:\/\/yoast.com\/wordpress\/plugins\/seo\/ -->\n<title>Tafl<\/title>\n<meta name=\"description\" content=\"Tafl\" \/>\n<meta name=\"robots\" content=\"index, follow, max-snippet:-1, max-image-preview:large, max-video-preview:-1\" \/>\n<link rel=\"canonical\" href=\"https:\/\/business.roovi.com\/de\/tafl\/p\/\" \/>\n<meta property=\"og:locale\" content=\"de_DE\" \/>\n<meta property=\"og:type\" content=\"article\" \/>\n<meta property=\"og:title\" content=\"Tafl\" \/>\n<meta property=\"og:description\" content=\"Tafl\" \/>\n<meta property=\"og:url\" content=\"https:\/\/business.roovi.com\/de\/tafl\/p\/\" \/>\n<meta property=\"og:site_name\" content=\"Roovi B2B\" \/>\n<meta property=\"article:publisher\" content=\"https:\/\/www.facebook.com\/wwwjucariero\" \/>\n<meta property=\"article:modified_time\" content=\"2022-07-06T11:49:18+00:00\" \/>\n<meta property=\"og:image\" content=\"https:\/\/business.roovi.com\/wp-content\/uploads\/2020\/11\/tafl-77004.jpg\" \/>\n\t<meta property=\"og:image:width\" content=\"1000\" \/>\n\t<meta property=\"og:image:height\" content=\"1000\" \/>\n\t<meta property=\"og:image:type\" content=\"image\/jpeg\" \/>\n<meta name=\"twitter:label1\" content=\"Gesch\u00e4tzte Lesezeit\" \/>\n\t<meta name=\"twitter:data1\" content=\"1\u00a0Minute\" \/>\n<script type=\"application\/ld+json\" class=\"yoast-schema-graph\">{\"@context\":\"https:\/\/schema.org\",\"@graph\":[{\"@type\":\"WebPage\",\"@id\":\"https:\/\/business.roovi.com\/de\/tafl\/p\/\",\"url\":\"https:\/\/business.roovi.com\/de\/tafl\/p\/\",\"name\":\"Tafl\",\"isPartOf\":{\"@id\":\"https:\/\/business.roovi.com\/de\/#website\"},\"datePublished\":\"2020-11-02T10:57:57+00:00\",\"dateModified\":\"2022-07-06T11:49:18+00:00\",\"description\":\"Tafl\",\"breadcrumb\":{\"@id\":\"https:\/\/business.roovi.com\/de\/tafl\/p\/#breadcrumb\"},\"inLanguage\":\"de\",\"potentialAction\":[{\"@type\":\"ReadAction\",\"target\":[\"https:\/\/business.roovi.com\/de\/tafl\/p\/\"]}]},{\"@type\":\"BreadcrumbList\",\"@id\":\"https:\/\/business.roovi.com\/de\/tafl\/p\/#breadcrumb\",\"itemListElement\":[{\"@type\":\"ListItem\",\"position\":1,\"name\":\"Home\",\"item\":\"https:\/\/business.roovi.com\/de\/\"},{\"@type\":\"ListItem\",\"position\":2,\"name\":\"Shop\",\"item\":\"https:\/\/business.roovi.com\/de\/shop\/\"},{\"@type\":\"ListItem\",\"position\":3,\"name\":\"Tafl\"}]},{\"@type\":\"WebSite\",\"@id\":\"https:\/\/business.roovi.com\/de\/#website\",\"url\":\"https:\/\/business.roovi.com\/de\/\",\"name\":\"Roovi B2B\",\"description\":\"Roovi Business Website\",\"potentialAction\":[{\"@type\":\"SearchAction\",\"target\":{\"@type\":\"EntryPoint\",\"urlTemplate\":\"https:\/\/business.roovi.com\/de\/?s={search_term_string}\"},\"query-input\":\"required name=search_term_string\"}],\"inLanguage\":\"de\"}]}<\/script>\n<!-- \/ Yoast SEO plugin. -->","yoast_head_json":{"title":"Tafl","description":"Tafl","robots":{"index":"index","follow":"follow","max-snippet":"max-snippet:-1","max-image-preview":"max-image-preview:large","max-video-preview":"max-video-preview:-1"},"canonical":"https:\/\/business.roovi.com\/de\/tafl\/p\/","og_locale":"de_DE","og_type":"article","og_title":"Tafl","og_description":"Tafl","og_url":"https:\/\/business.roovi.com\/de\/tafl\/p\/","og_site_name":"Roovi B2B","article_publisher":"https:\/\/www.facebook.com\/wwwjucariero","article_modified_time":"2022-07-06T11:49:18+00:00","og_image":[{"width":1000,"height":1000,"url":"https:\/\/business.roovi.com\/wp-content\/uploads\/2020\/11\/tafl-77004.jpg","type":"image\/jpeg"}],"twitter_misc":{"Gesch\u00e4tzte Lesezeit":"1\u00a0Minute"},"schema":{"@context":"https:\/\/schema.org","@graph":[{"@type":"WebPage","@id":"https:\/\/business.roovi.com\/de\/tafl\/p\/","url":"https:\/\/business.roovi.com\/de\/tafl\/p\/","name":"Tafl","isPartOf":{"@id":"https:\/\/business.roovi.com\/de\/#website"},"datePublished":"2020-11-02T10:57:57+00:00","dateModified":"2022-07-06T11:49:18+00:00","description":"Tafl","breadcrumb":{"@id":"https:\/\/business.roovi.com\/de\/tafl\/p\/#breadcrumb"},"inLanguage":"de","potentialAction":[{"@type":"ReadAction","target":["https:\/\/business.roovi.com\/de\/tafl\/p\/"]}]},{"@type":"BreadcrumbList","@id":"https:\/\/business.roovi.com\/de\/tafl\/p\/#breadcrumb","itemListElement":[{"@type":"ListItem","position":1,"name":"Home","item":"https:\/\/business.roovi.com\/de\/"},{"@type":"ListItem","position":2,"name":"Shop","item":"https:\/\/business.roovi.com\/de\/shop\/"},{"@type":"ListItem","position":3,"name":"Tafl"}]},{"@type":"WebSite","@id":"https:\/\/business.roovi.com\/de\/#website","url":"https:\/\/business.roovi.com\/de\/","name":"Roovi B2B","description":"Roovi Business Website","potentialAction":[{"@type":"SearchAction","target":{"@type":"EntryPoint","urlTemplate":"https:\/\/business.roovi.com\/de\/?s={search_term_string}"},"query-input":"required name=search_term_string"}],"inLanguage":"de"}]}},"_links":{"self":[{"href":"https:\/\/business.roovi.com\/de\/wp-json\/wp\/v2\/product\/39021","targetHints":{"allow":["GET"]}}],"collection":[{"href":"https:\/\/business.roovi.com\/de\/wp-json\/wp\/v2\/product"}],"about":[{"href":"https:\/\/business.roovi.com\/de\/wp-json\/wp\/v2\/types\/product"}],"version-history":[{"count":0,"href":"https:\/\/business.roovi.com\/de\/wp-json\/wp\/v2\/product\/39021\/revisions"}],"wp:featuredmedia":[{"embeddable":true,"href":"https:\/\/business.roovi.com\/de\/wp-json\/wp\/v2\/media\/48659"}],"wp:attachment":[{"href":"https:\/\/business.roovi.com\/de\/wp-json\/wp\/v2\/media?parent=39021"}],"wp:term":[{"taxonomy":"product_brand","embeddable":true,"href":"https:\/\/business.roovi.com\/de\/wp-json\/wp\/v2\/product_brand?post=39021"},{"taxonomy":"product_cat","embeddable":true,"href":"https:\/\/business.roovi.com\/de\/wp-json\/wp\/v2\/product_cat?post=39021"},{"taxonomy":"product_tag","embeddable":true,"href":"https:\/\/business.roovi.com\/de\/wp-json\/wp\/v2\/product_tag?post=39021"}],"curies":[{"name":"wp","href":"https:\/\/api.w.org\/{rel}","templated":true}]}}