{"id":39037,"date":"2022-07-22T10:31:45","date_gmt":"2022-07-22T10:31:45","guid":{"rendered":"https:\/\/business.roovi.com\/puzzle-adulti-1000-piese-romania-cascada-bigar\/p\/"},"modified":"2022-08-24T09:24:22","modified_gmt":"2022-08-24T09:24:22","slug":"adult-puzzle-1000-pieces-rumanien-bigar-waterfall","status":"publish","type":"product","link":"https:\/\/business.roovi.com\/de\/adult-puzzle-1000-pieces-rumanien-bigar-waterfall\/p\/","title":{"rendered":"Adult Puzzle 1000 Pieces Rum\u00e4nien &#8211; Big\u0103r Waterfall"},"content":{"rendered":"<p><strong><em>Ber\u00fchmte Sehensw\u00fcrdigkeiten im ganzen Land zu besuchen ist faszinierend, aber wie w\u00e4re es, wenn du jeden Tag spektakul\u00e4re Bilder von Traumorten genie\u00dfen k\u00f6nntest?<\/em><\/strong><\/p>\n<p><span style=\"font-weight: 400;\">Das 1000-teilige Puzzle Big\u0103r Waterfall f\u00fcr Erwachsene entf\u00fchrt dich in die Nerei-Beu\u0219nita-Schlucht, ein Gebiet, in dem die Natur ihre wilde Sch\u00f6nheit bewahrt und atemberaubende Landschaften malt.<\/span><\/p>\n<p><span style=\"font-weight: 400;\">Der Big\u0103r-Wasserfall hat eine interessante, mit gr\u00fcnem Moos bewachsene Glockenform, \u00fcber die das Wasser rieselt und einen faszinierenden Wasservorhang bildet. Das Beeindruckende an diesem Wasserfall ist nicht seine H\u00f6he (er ist etwa 7-8 Meter hoch), sondern der Wasserfall, der ungew\u00f6hnlich ist und das hervorragende Bild erzeugt, das von den Objektiven aller Fotografen (Profis oder Amateure), die in diese Gegend kommen, begehrt wird.<\/span><\/p>\n<p><span style=\"font-weight: 400;\">Wenn du aus 1.000 Teilen ein Bild erschaffst, das die Majest\u00e4t der Natur einf\u00e4ngt, f\u00fchlst du ein Gef\u00fchl der Entspannung und l\u00e4sst dich auf den einzigartigen Moment der Sch\u00f6pfung ein. Wenn das Bild fertig ist, bewunderst du die Landschaft noch lange und alle negativen Gedanken verschwinden wie von Zauberhand.<\/span><\/p>\n<p><span style=\"font-weight: 400;\">Das 1000-Teile-Puzzle Bigar Waterfall ist also mehr als nur ein Puzzlespiel. Es ist eine Zeit, in der du dich entspannen und deine Batterien mit viel positiver Energie und Optimismus aufladen kannst <\/span><\/p>\n<p><span style=\"font-weight: 400;\">Du kannst einen normalen Couchtisch verwenden, um die St\u00fccke zu st\u00fctzen. Das rekonstruierte Bild misst 68 x 47 cm und kann ein dekoratives Herzst\u00fcck sein.<\/span><\/p>\n<p><strong>Eigenschaften 1000-teiliges Puzzle f\u00fcr Erwachsene Bigar Waterfall<\/strong><\/p>\n<p><strong>Puzzle-Material <\/strong><\/p>\n<p><strong>hochwertiger blauer Karton<\/strong><\/p>\n<p><strong>nachhaltige, recycelbare Materialien<\/strong><\/p>\n<p><strong>halbgl\u00e4nzende Oberfl\u00e4che, leuchtende Farben<\/strong><\/p>\n<p><strong>Anzahl der Puzzleteile: 1000<\/strong><\/p>\n<p><strong>Empfohlenes Alter: 14+<\/strong><\/p>\n<p><strong>5 F\u00e4higkeiten, die du mit Puzzlespielen entwickeln kannst<\/strong><\/p>\n<ul>\n<li><span style=\"font-weight: 400;\">Kurzzeitged\u00e4chtnis<\/span><\/li>\n<li><span style=\"font-weight: 400;\">Logisches Denken<\/span><\/li>\n<li><span style=\"font-weight: 400;\">Liebe zum Detail<\/span><\/li>\n<li><span style=\"font-weight: 400;\">F\u00e4higkeiten zur Probleml\u00f6sung<\/span><\/li>\n<li><span style=\"font-weight: 400;\">Feinmotorische F\u00e4higkeiten und Hand-Augen-Koordination.<\/span><\/li>\n<\/ul>\n<p><strong>Wusstest du, dass..<\/strong><\/p>\n<p><span style=\"font-weight: 400;\">Der Big\u0103r-Wasserfall liegt dort, wo der 45. n\u00f6rdliche Breitengrad unser Land durchquert. Der Ort ist mit einem geografischen Zeichen markiert.<\/span><\/p>\n<p><span style=\"font-weight: 400;\">Das Wasser des Big\u0103r-Wasserfalls ist sehr kalkhaltig. Die Spritzer, die \u00fcber den Rand des Wasserfalls flie\u00dfen, sehen aus wie kleine Diamanten, die mit den Sonnenstrahlen ihre Farbe \u00e4ndern.<\/span><\/p>\n<p><span style=\"font-weight: 400;\">Die Legende besagt, dass Paare, die von der Quelle trinken, die den Wasserfall speist, ewige Liebe haben werden.<\/span><\/p>\n<p><strong>1000-Teile-Puzzle Bigar Waterfall: Entspannung und mentales Training<\/strong><\/p>\n<p><span style=\"font-weight: 400;\">Puzzlespiele trainieren die rechte und linke Gehirnh\u00e4lfte gleichzeitig. Wenn du also 1000 Puzzles zusammensetzt, benutzt du deine Logik und entwickelst deine Kreativit\u00e4t. Die positiven Wirkungen sind f\u00fcr alle Altersgruppen gleich. Deshalb sind Puzzles f\u00fcr die ganze Familie geeignet, von jung bis alt.<\/span><\/p>\n<p><span style=\"font-weight: 400;\">Au\u00dferdem ist es eine tolle M\u00f6glichkeit, deine Freizeit mit deinen Lieben zu verbringen. Wenn ihr zusammenarbeitet, um das Bild im 1000-Puzzle zu vervollst\u00e4ndigen, \u00fcbt ihr auch Teamarbeit, Kommunikation und Kooperation. Das Ergebnis ist fabelhaft: ein faszinierendes Bild, das euch immer an die gemeinsamen Momente erinnern wird.<\/span><\/p>\n<p><span style=\"font-weight: 400;\">W\u00e4hle das 1000-teilige Puzzle Bigar Waterfall f\u00fcr Erwachsene, wenn du eine kreative Herausforderung suchst, oder mache es zu einem besonderen Geschenk f\u00fcr deine puzzlebegeisterten Freunde.<\/span><\/p>\n","protected":false},"excerpt":{"rendered":"<p>Ber\u00fchmte Sehensw\u00fcrdigkeiten im ganzen Land zu besuchen ist faszinierend, aber wie w\u00e4re es, wenn du jeden Tag spektakul\u00e4re Bilder von<\/p>\n","protected":false},"featured_media":48647,"template":"","meta":[],"product_brand":[],"product_cat":[1916,1875,1915],"product_tag":[],"class_list":{"0":"post-39037","1":"product","2":"type-product","3":"status-publish","4":"has-post-thumbnail","6":"product_cat-1000-teile-puzzle","7":"product_cat-puzzle-de","8":"product_cat-puzzlespiele-fur-erwachsene","9":"pa_brand-deico-de","10":"pa_country_of_manufacture-ro-de","11":"pa_filter_age-14-de","12":"pa_tip_ambalaj-kasten-a4-de","13":"pa_tip_puzzle-klassisch","15":"first","16":"instock","17":"taxable","18":"shipping-taxable","19":"product-type-simple"},"yoast_head":"<!-- This site is optimized with the Yoast SEO plugin v20.1 - https:\/\/yoast.com\/wordpress\/plugins\/seo\/ -->\n<title>Adult Puzzle 1000 Pieces Rum\u00e4nien - Big\u0103r Waterfall<\/title>\n<meta name=\"description\" content=\"Adult Puzzle 1000 Pieces Rum\u00e4nien - Big\u0103r Waterfall\" \/>\n<meta name=\"robots\" content=\"index, follow, max-snippet:-1, max-image-preview:large, max-video-preview:-1\" \/>\n<link rel=\"canonical\" href=\"https:\/\/business.roovi.com\/de\/adult-puzzle-1000-pieces-rumanien-bigar-waterfall\/p\/\" \/>\n<meta property=\"og:locale\" content=\"de_DE\" \/>\n<meta property=\"og:type\" content=\"article\" \/>\n<meta property=\"og:title\" content=\"Adult Puzzle 1000 Pieces Rum\u00e4nien - Big\u0103r Waterfall\" \/>\n<meta property=\"og:description\" content=\"Adult Puzzle 1000 Pieces Rum\u00e4nien - Big\u0103r Waterfall\" \/>\n<meta property=\"og:url\" content=\"https:\/\/business.roovi.com\/de\/adult-puzzle-1000-pieces-rumanien-bigar-waterfall\/p\/\" \/>\n<meta property=\"og:site_name\" content=\"Roovi B2B\" \/>\n<meta property=\"article:publisher\" content=\"https:\/\/www.facebook.com\/wwwjucariero\" \/>\n<meta property=\"article:modified_time\" content=\"2022-08-24T09:24:22+00:00\" \/>\n<meta property=\"og:image\" content=\"https:\/\/business.roovi.com\/wp-content\/uploads\/2020\/10\/puzzle_1000_romania_bigar_waterfall-77042.jpg\" \/>\n\t<meta property=\"og:image:width\" content=\"1000\" \/>\n\t<meta property=\"og:image:height\" content=\"1000\" \/>\n\t<meta property=\"og:image:type\" content=\"image\/jpeg\" \/>\n<meta name=\"twitter:label1\" content=\"Gesch\u00e4tzte Lesezeit\" \/>\n\t<meta name=\"twitter:data1\" content=\"2\u00a0Minuten\" \/>\n<script type=\"application\/ld+json\" class=\"yoast-schema-graph\">{\"@context\":\"https:\/\/schema.org\",\"@graph\":[{\"@type\":\"WebPage\",\"@id\":\"https:\/\/business.roovi.com\/de\/adult-puzzle-1000-pieces-rumanien-bigar-waterfall\/p\/\",\"url\":\"https:\/\/business.roovi.com\/de\/adult-puzzle-1000-pieces-rumanien-bigar-waterfall\/p\/\",\"name\":\"Adult Puzzle 1000 Pieces Rum\u00e4nien - Big\u0103r Waterfall\",\"isPartOf\":{\"@id\":\"https:\/\/business.roovi.com\/de\/#website\"},\"datePublished\":\"2022-07-22T10:31:45+00:00\",\"dateModified\":\"2022-08-24T09:24:22+00:00\",\"description\":\"Adult Puzzle 1000 Pieces Rum\u00e4nien - Big\u0103r Waterfall\",\"breadcrumb\":{\"@id\":\"https:\/\/business.roovi.com\/de\/adult-puzzle-1000-pieces-rumanien-bigar-waterfall\/p\/#breadcrumb\"},\"inLanguage\":\"de\",\"potentialAction\":[{\"@type\":\"ReadAction\",\"target\":[\"https:\/\/business.roovi.com\/de\/adult-puzzle-1000-pieces-rumanien-bigar-waterfall\/p\/\"]}]},{\"@type\":\"BreadcrumbList\",\"@id\":\"https:\/\/business.roovi.com\/de\/adult-puzzle-1000-pieces-rumanien-bigar-waterfall\/p\/#breadcrumb\",\"itemListElement\":[{\"@type\":\"ListItem\",\"position\":1,\"name\":\"Home\",\"item\":\"https:\/\/business.roovi.com\/de\/\"},{\"@type\":\"ListItem\",\"position\":2,\"name\":\"Shop\",\"item\":\"https:\/\/business.roovi.com\/de\/shop\/\"},{\"@type\":\"ListItem\",\"position\":3,\"name\":\"Adult Puzzle 1000 Pieces Rum\u00e4nien &#8211; Big\u0103r Waterfall\"}]},{\"@type\":\"WebSite\",\"@id\":\"https:\/\/business.roovi.com\/de\/#website\",\"url\":\"https:\/\/business.roovi.com\/de\/\",\"name\":\"Roovi B2B\",\"description\":\"Roovi Business Website\",\"potentialAction\":[{\"@type\":\"SearchAction\",\"target\":{\"@type\":\"EntryPoint\",\"urlTemplate\":\"https:\/\/business.roovi.com\/de\/?s={search_term_string}\"},\"query-input\":\"required name=search_term_string\"}],\"inLanguage\":\"de\"}]}<\/script>\n<!-- \/ Yoast SEO plugin. -->","yoast_head_json":{"title":"Adult Puzzle 1000 Pieces Rum\u00e4nien - Big\u0103r Waterfall","description":"Adult Puzzle 1000 Pieces Rum\u00e4nien - Big\u0103r Waterfall","robots":{"index":"index","follow":"follow","max-snippet":"max-snippet:-1","max-image-preview":"max-image-preview:large","max-video-preview":"max-video-preview:-1"},"canonical":"https:\/\/business.roovi.com\/de\/adult-puzzle-1000-pieces-rumanien-bigar-waterfall\/p\/","og_locale":"de_DE","og_type":"article","og_title":"Adult Puzzle 1000 Pieces Rum\u00e4nien - Big\u0103r Waterfall","og_description":"Adult Puzzle 1000 Pieces Rum\u00e4nien - Big\u0103r Waterfall","og_url":"https:\/\/business.roovi.com\/de\/adult-puzzle-1000-pieces-rumanien-bigar-waterfall\/p\/","og_site_name":"Roovi B2B","article_publisher":"https:\/\/www.facebook.com\/wwwjucariero","article_modified_time":"2022-08-24T09:24:22+00:00","og_image":[{"width":1000,"height":1000,"url":"https:\/\/business.roovi.com\/wp-content\/uploads\/2020\/10\/puzzle_1000_romania_bigar_waterfall-77042.jpg","type":"image\/jpeg"}],"twitter_misc":{"Gesch\u00e4tzte Lesezeit":"2\u00a0Minuten"},"schema":{"@context":"https:\/\/schema.org","@graph":[{"@type":"WebPage","@id":"https:\/\/business.roovi.com\/de\/adult-puzzle-1000-pieces-rumanien-bigar-waterfall\/p\/","url":"https:\/\/business.roovi.com\/de\/adult-puzzle-1000-pieces-rumanien-bigar-waterfall\/p\/","name":"Adult Puzzle 1000 Pieces Rum\u00e4nien - Big\u0103r Waterfall","isPartOf":{"@id":"https:\/\/business.roovi.com\/de\/#website"},"datePublished":"2022-07-22T10:31:45+00:00","dateModified":"2022-08-24T09:24:22+00:00","description":"Adult Puzzle 1000 Pieces Rum\u00e4nien - Big\u0103r Waterfall","breadcrumb":{"@id":"https:\/\/business.roovi.com\/de\/adult-puzzle-1000-pieces-rumanien-bigar-waterfall\/p\/#breadcrumb"},"inLanguage":"de","potentialAction":[{"@type":"ReadAction","target":["https:\/\/business.roovi.com\/de\/adult-puzzle-1000-pieces-rumanien-bigar-waterfall\/p\/"]}]},{"@type":"BreadcrumbList","@id":"https:\/\/business.roovi.com\/de\/adult-puzzle-1000-pieces-rumanien-bigar-waterfall\/p\/#breadcrumb","itemListElement":[{"@type":"ListItem","position":1,"name":"Home","item":"https:\/\/business.roovi.com\/de\/"},{"@type":"ListItem","position":2,"name":"Shop","item":"https:\/\/business.roovi.com\/de\/shop\/"},{"@type":"ListItem","position":3,"name":"Adult Puzzle 1000 Pieces Rum\u00e4nien &#8211; Big\u0103r Waterfall"}]},{"@type":"WebSite","@id":"https:\/\/business.roovi.com\/de\/#website","url":"https:\/\/business.roovi.com\/de\/","name":"Roovi B2B","description":"Roovi Business Website","potentialAction":[{"@type":"SearchAction","target":{"@type":"EntryPoint","urlTemplate":"https:\/\/business.roovi.com\/de\/?s={search_term_string}"},"query-input":"required name=search_term_string"}],"inLanguage":"de"}]}},"_links":{"self":[{"href":"https:\/\/business.roovi.com\/de\/wp-json\/wp\/v2\/product\/39037","targetHints":{"allow":["GET"]}}],"collection":[{"href":"https:\/\/business.roovi.com\/de\/wp-json\/wp\/v2\/product"}],"about":[{"href":"https:\/\/business.roovi.com\/de\/wp-json\/wp\/v2\/types\/product"}],"version-history":[{"count":0,"href":"https:\/\/business.roovi.com\/de\/wp-json\/wp\/v2\/product\/39037\/revisions"}],"wp:featuredmedia":[{"embeddable":true,"href":"https:\/\/business.roovi.com\/de\/wp-json\/wp\/v2\/media\/48647"}],"wp:attachment":[{"href":"https:\/\/business.roovi.com\/de\/wp-json\/wp\/v2\/media?parent=39037"}],"wp:term":[{"taxonomy":"product_brand","embeddable":true,"href":"https:\/\/business.roovi.com\/de\/wp-json\/wp\/v2\/product_brand?post=39037"},{"taxonomy":"product_cat","embeddable":true,"href":"https:\/\/business.roovi.com\/de\/wp-json\/wp\/v2\/product_cat?post=39037"},{"taxonomy":"product_tag","embeddable":true,"href":"https:\/\/business.roovi.com\/de\/wp-json\/wp\/v2\/product_tag?post=39037"}],"curies":[{"name":"wp","href":"https:\/\/api.w.org\/{rel}","templated":true}]}}