{"id":39112,"date":"2020-04-23T08:34:32","date_gmt":"2020-04-23T08:34:32","guid":{"rendered":"https:\/\/business.roovi.com\/puzzle-adulti-1000-piese-cinque-terre\/p\/"},"modified":"2022-07-06T12:09:25","modified_gmt":"2022-07-06T12:09:25","slug":"puzzle-fur-erwachsene-1000-teile-cinque-terre","status":"publish","type":"product","link":"https:\/\/business.roovi.com\/de\/puzzle-fur-erwachsene-1000-teile-cinque-terre\/p\/","title":{"rendered":"Puzzle f\u00fcr Erwachsene 1000 Teile Cinque Terre"},"content":{"rendered":"<p><strong><em>Nimm dir eine Auszeit vom virtuellen Leben und verbringe deine Zeit kreativ und unterhaltsam mit einem 1000-teiligen Puzzle mit einem wundersch\u00f6nen Bild der Region Cinque Terre!<\/em><\/strong><\/p>\n<p><span style=\"font-weight: 400\">Bunte H\u00e4uschen auf den Klippen, die aus dem Meer zu ragen scheinen, die ber\u00fchmten <\/span><em><span style=\"font-weight: 400\">Die Stra\u00dfe der Liebe<\/span><\/em><span style=\"font-weight: 400\"> die du entlanglaufen kannst, die b\u00f6hmischen Landschaften oder der leckere Wein sind nur einige der Attraktionen, die die Cinque Terre zu einem unwiderstehlichen Ziel machen.<\/span><\/p>\n<p><span style=\"font-weight: 400\">Das 1000-Teile-Puzzle Cinque Terre malt ein sonniges und farbenfrohes Bild, das dich an einen Ort f\u00fchrt, an dem die Zeit stillzustehen scheint. Jedes der 5 D\u00f6rfer ist geschichtstr\u00e4chtig und hat seine eigene Geschichte und Pers\u00f6nlichkeit.<\/span><\/p>\n<p><span style=\"font-weight: 400\">Mit dem 1000-teiligen Puzzle Cinque Terre genie\u00dft du ein paar Stunden der Entspannung und Abschaltung. Dieses sonnige Bild neu zu malen ist eine echte Farbtherapie, die L\u00e4cheln und gute Laune bringt. Begib dich mit diesem wunderbaren Puzzlespiel auf ein Abenteuer der Sch\u00f6pfung und des Wissens und verbringe viel Zeit damit, ein faszinierendes Bild mit 1000 Teilen zusammenzusetzen.<\/span><\/p>\n<p><span style=\"font-weight: 400\">F\u00fcr die Montage kannst du einen normalen Couchtisch verwenden. Die Ma\u00dfe des rekonstruierten Bildes sind 68 x 47 cm. Du wirst ein besonderes Gem\u00e4lde haben, das ein dekoratives St\u00fcck sein kann, das die Tristesse eines jeden Ortes in deinem Zuhause aufhebt.<\/span><\/p>\n<p><strong>Eigenschaften Puzzle 1000 Teile Cinque Terre<\/strong><\/p>\n<p><strong>Puzzle-Material <\/strong><\/p>\n<p><strong>hochwertiger blauer Karton<\/strong><\/p>\n<p><strong>nachhaltige, recycelbare Materialien<\/strong><\/p>\n<p><strong>halbgl\u00e4nzende Oberfl\u00e4che, leuchtende Farben<\/strong><\/p>\n<p><strong>Anzahl der Puzzleteile: 1000<\/strong><\/p>\n<p><strong>Empfohlenes Alter: 14+<\/strong><\/p>\n<p><span style=\"font-weight: 400\">Puzzlespiele sind eine gute M\u00f6glichkeit, F\u00e4higkeiten zu entwickeln wie<\/span><strong>:<\/strong><\/p>\n<ul>\n<li><span style=\"font-weight: 400\">F\u00e4higkeit, zu koordinieren und sich auf eine einzige Aufgabe zu konzentrieren.<\/span><\/li>\n<li><span style=\"font-weight: 400\">Liebe zum Detail und Geduld.<\/span><\/li>\n<li><span style=\"font-weight: 400\">Die F\u00e4higkeit, Probleme zu l\u00f6sen.<\/span><\/li>\n<li><span style=\"font-weight: 400\">Ged\u00e4chtnis, logisches Denken und Kreativit\u00e4t.<\/span><\/li>\n<li><span style=\"font-weight: 400\">Geschicklichkeit und Feinmotorik.<\/span><\/li>\n<\/ul>\n<p><strong>Wusstest du, dass..<\/strong><\/p>\n<p><span style=\"font-weight: 400\">Die Cinque Terre besteht aus 5 D\u00f6rfern <\/span><span style=\"font-weight: 400\">entlang der K\u00fcste in der Region Ligurien: Riomaggiore, Manarola, Corniglia, Vernazza und Monterosso.<\/span><\/p>\n<p><span style=\"font-weight: 400\">Als gesch\u00fctzte Region und UNESCO-Welterbest\u00e4tte gelten hier strenge Bau- und Renovierungsvorschriften. Es d\u00fcrfen keine \u00c4nderungen willk\u00fcrlich oder ohne beh\u00f6rdliche Genehmigung vorgenommen werden.<\/span><\/p>\n<p><span style=\"font-weight: 400\">Obwohl es nirgendwo Autos gibt, kann die Gegend extrem \u00fcberf\u00fcllt sein. Angelockt von der sch\u00f6nen Landschaft besuchen Touristen aus aller Welt die 5 D\u00f6rfer, vor allem im Sommer <\/span><\/p>\n<p><span style=\"font-weight: 400\">Die Region Cinque Terre ist auch ber\u00fchmt f\u00fcr ihre aromatischen Weine und die k\u00f6stliche Pesto-Sauce.<\/span><\/p>\n<p><strong>Cinque Terre 1000-teiliges Puzzle f\u00fcr Erwachsene f\u00fcr Familienspa\u00df und Entspannung<\/strong><\/p>\n<p><span style=\"font-weight: 400\">Ist es drau\u00dfen kalt und du hast keine Lust, das Haus zu verlassen? Lass die ganze Familie an einem sonnigen und farbenfrohen Puzzlespiel teilhaben. Die Stunden werden zu einem entspannenden Vergn\u00fcgen und ihr werdet unvergessliche Erinnerungen zusammen machen. Arbeite im Team und finde die besten Strategien, um das 1000-teilige Puzzlebild zusammenzusetzen.<\/span><\/p>\n<p><span style=\"font-weight: 400\">Am Ende kannst du deine harte Arbeit feiern, indem du das Bild einrahmst. Du hast ein dekoratives Objekt, das du lange Zeit bewundern kannst und du hast eine tolle Erfahrung gemacht, die dir geholfen hat, dich besser kennenzulernen.  <\/span><span style=\"font-weight: 400\">Das 1000-teilige Cinque Terre-Puzzle kann im Haus aufbewahrt werden, wenn du die Monotonie unterbrechen und dem Alltag entfliehen willst, oder es ist ein au\u00dfergew\u00f6hnliches Geschenk, \u00fcber das sich jeder Puzzle-Liebhaber freuen wird.<\/span><\/p><\/p>\n","protected":false},"excerpt":{"rendered":"<p>Nimm dir eine Auszeit vom virtuellen Leben und verbringe deine Zeit kreativ und unterhaltsam mit einem 1000-teiligen Puzzle mit einem<\/p>\n","protected":false},"featured_media":48717,"template":"","meta":[],"product_brand":[],"product_cat":[1916,1875,1915],"product_tag":[],"class_list":{"0":"post-39112","1":"product","2":"type-product","3":"status-publish","4":"has-post-thumbnail","6":"product_cat-1000-teile-puzzle","7":"product_cat-puzzle-de","8":"product_cat-puzzlespiele-fur-erwachsene","9":"pa_brand-deico-de","10":"pa_country_of_manufacture-ro-de","11":"pa_filter_age-14-de","12":"pa_tip_ambalaj-kasten-a4-de","13":"pa_tip_puzzle-klassisch","15":"first","16":"instock","17":"taxable","18":"shipping-taxable","19":"product-type-simple"},"yoast_head":"<!-- This site is optimized with the Yoast SEO plugin v20.1 - https:\/\/yoast.com\/wordpress\/plugins\/seo\/ -->\n<title>Puzzle f\u00fcr Erwachsene 1000 Teile Cinque Terre<\/title>\n<meta name=\"description\" content=\"Puzzle f\u00fcr Erwachsene 1000 Teile Cinque Terre\" \/>\n<meta name=\"robots\" content=\"index, follow, max-snippet:-1, max-image-preview:large, max-video-preview:-1\" \/>\n<link rel=\"canonical\" href=\"https:\/\/business.roovi.com\/de\/puzzle-fur-erwachsene-1000-teile-cinque-terre\/p\/\" \/>\n<meta property=\"og:locale\" content=\"de_DE\" \/>\n<meta property=\"og:type\" content=\"article\" \/>\n<meta property=\"og:title\" content=\"Puzzle f\u00fcr Erwachsene 1000 Teile Cinque Terre\" \/>\n<meta property=\"og:description\" content=\"Puzzle f\u00fcr Erwachsene 1000 Teile Cinque Terre\" \/>\n<meta property=\"og:url\" content=\"https:\/\/business.roovi.com\/de\/puzzle-fur-erwachsene-1000-teile-cinque-terre\/p\/\" \/>\n<meta property=\"og:site_name\" content=\"Roovi B2B\" \/>\n<meta property=\"article:publisher\" content=\"https:\/\/www.facebook.com\/wwwjucariero\" \/>\n<meta property=\"article:modified_time\" content=\"2022-07-06T12:09:25+00:00\" \/>\n<meta property=\"og:image\" content=\"https:\/\/business.roovi.com\/wp-content\/uploads\/2020\/04\/cinque_terre_italy_copy.jpg\" \/>\n\t<meta property=\"og:image:width\" content=\"1200\" \/>\n\t<meta property=\"og:image:height\" content=\"1200\" \/>\n\t<meta property=\"og:image:type\" content=\"image\/jpeg\" \/>\n<meta name=\"twitter:label1\" content=\"Gesch\u00e4tzte Lesezeit\" \/>\n\t<meta name=\"twitter:data1\" content=\"3\u00a0Minuten\" \/>\n<script type=\"application\/ld+json\" class=\"yoast-schema-graph\">{\"@context\":\"https:\/\/schema.org\",\"@graph\":[{\"@type\":\"WebPage\",\"@id\":\"https:\/\/business.roovi.com\/de\/puzzle-fur-erwachsene-1000-teile-cinque-terre\/p\/\",\"url\":\"https:\/\/business.roovi.com\/de\/puzzle-fur-erwachsene-1000-teile-cinque-terre\/p\/\",\"name\":\"Puzzle f\u00fcr Erwachsene 1000 Teile Cinque Terre\",\"isPartOf\":{\"@id\":\"https:\/\/business.roovi.com\/de\/#website\"},\"datePublished\":\"2020-04-23T08:34:32+00:00\",\"dateModified\":\"2022-07-06T12:09:25+00:00\",\"description\":\"Puzzle f\u00fcr Erwachsene 1000 Teile Cinque Terre\",\"breadcrumb\":{\"@id\":\"https:\/\/business.roovi.com\/de\/puzzle-fur-erwachsene-1000-teile-cinque-terre\/p\/#breadcrumb\"},\"inLanguage\":\"de\",\"potentialAction\":[{\"@type\":\"ReadAction\",\"target\":[\"https:\/\/business.roovi.com\/de\/puzzle-fur-erwachsene-1000-teile-cinque-terre\/p\/\"]}]},{\"@type\":\"BreadcrumbList\",\"@id\":\"https:\/\/business.roovi.com\/de\/puzzle-fur-erwachsene-1000-teile-cinque-terre\/p\/#breadcrumb\",\"itemListElement\":[{\"@type\":\"ListItem\",\"position\":1,\"name\":\"Home\",\"item\":\"https:\/\/business.roovi.com\/de\/\"},{\"@type\":\"ListItem\",\"position\":2,\"name\":\"Shop\",\"item\":\"https:\/\/business.roovi.com\/de\/shop\/\"},{\"@type\":\"ListItem\",\"position\":3,\"name\":\"Puzzle f\u00fcr Erwachsene 1000 Teile Cinque Terre\"}]},{\"@type\":\"WebSite\",\"@id\":\"https:\/\/business.roovi.com\/de\/#website\",\"url\":\"https:\/\/business.roovi.com\/de\/\",\"name\":\"Roovi B2B\",\"description\":\"Roovi Business Website\",\"potentialAction\":[{\"@type\":\"SearchAction\",\"target\":{\"@type\":\"EntryPoint\",\"urlTemplate\":\"https:\/\/business.roovi.com\/de\/?s={search_term_string}\"},\"query-input\":\"required name=search_term_string\"}],\"inLanguage\":\"de\"}]}<\/script>\n<!-- \/ Yoast SEO plugin. -->","yoast_head_json":{"title":"Puzzle f\u00fcr Erwachsene 1000 Teile Cinque Terre","description":"Puzzle f\u00fcr Erwachsene 1000 Teile Cinque Terre","robots":{"index":"index","follow":"follow","max-snippet":"max-snippet:-1","max-image-preview":"max-image-preview:large","max-video-preview":"max-video-preview:-1"},"canonical":"https:\/\/business.roovi.com\/de\/puzzle-fur-erwachsene-1000-teile-cinque-terre\/p\/","og_locale":"de_DE","og_type":"article","og_title":"Puzzle f\u00fcr Erwachsene 1000 Teile Cinque Terre","og_description":"Puzzle f\u00fcr Erwachsene 1000 Teile Cinque Terre","og_url":"https:\/\/business.roovi.com\/de\/puzzle-fur-erwachsene-1000-teile-cinque-terre\/p\/","og_site_name":"Roovi B2B","article_publisher":"https:\/\/www.facebook.com\/wwwjucariero","article_modified_time":"2022-07-06T12:09:25+00:00","og_image":[{"width":1200,"height":1200,"url":"https:\/\/business.roovi.com\/wp-content\/uploads\/2020\/04\/cinque_terre_italy_copy.jpg","type":"image\/jpeg"}],"twitter_misc":{"Gesch\u00e4tzte Lesezeit":"3\u00a0Minuten"},"schema":{"@context":"https:\/\/schema.org","@graph":[{"@type":"WebPage","@id":"https:\/\/business.roovi.com\/de\/puzzle-fur-erwachsene-1000-teile-cinque-terre\/p\/","url":"https:\/\/business.roovi.com\/de\/puzzle-fur-erwachsene-1000-teile-cinque-terre\/p\/","name":"Puzzle f\u00fcr Erwachsene 1000 Teile Cinque Terre","isPartOf":{"@id":"https:\/\/business.roovi.com\/de\/#website"},"datePublished":"2020-04-23T08:34:32+00:00","dateModified":"2022-07-06T12:09:25+00:00","description":"Puzzle f\u00fcr Erwachsene 1000 Teile Cinque Terre","breadcrumb":{"@id":"https:\/\/business.roovi.com\/de\/puzzle-fur-erwachsene-1000-teile-cinque-terre\/p\/#breadcrumb"},"inLanguage":"de","potentialAction":[{"@type":"ReadAction","target":["https:\/\/business.roovi.com\/de\/puzzle-fur-erwachsene-1000-teile-cinque-terre\/p\/"]}]},{"@type":"BreadcrumbList","@id":"https:\/\/business.roovi.com\/de\/puzzle-fur-erwachsene-1000-teile-cinque-terre\/p\/#breadcrumb","itemListElement":[{"@type":"ListItem","position":1,"name":"Home","item":"https:\/\/business.roovi.com\/de\/"},{"@type":"ListItem","position":2,"name":"Shop","item":"https:\/\/business.roovi.com\/de\/shop\/"},{"@type":"ListItem","position":3,"name":"Puzzle f\u00fcr Erwachsene 1000 Teile Cinque Terre"}]},{"@type":"WebSite","@id":"https:\/\/business.roovi.com\/de\/#website","url":"https:\/\/business.roovi.com\/de\/","name":"Roovi B2B","description":"Roovi Business Website","potentialAction":[{"@type":"SearchAction","target":{"@type":"EntryPoint","urlTemplate":"https:\/\/business.roovi.com\/de\/?s={search_term_string}"},"query-input":"required name=search_term_string"}],"inLanguage":"de"}]}},"_links":{"self":[{"href":"https:\/\/business.roovi.com\/de\/wp-json\/wp\/v2\/product\/39112","targetHints":{"allow":["GET"]}}],"collection":[{"href":"https:\/\/business.roovi.com\/de\/wp-json\/wp\/v2\/product"}],"about":[{"href":"https:\/\/business.roovi.com\/de\/wp-json\/wp\/v2\/types\/product"}],"version-history":[{"count":0,"href":"https:\/\/business.roovi.com\/de\/wp-json\/wp\/v2\/product\/39112\/revisions"}],"wp:featuredmedia":[{"embeddable":true,"href":"https:\/\/business.roovi.com\/de\/wp-json\/wp\/v2\/media\/48717"}],"wp:attachment":[{"href":"https:\/\/business.roovi.com\/de\/wp-json\/wp\/v2\/media?parent=39112"}],"wp:term":[{"taxonomy":"product_brand","embeddable":true,"href":"https:\/\/business.roovi.com\/de\/wp-json\/wp\/v2\/product_brand?post=39112"},{"taxonomy":"product_cat","embeddable":true,"href":"https:\/\/business.roovi.com\/de\/wp-json\/wp\/v2\/product_cat?post=39112"},{"taxonomy":"product_tag","embeddable":true,"href":"https:\/\/business.roovi.com\/de\/wp-json\/wp\/v2\/product_tag?post=39112"}],"curies":[{"name":"wp","href":"https:\/\/api.w.org\/{rel}","templated":true}]}}