{"id":39116,"date":"2020-04-22T14:55:42","date_gmt":"2020-04-22T14:55:42","guid":{"rendered":"https:\/\/business.roovi.com\/puzzle-adulti-1000-piese-animal-puzzle-koala\/p\/"},"modified":"2022-07-06T12:14:05","modified_gmt":"2022-07-06T12:14:05","slug":"1000-teile-puzzle-fur-erwachsene-tierpuzzle-koala","status":"publish","type":"product","link":"https:\/\/business.roovi.com\/de\/1000-teile-puzzle-fur-erwachsene-tierpuzzle-koala\/p\/","title":{"rendered":"1000-Teile-Puzzle f\u00fcr Erwachsene &#8211; Tierpuzzle &#8211; Koala"},"content":{"rendered":"<p><strong><em>Suchst du nach einer kreativen Besch\u00e4ftigung f\u00fcr deine Freizeit? Oder bist du auf der Suche nach einem einzigartigen Geschenk f\u00fcr einen Freund? Das 1000-teilige Koala-Puzzle aus der Tierpuzzle-Kollektion ist genau das, was du brauchst.<\/em><\/strong><\/p>\n<p><span style=\"font-weight: 400\">Die Montaget\u00e4tigkeit ist entspannend, trainiert deinen Geist und fordert deine Aufmerksamkeit und Geduld. Und wenn du das letzte St\u00fcck platzierst, das das Bild vervollst\u00e4ndigt, erlebst du ein unglaubliches Gef\u00fchl der Zufriedenheit und m\u00f6chtest die Erfahrung immer wieder wiederholen.<\/span><\/p>\n<p><span style=\"font-weight: 400\">Das 1000-teilige Koala-Puzzle zeigt ein Bild des niedlichen Beuteltiers, dem Symbol Australiens, in seiner nat\u00fcrlichen Umgebung, das sein Baby h\u00e4lt. Du kannst dieses Puzzlespiel zusammenbauen, wenn du das Bed\u00fcrfnis hast, eine Pause vom Alltag zu machen, oder du kannst deine Kinder in die Aktivit\u00e4t einbeziehen. Sie rennen um die Wette, um die richtigen Puzzleteile zu finden, und entscheiden am Ende gemeinsam, ob das Bild ihr Zimmer oder einen anderen Ort deiner Wahl schm\u00fccken wird.<\/span><\/p>\n<p><span style=\"font-weight: 400\">Du kannst einen normalen Couchtisch verwenden, um die St\u00fccke zu st\u00fctzen. Das rekonstruierte Bild misst <strong>68 x 47 cm<\/strong> und kann ein besonderes Dekorationsst\u00fcck sein, um dein Zuhause zu versch\u00f6nern.<\/span><\/p>\n<p><strong>Warum solltest du dich f\u00fcr das 1000-Teile-Puzzle aus der Tierpuzzle-Kollektion entscheiden?<\/strong><\/p>\n<p><span style=\"font-weight: 400\">Ein Tier in seiner nat\u00fcrlichen Umgebung zu fotografieren, ist eine wunderbare M\u00f6glichkeit, sich zu entspannen und abzuschalten.<\/span><\/p>\n<p><span style=\"font-weight: 400\">Du erh\u00e4ltst ein faszinierendes Bild, das du lange Zeit bewundern kannst.<\/span><\/p>\n<p><span style=\"font-weight: 400\">Es kann eine Gelegenheit sein, sich mit deinen Kindern zu verbinden und zusammenzuarbeiten.<\/span><\/p>\n<p><span style=\"font-weight: 400\">Er ist aus hochwertigem Karton gefertigt, der auch nach mehrmaligem Zusammenbau noch lange h\u00e4lt.<\/span><\/p>\n<p><span style=\"font-weight: 400\">Es hat eine halbgl\u00e4nzende Oberfl\u00e4che und leuchtende Farben, die die Sch\u00f6nheit des Bildes hervorheben.<\/span><\/p>\n<p><span style=\"font-weight: 400\">Es ist naturfreundlich und wird aus nachhaltigen und recycelbaren Materialien hergestellt.<\/span><\/p>\n<p><span style=\"font-weight: 400\">Sie ist f\u00fcr Personen ab 14 Jahren geeignet und hat einen mittleren Schwierigkeitsgrad.<\/span><\/p>\n<p><span style=\"font-weight: 400\">Puzzlespiele sind eine gro\u00dfartige M\u00f6glichkeit, um F\u00e4higkeiten zu entwickeln wie:<\/span><\/p>\n<ul>\n<li><span style=\"font-weight: 400\">Liebe zum Detail.<\/span><\/li>\n<li><span style=\"font-weight: 400\">Ged\u00e4chtnis und logisches Denken.<\/span><\/li>\n<li><span style=\"font-weight: 400\">Beharrlichkeit.<\/span><\/li>\n<li><span style=\"font-weight: 400\">Probleml\u00f6sungsf\u00e4higkeiten.<\/span><\/li>\n<li><span style=\"font-weight: 400\">Kreativit\u00e4t.<\/span><\/li>\n<li><span style=\"font-weight: 400\">Geschicklichkeit und Feinmotorik.<\/span><\/li>\n<\/ul>\n<p><strong>Wusstest du, dass..<\/strong><\/p>\n<p><span style=\"font-weight: 400\">Der freundliche Koala klettert die meiste Zeit seines Lebens auf den Eukalyptusbaum. Hier isst, schl\u00e4ft und br\u00fctet er.<\/span><\/p>\n<p><span style=\"font-weight: 400\">Der Koala trinkt nie Wasser. Er bekommt seine Fl\u00fcssigkeit aus Eukalyptusbl\u00e4ttern.<\/span><\/p>\n<p><span style=\"font-weight: 400\">Er hat das kleinste Gehirn aller S\u00e4ugetiere und eine geringe Intelligenz.<\/span><\/p>\n<p><span style=\"font-weight: 400\">Der Koala schl\u00e4ft bis zu 18 Stunden am Tag. Sie bleibt in der Regel nachts wach.<\/span><\/p>\n<p><span style=\"font-weight: 400\">Leider ist der Koala eine gef\u00e4hrdete Art. Viele Tiere sterben bei Autounf\u00e4llen, werden von Hunden get\u00f6tet oder weil ihr Lebensraum zerst\u00f6rt wird.<\/span><\/p>\n<p><strong>Das 1000-teilige Koala-Puzzle wird dich stundenlang von den Bildschirmen fernhalten<\/strong><\/p>\n<p><span style=\"font-weight: 400\">Du willst dich l\u00e4nger von Bildschirmen fernhalten, aber wie kannst du dich daran erinnern, dass dein Handy in die virtuelle Welt eintritt? Das 1000-teilige Puzzle mit dem Bild des freundlichen Koalas verbindet dich mit dir selbst und h\u00e4lt dich von virtuellen Verlockungen fern. Wenn du es geschafft hast, das Bild zu vollenden, erlebst du ein unvergleichliches Gef\u00fchl der Selbstzufriedenheit und m\u00f6chtest es immer wieder erleben.<\/span><\/p>\n<p><span style=\"font-weight: 400\">Egal, ob du das Bild alleine oder in Gesellschaft von Familie oder Freunden nachstellen m\u00f6chtest, <\/span><span style=\"font-weight: 400\">das 1000-teilige Puzzle von Koala f\u00fcr Erwachsene ist ein Puzzlespiel, das du immer zur Hand haben solltest. Es fordert deinen Geist heraus und bietet bis zu 30 Stunden Spa\u00df und Entspannung.<\/span><\/p>\n<p><span style=\"font-weight: 400\">Du kannst das 1000-teilige Koala-Puzzle auch als Geschenk f\u00fcr Feiertage oder Geburtstage von puzzlebegeisterten Freunden w\u00e4hlen.<\/span><\/p><\/p>\n","protected":false},"excerpt":{"rendered":"<p>Suchst du nach einer kreativen Besch\u00e4ftigung f\u00fcr deine Freizeit? Oder bist du auf der Suche nach einem einzigartigen Geschenk f\u00fcr<\/p>\n","protected":false},"featured_media":48715,"template":"","meta":[],"product_brand":[],"product_cat":[1916,1875,1915],"product_tag":[],"class_list":{"0":"post-39116","1":"product","2":"type-product","3":"status-publish","4":"has-post-thumbnail","6":"product_cat-1000-teile-puzzle","7":"product_cat-puzzle-de","8":"product_cat-puzzlespiele-fur-erwachsene","9":"pa_brand-deico-de","10":"pa_country_of_manufacture-ro-de","11":"pa_filter_age-14-de","12":"pa_tip_ambalaj-kasten-a4-de","13":"pa_tip_puzzle-klassisch","15":"first","16":"instock","17":"taxable","18":"shipping-taxable","19":"product-type-simple"},"yoast_head":"<!-- This site is optimized with the Yoast SEO plugin v20.1 - https:\/\/yoast.com\/wordpress\/plugins\/seo\/ -->\n<title>1000-Teile-Puzzle f\u00fcr Erwachsene - Tierpuzzle - Koala<\/title>\n<meta name=\"description\" content=\"1000-Teile-Puzzle f\u00fcr Erwachsene - Tierpuzzle - Koala\" \/>\n<meta name=\"robots\" content=\"index, follow, max-snippet:-1, max-image-preview:large, max-video-preview:-1\" \/>\n<link rel=\"canonical\" href=\"https:\/\/business.roovi.com\/de\/1000-teile-puzzle-fur-erwachsene-tierpuzzle-koala\/p\/\" \/>\n<meta property=\"og:locale\" content=\"de_DE\" \/>\n<meta property=\"og:type\" content=\"article\" \/>\n<meta property=\"og:title\" content=\"1000-Teile-Puzzle f\u00fcr Erwachsene - Tierpuzzle - Koala\" \/>\n<meta property=\"og:description\" content=\"1000-Teile-Puzzle f\u00fcr Erwachsene - Tierpuzzle - Koala\" \/>\n<meta property=\"og:url\" content=\"https:\/\/business.roovi.com\/de\/1000-teile-puzzle-fur-erwachsene-tierpuzzle-koala\/p\/\" \/>\n<meta property=\"og:site_name\" content=\"Roovi B2B\" \/>\n<meta property=\"article:publisher\" content=\"https:\/\/www.facebook.com\/wwwjucariero\" \/>\n<meta property=\"article:modified_time\" content=\"2022-07-06T12:14:05+00:00\" \/>\n<meta property=\"og:image\" content=\"https:\/\/business.roovi.com\/wp-content\/uploads\/2020\/04\/p1000_animals_deico_games_koala_copy.jpg\" \/>\n\t<meta property=\"og:image:width\" content=\"1200\" \/>\n\t<meta property=\"og:image:height\" content=\"1200\" \/>\n\t<meta property=\"og:image:type\" content=\"image\/jpeg\" \/>\n<meta name=\"twitter:label1\" content=\"Gesch\u00e4tzte Lesezeit\" \/>\n\t<meta name=\"twitter:data1\" content=\"3\u00a0Minuten\" \/>\n<script type=\"application\/ld+json\" class=\"yoast-schema-graph\">{\"@context\":\"https:\/\/schema.org\",\"@graph\":[{\"@type\":\"WebPage\",\"@id\":\"https:\/\/business.roovi.com\/de\/1000-teile-puzzle-fur-erwachsene-tierpuzzle-koala\/p\/\",\"url\":\"https:\/\/business.roovi.com\/de\/1000-teile-puzzle-fur-erwachsene-tierpuzzle-koala\/p\/\",\"name\":\"1000-Teile-Puzzle f\u00fcr Erwachsene - Tierpuzzle - Koala\",\"isPartOf\":{\"@id\":\"https:\/\/business.roovi.com\/de\/#website\"},\"datePublished\":\"2020-04-22T14:55:42+00:00\",\"dateModified\":\"2022-07-06T12:14:05+00:00\",\"description\":\"1000-Teile-Puzzle f\u00fcr Erwachsene - Tierpuzzle - Koala\",\"breadcrumb\":{\"@id\":\"https:\/\/business.roovi.com\/de\/1000-teile-puzzle-fur-erwachsene-tierpuzzle-koala\/p\/#breadcrumb\"},\"inLanguage\":\"de\",\"potentialAction\":[{\"@type\":\"ReadAction\",\"target\":[\"https:\/\/business.roovi.com\/de\/1000-teile-puzzle-fur-erwachsene-tierpuzzle-koala\/p\/\"]}]},{\"@type\":\"BreadcrumbList\",\"@id\":\"https:\/\/business.roovi.com\/de\/1000-teile-puzzle-fur-erwachsene-tierpuzzle-koala\/p\/#breadcrumb\",\"itemListElement\":[{\"@type\":\"ListItem\",\"position\":1,\"name\":\"Home\",\"item\":\"https:\/\/business.roovi.com\/de\/\"},{\"@type\":\"ListItem\",\"position\":2,\"name\":\"Shop\",\"item\":\"https:\/\/business.roovi.com\/de\/shop\/\"},{\"@type\":\"ListItem\",\"position\":3,\"name\":\"1000-Teile-Puzzle f\u00fcr Erwachsene &#8211; Tierpuzzle &#8211; Koala\"}]},{\"@type\":\"WebSite\",\"@id\":\"https:\/\/business.roovi.com\/de\/#website\",\"url\":\"https:\/\/business.roovi.com\/de\/\",\"name\":\"Roovi B2B\",\"description\":\"Roovi Business Website\",\"potentialAction\":[{\"@type\":\"SearchAction\",\"target\":{\"@type\":\"EntryPoint\",\"urlTemplate\":\"https:\/\/business.roovi.com\/de\/?s={search_term_string}\"},\"query-input\":\"required name=search_term_string\"}],\"inLanguage\":\"de\"}]}<\/script>\n<!-- \/ Yoast SEO plugin. -->","yoast_head_json":{"title":"1000-Teile-Puzzle f\u00fcr Erwachsene - Tierpuzzle - Koala","description":"1000-Teile-Puzzle f\u00fcr Erwachsene - Tierpuzzle - Koala","robots":{"index":"index","follow":"follow","max-snippet":"max-snippet:-1","max-image-preview":"max-image-preview:large","max-video-preview":"max-video-preview:-1"},"canonical":"https:\/\/business.roovi.com\/de\/1000-teile-puzzle-fur-erwachsene-tierpuzzle-koala\/p\/","og_locale":"de_DE","og_type":"article","og_title":"1000-Teile-Puzzle f\u00fcr Erwachsene - Tierpuzzle - Koala","og_description":"1000-Teile-Puzzle f\u00fcr Erwachsene - Tierpuzzle - Koala","og_url":"https:\/\/business.roovi.com\/de\/1000-teile-puzzle-fur-erwachsene-tierpuzzle-koala\/p\/","og_site_name":"Roovi B2B","article_publisher":"https:\/\/www.facebook.com\/wwwjucariero","article_modified_time":"2022-07-06T12:14:05+00:00","og_image":[{"width":1200,"height":1200,"url":"https:\/\/business.roovi.com\/wp-content\/uploads\/2020\/04\/p1000_animals_deico_games_koala_copy.jpg","type":"image\/jpeg"}],"twitter_misc":{"Gesch\u00e4tzte Lesezeit":"3\u00a0Minuten"},"schema":{"@context":"https:\/\/schema.org","@graph":[{"@type":"WebPage","@id":"https:\/\/business.roovi.com\/de\/1000-teile-puzzle-fur-erwachsene-tierpuzzle-koala\/p\/","url":"https:\/\/business.roovi.com\/de\/1000-teile-puzzle-fur-erwachsene-tierpuzzle-koala\/p\/","name":"1000-Teile-Puzzle f\u00fcr Erwachsene - Tierpuzzle - Koala","isPartOf":{"@id":"https:\/\/business.roovi.com\/de\/#website"},"datePublished":"2020-04-22T14:55:42+00:00","dateModified":"2022-07-06T12:14:05+00:00","description":"1000-Teile-Puzzle f\u00fcr Erwachsene - Tierpuzzle - Koala","breadcrumb":{"@id":"https:\/\/business.roovi.com\/de\/1000-teile-puzzle-fur-erwachsene-tierpuzzle-koala\/p\/#breadcrumb"},"inLanguage":"de","potentialAction":[{"@type":"ReadAction","target":["https:\/\/business.roovi.com\/de\/1000-teile-puzzle-fur-erwachsene-tierpuzzle-koala\/p\/"]}]},{"@type":"BreadcrumbList","@id":"https:\/\/business.roovi.com\/de\/1000-teile-puzzle-fur-erwachsene-tierpuzzle-koala\/p\/#breadcrumb","itemListElement":[{"@type":"ListItem","position":1,"name":"Home","item":"https:\/\/business.roovi.com\/de\/"},{"@type":"ListItem","position":2,"name":"Shop","item":"https:\/\/business.roovi.com\/de\/shop\/"},{"@type":"ListItem","position":3,"name":"1000-Teile-Puzzle f\u00fcr Erwachsene &#8211; Tierpuzzle &#8211; Koala"}]},{"@type":"WebSite","@id":"https:\/\/business.roovi.com\/de\/#website","url":"https:\/\/business.roovi.com\/de\/","name":"Roovi B2B","description":"Roovi Business Website","potentialAction":[{"@type":"SearchAction","target":{"@type":"EntryPoint","urlTemplate":"https:\/\/business.roovi.com\/de\/?s={search_term_string}"},"query-input":"required name=search_term_string"}],"inLanguage":"de"}]}},"_links":{"self":[{"href":"https:\/\/business.roovi.com\/de\/wp-json\/wp\/v2\/product\/39116","targetHints":{"allow":["GET"]}}],"collection":[{"href":"https:\/\/business.roovi.com\/de\/wp-json\/wp\/v2\/product"}],"about":[{"href":"https:\/\/business.roovi.com\/de\/wp-json\/wp\/v2\/types\/product"}],"version-history":[{"count":0,"href":"https:\/\/business.roovi.com\/de\/wp-json\/wp\/v2\/product\/39116\/revisions"}],"wp:featuredmedia":[{"embeddable":true,"href":"https:\/\/business.roovi.com\/de\/wp-json\/wp\/v2\/media\/48715"}],"wp:attachment":[{"href":"https:\/\/business.roovi.com\/de\/wp-json\/wp\/v2\/media?parent=39116"}],"wp:term":[{"taxonomy":"product_brand","embeddable":true,"href":"https:\/\/business.roovi.com\/de\/wp-json\/wp\/v2\/product_brand?post=39116"},{"taxonomy":"product_cat","embeddable":true,"href":"https:\/\/business.roovi.com\/de\/wp-json\/wp\/v2\/product_cat?post=39116"},{"taxonomy":"product_tag","embeddable":true,"href":"https:\/\/business.roovi.com\/de\/wp-json\/wp\/v2\/product_tag?post=39116"}],"curies":[{"name":"wp","href":"https:\/\/api.w.org\/{rel}","templated":true}]}}