{"id":39138,"date":"2020-04-22T14:17:48","date_gmt":"2020-04-22T14:17:48","guid":{"rendered":"https:\/\/business.roovi.com\/puzzle-adulti-1000-piese-groos-zselyke-cleopatra\/p\/"},"modified":"2022-07-06T12:19:10","modified_gmt":"2022-07-06T12:19:10","slug":"groos-zselyke-1000-teile-puzzle-fur-erwachsene-kleopatra","status":"publish","type":"product","link":"https:\/\/business.roovi.com\/de\/groos-zselyke-1000-teile-puzzle-fur-erwachsene-kleopatra\/p\/","title":{"rendered":"Groos Zselyke 1000 Teile Puzzle f\u00fcr Erwachsene &#8211; Kleopatra"},"content":{"rendered":"<p><span style=\"font-weight: 400\">Das 1000-Teile-Puzzle fordert deinen Geist heraus! W\u00e4hle einzigartige Muster aus dem gr\u00f6\u00dften Angebot an fabelhaft gestalteten Puzzles f\u00fcr Erwachsene und trainiere dein Gehirn jeden Tag.<\/span><\/p>\n<p><span style=\"font-weight: 400\">Das 1000-teilige Kleopatra-Puzzle zeigt die ber\u00fchmte \u00e4gyptische K\u00f6nigin in einer fabelhaften Illustration des K\u00fcnstlers Groos Zselyke. Viele f\u00fcr die \u00e4gyptische Antike typische Details in leuchtenden Farben werden deine Ausdauer und Liebe zum Detail auf die Probe stellen.<\/span><\/p>\n<p><span style=\"font-weight: 400\">Die Pharaonin und K\u00f6nigin Kleopatra hat \u00fcber die Jahrhunderte hinweg Maler, Musiker, Schriftsteller und Filmemacher inspiriert. Kleopatra, die vor allem f\u00fcr ihre Sch\u00f6nheit und ihre Liebesaff\u00e4ren mit Julius C\u00e4sar und Mark Anton bekannt war, war eine erfolgreiche Politikerin und einflussreiche Anf\u00fchrerin ihrer Zeit.<\/span><\/p>\n<p><span style=\"font-weight: 400\">Du kannst dieses erstaunliche Puzzle mit deiner Teenager-Tochter zusammensetzen. Du gibst ihr mehr als nur ein Puzzlespiel: eine faszinierende Geschichte einer starken und entschlossenen Frau, deren Name bis heute weiterlebt.<\/span><\/p>\n<p><span style=\"font-weight: 400\">Du kannst einen normalen Couchtisch verwenden, um das Bild nachzustellen. Das Gem\u00e4lde ist 50 x 70 cm gro\u00df. Du kannst es einrahmen und es wird im Zimmer deiner Tochter wundersch\u00f6n aussehen.<\/span><\/p>\n<p><span style=\"font-weight: 400\">Mit dem 1000-teiligen Puzzle Kleopatra:<\/span><\/p>\n<p><strong>Puzzle-Material <\/strong><\/p>\n<p><strong>hochwertiger blauer Karton<\/strong><\/p>\n<p><strong>nachhaltige, recycelbare Materialien<\/strong><\/p>\n<p><strong>halbgl\u00e4nzende Oberfl\u00e4che, leuchtende Farben<\/strong><\/p>\n<p><strong>Anzahl der Puzzleteile: 1000<\/strong><\/p>\n<p><strong>Empfohlenes Alter: 14+<\/strong><\/p>\n<p><strong>5 Gr\u00fcnde f\u00fcr das 1000 Teile Puzzle Kleopatra<\/strong><\/p>\n<p><span style=\"font-weight: 400\">1. Verbringe viel Zeit mit deinen Kindern und gestaltet gemeinsam ein besonderes Bild.<\/span><\/p>\n<p><span style=\"font-weight: 400\">2. Du entspannst dich und trennst dich von deinem Mobiltelefon.<\/span><\/p>\n<p><span style=\"font-weight: 400\">3. Du hast die M\u00f6glichkeit, deine F\u00e4higkeiten im Nachbau von Puzzles zu entwickeln.<\/span><\/p>\n<p><span style=\"font-weight: 400\">4. Du entwickelst deinen Sinn f\u00fcr Farben.<\/span><\/p>\n<p><span style=\"font-weight: 400\">5. Du trainierst dein Ged\u00e4chtnis und deine Aufmerksamkeit f\u00fcr Details.<\/span><\/p>\n<p><strong>Einige neue Informationen \u00fcber Kleopatra<\/strong><\/p>\n<p><span style=\"font-weight: 400\">Sie wurde in \u00c4gypten geboren, war aber keine \u00c4gypterin. Sie stammte von der ptolem\u00e4ischen Dynastie ab, einer griechisch-makedonischen K\u00f6nigsfamilie.<\/span><\/p>\n<p><span style=\"font-weight: 400\">Sie war eine intelligente Frau und studierte Mathematik, Chemie und Philosophie. Sie soll 7 Sprachen gesprochen haben, darunter Griechisch, Arabisch und Hebr\u00e4isch.<\/span><\/p>\n<p><span style=\"font-weight: 400\">Obwohl Kleopatras Sch\u00f6nheit in Bildern und Filmen idealisiert wird, behaupten antike Historiker, dass es daf\u00fcr keine Beweise gibt.<\/span><\/p>\n<p><span style=\"font-weight: 400\">Das hei\u00dft aber nicht, dass sie sich als gew\u00f6hnliche Frau betrachtete, ganz im Gegenteil. Sie umgab sich mit Luxus und Opulenz und kleidete sich f\u00fcr verschiedene Zeremonien wie die G\u00f6ttin Isis <\/span><\/p>\n<p><span style=\"font-weight: 400\">Ihr Tod ist immer noch geheimnisumwittert. Einige sagen, dass sie Selbstmord beging, indem sie eine Viper biss, andere, dass Octavian das Wasser vergiftete, das sie trank, oder sie mit einem Schwert t\u00f6tete.<\/span><\/p>\n<p><strong>Puzzlespiele sind eine meditative Erfahrung<\/strong><\/p>\n<p><span style=\"font-weight: 400\">Der Zustand intensiver Konzentration, den du w\u00e4hrend eines Puzzlespiels erlebst, schafft ein Gleichgewicht zwischen den beiden Gehirnh\u00e4lften. Diese Synergie hilft dir, eine h\u00f6here Bewusstseinsebene zu erreichen. Du bist in der Lage, intensiv im gegenw\u00e4rtigen Moment zu leben und wunderbare Momente der Entspannung zu genie\u00dfen.<\/span><\/p>\n<p><span style=\"font-weight: 400\">Diese Erfahrung ist vergleichbar mit einer Meditation und die positiven Auswirkungen werden schon nach kurzer Zeit sichtbar:<\/span><\/p>\n<ul>\n<li><span style=\"font-weight: 400\">Du befreist dich von Stress.<\/span><\/li>\n<li><span style=\"font-weight: 400\">Du bew\u00e4ltigst deine Angst und verhinderst Panikattacken.<\/span><\/li>\n<li><span style=\"font-weight: 400\">Du verbesserst deine Stimmung <\/span><\/li>\n<li><span style=\"font-weight: 400\">Du bist optimistischer und entspannter.<\/span><\/li>\n<\/ul>\n<p><span style=\"font-weight: 400\">Entscheide dich f\u00fcr das 1000-teilige Puzzle Kleopatra im einzigartigen Design des K\u00fcnstlers Groos Zselyke und genie\u00dfe alle Vorteile, die ein Puzzlespiel zu bieten hat. Kaufe dieses tolle Puzzle f\u00fcr Erwachsene f\u00fcr dich selbst oder verschenke es an Freunde zu den Feiertagen oder Geburtstagen.<\/span><\/p><\/p>\n","protected":false},"excerpt":{"rendered":"<p>Das 1000-Teile-Puzzle fordert deinen Geist heraus! W\u00e4hle einzigartige Muster aus dem gr\u00f6\u00dften Angebot an fabelhaft gestalteten Puzzles f\u00fcr Erwachsene und<\/p>\n","protected":false},"featured_media":48775,"template":"","meta":[],"product_brand":[],"product_cat":[1916,1875,1915],"product_tag":[],"class_list":{"0":"post-39138","1":"product","2":"type-product","3":"status-publish","4":"has-post-thumbnail","6":"product_cat-1000-teile-puzzle","7":"product_cat-puzzle-de","8":"product_cat-puzzlespiele-fur-erwachsene","9":"pa_brand-deico-de","10":"pa_country_of_manufacture-ro-de","11":"pa_filter_age-14-de","12":"pa_tip_ambalaj-kasten-a4-de","13":"pa_tip_puzzle-klassisch","15":"first","16":"instock","17":"taxable","18":"shipping-taxable","19":"product-type-simple"},"yoast_head":"<!-- This site is optimized with the Yoast SEO plugin v20.1 - https:\/\/yoast.com\/wordpress\/plugins\/seo\/ -->\n<title>Groos Zselyke 1000 Teile Puzzle f\u00fcr Erwachsene - Kleopatra<\/title>\n<meta name=\"description\" content=\"Groos Zselyke 1000 Teile Puzzle f\u00fcr Erwachsene - Kleopatra\" \/>\n<meta name=\"robots\" content=\"index, follow, max-snippet:-1, max-image-preview:large, max-video-preview:-1\" \/>\n<link rel=\"canonical\" href=\"https:\/\/business.roovi.com\/de\/groos-zselyke-1000-teile-puzzle-fur-erwachsene-kleopatra\/p\/\" \/>\n<meta property=\"og:locale\" content=\"de_DE\" \/>\n<meta property=\"og:type\" content=\"article\" \/>\n<meta property=\"og:title\" content=\"Groos Zselyke 1000 Teile Puzzle f\u00fcr Erwachsene - Kleopatra\" \/>\n<meta property=\"og:description\" content=\"Groos Zselyke 1000 Teile Puzzle f\u00fcr Erwachsene - Kleopatra\" \/>\n<meta property=\"og:url\" content=\"https:\/\/business.roovi.com\/de\/groos-zselyke-1000-teile-puzzle-fur-erwachsene-kleopatra\/p\/\" \/>\n<meta property=\"og:site_name\" content=\"Roovi B2B\" \/>\n<meta property=\"article:publisher\" content=\"https:\/\/www.facebook.com\/wwwjucariero\" \/>\n<meta property=\"article:modified_time\" content=\"2022-07-06T12:19:10+00:00\" \/>\n<meta property=\"og:image\" content=\"https:\/\/business.roovi.com\/wp-content\/uploads\/2020\/04\/p1000_zelyke-kleopatra_copy.jpg\" \/>\n\t<meta property=\"og:image:width\" content=\"1200\" \/>\n\t<meta property=\"og:image:height\" content=\"1200\" \/>\n\t<meta property=\"og:image:type\" content=\"image\/jpeg\" \/>\n<meta name=\"twitter:label1\" content=\"Gesch\u00e4tzte Lesezeit\" \/>\n\t<meta name=\"twitter:data1\" content=\"3\u00a0Minuten\" \/>\n<script type=\"application\/ld+json\" class=\"yoast-schema-graph\">{\"@context\":\"https:\/\/schema.org\",\"@graph\":[{\"@type\":\"WebPage\",\"@id\":\"https:\/\/business.roovi.com\/de\/groos-zselyke-1000-teile-puzzle-fur-erwachsene-kleopatra\/p\/\",\"url\":\"https:\/\/business.roovi.com\/de\/groos-zselyke-1000-teile-puzzle-fur-erwachsene-kleopatra\/p\/\",\"name\":\"Groos Zselyke 1000 Teile Puzzle f\u00fcr Erwachsene - Kleopatra\",\"isPartOf\":{\"@id\":\"https:\/\/business.roovi.com\/de\/#website\"},\"datePublished\":\"2020-04-22T14:17:48+00:00\",\"dateModified\":\"2022-07-06T12:19:10+00:00\",\"description\":\"Groos Zselyke 1000 Teile Puzzle f\u00fcr Erwachsene - Kleopatra\",\"breadcrumb\":{\"@id\":\"https:\/\/business.roovi.com\/de\/groos-zselyke-1000-teile-puzzle-fur-erwachsene-kleopatra\/p\/#breadcrumb\"},\"inLanguage\":\"de\",\"potentialAction\":[{\"@type\":\"ReadAction\",\"target\":[\"https:\/\/business.roovi.com\/de\/groos-zselyke-1000-teile-puzzle-fur-erwachsene-kleopatra\/p\/\"]}]},{\"@type\":\"BreadcrumbList\",\"@id\":\"https:\/\/business.roovi.com\/de\/groos-zselyke-1000-teile-puzzle-fur-erwachsene-kleopatra\/p\/#breadcrumb\",\"itemListElement\":[{\"@type\":\"ListItem\",\"position\":1,\"name\":\"Home\",\"item\":\"https:\/\/business.roovi.com\/de\/\"},{\"@type\":\"ListItem\",\"position\":2,\"name\":\"Shop\",\"item\":\"https:\/\/business.roovi.com\/de\/shop\/\"},{\"@type\":\"ListItem\",\"position\":3,\"name\":\"Groos Zselyke 1000 Teile Puzzle f\u00fcr Erwachsene &#8211; Kleopatra\"}]},{\"@type\":\"WebSite\",\"@id\":\"https:\/\/business.roovi.com\/de\/#website\",\"url\":\"https:\/\/business.roovi.com\/de\/\",\"name\":\"Roovi B2B\",\"description\":\"Roovi Business Website\",\"potentialAction\":[{\"@type\":\"SearchAction\",\"target\":{\"@type\":\"EntryPoint\",\"urlTemplate\":\"https:\/\/business.roovi.com\/de\/?s={search_term_string}\"},\"query-input\":\"required name=search_term_string\"}],\"inLanguage\":\"de\"}]}<\/script>\n<!-- \/ Yoast SEO plugin. -->","yoast_head_json":{"title":"Groos Zselyke 1000 Teile Puzzle f\u00fcr Erwachsene - Kleopatra","description":"Groos Zselyke 1000 Teile Puzzle f\u00fcr Erwachsene - Kleopatra","robots":{"index":"index","follow":"follow","max-snippet":"max-snippet:-1","max-image-preview":"max-image-preview:large","max-video-preview":"max-video-preview:-1"},"canonical":"https:\/\/business.roovi.com\/de\/groos-zselyke-1000-teile-puzzle-fur-erwachsene-kleopatra\/p\/","og_locale":"de_DE","og_type":"article","og_title":"Groos Zselyke 1000 Teile Puzzle f\u00fcr Erwachsene - Kleopatra","og_description":"Groos Zselyke 1000 Teile Puzzle f\u00fcr Erwachsene - Kleopatra","og_url":"https:\/\/business.roovi.com\/de\/groos-zselyke-1000-teile-puzzle-fur-erwachsene-kleopatra\/p\/","og_site_name":"Roovi B2B","article_publisher":"https:\/\/www.facebook.com\/wwwjucariero","article_modified_time":"2022-07-06T12:19:10+00:00","og_image":[{"width":1200,"height":1200,"url":"https:\/\/business.roovi.com\/wp-content\/uploads\/2020\/04\/p1000_zelyke-kleopatra_copy.jpg","type":"image\/jpeg"}],"twitter_misc":{"Gesch\u00e4tzte Lesezeit":"3\u00a0Minuten"},"schema":{"@context":"https:\/\/schema.org","@graph":[{"@type":"WebPage","@id":"https:\/\/business.roovi.com\/de\/groos-zselyke-1000-teile-puzzle-fur-erwachsene-kleopatra\/p\/","url":"https:\/\/business.roovi.com\/de\/groos-zselyke-1000-teile-puzzle-fur-erwachsene-kleopatra\/p\/","name":"Groos Zselyke 1000 Teile Puzzle f\u00fcr Erwachsene - Kleopatra","isPartOf":{"@id":"https:\/\/business.roovi.com\/de\/#website"},"datePublished":"2020-04-22T14:17:48+00:00","dateModified":"2022-07-06T12:19:10+00:00","description":"Groos Zselyke 1000 Teile Puzzle f\u00fcr Erwachsene - Kleopatra","breadcrumb":{"@id":"https:\/\/business.roovi.com\/de\/groos-zselyke-1000-teile-puzzle-fur-erwachsene-kleopatra\/p\/#breadcrumb"},"inLanguage":"de","potentialAction":[{"@type":"ReadAction","target":["https:\/\/business.roovi.com\/de\/groos-zselyke-1000-teile-puzzle-fur-erwachsene-kleopatra\/p\/"]}]},{"@type":"BreadcrumbList","@id":"https:\/\/business.roovi.com\/de\/groos-zselyke-1000-teile-puzzle-fur-erwachsene-kleopatra\/p\/#breadcrumb","itemListElement":[{"@type":"ListItem","position":1,"name":"Home","item":"https:\/\/business.roovi.com\/de\/"},{"@type":"ListItem","position":2,"name":"Shop","item":"https:\/\/business.roovi.com\/de\/shop\/"},{"@type":"ListItem","position":3,"name":"Groos Zselyke 1000 Teile Puzzle f\u00fcr Erwachsene &#8211; Kleopatra"}]},{"@type":"WebSite","@id":"https:\/\/business.roovi.com\/de\/#website","url":"https:\/\/business.roovi.com\/de\/","name":"Roovi B2B","description":"Roovi Business Website","potentialAction":[{"@type":"SearchAction","target":{"@type":"EntryPoint","urlTemplate":"https:\/\/business.roovi.com\/de\/?s={search_term_string}"},"query-input":"required name=search_term_string"}],"inLanguage":"de"}]}},"_links":{"self":[{"href":"https:\/\/business.roovi.com\/de\/wp-json\/wp\/v2\/product\/39138","targetHints":{"allow":["GET"]}}],"collection":[{"href":"https:\/\/business.roovi.com\/de\/wp-json\/wp\/v2\/product"}],"about":[{"href":"https:\/\/business.roovi.com\/de\/wp-json\/wp\/v2\/types\/product"}],"version-history":[{"count":0,"href":"https:\/\/business.roovi.com\/de\/wp-json\/wp\/v2\/product\/39138\/revisions"}],"wp:featuredmedia":[{"embeddable":true,"href":"https:\/\/business.roovi.com\/de\/wp-json\/wp\/v2\/media\/48775"}],"wp:attachment":[{"href":"https:\/\/business.roovi.com\/de\/wp-json\/wp\/v2\/media?parent=39138"}],"wp:term":[{"taxonomy":"product_brand","embeddable":true,"href":"https:\/\/business.roovi.com\/de\/wp-json\/wp\/v2\/product_brand?post=39138"},{"taxonomy":"product_cat","embeddable":true,"href":"https:\/\/business.roovi.com\/de\/wp-json\/wp\/v2\/product_cat?post=39138"},{"taxonomy":"product_tag","embeddable":true,"href":"https:\/\/business.roovi.com\/de\/wp-json\/wp\/v2\/product_tag?post=39138"}],"curies":[{"name":"wp","href":"https:\/\/api.w.org\/{rel}","templated":true}]}}