{"id":39142,"date":"2020-04-22T14:08:07","date_gmt":"2020-04-22T14:08:07","guid":{"rendered":"https:\/\/business.roovi.com\/puzzle-adulti-1000-piese-wassily-kandinsky-murnau-burggrabenstrasse\/p\/"},"modified":"2022-12-01T12:08:15","modified_gmt":"2022-12-01T12:08:15","slug":"1000-teile-wassily-kandinsky-murnau-burggrabenstrasse-puzzle-fur-erwachsene","status":"publish","type":"product","link":"https:\/\/business.roovi.com\/de\/1000-teile-wassily-kandinsky-murnau-burggrabenstrasse-puzzle-fur-erwachsene\/p\/","title":{"rendered":"1000 Teile Wassily Kandinsky &#8211; Murnau Burggrabenstrasse Puzzle f\u00fcr Erwachsene"},"content":{"rendered":"<p><span style=\"font-weight: 400;\">1000 Teile Puzzle mit Bildern von ber\u00fchmten Gem\u00e4lden bringen dir die Kunst nahe! Setze erstaunliche Kunstpuzzles zusammen und sei der K\u00fcnstler, der Meisterwerke schafft.<\/span><\/p>\n<p><span style=\"font-weight: 400;\">Wenn du lebendige, farbenfrohe Bilder liebst, dann ist Wassily Kandinsky &#8211; Murnau Burggrabenstra\u00dfe 1000-teiliges Puzzlespiel<\/span> <span style=\"font-weight: 400;\">ist perfekt f\u00fcr dich. Das Gem\u00e4lde zeigt das Dorf Murau, das am Fu\u00dfe der bayerischen Alpen liegt. Der K\u00fcnstler lebte hier von 1909 bis 1914, eine entscheidende Zeit in seiner k\u00fcnstlerischen Entwicklung.<\/span><\/p>\n<p><span style=\"font-weight: 400;\">Kandinsky stellte sich die Kunst als Ausdruck der spirituellen Entwicklung vor. Er konstruiert dieses atemberaubende Gem\u00e4lde und entdeckt die mystische Bedeutung der dekorativen Szene <\/span><\/p>\n<p><span style=\"font-weight: 400;\">Um das Bild nachzubauen, brauchst du einen normalen Couchtisch, auf dem die 1000 Puzzleteile Platz finden, sowie Geduld und Ausdauer. Du bekommst ein 50 x 70 cm gro\u00dfes Bild, das gerahmt faszinierend aussieht.<\/span><\/p>\n<p><strong>Warum w\u00e4hlst du das Kunstpuzzle Wassily Kandinsky &#8211; Murnau Burggrabenstra\u00dfe?<\/strong><\/p>\n<ul>\n<li><span style=\"font-weight: 400;\">Er ist aus hochwertigen Materialien hergestellt, insbesondere aus blauem Premium-Karton.<\/span><\/li>\n<li><span style=\"font-weight: 400;\">Die Verpackung ist recycelbar. Wir lieben die Natur und verwenden nachhaltige, umweltfreundliche Materialien.<\/span><\/li>\n<li><span style=\"font-weight: 400;\">Es ist ein h\u00fcbsches Puzzle in leuchtenden Farben mit einer halbgl\u00e4nzenden Oberfl\u00e4che.<\/span><\/li>\n<li><span style=\"font-weight: 400;\">Er besteht aus 1000 Teilen und das Zusammensetzen bringt dir viele Stunden Spa\u00df und Entspannung.<\/span><\/li>\n<li><span style=\"font-weight: 400;\">Es kann von Menschen ab 14 Jahren zusammengestellt werden, was ein Grund mehr ist, Jugendliche in diese Aktivit\u00e4t einzubeziehen und sie in die Welt der Kunst einzuf\u00fchren <\/span><\/li>\n<\/ul>\n<p><strong>Wusstest du, dass&#8230;<\/strong><span style=\"font-weight: 400;\">.<\/span><\/p>\n<p><span style=\"font-weight: 400;\">Wassily Kandinsky ist ein russischer Maler, der als Vater der abstrakten Kunst gilt.<\/span><\/p>\n<p><span style=\"font-weight: 400;\">Er lie\u00df sich bei seiner Arbeit von Musik und Farben inspirieren und konzentrierte sich im ersten Jahrzehnt seiner k\u00fcnstlerischen Laufbahn darauf, diese in der Malerei zum Ausdruck zu bringen.<\/span><\/p>\n<p><span style=\"font-weight: 400;\">Viele der Titel seiner Werke beziehen sich auf Musik, wie zum Beispiel der Zyklus <\/span><em><span style=\"font-weight: 400;\">Kompositionen<\/span><\/em><\/p>\n<p><span style=\"font-weight: 400;\">F\u00fcr ihn war das Malen eine Form der Anbetung und der spirituellen Entwicklung.<\/span><\/p>\n<p><span style=\"font-weight: 400;\">Die Nazis beschlagnahmten und zerst\u00f6rten mehrere seiner Werke, die 1937 in der Ausstellung &#8222;Entartete Kunst&#8220; gezeigt wurden.<\/span><\/p>\n<p><span style=\"font-weight: 400;\">Gegen Ende seines Lebens waren seine Werke nicht mehr so begehrt. Er starb in Einsamkeit in einem abgelegenen Teil von Paris <\/span><\/p>\n<p><strong>5 super Vorteile von Puzzlespielen<\/strong><\/p>\n<p><strong>Es trainiert dein Gehirn <\/strong><span style=\"font-weight: 400;\">1000-teilige Puzzles sind wie ein Fitnesstraining f\u00fcr dein Gehirn.<\/span> <span style=\"font-weight: 400;\">An dieser entspannenden Aktivit\u00e4t sind beide Gehirnh\u00e4lften beteiligt, sodass das Training vollst\u00e4ndig und komplex ist.<\/span><\/p>\n<p><strong>Es bringt dich wieder mit dir selbst in Verbindung.<\/strong><span style=\"font-weight: 400;\"> Willst du Momente der Selbstreflexion, um dich selbst zu entdecken und deine inneren Gef\u00fchle zu verstehen? Puzzlespiele helfen dir auch dabei. Wenn du vor einem 1000-teiligen Puzzlebild sitzt, schaltet dein Geist von all deinen t\u00e4glichen Sorgen ab. Du bist mit dir allein, bringst deine Gedanken in Ordnung und genie\u00dft die gegenw\u00e4rtige Erfahrung.<\/span><\/p>\n<p><strong>Deine Probleml\u00f6sungsf\u00e4higkeiten verbessern sich.<\/strong><span style=\"font-weight: 400;\"> Das Leben als Ganzes ist wie ein Puzzle, voller Herausforderungen und unerwarteter Situationen. Puzzlespiele sind ein kleiner Helfer, der dich auf schwierige Situationen vorbereitet. Durch st\u00e4ndiges \u00dcben verbesserst du deine F\u00e4higkeit, die richtigen L\u00f6sungen zu finden, auch wenn du denkst, dass es keine L\u00f6sung gibt.<\/span><\/p>\n<p><strong>Es hilft dir, deine Produktivit\u00e4t zu steigern <\/strong><span style=\"font-weight: 400;\">Entspannte Menschen sind bekannterma\u00dfen produktiver. 1000-teilige Puzzles zu bearbeiten ist eine Freizeitbesch\u00e4ftigung, die Momente der Entspannung bringt. Das hilft dir, optimistisch und nat\u00fcrlich auch produktiv zu sein.<\/span><\/p>\n<p><strong>Es bringt dich deinen Liebsten n\u00e4her.<\/strong><span style=\"font-weight: 400;\"> Du suchst nach einer entspannenden Familienaktivit\u00e4t? Willst du deine Kinder im Teenageralter von den Bildschirmen fernhalten und eine engere Bindung zu ihnen haben? Das 1000-Teile-Puzzle ist eine M\u00f6glichkeit, deinen Liebsten n\u00e4her zu kommen und sich mit ihnen zu verbinden. W\u00e4hle gemeinsam die Bilder aus, die du nachstellen willst und schaffe wunderbare Erinnerungen an eint\u00f6nige Tage im Jahr.<\/span><\/p>\n<p><span style=\"font-weight: 400;\">Wassily Kandinsky &#8211; Murnau Burggrabenstrasse 1000 Teile Puzzle kaufen<\/span> <span style=\"font-weight: 400;\">aus der Kunstpuzzle-Kollektion und gestalte ein farbenfrohes abstraktes Gem\u00e4lde. Entdecke weitere Puzzles mit Bildern des ber\u00fchmten K\u00fcnstlers und baue dir deine eigene Kunstpuzzle-Sammlung auf.<\/span><\/p>\n<p><span style=\"font-weight: 400;\">1000 Teile Wassily Kandinsky &#8211; Murnau Burggrabenstrasse Puzzle<\/span> <span style=\"font-weight: 400;\">ist ein elegantes Geschenk, das deine Freunde sicher zu sch\u00e4tzen wissen werden. Verschenke es zu den Feiertagen oder zu Jubil\u00e4en und mache erwachsenen R\u00e4tselfreunden, die du kennst, eine Freude <\/span><\/p>\n<p>&nbsp;<\/p>\n","protected":false},"excerpt":{"rendered":"<p>1000 Teile Puzzle mit Bildern von ber\u00fchmten Gem\u00e4lden bringen dir die Kunst nahe! Setze erstaunliche Kunstpuzzles zusammen und sei der<\/p>\n","protected":false},"featured_media":48773,"template":"","meta":[],"product_brand":[],"product_cat":[1916,1875,1915],"product_tag":[],"class_list":{"0":"post-39142","1":"product","2":"type-product","3":"status-publish","4":"has-post-thumbnail","6":"product_cat-1000-teile-puzzle","7":"product_cat-puzzle-de","8":"product_cat-puzzlespiele-fur-erwachsene","9":"pa_brand-deico-de","10":"pa_country_of_manufacture-ro-de","11":"pa_filter_age-14-de","12":"pa_tip_ambalaj-kasten-a4-de","13":"pa_tip_puzzle-klassisch","15":"first","16":"instock","17":"taxable","18":"shipping-taxable","19":"product-type-simple"},"yoast_head":"<!-- This site is optimized with the Yoast SEO plugin v20.1 - https:\/\/yoast.com\/wordpress\/plugins\/seo\/ -->\n<title>1000 Teile Wassily Kandinsky - Murnau Burggrabenstrasse Puzzle f\u00fcr Erwachsene<\/title>\n<meta name=\"description\" content=\"1000 Teile Wassily Kandinsky - Murnau Burggrabenstrasse Puzzle f\u00fcr Erwachsene\" \/>\n<meta name=\"robots\" content=\"index, follow, max-snippet:-1, max-image-preview:large, max-video-preview:-1\" \/>\n<link rel=\"canonical\" href=\"https:\/\/business.roovi.com\/de\/1000-teile-wassily-kandinsky-murnau-burggrabenstrasse-puzzle-fur-erwachsene\/p\/\" \/>\n<meta property=\"og:locale\" content=\"de_DE\" \/>\n<meta property=\"og:type\" content=\"article\" \/>\n<meta property=\"og:title\" content=\"1000 Teile Wassily Kandinsky - Murnau Burggrabenstrasse Puzzle f\u00fcr Erwachsene\" \/>\n<meta property=\"og:description\" content=\"1000 Teile Wassily Kandinsky - Murnau Burggrabenstrasse Puzzle f\u00fcr Erwachsene\" \/>\n<meta property=\"og:url\" content=\"https:\/\/business.roovi.com\/de\/1000-teile-wassily-kandinsky-murnau-burggrabenstrasse-puzzle-fur-erwachsene\/p\/\" \/>\n<meta property=\"og:site_name\" content=\"Roovi B2B\" \/>\n<meta property=\"article:publisher\" content=\"https:\/\/www.facebook.com\/wwwjucariero\" \/>\n<meta property=\"article:modified_time\" content=\"2022-12-01T12:08:15+00:00\" \/>\n<meta property=\"og:image\" content=\"https:\/\/business.roovi.com\/wp-content\/uploads\/2020\/04\/wassily_kandinsky-murnau_burggrabenstrasse_copy.jpg\" \/>\n\t<meta property=\"og:image:width\" content=\"1200\" \/>\n\t<meta property=\"og:image:height\" content=\"1200\" \/>\n\t<meta property=\"og:image:type\" content=\"image\/jpeg\" \/>\n<meta name=\"twitter:label1\" content=\"Gesch\u00e4tzte Lesezeit\" \/>\n\t<meta name=\"twitter:data1\" content=\"4\u00a0Minuten\" \/>\n<script type=\"application\/ld+json\" class=\"yoast-schema-graph\">{\"@context\":\"https:\/\/schema.org\",\"@graph\":[{\"@type\":\"WebPage\",\"@id\":\"https:\/\/business.roovi.com\/de\/1000-teile-wassily-kandinsky-murnau-burggrabenstrasse-puzzle-fur-erwachsene\/p\/\",\"url\":\"https:\/\/business.roovi.com\/de\/1000-teile-wassily-kandinsky-murnau-burggrabenstrasse-puzzle-fur-erwachsene\/p\/\",\"name\":\"1000 Teile Wassily Kandinsky - Murnau Burggrabenstrasse Puzzle f\u00fcr Erwachsene\",\"isPartOf\":{\"@id\":\"https:\/\/business.roovi.com\/de\/#website\"},\"datePublished\":\"2020-04-22T14:08:07+00:00\",\"dateModified\":\"2022-12-01T12:08:15+00:00\",\"description\":\"1000 Teile Wassily Kandinsky - Murnau Burggrabenstrasse Puzzle f\u00fcr Erwachsene\",\"breadcrumb\":{\"@id\":\"https:\/\/business.roovi.com\/de\/1000-teile-wassily-kandinsky-murnau-burggrabenstrasse-puzzle-fur-erwachsene\/p\/#breadcrumb\"},\"inLanguage\":\"de\",\"potentialAction\":[{\"@type\":\"ReadAction\",\"target\":[\"https:\/\/business.roovi.com\/de\/1000-teile-wassily-kandinsky-murnau-burggrabenstrasse-puzzle-fur-erwachsene\/p\/\"]}]},{\"@type\":\"BreadcrumbList\",\"@id\":\"https:\/\/business.roovi.com\/de\/1000-teile-wassily-kandinsky-murnau-burggrabenstrasse-puzzle-fur-erwachsene\/p\/#breadcrumb\",\"itemListElement\":[{\"@type\":\"ListItem\",\"position\":1,\"name\":\"Home\",\"item\":\"https:\/\/business.roovi.com\/de\/\"},{\"@type\":\"ListItem\",\"position\":2,\"name\":\"Shop\",\"item\":\"https:\/\/business.roovi.com\/de\/shop\/\"},{\"@type\":\"ListItem\",\"position\":3,\"name\":\"1000 Teile Wassily Kandinsky &#8211; Murnau Burggrabenstrasse Puzzle f\u00fcr Erwachsene\"}]},{\"@type\":\"WebSite\",\"@id\":\"https:\/\/business.roovi.com\/de\/#website\",\"url\":\"https:\/\/business.roovi.com\/de\/\",\"name\":\"Roovi B2B\",\"description\":\"Roovi Business Website\",\"potentialAction\":[{\"@type\":\"SearchAction\",\"target\":{\"@type\":\"EntryPoint\",\"urlTemplate\":\"https:\/\/business.roovi.com\/de\/?s={search_term_string}\"},\"query-input\":\"required name=search_term_string\"}],\"inLanguage\":\"de\"}]}<\/script>\n<!-- \/ Yoast SEO plugin. -->","yoast_head_json":{"title":"1000 Teile Wassily Kandinsky - Murnau Burggrabenstrasse Puzzle f\u00fcr Erwachsene","description":"1000 Teile Wassily Kandinsky - Murnau Burggrabenstrasse Puzzle f\u00fcr Erwachsene","robots":{"index":"index","follow":"follow","max-snippet":"max-snippet:-1","max-image-preview":"max-image-preview:large","max-video-preview":"max-video-preview:-1"},"canonical":"https:\/\/business.roovi.com\/de\/1000-teile-wassily-kandinsky-murnau-burggrabenstrasse-puzzle-fur-erwachsene\/p\/","og_locale":"de_DE","og_type":"article","og_title":"1000 Teile Wassily Kandinsky - Murnau Burggrabenstrasse Puzzle f\u00fcr Erwachsene","og_description":"1000 Teile Wassily Kandinsky - Murnau Burggrabenstrasse Puzzle f\u00fcr Erwachsene","og_url":"https:\/\/business.roovi.com\/de\/1000-teile-wassily-kandinsky-murnau-burggrabenstrasse-puzzle-fur-erwachsene\/p\/","og_site_name":"Roovi B2B","article_publisher":"https:\/\/www.facebook.com\/wwwjucariero","article_modified_time":"2022-12-01T12:08:15+00:00","og_image":[{"width":1200,"height":1200,"url":"https:\/\/business.roovi.com\/wp-content\/uploads\/2020\/04\/wassily_kandinsky-murnau_burggrabenstrasse_copy.jpg","type":"image\/jpeg"}],"twitter_misc":{"Gesch\u00e4tzte Lesezeit":"4\u00a0Minuten"},"schema":{"@context":"https:\/\/schema.org","@graph":[{"@type":"WebPage","@id":"https:\/\/business.roovi.com\/de\/1000-teile-wassily-kandinsky-murnau-burggrabenstrasse-puzzle-fur-erwachsene\/p\/","url":"https:\/\/business.roovi.com\/de\/1000-teile-wassily-kandinsky-murnau-burggrabenstrasse-puzzle-fur-erwachsene\/p\/","name":"1000 Teile Wassily Kandinsky - Murnau Burggrabenstrasse Puzzle f\u00fcr Erwachsene","isPartOf":{"@id":"https:\/\/business.roovi.com\/de\/#website"},"datePublished":"2020-04-22T14:08:07+00:00","dateModified":"2022-12-01T12:08:15+00:00","description":"1000 Teile Wassily Kandinsky - Murnau Burggrabenstrasse Puzzle f\u00fcr Erwachsene","breadcrumb":{"@id":"https:\/\/business.roovi.com\/de\/1000-teile-wassily-kandinsky-murnau-burggrabenstrasse-puzzle-fur-erwachsene\/p\/#breadcrumb"},"inLanguage":"de","potentialAction":[{"@type":"ReadAction","target":["https:\/\/business.roovi.com\/de\/1000-teile-wassily-kandinsky-murnau-burggrabenstrasse-puzzle-fur-erwachsene\/p\/"]}]},{"@type":"BreadcrumbList","@id":"https:\/\/business.roovi.com\/de\/1000-teile-wassily-kandinsky-murnau-burggrabenstrasse-puzzle-fur-erwachsene\/p\/#breadcrumb","itemListElement":[{"@type":"ListItem","position":1,"name":"Home","item":"https:\/\/business.roovi.com\/de\/"},{"@type":"ListItem","position":2,"name":"Shop","item":"https:\/\/business.roovi.com\/de\/shop\/"},{"@type":"ListItem","position":3,"name":"1000 Teile Wassily Kandinsky &#8211; Murnau Burggrabenstrasse Puzzle f\u00fcr Erwachsene"}]},{"@type":"WebSite","@id":"https:\/\/business.roovi.com\/de\/#website","url":"https:\/\/business.roovi.com\/de\/","name":"Roovi B2B","description":"Roovi Business Website","potentialAction":[{"@type":"SearchAction","target":{"@type":"EntryPoint","urlTemplate":"https:\/\/business.roovi.com\/de\/?s={search_term_string}"},"query-input":"required name=search_term_string"}],"inLanguage":"de"}]}},"_links":{"self":[{"href":"https:\/\/business.roovi.com\/de\/wp-json\/wp\/v2\/product\/39142","targetHints":{"allow":["GET"]}}],"collection":[{"href":"https:\/\/business.roovi.com\/de\/wp-json\/wp\/v2\/product"}],"about":[{"href":"https:\/\/business.roovi.com\/de\/wp-json\/wp\/v2\/types\/product"}],"version-history":[{"count":0,"href":"https:\/\/business.roovi.com\/de\/wp-json\/wp\/v2\/product\/39142\/revisions"}],"wp:featuredmedia":[{"embeddable":true,"href":"https:\/\/business.roovi.com\/de\/wp-json\/wp\/v2\/media\/48773"}],"wp:attachment":[{"href":"https:\/\/business.roovi.com\/de\/wp-json\/wp\/v2\/media?parent=39142"}],"wp:term":[{"taxonomy":"product_brand","embeddable":true,"href":"https:\/\/business.roovi.com\/de\/wp-json\/wp\/v2\/product_brand?post=39142"},{"taxonomy":"product_cat","embeddable":true,"href":"https:\/\/business.roovi.com\/de\/wp-json\/wp\/v2\/product_cat?post=39142"},{"taxonomy":"product_tag","embeddable":true,"href":"https:\/\/business.roovi.com\/de\/wp-json\/wp\/v2\/product_tag?post=39142"}],"curies":[{"name":"wp","href":"https:\/\/api.w.org\/{rel}","templated":true}]}}