{"id":39146,"date":"2020-04-22T14:05:39","date_gmt":"2020-04-22T14:05:39","guid":{"rendered":"https:\/\/business.roovi.com\/puzzle-adulti-1000-piese-egon-schiele-house-wall-on-the-river\/p\/"},"modified":"2022-07-06T12:19:22","modified_gmt":"2022-07-06T12:19:22","slug":"puzzle-fur-erwachsene-1000-teile-egon-schiele-hauswand-am-fluss","status":"publish","type":"product","link":"https:\/\/business.roovi.com\/de\/puzzle-fur-erwachsene-1000-teile-egon-schiele-hauswand-am-fluss\/p\/","title":{"rendered":"Puzzle f\u00fcr Erwachsene 1000 Teile Egon Schiele &#8211; Hauswand am Fluss"},"content":{"rendered":"<p><span style=\"font-weight: 400\">Die ber\u00fchmten Gem\u00e4lde der Welt in Kunstgalerien anzuschauen ist wunderbar, aber was w\u00e4re, wenn du auch die feinsten Details der Gem\u00e4lde aus der N\u00e4he bewundern k\u00f6nntest? Mit dem gr\u00f6\u00dften Angebot an Kunstr\u00e4tseln hast du diese einzigartige Gelegenheit. Setze das 1000-teilige Puzzle zusammen und erfreue deine Augen und deine Seele mit exquisiten Kunstbildern.<\/span><\/p>\n<p><span style=\"font-weight: 400\">Egon Schiele &#8211; Hauswand am Fluss 1000 Teile Puzzle ist die perfekte Gelegenheit, um Platz f\u00fcr Kunst in deinem Zuhause zu schaffen. Das Bild zeigt eine detailreiche Stadtlandschaft: eine Wand eines Wohnhauses, die sich im Wasser eines Flusses spiegelt <\/span><\/p>\n<p><span style=\"font-weight: 400\">In dem Egon Schiele &#8211; Hauswand am Fluss Kunstpuzzle entdeckst du ein kompliziertes Bild, das das Gem\u00e4lde in Braun- und Rott\u00f6nen perfekt wiedergibt, mit einem lebendigen Farbdetail: der W\u00e4scheleine zum Trocknen.<\/span><\/p>\n<p><span style=\"font-weight: 400\">Setz dich bequem vor den Couchtisch im Wohnzimmer und beginne, ein faszinierendes impressionistisches Bild zu malen. Am Ende hast du ein 50 x 70 cm gro\u00dfes Bild, das im Rahmen pr\u00e4chtig aussehen wird.<\/span><\/p>\n<p><span style=\"font-weight: 400\">Lies weiter unten mehr \u00fcber Egon Schieles 1000-Teile-Puzzle &#8211; Hauswand am Fluss <\/span><\/p>\n<p><strong>Materialr\u00e4tsel <\/strong><\/p>\n<p><strong>hochwertiger blauer Karton<\/strong><\/p>\n<p><strong>nachhaltige, recycelbare Materialien<\/strong><\/p>\n<p><strong>halbgl\u00e4nzende Oberfl\u00e4che, leuchtende Farben<\/strong><\/p>\n<p><strong>Anzahl der Puzzleteile: 1000<\/strong><\/p>\n<p><strong>Empfohlenes Alter: 14+<\/strong><\/p>\n<p><strong>Puzzlespiele: 5 gro\u00dfe Vorteile<\/strong><\/p>\n<p>1. Hilft dir, eiserne Geduld zu haben<span style=\"font-weight: 400\"> &#8211; Mit Geduld schaffst du es, das Bild im 1000-Teile-Puzzle aufzubauen. Und mit Geduld erreichst du jedes Erfolgserlebnis.<\/span><\/p>\n<p>2. Es lehrt dich, hartn\u00e4ckig zu sein <span style=\"font-weight: 400\">&#8211; auch in Situationen, in denen es keine L\u00f6sung zu geben scheint<\/span>.<\/p>\n<p>3. Es f\u00f6rdert dein logisches Denken <span style=\"font-weight: 400\">&#8211; indem du \u00e4hnliche 1000 Puzzleteile zusammenf\u00fcgst.<\/span><\/p>\n<p>4. Sie trennen dich von deinen Bildschirmen<span style=\"font-weight: 400\"> &#8211; und lassen dich viele Stunden echte Entspannung genie\u00dfen<\/span>.<\/p>\n<p>5. Entwickelt deine Vorstellungskraft<span style=\"font-weight: 400\"> &#8211; du f\u00fchlst dich wie ein echter Detektiv, der die gefundenen Hinweise verkn\u00fcpft und das R\u00e4tsel eines herausragenden Puzzlespiels l\u00f6st<\/span>.<\/p>\n<p><strong>Wusstest du schon von Egon Schiele&#8230;?<\/strong><\/p>\n<p><span style=\"font-weight: 400\">Er war der Sch\u00fctzling von Gustav Klimt und geh\u00f6rt wie dieser zu den ber\u00fchmtesten \u00f6sterreichischen Malern des Impressionismus.<\/span><\/p>\n<p><span style=\"font-weight: 400\">Obwohl seine k\u00fcnstlerische Karriere nur 10 Jahre dauerte, erlebte er einen kometenhaften Aufstieg und wurde zu einem der meistgesch\u00e4tzten Wiener K\u00fcnstler seiner Zeit.<\/span><\/p>\n<p><span style=\"font-weight: 400\">Zusammen mit Gustav Klimt und dem Modell Wally Neuzil lebte er in einem&#8230; Liebesdreieck <\/span><\/p>\n<p><span style=\"font-weight: 400\">Er verbrachte 24 Tage im Gef\u00e4ngnis, weil er Minderj\u00e4hrige verf\u00fchrt haben soll. Die Polizei hat viele der Zeichnungen, die in seiner Wohnung gefunden wurden, als pornografisch eingestuft.<\/span><\/p>\n<p><span style=\"font-weight: 400\">Er machte viele Selbstportr\u00e4ts, viele davon nackt.<\/span><\/p>\n<p><span style=\"font-weight: 400\">Er starb 1918 w\u00e4hrend der spanischen Grippe-Epidemie. Er war erst 28 Jahre alt.<\/span><\/p>\n<p><strong>Warum das Egon Schiele Kunstpuzzle &#8211; Hauswand am Fluss?<\/strong><\/p>\n<ul>\n<li><span style=\"font-weight: 400\">Du gestaltest selbst ein k\u00fcnstlerisches Gem\u00e4lde, mit dem du dein Zuhause dekorieren kannst.<\/span><\/li>\n<li><span style=\"font-weight: 400\">Du wirst einen etablierten K\u00fcnstler und ein atemberaubendes Gem\u00e4lde entdecken, das Emotionen und Raffinesse vermittelt.<\/span><\/li>\n<li><span style=\"font-weight: 400\">Du wirst die Gelegenheit haben, die feinsten Nuancen eines ber\u00fchmten Gem\u00e4ldes zu entdecken.<\/span><\/li>\n<li><span style=\"font-weight: 400\">Du wirst viele Stunden der Ruhe und Entspannung vor einem Kunstwerk genie\u00dfen.<\/span><\/li>\n<li><span style=\"font-weight: 400\">Du wirst deinen Sinn f\u00fcr Farben entwickeln.<\/span><\/li>\n<\/ul>\n<p><span style=\"font-weight: 400\">Kaufe das Egon Schiele &#8211; Hauswand am Fluss Kunstpuzzle und setze das Bild aus diesem erstaunlichen 1000-Teile-Puzzle in Gesellschaft von Freunden zusammen. Dieses wunderbare Puzzlespiel schafft eine entspannte Atmosph\u00e4re und hilft dir, unvergessliche Erinnerungen mit deinen Liebsten zu schaffen.<\/span><\/p>\n<p><span style=\"font-weight: 400\">Willst du deinen erwachsenen puzzlebegeisterten Freunden eine unvergessliche \u00dcberraschung bereiten? Verschenke das 1000-teilige Puzzle Egon Schiele &#8211; Hauswand am Fluss.<\/span><\/p><\/p>\n","protected":false},"excerpt":{"rendered":"<p>Die ber\u00fchmten Gem\u00e4lde der Welt in Kunstgalerien anzuschauen ist wunderbar, aber was w\u00e4re, wenn du auch die feinsten Details der<\/p>\n","protected":false},"featured_media":64172,"template":"","meta":[],"product_brand":[],"product_cat":[1916,1875,1915],"product_tag":[],"class_list":{"0":"post-39146","1":"product","2":"type-product","3":"status-publish","4":"has-post-thumbnail","6":"product_cat-1000-teile-puzzle","7":"product_cat-puzzle-de","8":"product_cat-puzzlespiele-fur-erwachsene","9":"pa_brand-deico-de","10":"pa_country_of_manufacture-ro-de","11":"pa_filter_age-14-de","12":"pa_tip_ambalaj-kasten-a4-de","13":"pa_tip_puzzle-klassisch","15":"first","16":"instock","17":"taxable","18":"shipping-taxable","19":"product-type-simple"},"yoast_head":"<!-- This site is optimized with the Yoast SEO plugin v20.1 - https:\/\/yoast.com\/wordpress\/plugins\/seo\/ -->\n<title>Puzzle f\u00fcr Erwachsene 1000 Teile Egon Schiele - Hauswand am Fluss<\/title>\n<meta name=\"description\" content=\"Puzzle f\u00fcr Erwachsene 1000 Teile Egon Schiele - Hauswand am Fluss\" \/>\n<meta name=\"robots\" content=\"index, follow, max-snippet:-1, max-image-preview:large, max-video-preview:-1\" \/>\n<link rel=\"canonical\" href=\"https:\/\/business.roovi.com\/de\/puzzle-fur-erwachsene-1000-teile-egon-schiele-hauswand-am-fluss\/p\/\" \/>\n<meta property=\"og:locale\" content=\"de_DE\" \/>\n<meta property=\"og:type\" content=\"article\" \/>\n<meta property=\"og:title\" content=\"Puzzle f\u00fcr Erwachsene 1000 Teile Egon Schiele - Hauswand am Fluss\" \/>\n<meta property=\"og:description\" content=\"Puzzle f\u00fcr Erwachsene 1000 Teile Egon Schiele - Hauswand am Fluss\" \/>\n<meta property=\"og:url\" content=\"https:\/\/business.roovi.com\/de\/puzzle-fur-erwachsene-1000-teile-egon-schiele-hauswand-am-fluss\/p\/\" \/>\n<meta property=\"og:site_name\" content=\"Roovi B2B\" \/>\n<meta property=\"article:publisher\" content=\"https:\/\/www.facebook.com\/wwwjucariero\" \/>\n<meta property=\"article:modified_time\" content=\"2022-07-06T12:19:22+00:00\" \/>\n<meta property=\"og:image\" content=\"https:\/\/business.roovi.com\/wp-content\/uploads\/2020\/04\/egon_schiele_-_house_wall_on_the_river_copy.jpg\" \/>\n\t<meta property=\"og:image:width\" content=\"1200\" \/>\n\t<meta property=\"og:image:height\" content=\"1200\" \/>\n\t<meta property=\"og:image:type\" content=\"image\/jpeg\" \/>\n<meta name=\"twitter:label1\" content=\"Gesch\u00e4tzte Lesezeit\" \/>\n\t<meta name=\"twitter:data1\" content=\"3\u00a0Minuten\" \/>\n<script type=\"application\/ld+json\" class=\"yoast-schema-graph\">{\"@context\":\"https:\/\/schema.org\",\"@graph\":[{\"@type\":\"WebPage\",\"@id\":\"https:\/\/business.roovi.com\/de\/puzzle-fur-erwachsene-1000-teile-egon-schiele-hauswand-am-fluss\/p\/\",\"url\":\"https:\/\/business.roovi.com\/de\/puzzle-fur-erwachsene-1000-teile-egon-schiele-hauswand-am-fluss\/p\/\",\"name\":\"Puzzle f\u00fcr Erwachsene 1000 Teile Egon Schiele - Hauswand am Fluss\",\"isPartOf\":{\"@id\":\"https:\/\/business.roovi.com\/de\/#website\"},\"datePublished\":\"2020-04-22T14:05:39+00:00\",\"dateModified\":\"2022-07-06T12:19:22+00:00\",\"description\":\"Puzzle f\u00fcr Erwachsene 1000 Teile Egon Schiele - Hauswand am Fluss\",\"breadcrumb\":{\"@id\":\"https:\/\/business.roovi.com\/de\/puzzle-fur-erwachsene-1000-teile-egon-schiele-hauswand-am-fluss\/p\/#breadcrumb\"},\"inLanguage\":\"de\",\"potentialAction\":[{\"@type\":\"ReadAction\",\"target\":[\"https:\/\/business.roovi.com\/de\/puzzle-fur-erwachsene-1000-teile-egon-schiele-hauswand-am-fluss\/p\/\"]}]},{\"@type\":\"BreadcrumbList\",\"@id\":\"https:\/\/business.roovi.com\/de\/puzzle-fur-erwachsene-1000-teile-egon-schiele-hauswand-am-fluss\/p\/#breadcrumb\",\"itemListElement\":[{\"@type\":\"ListItem\",\"position\":1,\"name\":\"Home\",\"item\":\"https:\/\/business.roovi.com\/de\/\"},{\"@type\":\"ListItem\",\"position\":2,\"name\":\"Shop\",\"item\":\"https:\/\/business.roovi.com\/de\/shop\/\"},{\"@type\":\"ListItem\",\"position\":3,\"name\":\"Puzzle f\u00fcr Erwachsene 1000 Teile Egon Schiele &#8211; Hauswand am Fluss\"}]},{\"@type\":\"WebSite\",\"@id\":\"https:\/\/business.roovi.com\/de\/#website\",\"url\":\"https:\/\/business.roovi.com\/de\/\",\"name\":\"Roovi B2B\",\"description\":\"Roovi Business Website\",\"potentialAction\":[{\"@type\":\"SearchAction\",\"target\":{\"@type\":\"EntryPoint\",\"urlTemplate\":\"https:\/\/business.roovi.com\/de\/?s={search_term_string}\"},\"query-input\":\"required name=search_term_string\"}],\"inLanguage\":\"de\"}]}<\/script>\n<!-- \/ Yoast SEO plugin. -->","yoast_head_json":{"title":"Puzzle f\u00fcr Erwachsene 1000 Teile Egon Schiele - Hauswand am Fluss","description":"Puzzle f\u00fcr Erwachsene 1000 Teile Egon Schiele - Hauswand am Fluss","robots":{"index":"index","follow":"follow","max-snippet":"max-snippet:-1","max-image-preview":"max-image-preview:large","max-video-preview":"max-video-preview:-1"},"canonical":"https:\/\/business.roovi.com\/de\/puzzle-fur-erwachsene-1000-teile-egon-schiele-hauswand-am-fluss\/p\/","og_locale":"de_DE","og_type":"article","og_title":"Puzzle f\u00fcr Erwachsene 1000 Teile Egon Schiele - Hauswand am Fluss","og_description":"Puzzle f\u00fcr Erwachsene 1000 Teile Egon Schiele - Hauswand am Fluss","og_url":"https:\/\/business.roovi.com\/de\/puzzle-fur-erwachsene-1000-teile-egon-schiele-hauswand-am-fluss\/p\/","og_site_name":"Roovi B2B","article_publisher":"https:\/\/www.facebook.com\/wwwjucariero","article_modified_time":"2022-07-06T12:19:22+00:00","og_image":[{"width":1200,"height":1200,"url":"https:\/\/business.roovi.com\/wp-content\/uploads\/2020\/04\/egon_schiele_-_house_wall_on_the_river_copy.jpg","type":"image\/jpeg"}],"twitter_misc":{"Gesch\u00e4tzte Lesezeit":"3\u00a0Minuten"},"schema":{"@context":"https:\/\/schema.org","@graph":[{"@type":"WebPage","@id":"https:\/\/business.roovi.com\/de\/puzzle-fur-erwachsene-1000-teile-egon-schiele-hauswand-am-fluss\/p\/","url":"https:\/\/business.roovi.com\/de\/puzzle-fur-erwachsene-1000-teile-egon-schiele-hauswand-am-fluss\/p\/","name":"Puzzle f\u00fcr Erwachsene 1000 Teile Egon Schiele - Hauswand am Fluss","isPartOf":{"@id":"https:\/\/business.roovi.com\/de\/#website"},"datePublished":"2020-04-22T14:05:39+00:00","dateModified":"2022-07-06T12:19:22+00:00","description":"Puzzle f\u00fcr Erwachsene 1000 Teile Egon Schiele - Hauswand am Fluss","breadcrumb":{"@id":"https:\/\/business.roovi.com\/de\/puzzle-fur-erwachsene-1000-teile-egon-schiele-hauswand-am-fluss\/p\/#breadcrumb"},"inLanguage":"de","potentialAction":[{"@type":"ReadAction","target":["https:\/\/business.roovi.com\/de\/puzzle-fur-erwachsene-1000-teile-egon-schiele-hauswand-am-fluss\/p\/"]}]},{"@type":"BreadcrumbList","@id":"https:\/\/business.roovi.com\/de\/puzzle-fur-erwachsene-1000-teile-egon-schiele-hauswand-am-fluss\/p\/#breadcrumb","itemListElement":[{"@type":"ListItem","position":1,"name":"Home","item":"https:\/\/business.roovi.com\/de\/"},{"@type":"ListItem","position":2,"name":"Shop","item":"https:\/\/business.roovi.com\/de\/shop\/"},{"@type":"ListItem","position":3,"name":"Puzzle f\u00fcr Erwachsene 1000 Teile Egon Schiele &#8211; Hauswand am Fluss"}]},{"@type":"WebSite","@id":"https:\/\/business.roovi.com\/de\/#website","url":"https:\/\/business.roovi.com\/de\/","name":"Roovi B2B","description":"Roovi Business Website","potentialAction":[{"@type":"SearchAction","target":{"@type":"EntryPoint","urlTemplate":"https:\/\/business.roovi.com\/de\/?s={search_term_string}"},"query-input":"required name=search_term_string"}],"inLanguage":"de"}]}},"_links":{"self":[{"href":"https:\/\/business.roovi.com\/de\/wp-json\/wp\/v2\/product\/39146","targetHints":{"allow":["GET"]}}],"collection":[{"href":"https:\/\/business.roovi.com\/de\/wp-json\/wp\/v2\/product"}],"about":[{"href":"https:\/\/business.roovi.com\/de\/wp-json\/wp\/v2\/types\/product"}],"version-history":[{"count":0,"href":"https:\/\/business.roovi.com\/de\/wp-json\/wp\/v2\/product\/39146\/revisions"}],"wp:featuredmedia":[{"embeddable":true,"href":"https:\/\/business.roovi.com\/de\/wp-json\/wp\/v2\/media\/64172"}],"wp:attachment":[{"href":"https:\/\/business.roovi.com\/de\/wp-json\/wp\/v2\/media?parent=39146"}],"wp:term":[{"taxonomy":"product_brand","embeddable":true,"href":"https:\/\/business.roovi.com\/de\/wp-json\/wp\/v2\/product_brand?post=39146"},{"taxonomy":"product_cat","embeddable":true,"href":"https:\/\/business.roovi.com\/de\/wp-json\/wp\/v2\/product_cat?post=39146"},{"taxonomy":"product_tag","embeddable":true,"href":"https:\/\/business.roovi.com\/de\/wp-json\/wp\/v2\/product_tag?post=39146"}],"curies":[{"name":"wp","href":"https:\/\/api.w.org\/{rel}","templated":true}]}}