{"id":39154,"date":"2020-04-22T13:20:44","date_gmt":"2020-04-22T13:20:44","guid":{"rendered":"https:\/\/business.roovi.com\/puzzle-adulti-1000-piese-frederick-sandys-vivien\/p\/"},"modified":"2023-02-28T07:04:15","modified_gmt":"2023-02-28T07:04:15","slug":"1000-teile-puzzle-fur-erwachsene-frederick-sandys-vivien","status":"publish","type":"product","link":"https:\/\/business.roovi.com\/de\/1000-teile-puzzle-fur-erwachsene-frederick-sandys-vivien\/p\/","title":{"rendered":"1000-Teile-Puzzle f\u00fcr Erwachsene Frederick Sandys &#8211; Vivien"},"content":{"rendered":"<p><span style=\"font-weight: 400;\">Fasziniert von dem 1000-Teile-Puzzle? Entdecke die gr\u00f6\u00dfte Auswahl an Kunstpuzzles und verbessere deine F\u00e4higkeiten beim Zusammensetzen von Puzzles! Au\u00dferdem wirst du Besitzer einiger faszinierender Kunstwerke sein, die dein Zuhause versch\u00f6nern werden.<\/span><\/p>\n<p><span style=\"font-weight: 400;\">Frederick Sandys &#8211; Vivien 1000 Teile Puzzle entf\u00fchrt dich in die legend\u00e4re Welt von K\u00f6nig Artus, voller Geheimnisse und faszinierender Symbole. Vivien verk\u00f6rpert die Lady of the Lake aus den Gedichten von Alfred Lord Tennyson. Sie ist diejenige, die K\u00f6nig Artus das Schwert Excalibur gibt und die Verf\u00fchrerin ist, die Merlin verf\u00fchrt. Der Apfel auf dem Bild k\u00f6nnte ein Symbol f\u00fcr Versuchung sein, ein Thema, das von Adam und Eva \u00fcbernommen wurde.<\/span><\/p>\n<p><span style=\"font-weight: 400;\">Wenn du von mythischen Gedichten fasziniert bist, wirst du dieses 1000-teilige Puzzle-Kunstwerk umso mehr zu sch\u00e4tzen wissen. Portr\u00e4t <\/span><em><span style=\"font-weight: 400;\">Vivien <\/span><\/em><span style=\"font-weight: 400;\">ist die Verk\u00f6rperung der sch\u00f6nen, selbstbewussten, sogenannten <\/span><em><span style=\"font-weight: 400;\">&#8222;la femme fatale&#8220;<\/span><\/em><span style=\"font-weight: 400;\">ein Symbol der Verf\u00fchrung, aber auch der Zerst\u00f6rung.<\/span><\/p>\n<p><span style=\"font-weight: 400;\">Das Frederick Sandys &#8211; Vivien Kunstpuzzle-Gem\u00e4lde gibt dir die M\u00f6glichkeit, dein Zuhause mit einem eleganten und raffinierten Kunstwerk zu schm\u00fccken. Du kannst einen normalen Couchtisch verwenden, um die Teile des 1000er Puzzles zusammenzusetzen. Das rekonstruierte Bild des Frederick Sandys &#8211; Vivien Art Puzzles ist 50 x 70 cm gro\u00df.<\/span><\/p>\n<p><span style=\"font-weight: 400;\">Eigenschaften des Frederick Sandys &#8211; Vivien Kunstpuzzles:<\/span><\/p>\n<p><strong>Puzzle-Material <\/strong><\/p>\n<p><strong>hochwertiger blauer Karton<\/strong><\/p>\n<p><strong>nachhaltige, recycelbare Materialien<\/strong><\/p>\n<p><strong>halbgl\u00e4nzende Oberfl\u00e4che, leuchtende Farben<\/strong><\/p>\n<p><strong>Anzahl der Puzzleteile: 1000<\/strong><\/p>\n<p><strong>Empfohlenes Alter: 14+<\/strong><\/p>\n<p><strong>Warum ist das Kunstr\u00e4tsel Frederick Sandys &#8211; Vivien so besonders?<\/strong><\/p>\n<p><span style=\"font-weight: 400;\">Kaufe Frederick Sandys &#8211; Vivien art jigsaw puzzle und genie\u00dfe alle Vorteile, die ein Puzzlespiel zu bieten hat:<\/span><\/p>\n<ul>\n<li><span style=\"font-weight: 400;\">Du bekommst ein besonderes Gem\u00e4lde, das du einrahmen und an einer Wand in deinem Zuhause aufh\u00e4ngen kannst.<\/span><\/li>\n<li><span style=\"font-weight: 400;\">Entspanne dich in der Gesellschaft eines Puzzlespiels, das dich in die Welt der Kunst entf\u00fchrt.<\/span><\/li>\n<li><span style=\"font-weight: 400;\">Du entwickelst deinen \u00e4sthetischen Sinn.<\/span><\/li>\n<li><span style=\"font-weight: 400;\">Du l\u00f6st dich von den Problemen des Alltags und baust Stress ab.<\/span><\/li>\n<li><span style=\"font-weight: 400;\">Du weckst deinen Appetit auf Kunstwerke und etablierte Malerinnen und Maler.<\/span><\/li>\n<li><span style=\"font-weight: 400;\">Du entwickelst deine Fantasie und deinen kritischen Verstand.<\/span><\/li>\n<\/ul>\n<p><strong>Wusstest du, dass&#8230;<\/strong><\/p>\n<p><span style=\"font-weight: 400;\">Frederick Sandys Muse f\u00fcr Vivien Malerei war das Modell <\/span><span style=\"font-weight: 400;\"> Keomi Gray, seine Freundin aus Rom.<\/span><\/p>\n<p><span style=\"font-weight: 400;\">Der leuchtende Hintergrund des Gem\u00e4ldes mit den Pfauenfedern steht f\u00fcr Opulenz sowie f\u00fcr weibliches Selbstbewusstsein und Charme.<\/span><\/p>\n<p><span style=\"font-weight: 400;\">Der K\u00fcnstler f\u00fchlte sich zu Geschichten von Femmes fatales hingezogen, die M\u00e4nner in der Liebe verstricken und sie dann zerst\u00f6ren, wie Helena von Troja oder Medea.<\/span><\/p>\n<p><span style=\"font-weight: 400;\">Zu Beginn seiner Karriere arbeitete Sandys als Graveur.<\/span><\/p>\n<p><span style=\"font-weight: 400;\">Er war gut mit dem Maler Dante Gabriel Rossetti befreundet und sein Werk wurde von diesem K\u00fcnstler stark beeinflusst.<\/span><\/p>\n<p><strong>Erschaffe mit deinen Liebsten Kunstwerke aus 1000-teiligen Puzzlen<\/strong><\/p>\n<p><span style=\"font-weight: 400;\">Puzzlespiele k\u00f6nnen die perfekte Ausrede f\u00fcr lustige Abende mit Familie und Freunden sein. Ganz gleich, ob du eine enge Beziehung zu deinen Kindern aufbauen oder eine sch\u00f6ne Zeit mit deiner Gruppe von Freunden verbringen willst, Kunstpuzzles sind dein zuverl\u00e4ssiger Verb\u00fcndeter f\u00fcr diesen Zweck.<\/span><\/p>\n<p><span style=\"font-weight: 400;\">Versammle deine Liebsten und erschaffe gemeinsam faszinierende Kunstwerke. Feiere deine harte Arbeit, indem du deine 1000-Teile-Puzzle-Bilder einrahmst.<\/span><\/p>\n<p><span style=\"font-weight: 400;\">W\u00e4hle Frederick Sandys &#8211; Vivien 1000 Teile Puzzle aus der Kunstpuzzle-Kollektion f\u00fcr einzigartige Momente des Spa\u00dfes und der Entspannung. Dieses Kunstpuzzle ist auch ein perfektes Geschenk f\u00fcr Feiertage oder Jahrestage.<\/span><\/p>\n","protected":false},"excerpt":{"rendered":"<p>Fasziniert von dem 1000-Teile-Puzzle? Entdecke die gr\u00f6\u00dfte Auswahl an Kunstpuzzles und verbessere deine F\u00e4higkeiten beim Zusammensetzen von Puzzles! Au\u00dferdem wirst<\/p>\n","protected":false},"featured_media":64178,"template":"","meta":[],"product_brand":[],"product_cat":[1875,1915,1916],"product_tag":[],"class_list":{"0":"post-39154","1":"product","2":"type-product","3":"status-publish","4":"has-post-thumbnail","6":"product_cat-puzzle-de","7":"product_cat-puzzlespiele-fur-erwachsene","8":"product_cat-1000-teile-puzzle","9":"pa_brand-deico-de","10":"pa_country_of_manufacture-ro-de","11":"pa_filter_age-14-de","12":"pa_tip_ambalaj-kasten-a4-de","13":"pa_tip_puzzle-klassisch","15":"first","16":"instock","17":"taxable","18":"shipping-taxable","19":"product-type-simple"},"yoast_head":"<!-- This site is optimized with the Yoast SEO plugin v20.1 - https:\/\/yoast.com\/wordpress\/plugins\/seo\/ -->\n<title>1000-Teile-Puzzle f\u00fcr Erwachsene Frederick Sandys - Vivien<\/title>\n<meta name=\"description\" content=\"1000-Teile-Puzzle f\u00fcr Erwachsene Frederick Sandys - Vivien\" \/>\n<meta name=\"robots\" content=\"index, follow, max-snippet:-1, max-image-preview:large, max-video-preview:-1\" \/>\n<link rel=\"canonical\" href=\"https:\/\/business.roovi.com\/de\/1000-teile-puzzle-fur-erwachsene-frederick-sandys-vivien\/p\/\" \/>\n<meta property=\"og:locale\" content=\"de_DE\" \/>\n<meta property=\"og:type\" content=\"article\" \/>\n<meta property=\"og:title\" content=\"1000-Teile-Puzzle f\u00fcr Erwachsene Frederick Sandys - Vivien\" \/>\n<meta property=\"og:description\" content=\"1000-Teile-Puzzle f\u00fcr Erwachsene Frederick Sandys - Vivien\" \/>\n<meta property=\"og:url\" content=\"https:\/\/business.roovi.com\/de\/1000-teile-puzzle-fur-erwachsene-frederick-sandys-vivien\/p\/\" \/>\n<meta property=\"og:site_name\" content=\"Roovi B2B\" \/>\n<meta property=\"article:publisher\" content=\"https:\/\/www.facebook.com\/wwwjucariero\" \/>\n<meta property=\"article:modified_time\" content=\"2023-02-28T07:04:15+00:00\" \/>\n<meta property=\"og:image\" content=\"https:\/\/business.roovi.com\/wp-content\/uploads\/2020\/04\/76724-WEB.jpg\" \/>\n\t<meta property=\"og:image:width\" content=\"1200\" \/>\n\t<meta property=\"og:image:height\" content=\"1200\" \/>\n\t<meta property=\"og:image:type\" content=\"image\/jpeg\" \/>\n<meta name=\"twitter:label1\" content=\"Gesch\u00e4tzte Lesezeit\" \/>\n\t<meta name=\"twitter:data1\" content=\"3\u00a0Minuten\" \/>\n<script type=\"application\/ld+json\" class=\"yoast-schema-graph\">{\"@context\":\"https:\/\/schema.org\",\"@graph\":[{\"@type\":\"WebPage\",\"@id\":\"https:\/\/business.roovi.com\/de\/1000-teile-puzzle-fur-erwachsene-frederick-sandys-vivien\/p\/\",\"url\":\"https:\/\/business.roovi.com\/de\/1000-teile-puzzle-fur-erwachsene-frederick-sandys-vivien\/p\/\",\"name\":\"1000-Teile-Puzzle f\u00fcr Erwachsene Frederick Sandys - Vivien\",\"isPartOf\":{\"@id\":\"https:\/\/business.roovi.com\/de\/#website\"},\"datePublished\":\"2020-04-22T13:20:44+00:00\",\"dateModified\":\"2023-02-28T07:04:15+00:00\",\"description\":\"1000-Teile-Puzzle f\u00fcr Erwachsene Frederick Sandys - Vivien\",\"breadcrumb\":{\"@id\":\"https:\/\/business.roovi.com\/de\/1000-teile-puzzle-fur-erwachsene-frederick-sandys-vivien\/p\/#breadcrumb\"},\"inLanguage\":\"de\",\"potentialAction\":[{\"@type\":\"ReadAction\",\"target\":[\"https:\/\/business.roovi.com\/de\/1000-teile-puzzle-fur-erwachsene-frederick-sandys-vivien\/p\/\"]}]},{\"@type\":\"BreadcrumbList\",\"@id\":\"https:\/\/business.roovi.com\/de\/1000-teile-puzzle-fur-erwachsene-frederick-sandys-vivien\/p\/#breadcrumb\",\"itemListElement\":[{\"@type\":\"ListItem\",\"position\":1,\"name\":\"Home\",\"item\":\"https:\/\/business.roovi.com\/de\/\"},{\"@type\":\"ListItem\",\"position\":2,\"name\":\"Shop\",\"item\":\"https:\/\/business.roovi.com\/de\/shop\/\"},{\"@type\":\"ListItem\",\"position\":3,\"name\":\"1000-Teile-Puzzle f\u00fcr Erwachsene Frederick Sandys &#8211; Vivien\"}]},{\"@type\":\"WebSite\",\"@id\":\"https:\/\/business.roovi.com\/de\/#website\",\"url\":\"https:\/\/business.roovi.com\/de\/\",\"name\":\"Roovi B2B\",\"description\":\"Roovi Business Website\",\"potentialAction\":[{\"@type\":\"SearchAction\",\"target\":{\"@type\":\"EntryPoint\",\"urlTemplate\":\"https:\/\/business.roovi.com\/de\/?s={search_term_string}\"},\"query-input\":\"required name=search_term_string\"}],\"inLanguage\":\"de\"}]}<\/script>\n<!-- \/ Yoast SEO plugin. -->","yoast_head_json":{"title":"1000-Teile-Puzzle f\u00fcr Erwachsene Frederick Sandys - Vivien","description":"1000-Teile-Puzzle f\u00fcr Erwachsene Frederick Sandys - Vivien","robots":{"index":"index","follow":"follow","max-snippet":"max-snippet:-1","max-image-preview":"max-image-preview:large","max-video-preview":"max-video-preview:-1"},"canonical":"https:\/\/business.roovi.com\/de\/1000-teile-puzzle-fur-erwachsene-frederick-sandys-vivien\/p\/","og_locale":"de_DE","og_type":"article","og_title":"1000-Teile-Puzzle f\u00fcr Erwachsene Frederick Sandys - Vivien","og_description":"1000-Teile-Puzzle f\u00fcr Erwachsene Frederick Sandys - Vivien","og_url":"https:\/\/business.roovi.com\/de\/1000-teile-puzzle-fur-erwachsene-frederick-sandys-vivien\/p\/","og_site_name":"Roovi B2B","article_publisher":"https:\/\/www.facebook.com\/wwwjucariero","article_modified_time":"2023-02-28T07:04:15+00:00","og_image":[{"width":1200,"height":1200,"url":"https:\/\/business.roovi.com\/wp-content\/uploads\/2020\/04\/76724-WEB.jpg","type":"image\/jpeg"}],"twitter_misc":{"Gesch\u00e4tzte Lesezeit":"3\u00a0Minuten"},"schema":{"@context":"https:\/\/schema.org","@graph":[{"@type":"WebPage","@id":"https:\/\/business.roovi.com\/de\/1000-teile-puzzle-fur-erwachsene-frederick-sandys-vivien\/p\/","url":"https:\/\/business.roovi.com\/de\/1000-teile-puzzle-fur-erwachsene-frederick-sandys-vivien\/p\/","name":"1000-Teile-Puzzle f\u00fcr Erwachsene Frederick Sandys - Vivien","isPartOf":{"@id":"https:\/\/business.roovi.com\/de\/#website"},"datePublished":"2020-04-22T13:20:44+00:00","dateModified":"2023-02-28T07:04:15+00:00","description":"1000-Teile-Puzzle f\u00fcr Erwachsene Frederick Sandys - Vivien","breadcrumb":{"@id":"https:\/\/business.roovi.com\/de\/1000-teile-puzzle-fur-erwachsene-frederick-sandys-vivien\/p\/#breadcrumb"},"inLanguage":"de","potentialAction":[{"@type":"ReadAction","target":["https:\/\/business.roovi.com\/de\/1000-teile-puzzle-fur-erwachsene-frederick-sandys-vivien\/p\/"]}]},{"@type":"BreadcrumbList","@id":"https:\/\/business.roovi.com\/de\/1000-teile-puzzle-fur-erwachsene-frederick-sandys-vivien\/p\/#breadcrumb","itemListElement":[{"@type":"ListItem","position":1,"name":"Home","item":"https:\/\/business.roovi.com\/de\/"},{"@type":"ListItem","position":2,"name":"Shop","item":"https:\/\/business.roovi.com\/de\/shop\/"},{"@type":"ListItem","position":3,"name":"1000-Teile-Puzzle f\u00fcr Erwachsene Frederick Sandys &#8211; Vivien"}]},{"@type":"WebSite","@id":"https:\/\/business.roovi.com\/de\/#website","url":"https:\/\/business.roovi.com\/de\/","name":"Roovi B2B","description":"Roovi Business Website","potentialAction":[{"@type":"SearchAction","target":{"@type":"EntryPoint","urlTemplate":"https:\/\/business.roovi.com\/de\/?s={search_term_string}"},"query-input":"required name=search_term_string"}],"inLanguage":"de"}]}},"_links":{"self":[{"href":"https:\/\/business.roovi.com\/de\/wp-json\/wp\/v2\/product\/39154","targetHints":{"allow":["GET"]}}],"collection":[{"href":"https:\/\/business.roovi.com\/de\/wp-json\/wp\/v2\/product"}],"about":[{"href":"https:\/\/business.roovi.com\/de\/wp-json\/wp\/v2\/types\/product"}],"version-history":[{"count":0,"href":"https:\/\/business.roovi.com\/de\/wp-json\/wp\/v2\/product\/39154\/revisions"}],"wp:featuredmedia":[{"embeddable":true,"href":"https:\/\/business.roovi.com\/de\/wp-json\/wp\/v2\/media\/64178"}],"wp:attachment":[{"href":"https:\/\/business.roovi.com\/de\/wp-json\/wp\/v2\/media?parent=39154"}],"wp:term":[{"taxonomy":"product_brand","embeddable":true,"href":"https:\/\/business.roovi.com\/de\/wp-json\/wp\/v2\/product_brand?post=39154"},{"taxonomy":"product_cat","embeddable":true,"href":"https:\/\/business.roovi.com\/de\/wp-json\/wp\/v2\/product_cat?post=39154"},{"taxonomy":"product_tag","embeddable":true,"href":"https:\/\/business.roovi.com\/de\/wp-json\/wp\/v2\/product_tag?post=39154"}],"curies":[{"name":"wp","href":"https:\/\/api.w.org\/{rel}","templated":true}]}}