{"id":39158,"date":"2020-04-22T13:05:53","date_gmt":"2020-04-22T13:05:53","guid":{"rendered":"https:\/\/business.roovi.com\/puzzle-adulti-1000-piese-dante-gabriel-rossetti-a-vision-of-fiammetta\/p\/"},"modified":"2022-12-01T12:16:22","modified_gmt":"2022-12-01T12:16:22","slug":"dante-gabriel-rossetti-1000-teile-puzzle-fur-erwachsene-eine-vision-von-fiammetta","status":"publish","type":"product","link":"https:\/\/business.roovi.com\/de\/dante-gabriel-rossetti-1000-teile-puzzle-fur-erwachsene-eine-vision-von-fiammetta\/p\/","title":{"rendered":"Dante Gabriel Rossetti 1000 Teile Puzzle f\u00fcr Erwachsene &#8211; Eine Vision von Fiammetta"},"content":{"rendered":"<p><span style=\"font-weight: 400;\">Fasziniert von dem 1000-Teile-Puzzle? Wir fordern dich heraus, deine Montagef\u00e4higkeiten zu testen und Bilder von ber\u00fchmten Gem\u00e4lden in Kunstr\u00e4tseln nachzustellen <\/span><\/p>\n<p><span style=\"font-weight: 400;\">Dante Gabriel Rossettis 1000 Teile Puzzle &#8211; A Vision of Fiammetta ist unsere Empfehlung f\u00fcr dich, wenn du bunte Bilder und erstaunliche k\u00fcnstlerische Details liebst. Das Bild stellt \u00d6lmalerei in Rossettis charakteristischem pr\u00e4raffaelitischen Stil dar. Das Werk stellt Boccaccios Muse Fiammetta dar und begleitet seinen Band mit Balladen und Sonetten von 1881.<\/span><\/p>\n<p><span style=\"font-weight: 400;\">Rossetti verband auf einzigartige Weise Poesie und Malerei. Seine Werke sind miteinander verbunden, jedes Bild hat sein Gegenst\u00fcck in Versen. Du bekommst also von dem 1000-Teile-Puzzle eine Geschichte in Farbe, die Emotionen und positive Schwingungen vermittelt.<\/span><\/p>\n<p><span style=\"font-weight: 400;\">Du kannst das Bild nachstellen, indem du einen normalen Couchtisch als St\u00fctze f\u00fcr die St\u00fccke verwendest. Das entstandene Bild ist 50 x 70 cm gro\u00df <\/span><\/p>\n<p><span style=\"font-weight: 400;\">Lies hier mehr \u00fcber Dante Gabriel Rossettis Kunstr\u00e4tsel &#8211; Eine Vision von Fiammetta:<\/span><\/p>\n<p><strong>Materialr\u00e4tsel <\/strong><\/p>\n<p><strong>hochwertiger blauer Karton<\/strong><\/p>\n<p><strong>nachhaltige, recycelbare Materialien<\/strong><\/p>\n<p><strong>halbgl\u00e4nzende Oberfl\u00e4che, leuchtende Farben<\/strong><\/p>\n<p><strong>Anzahl der Puzzleteile: 1000<\/strong><\/p>\n<p><strong>Empfohlenes Alter: 14+<\/strong><\/p>\n<p><strong>Kannst du dich nicht konzentrieren? Puzzle Spiele helfen<\/strong><\/p>\n<p><span style=\"font-weight: 400;\">Immer wenn du versuchst, dich auf eine einzige Aufgabe zu konzentrieren, wird dein Geist von Gedanken \u00fcberflutet und du kannst es nicht? Puzzlespiele trainieren deine Aufmerksamkeit und Konzentration. W\u00e4hrend du das Bild in dem 1000-Teile-Puzzle zusammensetzt, bist du unwillk\u00fcrlich auf ein Ziel konzentriert: das gew\u00fcnschte Bild zusammenzusetzen. Das trainiert deinen Verstand, und diese F\u00e4higkeit \u00fcbertr\u00e4gt sich auf andere Aktivit\u00e4ten, die du machst <\/span><\/p>\n<p><span style=\"font-weight: 400;\">W\u00e4hle 1000-teilige Puzzles und genie\u00dfe die anderen Vorteile, die sie bieten:<\/span><\/p>\n<p><span style=\"font-weight: 400;\">Verbesserte Probleml\u00f6sungsf\u00e4higkeiten.<\/span><\/p>\n<p><span style=\"font-weight: 400;\">Entwickle logisches Denken.<\/span><\/p>\n<p><span style=\"font-weight: 400;\">Ged\u00e4chtnistraining.<\/span><\/p>\n<p><span style=\"font-weight: 400;\">Entwickle Ausdauer und einen Sinn f\u00fcr das Beobachten von Details.<\/span><\/p>\n<p><span style=\"font-weight: 400;\">Steigere die Produktivit\u00e4t.<\/span><\/p>\n<p><strong>5 Dinge, die du nicht \u00fcber Dante Gabriel Rossetti wusstest<\/strong><\/p>\n<p><span style=\"font-weight: 400;\">Er begrub sein einziges Exemplar, das alle seine Gedichte enth\u00e4lt, am Bett seiner geliebten Elizabeth Siddal, die an einer \u00dcberdosis Laudanum starb.<\/span><\/p>\n<p><span style=\"font-weight: 400;\">Er hatte eine Vorliebe f\u00fcr V\u00f6gel und exotische Tiere. Er hatte eine beeindruckende Sammlung von Lamas, Tukanen und Vombits.<\/span><\/p>\n<p><span style=\"font-weight: 400;\">Seine beste Freundin war Christina Rossetti, seine j\u00fcngere Schwester.<\/span><\/p>\n<p><span style=\"font-weight: 400;\">Er hatte auch eine romantische Beziehung zu Jane Morris, der Frau von William Morris, die seine Arbeit sch\u00e4tzte und kaufte <\/span><\/p>\n<p><span style=\"font-weight: 400;\">Nach dem Tod von Siddal begann der K\u00fcnstler, Schlaftabletten zu nehmen, um seine Schlaflosigkeit zu behandeln. Diese Behandlung f\u00fchrte dazu, dass er tief depressiv wurde.<\/span><\/p>\n<p><strong>Dante Gabriel Rossettis 1000 Teile Puzzle &#8211; Eine Vision von Fiammetta lehrt dich, Kunst zu sch\u00e4tzen<\/strong><\/p>\n<p><span style=\"font-weight: 400;\">Die Welt der Kunst zu erforschen ist eine tiefgreifende Form des Wissens. Jedes Gem\u00e4lde erm\u00f6glicht es dem Betrachter, den Stil und die Technik des K\u00fcnstlers sowie verschiedene Informationen \u00fcber die Kunstepoche, zu der das Werk geh\u00f6rt, zu entdecken. Kunst ist auch eine Form der Kommunikation, die bestimmten Konventionen folgt und bestimmte Symbole hat <\/span><\/p>\n<p><span style=\"font-weight: 400;\">Das Zusammensetzen eines Kunstpuzzles zeigt dir Details des Gem\u00e4ldes, die du sonst nicht siehst. Wenn das Bild fertig ist, wirst du das Kunstwerk zu sch\u00e4tzen wissen und es tiefer verstehen, weil du ihm nahe warst und es St\u00fcck f\u00fcr St\u00fcck zusammengesetzt hast. Ein Kunstr\u00e4tsel bietet dir also eine intellektuelle und emotionale Erfahrung.<\/span><\/p>\n<p><span style=\"font-weight: 400;\">Kaufe Dante Gabriel Rossetti &#8211; A Vision of Fiammetta 1000 Teile Puzzle aus unserer Sammlung von Kunstpuzzles, baue das Gem\u00e4lde nach und dekoriere dein Zuhause mit einer originalgetreuen Kopie des ber\u00fchmten Gem\u00e4ldes.<\/span><\/p>\n<p><span style=\"font-weight: 400;\">Dieses wunderbare Kunstpuzzle kann zu verschiedenen Anl\u00e4ssen an diejenigen verschenkt werden, die Puzzlespiele oder k\u00fcnstlerische Meisterwerke lieben.<\/span><\/p>\n","protected":false},"excerpt":{"rendered":"<p>Fasziniert von dem 1000-Teile-Puzzle? Wir fordern dich heraus, deine Montagef\u00e4higkeiten zu testen und Bilder von ber\u00fchmten Gem\u00e4lden in Kunstr\u00e4tseln nachzustellen<\/p>\n","protected":false},"featured_media":48765,"template":"","meta":[],"product_brand":[],"product_cat":[1916,1875,1915],"product_tag":[],"class_list":{"0":"post-39158","1":"product","2":"type-product","3":"status-publish","4":"has-post-thumbnail","6":"product_cat-1000-teile-puzzle","7":"product_cat-puzzle-de","8":"product_cat-puzzlespiele-fur-erwachsene","9":"pa_brand-deico-de","10":"pa_country_of_manufacture-ro-de","11":"pa_filter_age-14-de","12":"pa_tip_ambalaj-kasten-a4-de","13":"pa_tip_puzzle-klassisch","15":"first","16":"instock","17":"taxable","18":"shipping-taxable","19":"product-type-simple"},"yoast_head":"<!-- This site is optimized with the Yoast SEO plugin v20.1 - https:\/\/yoast.com\/wordpress\/plugins\/seo\/ -->\n<title>Dante Gabriel Rossetti 1000 Teile Puzzle f\u00fcr Erwachsene - Eine Vision von Fiammetta<\/title>\n<meta name=\"description\" content=\"Dante Gabriel Rossetti 1000 Teile Puzzle f\u00fcr Erwachsene - Eine Vision von Fiammetta\" \/>\n<meta name=\"robots\" content=\"index, follow, max-snippet:-1, max-image-preview:large, max-video-preview:-1\" \/>\n<link rel=\"canonical\" href=\"https:\/\/business.roovi.com\/de\/dante-gabriel-rossetti-1000-teile-puzzle-fur-erwachsene-eine-vision-von-fiammetta\/p\/\" \/>\n<meta property=\"og:locale\" content=\"de_DE\" \/>\n<meta property=\"og:type\" content=\"article\" \/>\n<meta property=\"og:title\" content=\"Dante Gabriel Rossetti 1000 Teile Puzzle f\u00fcr Erwachsene - Eine Vision von Fiammetta\" \/>\n<meta property=\"og:description\" content=\"Dante Gabriel Rossetti 1000 Teile Puzzle f\u00fcr Erwachsene - Eine Vision von Fiammetta\" \/>\n<meta property=\"og:url\" content=\"https:\/\/business.roovi.com\/de\/dante-gabriel-rossetti-1000-teile-puzzle-fur-erwachsene-eine-vision-von-fiammetta\/p\/\" \/>\n<meta property=\"og:site_name\" content=\"Roovi B2B\" \/>\n<meta property=\"article:publisher\" content=\"https:\/\/www.facebook.com\/wwwjucariero\" \/>\n<meta property=\"article:modified_time\" content=\"2022-12-01T12:16:22+00:00\" \/>\n<meta property=\"og:image\" content=\"https:\/\/business.roovi.com\/wp-content\/uploads\/2020\/04\/dante_gabriel_rossetti-a_vision_of_fiammetta_copy.jpg\" \/>\n\t<meta property=\"og:image:width\" content=\"1200\" \/>\n\t<meta property=\"og:image:height\" content=\"1200\" \/>\n\t<meta property=\"og:image:type\" content=\"image\/jpeg\" \/>\n<meta name=\"twitter:label1\" content=\"Gesch\u00e4tzte Lesezeit\" \/>\n\t<meta name=\"twitter:data1\" content=\"3\u00a0Minuten\" \/>\n<script type=\"application\/ld+json\" class=\"yoast-schema-graph\">{\"@context\":\"https:\/\/schema.org\",\"@graph\":[{\"@type\":\"WebPage\",\"@id\":\"https:\/\/business.roovi.com\/de\/dante-gabriel-rossetti-1000-teile-puzzle-fur-erwachsene-eine-vision-von-fiammetta\/p\/\",\"url\":\"https:\/\/business.roovi.com\/de\/dante-gabriel-rossetti-1000-teile-puzzle-fur-erwachsene-eine-vision-von-fiammetta\/p\/\",\"name\":\"Dante Gabriel Rossetti 1000 Teile Puzzle f\u00fcr Erwachsene - Eine Vision von Fiammetta\",\"isPartOf\":{\"@id\":\"https:\/\/business.roovi.com\/de\/#website\"},\"datePublished\":\"2020-04-22T13:05:53+00:00\",\"dateModified\":\"2022-12-01T12:16:22+00:00\",\"description\":\"Dante Gabriel Rossetti 1000 Teile Puzzle f\u00fcr Erwachsene - Eine Vision von Fiammetta\",\"breadcrumb\":{\"@id\":\"https:\/\/business.roovi.com\/de\/dante-gabriel-rossetti-1000-teile-puzzle-fur-erwachsene-eine-vision-von-fiammetta\/p\/#breadcrumb\"},\"inLanguage\":\"de\",\"potentialAction\":[{\"@type\":\"ReadAction\",\"target\":[\"https:\/\/business.roovi.com\/de\/dante-gabriel-rossetti-1000-teile-puzzle-fur-erwachsene-eine-vision-von-fiammetta\/p\/\"]}]},{\"@type\":\"BreadcrumbList\",\"@id\":\"https:\/\/business.roovi.com\/de\/dante-gabriel-rossetti-1000-teile-puzzle-fur-erwachsene-eine-vision-von-fiammetta\/p\/#breadcrumb\",\"itemListElement\":[{\"@type\":\"ListItem\",\"position\":1,\"name\":\"Home\",\"item\":\"https:\/\/business.roovi.com\/de\/\"},{\"@type\":\"ListItem\",\"position\":2,\"name\":\"Shop\",\"item\":\"https:\/\/business.roovi.com\/de\/shop\/\"},{\"@type\":\"ListItem\",\"position\":3,\"name\":\"Dante Gabriel Rossetti 1000 Teile Puzzle f\u00fcr Erwachsene &#8211; Eine Vision von Fiammetta\"}]},{\"@type\":\"WebSite\",\"@id\":\"https:\/\/business.roovi.com\/de\/#website\",\"url\":\"https:\/\/business.roovi.com\/de\/\",\"name\":\"Roovi B2B\",\"description\":\"Roovi Business Website\",\"potentialAction\":[{\"@type\":\"SearchAction\",\"target\":{\"@type\":\"EntryPoint\",\"urlTemplate\":\"https:\/\/business.roovi.com\/de\/?s={search_term_string}\"},\"query-input\":\"required name=search_term_string\"}],\"inLanguage\":\"de\"}]}<\/script>\n<!-- \/ Yoast SEO plugin. -->","yoast_head_json":{"title":"Dante Gabriel Rossetti 1000 Teile Puzzle f\u00fcr Erwachsene - Eine Vision von Fiammetta","description":"Dante Gabriel Rossetti 1000 Teile Puzzle f\u00fcr Erwachsene - Eine Vision von Fiammetta","robots":{"index":"index","follow":"follow","max-snippet":"max-snippet:-1","max-image-preview":"max-image-preview:large","max-video-preview":"max-video-preview:-1"},"canonical":"https:\/\/business.roovi.com\/de\/dante-gabriel-rossetti-1000-teile-puzzle-fur-erwachsene-eine-vision-von-fiammetta\/p\/","og_locale":"de_DE","og_type":"article","og_title":"Dante Gabriel Rossetti 1000 Teile Puzzle f\u00fcr Erwachsene - Eine Vision von Fiammetta","og_description":"Dante Gabriel Rossetti 1000 Teile Puzzle f\u00fcr Erwachsene - Eine Vision von Fiammetta","og_url":"https:\/\/business.roovi.com\/de\/dante-gabriel-rossetti-1000-teile-puzzle-fur-erwachsene-eine-vision-von-fiammetta\/p\/","og_site_name":"Roovi B2B","article_publisher":"https:\/\/www.facebook.com\/wwwjucariero","article_modified_time":"2022-12-01T12:16:22+00:00","og_image":[{"width":1200,"height":1200,"url":"https:\/\/business.roovi.com\/wp-content\/uploads\/2020\/04\/dante_gabriel_rossetti-a_vision_of_fiammetta_copy.jpg","type":"image\/jpeg"}],"twitter_misc":{"Gesch\u00e4tzte Lesezeit":"3\u00a0Minuten"},"schema":{"@context":"https:\/\/schema.org","@graph":[{"@type":"WebPage","@id":"https:\/\/business.roovi.com\/de\/dante-gabriel-rossetti-1000-teile-puzzle-fur-erwachsene-eine-vision-von-fiammetta\/p\/","url":"https:\/\/business.roovi.com\/de\/dante-gabriel-rossetti-1000-teile-puzzle-fur-erwachsene-eine-vision-von-fiammetta\/p\/","name":"Dante Gabriel Rossetti 1000 Teile Puzzle f\u00fcr Erwachsene - Eine Vision von Fiammetta","isPartOf":{"@id":"https:\/\/business.roovi.com\/de\/#website"},"datePublished":"2020-04-22T13:05:53+00:00","dateModified":"2022-12-01T12:16:22+00:00","description":"Dante Gabriel Rossetti 1000 Teile Puzzle f\u00fcr Erwachsene - Eine Vision von Fiammetta","breadcrumb":{"@id":"https:\/\/business.roovi.com\/de\/dante-gabriel-rossetti-1000-teile-puzzle-fur-erwachsene-eine-vision-von-fiammetta\/p\/#breadcrumb"},"inLanguage":"de","potentialAction":[{"@type":"ReadAction","target":["https:\/\/business.roovi.com\/de\/dante-gabriel-rossetti-1000-teile-puzzle-fur-erwachsene-eine-vision-von-fiammetta\/p\/"]}]},{"@type":"BreadcrumbList","@id":"https:\/\/business.roovi.com\/de\/dante-gabriel-rossetti-1000-teile-puzzle-fur-erwachsene-eine-vision-von-fiammetta\/p\/#breadcrumb","itemListElement":[{"@type":"ListItem","position":1,"name":"Home","item":"https:\/\/business.roovi.com\/de\/"},{"@type":"ListItem","position":2,"name":"Shop","item":"https:\/\/business.roovi.com\/de\/shop\/"},{"@type":"ListItem","position":3,"name":"Dante Gabriel Rossetti 1000 Teile Puzzle f\u00fcr Erwachsene &#8211; Eine Vision von Fiammetta"}]},{"@type":"WebSite","@id":"https:\/\/business.roovi.com\/de\/#website","url":"https:\/\/business.roovi.com\/de\/","name":"Roovi B2B","description":"Roovi Business Website","potentialAction":[{"@type":"SearchAction","target":{"@type":"EntryPoint","urlTemplate":"https:\/\/business.roovi.com\/de\/?s={search_term_string}"},"query-input":"required name=search_term_string"}],"inLanguage":"de"}]}},"_links":{"self":[{"href":"https:\/\/business.roovi.com\/de\/wp-json\/wp\/v2\/product\/39158","targetHints":{"allow":["GET"]}}],"collection":[{"href":"https:\/\/business.roovi.com\/de\/wp-json\/wp\/v2\/product"}],"about":[{"href":"https:\/\/business.roovi.com\/de\/wp-json\/wp\/v2\/types\/product"}],"version-history":[{"count":0,"href":"https:\/\/business.roovi.com\/de\/wp-json\/wp\/v2\/product\/39158\/revisions"}],"wp:featuredmedia":[{"embeddable":true,"href":"https:\/\/business.roovi.com\/de\/wp-json\/wp\/v2\/media\/48765"}],"wp:attachment":[{"href":"https:\/\/business.roovi.com\/de\/wp-json\/wp\/v2\/media?parent=39158"}],"wp:term":[{"taxonomy":"product_brand","embeddable":true,"href":"https:\/\/business.roovi.com\/de\/wp-json\/wp\/v2\/product_brand?post=39158"},{"taxonomy":"product_cat","embeddable":true,"href":"https:\/\/business.roovi.com\/de\/wp-json\/wp\/v2\/product_cat?post=39158"},{"taxonomy":"product_tag","embeddable":true,"href":"https:\/\/business.roovi.com\/de\/wp-json\/wp\/v2\/product_tag?post=39158"}],"curies":[{"name":"wp","href":"https:\/\/api.w.org\/{rel}","templated":true}]}}