{"id":39162,"date":"2020-04-22T12:57:34","date_gmt":"2020-04-22T12:57:34","guid":{"rendered":"https:\/\/business.roovi.com\/puzzle-adulti-1000-piese-dante-gabriel-rossetti-proserpine\/p\/"},"modified":"2022-12-01T12:14:55","modified_gmt":"2022-12-01T12:14:55","slug":"dante-gabriel-rossetti-1000-teile-puzzle-fur-erwachsene-proserpine","status":"publish","type":"product","link":"https:\/\/business.roovi.com\/de\/dante-gabriel-rossetti-1000-teile-puzzle-fur-erwachsene-proserpine\/p\/","title":{"rendered":"Dante Gabriel Rossetti 1000 Teile Puzzle f\u00fcr Erwachsene &#8211; Proserpine"},"content":{"rendered":"<p><span style=\"font-weight: 400;\">Hast du dich jemals gefragt, wie die gro\u00dfen Gem\u00e4lde der Welt entstanden sind? Kunstr\u00e4tsel mit Bildern der ber\u00fchmtesten Kunstwerke f\u00fchren dich in die Welt der ber\u00fchmten K\u00fcnstler ein. Setze 1000-teilige Puzzlebilder zusammen und entdecke erstaunliche Details der ber\u00fchmtesten Gem\u00e4lde der Welt <\/span><\/p>\n<p><span style=\"font-weight: 400;\">Dante Gabriel Rossettis 1000 Teile Puzzle &#8211; Proserpine illustriert das faszinierende Bild der griechischen G\u00f6ttin, die im Winter unter der Erde lebte. Rossettis Proserpine ist wundersch\u00f6n, wie das Modell, f\u00fcr das der K\u00fcnstler eine obsessive Liebe empfand: Jane Morris, seine Frau<\/span><span style=\"font-weight: 400;\"> William Morris.<\/span><\/p>\n<p><span style=\"font-weight: 400;\">Wenn du ein Kunstliebhaber bist oder 1000-teilige Puzzles magst, die deine F\u00e4higkeiten beim Zusammensetzen herausfordern, wird dich dieses Kunstpuzzle mit der Einfachheit und Raffinesse, mit der der K\u00fcnstler sein Werk ausgef\u00fchrt hat, \u00fcberzeugen. Also zieh deinen Couchtisch im Wohnzimmer zu und fang an, das 1000-teilige Puzzle-Kunstwerk zusammenzusetzen <\/span><span style=\"font-weight: 400;\">Dante Gabriel Rossetti &#8211; Proserpine.<\/span><\/p>\n<p><span style=\"font-weight: 400;\">Lies unten mehr \u00fcber dieses Kunstr\u00e4tsel<\/span><\/p>\n<p><strong>Puzzle-Material <\/strong><\/p>\n<p><strong>hochwertiger blauer Karton<\/strong><\/p>\n<p><strong>nachhaltige, recycelbare Materialien<\/strong><\/p>\n<p><strong>halbgl\u00e4nzende Oberfl\u00e4che, leuchtende Farben<\/strong><\/p>\n<p><strong>Anzahl der Puzzleteile: 1000<\/strong><\/p>\n<p><strong>Empfohlenes Alter: 14+<\/strong><\/p>\n<p><strong>1000-Teile-Puzzle: Was sind die Vorteile?<\/strong><\/p>\n<p><span style=\"font-weight: 400;\">Du bist ein begeisterter R\u00e4tselfreund und m\u00f6chtest wissen, welche Vorteile diese entspannende Aktivit\u00e4t f\u00fcr dich hat? Hier sind 7 erstaunliche Vorteile:<\/span><\/p>\n<p><span style=\"font-weight: 400;\">Es hilft dir, dich von den t\u00e4glichen Sorgen zu erholen.<\/span><\/p>\n<p><span style=\"font-weight: 400;\">Sie halten dein Gehirn in Topform.<\/span><\/p>\n<p><span style=\"font-weight: 400;\">Sie versorgen dich mit Energie und geben dir viel Optimismus und Energie.<\/span><\/p>\n<p><span style=\"font-weight: 400;\">Sie verbinden dich mit deinen Liebsten.<\/span><\/p>\n<p><span style=\"font-weight: 400;\">Sie sind gut f\u00fcr dein Ged\u00e4chtnis, halte es trainiert.<\/span><\/p>\n<p><span style=\"font-weight: 400;\">Sie helfen dir, dich auf deine Ziele zu konzentrieren.<\/span><\/p>\n<p><span style=\"font-weight: 400;\">Sie bringen dich dazu, auf Details zu achten.<\/span><\/p>\n<p><strong> \u00dcber <\/strong><strong>Wusstest du, dass Dante Gabriel Rossetti&#8230;<\/strong><\/p>\n<p><span style=\"font-weight: 400;\">Er war ein englischer Maler und Dichter und Begr\u00fcnder der pr\u00e4raffaelitischen Bewegung <\/span><\/p>\n<p><span style=\"font-weight: 400;\">Er stammte aus einer K\u00fcnstlerfamilie: Er war der Bruder der Dichterin Christina Rossetti, des Kritikers William Michael Rossetti und der Schriftstellerin Maria Francesca Rossetti.<\/span><\/p>\n<p><span style=\"font-weight: 400;\">Der Name Dante geh\u00f6rt nicht zu ihm. Er signierte seine Werke mit diesem Namen zu Ehren von Dante Alighieri, der ihn in seinen Bildern und Gedichten inspirierte.<\/span><\/p>\n<p><span style=\"font-weight: 400;\">Er wurde in seinem pers\u00f6nlichen und k\u00fcnstlerischen Leben von seinen Musen Elizabeth Siddal (die er heiratete), Fanny Cornforth und Jane Morris beeinflusst.<\/span><\/p>\n<p><span style=\"font-weight: 400;\">Seine Gem\u00e4lde werden heute sehr gesch\u00e4tzt und sind sehr teuer. 2013, <\/span><em><span style=\"font-weight: 400;\">Proserpina <\/span><\/em><span style=\"font-weight: 400;\">wurde f\u00fcr beeindruckende 3.274.500 \u00a3 versteigert.<\/span><\/p>\n<p><strong>Dante Gabriel Rossettis Kunstr\u00e4tsel &#8211; Proserpine gibt dir die einmalige Chance, dein eigenes Kunstgem\u00e4lde zu erstellen<\/strong><\/p>\n<p><span style=\"font-weight: 400;\">Ein k\u00fcnstlerisches Meisterwerk mit deinen eigenen H\u00e4nden zu schaffen, ist eine Quelle gro\u00dfer innerer Zufriedenheit. Mit Dante Gabriel Rossetti &#8211; Proserpine 1000 Teile Puzzle hast du jetzt die M\u00f6glichkeit dazu. Wenn das Gem\u00e4lde fertig ist, kannst du stundenlang jeden Strich bewundern und au\u00dferdem dein Werk an einer der W\u00e4nde deines Zuhauses ausstellen.<\/span><\/p>\n<p><span style=\"font-weight: 400;\">Kaufe jetzt das Dante Gabriel Rossetti &#8211; Proserpine Kunstpuzzle und fange an, ein au\u00dfergew\u00f6hnliches Deko-Objekt zu bauen. W\u00e4hle das Puzzlespiel f\u00fcr dich selbst oder f\u00fcr einen Freund, der Kunstpuzzles liebt. Das 1000-Teile-Puzzle ist das ideale Geschenk f\u00fcr verschiedene festliche Anl\u00e4sse.<\/span><\/p>\n","protected":false},"excerpt":{"rendered":"<p>Hast du dich jemals gefragt, wie die gro\u00dfen Gem\u00e4lde der Welt entstanden sind? Kunstr\u00e4tsel mit Bildern der ber\u00fchmtesten Kunstwerke f\u00fchren<\/p>\n","protected":false},"featured_media":48763,"template":"","meta":[],"product_brand":[],"product_cat":[1916,1875,1915],"product_tag":[],"class_list":{"0":"post-39162","1":"product","2":"type-product","3":"status-publish","4":"has-post-thumbnail","6":"product_cat-1000-teile-puzzle","7":"product_cat-puzzle-de","8":"product_cat-puzzlespiele-fur-erwachsene","9":"pa_brand-deico-de","10":"pa_country_of_manufacture-ro-de","11":"pa_filter_age-14-de","12":"pa_tip_ambalaj-kasten-a4-de","13":"pa_tip_puzzle-klassisch","15":"first","16":"instock","17":"taxable","18":"shipping-taxable","19":"product-type-simple"},"yoast_head":"<!-- This site is optimized with the Yoast SEO plugin v20.1 - https:\/\/yoast.com\/wordpress\/plugins\/seo\/ -->\n<title>Dante Gabriel Rossetti 1000 Teile Puzzle f\u00fcr Erwachsene - Proserpine<\/title>\n<meta name=\"description\" content=\"Dante Gabriel Rossetti 1000 Teile Puzzle f\u00fcr Erwachsene - Proserpine\" \/>\n<meta name=\"robots\" content=\"index, follow, max-snippet:-1, max-image-preview:large, max-video-preview:-1\" \/>\n<link rel=\"canonical\" href=\"https:\/\/business.roovi.com\/de\/dante-gabriel-rossetti-1000-teile-puzzle-fur-erwachsene-proserpine\/p\/\" \/>\n<meta property=\"og:locale\" content=\"de_DE\" \/>\n<meta property=\"og:type\" content=\"article\" \/>\n<meta property=\"og:title\" content=\"Dante Gabriel Rossetti 1000 Teile Puzzle f\u00fcr Erwachsene - Proserpine\" \/>\n<meta property=\"og:description\" content=\"Dante Gabriel Rossetti 1000 Teile Puzzle f\u00fcr Erwachsene - Proserpine\" \/>\n<meta property=\"og:url\" content=\"https:\/\/business.roovi.com\/de\/dante-gabriel-rossetti-1000-teile-puzzle-fur-erwachsene-proserpine\/p\/\" \/>\n<meta property=\"og:site_name\" content=\"Roovi B2B\" \/>\n<meta property=\"article:publisher\" content=\"https:\/\/www.facebook.com\/wwwjucariero\" \/>\n<meta property=\"article:modified_time\" content=\"2022-12-01T12:14:55+00:00\" \/>\n<meta property=\"og:image\" content=\"https:\/\/business.roovi.com\/wp-content\/uploads\/2020\/04\/dante_gabriel_rossetti-proserpine_copy.jpg\" \/>\n\t<meta property=\"og:image:width\" content=\"1200\" \/>\n\t<meta property=\"og:image:height\" content=\"1200\" \/>\n\t<meta property=\"og:image:type\" content=\"image\/jpeg\" \/>\n<meta name=\"twitter:label1\" content=\"Gesch\u00e4tzte Lesezeit\" \/>\n\t<meta name=\"twitter:data1\" content=\"3\u00a0Minuten\" \/>\n<script type=\"application\/ld+json\" class=\"yoast-schema-graph\">{\"@context\":\"https:\/\/schema.org\",\"@graph\":[{\"@type\":\"WebPage\",\"@id\":\"https:\/\/business.roovi.com\/de\/dante-gabriel-rossetti-1000-teile-puzzle-fur-erwachsene-proserpine\/p\/\",\"url\":\"https:\/\/business.roovi.com\/de\/dante-gabriel-rossetti-1000-teile-puzzle-fur-erwachsene-proserpine\/p\/\",\"name\":\"Dante Gabriel Rossetti 1000 Teile Puzzle f\u00fcr Erwachsene - Proserpine\",\"isPartOf\":{\"@id\":\"https:\/\/business.roovi.com\/de\/#website\"},\"datePublished\":\"2020-04-22T12:57:34+00:00\",\"dateModified\":\"2022-12-01T12:14:55+00:00\",\"description\":\"Dante Gabriel Rossetti 1000 Teile Puzzle f\u00fcr Erwachsene - Proserpine\",\"breadcrumb\":{\"@id\":\"https:\/\/business.roovi.com\/de\/dante-gabriel-rossetti-1000-teile-puzzle-fur-erwachsene-proserpine\/p\/#breadcrumb\"},\"inLanguage\":\"de\",\"potentialAction\":[{\"@type\":\"ReadAction\",\"target\":[\"https:\/\/business.roovi.com\/de\/dante-gabriel-rossetti-1000-teile-puzzle-fur-erwachsene-proserpine\/p\/\"]}]},{\"@type\":\"BreadcrumbList\",\"@id\":\"https:\/\/business.roovi.com\/de\/dante-gabriel-rossetti-1000-teile-puzzle-fur-erwachsene-proserpine\/p\/#breadcrumb\",\"itemListElement\":[{\"@type\":\"ListItem\",\"position\":1,\"name\":\"Home\",\"item\":\"https:\/\/business.roovi.com\/de\/\"},{\"@type\":\"ListItem\",\"position\":2,\"name\":\"Shop\",\"item\":\"https:\/\/business.roovi.com\/de\/shop\/\"},{\"@type\":\"ListItem\",\"position\":3,\"name\":\"Dante Gabriel Rossetti 1000 Teile Puzzle f\u00fcr Erwachsene &#8211; Proserpine\"}]},{\"@type\":\"WebSite\",\"@id\":\"https:\/\/business.roovi.com\/de\/#website\",\"url\":\"https:\/\/business.roovi.com\/de\/\",\"name\":\"Roovi B2B\",\"description\":\"Roovi Business Website\",\"potentialAction\":[{\"@type\":\"SearchAction\",\"target\":{\"@type\":\"EntryPoint\",\"urlTemplate\":\"https:\/\/business.roovi.com\/de\/?s={search_term_string}\"},\"query-input\":\"required name=search_term_string\"}],\"inLanguage\":\"de\"}]}<\/script>\n<!-- \/ Yoast SEO plugin. -->","yoast_head_json":{"title":"Dante Gabriel Rossetti 1000 Teile Puzzle f\u00fcr Erwachsene - Proserpine","description":"Dante Gabriel Rossetti 1000 Teile Puzzle f\u00fcr Erwachsene - Proserpine","robots":{"index":"index","follow":"follow","max-snippet":"max-snippet:-1","max-image-preview":"max-image-preview:large","max-video-preview":"max-video-preview:-1"},"canonical":"https:\/\/business.roovi.com\/de\/dante-gabriel-rossetti-1000-teile-puzzle-fur-erwachsene-proserpine\/p\/","og_locale":"de_DE","og_type":"article","og_title":"Dante Gabriel Rossetti 1000 Teile Puzzle f\u00fcr Erwachsene - Proserpine","og_description":"Dante Gabriel Rossetti 1000 Teile Puzzle f\u00fcr Erwachsene - Proserpine","og_url":"https:\/\/business.roovi.com\/de\/dante-gabriel-rossetti-1000-teile-puzzle-fur-erwachsene-proserpine\/p\/","og_site_name":"Roovi B2B","article_publisher":"https:\/\/www.facebook.com\/wwwjucariero","article_modified_time":"2022-12-01T12:14:55+00:00","og_image":[{"width":1200,"height":1200,"url":"https:\/\/business.roovi.com\/wp-content\/uploads\/2020\/04\/dante_gabriel_rossetti-proserpine_copy.jpg","type":"image\/jpeg"}],"twitter_misc":{"Gesch\u00e4tzte Lesezeit":"3\u00a0Minuten"},"schema":{"@context":"https:\/\/schema.org","@graph":[{"@type":"WebPage","@id":"https:\/\/business.roovi.com\/de\/dante-gabriel-rossetti-1000-teile-puzzle-fur-erwachsene-proserpine\/p\/","url":"https:\/\/business.roovi.com\/de\/dante-gabriel-rossetti-1000-teile-puzzle-fur-erwachsene-proserpine\/p\/","name":"Dante Gabriel Rossetti 1000 Teile Puzzle f\u00fcr Erwachsene - Proserpine","isPartOf":{"@id":"https:\/\/business.roovi.com\/de\/#website"},"datePublished":"2020-04-22T12:57:34+00:00","dateModified":"2022-12-01T12:14:55+00:00","description":"Dante Gabriel Rossetti 1000 Teile Puzzle f\u00fcr Erwachsene - Proserpine","breadcrumb":{"@id":"https:\/\/business.roovi.com\/de\/dante-gabriel-rossetti-1000-teile-puzzle-fur-erwachsene-proserpine\/p\/#breadcrumb"},"inLanguage":"de","potentialAction":[{"@type":"ReadAction","target":["https:\/\/business.roovi.com\/de\/dante-gabriel-rossetti-1000-teile-puzzle-fur-erwachsene-proserpine\/p\/"]}]},{"@type":"BreadcrumbList","@id":"https:\/\/business.roovi.com\/de\/dante-gabriel-rossetti-1000-teile-puzzle-fur-erwachsene-proserpine\/p\/#breadcrumb","itemListElement":[{"@type":"ListItem","position":1,"name":"Home","item":"https:\/\/business.roovi.com\/de\/"},{"@type":"ListItem","position":2,"name":"Shop","item":"https:\/\/business.roovi.com\/de\/shop\/"},{"@type":"ListItem","position":3,"name":"Dante Gabriel Rossetti 1000 Teile Puzzle f\u00fcr Erwachsene &#8211; Proserpine"}]},{"@type":"WebSite","@id":"https:\/\/business.roovi.com\/de\/#website","url":"https:\/\/business.roovi.com\/de\/","name":"Roovi B2B","description":"Roovi Business Website","potentialAction":[{"@type":"SearchAction","target":{"@type":"EntryPoint","urlTemplate":"https:\/\/business.roovi.com\/de\/?s={search_term_string}"},"query-input":"required name=search_term_string"}],"inLanguage":"de"}]}},"_links":{"self":[{"href":"https:\/\/business.roovi.com\/de\/wp-json\/wp\/v2\/product\/39162","targetHints":{"allow":["GET"]}}],"collection":[{"href":"https:\/\/business.roovi.com\/de\/wp-json\/wp\/v2\/product"}],"about":[{"href":"https:\/\/business.roovi.com\/de\/wp-json\/wp\/v2\/types\/product"}],"version-history":[{"count":0,"href":"https:\/\/business.roovi.com\/de\/wp-json\/wp\/v2\/product\/39162\/revisions"}],"wp:featuredmedia":[{"embeddable":true,"href":"https:\/\/business.roovi.com\/de\/wp-json\/wp\/v2\/media\/48763"}],"wp:attachment":[{"href":"https:\/\/business.roovi.com\/de\/wp-json\/wp\/v2\/media?parent=39162"}],"wp:term":[{"taxonomy":"product_brand","embeddable":true,"href":"https:\/\/business.roovi.com\/de\/wp-json\/wp\/v2\/product_brand?post=39162"},{"taxonomy":"product_cat","embeddable":true,"href":"https:\/\/business.roovi.com\/de\/wp-json\/wp\/v2\/product_cat?post=39162"},{"taxonomy":"product_tag","embeddable":true,"href":"https:\/\/business.roovi.com\/de\/wp-json\/wp\/v2\/product_tag?post=39162"}],"curies":[{"name":"wp","href":"https:\/\/api.w.org\/{rel}","templated":true}]}}