{"id":39166,"date":"2020-04-22T12:54:08","date_gmt":"2020-04-22T12:54:08","guid":{"rendered":"https:\/\/business.roovi.com\/puzzle-adulti-1000-piese-jasper-francis-cropsey-starrucca-viaduct-pennsylvania\/p\/"},"modified":"2022-07-06T12:29:14","modified_gmt":"2022-07-06T12:29:14","slug":"jasper-francis-cropsey-1000-teile-puzzle-fur-erwachsene-starrucca-viaduct-pennsylvania","status":"publish","type":"product","link":"https:\/\/business.roovi.com\/de\/jasper-francis-cropsey-1000-teile-puzzle-fur-erwachsene-starrucca-viaduct-pennsylvania\/p\/","title":{"rendered":"Jasper Francis Cropsey 1000 Teile Puzzle f\u00fcr Erwachsene &#8211; Starrucca Viaduct, Pennsylvania"},"content":{"rendered":"<p><span style=\"font-weight: 400\">F\u00fchlst du dich inspiriert und bist bereit f\u00fcr eine neue Herausforderung? Wir haben die gr\u00f6\u00dfte Auswahl an Kunstr\u00e4tseln mit Bildern der ber\u00fchmtesten Gem\u00e4lde der Welt zusammengestellt. Setze die Bilder zusammen und feiere deine harte Arbeit, indem du jedes nachgebildete Bild einrahmst.<\/span><\/p>\n<p><span style=\"font-weight: 400\">Einige K\u00fcnstlerinnen und K\u00fcnstler haben idealistische Visionen von der Beziehung zwischen Mensch und Natur auf ihren Leinw\u00e4nden festgehalten. Francis Cropsey ist einer von ihnen. Das 1000-Teile-Puzzle Starrucca Viaduct, Pennsylvania stellt das Bild des gleichnamigen Gem\u00e4ldes nach, das die nat\u00fcrliche Sch\u00f6nheit Amerikas feiert <\/span><\/p>\n<p><span style=\"font-weight: 400\">In Jasper Francis Cropseys Kunstpuzzle &#8211; Starrucca Viaduct, Pennsylvania f\u00fcgen sich ein Zug und zwei Menschen nahtlos in die nat\u00fcrliche Landschaft ein. Der K\u00fcnstler scheint die Idee zu vermitteln, dass der menschliche Fortschritt die Harmonie der Natur nicht st\u00f6rt <\/span><\/p>\n<p><span style=\"font-weight: 400\">Wenn du noch mehr Symbole in diesem gro\u00dfartigen Werk entdecken willst, solltest du deine Zeit damit verbringen, Jasper Francis Cropseys 1000-teiliges Puzzle &#8211; Starrucca Viaduct, Pennsylvania &#8211; konstruktiv zusammenzusetzen. Alles, was du brauchst, ist ein normaler Couchtisch, auf den du die Teile stellen kannst, und ein bisschen Ruhe und Frieden.<\/span><\/p>\n<p><span style=\"font-weight: 400\">Lies weiter unten mehr Informationen \u00fcber das Jasper Francis Cropsey &#8211; Starrucca Viaduct, Pennsylvania Kunstpuzzle:<\/span><\/p>\n<p><strong>Materialr\u00e4tsel <\/strong><\/p>\n<p><strong>hochwertiger blauer Karton<\/strong><\/p>\n<p><strong>nachhaltige, recycelbare Materialien<\/strong><\/p>\n<p><strong>halbgl\u00e4nzende Oberfl\u00e4che, lebendige Farben<\/strong><\/p>\n<p><strong>Anzahl der Puzzleteile: 1000<\/strong><\/p>\n<p><strong>Empfohlenes Alter: 14+<\/strong><\/p>\n<p><span style=\"font-weight: 400\">Kunstr\u00e4tsel bringen dir erstaunliche Vorteile:<\/span><\/p>\n<p><span style=\"font-weight: 400\">Hilft dir zu entspannen.<\/span><\/p>\n<p><span style=\"font-weight: 400\">Es trainiert dein Ged\u00e4chtnis und deine Aufmerksamkeit f\u00fcr Details.<\/span><\/p>\n<p><span style=\"font-weight: 400\">Entwickelt deinen Sinn f\u00fcr Farben.<\/span><\/p>\n<p><span style=\"font-weight: 400\">Sie geben dir das Gef\u00fchl, ein echter Detektiv zu sein, der die richtigen Puzzlest\u00fccke findet und das Kunstbild aus eigener Kraft rekonstruiert.<\/span><\/p>\n<p><span style=\"font-weight: 400\">Sie geben dir die Befriedigung, ein besonderes Kunstwerk mit deinen eigenen H\u00e4nden zu schaffen.<\/span><\/p>\n<p><span style=\"font-weight: 400\">Sie sind eine gute Gelegenheit, Zeit mit deinen Lieben zu verbringen.<\/span><\/p>\n<p><strong>Wusstest du schon von Jasper Francis Cropsey?&#8230;<\/strong><\/p>\n<p><span style=\"font-weight: 400\">Er war ein amerikanischer Landschaftsmaler, der im 19. Jahrhundert lebte.<\/span><\/p>\n<p><span style=\"font-weight: 400\">In seinen Bildern betonte er die Stille der Natur und die bezaubernden Farben des Herbstes.<\/span><\/p>\n<p><span style=\"font-weight: 400\">Er hat Architektur studiert, und seine Leidenschaft f\u00fcr dieses Fachgebiet zeigt sich in seinen Gem\u00e4lden in der pr\u00e4zisen Anordnung und Konturierung der Formen <\/span><\/p>\n<p><span style=\"font-weight: 400\">Dieser K\u00fcnstler war der \u00dcberzeugung, dass Landschaften die h\u00f6chste Form der Kunst sind, weil sie die Natur &#8211; die direkte Manifestation der G\u00f6ttlichkeit &#8211; darstellen.<\/span><\/p>\n<p><span style=\"font-weight: 400\">Er glaubte, dass seine Gem\u00e4lde auch die reinen nat\u00fcrlichen Qualit\u00e4ten Amerikas wiedergeben.<\/span><\/p>\n<p><span style=\"font-weight: 400\">Er starb anonym, und seine Bilder wurden erst nach 1960 von Kunstliebhabern wiederentdeckt.<\/span><\/p>\n<p><span style=\"font-weight: 400\">Einige seiner Werke werden im Wei\u00dfen Haus aufbewahrt <\/span><\/p>\n<p><strong>1000-Teile-Puzzle hilft dir, Schlaflosigkeit loszuwerden<\/strong><\/p>\n<p><span style=\"font-weight: 400\">Baue den Stress vor dem Schlafengehen ab, indem du bunte Bilder und positive Vibes aus dem 1000-teiligen Puzzle zusammensetzt. Sobald du dich auf die Geschichte des Bildes einl\u00e4sst, das sich vor dir auftut, verschwinden Sorgen und negative Gedanken wie von Zauberhand <\/span><\/p>\n<p><span style=\"font-weight: 400\">Dein Geist und dein K\u00f6rper entspannen sich und du wirst leicht einschlafen k\u00f6nnen. Dein Schlaf wird viel tiefer und erholsamer sein, wenn du das Zusammensetzen von Puzzlespielen f\u00fcr mindestens eine halbe Stunde in deinen Tagesablauf einbaust.<\/span><\/p>\n<p><span style=\"font-weight: 400\">Kaufe jetzt das Jasper Francis Cropsey Kunstpuzzle &#8211; Starrucca Viaduct, Pennsylvania und gestalte das Bild in warmen Herbstfarben mit deiner Familie oder Freunden nach. Verbringe unvergessliche Momente mit deinen Liebsten in Gesellschaft eines au\u00dfergew\u00f6hnlichen Kunstpuzzles.<\/span><\/p>\n<p><span style=\"font-weight: 400\">Jasper Francis Cropseys 1000 Teile Puzzle &#8211; Starrucca Viaduct, Pennsylvania aus der Art Puzzle Collection ist das ideale Geschenk f\u00fcr Liebhaber von Puzzlespielen oder ber\u00fchmten Gem\u00e4lden.<\/span><\/p><\/p>\n","protected":false},"excerpt":{"rendered":"<p>F\u00fchlst du dich inspiriert und bist bereit f\u00fcr eine neue Herausforderung? Wir haben die gr\u00f6\u00dfte Auswahl an Kunstr\u00e4tseln mit Bildern<\/p>\n","protected":false},"featured_media":64166,"template":"","meta":[],"product_brand":[],"product_cat":[1916,1875,1915],"product_tag":[],"class_list":{"0":"post-39166","1":"product","2":"type-product","3":"status-publish","4":"has-post-thumbnail","6":"product_cat-1000-teile-puzzle","7":"product_cat-puzzle-de","8":"product_cat-puzzlespiele-fur-erwachsene","9":"pa_brand-deico-de","10":"pa_country_of_manufacture-ro-de","11":"pa_filter_age-14-de","12":"pa_tip_ambalaj-kasten-a4-de","13":"pa_tip_puzzle-klassisch","15":"first","16":"instock","17":"taxable","18":"shipping-taxable","19":"product-type-simple"},"yoast_head":"<!-- This site is optimized with the Yoast SEO plugin v20.1 - https:\/\/yoast.com\/wordpress\/plugins\/seo\/ -->\n<title>Jasper Francis Cropsey 1000 Teile Puzzle f\u00fcr Erwachsene - Starrucca Viaduct, Pennsylvania<\/title>\n<meta name=\"description\" content=\"Jasper Francis Cropsey 1000 Teile Puzzle f\u00fcr Erwachsene - Starrucca Viaduct, Pennsylvania\" \/>\n<meta name=\"robots\" content=\"index, follow, max-snippet:-1, max-image-preview:large, max-video-preview:-1\" \/>\n<link rel=\"canonical\" href=\"https:\/\/business.roovi.com\/de\/jasper-francis-cropsey-1000-teile-puzzle-fur-erwachsene-starrucca-viaduct-pennsylvania\/p\/\" \/>\n<meta property=\"og:locale\" content=\"de_DE\" \/>\n<meta property=\"og:type\" content=\"article\" \/>\n<meta property=\"og:title\" content=\"Jasper Francis Cropsey 1000 Teile Puzzle f\u00fcr Erwachsene - Starrucca Viaduct, Pennsylvania\" \/>\n<meta property=\"og:description\" content=\"Jasper Francis Cropsey 1000 Teile Puzzle f\u00fcr Erwachsene - Starrucca Viaduct, Pennsylvania\" \/>\n<meta property=\"og:url\" content=\"https:\/\/business.roovi.com\/de\/jasper-francis-cropsey-1000-teile-puzzle-fur-erwachsene-starrucca-viaduct-pennsylvania\/p\/\" \/>\n<meta property=\"og:site_name\" content=\"Roovi B2B\" \/>\n<meta property=\"article:publisher\" content=\"https:\/\/www.facebook.com\/wwwjucariero\" \/>\n<meta property=\"article:modified_time\" content=\"2022-07-06T12:29:14+00:00\" \/>\n<meta property=\"og:image\" content=\"https:\/\/business.roovi.com\/wp-content\/uploads\/2020\/04\/jasper_francis_cropsey-starrucca_viaduct_pennsylvania_copy.jpg\" \/>\n\t<meta property=\"og:image:width\" content=\"1200\" \/>\n\t<meta property=\"og:image:height\" content=\"1200\" \/>\n\t<meta property=\"og:image:type\" content=\"image\/jpeg\" \/>\n<meta name=\"twitter:label1\" content=\"Gesch\u00e4tzte Lesezeit\" \/>\n\t<meta name=\"twitter:data1\" content=\"3\u00a0Minuten\" \/>\n<script type=\"application\/ld+json\" class=\"yoast-schema-graph\">{\"@context\":\"https:\/\/schema.org\",\"@graph\":[{\"@type\":\"WebPage\",\"@id\":\"https:\/\/business.roovi.com\/de\/jasper-francis-cropsey-1000-teile-puzzle-fur-erwachsene-starrucca-viaduct-pennsylvania\/p\/\",\"url\":\"https:\/\/business.roovi.com\/de\/jasper-francis-cropsey-1000-teile-puzzle-fur-erwachsene-starrucca-viaduct-pennsylvania\/p\/\",\"name\":\"Jasper Francis Cropsey 1000 Teile Puzzle f\u00fcr Erwachsene - Starrucca Viaduct, Pennsylvania\",\"isPartOf\":{\"@id\":\"https:\/\/business.roovi.com\/de\/#website\"},\"datePublished\":\"2020-04-22T12:54:08+00:00\",\"dateModified\":\"2022-07-06T12:29:14+00:00\",\"description\":\"Jasper Francis Cropsey 1000 Teile Puzzle f\u00fcr Erwachsene - Starrucca Viaduct, Pennsylvania\",\"breadcrumb\":{\"@id\":\"https:\/\/business.roovi.com\/de\/jasper-francis-cropsey-1000-teile-puzzle-fur-erwachsene-starrucca-viaduct-pennsylvania\/p\/#breadcrumb\"},\"inLanguage\":\"de\",\"potentialAction\":[{\"@type\":\"ReadAction\",\"target\":[\"https:\/\/business.roovi.com\/de\/jasper-francis-cropsey-1000-teile-puzzle-fur-erwachsene-starrucca-viaduct-pennsylvania\/p\/\"]}]},{\"@type\":\"BreadcrumbList\",\"@id\":\"https:\/\/business.roovi.com\/de\/jasper-francis-cropsey-1000-teile-puzzle-fur-erwachsene-starrucca-viaduct-pennsylvania\/p\/#breadcrumb\",\"itemListElement\":[{\"@type\":\"ListItem\",\"position\":1,\"name\":\"Home\",\"item\":\"https:\/\/business.roovi.com\/de\/\"},{\"@type\":\"ListItem\",\"position\":2,\"name\":\"Shop\",\"item\":\"https:\/\/business.roovi.com\/de\/shop\/\"},{\"@type\":\"ListItem\",\"position\":3,\"name\":\"Jasper Francis Cropsey 1000 Teile Puzzle f\u00fcr Erwachsene &#8211; Starrucca Viaduct, Pennsylvania\"}]},{\"@type\":\"WebSite\",\"@id\":\"https:\/\/business.roovi.com\/de\/#website\",\"url\":\"https:\/\/business.roovi.com\/de\/\",\"name\":\"Roovi B2B\",\"description\":\"Roovi Business Website\",\"potentialAction\":[{\"@type\":\"SearchAction\",\"target\":{\"@type\":\"EntryPoint\",\"urlTemplate\":\"https:\/\/business.roovi.com\/de\/?s={search_term_string}\"},\"query-input\":\"required name=search_term_string\"}],\"inLanguage\":\"de\"}]}<\/script>\n<!-- \/ Yoast SEO plugin. -->","yoast_head_json":{"title":"Jasper Francis Cropsey 1000 Teile Puzzle f\u00fcr Erwachsene - Starrucca Viaduct, Pennsylvania","description":"Jasper Francis Cropsey 1000 Teile Puzzle f\u00fcr Erwachsene - Starrucca Viaduct, Pennsylvania","robots":{"index":"index","follow":"follow","max-snippet":"max-snippet:-1","max-image-preview":"max-image-preview:large","max-video-preview":"max-video-preview:-1"},"canonical":"https:\/\/business.roovi.com\/de\/jasper-francis-cropsey-1000-teile-puzzle-fur-erwachsene-starrucca-viaduct-pennsylvania\/p\/","og_locale":"de_DE","og_type":"article","og_title":"Jasper Francis Cropsey 1000 Teile Puzzle f\u00fcr Erwachsene - Starrucca Viaduct, Pennsylvania","og_description":"Jasper Francis Cropsey 1000 Teile Puzzle f\u00fcr Erwachsene - Starrucca Viaduct, Pennsylvania","og_url":"https:\/\/business.roovi.com\/de\/jasper-francis-cropsey-1000-teile-puzzle-fur-erwachsene-starrucca-viaduct-pennsylvania\/p\/","og_site_name":"Roovi B2B","article_publisher":"https:\/\/www.facebook.com\/wwwjucariero","article_modified_time":"2022-07-06T12:29:14+00:00","og_image":[{"width":1200,"height":1200,"url":"https:\/\/business.roovi.com\/wp-content\/uploads\/2020\/04\/jasper_francis_cropsey-starrucca_viaduct_pennsylvania_copy.jpg","type":"image\/jpeg"}],"twitter_misc":{"Gesch\u00e4tzte Lesezeit":"3\u00a0Minuten"},"schema":{"@context":"https:\/\/schema.org","@graph":[{"@type":"WebPage","@id":"https:\/\/business.roovi.com\/de\/jasper-francis-cropsey-1000-teile-puzzle-fur-erwachsene-starrucca-viaduct-pennsylvania\/p\/","url":"https:\/\/business.roovi.com\/de\/jasper-francis-cropsey-1000-teile-puzzle-fur-erwachsene-starrucca-viaduct-pennsylvania\/p\/","name":"Jasper Francis Cropsey 1000 Teile Puzzle f\u00fcr Erwachsene - Starrucca Viaduct, Pennsylvania","isPartOf":{"@id":"https:\/\/business.roovi.com\/de\/#website"},"datePublished":"2020-04-22T12:54:08+00:00","dateModified":"2022-07-06T12:29:14+00:00","description":"Jasper Francis Cropsey 1000 Teile Puzzle f\u00fcr Erwachsene - Starrucca Viaduct, Pennsylvania","breadcrumb":{"@id":"https:\/\/business.roovi.com\/de\/jasper-francis-cropsey-1000-teile-puzzle-fur-erwachsene-starrucca-viaduct-pennsylvania\/p\/#breadcrumb"},"inLanguage":"de","potentialAction":[{"@type":"ReadAction","target":["https:\/\/business.roovi.com\/de\/jasper-francis-cropsey-1000-teile-puzzle-fur-erwachsene-starrucca-viaduct-pennsylvania\/p\/"]}]},{"@type":"BreadcrumbList","@id":"https:\/\/business.roovi.com\/de\/jasper-francis-cropsey-1000-teile-puzzle-fur-erwachsene-starrucca-viaduct-pennsylvania\/p\/#breadcrumb","itemListElement":[{"@type":"ListItem","position":1,"name":"Home","item":"https:\/\/business.roovi.com\/de\/"},{"@type":"ListItem","position":2,"name":"Shop","item":"https:\/\/business.roovi.com\/de\/shop\/"},{"@type":"ListItem","position":3,"name":"Jasper Francis Cropsey 1000 Teile Puzzle f\u00fcr Erwachsene &#8211; Starrucca Viaduct, Pennsylvania"}]},{"@type":"WebSite","@id":"https:\/\/business.roovi.com\/de\/#website","url":"https:\/\/business.roovi.com\/de\/","name":"Roovi B2B","description":"Roovi Business Website","potentialAction":[{"@type":"SearchAction","target":{"@type":"EntryPoint","urlTemplate":"https:\/\/business.roovi.com\/de\/?s={search_term_string}"},"query-input":"required name=search_term_string"}],"inLanguage":"de"}]}},"_links":{"self":[{"href":"https:\/\/business.roovi.com\/de\/wp-json\/wp\/v2\/product\/39166","targetHints":{"allow":["GET"]}}],"collection":[{"href":"https:\/\/business.roovi.com\/de\/wp-json\/wp\/v2\/product"}],"about":[{"href":"https:\/\/business.roovi.com\/de\/wp-json\/wp\/v2\/types\/product"}],"version-history":[{"count":0,"href":"https:\/\/business.roovi.com\/de\/wp-json\/wp\/v2\/product\/39166\/revisions"}],"wp:featuredmedia":[{"embeddable":true,"href":"https:\/\/business.roovi.com\/de\/wp-json\/wp\/v2\/media\/64166"}],"wp:attachment":[{"href":"https:\/\/business.roovi.com\/de\/wp-json\/wp\/v2\/media?parent=39166"}],"wp:term":[{"taxonomy":"product_brand","embeddable":true,"href":"https:\/\/business.roovi.com\/de\/wp-json\/wp\/v2\/product_brand?post=39166"},{"taxonomy":"product_cat","embeddable":true,"href":"https:\/\/business.roovi.com\/de\/wp-json\/wp\/v2\/product_cat?post=39166"},{"taxonomy":"product_tag","embeddable":true,"href":"https:\/\/business.roovi.com\/de\/wp-json\/wp\/v2\/product_tag?post=39166"}],"curies":[{"name":"wp","href":"https:\/\/api.w.org\/{rel}","templated":true}]}}