{"id":39170,"date":"2020-04-22T12:28:19","date_gmt":"2020-04-22T12:28:19","guid":{"rendered":"https:\/\/business.roovi.com\/puzzle-adulti-1000-piese-giovanni-antonio-canal-bucentaurs-return-to-the-pier-by-the-palazzo-ducale\/p\/"},"modified":"2023-02-28T06:37:08","modified_gmt":"2023-02-28T06:37:08","slug":"1000-teile-puzzle-fur-erwachsene-giovanni-antonio-canal-bucentaurs-return-to-the-pier-by-the-palazzo-ducale","status":"publish","type":"product","link":"https:\/\/business.roovi.com\/de\/1000-teile-puzzle-fur-erwachsene-giovanni-antonio-canal-bucentaurs-return-to-the-pier-by-the-palazzo-ducale\/p\/","title":{"rendered":"1000 Teile Puzzle f\u00fcr Erwachsene Giovanni Antonio Canal &#8211; Bucentaur&#8217;s Return to the Pier by the Palazzo Ducale"},"content":{"rendered":"<p><span style=\"font-weight: 400;\">Bist du von ber\u00fchmten Kunstwerken fasziniert und m\u00f6chtest du tiefer in die geheimnisvolle Welt der ber\u00fchmten Gem\u00e4lde eintauchen? Mit der gr\u00f6\u00dften Auswahl an Kunstr\u00e4tseln hast du die M\u00f6glichkeit, selbst die feinsten Nuancen der Meisterwerke der Welt aus n\u00e4chster N\u00e4he zu bewundern.<\/span><\/p>\n<p><span style=\"font-weight: 400;\">Das 1000-teilige Puzzle Giovanni Antonio Canal &#8211; Bucentaur&#8217;s Return to the Pier vom Palazzo Ducale stellt eines der ikonischen Gem\u00e4lde von Venedig aus dem 18.<\/span><\/p>\n<p><span style=\"font-weight: 400;\">Das Gem\u00e4lde zeigt eine Szene von einem der wichtigsten venezianischen Feste. Ein lebendiges Bild mit den ber\u00fchmten Gondeln, die auf den Gew\u00e4ssern der venezianischen Kan\u00e4le schwimmen, und dem goldenen Schiff des Dogen, dem Buccentoro, das auf dem Pier sitzt, wird dich mit diesem 1000-Teile-Puzzle begeistern.<\/span><\/p>\n<p><span style=\"font-weight: 400;\">Am Himmelfahrtstag segelte der venezianische Doge symbolisch an Bord des pr\u00e4chtigen <\/span><span style=\"font-weight: 400;\">&#8222;<\/span><span style=\"font-weight: 400;\">Bucentaur<\/span><span style=\"font-weight: 400;\">&#8222;, einen Ehering ins Meer zu werfen. Diese Geste symbolisierte die Verbundenheit der Venezianer mit dem Meer und ihren zuk\u00fcnftigen Wohlstand.<\/span><\/p>\n<p><span style=\"font-weight: 400;\">Ein symbolisches Bild f\u00fchrt dich durch dieses wunderbare Kunstpuzzle in die ferne Geschichte Venedigs. Lehn dich zur\u00fcck und fang an, an einem gro\u00dfen Kunstwerk in deiner Puzzle-Karriere zu arbeiten. Du kannst einen normalen Couchtisch verwenden, um die St\u00fccke zu st\u00fctzen.<\/span><\/p>\n<p><span style=\"font-weight: 400;\">Mit dem Kunstr\u00e4tsel Giovanni Antonio Canal &#8211; Bucentaur&#8217;s Return to the Pier by the Palazzo Ducale:<\/span><\/p>\n<p><strong>Verkleinertes Bild: 50 x 70 cm<\/strong><\/p>\n<p><strong>Puzzle-Material <\/strong><\/p>\n<p><strong>hochwertiger blauer Karton<\/strong><\/p>\n<p><strong>nachhaltige, recycelbare Materialien<\/strong><\/p>\n<p><strong>halbgl\u00e4nzende Oberfl\u00e4che, leuchtende Farben<\/strong><\/p>\n<p><strong>Anzahl der Puzzleteile: 1000<\/strong><\/p>\n<p><strong>Empfohlenes Alter: 14+<\/strong><\/p>\n<p><span style=\"font-weight: 400;\"> Dieses erstaunliche Kunstpuzzle bringt dir viele Vorteile, die sich in vielen Aspekten deines Lebens widerspiegeln:<\/span><\/p>\n<p><span style=\"font-weight: 400;\">Es hilft dir, dich zu entspannen und dich von den Problemen des Alltags zu l\u00f6sen.<\/span><\/p>\n<p><span style=\"font-weight: 400;\">Es h\u00e4lt dein Gehirn aktiv.<\/span><\/p>\n<p><span style=\"font-weight: 400;\">Es verbessert dein Kurzzeitged\u00e4chtnis.<\/span><\/p>\n<p><span style=\"font-weight: 400;\">Es gibt dir die M\u00f6glichkeit, das Bild eines ber\u00fchmten Kunstwerks zu erschaffen und seine Sch\u00f6nheit in der Privatsph\u00e4re deines eigenen Zuhauses zu genie\u00dfen.<\/span><\/p>\n<p><span style=\"font-weight: 400;\">Es kann eine Gelegenheit sein, seinen Lieben n\u00e4her zu kommen und Zeit miteinander zu verbringen.<\/span><\/p>\n<p><span style=\"font-weight: 400;\">Es entwickelt deinen k\u00fcnstlerischen Sinn und deine Kreativit\u00e4t.<\/span><\/p>\n<p><strong>\u00dcber <\/strong><strong>Giovanni Antonio Canal Wusstest du das?<\/strong><\/p>\n<p><span style=\"font-weight: 400;\">Er war ein italienischer Landschaftsmaler, bekannt als Canaletto.<\/span><\/p>\n<p><span style=\"font-weight: 400;\">Seine Werke zeigen haupts\u00e4chlich das Alltagsleben im Venedig des 18.<\/span><\/p>\n<p><span style=\"font-weight: 400;\">Er hatte Auftr\u00e4ge von wichtigen Kunden seiner Zeit wie z.B. <\/span><span style=\"font-weight: 400;\">general Schulenberg, der venezianische Wachtmeister, der franz\u00f6sische Botschafter und der f\u00fcrstliche Palast.<\/span><\/p>\n<p><span style=\"font-weight: 400;\">Seine Werke geh\u00f6rten zu den teuersten und viele einflussreiche Leute kauften seine Gem\u00e4lde.<\/span><\/p>\n<p><span style=\"font-weight: 400;\">Sein teuerstes Werk ist<\/span><span style=\"font-weight: 400;\">e <\/span><em><span style=\"font-weight: 400;\">&#8222;Blick auf den Canal Grande vom Palazzo Balbi zum Rialto&#8220; <\/span><\/em><span style=\"font-weight: 400;\">und 2005 f\u00fcr 18,6 Millionen Pfund verkauft.<\/span><\/p>\n<p><strong>Kunstr\u00e4tsel &#8211; eine einzigartige Gelegenheit, die Welt der ber\u00fchmten Gem\u00e4lde kennenzulernen<\/strong><\/p>\n<p><span style=\"font-weight: 400;\">Wolltest du schon immer mehr \u00fcber Kunstwerke wissen? Unser Angebot an Kunstr\u00e4tseln bietet dir diese M\u00f6glichkeit. 1000 Teile Puzzle <\/span><span style=\"font-weight: 400;\">Canaletto &#8211; <\/span><span style=\"font-weight: 400;\">Bucentaur&#8217;s Return to the Pier am Palazzo Ducale ist vielleicht das erste Kunstwerk, das du selbst geschaffen hast.<\/span><\/p>\n<p><span style=\"font-weight: 400;\">Die faszinierenden Details in diesem Kunstpuzzle werden dich in die Zeit zur\u00fcckversetzen und dir die Sch\u00f6nheit und Pracht des Venedigs des 18. Jahrhunderts zeigen.<\/span><\/p>\n<p><span style=\"font-weight: 400;\">Feiere deine harte Arbeit, indem du dein 1000-Teile-Puzzlebild einrahmst. Du wirst dein Zuhause mit einem besonderen Deko-Objekt versch\u00f6nern.<\/span><\/p>\n<p><span style=\"font-weight: 400;\">Willst du deinen Lieben ein besonderes Geschenk machen? Puzzle 1000 Teile <\/span><span style=\"font-weight: 400;\">Canaletto &#8211; <\/span><span style=\"font-weight: 400;\">Bucentaur&#8217;s Return to the Pier am Palazzo Ducale ist die perfekte Wahl.<\/span><\/p>\n","protected":false},"excerpt":{"rendered":"<p>Bist du von ber\u00fchmten Kunstwerken fasziniert und m\u00f6chtest du tiefer in die geheimnisvolle Welt der ber\u00fchmten Gem\u00e4lde eintauchen? Mit der<\/p>\n","protected":false},"featured_media":64160,"template":"","meta":[],"product_brand":[],"product_cat":[1916,1875,1915],"product_tag":[],"class_list":{"0":"post-39170","1":"product","2":"type-product","3":"status-publish","4":"has-post-thumbnail","6":"product_cat-1000-teile-puzzle","7":"product_cat-puzzle-de","8":"product_cat-puzzlespiele-fur-erwachsene","9":"pa_brand-deico-de","10":"pa_country_of_manufacture-ro-de","11":"pa_filter_age-14-de","12":"pa_tip_ambalaj-kasten-a4-de","13":"pa_tip_puzzle-klassisch","15":"first","16":"instock","17":"taxable","18":"shipping-taxable","19":"product-type-simple"},"yoast_head":"<!-- This site is optimized with the Yoast SEO plugin v20.1 - https:\/\/yoast.com\/wordpress\/plugins\/seo\/ -->\n<title>1000 Teile Puzzle f\u00fcr Erwachsene Giovanni Antonio Canal - Bucentaur&#039;s Return to the Pier by the Palazzo Ducale<\/title>\n<meta name=\"description\" content=\"1000 Teile Puzzle f\u00fcr Erwachsene Giovanni Antonio Canal - Bucentaur&#039;s Return to the Pier by the Palazzo Ducale\" \/>\n<meta name=\"robots\" content=\"index, follow, max-snippet:-1, max-image-preview:large, max-video-preview:-1\" \/>\n<link rel=\"canonical\" href=\"https:\/\/business.roovi.com\/de\/1000-teile-puzzle-fur-erwachsene-giovanni-antonio-canal-bucentaurs-return-to-the-pier-by-the-palazzo-ducale\/p\/\" \/>\n<meta property=\"og:locale\" content=\"de_DE\" \/>\n<meta property=\"og:type\" content=\"article\" \/>\n<meta property=\"og:title\" content=\"1000 Teile Puzzle f\u00fcr Erwachsene Giovanni Antonio Canal - Bucentaur&#039;s Return to the Pier by the Palazzo Ducale\" \/>\n<meta property=\"og:description\" content=\"1000 Teile Puzzle f\u00fcr Erwachsene Giovanni Antonio Canal - Bucentaur&#039;s Return to the Pier by the Palazzo Ducale\" \/>\n<meta property=\"og:url\" content=\"https:\/\/business.roovi.com\/de\/1000-teile-puzzle-fur-erwachsene-giovanni-antonio-canal-bucentaurs-return-to-the-pier-by-the-palazzo-ducale\/p\/\" \/>\n<meta property=\"og:site_name\" content=\"Roovi B2B\" \/>\n<meta property=\"article:publisher\" content=\"https:\/\/www.facebook.com\/wwwjucariero\" \/>\n<meta property=\"article:modified_time\" content=\"2023-02-28T06:37:08+00:00\" \/>\n<meta property=\"og:image\" content=\"https:\/\/business.roovi.com\/wp-content\/uploads\/2020\/04\/76687-WEB.jpg\" \/>\n\t<meta property=\"og:image:width\" content=\"1200\" \/>\n\t<meta property=\"og:image:height\" content=\"1200\" \/>\n\t<meta property=\"og:image:type\" content=\"image\/jpeg\" \/>\n<meta name=\"twitter:label1\" content=\"Gesch\u00e4tzte Lesezeit\" \/>\n\t<meta name=\"twitter:data1\" content=\"3\u00a0Minuten\" \/>\n<script type=\"application\/ld+json\" class=\"yoast-schema-graph\">{\"@context\":\"https:\/\/schema.org\",\"@graph\":[{\"@type\":\"WebPage\",\"@id\":\"https:\/\/business.roovi.com\/de\/1000-teile-puzzle-fur-erwachsene-giovanni-antonio-canal-bucentaurs-return-to-the-pier-by-the-palazzo-ducale\/p\/\",\"url\":\"https:\/\/business.roovi.com\/de\/1000-teile-puzzle-fur-erwachsene-giovanni-antonio-canal-bucentaurs-return-to-the-pier-by-the-palazzo-ducale\/p\/\",\"name\":\"1000 Teile Puzzle f\u00fcr Erwachsene Giovanni Antonio Canal - Bucentaur's Return to the Pier by the Palazzo Ducale\",\"isPartOf\":{\"@id\":\"https:\/\/business.roovi.com\/de\/#website\"},\"datePublished\":\"2020-04-22T12:28:19+00:00\",\"dateModified\":\"2023-02-28T06:37:08+00:00\",\"description\":\"1000 Teile Puzzle f\u00fcr Erwachsene Giovanni Antonio Canal - Bucentaur's Return to the Pier by the Palazzo Ducale\",\"breadcrumb\":{\"@id\":\"https:\/\/business.roovi.com\/de\/1000-teile-puzzle-fur-erwachsene-giovanni-antonio-canal-bucentaurs-return-to-the-pier-by-the-palazzo-ducale\/p\/#breadcrumb\"},\"inLanguage\":\"de\",\"potentialAction\":[{\"@type\":\"ReadAction\",\"target\":[\"https:\/\/business.roovi.com\/de\/1000-teile-puzzle-fur-erwachsene-giovanni-antonio-canal-bucentaurs-return-to-the-pier-by-the-palazzo-ducale\/p\/\"]}]},{\"@type\":\"BreadcrumbList\",\"@id\":\"https:\/\/business.roovi.com\/de\/1000-teile-puzzle-fur-erwachsene-giovanni-antonio-canal-bucentaurs-return-to-the-pier-by-the-palazzo-ducale\/p\/#breadcrumb\",\"itemListElement\":[{\"@type\":\"ListItem\",\"position\":1,\"name\":\"Home\",\"item\":\"https:\/\/business.roovi.com\/de\/\"},{\"@type\":\"ListItem\",\"position\":2,\"name\":\"Shop\",\"item\":\"https:\/\/business.roovi.com\/de\/shop\/\"},{\"@type\":\"ListItem\",\"position\":3,\"name\":\"1000 Teile Puzzle f\u00fcr Erwachsene Giovanni Antonio Canal &#8211; Bucentaur&#8217;s Return to the Pier by the Palazzo Ducale\"}]},{\"@type\":\"WebSite\",\"@id\":\"https:\/\/business.roovi.com\/de\/#website\",\"url\":\"https:\/\/business.roovi.com\/de\/\",\"name\":\"Roovi B2B\",\"description\":\"Roovi Business Website\",\"potentialAction\":[{\"@type\":\"SearchAction\",\"target\":{\"@type\":\"EntryPoint\",\"urlTemplate\":\"https:\/\/business.roovi.com\/de\/?s={search_term_string}\"},\"query-input\":\"required name=search_term_string\"}],\"inLanguage\":\"de\"}]}<\/script>\n<!-- \/ Yoast SEO plugin. -->","yoast_head_json":{"title":"1000 Teile Puzzle f\u00fcr Erwachsene Giovanni Antonio Canal - Bucentaur's Return to the Pier by the Palazzo Ducale","description":"1000 Teile Puzzle f\u00fcr Erwachsene Giovanni Antonio Canal - Bucentaur's Return to the Pier by the Palazzo Ducale","robots":{"index":"index","follow":"follow","max-snippet":"max-snippet:-1","max-image-preview":"max-image-preview:large","max-video-preview":"max-video-preview:-1"},"canonical":"https:\/\/business.roovi.com\/de\/1000-teile-puzzle-fur-erwachsene-giovanni-antonio-canal-bucentaurs-return-to-the-pier-by-the-palazzo-ducale\/p\/","og_locale":"de_DE","og_type":"article","og_title":"1000 Teile Puzzle f\u00fcr Erwachsene Giovanni Antonio Canal - Bucentaur's Return to the Pier by the Palazzo Ducale","og_description":"1000 Teile Puzzle f\u00fcr Erwachsene Giovanni Antonio Canal - Bucentaur's Return to the Pier by the Palazzo Ducale","og_url":"https:\/\/business.roovi.com\/de\/1000-teile-puzzle-fur-erwachsene-giovanni-antonio-canal-bucentaurs-return-to-the-pier-by-the-palazzo-ducale\/p\/","og_site_name":"Roovi B2B","article_publisher":"https:\/\/www.facebook.com\/wwwjucariero","article_modified_time":"2023-02-28T06:37:08+00:00","og_image":[{"width":1200,"height":1200,"url":"https:\/\/business.roovi.com\/wp-content\/uploads\/2020\/04\/76687-WEB.jpg","type":"image\/jpeg"}],"twitter_misc":{"Gesch\u00e4tzte Lesezeit":"3\u00a0Minuten"},"schema":{"@context":"https:\/\/schema.org","@graph":[{"@type":"WebPage","@id":"https:\/\/business.roovi.com\/de\/1000-teile-puzzle-fur-erwachsene-giovanni-antonio-canal-bucentaurs-return-to-the-pier-by-the-palazzo-ducale\/p\/","url":"https:\/\/business.roovi.com\/de\/1000-teile-puzzle-fur-erwachsene-giovanni-antonio-canal-bucentaurs-return-to-the-pier-by-the-palazzo-ducale\/p\/","name":"1000 Teile Puzzle f\u00fcr Erwachsene Giovanni Antonio Canal - Bucentaur's Return to the Pier by the Palazzo Ducale","isPartOf":{"@id":"https:\/\/business.roovi.com\/de\/#website"},"datePublished":"2020-04-22T12:28:19+00:00","dateModified":"2023-02-28T06:37:08+00:00","description":"1000 Teile Puzzle f\u00fcr Erwachsene Giovanni Antonio Canal - Bucentaur's Return to the Pier by the Palazzo Ducale","breadcrumb":{"@id":"https:\/\/business.roovi.com\/de\/1000-teile-puzzle-fur-erwachsene-giovanni-antonio-canal-bucentaurs-return-to-the-pier-by-the-palazzo-ducale\/p\/#breadcrumb"},"inLanguage":"de","potentialAction":[{"@type":"ReadAction","target":["https:\/\/business.roovi.com\/de\/1000-teile-puzzle-fur-erwachsene-giovanni-antonio-canal-bucentaurs-return-to-the-pier-by-the-palazzo-ducale\/p\/"]}]},{"@type":"BreadcrumbList","@id":"https:\/\/business.roovi.com\/de\/1000-teile-puzzle-fur-erwachsene-giovanni-antonio-canal-bucentaurs-return-to-the-pier-by-the-palazzo-ducale\/p\/#breadcrumb","itemListElement":[{"@type":"ListItem","position":1,"name":"Home","item":"https:\/\/business.roovi.com\/de\/"},{"@type":"ListItem","position":2,"name":"Shop","item":"https:\/\/business.roovi.com\/de\/shop\/"},{"@type":"ListItem","position":3,"name":"1000 Teile Puzzle f\u00fcr Erwachsene Giovanni Antonio Canal &#8211; Bucentaur&#8217;s Return to the Pier by the Palazzo Ducale"}]},{"@type":"WebSite","@id":"https:\/\/business.roovi.com\/de\/#website","url":"https:\/\/business.roovi.com\/de\/","name":"Roovi B2B","description":"Roovi Business Website","potentialAction":[{"@type":"SearchAction","target":{"@type":"EntryPoint","urlTemplate":"https:\/\/business.roovi.com\/de\/?s={search_term_string}"},"query-input":"required name=search_term_string"}],"inLanguage":"de"}]}},"_links":{"self":[{"href":"https:\/\/business.roovi.com\/de\/wp-json\/wp\/v2\/product\/39170","targetHints":{"allow":["GET"]}}],"collection":[{"href":"https:\/\/business.roovi.com\/de\/wp-json\/wp\/v2\/product"}],"about":[{"href":"https:\/\/business.roovi.com\/de\/wp-json\/wp\/v2\/types\/product"}],"version-history":[{"count":0,"href":"https:\/\/business.roovi.com\/de\/wp-json\/wp\/v2\/product\/39170\/revisions"}],"wp:featuredmedia":[{"embeddable":true,"href":"https:\/\/business.roovi.com\/de\/wp-json\/wp\/v2\/media\/64160"}],"wp:attachment":[{"href":"https:\/\/business.roovi.com\/de\/wp-json\/wp\/v2\/media?parent=39170"}],"wp:term":[{"taxonomy":"product_brand","embeddable":true,"href":"https:\/\/business.roovi.com\/de\/wp-json\/wp\/v2\/product_brand?post=39170"},{"taxonomy":"product_cat","embeddable":true,"href":"https:\/\/business.roovi.com\/de\/wp-json\/wp\/v2\/product_cat?post=39170"},{"taxonomy":"product_tag","embeddable":true,"href":"https:\/\/business.roovi.com\/de\/wp-json\/wp\/v2\/product_tag?post=39170"}],"curies":[{"name":"wp","href":"https:\/\/api.w.org\/{rel}","templated":true}]}}