{"id":39174,"date":"2020-04-22T12:21:02","date_gmt":"2020-04-22T12:21:02","guid":{"rendered":"https:\/\/business.roovi.com\/puzzle-adulti-1000-piese-royal-collection-field-of-the-cloth-of-gold\/p\/"},"modified":"2022-12-01T12:18:47","modified_gmt":"2022-12-01T12:18:47","slug":"royal-collection-1000-teile-puzzle-fur-erwachsene-field-of-the-cloth-of-gold","status":"publish","type":"product","link":"https:\/\/business.roovi.com\/de\/royal-collection-1000-teile-puzzle-fur-erwachsene-field-of-the-cloth-of-gold\/p\/","title":{"rendered":"Royal Collection 1000 Teile Puzzle f\u00fcr Erwachsene &#8211; Field of the Cloth of Gold"},"content":{"rendered":"<p><span style=\"font-weight: 400;\">Magst du 1000-Teile-Puzzle-Herausforderungen? Wir haben hunderte von Kunstpuzzle-Motiven f\u00fcr dich mit Bildern der ber\u00fchmtesten Gem\u00e4lde der Welt. Wage dich in die Welt der Kunst und rekonstruiere einzigartige Gem\u00e4lde aus 1000 Puzzleteilen.<\/span><\/p>\n<p><span style=\"font-weight: 400;\">Royal Collection &#8211; Field of the Cloth of Gold 1000 pieces puzzle ist unsere Empfehlung f\u00fcr dich, wenn du ein Liebhaber von wertvollen Kunstwerken bist. Die Vielzahl der liebevoll gestalteten Figuren und die vielen Details werden deine Geduld und dein Montagegeschick auf die Probe stellen.<\/span><\/p>\n<p><span style=\"font-weight: 400;\">Bild<\/span><em><span style=\"font-weight: 400;\"> Feld des Goldtuchs <\/span><\/em><span style=\"font-weight: 400;\">stellt das hochrangige Treffen dar, das 1520 zwischen K\u00f6nig Heinrich VIII. von England und K\u00f6nig Franz I. von Frankreich stattfand. In diesem Gem\u00e4lde findest du atemberaubende Details eines Gipfels aus dem 16.<\/span><\/p>\n<p><span style=\"font-weight: 400;\">So montierst du das Bild <\/span><em><span style=\"font-weight: 400;\">Feld des Goldtuchs <\/span><\/em><span style=\"font-weight: 400;\">des 1000-teiligen Puzzles gibt dir das Gef\u00fchl, dass du eine Seite der Weltgeschichte nachspielst. Also mach es dir gem\u00fctlich und mach dich an die Arbeit mit diesem fabelhaften Kunstwerk. Du kannst einen gew\u00f6hnlichen Couchtisch verwenden, um die St\u00fccke zu st\u00fctzen. Du bekommst ein 50 x 70 cm gro\u00dfes Bild, das du einrahmen und an eine deiner W\u00e4nde h\u00e4ngen kannst.<\/span><\/p>\n<p><span style=\"font-weight: 400;\">Eigenschaften Feld des Goldtuches Kunstpuzzle:<\/span><\/p>\n<p><strong>Puzzle-Material <\/strong><\/p>\n<p><strong>hochwertiger blauer Karton<\/strong><\/p>\n<p><strong>nachhaltige, recycelbare Materialien<\/strong><\/p>\n<p><strong>halbgl\u00e4nzende Oberfl\u00e4che, leuchtende Farben<\/strong><\/p>\n<p><strong>Anzahl der Puzzleteile: 1000<\/strong><\/p>\n<p><strong>Empfohlenes Alter: 14+<\/strong><\/p>\n<p><span style=\"font-weight: 400;\">Das Zusammensetzen von Kunstr\u00e4tseln bringt dir viele Vorteile, zum Beispiel:<\/span><\/p>\n<p><span style=\"font-weight: 400;\">Es kultiviert deinen \u00e4sthetischen Geschmack.<\/span><\/p>\n<p><span style=\"font-weight: 400;\">Es entwickelt deine Kreativit\u00e4t.<\/span><\/p>\n<p><span style=\"font-weight: 400;\">Sie machen dich neugierig und lassen dich mehr \u00fcber den K\u00fcnstler und sein Werk erfahren.<\/span><\/p>\n<p><span style=\"font-weight: 400;\">Es hilft dir, geduldiger und ausdauernder zu werden, um zu bekommen, was du willst.<\/span><\/p>\n<p><span style=\"font-weight: 400;\">Sie entspannt dich und befreit dich vom Alltagsstress.<\/span><\/p>\n<p><strong>\u00dcber <\/strong><strong><em>Feld des Goldtuchs <\/em><\/strong><strong>wusstest du, dass&#8230;<\/strong><\/p>\n<p><span style=\"font-weight: 400;\">Das Gem\u00e4lde wurde im 16. Jahrhundert von mehreren K\u00fcnstlern aus <\/span><span style=\"font-weight: 400;\">Britische Schule.<\/span><\/p>\n<p><span style=\"font-weight: 400;\">Der Name kommt von der \u00dcppigkeit der Materialien, die f\u00fcr die Zelte, Pavillons und andere Einrichtungsgegenst\u00e4nde verwendet werden.<\/span><\/p>\n<p><span style=\"font-weight: 400;\">Die Malerinnen und Maler, die das Kunstwerk geschaffen haben, haben eine au\u00dfergew\u00f6hnliche visuelle Zusammenfassung der vielen Aktivit\u00e4ten geschaffen, die w\u00e4hrend des Treffens der beiden K\u00f6nige stattfanden.<\/span><\/p>\n<p><span style=\"font-weight: 400;\">Das reiche Zelt in der Mitte des Hintergrunds ist der Ort, an dem das Treffen zwischen den beiden Herrschern stattfand.<\/span><\/p>\n<p><span style=\"font-weight: 400;\">Dieses prunkvolle Treffen hatte keine nennenswerten politischen Auswirkungen. Im Gegenteil, die Beziehungen zwischen den beiden L\u00e4ndern verschlechterten sich sp\u00e4ter, als Kardinal Wolsey ein B\u00fcndnis mit Karl V. arrangierte, der Frankreich den Krieg erkl\u00e4rte.<\/span><\/p>\n<p><strong>Puzzle 1000 Teile<\/strong> <strong>Feld des Goldtuches &#8211; eine Gelegenheit zum Meditieren und Verbinden<\/strong><\/p>\n<p><span style=\"font-weight: 400;\">F\u00fcr die Zeiten, in denen du mit deinen Gedanken allein sein willst, ist das Kunstpuzzle <\/span><span style=\"font-weight: 400;\">Das Feld des Goldtuchs ist ein gro\u00dfartiges Meditationswerkzeug. Au\u00dferdem hilft es dir, den t\u00e4glichen Druck und Stress abzubauen <\/span><\/p>\n<p><span style=\"font-weight: 400;\">Wenn du dich f\u00fcr l\u00e4ngere Zeit auf ein bestimmtes Bild konzentrierst, l\u00f6sen sich alle Gedanken, die dich besch\u00e4ftigen, auf und nichts st\u00f6rt mehr deinen Geist. Das ist der Grund, warum das Zusammensetzen von Puzzles eigentlich Sessions sind <\/span><span style=\"font-weight: 400;\">&#8220;<\/span><span style=\"font-weight: 400;\">sonst<\/span><span style=\"font-weight: 400;\">&#8220;<\/span><span style=\"font-weight: 400;\"> der Meditation. Die Wirkung, die du sp\u00fcrst, ist erstaunlich. Du f\u00fchlst, wie dich ein Gef\u00fchl von Frieden und Zufriedenheit \u00fcberkommt, und am Ende der Sitzung bist du ausgeruht und siehst das Leben optimistisch.<\/span><\/p>\n<p><span style=\"font-weight: 400;\">Liebst du ber\u00fchmte Gem\u00e4lde und m\u00f6chtest du dein Zuhause mit einem Kunstwerk versch\u00f6nern? Kaufe das Royal Collection Art Puzzle &#8211; Field of the Cloth of Gold jetzt und dein Traum wird wahr <\/span><\/p>\n<p><span style=\"font-weight: 400;\">Dieses 1000-teilige Kunstsammlungspuzzle ist das perfekte Geschenk f\u00fcr verschiedene Jubil\u00e4en oder Feiertage.<\/span><\/p>\n","protected":false},"excerpt":{"rendered":"<p>Magst du 1000-Teile-Puzzle-Herausforderungen? Wir haben hunderte von Kunstpuzzle-Motiven f\u00fcr dich mit Bildern der ber\u00fchmtesten Gem\u00e4lde der Welt. Wage dich in<\/p>\n","protected":false},"featured_media":48809,"template":"","meta":[],"product_brand":[],"product_cat":[1916,1875,1915],"product_tag":[],"class_list":{"0":"post-39174","1":"product","2":"type-product","3":"status-publish","4":"has-post-thumbnail","6":"product_cat-1000-teile-puzzle","7":"product_cat-puzzle-de","8":"product_cat-puzzlespiele-fur-erwachsene","9":"pa_brand-deico-de","10":"pa_country_of_manufacture-ro-de","11":"pa_filter_age-14-de","12":"pa_tip_ambalaj-kasten-a4-de","13":"pa_tip_puzzle-klassisch","15":"first","16":"instock","17":"taxable","18":"shipping-taxable","19":"product-type-simple"},"yoast_head":"<!-- This site is optimized with the Yoast SEO plugin v20.1 - https:\/\/yoast.com\/wordpress\/plugins\/seo\/ -->\n<title>Royal Collection 1000 Teile Puzzle f\u00fcr Erwachsene - Field of the Cloth of Gold<\/title>\n<meta name=\"description\" content=\"Royal Collection 1000 Teile Puzzle f\u00fcr Erwachsene - Field of the Cloth of Gold\" \/>\n<meta name=\"robots\" content=\"index, follow, max-snippet:-1, max-image-preview:large, max-video-preview:-1\" \/>\n<link rel=\"canonical\" href=\"https:\/\/business.roovi.com\/de\/royal-collection-1000-teile-puzzle-fur-erwachsene-field-of-the-cloth-of-gold\/p\/\" \/>\n<meta property=\"og:locale\" content=\"de_DE\" \/>\n<meta property=\"og:type\" content=\"article\" \/>\n<meta property=\"og:title\" content=\"Royal Collection 1000 Teile Puzzle f\u00fcr Erwachsene - Field of the Cloth of Gold\" \/>\n<meta property=\"og:description\" content=\"Royal Collection 1000 Teile Puzzle f\u00fcr Erwachsene - Field of the Cloth of Gold\" \/>\n<meta property=\"og:url\" content=\"https:\/\/business.roovi.com\/de\/royal-collection-1000-teile-puzzle-fur-erwachsene-field-of-the-cloth-of-gold\/p\/\" \/>\n<meta property=\"og:site_name\" content=\"Roovi B2B\" \/>\n<meta property=\"article:publisher\" content=\"https:\/\/www.facebook.com\/wwwjucariero\" \/>\n<meta property=\"article:modified_time\" content=\"2022-12-01T12:18:47+00:00\" \/>\n<meta property=\"og:image\" content=\"https:\/\/business.roovi.com\/wp-content\/uploads\/2020\/04\/royal_collection-field_of_the_cloth_of_gold_copy.jpg\" \/>\n\t<meta property=\"og:image:width\" content=\"1200\" \/>\n\t<meta property=\"og:image:height\" content=\"1200\" \/>\n\t<meta property=\"og:image:type\" content=\"image\/jpeg\" \/>\n<meta name=\"twitter:label1\" content=\"Gesch\u00e4tzte Lesezeit\" \/>\n\t<meta name=\"twitter:data1\" content=\"3\u00a0Minuten\" \/>\n<script type=\"application\/ld+json\" class=\"yoast-schema-graph\">{\"@context\":\"https:\/\/schema.org\",\"@graph\":[{\"@type\":\"WebPage\",\"@id\":\"https:\/\/business.roovi.com\/de\/royal-collection-1000-teile-puzzle-fur-erwachsene-field-of-the-cloth-of-gold\/p\/\",\"url\":\"https:\/\/business.roovi.com\/de\/royal-collection-1000-teile-puzzle-fur-erwachsene-field-of-the-cloth-of-gold\/p\/\",\"name\":\"Royal Collection 1000 Teile Puzzle f\u00fcr Erwachsene - Field of the Cloth of Gold\",\"isPartOf\":{\"@id\":\"https:\/\/business.roovi.com\/de\/#website\"},\"datePublished\":\"2020-04-22T12:21:02+00:00\",\"dateModified\":\"2022-12-01T12:18:47+00:00\",\"description\":\"Royal Collection 1000 Teile Puzzle f\u00fcr Erwachsene - Field of the Cloth of Gold\",\"breadcrumb\":{\"@id\":\"https:\/\/business.roovi.com\/de\/royal-collection-1000-teile-puzzle-fur-erwachsene-field-of-the-cloth-of-gold\/p\/#breadcrumb\"},\"inLanguage\":\"de\",\"potentialAction\":[{\"@type\":\"ReadAction\",\"target\":[\"https:\/\/business.roovi.com\/de\/royal-collection-1000-teile-puzzle-fur-erwachsene-field-of-the-cloth-of-gold\/p\/\"]}]},{\"@type\":\"BreadcrumbList\",\"@id\":\"https:\/\/business.roovi.com\/de\/royal-collection-1000-teile-puzzle-fur-erwachsene-field-of-the-cloth-of-gold\/p\/#breadcrumb\",\"itemListElement\":[{\"@type\":\"ListItem\",\"position\":1,\"name\":\"Home\",\"item\":\"https:\/\/business.roovi.com\/de\/\"},{\"@type\":\"ListItem\",\"position\":2,\"name\":\"Shop\",\"item\":\"https:\/\/business.roovi.com\/de\/shop\/\"},{\"@type\":\"ListItem\",\"position\":3,\"name\":\"Royal Collection 1000 Teile Puzzle f\u00fcr Erwachsene &#8211; Field of the Cloth of Gold\"}]},{\"@type\":\"WebSite\",\"@id\":\"https:\/\/business.roovi.com\/de\/#website\",\"url\":\"https:\/\/business.roovi.com\/de\/\",\"name\":\"Roovi B2B\",\"description\":\"Roovi Business Website\",\"potentialAction\":[{\"@type\":\"SearchAction\",\"target\":{\"@type\":\"EntryPoint\",\"urlTemplate\":\"https:\/\/business.roovi.com\/de\/?s={search_term_string}\"},\"query-input\":\"required name=search_term_string\"}],\"inLanguage\":\"de\"}]}<\/script>\n<!-- \/ Yoast SEO plugin. -->","yoast_head_json":{"title":"Royal Collection 1000 Teile Puzzle f\u00fcr Erwachsene - Field of the Cloth of Gold","description":"Royal Collection 1000 Teile Puzzle f\u00fcr Erwachsene - Field of the Cloth of Gold","robots":{"index":"index","follow":"follow","max-snippet":"max-snippet:-1","max-image-preview":"max-image-preview:large","max-video-preview":"max-video-preview:-1"},"canonical":"https:\/\/business.roovi.com\/de\/royal-collection-1000-teile-puzzle-fur-erwachsene-field-of-the-cloth-of-gold\/p\/","og_locale":"de_DE","og_type":"article","og_title":"Royal Collection 1000 Teile Puzzle f\u00fcr Erwachsene - Field of the Cloth of Gold","og_description":"Royal Collection 1000 Teile Puzzle f\u00fcr Erwachsene - Field of the Cloth of Gold","og_url":"https:\/\/business.roovi.com\/de\/royal-collection-1000-teile-puzzle-fur-erwachsene-field-of-the-cloth-of-gold\/p\/","og_site_name":"Roovi B2B","article_publisher":"https:\/\/www.facebook.com\/wwwjucariero","article_modified_time":"2022-12-01T12:18:47+00:00","og_image":[{"width":1200,"height":1200,"url":"https:\/\/business.roovi.com\/wp-content\/uploads\/2020\/04\/royal_collection-field_of_the_cloth_of_gold_copy.jpg","type":"image\/jpeg"}],"twitter_misc":{"Gesch\u00e4tzte Lesezeit":"3\u00a0Minuten"},"schema":{"@context":"https:\/\/schema.org","@graph":[{"@type":"WebPage","@id":"https:\/\/business.roovi.com\/de\/royal-collection-1000-teile-puzzle-fur-erwachsene-field-of-the-cloth-of-gold\/p\/","url":"https:\/\/business.roovi.com\/de\/royal-collection-1000-teile-puzzle-fur-erwachsene-field-of-the-cloth-of-gold\/p\/","name":"Royal Collection 1000 Teile Puzzle f\u00fcr Erwachsene - Field of the Cloth of Gold","isPartOf":{"@id":"https:\/\/business.roovi.com\/de\/#website"},"datePublished":"2020-04-22T12:21:02+00:00","dateModified":"2022-12-01T12:18:47+00:00","description":"Royal Collection 1000 Teile Puzzle f\u00fcr Erwachsene - Field of the Cloth of Gold","breadcrumb":{"@id":"https:\/\/business.roovi.com\/de\/royal-collection-1000-teile-puzzle-fur-erwachsene-field-of-the-cloth-of-gold\/p\/#breadcrumb"},"inLanguage":"de","potentialAction":[{"@type":"ReadAction","target":["https:\/\/business.roovi.com\/de\/royal-collection-1000-teile-puzzle-fur-erwachsene-field-of-the-cloth-of-gold\/p\/"]}]},{"@type":"BreadcrumbList","@id":"https:\/\/business.roovi.com\/de\/royal-collection-1000-teile-puzzle-fur-erwachsene-field-of-the-cloth-of-gold\/p\/#breadcrumb","itemListElement":[{"@type":"ListItem","position":1,"name":"Home","item":"https:\/\/business.roovi.com\/de\/"},{"@type":"ListItem","position":2,"name":"Shop","item":"https:\/\/business.roovi.com\/de\/shop\/"},{"@type":"ListItem","position":3,"name":"Royal Collection 1000 Teile Puzzle f\u00fcr Erwachsene &#8211; Field of the Cloth of Gold"}]},{"@type":"WebSite","@id":"https:\/\/business.roovi.com\/de\/#website","url":"https:\/\/business.roovi.com\/de\/","name":"Roovi B2B","description":"Roovi Business Website","potentialAction":[{"@type":"SearchAction","target":{"@type":"EntryPoint","urlTemplate":"https:\/\/business.roovi.com\/de\/?s={search_term_string}"},"query-input":"required name=search_term_string"}],"inLanguage":"de"}]}},"_links":{"self":[{"href":"https:\/\/business.roovi.com\/de\/wp-json\/wp\/v2\/product\/39174","targetHints":{"allow":["GET"]}}],"collection":[{"href":"https:\/\/business.roovi.com\/de\/wp-json\/wp\/v2\/product"}],"about":[{"href":"https:\/\/business.roovi.com\/de\/wp-json\/wp\/v2\/types\/product"}],"version-history":[{"count":0,"href":"https:\/\/business.roovi.com\/de\/wp-json\/wp\/v2\/product\/39174\/revisions"}],"wp:featuredmedia":[{"embeddable":true,"href":"https:\/\/business.roovi.com\/de\/wp-json\/wp\/v2\/media\/48809"}],"wp:attachment":[{"href":"https:\/\/business.roovi.com\/de\/wp-json\/wp\/v2\/media?parent=39174"}],"wp:term":[{"taxonomy":"product_brand","embeddable":true,"href":"https:\/\/business.roovi.com\/de\/wp-json\/wp\/v2\/product_brand?post=39174"},{"taxonomy":"product_cat","embeddable":true,"href":"https:\/\/business.roovi.com\/de\/wp-json\/wp\/v2\/product_cat?post=39174"},{"taxonomy":"product_tag","embeddable":true,"href":"https:\/\/business.roovi.com\/de\/wp-json\/wp\/v2\/product_tag?post=39174"}],"curies":[{"name":"wp","href":"https:\/\/api.w.org\/{rel}","templated":true}]}}