{"id":39178,"date":"2020-04-22T12:15:41","date_gmt":"2020-04-22T12:15:41","guid":{"rendered":"https:\/\/business.roovi.com\/puzzle-adulti-1000-piese-pieter-bruegel-cel-tanar-christ-carrying-the-cross\/p\/"},"modified":"2022-12-01T12:21:00","modified_gmt":"2022-12-01T12:21:00","slug":"pieter-bruegel-der-jungere-christus-der-das-kreuz-tragt-1000-teile-puzzle-fur-erwachsene","status":"publish","type":"product","link":"https:\/\/business.roovi.com\/de\/pieter-bruegel-der-jungere-christus-der-das-kreuz-tragt-1000-teile-puzzle-fur-erwachsene\/p\/","title":{"rendered":"Pieter Bruegel der J\u00fcngere &#8211; Christus, der das Kreuz tr\u00e4gt 1000 Teile Puzzle f\u00fcr Erwachsene"},"content":{"rendered":"<p><span style=\"font-weight: 400;\">Bist du von Kunst fasziniert und m\u00f6chtest du die ber\u00fchmtesten Gem\u00e4lde der Welt im Detail entdecken? W\u00e4hle das 1000-teilige Puzzle aus der Kunstpuzzle-Kollektion, setze die Bilder ber\u00fchmter Gem\u00e4lde zusammen und bewundere in aller Ruhe selbst die feinsten Pinselstriche bekannter K\u00fcnstler.<\/span><\/p>\n<p><span style=\"font-weight: 400;\">Pieter Brueghel der J\u00fcngere &#8211; Christus, der das Kreuz tr\u00e4gt 1000 Teile Puzzle <\/span><span style=\"font-weight: 400;\">stellt ein fl\u00e4misches Gem\u00e4lde einer biblischen Szene dar, die in einer fl\u00e4mischen Stadt am Ende des Mittelalters spielt <\/span><\/p>\n<p><span style=\"font-weight: 400;\">Pieter Brueghel der J\u00fcngere schuf im Laufe seiner Karriere mehrere Werke mit biblischen Motiven, die er in sein zeitgen\u00f6ssisches Umfeld setzte. Dieses 1000-teilige Puzzle ist mit seiner Vielzahl an Figuren und Landschaftsdetails eine Herausforderung f\u00fcr Puzzlefans <\/span><\/p>\n<p><span style=\"font-weight: 400;\">Setze das atemberaubende Bild zusammen und genie\u00dfe 30 Stunden Entspannung und Kontemplation in einer weit entfernten Welt, die seit jeher Emotionen und Interesse weckt <\/span><span style=\"font-weight: 400;\">Du kannst einen gew\u00f6hnlichen Couchtisch verwenden, um das Bild nachzubilden. Das fertige Bild ist 40 x 70 cm gro\u00df und macht sich gut in einem passenden Rahmen <\/span><\/p>\n<p><span style=\"font-weight: 400;\">Weitere Merkmale des Kunstpuzzles Pieter Brueghel der J\u00fcngere &#8211; Christus, der das Kreuz tr\u00e4gt:<\/span><\/p>\n<p><strong>Puzzle-Material <\/strong><\/p>\n<p><strong>hochwertiger blauer Karton<\/strong><\/p>\n<p><strong>nachhaltige, recycelbare Materialien<\/strong><\/p>\n<p><strong>halbgl\u00e4nzende Oberfl\u00e4che, leuchtende Farben<\/strong><\/p>\n<p><strong>Anzahl der Puzzleteile: 1000<\/strong><\/p>\n<p><strong>Empfohlenes Alter: 14+<\/strong><\/p>\n<p><strong>Puzzlespiele geben dir ungeahnte Vorteile<\/strong><\/p>\n<p><span style=\"font-weight: 400;\">Puzzlespiele erfordern ein hohes Ma\u00df an Konzentration, Denkverm\u00f6gen und Geduld, was bedeutet, dass dein Verstand auf die Probe gestellt wird. Und um dich jung und gesund zu halten, ist es wichtig, deinen Geist zu trainieren <\/span><\/p>\n<p><span style=\"font-weight: 400;\">W\u00e4hrend du St\u00fcck f\u00fcr St\u00fcck das Bild zusammensetzt, sch\u00fcttet dein Gehirn Dopamin aus, diese erstaunliche Substanz, die deine Stimmung, dein Ged\u00e4chtnis und deine Motivation positiv beeinflusst.<\/span><\/p>\n<p><span style=\"font-weight: 400;\">Dar\u00fcber hinaus genie\u00dft du viele weitere Vorteile, wie zum Beispiel:<\/span><\/p>\n<ul>\n<li><span style=\"font-weight: 400;\">Training des Kurzzeitged\u00e4chtnisses<\/span><\/li>\n<li><span style=\"font-weight: 400;\">Stressabbau.<\/span><\/li>\n<li><span style=\"font-weight: 400;\">Verbesserter Schlaf.<\/span><\/li>\n<li><span style=\"font-weight: 400;\">Verbesserte Aufmerksamkeit f\u00fcr Details.<\/span><\/li>\n<li><span style=\"font-weight: 400;\">Ausdauer trainieren.<\/span><\/li>\n<li><span style=\"font-weight: 400;\">Verbessere deine Probleml\u00f6sungsf\u00e4higkeiten.<\/span><\/li>\n<\/ul>\n<p><strong>Wei\u00dft du, wer Pieter Brueghel der J\u00fcngere war?<\/strong><\/p>\n<p><span style=\"font-weight: 400;\">Fl\u00e4mischer Maler, der im 16. Jahrhundert geboren wurde und Werke mit rustikalen Themen sowie religi\u00f6se und H\u00f6llenvisionen schuf.<\/span><\/p>\n<p><span style=\"font-weight: 400;\">Er war der Sohn von <\/span><span style=\"font-weight: 400;\">Pieter Bruegel der \u00c4ltere und verbrachte die meiste Zeit seiner Karriere damit, Kopien der Gem\u00e4lde seines Vaters anzufertigen.<\/span><\/p>\n<p><span style=\"font-weight: 400;\">Sein Vater starb, als er erst 5 Jahre alt war und seine Mallehrerin war seine Gro\u00dfmutter, die Miniaturistin Maria Verhulst.<\/span><\/p>\n<p><span style=\"font-weight: 400;\">Wegen seiner Leidenschaft f\u00fcr biblische Geschichten und Szenen, die die Schrecken der H\u00f6lle und des J\u00fcngsten Gerichts darstellen, wurde Brueghel als &#8222;Brueghel der H\u00f6lle&#8220; bezeichnet.<\/span><\/p>\n<p><span style=\"font-weight: 400;\">Auch Pieter Brueghel der J\u00fcngere lie\u00df sich vom Leben der einfachen Leute inspirieren und schuf herausragende Gem\u00e4lde, die das Leben und die Br\u00e4uche des 16. Jahrhunderts beleuchten, die wir sonst nicht kennen w\u00fcrden.<\/span><\/p>\n<p><strong>Pieter Brueghel der J\u00fcngere &#8211; Christus, der das Kreuz tr\u00e4gt 1000 Teile Puzzle verbindet dich mit deinen Liebsten<\/strong><\/p>\n<p><span style=\"font-weight: 400;\">W\u00e4hle dieses tolle Kunstpuzzle, um Zeit mit deiner Familie oder deinen Freunden zu verbringen. Das Kunstpuzzle &#8222;Pieter Brueghel der J\u00fcngere &#8211; Christus tr\u00e4gt das Kreuz&#8220; ist die ideale Ausrede, um eine effektive Kommunikation mit deinen Kindern im Teenageralter zu beginnen. Schaffe eine angenehme Atmosph\u00e4re und komme deinen Kindern n\u00e4her. Au\u00dferdem lernst du, gemeinsam auf ein Ziel hinzuarbeiten und dich \u00fcber den Erfolg zu freuen, wenn die Aufgabe erledigt ist.<\/span><\/p>\n<p><span style=\"font-weight: 400;\">Kaufe das 1000-teilige Puzzle Pieter Brueghel der J\u00fcngere &#8211; Christus, der das Kreuz tr\u00e4gt\/Hristos portat\u00e2nd la croce aus der Kunstpuzzle-Kollektion und genie\u00dfe alle Vorteile, die ein Puzzlespiel zu bieten hat. Erstelle deine eigene Sammlung von Kunst-Puzzle-Bildern, indem du alle 1000-teiligen Puzzles mit Bildern aus den Meisterwerken der Bruegel-Dynastie in unserer Sammlung entdeckst <\/span><\/p>\n<p><span style=\"font-weight: 400;\">Hast du Freunde, die Puzzlespiele oder Kunstgem\u00e4lde lieben? Pieter Brueghel der J\u00fcngere &#8211; Christus tr\u00e4gt das Kreuz 1000 Teile Puzzle ist ein ideales Geschenk f\u00fcr sie.<\/span><\/p>\n","protected":false},"excerpt":{"rendered":"<p>Bist du von Kunst fasziniert und m\u00f6chtest du die ber\u00fchmtesten Gem\u00e4lde der Welt im Detail entdecken? W\u00e4hle das 1000-teilige Puzzle<\/p>\n","protected":false},"featured_media":48807,"template":"","meta":[],"product_brand":[],"product_cat":[1916,1875,1915],"product_tag":[],"class_list":{"0":"post-39178","1":"product","2":"type-product","3":"status-publish","4":"has-post-thumbnail","6":"product_cat-1000-teile-puzzle","7":"product_cat-puzzle-de","8":"product_cat-puzzlespiele-fur-erwachsene","9":"pa_brand-deico-de","10":"pa_country_of_manufacture-ro-de","11":"pa_filter_age-14-de","12":"pa_painter-pieterbreugheltheyounger-de","13":"pa_tip_ambalaj-kasten-a4-de","14":"pa_tip_puzzle-klassisch","16":"first","17":"instock","18":"taxable","19":"shipping-taxable","20":"product-type-simple"},"yoast_head":"<!-- This site is optimized with the Yoast SEO plugin v20.1 - https:\/\/yoast.com\/wordpress\/plugins\/seo\/ -->\n<title>Pieter Bruegel der J\u00fcngere - Christus, der das Kreuz tr\u00e4gt 1000 Teile Puzzle f\u00fcr Erwachsene<\/title>\n<meta name=\"description\" content=\"Pieter Bruegel der J\u00fcngere - Christus, der das Kreuz tr\u00e4gt 1000 Teile Puzzle f\u00fcr Erwachsene\" \/>\n<meta name=\"robots\" content=\"index, follow, max-snippet:-1, max-image-preview:large, max-video-preview:-1\" \/>\n<link rel=\"canonical\" href=\"https:\/\/business.roovi.com\/de\/pieter-bruegel-der-jungere-christus-der-das-kreuz-tragt-1000-teile-puzzle-fur-erwachsene\/p\/\" \/>\n<meta property=\"og:locale\" content=\"de_DE\" \/>\n<meta property=\"og:type\" content=\"article\" \/>\n<meta property=\"og:title\" content=\"Pieter Bruegel der J\u00fcngere - Christus, der das Kreuz tr\u00e4gt 1000 Teile Puzzle f\u00fcr Erwachsene\" \/>\n<meta property=\"og:description\" content=\"Pieter Bruegel der J\u00fcngere - Christus, der das Kreuz tr\u00e4gt 1000 Teile Puzzle f\u00fcr Erwachsene\" \/>\n<meta property=\"og:url\" content=\"https:\/\/business.roovi.com\/de\/pieter-bruegel-der-jungere-christus-der-das-kreuz-tragt-1000-teile-puzzle-fur-erwachsene\/p\/\" \/>\n<meta property=\"og:site_name\" content=\"Roovi B2B\" \/>\n<meta property=\"article:publisher\" content=\"https:\/\/www.facebook.com\/wwwjucariero\" \/>\n<meta property=\"article:modified_time\" content=\"2022-12-01T12:21:00+00:00\" \/>\n<meta property=\"og:image\" content=\"https:\/\/business.roovi.com\/wp-content\/uploads\/2020\/04\/breughel_the_younger-christ_carrying_the_cross_copy.jpg\" \/>\n\t<meta property=\"og:image:width\" content=\"1200\" \/>\n\t<meta property=\"og:image:height\" content=\"1200\" \/>\n\t<meta property=\"og:image:type\" content=\"image\/jpeg\" \/>\n<meta name=\"twitter:label1\" content=\"Gesch\u00e4tzte Lesezeit\" \/>\n\t<meta name=\"twitter:data1\" content=\"4\u00a0Minuten\" \/>\n<script type=\"application\/ld+json\" class=\"yoast-schema-graph\">{\"@context\":\"https:\/\/schema.org\",\"@graph\":[{\"@type\":\"WebPage\",\"@id\":\"https:\/\/business.roovi.com\/de\/pieter-bruegel-der-jungere-christus-der-das-kreuz-tragt-1000-teile-puzzle-fur-erwachsene\/p\/\",\"url\":\"https:\/\/business.roovi.com\/de\/pieter-bruegel-der-jungere-christus-der-das-kreuz-tragt-1000-teile-puzzle-fur-erwachsene\/p\/\",\"name\":\"Pieter Bruegel der J\u00fcngere - Christus, der das Kreuz tr\u00e4gt 1000 Teile Puzzle f\u00fcr Erwachsene\",\"isPartOf\":{\"@id\":\"https:\/\/business.roovi.com\/de\/#website\"},\"datePublished\":\"2020-04-22T12:15:41+00:00\",\"dateModified\":\"2022-12-01T12:21:00+00:00\",\"description\":\"Pieter Bruegel der J\u00fcngere - Christus, der das Kreuz tr\u00e4gt 1000 Teile Puzzle f\u00fcr Erwachsene\",\"breadcrumb\":{\"@id\":\"https:\/\/business.roovi.com\/de\/pieter-bruegel-der-jungere-christus-der-das-kreuz-tragt-1000-teile-puzzle-fur-erwachsene\/p\/#breadcrumb\"},\"inLanguage\":\"de\",\"potentialAction\":[{\"@type\":\"ReadAction\",\"target\":[\"https:\/\/business.roovi.com\/de\/pieter-bruegel-der-jungere-christus-der-das-kreuz-tragt-1000-teile-puzzle-fur-erwachsene\/p\/\"]}]},{\"@type\":\"BreadcrumbList\",\"@id\":\"https:\/\/business.roovi.com\/de\/pieter-bruegel-der-jungere-christus-der-das-kreuz-tragt-1000-teile-puzzle-fur-erwachsene\/p\/#breadcrumb\",\"itemListElement\":[{\"@type\":\"ListItem\",\"position\":1,\"name\":\"Home\",\"item\":\"https:\/\/business.roovi.com\/de\/\"},{\"@type\":\"ListItem\",\"position\":2,\"name\":\"Shop\",\"item\":\"https:\/\/business.roovi.com\/de\/shop\/\"},{\"@type\":\"ListItem\",\"position\":3,\"name\":\"Pieter Bruegel der J\u00fcngere &#8211; Christus, der das Kreuz tr\u00e4gt 1000 Teile Puzzle f\u00fcr Erwachsene\"}]},{\"@type\":\"WebSite\",\"@id\":\"https:\/\/business.roovi.com\/de\/#website\",\"url\":\"https:\/\/business.roovi.com\/de\/\",\"name\":\"Roovi B2B\",\"description\":\"Roovi Business Website\",\"potentialAction\":[{\"@type\":\"SearchAction\",\"target\":{\"@type\":\"EntryPoint\",\"urlTemplate\":\"https:\/\/business.roovi.com\/de\/?s={search_term_string}\"},\"query-input\":\"required name=search_term_string\"}],\"inLanguage\":\"de\"}]}<\/script>\n<!-- \/ Yoast SEO plugin. -->","yoast_head_json":{"title":"Pieter Bruegel der J\u00fcngere - Christus, der das Kreuz tr\u00e4gt 1000 Teile Puzzle f\u00fcr Erwachsene","description":"Pieter Bruegel der J\u00fcngere - Christus, der das Kreuz tr\u00e4gt 1000 Teile Puzzle f\u00fcr Erwachsene","robots":{"index":"index","follow":"follow","max-snippet":"max-snippet:-1","max-image-preview":"max-image-preview:large","max-video-preview":"max-video-preview:-1"},"canonical":"https:\/\/business.roovi.com\/de\/pieter-bruegel-der-jungere-christus-der-das-kreuz-tragt-1000-teile-puzzle-fur-erwachsene\/p\/","og_locale":"de_DE","og_type":"article","og_title":"Pieter Bruegel der J\u00fcngere - Christus, der das Kreuz tr\u00e4gt 1000 Teile Puzzle f\u00fcr Erwachsene","og_description":"Pieter Bruegel der J\u00fcngere - Christus, der das Kreuz tr\u00e4gt 1000 Teile Puzzle f\u00fcr Erwachsene","og_url":"https:\/\/business.roovi.com\/de\/pieter-bruegel-der-jungere-christus-der-das-kreuz-tragt-1000-teile-puzzle-fur-erwachsene\/p\/","og_site_name":"Roovi B2B","article_publisher":"https:\/\/www.facebook.com\/wwwjucariero","article_modified_time":"2022-12-01T12:21:00+00:00","og_image":[{"width":1200,"height":1200,"url":"https:\/\/business.roovi.com\/wp-content\/uploads\/2020\/04\/breughel_the_younger-christ_carrying_the_cross_copy.jpg","type":"image\/jpeg"}],"twitter_misc":{"Gesch\u00e4tzte Lesezeit":"4\u00a0Minuten"},"schema":{"@context":"https:\/\/schema.org","@graph":[{"@type":"WebPage","@id":"https:\/\/business.roovi.com\/de\/pieter-bruegel-der-jungere-christus-der-das-kreuz-tragt-1000-teile-puzzle-fur-erwachsene\/p\/","url":"https:\/\/business.roovi.com\/de\/pieter-bruegel-der-jungere-christus-der-das-kreuz-tragt-1000-teile-puzzle-fur-erwachsene\/p\/","name":"Pieter Bruegel der J\u00fcngere - Christus, der das Kreuz tr\u00e4gt 1000 Teile Puzzle f\u00fcr Erwachsene","isPartOf":{"@id":"https:\/\/business.roovi.com\/de\/#website"},"datePublished":"2020-04-22T12:15:41+00:00","dateModified":"2022-12-01T12:21:00+00:00","description":"Pieter Bruegel der J\u00fcngere - Christus, der das Kreuz tr\u00e4gt 1000 Teile Puzzle f\u00fcr Erwachsene","breadcrumb":{"@id":"https:\/\/business.roovi.com\/de\/pieter-bruegel-der-jungere-christus-der-das-kreuz-tragt-1000-teile-puzzle-fur-erwachsene\/p\/#breadcrumb"},"inLanguage":"de","potentialAction":[{"@type":"ReadAction","target":["https:\/\/business.roovi.com\/de\/pieter-bruegel-der-jungere-christus-der-das-kreuz-tragt-1000-teile-puzzle-fur-erwachsene\/p\/"]}]},{"@type":"BreadcrumbList","@id":"https:\/\/business.roovi.com\/de\/pieter-bruegel-der-jungere-christus-der-das-kreuz-tragt-1000-teile-puzzle-fur-erwachsene\/p\/#breadcrumb","itemListElement":[{"@type":"ListItem","position":1,"name":"Home","item":"https:\/\/business.roovi.com\/de\/"},{"@type":"ListItem","position":2,"name":"Shop","item":"https:\/\/business.roovi.com\/de\/shop\/"},{"@type":"ListItem","position":3,"name":"Pieter Bruegel der J\u00fcngere &#8211; Christus, der das Kreuz tr\u00e4gt 1000 Teile Puzzle f\u00fcr Erwachsene"}]},{"@type":"WebSite","@id":"https:\/\/business.roovi.com\/de\/#website","url":"https:\/\/business.roovi.com\/de\/","name":"Roovi B2B","description":"Roovi Business Website","potentialAction":[{"@type":"SearchAction","target":{"@type":"EntryPoint","urlTemplate":"https:\/\/business.roovi.com\/de\/?s={search_term_string}"},"query-input":"required name=search_term_string"}],"inLanguage":"de"}]}},"_links":{"self":[{"href":"https:\/\/business.roovi.com\/de\/wp-json\/wp\/v2\/product\/39178","targetHints":{"allow":["GET"]}}],"collection":[{"href":"https:\/\/business.roovi.com\/de\/wp-json\/wp\/v2\/product"}],"about":[{"href":"https:\/\/business.roovi.com\/de\/wp-json\/wp\/v2\/types\/product"}],"version-history":[{"count":0,"href":"https:\/\/business.roovi.com\/de\/wp-json\/wp\/v2\/product\/39178\/revisions"}],"wp:featuredmedia":[{"embeddable":true,"href":"https:\/\/business.roovi.com\/de\/wp-json\/wp\/v2\/media\/48807"}],"wp:attachment":[{"href":"https:\/\/business.roovi.com\/de\/wp-json\/wp\/v2\/media?parent=39178"}],"wp:term":[{"taxonomy":"product_brand","embeddable":true,"href":"https:\/\/business.roovi.com\/de\/wp-json\/wp\/v2\/product_brand?post=39178"},{"taxonomy":"product_cat","embeddable":true,"href":"https:\/\/business.roovi.com\/de\/wp-json\/wp\/v2\/product_cat?post=39178"},{"taxonomy":"product_tag","embeddable":true,"href":"https:\/\/business.roovi.com\/de\/wp-json\/wp\/v2\/product_tag?post=39178"}],"curies":[{"name":"wp","href":"https:\/\/api.w.org\/{rel}","templated":true}]}}