{"id":39182,"date":"2020-04-22T12:00:18","date_gmt":"2020-04-22T12:00:18","guid":{"rendered":"https:\/\/business.roovi.com\/puzzle-adulti-1000-piese-pieter-bruegel-cel-tanar-winter-landscape-with-skaters-and-birds-trap\/p\/"},"modified":"2022-12-01T12:22:42","modified_gmt":"2022-12-01T12:22:42","slug":"pieter-bruegel-der-jungere-winterlandschaft-mit-schlittschuhlaufern-und-vogelfalle-1000-teile-puzzle-fur-erwachsene","status":"publish","type":"product","link":"https:\/\/business.roovi.com\/de\/pieter-bruegel-der-jungere-winterlandschaft-mit-schlittschuhlaufern-und-vogelfalle-1000-teile-puzzle-fur-erwachsene\/p\/","title":{"rendered":"Pieter Bruegel der J\u00fcngere &#8211; Winterlandschaft mit Schlittschuhl\u00e4ufern und Vogelfalle &#8211; 1000 Teile Puzzle f\u00fcr Erwachsene"},"content":{"rendered":"<p><span style=\"font-weight: 400;\">Liebst du R\u00e4tsel und bist du bereit, dich einer neuen Herausforderung zu stellen, um deine F\u00e4higkeiten zu testen? W\u00e4hle aus unserer Kunstpuzzle-Kollektion mit ber\u00fchmten Gem\u00e4lden und baue aus dem 1000-Teile-Puzzle ein komplettes Kunstwerk.<\/span><\/p>\n<p><span style=\"font-weight: 400;\">Ein Gem\u00e4lde mit einer langen Geschichte, die bis ins 16. Jahrhundert zur\u00fcckreicht, ist unsere Empfehlung f\u00fcr dich, wenn du deine F\u00e4higkeiten \u00fcben und ein ber\u00fchmtes Meisterwerk der Kunst nachstellen willst. Pieter Bruegel der J\u00fcngere &#8211; Winterlandschaft mit Schlittschuhl\u00e4ufern und Vogelfalle Das 1000-teilige Puzzle zeigt ein Winterbild, das der K\u00fcnstler nach dem Gem\u00e4lde seines Vaters, Bruegel dem \u00c4lteren, reproduziert hat <\/span><\/p>\n<p><span style=\"font-weight: 400;\">Das 1000-teilige Puzzle zeigt eine l\u00e4ndliche Szene mit Menschen, die auf einem gefrorenen Fluss Schlittschuh laufen, w\u00e4hrend sich zwischen B\u00e4umen und B\u00fcschen V\u00f6gel um eine Vogelfalle versammeln. Dies ist das ber\u00fchmteste Gem\u00e4lde der Bruegel-Dynastie &#8211; einer Familie, die viele talentierte Maler hervorgebracht hat <\/span><\/p>\n<p><span style=\"font-weight: 400;\">Setze das 1000-teilige Puzzle Pieter Bruegel der J\u00fcngere &#8211; Winterlandschaft mit Schlittschuhl\u00e4ufern und Vogelfalle zusammen und erfasse die innovativen Landschaftsdetails, die Pieter Bruegel der \u00c4ltere in das Originalgem\u00e4lde eingef\u00fcgt hat.<\/span><\/p>\n<p><span style=\"font-weight: 400;\">Lies mehr \u00fcber Pieter Bruegel den J\u00fcngeren &#8211; Winterlandschaft mit Schlittschuhl\u00e4ufern und Vogelfalle Kunstr\u00e4tsel unten:<\/span><\/p>\n<p><strong>Gr\u00f6\u00dfe des rekonstruierten Bildes: 50 x 70 cm.<\/strong><\/p>\n<p><strong>Puzzle-Material <\/strong><\/p>\n<p><strong>hochwertiger blauer Karton<\/strong><\/p>\n<p><strong>nachhaltige, recycelbare Materialien<\/strong><\/p>\n<p><strong>halbgl\u00e4nzende Oberfl\u00e4che, leuchtende Farben<\/strong><\/p>\n<p><strong>Anzahl der Puzzleteile: 1000<\/strong><\/p>\n<p><strong>Empfohlenes Alter: 14+<\/strong><\/p>\n<p><strong>Finde die L\u00f6sung f\u00fcr das 1000-Teile-Puzzle und genie\u00dfe alle Vorteile, die ein Puzzlespiel zu bieten hat!<\/strong><\/p>\n<p><span style=\"font-weight: 400;\">Es ist eine kreative und lohnende T\u00e4tigkeit, aus 1000 Teilen ein atemberaubendes Kunstwerk zusammenzusetzen:<\/span><\/p>\n<p><span style=\"font-weight: 400;\">Es trainiert deine Geschicklichkeit und Feinmotorik.<\/span><\/p>\n<p><span style=\"font-weight: 400;\">Es gibt den eint\u00f6nigen Momenten, in denen du nichts zu tun hast, einen Wert.<\/span><\/p>\n<p><span style=\"font-weight: 400;\">Es trennt dich von den Bildschirmen deiner mobilen Ger\u00e4te.<\/span><\/p>\n<p><span style=\"font-weight: 400;\">Es erh\u00f6ht deine Aufmerksamkeit f\u00fcr Details.<\/span><\/p>\n<p><span style=\"font-weight: 400;\">Hilft dir, dich auf eine einzige Aufgabe zu konzentrieren und sie zu erledigen.<\/span><\/p>\n<p><span style=\"font-weight: 400;\">Es trainiert deinen Geist und h\u00e4lt dein Gehirn aktiv.<\/span><\/p>\n<p><strong>Wusstest du schon von Pieter Bruegel dem J\u00fcngeren?&#8230;<\/strong><\/p>\n<p><span style=\"font-weight: 400;\">Er ist mehr f\u00fcr seine Reproduktionen der Werke seines Vaters, Pieter Bruegel des \u00c4lteren, als f\u00fcr seine eigenen Kreationen bekannt.<\/span><\/p>\n<p><span style=\"font-weight: 400;\">F\u00fcr <\/span><em><span style=\"font-weight: 400;\">Winterlandschaft mit Schlittschuhl\u00e4ufern und Vogelfalle <\/span><\/em><span style=\"font-weight: 400;\">hat er nicht weniger als 60 Kopien in seinem Atelier hergestellt.<\/span><\/p>\n<p><span style=\"font-weight: 400;\">In der Vergangenheit trug er den Spitznamen &#8222;Bruegel der H\u00f6lle&#8220; f\u00fcr einige seiner grotesken Gem\u00e4lde und fantastischen Darstellungen von Feuer. Heute werden diese Gem\u00e4lde seinem Bruder, Jan Brueghel dem \u00c4lteren, zugeschrieben.<\/span><\/p>\n<p><span style=\"font-weight: 400;\">Das von ihm gef\u00fchrte Atelier fertigte zahlreiche Kopien der Gem\u00e4lde seines Vaters an, die er im Land und auf der ganzen Welt verkaufte. Der Ruhm von Pieter Bruegel dem \u00c4lteren ist gr\u00f6\u00dftenteils auf ihn zur\u00fcckzuf\u00fchren.<\/span><\/p>\n<p><strong>Verbringt viel Zeit damit, die Kunstwerke im 1000-teiligen Puzzle zu vervollst\u00e4ndigen<\/strong><\/p>\n<p><span style=\"font-weight: 400;\">Das Nachmachen eines Kunstr\u00e4tsels ist eine gute Gelegenheit f\u00fcr Wissen und Wachstum. Bruegels Landschaft aus 1000 Teilen Puzzle Winterlandschaft mit Schlittschuhl\u00e4ufern und Vogelfalle l\u00e4dt dich ein, \u00fcber die Komplexit\u00e4t der Welt nachzudenken.<\/span><\/p>\n<p><span style=\"font-weight: 400;\">Unvorsichtige V\u00f6gel sind bereit, den f\u00fcr sie aufgestellten Fallen zum Opfer zu fallen. Auch unvorsichtige Schlittschuhl\u00e4ufer laufen \u00fcber das Eis, ohne das Loch im See zu sehen, das eine gef\u00e4hrliche Falle f\u00fcr sie sein k\u00f6nnte. Setze jedes Teil des 1000-Puzzles an seinen Platz und entdecke diese subtile Botschaft der Gleichg\u00fcltigkeit der Kreaturen gegen\u00fcber den Gefahren, die \u00fcberall lauern <\/span><\/p>\n<p><span style=\"font-weight: 400;\">Kaufe Pieter Bruegel der J\u00fcngere &#8211; Winterlandschaft mit Schlittschuhl\u00e4ufern und Vogelfalle 1000 Teile Puzzle aus unserer Kunstpuzzle-Kollektion und stelle ein Wintergem\u00e4lde aus dem 16. Lass das Bild einrahmen und bewundere jeden Tag ein atemberaubendes Meisterwerk der Kunst.<\/span><\/p>\n<p><span style=\"font-weight: 400;\">Willst du einen R\u00e4tselfreund \u00fcberraschen? Verschenke das Kunstpuzzle Pieter Bruegel der J\u00fcngere &#8211; Winterlandschaft mit Schlittschuhl\u00e4ufern und Vogelfalle.<\/span><\/p>\n","protected":false},"excerpt":{"rendered":"<p>Liebst du R\u00e4tsel und bist du bereit, dich einer neuen Herausforderung zu stellen, um deine F\u00e4higkeiten zu testen? W\u00e4hle aus<\/p>\n","protected":false},"featured_media":48805,"template":"","meta":[],"product_brand":[],"product_cat":[1916,1875,1915],"product_tag":[],"class_list":{"0":"post-39182","1":"product","2":"type-product","3":"status-publish","4":"has-post-thumbnail","6":"product_cat-1000-teile-puzzle","7":"product_cat-puzzle-de","8":"product_cat-puzzlespiele-fur-erwachsene","9":"pa_brand-deico-de","10":"pa_country_of_manufacture-ro-de","11":"pa_filter_age-14-de","12":"pa_painter-pieterbreugheltheyounger-de","13":"pa_tip_ambalaj-kasten-a4-de","14":"pa_tip_puzzle-klassisch","16":"first","17":"instock","18":"taxable","19":"shipping-taxable","20":"product-type-simple"},"yoast_head":"<!-- This site is optimized with the Yoast SEO plugin v20.1 - https:\/\/yoast.com\/wordpress\/plugins\/seo\/ -->\n<title>Pieter Bruegel der J\u00fcngere - Winterlandschaft mit Schlittschuhl\u00e4ufern und Vogelfalle - 1000 Teile Puzzle f\u00fcr Erwachsene<\/title>\n<meta name=\"description\" content=\"Pieter Bruegel der J\u00fcngere - Winterlandschaft mit Schlittschuhl\u00e4ufern und Vogelfalle - 1000 Teile Puzzle f\u00fcr Erwachsene\" \/>\n<meta name=\"robots\" content=\"index, follow, max-snippet:-1, max-image-preview:large, max-video-preview:-1\" \/>\n<link rel=\"canonical\" href=\"https:\/\/business.roovi.com\/de\/pieter-bruegel-der-jungere-winterlandschaft-mit-schlittschuhlaufern-und-vogelfalle-1000-teile-puzzle-fur-erwachsene\/p\/\" \/>\n<meta property=\"og:locale\" content=\"de_DE\" \/>\n<meta property=\"og:type\" content=\"article\" \/>\n<meta property=\"og:title\" content=\"Pieter Bruegel der J\u00fcngere - Winterlandschaft mit Schlittschuhl\u00e4ufern und Vogelfalle - 1000 Teile Puzzle f\u00fcr Erwachsene\" \/>\n<meta property=\"og:description\" content=\"Pieter Bruegel der J\u00fcngere - Winterlandschaft mit Schlittschuhl\u00e4ufern und Vogelfalle - 1000 Teile Puzzle f\u00fcr Erwachsene\" \/>\n<meta property=\"og:url\" content=\"https:\/\/business.roovi.com\/de\/pieter-bruegel-der-jungere-winterlandschaft-mit-schlittschuhlaufern-und-vogelfalle-1000-teile-puzzle-fur-erwachsene\/p\/\" \/>\n<meta property=\"og:site_name\" content=\"Roovi B2B\" \/>\n<meta property=\"article:publisher\" content=\"https:\/\/www.facebook.com\/wwwjucariero\" \/>\n<meta property=\"article:modified_time\" content=\"2022-12-01T12:22:42+00:00\" \/>\n<meta property=\"og:image\" content=\"https:\/\/business.roovi.com\/wp-content\/uploads\/2020\/04\/breughel_the_younger-winterlandscape_with_a_bird-trap_copy.jpg\" \/>\n\t<meta property=\"og:image:width\" content=\"1200\" \/>\n\t<meta property=\"og:image:height\" content=\"1200\" \/>\n\t<meta property=\"og:image:type\" content=\"image\/jpeg\" \/>\n<meta name=\"twitter:label1\" content=\"Gesch\u00e4tzte Lesezeit\" \/>\n\t<meta name=\"twitter:data1\" content=\"4\u00a0Minuten\" \/>\n<script type=\"application\/ld+json\" class=\"yoast-schema-graph\">{\"@context\":\"https:\/\/schema.org\",\"@graph\":[{\"@type\":\"WebPage\",\"@id\":\"https:\/\/business.roovi.com\/de\/pieter-bruegel-der-jungere-winterlandschaft-mit-schlittschuhlaufern-und-vogelfalle-1000-teile-puzzle-fur-erwachsene\/p\/\",\"url\":\"https:\/\/business.roovi.com\/de\/pieter-bruegel-der-jungere-winterlandschaft-mit-schlittschuhlaufern-und-vogelfalle-1000-teile-puzzle-fur-erwachsene\/p\/\",\"name\":\"Pieter Bruegel der J\u00fcngere - Winterlandschaft mit Schlittschuhl\u00e4ufern und Vogelfalle - 1000 Teile Puzzle f\u00fcr Erwachsene\",\"isPartOf\":{\"@id\":\"https:\/\/business.roovi.com\/de\/#website\"},\"datePublished\":\"2020-04-22T12:00:18+00:00\",\"dateModified\":\"2022-12-01T12:22:42+00:00\",\"description\":\"Pieter Bruegel der J\u00fcngere - Winterlandschaft mit Schlittschuhl\u00e4ufern und Vogelfalle - 1000 Teile Puzzle f\u00fcr Erwachsene\",\"breadcrumb\":{\"@id\":\"https:\/\/business.roovi.com\/de\/pieter-bruegel-der-jungere-winterlandschaft-mit-schlittschuhlaufern-und-vogelfalle-1000-teile-puzzle-fur-erwachsene\/p\/#breadcrumb\"},\"inLanguage\":\"de\",\"potentialAction\":[{\"@type\":\"ReadAction\",\"target\":[\"https:\/\/business.roovi.com\/de\/pieter-bruegel-der-jungere-winterlandschaft-mit-schlittschuhlaufern-und-vogelfalle-1000-teile-puzzle-fur-erwachsene\/p\/\"]}]},{\"@type\":\"BreadcrumbList\",\"@id\":\"https:\/\/business.roovi.com\/de\/pieter-bruegel-der-jungere-winterlandschaft-mit-schlittschuhlaufern-und-vogelfalle-1000-teile-puzzle-fur-erwachsene\/p\/#breadcrumb\",\"itemListElement\":[{\"@type\":\"ListItem\",\"position\":1,\"name\":\"Home\",\"item\":\"https:\/\/business.roovi.com\/de\/\"},{\"@type\":\"ListItem\",\"position\":2,\"name\":\"Shop\",\"item\":\"https:\/\/business.roovi.com\/de\/shop\/\"},{\"@type\":\"ListItem\",\"position\":3,\"name\":\"Pieter Bruegel der J\u00fcngere &#8211; Winterlandschaft mit Schlittschuhl\u00e4ufern und Vogelfalle &#8211; 1000 Teile Puzzle f\u00fcr Erwachsene\"}]},{\"@type\":\"WebSite\",\"@id\":\"https:\/\/business.roovi.com\/de\/#website\",\"url\":\"https:\/\/business.roovi.com\/de\/\",\"name\":\"Roovi B2B\",\"description\":\"Roovi Business Website\",\"potentialAction\":[{\"@type\":\"SearchAction\",\"target\":{\"@type\":\"EntryPoint\",\"urlTemplate\":\"https:\/\/business.roovi.com\/de\/?s={search_term_string}\"},\"query-input\":\"required name=search_term_string\"}],\"inLanguage\":\"de\"}]}<\/script>\n<!-- \/ Yoast SEO plugin. -->","yoast_head_json":{"title":"Pieter Bruegel der J\u00fcngere - Winterlandschaft mit Schlittschuhl\u00e4ufern und Vogelfalle - 1000 Teile Puzzle f\u00fcr Erwachsene","description":"Pieter Bruegel der J\u00fcngere - Winterlandschaft mit Schlittschuhl\u00e4ufern und Vogelfalle - 1000 Teile Puzzle f\u00fcr Erwachsene","robots":{"index":"index","follow":"follow","max-snippet":"max-snippet:-1","max-image-preview":"max-image-preview:large","max-video-preview":"max-video-preview:-1"},"canonical":"https:\/\/business.roovi.com\/de\/pieter-bruegel-der-jungere-winterlandschaft-mit-schlittschuhlaufern-und-vogelfalle-1000-teile-puzzle-fur-erwachsene\/p\/","og_locale":"de_DE","og_type":"article","og_title":"Pieter Bruegel der J\u00fcngere - Winterlandschaft mit Schlittschuhl\u00e4ufern und Vogelfalle - 1000 Teile Puzzle f\u00fcr Erwachsene","og_description":"Pieter Bruegel der J\u00fcngere - Winterlandschaft mit Schlittschuhl\u00e4ufern und Vogelfalle - 1000 Teile Puzzle f\u00fcr Erwachsene","og_url":"https:\/\/business.roovi.com\/de\/pieter-bruegel-der-jungere-winterlandschaft-mit-schlittschuhlaufern-und-vogelfalle-1000-teile-puzzle-fur-erwachsene\/p\/","og_site_name":"Roovi B2B","article_publisher":"https:\/\/www.facebook.com\/wwwjucariero","article_modified_time":"2022-12-01T12:22:42+00:00","og_image":[{"width":1200,"height":1200,"url":"https:\/\/business.roovi.com\/wp-content\/uploads\/2020\/04\/breughel_the_younger-winterlandscape_with_a_bird-trap_copy.jpg","type":"image\/jpeg"}],"twitter_misc":{"Gesch\u00e4tzte Lesezeit":"4\u00a0Minuten"},"schema":{"@context":"https:\/\/schema.org","@graph":[{"@type":"WebPage","@id":"https:\/\/business.roovi.com\/de\/pieter-bruegel-der-jungere-winterlandschaft-mit-schlittschuhlaufern-und-vogelfalle-1000-teile-puzzle-fur-erwachsene\/p\/","url":"https:\/\/business.roovi.com\/de\/pieter-bruegel-der-jungere-winterlandschaft-mit-schlittschuhlaufern-und-vogelfalle-1000-teile-puzzle-fur-erwachsene\/p\/","name":"Pieter Bruegel der J\u00fcngere - Winterlandschaft mit Schlittschuhl\u00e4ufern und Vogelfalle - 1000 Teile Puzzle f\u00fcr Erwachsene","isPartOf":{"@id":"https:\/\/business.roovi.com\/de\/#website"},"datePublished":"2020-04-22T12:00:18+00:00","dateModified":"2022-12-01T12:22:42+00:00","description":"Pieter Bruegel der J\u00fcngere - Winterlandschaft mit Schlittschuhl\u00e4ufern und Vogelfalle - 1000 Teile Puzzle f\u00fcr Erwachsene","breadcrumb":{"@id":"https:\/\/business.roovi.com\/de\/pieter-bruegel-der-jungere-winterlandschaft-mit-schlittschuhlaufern-und-vogelfalle-1000-teile-puzzle-fur-erwachsene\/p\/#breadcrumb"},"inLanguage":"de","potentialAction":[{"@type":"ReadAction","target":["https:\/\/business.roovi.com\/de\/pieter-bruegel-der-jungere-winterlandschaft-mit-schlittschuhlaufern-und-vogelfalle-1000-teile-puzzle-fur-erwachsene\/p\/"]}]},{"@type":"BreadcrumbList","@id":"https:\/\/business.roovi.com\/de\/pieter-bruegel-der-jungere-winterlandschaft-mit-schlittschuhlaufern-und-vogelfalle-1000-teile-puzzle-fur-erwachsene\/p\/#breadcrumb","itemListElement":[{"@type":"ListItem","position":1,"name":"Home","item":"https:\/\/business.roovi.com\/de\/"},{"@type":"ListItem","position":2,"name":"Shop","item":"https:\/\/business.roovi.com\/de\/shop\/"},{"@type":"ListItem","position":3,"name":"Pieter Bruegel der J\u00fcngere &#8211; Winterlandschaft mit Schlittschuhl\u00e4ufern und Vogelfalle &#8211; 1000 Teile Puzzle f\u00fcr Erwachsene"}]},{"@type":"WebSite","@id":"https:\/\/business.roovi.com\/de\/#website","url":"https:\/\/business.roovi.com\/de\/","name":"Roovi B2B","description":"Roovi Business Website","potentialAction":[{"@type":"SearchAction","target":{"@type":"EntryPoint","urlTemplate":"https:\/\/business.roovi.com\/de\/?s={search_term_string}"},"query-input":"required name=search_term_string"}],"inLanguage":"de"}]}},"_links":{"self":[{"href":"https:\/\/business.roovi.com\/de\/wp-json\/wp\/v2\/product\/39182","targetHints":{"allow":["GET"]}}],"collection":[{"href":"https:\/\/business.roovi.com\/de\/wp-json\/wp\/v2\/product"}],"about":[{"href":"https:\/\/business.roovi.com\/de\/wp-json\/wp\/v2\/types\/product"}],"version-history":[{"count":0,"href":"https:\/\/business.roovi.com\/de\/wp-json\/wp\/v2\/product\/39182\/revisions"}],"wp:featuredmedia":[{"embeddable":true,"href":"https:\/\/business.roovi.com\/de\/wp-json\/wp\/v2\/media\/48805"}],"wp:attachment":[{"href":"https:\/\/business.roovi.com\/de\/wp-json\/wp\/v2\/media?parent=39182"}],"wp:term":[{"taxonomy":"product_brand","embeddable":true,"href":"https:\/\/business.roovi.com\/de\/wp-json\/wp\/v2\/product_brand?post=39182"},{"taxonomy":"product_cat","embeddable":true,"href":"https:\/\/business.roovi.com\/de\/wp-json\/wp\/v2\/product_cat?post=39182"},{"taxonomy":"product_tag","embeddable":true,"href":"https:\/\/business.roovi.com\/de\/wp-json\/wp\/v2\/product_tag?post=39182"}],"curies":[{"name":"wp","href":"https:\/\/api.w.org\/{rel}","templated":true}]}}