{"id":39186,"date":"2020-04-22T11:44:28","date_gmt":"2020-04-22T11:44:28","guid":{"rendered":"https:\/\/business.roovi.com\/puzzle-adulti-1000-piese-pieter-bruegel-cel-batran-the-numbering-at-bethlehem\/p\/"},"modified":"2022-07-06T12:39:06","modified_gmt":"2022-07-06T12:39:06","slug":"pieter-bruegel-der-altere-die-nummerierung-in-bethlehem-1000-teile-puzzle-fur-erwachsene","status":"publish","type":"product","link":"https:\/\/business.roovi.com\/de\/pieter-bruegel-der-altere-die-nummerierung-in-bethlehem-1000-teile-puzzle-fur-erwachsene\/p\/","title":{"rendered":"Pieter Bruegel der \u00c4ltere &#8211; Die Nummerierung in Bethlehem 1000 Teile Puzzle f\u00fcr Erwachsene"},"content":{"rendered":"<p><span style=\"font-weight: 400;font-size: 14px\">Bist du bereit f\u00fcr die gro\u00dfe Versammlung? Kaufe 1000-teilige Puzzles aus unserem Angebot an Kunstpuzzles und erstelle deine eigene Kunstsammlung!<\/span><\/p>\n<p><span style=\"font-weight: 400;font-size: 14px\">Wie w\u00e4re es, ein Bild des h\u00e4rtesten Winters in Europa seit 1565 in einem 1000-teiligen Puzzle-Gem\u00e4lde nachzustellen? Mit dem 1000-teiligen Puzzle Pieter Bruegel der \u00c4ltere &#8211; Die Numerierung in Bethlehem hast du die M\u00f6glichkeit dazu <\/span><\/p>\n<p><span style=\"font-weight: 400;font-size: 14px\">Der fl\u00e4mische Maler war der erste, der daran dachte, eine Winterlandschaft auf der Leinwand zu verewigen. Wir dachten, ein Puzzle mit diesem Bild w\u00fcrde Liebhaber von Puzzlespielen und Kunstgem\u00e4lden begeistern. Wir fordern dich heraus, dein erstes Kunstgem\u00e4lde mit diesem pr\u00e4chtigen Gem\u00e4lde aus dem 16. Du kannst einen normalen Couchtisch verwenden, um die St\u00fccke zu st\u00fctzen. Das rekonstruierte Bild ist 50 x 70 cm gro\u00df.<\/span><\/p>\n<p><span style=\"font-weight: 400;font-size: 14px\">Weitere Merkmale des Kunstr\u00e4tsels Pieter Bruegel der \u00c4ltere &#8211; Die Nummerierung in Bethlehem:<\/span><\/p>\n<p><span style=\"font-size: 14px\"><strong>Puzzle-Material <\/strong><\/span><\/p>\n<p><span style=\"font-size: 14px\"><strong>hochwertiger blauer Karton<\/strong><\/span><\/p>\n<p><span style=\"font-size: 14px\"><strong>nachhaltige, recycelbare Materialien<\/strong><\/span><\/p>\n<p><span style=\"font-size: 14px\"><strong>halbgl\u00e4nzende Oberfl\u00e4che, leuchtende Farben<\/strong><\/span><\/p>\n<p><span style=\"font-size: 14px\"><strong>Anzahl der Puzzleteile: 1000<\/strong><\/span><\/p>\n<p><span style=\"font-size: 14px\"><strong>Empfohlenes Alter: 14+<\/strong><\/span><\/p>\n<p><span style=\"font-size: 14px\"><strong>Kannst du dich nicht von den Bildschirmen fernhalten? Mit dem 1000-Teile-Puzzle wird das Unm\u00f6gliche m\u00f6glich!<\/strong><\/span><\/p>\n<p><span style=\"font-weight: 400;font-size: 14px\">F\u00fcr deine k\u00f6rperliche und geistige Gesundheit ist es wichtig, dich von den Bildschirmen deiner Smartphones zu l\u00f6sen. Puzzlespiele ziehen dich in ihren Bann und wenn du sie einmal entdeckt hast, wirst du nicht mehr davon lassen k\u00f6nnen. F\u00fcr die langweiligen Momente oder Wochenendtage, an denen dich das schlechte Wetter im Haus h\u00e4lt, sind Puzzlespiele dein bester Verb\u00fcndeter, um die Zeit konstruktiv zu verbringen.<\/span><\/p>\n<p><span style=\"font-weight: 400;font-size: 14px\">1000 Teile Puzzles haben viele \u00fcberraschende Vorteile. Hier sind einige von ihnen:<\/span><\/p>\n<ul>\n<li><span style=\"font-weight: 400;font-size: 14px\">Verbessertes Kurzzeitged\u00e4chtnis.<\/span><\/li>\n<li><span style=\"font-weight: 400;font-size: 14px\">Gesteigerte Konzentrationsf\u00e4higkeit <\/span><\/li>\n<li><span style=\"font-weight: 400;font-size: 14px\">Verbesserte Aufmerksamkeit f\u00fcr Details.<\/span><\/li>\n<li><span style=\"font-weight: 400;font-size: 14px\">Stimuliere die Fantasie.<\/span><\/li>\n<li><span style=\"font-weight: 400;font-size: 14px\">Effektiver Umgang mit stressigen Situationen und \u00c4ngsten.<\/span><\/li>\n<\/ul>\n<p><span style=\"font-size: 14px\"><strong>\u00dcber das Gem\u00e4lde <\/strong><strong><em>Die Nummerierung in Bethlehem <\/em><\/strong><strong>wusstest du das?<\/strong><\/span><\/p>\n<p><span style=\"font-weight: 400;font-size: 14px\">Es gilt als das weltweit erste Gem\u00e4lde einer verschneiten Landschaft.<\/span><\/p>\n<p><span style=\"font-weight: 400;font-size: 14px\">Der Maler behandelt ein biblisches Thema als ein zeitgen\u00f6ssisches Ereignis. Das Bild zeigt die schwangere Jungfrau Maria, die auf einem Esel reitet, begleitet von Josef.<\/span><\/p>\n<p><span style=\"font-weight: 400;font-size: 14px\">Jedes Detail und jede Gruppe, die auf dem Gem\u00e4lde dargestellt ist, k\u00f6nnte ein eigenes Kunstwerk sein. Die Bewegungen der Figuren auf dem Gem\u00e4lde sind mit fantastischer Pr\u00e4zision ausgef\u00fchrt.<\/span><\/p>\n<p><span style=\"font-weight: 400;font-size: 14px\">Pieter Brueghel der J\u00fcngere fertigte viele Kopien dieses Gem\u00e4ldes an. Eines davon wurde 2013 f\u00fcr 10 Millionen Dollar verkauft.<\/span><\/p>\n<p><span style=\"font-weight: 400;font-size: 14px\">Setze Tag f\u00fcr Tag Kunstpuzzle zusammen und du wirst dich f\u00fchlen:<\/span><\/p>\n<ul>\n<li><span style=\"font-size: 14px\"><strong>Mehr entspannt<\/strong><\/span><\/li>\n<li><span style=\"font-size: 14px\"><strong>Weniger gestresst<\/strong><\/span><\/li>\n<li><span style=\"font-size: 14px\"><strong>Du bist mehr mit dir selbst verbunden.<\/strong><\/span><\/li>\n<\/ul>\n<p><span style=\"font-size: 14px\"><span style=\"font-weight: 400\">Willst du ein Gem\u00e4lde voller Harmonie und Farbbalance bewundern?<\/span> <span style=\"font-weight: 400\">Jetzt 1000 Teile Puzzle kaufen<\/span><span style=\"font-weight: 400\"> Pieter Bruegel der \u00c4ltere &#8211; Die Nummerierung in Bethlehem<\/span><span style=\"font-weight: 400\">rekonstruiere das Bild und genie\u00dfe das wundersch\u00f6ne Bild in diesem Puzzlespiel <\/span><\/span><\/p>\n<p><span style=\"font-size: 14px\"><span style=\"font-weight: 400\">Kunst-Puzzle <\/span><span style=\"font-weight: 400\">Pieter Bruegel der \u00c4ltere &#8211; Die Nummerierung in Bethlehem<\/span><span style=\"font-weight: 400\">  kann ein gro\u00dfartiges Geschenk sein, wenn du einen geliebten Menschen an einem Jahrestag \u00fcberraschen m\u00f6chtest.<\/span><\/span><\/p><\/p>\n","protected":false},"excerpt":{"rendered":"<p>Bist du bereit f\u00fcr die gro\u00dfe Versammlung? Kaufe 1000-teilige Puzzles aus unserem Angebot an Kunstpuzzles und erstelle deine eigene Kunstsammlung!<\/p>\n","protected":false},"featured_media":63684,"template":"","meta":[],"product_brand":[],"product_cat":[1916,1875,1915],"product_tag":[],"class_list":{"0":"post-39186","1":"product","2":"type-product","3":"status-publish","4":"has-post-thumbnail","6":"product_cat-1000-teile-puzzle","7":"product_cat-puzzle-de","8":"product_cat-puzzlespiele-fur-erwachsene","9":"pa_brand-deico-de","10":"pa_country_of_manufacture-ro-de","11":"pa_filter_age-14-de","12":"pa_painter-pieterbreugeltheelder-de","13":"pa_tip_ambalaj-kasten-a4-de","14":"pa_tip_puzzle-klassisch","16":"first","17":"instock","18":"taxable","19":"shipping-taxable","20":"product-type-simple"},"yoast_head":"<!-- This site is optimized with the Yoast SEO plugin v20.1 - https:\/\/yoast.com\/wordpress\/plugins\/seo\/ -->\n<title>Pieter Bruegel der \u00c4ltere - Die Nummerierung in Bethlehem 1000 Teile Puzzle f\u00fcr Erwachsene<\/title>\n<meta name=\"description\" content=\"Pieter Bruegel der \u00c4ltere - Die Nummerierung in Bethlehem 1000 Teile Puzzle f\u00fcr Erwachsene\" \/>\n<meta name=\"robots\" content=\"index, follow, max-snippet:-1, max-image-preview:large, max-video-preview:-1\" \/>\n<link rel=\"canonical\" href=\"https:\/\/business.roovi.com\/de\/pieter-bruegel-der-altere-die-nummerierung-in-bethlehem-1000-teile-puzzle-fur-erwachsene\/p\/\" \/>\n<meta property=\"og:locale\" content=\"de_DE\" \/>\n<meta property=\"og:type\" content=\"article\" \/>\n<meta property=\"og:title\" content=\"Pieter Bruegel der \u00c4ltere - Die Nummerierung in Bethlehem 1000 Teile Puzzle f\u00fcr Erwachsene\" \/>\n<meta property=\"og:description\" content=\"Pieter Bruegel der \u00c4ltere - Die Nummerierung in Bethlehem 1000 Teile Puzzle f\u00fcr Erwachsene\" \/>\n<meta property=\"og:url\" content=\"https:\/\/business.roovi.com\/de\/pieter-bruegel-der-altere-die-nummerierung-in-bethlehem-1000-teile-puzzle-fur-erwachsene\/p\/\" \/>\n<meta property=\"og:site_name\" content=\"Roovi B2B\" \/>\n<meta property=\"article:publisher\" content=\"https:\/\/www.facebook.com\/wwwjucariero\" \/>\n<meta property=\"article:modified_time\" content=\"2022-07-06T12:39:06+00:00\" \/>\n<meta property=\"og:image\" content=\"https:\/\/business.roovi.com\/wp-content\/uploads\/2020\/04\/breughel_the_elder-the_numbering_at_bethlehem_copy.jpg\" \/>\n\t<meta property=\"og:image:width\" content=\"1200\" \/>\n\t<meta property=\"og:image:height\" content=\"1200\" \/>\n\t<meta property=\"og:image:type\" content=\"image\/jpeg\" \/>\n<meta name=\"twitter:label1\" content=\"Gesch\u00e4tzte Lesezeit\" \/>\n\t<meta name=\"twitter:data1\" content=\"2\u00a0Minuten\" \/>\n<script type=\"application\/ld+json\" class=\"yoast-schema-graph\">{\"@context\":\"https:\/\/schema.org\",\"@graph\":[{\"@type\":\"WebPage\",\"@id\":\"https:\/\/business.roovi.com\/de\/pieter-bruegel-der-altere-die-nummerierung-in-bethlehem-1000-teile-puzzle-fur-erwachsene\/p\/\",\"url\":\"https:\/\/business.roovi.com\/de\/pieter-bruegel-der-altere-die-nummerierung-in-bethlehem-1000-teile-puzzle-fur-erwachsene\/p\/\",\"name\":\"Pieter Bruegel der \u00c4ltere - Die Nummerierung in Bethlehem 1000 Teile Puzzle f\u00fcr Erwachsene\",\"isPartOf\":{\"@id\":\"https:\/\/business.roovi.com\/de\/#website\"},\"datePublished\":\"2020-04-22T11:44:28+00:00\",\"dateModified\":\"2022-07-06T12:39:06+00:00\",\"description\":\"Pieter Bruegel der \u00c4ltere - Die Nummerierung in Bethlehem 1000 Teile Puzzle f\u00fcr Erwachsene\",\"breadcrumb\":{\"@id\":\"https:\/\/business.roovi.com\/de\/pieter-bruegel-der-altere-die-nummerierung-in-bethlehem-1000-teile-puzzle-fur-erwachsene\/p\/#breadcrumb\"},\"inLanguage\":\"de\",\"potentialAction\":[{\"@type\":\"ReadAction\",\"target\":[\"https:\/\/business.roovi.com\/de\/pieter-bruegel-der-altere-die-nummerierung-in-bethlehem-1000-teile-puzzle-fur-erwachsene\/p\/\"]}]},{\"@type\":\"BreadcrumbList\",\"@id\":\"https:\/\/business.roovi.com\/de\/pieter-bruegel-der-altere-die-nummerierung-in-bethlehem-1000-teile-puzzle-fur-erwachsene\/p\/#breadcrumb\",\"itemListElement\":[{\"@type\":\"ListItem\",\"position\":1,\"name\":\"Home\",\"item\":\"https:\/\/business.roovi.com\/de\/\"},{\"@type\":\"ListItem\",\"position\":2,\"name\":\"Shop\",\"item\":\"https:\/\/business.roovi.com\/de\/shop\/\"},{\"@type\":\"ListItem\",\"position\":3,\"name\":\"Pieter Bruegel der \u00c4ltere &#8211; Die Nummerierung in Bethlehem 1000 Teile Puzzle f\u00fcr Erwachsene\"}]},{\"@type\":\"WebSite\",\"@id\":\"https:\/\/business.roovi.com\/de\/#website\",\"url\":\"https:\/\/business.roovi.com\/de\/\",\"name\":\"Roovi B2B\",\"description\":\"Roovi Business Website\",\"potentialAction\":[{\"@type\":\"SearchAction\",\"target\":{\"@type\":\"EntryPoint\",\"urlTemplate\":\"https:\/\/business.roovi.com\/de\/?s={search_term_string}\"},\"query-input\":\"required name=search_term_string\"}],\"inLanguage\":\"de\"}]}<\/script>\n<!-- \/ Yoast SEO plugin. -->","yoast_head_json":{"title":"Pieter Bruegel der \u00c4ltere - Die Nummerierung in Bethlehem 1000 Teile Puzzle f\u00fcr Erwachsene","description":"Pieter Bruegel der \u00c4ltere - Die Nummerierung in Bethlehem 1000 Teile Puzzle f\u00fcr Erwachsene","robots":{"index":"index","follow":"follow","max-snippet":"max-snippet:-1","max-image-preview":"max-image-preview:large","max-video-preview":"max-video-preview:-1"},"canonical":"https:\/\/business.roovi.com\/de\/pieter-bruegel-der-altere-die-nummerierung-in-bethlehem-1000-teile-puzzle-fur-erwachsene\/p\/","og_locale":"de_DE","og_type":"article","og_title":"Pieter Bruegel der \u00c4ltere - Die Nummerierung in Bethlehem 1000 Teile Puzzle f\u00fcr Erwachsene","og_description":"Pieter Bruegel der \u00c4ltere - Die Nummerierung in Bethlehem 1000 Teile Puzzle f\u00fcr Erwachsene","og_url":"https:\/\/business.roovi.com\/de\/pieter-bruegel-der-altere-die-nummerierung-in-bethlehem-1000-teile-puzzle-fur-erwachsene\/p\/","og_site_name":"Roovi B2B","article_publisher":"https:\/\/www.facebook.com\/wwwjucariero","article_modified_time":"2022-07-06T12:39:06+00:00","og_image":[{"width":1200,"height":1200,"url":"https:\/\/business.roovi.com\/wp-content\/uploads\/2020\/04\/breughel_the_elder-the_numbering_at_bethlehem_copy.jpg","type":"image\/jpeg"}],"twitter_misc":{"Gesch\u00e4tzte Lesezeit":"2\u00a0Minuten"},"schema":{"@context":"https:\/\/schema.org","@graph":[{"@type":"WebPage","@id":"https:\/\/business.roovi.com\/de\/pieter-bruegel-der-altere-die-nummerierung-in-bethlehem-1000-teile-puzzle-fur-erwachsene\/p\/","url":"https:\/\/business.roovi.com\/de\/pieter-bruegel-der-altere-die-nummerierung-in-bethlehem-1000-teile-puzzle-fur-erwachsene\/p\/","name":"Pieter Bruegel der \u00c4ltere - Die Nummerierung in Bethlehem 1000 Teile Puzzle f\u00fcr Erwachsene","isPartOf":{"@id":"https:\/\/business.roovi.com\/de\/#website"},"datePublished":"2020-04-22T11:44:28+00:00","dateModified":"2022-07-06T12:39:06+00:00","description":"Pieter Bruegel der \u00c4ltere - Die Nummerierung in Bethlehem 1000 Teile Puzzle f\u00fcr Erwachsene","breadcrumb":{"@id":"https:\/\/business.roovi.com\/de\/pieter-bruegel-der-altere-die-nummerierung-in-bethlehem-1000-teile-puzzle-fur-erwachsene\/p\/#breadcrumb"},"inLanguage":"de","potentialAction":[{"@type":"ReadAction","target":["https:\/\/business.roovi.com\/de\/pieter-bruegel-der-altere-die-nummerierung-in-bethlehem-1000-teile-puzzle-fur-erwachsene\/p\/"]}]},{"@type":"BreadcrumbList","@id":"https:\/\/business.roovi.com\/de\/pieter-bruegel-der-altere-die-nummerierung-in-bethlehem-1000-teile-puzzle-fur-erwachsene\/p\/#breadcrumb","itemListElement":[{"@type":"ListItem","position":1,"name":"Home","item":"https:\/\/business.roovi.com\/de\/"},{"@type":"ListItem","position":2,"name":"Shop","item":"https:\/\/business.roovi.com\/de\/shop\/"},{"@type":"ListItem","position":3,"name":"Pieter Bruegel der \u00c4ltere &#8211; Die Nummerierung in Bethlehem 1000 Teile Puzzle f\u00fcr Erwachsene"}]},{"@type":"WebSite","@id":"https:\/\/business.roovi.com\/de\/#website","url":"https:\/\/business.roovi.com\/de\/","name":"Roovi B2B","description":"Roovi Business Website","potentialAction":[{"@type":"SearchAction","target":{"@type":"EntryPoint","urlTemplate":"https:\/\/business.roovi.com\/de\/?s={search_term_string}"},"query-input":"required name=search_term_string"}],"inLanguage":"de"}]}},"_links":{"self":[{"href":"https:\/\/business.roovi.com\/de\/wp-json\/wp\/v2\/product\/39186","targetHints":{"allow":["GET"]}}],"collection":[{"href":"https:\/\/business.roovi.com\/de\/wp-json\/wp\/v2\/product"}],"about":[{"href":"https:\/\/business.roovi.com\/de\/wp-json\/wp\/v2\/types\/product"}],"version-history":[{"count":0,"href":"https:\/\/business.roovi.com\/de\/wp-json\/wp\/v2\/product\/39186\/revisions"}],"wp:featuredmedia":[{"embeddable":true,"href":"https:\/\/business.roovi.com\/de\/wp-json\/wp\/v2\/media\/63684"}],"wp:attachment":[{"href":"https:\/\/business.roovi.com\/de\/wp-json\/wp\/v2\/media?parent=39186"}],"wp:term":[{"taxonomy":"product_brand","embeddable":true,"href":"https:\/\/business.roovi.com\/de\/wp-json\/wp\/v2\/product_brand?post=39186"},{"taxonomy":"product_cat","embeddable":true,"href":"https:\/\/business.roovi.com\/de\/wp-json\/wp\/v2\/product_cat?post=39186"},{"taxonomy":"product_tag","embeddable":true,"href":"https:\/\/business.roovi.com\/de\/wp-json\/wp\/v2\/product_tag?post=39186"}],"curies":[{"name":"wp","href":"https:\/\/api.w.org\/{rel}","templated":true}]}}