{"id":39268,"date":"2019-10-31T09:40:00","date_gmt":"2019-10-31T09:40:00","guid":{"rendered":"https:\/\/business.roovi.com\/puzzle-adulti-1000-piese-david-katai-eszter-nature-tropical\/p\/"},"modified":"2022-07-06T12:49:17","modified_gmt":"2022-07-06T12:49:17","slug":"puzzle-fur-erwachsene-1000-teile-david-katai-eszter-natur-tropisch","status":"publish","type":"product","link":"https:\/\/business.roovi.com\/de\/puzzle-fur-erwachsene-1000-teile-david-katai-eszter-natur-tropisch\/p\/","title":{"rendered":"Puzzle f\u00fcr Erwachsene 1000 Teile D\u00e1vid-K\u00e1tai Eszter &#8211; Natur Tropisch"},"content":{"rendered":"<p><span style=\"font-weight: 400\">Magst du Puzzlespiele und glaubst du, dass du gut darin bist? Wir fordern dich heraus, das 1000-Teile-Puzzle mit einem animierten Bild der tropischen Natur zu l\u00f6sen, das der K\u00fcnstler <\/span><span style=\"font-weight: 400\">D\u00e1vid-K\u00e1tai Eszter. Dieses Puzzlespiel aktiviert all die F\u00e4higkeiten, die du im Laufe der Jahre beim Zusammensetzen verschiedener Puzzlemuster gesch\u00e4rft hast.<\/span><\/p>\n<p><span style=\"font-weight: 400\">Das 1000-teilige Puzzle Nature Tropical ist ein Bild mit vielen bunten Details: Bl\u00fctenbl\u00e4tter, Bl\u00e4tter, Blumen und winzige V\u00f6gel in leuchtenden Farben. Die F\u00fclle an Elementen in diesem R\u00e4tsel f\u00fcr Erwachsene k\u00f6nnte dich stundenlang fesseln, selbst wenn du ein Liebhaber von Puzzlespielen bist.<\/span><\/p>\n<p><span style=\"font-weight: 400\">Aber du kannst deine Kinder zur Hilfe rufen oder deine besten Freunde zu einem Abend voller kreativem Spa\u00df herausfordern. Mit ein wenig Hilfe wird die Zeit, die du brauchst, um sie zusammenzusetzen, geringer sein.<\/span><\/p>\n<p><span style=\"font-weight: 400\">Ein gew\u00f6hnlicher Couchtisch ist ideal, um die St\u00fccke zu tragen. Das fertige Bild ist 50 x 70 cm gro\u00df. Weitere Eigenschaften des Nature Tropical 1000 Teile Puzzles sind unten aufgef\u00fchrt:<\/span><\/p>\n<p><strong>Puzzle-Material <\/strong><\/p>\n<p><strong>hochwertiger blauer Karton<\/strong><\/p>\n<p><strong>nachhaltige, recycelbare Materialien<\/strong><\/p>\n<p><strong>halbgl\u00e4nzende Oberfl\u00e4che, leuchtende Farben<\/strong><\/p>\n<p><strong>Anzahl der Puzzleteile: 1000<\/strong><\/p>\n<p><strong>Empfohlenes Alter: 14+<\/strong><\/p>\n<p><strong>Puzzlespiele bieten Vorteile, die sich auf vielen Ebenen deines Lebens widerspiegeln:<\/strong><\/p>\n<p><span style=\"font-weight: 400\">Sie helfen dir, dich zu entspannen und dich von Gedanken und Sorgen zu l\u00f6sen.<\/span><\/p>\n<p><span style=\"font-weight: 400\">Verbessere die Aufmerksamkeit f\u00fcr Details.<\/span><\/p>\n<p><span style=\"font-weight: 400\">Stimuliere kritisches Denken.<\/span><\/p>\n<p><span style=\"font-weight: 400\">Trainiere deine F\u00e4higkeiten.<\/span><\/p>\n<p><span style=\"font-weight: 400\">Das kann eine Gelegenheit sein, Zeit mit der Familie zu verbringen.<\/span><\/p>\n<p><strong>Wusstest du, dass&#8230;?<\/strong><\/p>\n<p><span style=\"font-weight: 400\">Puzzlespiele regen die Aussch\u00fcttung von Dopamin an, dem Stoff, der f\u00fcr Gl\u00fcck und Wohlbefinden verantwortlich ist.<\/span><\/p>\n<p><span style=\"font-weight: 400\">Puzzles f\u00fcr Erwachsene sind ein hervorragendes Mittel zur F\u00f6rderung von Ged\u00e4chtnis und Konzentration.<\/span><\/p>\n<p><span style=\"font-weight: 400\">Die Wirkung, die R\u00e4tsel f\u00fcr Erwachsene auf den menschlichen Verstand haben, ist \u00e4hnlich wie die der Meditation.<\/span><\/p>\n<p><span style=\"font-weight: 400\">Versammlungsaktivit\u00e4t ist auch f\u00fcr \u00e4ltere Menschen von Vorteil und hilft, die Gesundheit des Gehirns zu erhalten.<\/span><\/p>\n<p><span style=\"font-weight: 400\">Es wurde festgestellt, dass Menschen, die mindestens 30 Minuten mit Puzzlespielen verbringen, ein geringeres Risiko haben, an Alzheimer oder Demenz zu erkranken.<\/span><\/p>\n<p><strong>Warum das 1000-Teile-Puzzle D\u00e1vid-K\u00e1tai Eszter w\u00e4hlen <\/strong><strong>&#8211; Tropische Natur?<\/strong><\/p>\n<p><span style=\"font-weight: 400\">Du hast die M\u00f6glichkeit, mit deinen eigenen H\u00e4nden ein echtes Kunstgem\u00e4lde aus einem 1000-teiligen Puzzle zu erstellen.<\/span><\/p>\n<p><span style=\"font-weight: 400\">Du trainierst deine Vorstellungskraft und deinen \u00e4sthetischen Sinn.<\/span><\/p>\n<p><span style=\"font-weight: 400\">Das ist die perfekte Gelegenheit, um mit deinen Liebsten ein bisschen kreativen Spa\u00df zu haben.<\/span><\/p>\n<p><span style=\"font-weight: 400\">Du trainierst dein Durchhalteverm\u00f6gen und lernst, nicht aufzugeben, egal wie schwierig eine Aufgabe erscheint.<\/span><\/p>\n<p><span style=\"font-weight: 400\">Du lebst in der Gegenwart und genie\u00dft jeden Moment des Erfolgs, wenn du die richtigen Teile zusammenf\u00fcgst.<\/span><\/p>\n<p><span style=\"font-weight: 400\">Kaufe das 1000-teilige Nature Tropical Puzzle und erlebe eine h\u00f6here Stufe der Aktivit\u00e4t des Zusammensetzens eines Puzzlespiels. Entdecke weitere Motive aus der Tropical-Puzzle-Serie und erstelle deine eigene Sammlung von atemberaubenden Bildern.<\/span><\/p>\n<p><span style=\"font-weight: 400\">Das 1000-teilige Puzzle Nature Tropical kann im Haus aufbewahrt und immer wieder neu erstellt werden, wenn du das Bed\u00fcrfnis nach einer intensiven Herausforderung versp\u00fcrst, oder du kannst es an Freunde verschenken, die Puzzlespiele lieben oder eine neue Aktivit\u00e4t ausprobieren wollen.<\/span><\/p><\/p>\n","protected":false},"excerpt":{"rendered":"<p>Magst du Puzzlespiele und glaubst du, dass du gut darin bist? Wir fordern dich heraus, das 1000-Teile-Puzzle mit einem animierten<\/p>\n","protected":false},"featured_media":48861,"template":"","meta":[],"product_brand":[],"product_cat":[1916,1875,1915],"product_tag":[],"class_list":{"0":"post-39268","1":"product","2":"type-product","3":"status-publish","4":"has-post-thumbnail","6":"product_cat-1000-teile-puzzle","7":"product_cat-puzzle-de","8":"product_cat-puzzlespiele-fur-erwachsene","9":"pa_brand-deico-de","10":"pa_country_of_manufacture-ro-de","11":"pa_filter_age-14-de","12":"pa_tip_ambalaj-kasten-a4-de","13":"pa_tip_puzzle-klassisch","15":"first","16":"instock","17":"taxable","18":"shipping-taxable","19":"product-type-simple"},"yoast_head":"<!-- This site is optimized with the Yoast SEO plugin v20.1 - https:\/\/yoast.com\/wordpress\/plugins\/seo\/ -->\n<title>Puzzle f\u00fcr Erwachsene 1000 Teile D\u00e1vid-K\u00e1tai Eszter - Natur Tropisch<\/title>\n<meta name=\"description\" content=\"Puzzle f\u00fcr Erwachsene 1000 Teile D\u00e1vid-K\u00e1tai Eszter - Natur Tropisch\" \/>\n<meta name=\"robots\" content=\"index, follow, max-snippet:-1, max-image-preview:large, max-video-preview:-1\" \/>\n<link rel=\"canonical\" href=\"https:\/\/business.roovi.com\/de\/puzzle-fur-erwachsene-1000-teile-david-katai-eszter-natur-tropisch\/p\/\" \/>\n<meta property=\"og:locale\" content=\"de_DE\" \/>\n<meta property=\"og:type\" content=\"article\" \/>\n<meta property=\"og:title\" content=\"Puzzle f\u00fcr Erwachsene 1000 Teile D\u00e1vid-K\u00e1tai Eszter - Natur Tropisch\" \/>\n<meta property=\"og:description\" content=\"Puzzle f\u00fcr Erwachsene 1000 Teile D\u00e1vid-K\u00e1tai Eszter - Natur Tropisch\" \/>\n<meta property=\"og:url\" content=\"https:\/\/business.roovi.com\/de\/puzzle-fur-erwachsene-1000-teile-david-katai-eszter-natur-tropisch\/p\/\" \/>\n<meta property=\"og:site_name\" content=\"Roovi B2B\" \/>\n<meta property=\"article:publisher\" content=\"https:\/\/www.facebook.com\/wwwjucariero\" \/>\n<meta property=\"article:modified_time\" content=\"2022-07-06T12:49:17+00:00\" \/>\n<meta property=\"og:image\" content=\"https:\/\/business.roovi.com\/wp-content\/uploads\/2019\/10\/puzzle_1000_nature_tropical-76427_250kb.jpg\" \/>\n\t<meta property=\"og:image:width\" content=\"1181\" \/>\n\t<meta property=\"og:image:height\" content=\"1181\" \/>\n\t<meta property=\"og:image:type\" content=\"image\/jpeg\" \/>\n<meta name=\"twitter:label1\" content=\"Gesch\u00e4tzte Lesezeit\" \/>\n\t<meta name=\"twitter:data1\" content=\"2\u00a0Minuten\" \/>\n<script type=\"application\/ld+json\" class=\"yoast-schema-graph\">{\"@context\":\"https:\/\/schema.org\",\"@graph\":[{\"@type\":\"WebPage\",\"@id\":\"https:\/\/business.roovi.com\/de\/puzzle-fur-erwachsene-1000-teile-david-katai-eszter-natur-tropisch\/p\/\",\"url\":\"https:\/\/business.roovi.com\/de\/puzzle-fur-erwachsene-1000-teile-david-katai-eszter-natur-tropisch\/p\/\",\"name\":\"Puzzle f\u00fcr Erwachsene 1000 Teile D\u00e1vid-K\u00e1tai Eszter - Natur Tropisch\",\"isPartOf\":{\"@id\":\"https:\/\/business.roovi.com\/de\/#website\"},\"datePublished\":\"2019-10-31T09:40:00+00:00\",\"dateModified\":\"2022-07-06T12:49:17+00:00\",\"description\":\"Puzzle f\u00fcr Erwachsene 1000 Teile D\u00e1vid-K\u00e1tai Eszter - Natur Tropisch\",\"breadcrumb\":{\"@id\":\"https:\/\/business.roovi.com\/de\/puzzle-fur-erwachsene-1000-teile-david-katai-eszter-natur-tropisch\/p\/#breadcrumb\"},\"inLanguage\":\"de\",\"potentialAction\":[{\"@type\":\"ReadAction\",\"target\":[\"https:\/\/business.roovi.com\/de\/puzzle-fur-erwachsene-1000-teile-david-katai-eszter-natur-tropisch\/p\/\"]}]},{\"@type\":\"BreadcrumbList\",\"@id\":\"https:\/\/business.roovi.com\/de\/puzzle-fur-erwachsene-1000-teile-david-katai-eszter-natur-tropisch\/p\/#breadcrumb\",\"itemListElement\":[{\"@type\":\"ListItem\",\"position\":1,\"name\":\"Home\",\"item\":\"https:\/\/business.roovi.com\/de\/\"},{\"@type\":\"ListItem\",\"position\":2,\"name\":\"Shop\",\"item\":\"https:\/\/business.roovi.com\/de\/shop\/\"},{\"@type\":\"ListItem\",\"position\":3,\"name\":\"Puzzle f\u00fcr Erwachsene 1000 Teile D\u00e1vid-K\u00e1tai Eszter &#8211; Natur Tropisch\"}]},{\"@type\":\"WebSite\",\"@id\":\"https:\/\/business.roovi.com\/de\/#website\",\"url\":\"https:\/\/business.roovi.com\/de\/\",\"name\":\"Roovi B2B\",\"description\":\"Roovi Business Website\",\"potentialAction\":[{\"@type\":\"SearchAction\",\"target\":{\"@type\":\"EntryPoint\",\"urlTemplate\":\"https:\/\/business.roovi.com\/de\/?s={search_term_string}\"},\"query-input\":\"required name=search_term_string\"}],\"inLanguage\":\"de\"}]}<\/script>\n<!-- \/ Yoast SEO plugin. -->","yoast_head_json":{"title":"Puzzle f\u00fcr Erwachsene 1000 Teile D\u00e1vid-K\u00e1tai Eszter - Natur Tropisch","description":"Puzzle f\u00fcr Erwachsene 1000 Teile D\u00e1vid-K\u00e1tai Eszter - Natur Tropisch","robots":{"index":"index","follow":"follow","max-snippet":"max-snippet:-1","max-image-preview":"max-image-preview:large","max-video-preview":"max-video-preview:-1"},"canonical":"https:\/\/business.roovi.com\/de\/puzzle-fur-erwachsene-1000-teile-david-katai-eszter-natur-tropisch\/p\/","og_locale":"de_DE","og_type":"article","og_title":"Puzzle f\u00fcr Erwachsene 1000 Teile D\u00e1vid-K\u00e1tai Eszter - Natur Tropisch","og_description":"Puzzle f\u00fcr Erwachsene 1000 Teile D\u00e1vid-K\u00e1tai Eszter - Natur Tropisch","og_url":"https:\/\/business.roovi.com\/de\/puzzle-fur-erwachsene-1000-teile-david-katai-eszter-natur-tropisch\/p\/","og_site_name":"Roovi B2B","article_publisher":"https:\/\/www.facebook.com\/wwwjucariero","article_modified_time":"2022-07-06T12:49:17+00:00","og_image":[{"width":1181,"height":1181,"url":"https:\/\/business.roovi.com\/wp-content\/uploads\/2019\/10\/puzzle_1000_nature_tropical-76427_250kb.jpg","type":"image\/jpeg"}],"twitter_misc":{"Gesch\u00e4tzte Lesezeit":"2\u00a0Minuten"},"schema":{"@context":"https:\/\/schema.org","@graph":[{"@type":"WebPage","@id":"https:\/\/business.roovi.com\/de\/puzzle-fur-erwachsene-1000-teile-david-katai-eszter-natur-tropisch\/p\/","url":"https:\/\/business.roovi.com\/de\/puzzle-fur-erwachsene-1000-teile-david-katai-eszter-natur-tropisch\/p\/","name":"Puzzle f\u00fcr Erwachsene 1000 Teile D\u00e1vid-K\u00e1tai Eszter - Natur Tropisch","isPartOf":{"@id":"https:\/\/business.roovi.com\/de\/#website"},"datePublished":"2019-10-31T09:40:00+00:00","dateModified":"2022-07-06T12:49:17+00:00","description":"Puzzle f\u00fcr Erwachsene 1000 Teile D\u00e1vid-K\u00e1tai Eszter - Natur Tropisch","breadcrumb":{"@id":"https:\/\/business.roovi.com\/de\/puzzle-fur-erwachsene-1000-teile-david-katai-eszter-natur-tropisch\/p\/#breadcrumb"},"inLanguage":"de","potentialAction":[{"@type":"ReadAction","target":["https:\/\/business.roovi.com\/de\/puzzle-fur-erwachsene-1000-teile-david-katai-eszter-natur-tropisch\/p\/"]}]},{"@type":"BreadcrumbList","@id":"https:\/\/business.roovi.com\/de\/puzzle-fur-erwachsene-1000-teile-david-katai-eszter-natur-tropisch\/p\/#breadcrumb","itemListElement":[{"@type":"ListItem","position":1,"name":"Home","item":"https:\/\/business.roovi.com\/de\/"},{"@type":"ListItem","position":2,"name":"Shop","item":"https:\/\/business.roovi.com\/de\/shop\/"},{"@type":"ListItem","position":3,"name":"Puzzle f\u00fcr Erwachsene 1000 Teile D\u00e1vid-K\u00e1tai Eszter &#8211; Natur Tropisch"}]},{"@type":"WebSite","@id":"https:\/\/business.roovi.com\/de\/#website","url":"https:\/\/business.roovi.com\/de\/","name":"Roovi B2B","description":"Roovi Business Website","potentialAction":[{"@type":"SearchAction","target":{"@type":"EntryPoint","urlTemplate":"https:\/\/business.roovi.com\/de\/?s={search_term_string}"},"query-input":"required name=search_term_string"}],"inLanguage":"de"}]}},"_links":{"self":[{"href":"https:\/\/business.roovi.com\/de\/wp-json\/wp\/v2\/product\/39268","targetHints":{"allow":["GET"]}}],"collection":[{"href":"https:\/\/business.roovi.com\/de\/wp-json\/wp\/v2\/product"}],"about":[{"href":"https:\/\/business.roovi.com\/de\/wp-json\/wp\/v2\/types\/product"}],"version-history":[{"count":0,"href":"https:\/\/business.roovi.com\/de\/wp-json\/wp\/v2\/product\/39268\/revisions"}],"wp:featuredmedia":[{"embeddable":true,"href":"https:\/\/business.roovi.com\/de\/wp-json\/wp\/v2\/media\/48861"}],"wp:attachment":[{"href":"https:\/\/business.roovi.com\/de\/wp-json\/wp\/v2\/media?parent=39268"}],"wp:term":[{"taxonomy":"product_brand","embeddable":true,"href":"https:\/\/business.roovi.com\/de\/wp-json\/wp\/v2\/product_brand?post=39268"},{"taxonomy":"product_cat","embeddable":true,"href":"https:\/\/business.roovi.com\/de\/wp-json\/wp\/v2\/product_cat?post=39268"},{"taxonomy":"product_tag","embeddable":true,"href":"https:\/\/business.roovi.com\/de\/wp-json\/wp\/v2\/product_tag?post=39268"}],"curies":[{"name":"wp","href":"https:\/\/api.w.org\/{rel}","templated":true}]}}