{"id":39276,"date":"2019-10-31T09:34:59","date_gmt":"2019-10-31T09:34:59","guid":{"rendered":"https:\/\/business.roovi.com\/puzzle-adulti-1000-piese-nature-day-and-nightzi-si-noapte\/p\/"},"modified":"2022-10-25T11:52:32","modified_gmt":"2022-10-25T11:52:32","slug":"1000-teile-puzzle-natur-tag-und-nacht-fur-erwachsene","status":"publish","type":"product","link":"https:\/\/business.roovi.com\/de\/1000-teile-puzzle-natur-tag-und-nacht-fur-erwachsene\/p\/","title":{"rendered":"1000 Teile Puzzle Natur &#8211; Tag und Nacht f\u00fcr Erwachsene"},"content":{"rendered":"<p><strong><em>Sind Puzzlespiele der Weg, um dein Gleichgewicht wiederherzustellen und tief zu entspannen? Das 1000-teilige Puzzle &#8222;Tag und Nacht&#8220; l\u00e4sst dich vom Alltag abschalten und l\u00e4dt deine Batterien mit viel positiver Energie wieder auf.<\/em><\/strong><\/p>\n<p><span style=\"font-weight: 400;\">Wenn du auf der Suche nach einem Puzzlespiel mit einer tollen Illustration bist, das deine Montagef\u00e4higkeiten trainiert und dir viele Stunden der Entspannung beschert, bist du hier genau richtig <\/span><\/p>\n<p><span style=\"font-weight: 400;\">Der K\u00fcnstler D\u00e1vid-K\u00e1tai Eszter hat sich die beiden Momente des Tages in perfekter Harmonie vorgestellt und eine originelle Illustration mit faszinierenden Details geschaffen. Mit diesem Puzzlespiel baust du mehr als nur ein Gem\u00e4lde: eine dynamische Welt, in der das Leben reibungslos flie\u00dft, Lebewesen friedlich koexistieren und in perfekter Balance mit der Natur sind, die sie beherbergt.<\/span><\/p>\n<p><span style=\"font-weight: 400;\">Das fertige 1000-Teile-Puzzle ist ein wahres Kunstwerk, das du immer dann genie\u00dfen kannst, wenn du das Bed\u00fcrfnis hast, vom Alltag abzuschalten <\/span><\/p>\n<p><span style=\"font-weight: 400;\">Das 1000-teilige Tag- und Nacht-Puzzle aus der Natur-Puzzle-Kollektion l\u00e4dt daher zu einem entspannenden und kreativen Erlebnis ein.<\/span><\/p>\n<p><strong>Warum solltest du dich f\u00fcr das 1000-Teile-Puzzle Tag und Nacht entscheiden?<\/strong><\/p>\n<p><span style=\"font-weight: 400;\">Ein 1000-Teile-Puzzle mit einer originellen Illustration inspiriert und f\u00f6rdert deine Kreativit\u00e4t.<\/span><\/p>\n<p><span style=\"font-weight: 400;\">Du erh\u00e4ltst ein dekoratives Gem\u00e4lde mit den Ma\u00dfen 68 x 47 cm.<\/span><\/p>\n<p><span style=\"font-weight: 400;\">Es ist eine Gelegenheit, aus der t\u00e4glichen Monotonie auszubrechen.<\/span><\/p>\n<p><span style=\"font-weight: 400;\">Du trainierst deine F\u00e4higkeiten und pflegst deine Geduld.<\/span><\/p>\n<p><span style=\"font-weight: 400;\">Die 1000 Puzzleteile bestehen aus hochwertigem Karton, sind pr\u00e4zise geschnitten und passen perfekt zusammen, sodass das Bild auch dann noch perfekt ist, wenn du es mehrmals zusammensetzt.<\/span><\/p>\n<p><span style=\"font-weight: 400;\">Die Oberfl\u00e4che ist halbgl\u00e4nzend und die leuchtenden Farben bringen die Sch\u00f6nheit des Bildes zur Geltung.<\/span><\/p>\n<p><span style=\"font-weight: 400;\">Es ist naturfreundlich und wird aus nachhaltigen und recycelbaren Materialien hergestellt.<\/span><\/p>\n<p><span style=\"font-weight: 400;\">Es ist f\u00fcr Leute ab 14 Jahren geeignet &#8211; eine tolle Gelegenheit, um deine Freizeit mit deinen Teenagern zu verbringen.<\/span><\/p>\n<p><strong>Wusstest du, dass..<\/strong><\/p>\n<p><span style=\"font-weight: 400;\">Puzzlespiele sind ein tolles Gehirnjogging. Es beansprucht beide Gehirnh\u00e4lften und l\u00e4sst dich gleichzeitig analytisch und kreativ denken.<\/span><\/p>\n<p><span style=\"font-weight: 400;\">30 Minuten R\u00e4tselspiel am Tag wirken wahre Wunder! Es wurde festgestellt, dass Menschen, die jeden Tag puzzeln, ein geringeres Risiko haben, an Alzheimer zu erkranken.<\/span><\/p>\n<p><span style=\"font-weight: 400;\">Dank des Puzzlespiels kannst du produktiver werden. Das Zusammensetzen von Puzzles f\u00f6rdert die Aufmerksamkeit und Konzentration. So lernst du, nicht nur beim Re-Framing, sondern auch im Alltag effizient zu arbeiten.<\/span><\/p>\n<p><strong>1000 Teile Tag- und Nacht-Puzzle verbindet dich mit deinen Liebsten<\/strong><\/p>\n<p><span style=\"font-weight: 400;\">Die Zeit, die man mit seinen Lieben verbringt, ist unbezahlbar. Wenn du auf der Suche nach einer Aktivit\u00e4t bist, die euch verbindet und viel L\u00e4cheln und gute Laune mit sich bringt, ist das 1000-teilige Tag und Nacht Puzzle f\u00fcr Erwachsene die perfekte Gelegenheit.<\/span><\/p>\n<p><span style=\"font-weight: 400;\">Bereite die leckersten Kekse und den aromatischsten Tee in der Speisekammer vor und beginne mit dem Aufbau&#8230;. Arbeite in Teams, lass die Kinder alle Teile finden, aus denen sich die Tiere auf dem Bild zusammensetzen, oder finde gemeinsam andere innovative Strategien, um das Bild so schnell wie m\u00f6glich fertigzustellen. Genie\u00dfe dein Werk am Ende, indem du das fertige Bild in den Rahmen stellst <\/span><\/p>\n<p><span style=\"font-weight: 400;\">Du kannst auch das 1000-teilige Day and Night\/Zi and Night-Puzzle f\u00fcr Erwachsene aus der Kollektion w\u00e4hlen, um es in deinem Zuhause aufzubewahren und immer wieder neu zu machen, wenn du das Bed\u00fcrfnis nach einer kreativen Herausforderung hast. Wenn du einen lieben Freund oder eine liebe Freundin \u00fcberraschen willst, ist dieses exquisit gestaltete Puzzlespiel vielleicht genau das Richtige.<\/span><\/p>\n","protected":false},"excerpt":{"rendered":"<p>Sind Puzzlespiele der Weg, um dein Gleichgewicht wiederherzustellen und tief zu entspannen? Das 1000-teilige Puzzle &#8222;Tag und Nacht&#8220; l\u00e4sst dich<\/p>\n","protected":false},"featured_media":60015,"template":"","meta":[],"product_brand":[],"product_cat":[1916,1875,1915],"product_tag":[],"class_list":{"0":"post-39276","1":"product","2":"type-product","3":"status-publish","4":"has-post-thumbnail","6":"product_cat-1000-teile-puzzle","7":"product_cat-puzzle-de","8":"product_cat-puzzlespiele-fur-erwachsene","9":"pa_brand-deico-de","10":"pa_country_of_manufacture-ro-de","11":"pa_filter_age-14-de","12":"pa_tip_ambalaj-kasten-a4-de","13":"pa_tip_puzzle-klassisch","15":"first","16":"instock","17":"taxable","18":"shipping-taxable","19":"product-type-simple"},"yoast_head":"<!-- This site is optimized with the Yoast SEO plugin v20.1 - https:\/\/yoast.com\/wordpress\/plugins\/seo\/ -->\n<title>1000 Teile Puzzle Natur - Tag und Nacht f\u00fcr Erwachsene<\/title>\n<meta name=\"description\" content=\"1000 Teile Puzzle Natur - Tag und Nacht f\u00fcr Erwachsene\" \/>\n<meta name=\"robots\" content=\"index, follow, max-snippet:-1, max-image-preview:large, max-video-preview:-1\" \/>\n<link rel=\"canonical\" href=\"https:\/\/business.roovi.com\/de\/1000-teile-puzzle-natur-tag-und-nacht-fur-erwachsene\/p\/\" \/>\n<meta property=\"og:locale\" content=\"de_DE\" \/>\n<meta property=\"og:type\" content=\"article\" \/>\n<meta property=\"og:title\" content=\"1000 Teile Puzzle Natur - Tag und Nacht f\u00fcr Erwachsene\" \/>\n<meta property=\"og:description\" content=\"1000 Teile Puzzle Natur - Tag und Nacht f\u00fcr Erwachsene\" \/>\n<meta property=\"og:url\" content=\"https:\/\/business.roovi.com\/de\/1000-teile-puzzle-natur-tag-und-nacht-fur-erwachsene\/p\/\" \/>\n<meta property=\"og:site_name\" content=\"Roovi B2B\" \/>\n<meta property=\"article:publisher\" content=\"https:\/\/www.facebook.com\/wwwjucariero\" \/>\n<meta property=\"article:modified_time\" content=\"2022-10-25T11:52:32+00:00\" \/>\n<meta property=\"og:image\" content=\"https:\/\/business.roovi.com\/wp-content\/uploads\/2019\/10\/76403-01-Ansamblu_dimensiuni-cutie-cm_orizontal-2.png\" \/>\n\t<meta property=\"og:image:width\" content=\"1200\" \/>\n\t<meta property=\"og:image:height\" content=\"1200\" \/>\n\t<meta property=\"og:image:type\" content=\"image\/png\" \/>\n<meta name=\"twitter:label1\" content=\"Gesch\u00e4tzte Lesezeit\" \/>\n\t<meta name=\"twitter:data1\" content=\"3\u00a0Minuten\" \/>\n<script type=\"application\/ld+json\" class=\"yoast-schema-graph\">{\"@context\":\"https:\/\/schema.org\",\"@graph\":[{\"@type\":\"WebPage\",\"@id\":\"https:\/\/business.roovi.com\/de\/1000-teile-puzzle-natur-tag-und-nacht-fur-erwachsene\/p\/\",\"url\":\"https:\/\/business.roovi.com\/de\/1000-teile-puzzle-natur-tag-und-nacht-fur-erwachsene\/p\/\",\"name\":\"1000 Teile Puzzle Natur - Tag und Nacht f\u00fcr Erwachsene\",\"isPartOf\":{\"@id\":\"https:\/\/business.roovi.com\/de\/#website\"},\"datePublished\":\"2019-10-31T09:34:59+00:00\",\"dateModified\":\"2022-10-25T11:52:32+00:00\",\"description\":\"1000 Teile Puzzle Natur - Tag und Nacht f\u00fcr Erwachsene\",\"breadcrumb\":{\"@id\":\"https:\/\/business.roovi.com\/de\/1000-teile-puzzle-natur-tag-und-nacht-fur-erwachsene\/p\/#breadcrumb\"},\"inLanguage\":\"de\",\"potentialAction\":[{\"@type\":\"ReadAction\",\"target\":[\"https:\/\/business.roovi.com\/de\/1000-teile-puzzle-natur-tag-und-nacht-fur-erwachsene\/p\/\"]}]},{\"@type\":\"BreadcrumbList\",\"@id\":\"https:\/\/business.roovi.com\/de\/1000-teile-puzzle-natur-tag-und-nacht-fur-erwachsene\/p\/#breadcrumb\",\"itemListElement\":[{\"@type\":\"ListItem\",\"position\":1,\"name\":\"Home\",\"item\":\"https:\/\/business.roovi.com\/de\/\"},{\"@type\":\"ListItem\",\"position\":2,\"name\":\"Shop\",\"item\":\"https:\/\/business.roovi.com\/de\/shop\/\"},{\"@type\":\"ListItem\",\"position\":3,\"name\":\"1000 Teile Puzzle Natur &#8211; Tag und Nacht f\u00fcr Erwachsene\"}]},{\"@type\":\"WebSite\",\"@id\":\"https:\/\/business.roovi.com\/de\/#website\",\"url\":\"https:\/\/business.roovi.com\/de\/\",\"name\":\"Roovi B2B\",\"description\":\"Roovi Business Website\",\"potentialAction\":[{\"@type\":\"SearchAction\",\"target\":{\"@type\":\"EntryPoint\",\"urlTemplate\":\"https:\/\/business.roovi.com\/de\/?s={search_term_string}\"},\"query-input\":\"required name=search_term_string\"}],\"inLanguage\":\"de\"}]}<\/script>\n<!-- \/ Yoast SEO plugin. -->","yoast_head_json":{"title":"1000 Teile Puzzle Natur - Tag und Nacht f\u00fcr Erwachsene","description":"1000 Teile Puzzle Natur - Tag und Nacht f\u00fcr Erwachsene","robots":{"index":"index","follow":"follow","max-snippet":"max-snippet:-1","max-image-preview":"max-image-preview:large","max-video-preview":"max-video-preview:-1"},"canonical":"https:\/\/business.roovi.com\/de\/1000-teile-puzzle-natur-tag-und-nacht-fur-erwachsene\/p\/","og_locale":"de_DE","og_type":"article","og_title":"1000 Teile Puzzle Natur - Tag und Nacht f\u00fcr Erwachsene","og_description":"1000 Teile Puzzle Natur - Tag und Nacht f\u00fcr Erwachsene","og_url":"https:\/\/business.roovi.com\/de\/1000-teile-puzzle-natur-tag-und-nacht-fur-erwachsene\/p\/","og_site_name":"Roovi B2B","article_publisher":"https:\/\/www.facebook.com\/wwwjucariero","article_modified_time":"2022-10-25T11:52:32+00:00","og_image":[{"width":1200,"height":1200,"url":"https:\/\/business.roovi.com\/wp-content\/uploads\/2019\/10\/76403-01-Ansamblu_dimensiuni-cutie-cm_orizontal-2.png","type":"image\/png"}],"twitter_misc":{"Gesch\u00e4tzte Lesezeit":"3\u00a0Minuten"},"schema":{"@context":"https:\/\/schema.org","@graph":[{"@type":"WebPage","@id":"https:\/\/business.roovi.com\/de\/1000-teile-puzzle-natur-tag-und-nacht-fur-erwachsene\/p\/","url":"https:\/\/business.roovi.com\/de\/1000-teile-puzzle-natur-tag-und-nacht-fur-erwachsene\/p\/","name":"1000 Teile Puzzle Natur - Tag und Nacht f\u00fcr Erwachsene","isPartOf":{"@id":"https:\/\/business.roovi.com\/de\/#website"},"datePublished":"2019-10-31T09:34:59+00:00","dateModified":"2022-10-25T11:52:32+00:00","description":"1000 Teile Puzzle Natur - Tag und Nacht f\u00fcr Erwachsene","breadcrumb":{"@id":"https:\/\/business.roovi.com\/de\/1000-teile-puzzle-natur-tag-und-nacht-fur-erwachsene\/p\/#breadcrumb"},"inLanguage":"de","potentialAction":[{"@type":"ReadAction","target":["https:\/\/business.roovi.com\/de\/1000-teile-puzzle-natur-tag-und-nacht-fur-erwachsene\/p\/"]}]},{"@type":"BreadcrumbList","@id":"https:\/\/business.roovi.com\/de\/1000-teile-puzzle-natur-tag-und-nacht-fur-erwachsene\/p\/#breadcrumb","itemListElement":[{"@type":"ListItem","position":1,"name":"Home","item":"https:\/\/business.roovi.com\/de\/"},{"@type":"ListItem","position":2,"name":"Shop","item":"https:\/\/business.roovi.com\/de\/shop\/"},{"@type":"ListItem","position":3,"name":"1000 Teile Puzzle Natur &#8211; Tag und Nacht f\u00fcr Erwachsene"}]},{"@type":"WebSite","@id":"https:\/\/business.roovi.com\/de\/#website","url":"https:\/\/business.roovi.com\/de\/","name":"Roovi B2B","description":"Roovi Business Website","potentialAction":[{"@type":"SearchAction","target":{"@type":"EntryPoint","urlTemplate":"https:\/\/business.roovi.com\/de\/?s={search_term_string}"},"query-input":"required name=search_term_string"}],"inLanguage":"de"}]}},"_links":{"self":[{"href":"https:\/\/business.roovi.com\/de\/wp-json\/wp\/v2\/product\/39276","targetHints":{"allow":["GET"]}}],"collection":[{"href":"https:\/\/business.roovi.com\/de\/wp-json\/wp\/v2\/product"}],"about":[{"href":"https:\/\/business.roovi.com\/de\/wp-json\/wp\/v2\/types\/product"}],"version-history":[{"count":0,"href":"https:\/\/business.roovi.com\/de\/wp-json\/wp\/v2\/product\/39276\/revisions"}],"wp:featuredmedia":[{"embeddable":true,"href":"https:\/\/business.roovi.com\/de\/wp-json\/wp\/v2\/media\/60015"}],"wp:attachment":[{"href":"https:\/\/business.roovi.com\/de\/wp-json\/wp\/v2\/media?parent=39276"}],"wp:term":[{"taxonomy":"product_brand","embeddable":true,"href":"https:\/\/business.roovi.com\/de\/wp-json\/wp\/v2\/product_brand?post=39276"},{"taxonomy":"product_cat","embeddable":true,"href":"https:\/\/business.roovi.com\/de\/wp-json\/wp\/v2\/product_cat?post=39276"},{"taxonomy":"product_tag","embeddable":true,"href":"https:\/\/business.roovi.com\/de\/wp-json\/wp\/v2\/product_tag?post=39276"}],"curies":[{"name":"wp","href":"https:\/\/api.w.org\/{rel}","templated":true}]}}