{"id":39284,"date":"2019-10-25T11:46:01","date_gmt":"2019-10-25T11:46:01","guid":{"rendered":"https:\/\/business.roovi.com\/jocul-autostrazilor\/p\/"},"modified":"2022-07-06T12:49:46","modified_gmt":"2022-07-06T12:49:46","slug":"das-autobahnspiel","status":"publish","type":"product","link":"https:\/\/business.roovi.com\/de\/das-autobahnspiel\/p\/","title":{"rendered":"Das Autobahnspiel"},"content":{"rendered":"<p>Typisches rum\u00e4nisches Strategiespiel f\u00fcr 2-6 Spieler. Baue in Rum\u00e4nien so viele Autobahnen, wie du kannst! Sabotiere deine Gegner mit unerwarteten Ereignissen: ein fehlender Vertrag, ein Erdrutsch, ein Regierungswechsel, ein eingest\u00fcrztes Viadukt, eine Anfechtung der \u00f6ffentlichen Ausschreibung, eine Blockade der Bauarbeiten und sieh zu, ob du den Angriff deiner Gegner mit Verhandlungen, Mittelzuweisungen, einem neuen Bauunternehmer oder einigen Wahlversprechen abwehren kannst. Inhalt: 1 Spielbrett, 110 Spielkarten, 6 Spielsteine, 1 W\u00fcrfel, Spielregeln. Empfohlen f\u00fcr Spieler \u00fcber 14 Jahren.<\/p>\n","protected":false},"excerpt":{"rendered":"<p>Typisches rum\u00e4nisches Strategiespiel f\u00fcr 2-6 Spieler. Baue in Rum\u00e4nien so viele Autobahnen, wie du kannst! Sabotiere deine Gegner mit unerwarteten<\/p>\n","protected":false},"featured_media":48855,"template":"","meta":[],"product_brand":[],"product_cat":[1853],"product_tag":[],"class_list":{"0":"post-39284","1":"product","2":"type-product","3":"status-publish","4":"has-post-thumbnail","6":"product_cat-brettspiele","7":"pa_bax-10-de","8":"pa_brand-d_toys-de","9":"pa_country_of_manufacture-ro-de","10":"pa_filter_age-14-de","11":"pa_tip_ambalaj-kasten-a4-de","13":"first","14":"instock","15":"taxable","16":"shipping-taxable","17":"product-type-simple"},"yoast_head":"<!-- This site is optimized with the Yoast SEO plugin v20.1 - https:\/\/yoast.com\/wordpress\/plugins\/seo\/ -->\n<title>Das Autobahnspiel<\/title>\n<meta name=\"description\" content=\"Das Autobahnspiel\" \/>\n<meta name=\"robots\" content=\"index, follow, max-snippet:-1, max-image-preview:large, max-video-preview:-1\" \/>\n<link rel=\"canonical\" href=\"https:\/\/business.roovi.com\/de\/das-autobahnspiel\/p\/\" \/>\n<meta property=\"og:locale\" content=\"de_DE\" \/>\n<meta property=\"og:type\" content=\"article\" \/>\n<meta property=\"og:title\" content=\"Das Autobahnspiel\" \/>\n<meta property=\"og:description\" content=\"Das Autobahnspiel\" \/>\n<meta property=\"og:url\" content=\"https:\/\/business.roovi.com\/de\/das-autobahnspiel\/p\/\" \/>\n<meta property=\"og:site_name\" content=\"Roovi B2B\" \/>\n<meta property=\"article:publisher\" content=\"https:\/\/www.facebook.com\/wwwjucariero\" \/>\n<meta property=\"article:modified_time\" content=\"2022-07-06T12:49:46+00:00\" \/>\n<meta property=\"og:image\" content=\"https:\/\/business.roovi.com\/wp-content\/uploads\/2019\/10\/jocul_autostrazilor-76335_250kb.jpg\" \/>\n\t<meta property=\"og:image:width\" content=\"1000\" \/>\n\t<meta property=\"og:image:height\" content=\"1000\" \/>\n\t<meta property=\"og:image:type\" content=\"image\/jpeg\" \/>\n<script type=\"application\/ld+json\" class=\"yoast-schema-graph\">{\"@context\":\"https:\/\/schema.org\",\"@graph\":[{\"@type\":\"WebPage\",\"@id\":\"https:\/\/business.roovi.com\/de\/das-autobahnspiel\/p\/\",\"url\":\"https:\/\/business.roovi.com\/de\/das-autobahnspiel\/p\/\",\"name\":\"Das Autobahnspiel\",\"isPartOf\":{\"@id\":\"https:\/\/business.roovi.com\/de\/#website\"},\"datePublished\":\"2019-10-25T11:46:01+00:00\",\"dateModified\":\"2022-07-06T12:49:46+00:00\",\"description\":\"Das Autobahnspiel\",\"breadcrumb\":{\"@id\":\"https:\/\/business.roovi.com\/de\/das-autobahnspiel\/p\/#breadcrumb\"},\"inLanguage\":\"de\",\"potentialAction\":[{\"@type\":\"ReadAction\",\"target\":[\"https:\/\/business.roovi.com\/de\/das-autobahnspiel\/p\/\"]}]},{\"@type\":\"BreadcrumbList\",\"@id\":\"https:\/\/business.roovi.com\/de\/das-autobahnspiel\/p\/#breadcrumb\",\"itemListElement\":[{\"@type\":\"ListItem\",\"position\":1,\"name\":\"Home\",\"item\":\"https:\/\/business.roovi.com\/de\/\"},{\"@type\":\"ListItem\",\"position\":2,\"name\":\"Shop\",\"item\":\"https:\/\/business.roovi.com\/de\/shop\/\"},{\"@type\":\"ListItem\",\"position\":3,\"name\":\"Das Autobahnspiel\"}]},{\"@type\":\"WebSite\",\"@id\":\"https:\/\/business.roovi.com\/de\/#website\",\"url\":\"https:\/\/business.roovi.com\/de\/\",\"name\":\"Roovi B2B\",\"description\":\"Roovi Business Website\",\"potentialAction\":[{\"@type\":\"SearchAction\",\"target\":{\"@type\":\"EntryPoint\",\"urlTemplate\":\"https:\/\/business.roovi.com\/de\/?s={search_term_string}\"},\"query-input\":\"required name=search_term_string\"}],\"inLanguage\":\"de\"}]}<\/script>\n<!-- \/ Yoast SEO plugin. -->","yoast_head_json":{"title":"Das Autobahnspiel","description":"Das Autobahnspiel","robots":{"index":"index","follow":"follow","max-snippet":"max-snippet:-1","max-image-preview":"max-image-preview:large","max-video-preview":"max-video-preview:-1"},"canonical":"https:\/\/business.roovi.com\/de\/das-autobahnspiel\/p\/","og_locale":"de_DE","og_type":"article","og_title":"Das Autobahnspiel","og_description":"Das Autobahnspiel","og_url":"https:\/\/business.roovi.com\/de\/das-autobahnspiel\/p\/","og_site_name":"Roovi B2B","article_publisher":"https:\/\/www.facebook.com\/wwwjucariero","article_modified_time":"2022-07-06T12:49:46+00:00","og_image":[{"width":1000,"height":1000,"url":"https:\/\/business.roovi.com\/wp-content\/uploads\/2019\/10\/jocul_autostrazilor-76335_250kb.jpg","type":"image\/jpeg"}],"schema":{"@context":"https:\/\/schema.org","@graph":[{"@type":"WebPage","@id":"https:\/\/business.roovi.com\/de\/das-autobahnspiel\/p\/","url":"https:\/\/business.roovi.com\/de\/das-autobahnspiel\/p\/","name":"Das Autobahnspiel","isPartOf":{"@id":"https:\/\/business.roovi.com\/de\/#website"},"datePublished":"2019-10-25T11:46:01+00:00","dateModified":"2022-07-06T12:49:46+00:00","description":"Das Autobahnspiel","breadcrumb":{"@id":"https:\/\/business.roovi.com\/de\/das-autobahnspiel\/p\/#breadcrumb"},"inLanguage":"de","potentialAction":[{"@type":"ReadAction","target":["https:\/\/business.roovi.com\/de\/das-autobahnspiel\/p\/"]}]},{"@type":"BreadcrumbList","@id":"https:\/\/business.roovi.com\/de\/das-autobahnspiel\/p\/#breadcrumb","itemListElement":[{"@type":"ListItem","position":1,"name":"Home","item":"https:\/\/business.roovi.com\/de\/"},{"@type":"ListItem","position":2,"name":"Shop","item":"https:\/\/business.roovi.com\/de\/shop\/"},{"@type":"ListItem","position":3,"name":"Das Autobahnspiel"}]},{"@type":"WebSite","@id":"https:\/\/business.roovi.com\/de\/#website","url":"https:\/\/business.roovi.com\/de\/","name":"Roovi B2B","description":"Roovi Business Website","potentialAction":[{"@type":"SearchAction","target":{"@type":"EntryPoint","urlTemplate":"https:\/\/business.roovi.com\/de\/?s={search_term_string}"},"query-input":"required name=search_term_string"}],"inLanguage":"de"}]}},"_links":{"self":[{"href":"https:\/\/business.roovi.com\/de\/wp-json\/wp\/v2\/product\/39284","targetHints":{"allow":["GET"]}}],"collection":[{"href":"https:\/\/business.roovi.com\/de\/wp-json\/wp\/v2\/product"}],"about":[{"href":"https:\/\/business.roovi.com\/de\/wp-json\/wp\/v2\/types\/product"}],"version-history":[{"count":0,"href":"https:\/\/business.roovi.com\/de\/wp-json\/wp\/v2\/product\/39284\/revisions"}],"wp:featuredmedia":[{"embeddable":true,"href":"https:\/\/business.roovi.com\/de\/wp-json\/wp\/v2\/media\/48855"}],"wp:attachment":[{"href":"https:\/\/business.roovi.com\/de\/wp-json\/wp\/v2\/media?parent=39284"}],"wp:term":[{"taxonomy":"product_brand","embeddable":true,"href":"https:\/\/business.roovi.com\/de\/wp-json\/wp\/v2\/product_brand?post=39284"},{"taxonomy":"product_cat","embeddable":true,"href":"https:\/\/business.roovi.com\/de\/wp-json\/wp\/v2\/product_cat?post=39284"},{"taxonomy":"product_tag","embeddable":true,"href":"https:\/\/business.roovi.com\/de\/wp-json\/wp\/v2\/product_tag?post=39284"}],"curies":[{"name":"wp","href":"https:\/\/api.w.org\/{rel}","templated":true}]}}