{"id":39296,"date":"2018-04-16T10:56:06","date_gmt":"2018-04-16T10:56:06","guid":{"rendered":"https:\/\/business.roovi.com\/cuburi-basme-12-piese\/p\/"},"modified":"2022-07-06T12:54:09","modified_gmt":"2022-07-06T12:54:09","slug":"puzzle-wurfel-marchenhafte-szenen-12-teile","status":"publish","type":"product","link":"https:\/\/business.roovi.com\/de\/puzzle-wurfel-marchenhafte-szenen-12-teile\/p\/","title":{"rendered":"Puzzle-W\u00fcrfel &#8211; M\u00e4rchenhafte Szenen &#8211; 12 Teile"},"content":{"rendered":"<p>Ein originelles Spiel mit 12 W\u00fcrfeln, das Beobachtung und Logik durch beeindruckende Bildassoziationen und Kombinationen mit Figuren aus den beliebtesten M\u00e4rchen f\u00f6rdert. Die Kinder spielen ber\u00fchmte Szenen aus ihren Lieblingsgeschichten nach und lernen dabei, logische Beziehungen zwischen den Erz\u00e4hlsequenzen herzustellen.<\/p>\n","protected":false},"excerpt":{"rendered":"<p>Ein originelles Spiel mit 12 W\u00fcrfeln, das Beobachtung und Logik durch beeindruckende Bildassoziationen und Kombinationen mit Figuren aus den beliebtesten<\/p>\n","protected":false},"featured_media":30115,"template":"","meta":[],"product_brand":[],"product_cat":[1896,2004],"product_tag":[],"class_list":{"0":"post-39296","1":"product","2":"type-product","3":"status-publish","4":"has-post-thumbnail","6":"product_cat-padagogische-und-wissenschaftliche-spiele","7":"product_cat-wurfel","8":"pa_bax-16-de","9":"pa_brand-d_toys-de","10":"pa_country_of_manufacture-ro-de","11":"pa_filter_age-3_5-de","12":"pa_filter_age-5_7-de","13":"pa_tip_ambalaj-kasten-a4-de","15":"first","16":"instock","17":"taxable","18":"shipping-taxable","19":"product-type-simple"},"yoast_head":"<!-- This site is optimized with the Yoast SEO plugin v20.1 - https:\/\/yoast.com\/wordpress\/plugins\/seo\/ -->\n<title>Puzzle-W\u00fcrfel - M\u00e4rchenhafte Szenen - 12 Teile<\/title>\n<meta name=\"description\" content=\"Puzzle-W\u00fcrfel - M\u00e4rchenhafte Szenen - 12 Teile\" \/>\n<meta name=\"robots\" content=\"index, follow, max-snippet:-1, max-image-preview:large, max-video-preview:-1\" \/>\n<link rel=\"canonical\" href=\"https:\/\/business.roovi.com\/de\/puzzle-wurfel-marchenhafte-szenen-12-teile\/p\/\" \/>\n<meta property=\"og:locale\" content=\"de_DE\" \/>\n<meta property=\"og:type\" content=\"article\" \/>\n<meta property=\"og:title\" content=\"Puzzle-W\u00fcrfel - M\u00e4rchenhafte Szenen - 12 Teile\" \/>\n<meta property=\"og:description\" content=\"Puzzle-W\u00fcrfel - M\u00e4rchenhafte Szenen - 12 Teile\" \/>\n<meta property=\"og:url\" content=\"https:\/\/business.roovi.com\/de\/puzzle-wurfel-marchenhafte-szenen-12-teile\/p\/\" \/>\n<meta property=\"og:site_name\" content=\"Roovi B2B\" \/>\n<meta property=\"article:publisher\" content=\"https:\/\/www.facebook.com\/wwwjucariero\" \/>\n<meta property=\"article:modified_time\" content=\"2022-07-06T12:54:09+00:00\" \/>\n<meta property=\"og:image\" content=\"https:\/\/business.roovi.com\/wp-content\/uploads\/2018\/04\/60969_01_elo.jpg\" \/>\n\t<meta property=\"og:image:width\" content=\"1200\" \/>\n\t<meta property=\"og:image:height\" content=\"1200\" \/>\n\t<meta property=\"og:image:type\" content=\"image\/jpeg\" \/>\n<script type=\"application\/ld+json\" class=\"yoast-schema-graph\">{\"@context\":\"https:\/\/schema.org\",\"@graph\":[{\"@type\":\"WebPage\",\"@id\":\"https:\/\/business.roovi.com\/de\/puzzle-wurfel-marchenhafte-szenen-12-teile\/p\/\",\"url\":\"https:\/\/business.roovi.com\/de\/puzzle-wurfel-marchenhafte-szenen-12-teile\/p\/\",\"name\":\"Puzzle-W\u00fcrfel - M\u00e4rchenhafte Szenen - 12 Teile\",\"isPartOf\":{\"@id\":\"https:\/\/business.roovi.com\/de\/#website\"},\"datePublished\":\"2018-04-16T10:56:06+00:00\",\"dateModified\":\"2022-07-06T12:54:09+00:00\",\"description\":\"Puzzle-W\u00fcrfel - M\u00e4rchenhafte Szenen - 12 Teile\",\"breadcrumb\":{\"@id\":\"https:\/\/business.roovi.com\/de\/puzzle-wurfel-marchenhafte-szenen-12-teile\/p\/#breadcrumb\"},\"inLanguage\":\"de\",\"potentialAction\":[{\"@type\":\"ReadAction\",\"target\":[\"https:\/\/business.roovi.com\/de\/puzzle-wurfel-marchenhafte-szenen-12-teile\/p\/\"]}]},{\"@type\":\"BreadcrumbList\",\"@id\":\"https:\/\/business.roovi.com\/de\/puzzle-wurfel-marchenhafte-szenen-12-teile\/p\/#breadcrumb\",\"itemListElement\":[{\"@type\":\"ListItem\",\"position\":1,\"name\":\"Home\",\"item\":\"https:\/\/business.roovi.com\/de\/\"},{\"@type\":\"ListItem\",\"position\":2,\"name\":\"Shop\",\"item\":\"https:\/\/business.roovi.com\/de\/shop\/\"},{\"@type\":\"ListItem\",\"position\":3,\"name\":\"Puzzle-W\u00fcrfel &#8211; M\u00e4rchenhafte Szenen &#8211; 12 Teile\"}]},{\"@type\":\"WebSite\",\"@id\":\"https:\/\/business.roovi.com\/de\/#website\",\"url\":\"https:\/\/business.roovi.com\/de\/\",\"name\":\"Roovi B2B\",\"description\":\"Roovi Business Website\",\"potentialAction\":[{\"@type\":\"SearchAction\",\"target\":{\"@type\":\"EntryPoint\",\"urlTemplate\":\"https:\/\/business.roovi.com\/de\/?s={search_term_string}\"},\"query-input\":\"required name=search_term_string\"}],\"inLanguage\":\"de\"}]}<\/script>\n<!-- \/ Yoast SEO plugin. -->","yoast_head_json":{"title":"Puzzle-W\u00fcrfel - M\u00e4rchenhafte Szenen - 12 Teile","description":"Puzzle-W\u00fcrfel - M\u00e4rchenhafte Szenen - 12 Teile","robots":{"index":"index","follow":"follow","max-snippet":"max-snippet:-1","max-image-preview":"max-image-preview:large","max-video-preview":"max-video-preview:-1"},"canonical":"https:\/\/business.roovi.com\/de\/puzzle-wurfel-marchenhafte-szenen-12-teile\/p\/","og_locale":"de_DE","og_type":"article","og_title":"Puzzle-W\u00fcrfel - M\u00e4rchenhafte Szenen - 12 Teile","og_description":"Puzzle-W\u00fcrfel - M\u00e4rchenhafte Szenen - 12 Teile","og_url":"https:\/\/business.roovi.com\/de\/puzzle-wurfel-marchenhafte-szenen-12-teile\/p\/","og_site_name":"Roovi B2B","article_publisher":"https:\/\/www.facebook.com\/wwwjucariero","article_modified_time":"2022-07-06T12:54:09+00:00","og_image":[{"width":1200,"height":1200,"url":"https:\/\/business.roovi.com\/wp-content\/uploads\/2018\/04\/60969_01_elo.jpg","type":"image\/jpeg"}],"schema":{"@context":"https:\/\/schema.org","@graph":[{"@type":"WebPage","@id":"https:\/\/business.roovi.com\/de\/puzzle-wurfel-marchenhafte-szenen-12-teile\/p\/","url":"https:\/\/business.roovi.com\/de\/puzzle-wurfel-marchenhafte-szenen-12-teile\/p\/","name":"Puzzle-W\u00fcrfel - M\u00e4rchenhafte Szenen - 12 Teile","isPartOf":{"@id":"https:\/\/business.roovi.com\/de\/#website"},"datePublished":"2018-04-16T10:56:06+00:00","dateModified":"2022-07-06T12:54:09+00:00","description":"Puzzle-W\u00fcrfel - M\u00e4rchenhafte Szenen - 12 Teile","breadcrumb":{"@id":"https:\/\/business.roovi.com\/de\/puzzle-wurfel-marchenhafte-szenen-12-teile\/p\/#breadcrumb"},"inLanguage":"de","potentialAction":[{"@type":"ReadAction","target":["https:\/\/business.roovi.com\/de\/puzzle-wurfel-marchenhafte-szenen-12-teile\/p\/"]}]},{"@type":"BreadcrumbList","@id":"https:\/\/business.roovi.com\/de\/puzzle-wurfel-marchenhafte-szenen-12-teile\/p\/#breadcrumb","itemListElement":[{"@type":"ListItem","position":1,"name":"Home","item":"https:\/\/business.roovi.com\/de\/"},{"@type":"ListItem","position":2,"name":"Shop","item":"https:\/\/business.roovi.com\/de\/shop\/"},{"@type":"ListItem","position":3,"name":"Puzzle-W\u00fcrfel &#8211; M\u00e4rchenhafte Szenen &#8211; 12 Teile"}]},{"@type":"WebSite","@id":"https:\/\/business.roovi.com\/de\/#website","url":"https:\/\/business.roovi.com\/de\/","name":"Roovi B2B","description":"Roovi Business Website","potentialAction":[{"@type":"SearchAction","target":{"@type":"EntryPoint","urlTemplate":"https:\/\/business.roovi.com\/de\/?s={search_term_string}"},"query-input":"required name=search_term_string"}],"inLanguage":"de"}]}},"_links":{"self":[{"href":"https:\/\/business.roovi.com\/de\/wp-json\/wp\/v2\/product\/39296","targetHints":{"allow":["GET"]}}],"collection":[{"href":"https:\/\/business.roovi.com\/de\/wp-json\/wp\/v2\/product"}],"about":[{"href":"https:\/\/business.roovi.com\/de\/wp-json\/wp\/v2\/types\/product"}],"version-history":[{"count":0,"href":"https:\/\/business.roovi.com\/de\/wp-json\/wp\/v2\/product\/39296\/revisions"}],"wp:featuredmedia":[{"embeddable":true,"href":"https:\/\/business.roovi.com\/de\/wp-json\/wp\/v2\/media\/30115"}],"wp:attachment":[{"href":"https:\/\/business.roovi.com\/de\/wp-json\/wp\/v2\/media?parent=39296"}],"wp:term":[{"taxonomy":"product_brand","embeddable":true,"href":"https:\/\/business.roovi.com\/de\/wp-json\/wp\/v2\/product_brand?post=39296"},{"taxonomy":"product_cat","embeddable":true,"href":"https:\/\/business.roovi.com\/de\/wp-json\/wp\/v2\/product_cat?post=39296"},{"taxonomy":"product_tag","embeddable":true,"href":"https:\/\/business.roovi.com\/de\/wp-json\/wp\/v2\/product_tag?post=39296"}],"curies":[{"name":"wp","href":"https:\/\/api.w.org\/{rel}","templated":true}]}}