{"id":39308,"date":"2018-04-16T10:56:06","date_gmt":"2018-04-16T10:56:06","guid":{"rendered":"https:\/\/business.roovi.com\/joc-globe-whizz\/p\/"},"modified":"2022-07-06T12:54:23","modified_gmt":"2022-07-06T12:54:23","slug":"spiel-globe-whizz-padagogisches-brettspiel","status":"publish","type":"product","link":"https:\/\/business.roovi.com\/de\/spiel-globe-whizz-padagogisches-brettspiel\/p\/","title":{"rendered":"Spiel Globe Whizz &#8211; P\u00e4dagogisches Brettspiel"},"content":{"rendered":"<p><span style=\"font-weight: 400\">Wusstest du, dass die Gans mehr Halswirbel hat als die Giraffe? Wei\u00dft du, was eine Ukulele ist? Wusstest du, dass es am S\u00fcdpol viel k\u00e4lter ist als am Nordpol?<\/span><\/p>\n<p><span style=\"font-weight: 400\">Wenn du neugierig bist, so viele interessante Details wie m\u00f6glich \u00fcber verschiedene Teile der Welt zu erfahren, dann nimm an einem unvergesslichen Abenteuer mit Globe Whizz teil! <\/span><\/p>\n<p><span style=\"font-weight: 400\">Mit Globe Whizz kannst du um die Welt segeln und die faszinierendsten Orte, Tiere, Speisen, Traditionen, Naturph\u00e4nomene, historische Ereignisse und vieles mehr entdecken <\/span><\/p>\n<p><span style=\"font-weight: 400\">Welche Art von Fragen enth\u00e4lt Globe Whizz? Die Quizfragen in Globe Whizz sind sehr vielf\u00e4ltig und stammen aus verschiedenen Bereichen: Geografie, Geschichte, Kunst, Literatur, ber\u00fchmte Pers\u00f6nlichkeiten, Naturwissenschaften, Tiere und Pflanzen, allgemeine Kultur, ber\u00fchmte Denkm\u00e4ler, ungew\u00f6hnliche Ph\u00e4nomene, usw.<\/span><\/p>\n<h2><span style=\"font-weight: 400\">Wusstest du, dass Globe Whizz..<\/span><\/h2>\n<ul>\n<li><span style=\"font-weight: 400\">Stimuliert aktives Lernen.<\/span><\/li>\n<li><span style=\"font-weight: 400\">Sie ist ein hervorragendes Mittel zur Entwicklung der allgemeinen Kultur.<\/span><\/li>\n<li><span style=\"font-weight: 400\">Es ist bei Kindern und Erwachsenen gleicherma\u00dfen beliebt.<\/span><\/li>\n<li><span style=\"font-weight: 400\">Es regt das assoziative Denken an.<\/span><\/li>\n<li><span style=\"font-weight: 400\">Es ist das perfekte Spiel f\u00fcr eine Party oder einen lustigen Abend mit Freunden.<\/span><\/li>\n<li><span style=\"font-weight: 400\">Es ist voller lustiger Herausforderungen, die dich bei der Stange halten.<\/span><\/li>\n<\/ul>\n<h2><span style=\"font-weight: 400\">Warum ein Globe Whizz Spiel w\u00e4hlen<\/span><\/h2>\n<p><span style=\"font-weight: 400\">Die 128 Globe Whizz Spielkarten enthalten \u00fcber 330 sorgf\u00e4ltig und fachm\u00e4nnisch ausgew\u00e4hlte Quizfragen, zusammen mit Antworten und Erkl\u00e4rungen <\/span><\/p>\n<p><span style=\"font-weight: 400\">Au\u00dferdem sind die Fragen in 6 verschiedene Aufgabentypen eingeteilt: Richtig oder falsch, die richtige Antwort aus 3 M\u00f6glichkeiten ausw\u00e4hlen, einen Teil der Antwort ausf\u00fcllen, Antwort, \u00dcberraschungsaktivit\u00e4ten und Land-Stadt-Spiel <\/span><\/p>\n<p><span style=\"font-weight: 400\">Die meisten Aktivit\u00e4ten von Globe Whizz sind auch f\u00fcr Erwachsene eine Herausforderung. Wir haben einen h\u00f6heren Schwierigkeitsgrad gew\u00e4hlt, weil man spielerisch am meisten lernen kann und das Spiel auch nach langer Zeit noch spannend bleibt.<\/span><\/p>\n<p><span style=\"font-weight: 400\">Wenn du Globe Whizz-Spiele magst und Neugier deine angeborene Eigenschaft ist, dann wirst du bestimmt begeistert sein, wenn du Animal Globe Whizz entdeckst, die Sonderausgabe dieses Spiels, die sich nur mit der erstaunlichen Welt der Tiere besch\u00e4ftigt <\/span><\/p>\n<p><span style=\"font-weight: 400\">F\u00fcr wen empfehlen wir Globe Whizz und Animal Globe Whizz? <\/span><\/p>\n<p><span style=\"font-weight: 400\">F\u00fcr die ganze Familie, f\u00fcr Abenteuerlustige, die eine Herausforderung lieben und f\u00fcr alle, die stundenlangen, lehrreichen und intelligenten Spa\u00df haben wollen <\/span><\/p>\n<p><span style=\"font-weight: 400\">Empfohlenes Alter: 10+<\/span><\/p>\n<p><span style=\"font-weight: 400\">Spieler: 2 &#8211; 6 Personen<\/span><\/p>\n<p><span style=\"font-weight: 400\">Die Box enth\u00e4lt <\/span><span style=\"font-weight: 400\">1 Globus, 1 Spielbrett, 128 Spielkarten mit \u00fcber 330 Fragen, 6 Entdecker, 1 W\u00fcrfel.<\/span><\/p>\n<p><span style=\"font-weight: 400\">Nicht empfohlen f\u00fcr Kinder unter 3 Jahren. Enth\u00e4lt kleine Teile, die verschluckt werden k\u00f6nnen.<\/span><\/p><\/p>\n","protected":false},"excerpt":{"rendered":"<p>Wusstest du, dass die Gans mehr Halswirbel hat als die Giraffe? Wei\u00dft du, was eine Ukulele ist? Wusstest du, dass<\/p>\n","protected":false},"featured_media":30123,"template":"","meta":[],"product_brand":[],"product_cat":[1853,1856],"product_tag":[],"class_list":{"0":"post-39308","1":"product","2":"type-product","3":"status-publish","4":"has-post-thumbnail","6":"product_cat-brettspiele","7":"product_cat-lern-und-quiz-spiele","8":"pa_bax-7-de","9":"pa_brand-d_toys-de","10":"pa_country_of_manufacture-ro-de","11":"pa_filter_age-14-de","12":"pa_filter_age-9_14-de","13":"pa_tip_ambalaj-kasten-a4-de","15":"first","16":"instock","17":"taxable","18":"shipping-taxable","19":"product-type-simple"},"yoast_head":"<!-- This site is optimized with the Yoast SEO plugin v20.1 - https:\/\/yoast.com\/wordpress\/plugins\/seo\/ -->\n<title>Spiel Globe Whizz - P\u00e4dagogisches Brettspiel<\/title>\n<meta name=\"description\" content=\"Spiel Globe Whizz - P\u00e4dagogisches Brettspiel\" \/>\n<meta name=\"robots\" content=\"index, follow, max-snippet:-1, max-image-preview:large, max-video-preview:-1\" \/>\n<link rel=\"canonical\" href=\"https:\/\/business.roovi.com\/de\/spiel-globe-whizz-padagogisches-brettspiel\/p\/\" \/>\n<meta property=\"og:locale\" content=\"de_DE\" \/>\n<meta property=\"og:type\" content=\"article\" \/>\n<meta property=\"og:title\" content=\"Spiel Globe Whizz - P\u00e4dagogisches Brettspiel\" \/>\n<meta property=\"og:description\" content=\"Spiel Globe Whizz - P\u00e4dagogisches Brettspiel\" \/>\n<meta property=\"og:url\" content=\"https:\/\/business.roovi.com\/de\/spiel-globe-whizz-padagogisches-brettspiel\/p\/\" \/>\n<meta property=\"og:site_name\" content=\"Roovi B2B\" \/>\n<meta property=\"article:publisher\" content=\"https:\/\/www.facebook.com\/wwwjucariero\" \/>\n<meta property=\"article:modified_time\" content=\"2022-07-06T12:54:23+00:00\" \/>\n<meta property=\"og:image\" content=\"https:\/\/business.roovi.com\/wp-content\/uploads\/2018\/04\/68002_elo_1.jpg\" \/>\n\t<meta property=\"og:image:width\" content=\"1200\" \/>\n\t<meta property=\"og:image:height\" content=\"1200\" \/>\n\t<meta property=\"og:image:type\" content=\"image\/jpeg\" \/>\n<meta name=\"twitter:label1\" content=\"Gesch\u00e4tzte Lesezeit\" \/>\n\t<meta name=\"twitter:data1\" content=\"2\u00a0Minuten\" \/>\n<script type=\"application\/ld+json\" class=\"yoast-schema-graph\">{\"@context\":\"https:\/\/schema.org\",\"@graph\":[{\"@type\":\"WebPage\",\"@id\":\"https:\/\/business.roovi.com\/de\/spiel-globe-whizz-padagogisches-brettspiel\/p\/\",\"url\":\"https:\/\/business.roovi.com\/de\/spiel-globe-whizz-padagogisches-brettspiel\/p\/\",\"name\":\"Spiel Globe Whizz - P\u00e4dagogisches Brettspiel\",\"isPartOf\":{\"@id\":\"https:\/\/business.roovi.com\/de\/#website\"},\"datePublished\":\"2018-04-16T10:56:06+00:00\",\"dateModified\":\"2022-07-06T12:54:23+00:00\",\"description\":\"Spiel Globe Whizz - P\u00e4dagogisches Brettspiel\",\"breadcrumb\":{\"@id\":\"https:\/\/business.roovi.com\/de\/spiel-globe-whizz-padagogisches-brettspiel\/p\/#breadcrumb\"},\"inLanguage\":\"de\",\"potentialAction\":[{\"@type\":\"ReadAction\",\"target\":[\"https:\/\/business.roovi.com\/de\/spiel-globe-whizz-padagogisches-brettspiel\/p\/\"]}]},{\"@type\":\"BreadcrumbList\",\"@id\":\"https:\/\/business.roovi.com\/de\/spiel-globe-whizz-padagogisches-brettspiel\/p\/#breadcrumb\",\"itemListElement\":[{\"@type\":\"ListItem\",\"position\":1,\"name\":\"Home\",\"item\":\"https:\/\/business.roovi.com\/de\/\"},{\"@type\":\"ListItem\",\"position\":2,\"name\":\"Shop\",\"item\":\"https:\/\/business.roovi.com\/de\/shop\/\"},{\"@type\":\"ListItem\",\"position\":3,\"name\":\"Spiel Globe Whizz &#8211; P\u00e4dagogisches Brettspiel\"}]},{\"@type\":\"WebSite\",\"@id\":\"https:\/\/business.roovi.com\/de\/#website\",\"url\":\"https:\/\/business.roovi.com\/de\/\",\"name\":\"Roovi B2B\",\"description\":\"Roovi Business Website\",\"potentialAction\":[{\"@type\":\"SearchAction\",\"target\":{\"@type\":\"EntryPoint\",\"urlTemplate\":\"https:\/\/business.roovi.com\/de\/?s={search_term_string}\"},\"query-input\":\"required name=search_term_string\"}],\"inLanguage\":\"de\"}]}<\/script>\n<!-- \/ Yoast SEO plugin. -->","yoast_head_json":{"title":"Spiel Globe Whizz - P\u00e4dagogisches Brettspiel","description":"Spiel Globe Whizz - P\u00e4dagogisches Brettspiel","robots":{"index":"index","follow":"follow","max-snippet":"max-snippet:-1","max-image-preview":"max-image-preview:large","max-video-preview":"max-video-preview:-1"},"canonical":"https:\/\/business.roovi.com\/de\/spiel-globe-whizz-padagogisches-brettspiel\/p\/","og_locale":"de_DE","og_type":"article","og_title":"Spiel Globe Whizz - P\u00e4dagogisches Brettspiel","og_description":"Spiel Globe Whizz - P\u00e4dagogisches Brettspiel","og_url":"https:\/\/business.roovi.com\/de\/spiel-globe-whizz-padagogisches-brettspiel\/p\/","og_site_name":"Roovi B2B","article_publisher":"https:\/\/www.facebook.com\/wwwjucariero","article_modified_time":"2022-07-06T12:54:23+00:00","og_image":[{"width":1200,"height":1200,"url":"https:\/\/business.roovi.com\/wp-content\/uploads\/2018\/04\/68002_elo_1.jpg","type":"image\/jpeg"}],"twitter_misc":{"Gesch\u00e4tzte Lesezeit":"2\u00a0Minuten"},"schema":{"@context":"https:\/\/schema.org","@graph":[{"@type":"WebPage","@id":"https:\/\/business.roovi.com\/de\/spiel-globe-whizz-padagogisches-brettspiel\/p\/","url":"https:\/\/business.roovi.com\/de\/spiel-globe-whizz-padagogisches-brettspiel\/p\/","name":"Spiel Globe Whizz - P\u00e4dagogisches Brettspiel","isPartOf":{"@id":"https:\/\/business.roovi.com\/de\/#website"},"datePublished":"2018-04-16T10:56:06+00:00","dateModified":"2022-07-06T12:54:23+00:00","description":"Spiel Globe Whizz - P\u00e4dagogisches Brettspiel","breadcrumb":{"@id":"https:\/\/business.roovi.com\/de\/spiel-globe-whizz-padagogisches-brettspiel\/p\/#breadcrumb"},"inLanguage":"de","potentialAction":[{"@type":"ReadAction","target":["https:\/\/business.roovi.com\/de\/spiel-globe-whizz-padagogisches-brettspiel\/p\/"]}]},{"@type":"BreadcrumbList","@id":"https:\/\/business.roovi.com\/de\/spiel-globe-whizz-padagogisches-brettspiel\/p\/#breadcrumb","itemListElement":[{"@type":"ListItem","position":1,"name":"Home","item":"https:\/\/business.roovi.com\/de\/"},{"@type":"ListItem","position":2,"name":"Shop","item":"https:\/\/business.roovi.com\/de\/shop\/"},{"@type":"ListItem","position":3,"name":"Spiel Globe Whizz &#8211; P\u00e4dagogisches Brettspiel"}]},{"@type":"WebSite","@id":"https:\/\/business.roovi.com\/de\/#website","url":"https:\/\/business.roovi.com\/de\/","name":"Roovi B2B","description":"Roovi Business Website","potentialAction":[{"@type":"SearchAction","target":{"@type":"EntryPoint","urlTemplate":"https:\/\/business.roovi.com\/de\/?s={search_term_string}"},"query-input":"required name=search_term_string"}],"inLanguage":"de"}]}},"_links":{"self":[{"href":"https:\/\/business.roovi.com\/de\/wp-json\/wp\/v2\/product\/39308","targetHints":{"allow":["GET"]}}],"collection":[{"href":"https:\/\/business.roovi.com\/de\/wp-json\/wp\/v2\/product"}],"about":[{"href":"https:\/\/business.roovi.com\/de\/wp-json\/wp\/v2\/types\/product"}],"version-history":[{"count":0,"href":"https:\/\/business.roovi.com\/de\/wp-json\/wp\/v2\/product\/39308\/revisions"}],"wp:featuredmedia":[{"embeddable":true,"href":"https:\/\/business.roovi.com\/de\/wp-json\/wp\/v2\/media\/30123"}],"wp:attachment":[{"href":"https:\/\/business.roovi.com\/de\/wp-json\/wp\/v2\/media?parent=39308"}],"wp:term":[{"taxonomy":"product_brand","embeddable":true,"href":"https:\/\/business.roovi.com\/de\/wp-json\/wp\/v2\/product_brand?post=39308"},{"taxonomy":"product_cat","embeddable":true,"href":"https:\/\/business.roovi.com\/de\/wp-json\/wp\/v2\/product_cat?post=39308"},{"taxonomy":"product_tag","embeddable":true,"href":"https:\/\/business.roovi.com\/de\/wp-json\/wp\/v2\/product_tag?post=39308"}],"curies":[{"name":"wp","href":"https:\/\/api.w.org\/{rel}","templated":true}]}}