{"id":39320,"date":"2018-04-16T10:56:06","date_gmt":"2018-04-16T10:56:06","guid":{"rendered":"https:\/\/business.roovi.com\/joc-remi-clasic\/p\/"},"modified":"2022-07-06T12:54:37","modified_gmt":"2022-07-06T12:54:37","slug":"remi-classic-spiel","status":"publish","type":"product","link":"https:\/\/business.roovi.com\/de\/remi-classic-spiel\/p\/","title":{"rendered":"Remi Classic Spiel"},"content":{"rendered":"<p><span style=\"font-weight: 400\">Wusstest du, dass das Spiel Remi von einem in Rum\u00e4nien geborenen Juden erfunden wurde, der sich in Pal\u00e4stina niederlie\u00df, nachdem das kommunistische Regime in den 1940er Jahren Kartenspiele in Rum\u00e4nien verboten hatte? <\/span><\/p>\n<p><span style=\"font-weight: 400\">So fand Epharim Hertzano die L\u00f6sung, ein Kartenspiel (Rummy) in ein Spiel mit Steinen \u00e4hnlich dem asiatischen Spiel Mahjong zu \u00fcbersetzen.<\/span><\/p>\n<p><span style=\"font-weight: 400\">Die ersten Sets wurden in Handarbeit in seinem eigenen Hinterhof hergestellt und dann von Haus zu Haus verkauft. Remi wurde schnell zu einem der am meisten gespielten und gesch\u00e4tzten Spiele weltweit und war das erste Spiel, das aus Israel entwickelt und exportiert wurde <\/span><\/p>\n<p><span style=\"font-weight: 400\">Es ist ein Spiel der Aufmerksamkeit und des logischen Denkens. Das Ziel ist es, die erste Serie und die erste Folge mit allen Figuren auf dem Brett zu schaffen, um zu gewinnen.<\/span><\/p>\n<h2><span style=\"font-weight: 400\">Wusstest du, dass das Remi Classic Spiel..<\/span><\/h2>\n<ul>\n<li><span style=\"font-weight: 400\">Kann in 3 verschiedenen Versionen gespielt werden: Amerikanisch, Sabra und International, aber am h\u00e4ufigsten wird die Sabra-Version gespielt <\/span><\/li>\n<li><span style=\"font-weight: 400\">Es ist ein Spiel der Konzentration und Aufmerksamkeit.<\/span><\/li>\n<li><span style=\"font-weight: 400\">Es stimuliert das Ged\u00e4chtnis und das schnelle Denken.<\/span><\/li>\n<li><span style=\"font-weight: 400\">Es kann auch von Kindern erfolgreich gespielt werden.<\/span><\/li>\n<li><span style=\"font-weight: 400\">Es entwickelt Wettbewerbsgeist und kann in Teams gespielt werden.<\/span><\/li>\n<li><span style=\"font-weight: 400\">S\u00fcchtig machend! <\/span><\/li>\n<\/ul>\n<h2><span style=\"font-weight: 400\">Warum Classic Remi w\u00e4hlen<\/span><\/h2>\n<p><span style=\"font-weight: 400\">Dies ist ein hochwertiges Spiel mit langlebigen Holzbrettern f\u00fcr Spa\u00df und ununterbrochenes Spielen.<\/span><\/p>\n<p><span style=\"font-weight: 400\">Das Spiel enth\u00e4lt drei verschiedene Versionen, sodass der Spa\u00df und die Herausforderungen genau richtig sind <\/span><\/p>\n<p><span style=\"font-weight: 400\">Remi Classic ist das perfekte Spiel, um es mit Freunden oder der Familie zu spielen, jederzeit und \u00fcberall. Du kannst es mit in den Urlaub nehmen, auf ein Picknick oder sogar auf den Gipfel eines Berges, in eine H\u00fctte oder ein Zelt <\/span><\/p>\n<p><span style=\"font-weight: 400\">Es ist eine endlose Quelle der guten Laune, die keine Stromversorgung ben\u00f6tigt und deren Batterien nie leer werden &#8211; die einzigen, die vom Spielen m\u00fcde werden, bist wahrscheinlich du.<\/span><\/p>\n<p><span style=\"font-weight: 400\">Empfohlenes Alter: 8+<\/span><\/p>\n<p><span style=\"font-weight: 400\">Spieler: 2 &#8211; 4 Personen<\/span><\/p>\n<p><span style=\"font-weight: 400\">Schachtel enth\u00e4lt: 4 Holzspielbretter, 106 Plastikspielsteine, 6 Ersatzsteine (wei\u00df), Spielregeln<\/span><\/p>\n<p><span style=\"font-weight: 400\">Das Spiel wird nicht f\u00fcr Kinder unter 3 Jahren empfohlen.<\/span><\/p><\/p>\n","protected":false},"excerpt":{"rendered":"<p>Wusstest du, dass das Spiel Remi von einem in Rum\u00e4nien geborenen Juden erfunden wurde, der sich in Pal\u00e4stina niederlie\u00df, nachdem<\/p>\n","protected":false},"featured_media":70796,"template":"","meta":[],"product_brand":[],"product_cat":[1853,1855],"product_tag":[],"class_list":{"0":"post-39320","1":"product","2":"type-product","3":"status-publish","4":"has-post-thumbnail","6":"product_cat-brettspiele","7":"product_cat-familienspiele","8":"pa_bax-10-de","9":"pa_brand-d_toys-de","10":"pa_country_of_manufacture-ro-de","11":"pa_filter_age-14-de","12":"pa_filter_age-5_7-de","13":"pa_filter_age-7_9-de","14":"pa_filter_age-9_14-de","15":"pa_tip_ambalaj-kasten-a4-de","17":"first","18":"instock","19":"taxable","20":"shipping-taxable","21":"product-type-simple"},"yoast_head":"<!-- This site is optimized with the Yoast SEO plugin v20.1 - https:\/\/yoast.com\/wordpress\/plugins\/seo\/ -->\n<title>Remi Classic Spiel<\/title>\n<meta name=\"description\" content=\"Remi Classic Spiel\" \/>\n<meta name=\"robots\" content=\"index, follow, max-snippet:-1, max-image-preview:large, max-video-preview:-1\" \/>\n<link rel=\"canonical\" href=\"https:\/\/business.roovi.com\/de\/remi-classic-spiel\/p\/\" \/>\n<meta property=\"og:locale\" content=\"de_DE\" \/>\n<meta property=\"og:type\" content=\"article\" \/>\n<meta property=\"og:title\" content=\"Remi Classic Spiel\" \/>\n<meta property=\"og:description\" content=\"Remi Classic Spiel\" \/>\n<meta property=\"og:url\" content=\"https:\/\/business.roovi.com\/de\/remi-classic-spiel\/p\/\" \/>\n<meta property=\"og:site_name\" content=\"Roovi B2B\" \/>\n<meta property=\"article:publisher\" content=\"https:\/\/www.facebook.com\/wwwjucariero\" \/>\n<meta property=\"article:modified_time\" content=\"2022-07-06T12:54:37+00:00\" \/>\n<meta property=\"og:image\" content=\"https:\/\/business.roovi.com\/wp-content\/uploads\/2018\/04\/66473_elo_remi_1.jpg\" \/>\n\t<meta property=\"og:image:width\" content=\"1200\" \/>\n\t<meta property=\"og:image:height\" content=\"1200\" \/>\n\t<meta property=\"og:image:type\" content=\"image\/jpeg\" \/>\n<meta name=\"twitter:label1\" content=\"Gesch\u00e4tzte Lesezeit\" \/>\n\t<meta name=\"twitter:data1\" content=\"2\u00a0Minuten\" \/>\n<script type=\"application\/ld+json\" class=\"yoast-schema-graph\">{\"@context\":\"https:\/\/schema.org\",\"@graph\":[{\"@type\":\"WebPage\",\"@id\":\"https:\/\/business.roovi.com\/de\/remi-classic-spiel\/p\/\",\"url\":\"https:\/\/business.roovi.com\/de\/remi-classic-spiel\/p\/\",\"name\":\"Remi Classic Spiel\",\"isPartOf\":{\"@id\":\"https:\/\/business.roovi.com\/de\/#website\"},\"datePublished\":\"2018-04-16T10:56:06+00:00\",\"dateModified\":\"2022-07-06T12:54:37+00:00\",\"description\":\"Remi Classic Spiel\",\"breadcrumb\":{\"@id\":\"https:\/\/business.roovi.com\/de\/remi-classic-spiel\/p\/#breadcrumb\"},\"inLanguage\":\"de\",\"potentialAction\":[{\"@type\":\"ReadAction\",\"target\":[\"https:\/\/business.roovi.com\/de\/remi-classic-spiel\/p\/\"]}]},{\"@type\":\"BreadcrumbList\",\"@id\":\"https:\/\/business.roovi.com\/de\/remi-classic-spiel\/p\/#breadcrumb\",\"itemListElement\":[{\"@type\":\"ListItem\",\"position\":1,\"name\":\"Home\",\"item\":\"https:\/\/business.roovi.com\/de\/\"},{\"@type\":\"ListItem\",\"position\":2,\"name\":\"Shop\",\"item\":\"https:\/\/business.roovi.com\/de\/shop\/\"},{\"@type\":\"ListItem\",\"position\":3,\"name\":\"Remi Classic Spiel\"}]},{\"@type\":\"WebSite\",\"@id\":\"https:\/\/business.roovi.com\/de\/#website\",\"url\":\"https:\/\/business.roovi.com\/de\/\",\"name\":\"Roovi B2B\",\"description\":\"Roovi Business Website\",\"potentialAction\":[{\"@type\":\"SearchAction\",\"target\":{\"@type\":\"EntryPoint\",\"urlTemplate\":\"https:\/\/business.roovi.com\/de\/?s={search_term_string}\"},\"query-input\":\"required name=search_term_string\"}],\"inLanguage\":\"de\"}]}<\/script>\n<!-- \/ Yoast SEO plugin. -->","yoast_head_json":{"title":"Remi Classic Spiel","description":"Remi Classic Spiel","robots":{"index":"index","follow":"follow","max-snippet":"max-snippet:-1","max-image-preview":"max-image-preview:large","max-video-preview":"max-video-preview:-1"},"canonical":"https:\/\/business.roovi.com\/de\/remi-classic-spiel\/p\/","og_locale":"de_DE","og_type":"article","og_title":"Remi Classic Spiel","og_description":"Remi Classic Spiel","og_url":"https:\/\/business.roovi.com\/de\/remi-classic-spiel\/p\/","og_site_name":"Roovi B2B","article_publisher":"https:\/\/www.facebook.com\/wwwjucariero","article_modified_time":"2022-07-06T12:54:37+00:00","og_image":[{"width":1200,"height":1200,"url":"https:\/\/business.roovi.com\/wp-content\/uploads\/2018\/04\/66473_elo_remi_1.jpg","type":"image\/jpeg"}],"twitter_misc":{"Gesch\u00e4tzte Lesezeit":"2\u00a0Minuten"},"schema":{"@context":"https:\/\/schema.org","@graph":[{"@type":"WebPage","@id":"https:\/\/business.roovi.com\/de\/remi-classic-spiel\/p\/","url":"https:\/\/business.roovi.com\/de\/remi-classic-spiel\/p\/","name":"Remi Classic Spiel","isPartOf":{"@id":"https:\/\/business.roovi.com\/de\/#website"},"datePublished":"2018-04-16T10:56:06+00:00","dateModified":"2022-07-06T12:54:37+00:00","description":"Remi Classic Spiel","breadcrumb":{"@id":"https:\/\/business.roovi.com\/de\/remi-classic-spiel\/p\/#breadcrumb"},"inLanguage":"de","potentialAction":[{"@type":"ReadAction","target":["https:\/\/business.roovi.com\/de\/remi-classic-spiel\/p\/"]}]},{"@type":"BreadcrumbList","@id":"https:\/\/business.roovi.com\/de\/remi-classic-spiel\/p\/#breadcrumb","itemListElement":[{"@type":"ListItem","position":1,"name":"Home","item":"https:\/\/business.roovi.com\/de\/"},{"@type":"ListItem","position":2,"name":"Shop","item":"https:\/\/business.roovi.com\/de\/shop\/"},{"@type":"ListItem","position":3,"name":"Remi Classic Spiel"}]},{"@type":"WebSite","@id":"https:\/\/business.roovi.com\/de\/#website","url":"https:\/\/business.roovi.com\/de\/","name":"Roovi B2B","description":"Roovi Business Website","potentialAction":[{"@type":"SearchAction","target":{"@type":"EntryPoint","urlTemplate":"https:\/\/business.roovi.com\/de\/?s={search_term_string}"},"query-input":"required name=search_term_string"}],"inLanguage":"de"}]}},"_links":{"self":[{"href":"https:\/\/business.roovi.com\/de\/wp-json\/wp\/v2\/product\/39320","targetHints":{"allow":["GET"]}}],"collection":[{"href":"https:\/\/business.roovi.com\/de\/wp-json\/wp\/v2\/product"}],"about":[{"href":"https:\/\/business.roovi.com\/de\/wp-json\/wp\/v2\/types\/product"}],"version-history":[{"count":0,"href":"https:\/\/business.roovi.com\/de\/wp-json\/wp\/v2\/product\/39320\/revisions"}],"wp:featuredmedia":[{"embeddable":true,"href":"https:\/\/business.roovi.com\/de\/wp-json\/wp\/v2\/media\/70796"}],"wp:attachment":[{"href":"https:\/\/business.roovi.com\/de\/wp-json\/wp\/v2\/media?parent=39320"}],"wp:term":[{"taxonomy":"product_brand","embeddable":true,"href":"https:\/\/business.roovi.com\/de\/wp-json\/wp\/v2\/product_brand?post=39320"},{"taxonomy":"product_cat","embeddable":true,"href":"https:\/\/business.roovi.com\/de\/wp-json\/wp\/v2\/product_cat?post=39320"},{"taxonomy":"product_tag","embeddable":true,"href":"https:\/\/business.roovi.com\/de\/wp-json\/wp\/v2\/product_tag?post=39320"}],"curies":[{"name":"wp","href":"https:\/\/api.w.org\/{rel}","templated":true}]}}